{"id":20525,"date":"2024-05-23T06:14:19","date_gmt":"2024-05-23T06:14:19","guid":{"rendered":"https:\/\/narcopowders.com\/?post_type=product&#038;p=20525"},"modified":"2025-03-26T12:53:04","modified_gmt":"2025-03-26T12:53:04","slug":"buy-sgt-151-online","status":"publish","type":"product","link":"https:\/\/narcopowders.com\/es\/producto\/comprar-sgt-151-online\/","title":{"rendered":"Comprar Sgt-151 Online"},"content":{"rendered":"<h2>Comprar Sgt-151 Online<\/h2>\n<p><a href=\"https:\/\/narcopowders.com\/es\/producto\/comprar-sgt-151-online\/\">SGT-151<\/a> Compre nuevos compuestos psicoactivos llamados cannabinoides sint\u00e9ticos (CS) que imitan los efectos del cannabis. Estos productos, que inclu\u00edan mezclas de hierbas rociadas con CS, estaban disponibles para la venta a trav\u00e9s de minoristas en l\u00ednea. Debido a su s\u00edntesis en laboratorios clandestinos, a menudo basados en investigaci\u00f3n farmac\u00e9utica y patentes, ha surgido una avalancha de variaciones qu\u00edmicas de los CS en todo el mundo, lo que dificulta cada vez m\u00e1s la regulaci\u00f3n de estos compuestos por parte de las autoridades. En los \u00faltimos a\u00f1os, se han sintetizado varios compuestos altamente potentes de acuerdo con la solicitud de patente de Bowden y Williamson (\u201c<a href=\"https:\/\/www.bing.com\/search?q=Buy%20Sgt-151%20Online&amp;qs=n&amp;form=QBRE&amp;sp=-1&amp;lq=0&amp;pq=buy%20sgt-151%20online&amp;sc=9-18&amp;sk=&amp;cvid=83347B03C78740C6B9C2D92CDCFAEF51&amp;ghsh=0&amp;ghacc=0&amp;ghpl=\">Compuestos SGT<\/a>\") se han comercializado. Un sustituyente cumilo unido a una estructura de indol, indazol o azaindol caracteriza a estos f\u00e1rmacos. En 2016, se descubri\u00f3 que CUMYL-PEGACLONE, uno de los primeros compuestos cum\u00edlicos, se comercializaba bajo la marca. ]. El presente estudio busca comprender el contenido de un envase de <a href=\"https:\/\/narcopowders.com\/es\/\">SGT-151 vendido<\/a> en Internet como \u201cproducto qu\u00edmico de investigaci\u00f3n\u201d.<\/p>\n<p>Utilizando la base de datos Cayman, se identific\u00f3 el cannabinoide a partir de sus espectros de masas (Chemical C. Cayman Spectral Library, Vol . v08302018). La sustancia se analiz\u00f3 por GC\/MS con una columna capilar MEGA-5 MS (0,25 \u00b5m, 0,32 mm, 30 m). Para el an\u00e1lisis cromatogr\u00e1fico se utilizaron los siguientes par\u00e1metros: inyecci\u00f3n sin divisi\u00f3n a 280 \u00b0C y un volumen de inyecci\u00f3n de 1 \u00b5l. Despu\u00e9s de mantener la temperatura a 100 \u00b0C durante tres minutos, el horno se aceler\u00f3 hasta 310 \u00b0C a una velocidad de 30 \u00b0C por minuto y se mantuvo a esta temperatura durante diez minutos. Las condiciones de MS fueron las siguientes: La energ\u00eda de ionizaci\u00f3n se fij\u00f3 en 70 eV y el rango del modo de barrido utilizado para la adquisici\u00f3n fue de 30 a 450. El gas portador en este caso fue helio. Clarity utiliz\u00f3 un HPLC\/DAD para la purificaci\u00f3n. Programa junto con una columna de inversi\u00f3n de fase. Un sistema de gradiente de disolvente que conten\u00eda (A) 5% formiato de amonio 10 mM y (B) 95% acetonitrilo, optimizado para una resoluci\u00f3n \u00f3ptima, form\u00f3 la fase m\u00f3vil.<\/p>\n<h3>\u00bfQu\u00e9 es el SGT-151?<\/h3>\n<p><a href=\"https:\/\/www.google.com\/search?q=Buy+Sgt-151+Online&amp;num=10&amp;sca_esv=1a2a07081c7891bb&amp;rlz=1C1RXQR_enIN1098IN1098&amp;sxsrf=AHTn8zrgQHto-gSTqmRR2eUHZDnduxPV6g%3A1741762457061&amp;ei=mS_RZ--9A4LN1e8P99LpiQc&amp;ved=0ahUKEwiv7qTk-oOMAxWCZvUHHXdpOnEQ4dUDCBA&amp;uact=5&amp;oq=Buy+Sgt-151+Online&amp;gs_lp=Egxnd3Mtd2l6LXNlcnAiEkJ1eSBTZ3QtMTUxIE9ubGluZTIFECEYoAEyBRAhGKABMgUQIRigAUj9FFDSBVjlEHADeACQAQCYAb8CoAHuBqoBBzAuMi4xLjG4AQPIAQD4AQL4AQGYAgGgAuQBmAMAiAYBkgcDMi0xoAeCCw&amp;sclient=gws-wiz-serp\">SGT-151<\/a> es un nuevo producto qu\u00edmico de investigaci\u00f3n que se est\u00e1 dando a conocer r\u00e1pidamente en el mundo de la investigaci\u00f3n. El nombre qu\u00edmico del SGT-151 es 5-pentil-2-(1-metil-1-fenil-etil)-2,5-dihidro-pirido[4,3-b]indol-1-ona. El SGT-151 pertenece a la clase de los cannabinoides sint\u00e9ticos . El SGT-151 es un agonista de los receptores CND.<\/p>\n<p>Produce resultados experimentales similares a muchos otros cannabinoides sint\u00e9ticos, como relajaci\u00f3n, coloc\u00f3n corporal completo, euforia y realce del color. Los investigadores qu\u00edmicos han informado de que tiene una gran similitud con el SGT-135. El SGT-151 es un buen complemento para cualquier laboratorio de investigaci\u00f3n.<\/p>\n<h3>\u00bfD\u00f3nde comprar SGT-151?<\/h3>\n<p>We at Buy Nembutal sell high quality <a href=\"https:\/\/duckduckgo.com\/?q=Buy+Sgt-151+Online&amp;t=h_&amp;ia=web\">SGT-151<\/a>de alta calidad. Nuestro SGT-151 se suministra normalmente en forma de polvo. Sin embargo, puede ponerse en contacto con nosotros si desea un formato diferente. A menudo tenemos diferentes tipos de SGT-151 a la venta.<\/p>\n<p>Debe tener al menos 18 a\u00f1os para comprarnos SGT-151. Adem\u00e1s, debe realizar sus investigaciones qu\u00edmicas totalmente de acuerdo con las leyes de su pa\u00eds. Nuestro SGT-151 no est\u00e1 destinado al uso en seres humanos ni en animales. Est\u00e1 dise\u00f1ado estrictamente para fines de investigaci\u00f3n.<\/p>\n<h3>SGT-151 Legalidad<\/h3>\n<p><a href=\"https:\/\/en.wikipedia.org\/wiki\/CUMYL-PEGACLONE\">SGT-151<\/a> no est\u00e1 previsto en la mayor\u00eda de los pa\u00edses, principalmente por su novedad. Sin embargo, podr\u00eda considerarse ilegal en pa\u00edses con leyes anal\u00f3gicas estrictas, como Estados Unidos.<\/p>","protected":false},"excerpt":{"rendered":"<p>Buy Sgt-151 Online SGT-151 Buy Novel psychoactive compounds called synthetic cannabinoids (SCs) mimic the effects of cannabis. These goods, which included herbal mixtures sprayed with SCs, were available for sale through online retailers. Due to their synthesis in covert laboratories, often based on pharmaceutical research and patents, a spate of chemical variations of SCs has [&hellip;]<\/p>","protected":false},"featured_media":21251,"comment_status":"open","ping_status":"closed","template":"","meta":{"_joinchat":[]},"product_brand":[],"product_cat":[1724,1538],"product_tag":[],"class_list":{"0":"post-20525","1":"product","2":"type-product","3":"status-publish","4":"has-post-thumbnail","6":"product_cat-research-chemicals","7":"product_cat-cannabinoids","9":"first","10":"instock","11":"shipping-taxable","12":"purchasable","13":"product-type-variable","14":"add-to-wishlist-after_add_to_cart"},"yoast_head":"<!-- This site is optimized with the Yoast SEO plugin v25.9 - https:\/\/yoast.com\/wordpress\/plugins\/seo\/ -->\n<title>Buy Sgt-151 Online - Sgt-151 Powder for Sale | NarcoPowders<\/title>\n<meta name=\"description\" content=\"NarcoPowders is the best trusted chemical powder store which provides high-quality Sgt-151 powder for sale at best price. Order Sgt-151, Buy Sgt-151 Online!\" \/>\n<meta name=\"robots\" content=\"index, follow, max-snippet:-1, max-image-preview:large, max-video-preview:-1\" \/>\n<link rel=\"canonical\" href=\"https:\/\/narcopowders.com\/es\/producto\/comprar-sgt-151-online\/\" \/>\n<meta property=\"og:locale\" content=\"es_ES\" \/>\n<meta property=\"og:type\" content=\"article\" \/>\n<meta property=\"og:title\" content=\"Buy Sgt-151 Online - Sgt-151 Powder for Sale | NarcoPowders\" \/>\n<meta property=\"og:description\" content=\"NarcoPowders is the best trusted chemical powder store which provides high-quality Sgt-151 powder for sale at best price. Order Sgt-151, Buy Sgt-151 Online!\" \/>\n<meta property=\"og:url\" content=\"https:\/\/narcopowders.com\/es\/producto\/comprar-sgt-151-online\/\" \/>\n<meta property=\"og:site_name\" content=\"Narco Powders\" \/>\n<meta property=\"article:modified_time\" content=\"2025-03-26T12:53:04+00:00\" \/>\n<meta property=\"og:image\" content=\"https:\/\/narcopowders.com\/wp-content\/uploads\/2024\/05\/Sgt-151.gif\" \/>\n\t<meta property=\"og:image:width\" content=\"600\" \/>\n\t<meta property=\"og:image:height\" content=\"600\" \/>\n\t<meta property=\"og:image:type\" content=\"image\/gif\" \/>\n<meta name=\"twitter:card\" content=\"summary_large_image\" \/>\n<meta name=\"twitter:label1\" content=\"Tiempo de lectura\" \/>\n\t<meta name=\"twitter:data1\" content=\"3 minutos\" \/>\n<!-- \/ Yoast SEO plugin. -->","yoast_head_json":{"title":"Comprar Sgt-151 Online - Sgt-151 Polvo en Venta | NarcoPowders","description":"NarcoPowders es el mejor almac\u00e9n de polvo qu\u00edmico de confianza que proporciona polvo Sgt-151 de alta calidad a la venta al mejor precio. \u00a1Orden Sgt-151, Comprar Sgt-151 en l\u00ednea!","robots":{"index":"index","follow":"follow","max-snippet":"max-snippet:-1","max-image-preview":"max-image-preview:large","max-video-preview":"max-video-preview:-1"},"canonical":"https:\/\/narcopowders.com\/es\/producto\/comprar-sgt-151-online\/","og_locale":"es_ES","og_type":"article","og_title":"Buy Sgt-151 Online - Sgt-151 Powder for Sale | NarcoPowders","og_description":"NarcoPowders is the best trusted chemical powder store which provides high-quality Sgt-151 powder for sale at best price. Order Sgt-151, Buy Sgt-151 Online!","og_url":"https:\/\/narcopowders.com\/es\/producto\/comprar-sgt-151-online\/","og_site_name":"Narco Powders","article_modified_time":"2025-03-26T12:53:04+00:00","og_image":[{"width":600,"height":600,"url":"https:\/\/narcopowders.com\/wp-content\/uploads\/2024\/05\/Sgt-151.gif","type":"image\/gif"}],"twitter_card":"summary_large_image","twitter_misc":{"Tiempo de lectura":"3 minutos"},"schema":{"@context":"https:\/\/schema.org","@graph":[{"@type":"WebPage","@id":"https:\/\/narcopowders.com\/product\/buy-sgt-151-online\/","url":"https:\/\/narcopowders.com\/product\/buy-sgt-151-online\/","name":"Comprar Sgt-151 Online - Sgt-151 Polvo en Venta | NarcoPowders","isPartOf":{"@id":"https:\/\/narcopowders.com\/#website"},"primaryImageOfPage":{"@id":"https:\/\/narcopowders.com\/product\/buy-sgt-151-online\/#primaryimage"},"image":{"@id":"https:\/\/narcopowders.com\/product\/buy-sgt-151-online\/#primaryimage"},"thumbnailUrl":"https:\/\/narcopowders.com\/wp-content\/uploads\/2024\/05\/Sgt-151.gif","datePublished":"2024-05-23T06:14:19+00:00","dateModified":"2025-03-26T12:53:04+00:00","description":"NarcoPowders es el mejor almac\u00e9n de polvo qu\u00edmico de confianza que proporciona polvo Sgt-151 de alta calidad a la venta al mejor precio. \u00a1Orden Sgt-151, Comprar Sgt-151 en l\u00ednea!","breadcrumb":{"@id":"https:\/\/narcopowders.com\/product\/buy-sgt-151-online\/#breadcrumb"},"inLanguage":"es","potentialAction":[{"@type":"ReadAction","target":["https:\/\/narcopowders.com\/product\/buy-sgt-151-online\/"]}]},{"@type":"ImageObject","inLanguage":"es","@id":"https:\/\/narcopowders.com\/product\/buy-sgt-151-online\/#primaryimage","url":"https:\/\/narcopowders.com\/wp-content\/uploads\/2024\/05\/Sgt-151.gif","contentUrl":"https:\/\/narcopowders.com\/wp-content\/uploads\/2024\/05\/Sgt-151.gif","width":600,"height":600,"caption":"Buy Sgt-151 Online"},{"@type":"BreadcrumbList","@id":"https:\/\/narcopowders.com\/product\/buy-sgt-151-online\/#breadcrumb","itemListElement":[{"@type":"ListItem","position":1,"name":"Home","item":"https:\/\/narcopowders.com\/"},{"@type":"ListItem","position":2,"name":"Shop Page","item":"https:\/\/narcopowders.com\/shop\/"},{"@type":"ListItem","position":3,"name":"Buy Sgt-151 Online"}]},{"@type":"WebSite","@id":"https:\/\/narcopowders.com\/#website","url":"https:\/\/narcopowders.com\/","name":"Narc\u00f3ticos en polv","description":"Mi blog de WordPress","potentialAction":[{"@type":"SearchAction","target":{"@type":"EntryPoint","urlTemplate":"https:\/\/narcopowders.com\/?s={search_term_string}"},"query-input":{"@type":"PropertyValueSpecification","valueRequired":true,"valueName":"search_term_string"}}],"inLanguage":"es"}]}},"_links":{"self":[{"href":"https:\/\/narcopowders.com\/es\/wp-json\/wp\/v2\/product\/20525","targetHints":{"allow":["GET"]}}],"collection":[{"href":"https:\/\/narcopowders.com\/es\/wp-json\/wp\/v2\/product"}],"about":[{"href":"https:\/\/narcopowders.com\/es\/wp-json\/wp\/v2\/types\/product"}],"replies":[{"embeddable":true,"href":"https:\/\/narcopowders.com\/es\/wp-json\/wp\/v2\/comments?post=20525"}],"wp:featuredmedia":[{"embeddable":true,"href":"https:\/\/narcopowders.com\/es\/wp-json\/wp\/v2\/media\/21251"}],"wp:attachment":[{"href":"https:\/\/narcopowders.com\/es\/wp-json\/wp\/v2\/media?parent=20525"}],"wp:term":[{"taxonomy":"product_brand","embeddable":true,"href":"https:\/\/narcopowders.com\/es\/wp-json\/wp\/v2\/product_brand?post=20525"},{"taxonomy":"product_cat","embeddable":true,"href":"https:\/\/narcopowders.com\/es\/wp-json\/wp\/v2\/product_cat?post=20525"},{"taxonomy":"product_tag","embeddable":true,"href":"https:\/\/narcopowders.com\/es\/wp-json\/wp\/v2\/product_tag?post=20525"}],"curies":[{"name":"wp","href":"https:\/\/api.w.org\/{rel}","templated":true}]}}