{"id":20526,"date":"2024-05-23T06:14:19","date_gmt":"2024-05-23T06:14:19","guid":{"rendered":"https:\/\/narcopowders.com\/?post_type=product&#038;p=20526"},"modified":"2025-03-26T12:51:13","modified_gmt":"2025-03-26T12:51:13","slug":"buy-sgt-263-online","status":"publish","type":"product","link":"https:\/\/narcopowders.com\/es\/producto\/comprar-sgt-263-online\/","title":{"rendered":"Comprar Sgt -263 en l\u00ednea"},"content":{"rendered":"<h2>Comprar SGT-263 en l\u00ednea<\/h2>\n<p><a href=\"https:\/\/narcopowders.com\/es\/\">Comprar SGT-263<\/a>, The use of the cannabinoid <a href=\"https:\/\/en.wikipedia.org\/wiki\/Sgt._Frog\">SGT-263<\/a> es legal en nuestro pa\u00eds de origen. Es su responsabilidad conocer y cumplir las leyes locales, estatales, federales, provinciales y locales. Si decide realizar un pedido, no seremos responsables de ninguna acci\u00f3n o resultado .<\/p>\n<h3>\u00bfPor qu\u00e9 comprarnos el cannabinoide SGT-263?<\/h3>\n<p>Nosotras hemos estado suministrando <a href=\"https:\/\/narcopowders.com\/es\/producto\/comprar-sgt-263-online\/\">productos qu\u00edmicos de investigaci\u00f3n<\/a> desde hace mucho tiempo y son una fuente confiable.<\/p>\n<p>El chat en directo est\u00e1 disponible 24 horas al d\u00eda, 7 d\u00edas a la semana. Si tienes alguna pregunta, no dudes en preguntar.<\/p>\n<p>Varias formas de pago que se adaptan a sus necesidades<\/p>\n<p>Enviamos el mismo d\u00eda siempre que su pedido se reciba antes de las 16:00 CET .<\/p>\n<p>Los honestos testimonios de nuestros clientes le dan la oportunidad de comprar con confianza.<\/p>\n<p><a href=\"https:\/\/duckduckgo.com\/?q=Buy+Sgt+-263+Online&amp;t=h_&amp;ia=web\">NarcoPowders.com<\/a> es un l\u00edder mundial en la distribuci\u00f3n de productos qu\u00edmicos de investigaci\u00f3n y fabricante mundial de productos qu\u00edmicos de investigaci\u00f3n, fundada en 2008. Trabajamos. Todos los productos se env\u00edan desde nuestros almacenes en Hong Kong, China, UE y Ucrania. Somos r\u00e1pidos y fiables y nuestra amplia red de distribuci\u00f3n garantiza que cada producto que pida llegue a tiempo, se entregue en los lugares de recogida que elija y llegue a su destino a tiempo.<\/p>\n<p>Nuestro principal objetivo es la satisfacci\u00f3n del cliente, por lo que nos esforzamos en ofrecer un excelente servicio de atenci\u00f3n al cliente. Cuando realiza un pedido en Top Cannabinoids Shop, puede estar seguro de que se le entregar\u00e1 r\u00e1pidamente en la direcci\u00f3n que nos indique. Adem\u00e1s, ofrecemos una serie de opciones de env\u00edo que nos permiten entregar la mercanc\u00eda a nuestros clientes en numerosos mercados y lugares de todo el mundo. Todos los art\u00edculos de este sitio web<\/p>\n<p>se ofrece a la venta \u00fanicamente para apoyar la investigaci\u00f3n y la educaci\u00f3n. No vendemos ninguno de nuestros art\u00edculos para uso o consumo ilegal por parte de personas o animales.<\/p>\n<p>La 1-(5-fluoropentil) o SGT-263(2-fenilpropan-2-il)-N-similar a la MMB-CHMINACA, -7-azaindole-3-carboxamida es un compuesto muy potente. Vendido como droga de dise\u00f1o, el SGT-263 es un cannabinoide sint\u00e9tico basado en la pirrolopiridina-3-carboxamida.<\/p>\n<h3>SGT-263 est\u00e1 patentado por una empresa l\u00edder mundial.<\/h3>\n<p>El SGT-263, un cannabinoide \u00fanico reci\u00e9n llegado al mercado, est\u00e1 aprobado en pr\u00e1cticamente todos los pa\u00edses, incluida Alemania.<\/p>\n<p>Adem\u00e1s, SGT-263 est\u00e1 disponible con el nombre ipac 1-(5-fluoropentil).(2-fenilpropan-2-il)-N-3-carboxamida de -1H-pirrolo[2,3-b]piridina <a href=\"https:\/\/www.bing.com\/search?q=Buy%20Sgt%20-263%20Online&amp;qs=n&amp;form=QBRE&amp;sp=-1&amp;lq=0&amp;pq=buy%20sgt%20-263%20online&amp;sc=12-19&amp;sk=&amp;cvid=F24FE2F21C0348B9B9F359F348D4BA91&amp;ghsh=0&amp;ghacc=0&amp;ghpl=\">SGT- 263<\/a> .<\/p>\n<p>El SGT-25 est\u00e1 estrechamente relacionado con la 1-(5-fluoropentil)-N-(2-fenilpropan-2-il)-7-azaindole-3-carboxamida, un cannabinoide. Adem\u00e1s, el polvo RC ya es legal en todos los pa\u00edses europeos. SGT-263 es la abreviatura de Street Names: SGT-25 es una sustancia utilizada ocasionalmente con fines recreativos y est\u00e1 contenida en \"C-Liquid\", un aditivo para el l\u00edquido de los cigarrillos electr\u00f3nicos.<\/p>\n<p>Farmacolog\u00eda: 1. (Fluoropentil-5-)(2-fenilpropan-2-il)-N-A pesar de una acci\u00f3n farmacol\u00f3gica complicada, la -7-azaindole-3-carboxamida es un cannabinoide sint\u00e9tico perteneciente a la familia de los indazoles-3-carboxamidas . Se espera que la selectividad para el receptor CB1 sea aproximadamente cuatro veces superior a la de la 5F-CUMIL-PINACA.<\/p>\n<p>Art\u00edculos comparables: MMB-CHMINACA; CUMYL PICA; 5F-SDB-006<\/p>\n<ul>\n<li>SDB-006; CUMYL PINACA; CUMYL-THPINACA<\/li>\n<\/ul>\n<p>Antes de hacer un pedido, aseg\u00farese de que su espacio de trabajo est\u00e1 bien ventilado y de que est\u00e1 adecuadamente preparado para manipular productos qu\u00edmicos de investigaci\u00f3n.<\/p>\n<h3>\u00bfQu\u00e9 es el SGT-263?<\/h3>\n<p>El SGT-263 es un nuevo cannabinoide sint\u00e9tico que solo existe desde 2016. Este producto qu\u00edmico de investigaci\u00f3n es un potente agonista de los receptores CB1 y CB2. Los investigadores qu\u00edmicos han descrito el SGT-263 como una sustancia que produce resultados similares al ADB-FUBINACA, otro cannabinoide sint\u00e9tico muy popular. Los resultados experimentales con el SGT-263 generalmente muestran resultados similares a muchos otros cannabinoides sint\u00e9ticos. As\u00ed que si disfrutas experimentando con otros cannabinoides sint\u00e9ticos, entonces probablemente disfrutar\u00e1s teniendo el SGT-263 en tu laboratorio.<\/p>\n<h3>\u00bfD\u00f3nde puedo comprar SGT-263?<\/h3>\n<p>El SGT-263 se puede comprar en el sitio web Buy NarcoPowders. Nuestro SGT-263 normalmente viene en forma de polvo. Sin embargo, si prefieres otras formas de este producto qu\u00edmico, no dudes en ponerte en contacto con nosotros para ver si tenemos otra forma disponible. A menudo tenemos m\u00faltiples formas disponibles. Debe tener al menos 18 a\u00f1os para comprarnos <a href=\"https:\/\/www.google.com\/search?q=Buy+Sgt+-263+Online&amp;sca_esv=16def464f60f9903&amp;sxsrf=AHTn8zoPPZu82pwiT2LkmFR2ChE5PQ1veQ%3A1742993009664&amp;ei=cfbjZ_OhKNmS0PEP6OHzoQk&amp;ved=0ahUKEwiznr_54qeMAxVZCTQIHejwPJQQ4dUDCBA&amp;uact=5&amp;oq=Buy+Sgt+-263+Online&amp;gs_lp=Egxnd3Mtd2l6LXNlcnAiE0J1eSBTZ3QgLTI2MyBPbmxpbmVIjghQoARYoARwAXgAkAEAmAHNAqABzQKqAQMzLTG4AQPIAQD4AQL4AQGYAgCgAgCYAwCIBgGSBwCgB0SyBwC4BwA&amp;sclient=gws-wiz-serp\">purchase SGT-263<\/a> De nosotros y cumpla con las leyes de productos qu\u00edmicos de investigaci\u00f3n de su pa\u00eds. Nuestro SGT-263 no est\u00e1 dise\u00f1ado para usarse en humanos ni animales, sino \u00fanicamente con fines de investigaci\u00f3n.<\/p>\n<h3>SGT-263 Legalidad<\/h3>\n<p>Dado que el SGT-263 es tan nuevo, actualmente no est\u00e1 aprobado en la mayor\u00eda de los pa\u00edses, por lo que es legal. Sin embargo, algunos pa\u00edses como Estados Unidos tienen leyes estrictas sobre analog\u00eda que podr\u00edan hacer que este producto qu\u00edmico fuera ilegal.<\/p>","protected":false},"excerpt":{"rendered":"<p>Buy SGT-263 online Buy SGT-263, The use of the cannabinoid SGT-263 is legal in our country of origin. It is your responsibility to know and comply with local, state, federal, provincial and local laws. Should you decide to place an order, we will not be liable for any actions or results . Why should you [&hellip;]<\/p>","protected":false},"featured_media":21249,"comment_status":"open","ping_status":"closed","template":"","meta":{"_joinchat":[]},"product_brand":[],"product_cat":[1724,1538],"product_tag":[],"class_list":{"0":"post-20526","1":"product","2":"type-product","3":"status-publish","4":"has-post-thumbnail","6":"product_cat-research-chemicals","7":"product_cat-cannabinoids","9":"first","10":"instock","11":"shipping-taxable","12":"purchasable","13":"product-type-variable","14":"add-to-wishlist-after_add_to_cart"},"yoast_head":"<!-- This site is optimized with the Yoast SEO plugin v27.5 - https:\/\/yoast.com\/product\/yoast-seo-wordpress\/ -->\n<title>Buy SGT-263 Online - SGT-263 for sale | NarcoPowders<\/title>\n<meta name=\"description\" content=\"NarcoPowders is one of the leading chemical stores where you can get high-quality Sgt-263 powder for sale. Order Sgt-263, buy Sgt-263 online!\" \/>\n<meta name=\"robots\" content=\"index, follow, max-snippet:-1, max-image-preview:large, max-video-preview:-1\" \/>\n<link rel=\"canonical\" href=\"https:\/\/narcopowders.com\/es\/producto\/comprar-sgt-263-online\/\" \/>\n<meta property=\"og:locale\" content=\"es_ES\" \/>\n<meta property=\"og:type\" content=\"article\" \/>\n<meta property=\"og:title\" content=\"Buy SGT-263 Online - SGT-263 for sale | NarcoPowders\" \/>\n<meta property=\"og:description\" content=\"NarcoPowders is one of the leading chemical stores where you can get high-quality Sgt-263 powder for sale. Order Sgt-263, buy Sgt-263 online!\" \/>\n<meta property=\"og:url\" content=\"https:\/\/narcopowders.com\/es\/producto\/comprar-sgt-263-online\/\" \/>\n<meta property=\"og:site_name\" content=\"Narco Powders\" \/>\n<meta property=\"article:modified_time\" content=\"2025-03-26T12:51:13+00:00\" \/>\n<meta property=\"og:image\" content=\"https:\/\/narcopowders.com\/wp-content\/uploads\/2024\/05\/Sgt-263.gif\" \/>\n\t<meta property=\"og:image:width\" content=\"600\" \/>\n\t<meta property=\"og:image:height\" content=\"600\" \/>\n\t<meta property=\"og:image:type\" content=\"image\/gif\" \/>\n<meta name=\"twitter:card\" content=\"summary_large_image\" \/>\n<meta name=\"twitter:label1\" content=\"Tiempo de lectura\" \/>\n\t<meta name=\"twitter:data1\" content=\"4 minutos\" \/>\n<!-- \/ Yoast SEO plugin. -->","yoast_head_json":{"title":"Comprar SGT-263 Online - SGT-263 en oferta | NarcoPowders","description":"NarcoPowders es una de las principales tiendas de productos qu\u00edmicos donde puedes conseguir polvo Sgt-263 de alta calidad a la venta. \u00a1Pedir Sgt-263, comprar Sgt-263 en l\u00ednea!","robots":{"index":"index","follow":"follow","max-snippet":"max-snippet:-1","max-image-preview":"max-image-preview:large","max-video-preview":"max-video-preview:-1"},"canonical":"https:\/\/narcopowders.com\/es\/producto\/comprar-sgt-263-online\/","og_locale":"es_ES","og_type":"article","og_title":"Buy SGT-263 Online - SGT-263 for sale | NarcoPowders","og_description":"NarcoPowders is one of the leading chemical stores where you can get high-quality Sgt-263 powder for sale. Order Sgt-263, buy Sgt-263 online!","og_url":"https:\/\/narcopowders.com\/es\/producto\/comprar-sgt-263-online\/","og_site_name":"Narco Powders","article_modified_time":"2025-03-26T12:51:13+00:00","og_image":[{"width":600,"height":600,"url":"https:\/\/narcopowders.com\/wp-content\/uploads\/2024\/05\/Sgt-263.gif","type":"image\/gif"}],"twitter_card":"summary_large_image","twitter_misc":{"Tiempo de lectura":"4 minutos"},"schema":{"@context":"https:\/\/schema.org","@graph":[{"@type":"WebPage","@id":"https:\/\/narcopowders.com\/product\/buy-sgt-263-online\/","url":"https:\/\/narcopowders.com\/product\/buy-sgt-263-online\/","name":"Comprar SGT-263 Online - SGT-263 en oferta | NarcoPowders","isPartOf":{"@id":"https:\/\/narcopowders.com\/#website"},"primaryImageOfPage":{"@id":"https:\/\/narcopowders.com\/product\/buy-sgt-263-online\/#primaryimage"},"image":{"@id":"https:\/\/narcopowders.com\/product\/buy-sgt-263-online\/#primaryimage"},"thumbnailUrl":"https:\/\/narcopowders.com\/wp-content\/uploads\/2024\/05\/Sgt-263.gif","datePublished":"2024-05-23T06:14:19+00:00","dateModified":"2025-03-26T12:51:13+00:00","description":"NarcoPowders es una de las principales tiendas de productos qu\u00edmicos donde puedes conseguir polvo Sgt-263 de alta calidad a la venta. \u00a1Pedir Sgt-263, comprar Sgt-263 en l\u00ednea!","breadcrumb":{"@id":"https:\/\/narcopowders.com\/product\/buy-sgt-263-online\/#breadcrumb"},"inLanguage":"es","potentialAction":[{"@type":"ReadAction","target":["https:\/\/narcopowders.com\/product\/buy-sgt-263-online\/"]}]},{"@type":"ImageObject","inLanguage":"es","@id":"https:\/\/narcopowders.com\/product\/buy-sgt-263-online\/#primaryimage","url":"https:\/\/narcopowders.com\/wp-content\/uploads\/2024\/05\/Sgt-263.gif","contentUrl":"https:\/\/narcopowders.com\/wp-content\/uploads\/2024\/05\/Sgt-263.gif","width":600,"height":600,"caption":"Buy Sgt -263 Online"},{"@type":"BreadcrumbList","@id":"https:\/\/narcopowders.com\/product\/buy-sgt-263-online\/#breadcrumb","itemListElement":[{"@type":"ListItem","position":1,"name":"Home","item":"https:\/\/narcopowders.com\/"},{"@type":"ListItem","position":2,"name":"Shop Page","item":"https:\/\/narcopowders.com\/shop\/"},{"@type":"ListItem","position":3,"name":"Buy Sgt -263 Online"}]},{"@type":"WebSite","@id":"https:\/\/narcopowders.com\/#website","url":"https:\/\/narcopowders.com\/","name":"Narc\u00f3ticos en polv","description":"Mi blog de WordPress","potentialAction":[{"@type":"SearchAction","target":{"@type":"EntryPoint","urlTemplate":"https:\/\/narcopowders.com\/?s={search_term_string}"},"query-input":{"@type":"PropertyValueSpecification","valueRequired":true,"valueName":"search_term_string"}}],"inLanguage":"es"}]}},"_links":{"self":[{"href":"https:\/\/narcopowders.com\/es\/wp-json\/wp\/v2\/product\/20526","targetHints":{"allow":["GET"]}}],"collection":[{"href":"https:\/\/narcopowders.com\/es\/wp-json\/wp\/v2\/product"}],"about":[{"href":"https:\/\/narcopowders.com\/es\/wp-json\/wp\/v2\/types\/product"}],"replies":[{"embeddable":true,"href":"https:\/\/narcopowders.com\/es\/wp-json\/wp\/v2\/comments?post=20526"}],"wp:featuredmedia":[{"embeddable":true,"href":"https:\/\/narcopowders.com\/es\/wp-json\/wp\/v2\/media\/21249"}],"wp:attachment":[{"href":"https:\/\/narcopowders.com\/es\/wp-json\/wp\/v2\/media?parent=20526"}],"wp:term":[{"taxonomy":"product_brand","embeddable":true,"href":"https:\/\/narcopowders.com\/es\/wp-json\/wp\/v2\/product_brand?post=20526"},{"taxonomy":"product_cat","embeddable":true,"href":"https:\/\/narcopowders.com\/es\/wp-json\/wp\/v2\/product_cat?post=20526"},{"taxonomy":"product_tag","embeddable":true,"href":"https:\/\/narcopowders.com\/es\/wp-json\/wp\/v2\/product_tag?post=20526"}],"curies":[{"name":"wp","href":"https:\/\/api.w.org\/{rel}","templated":true}]}}