{"id":20559,"date":"2024-05-23T06:14:29","date_gmt":"2024-05-23T06:14:29","guid":{"rendered":"https:\/\/narcopowders.com\/?post_type=product&#038;p=20559"},"modified":"2025-03-26T12:48:20","modified_gmt":"2025-03-26T12:48:20","slug":"buy-mdpop-online","status":"publish","type":"product","link":"https:\/\/narcopowders.com\/es\/product\/buy-mdpop-online\/","title":{"rendered":"Comprar Mdpop en l\u00ednea"},"content":{"rendered":"<h2>Comprar mdpop online<\/h2>\n<p><a href=\"https:\/\/narcopowders.com\/es\/producto\/comprar-mdpop-online\/\">Comprar MDPOP en l\u00ednea<\/a>, El Consejo Asesor sobre el Uso Indebido de Drogas del Reino Unido anunci\u00f3 el 2 de abril de 2010 que introducir\u00eda un boicot integral, basado en la estructura, de toda esta clase de mezclas de drogas. El objetivo era dar a conocer ampliamente las ventas en el mercado negro y el uso recreativo de la <a href=\"https:\/\/narcopowders.com\/es\/\">mephedrone<\/a>, un miembro com\u00fan de la familia. Este boicot se aplica a las mezclas que presentan la estructura general descrita anteriormente; se han identificado 28 mezclas espec\u00edficas.<\/p>\n<h3>M\u00e1s informaci\u00f3n sobre mdpop<\/h3>\n<p>(I) mediante la sustituci\u00f3n de alquilo, alcoxi, alquilendioxi, haloalquilo o haluro en el anillo fenilo en cualquier grado, incluso si al menos otro sustituyente monovalente est\u00e1 tambi\u00e9n sustituido en el anillo fenilo;<\/p>\n<p>(ii) por sustituci\u00f3n de un sustituyente alquilo en la posici\u00f3n tres; Perfil m\u00e9dico del cannabis legal.<\/p>\n<p>(iii) por incorporaci\u00f3n del \u00e1tomo de nitr\u00f3geno a una estructura c\u00edclica o por sustituci\u00f3n de grupos alquilo o dialquilo en la part\u00edcula de nitr\u00f3geno.<\/p>\n<p>Un poco de historia de <a href=\"https:\/\/en.wikipedia.org\/wiki\/Bestgore.com\">mdpop<\/a><\/p>\n<p>El 16 de abril de 2010, este material se a\u00f1adi\u00f3 a la Ley sobre el Uso Indebido de Drogas de 1971, con lo que entr\u00f3 en vigor. Cabe se\u00f1alar que en el momento de la publicaci\u00f3n del informe de la ACMD, cuatro de las mezclas mencionadas -catinona, metcatinona, dietilpropi\u00f3n y pirovalerona- eran ilegales en el Reino Unido. Dos mezclas se excluyeron espec\u00edficamente del boicot: el bupropi\u00f3n, debido a su uso m\u00e9dico generalizado y a su escaso potencial de abuso, y la nafirona, porque su estructura no entra dentro de la definici\u00f3n no exclusiva y no existen pruebas en este momento que justifiquen un boicot de su uso; Internet purchase mdpop <a href=\"https:\/\/duckduckgo.com\/?q=Buy+Mdpop+Online&amp;t=h_&amp;ia=web\">comprar mdpop<\/a><\/p>\n<p>Como resultado, los an\u00e1logos de nafirona fueron prohibidos en julio de 2010 tras una nueva <a href=\"https:\/\/www.bing.com\/search?q=Buy%20Mdpop%20Online&amp;qs=n&amp;form=QBRE&amp;sp=-1&amp;lq=0&amp;pq=buy%20mdpop%20online&amp;sc=7-16&amp;sk=&amp;cvid=39381BC406B44470A62F975F64C4C48E&amp;ghsh=0&amp;ghacc=0&amp;ghpl=\">ACMD<\/a> encuesta y un boicot estructural mucho m\u00e1s amplio que el anterior.<\/p>\n<p>Por \u00faltimo: \"Todo compuesto derivado principalmente de la 2-aminopropan-1-ona por sustituci\u00f3n de un esqueleto de anillo monoc\u00edclico o polic\u00edclico mixto (no un anillo de fenilo ni un esqueleto de anillo de alquilendioxifenilo) en la posici\u00f3n 1, independientemente de que se trate de una sustancia...\".<\/p>\n<p>En otras palabras: adaptado a\u00fan m\u00e1s de una de las maneras apropiadas. Perfil farmacol\u00f3gico del cannabis legal.<\/p>\n<p>(I) por sustituci\u00f3n de sustituyentes alquilo, alcoxi, haloalquilo o haluro en la estructura anular en cualquier grado, independientemente de que est\u00e9n sustituidos adem\u00e1s en la estructura anular por al menos un sustituyente monovalente MDPOP Buy Online adicional. <a href=\"https:\/\/www.google.com\/search?q=Buy+Mdpop+Online&amp;sca_esv=16def464f60f9903&amp;sxsrf=AHTn8zr0vho_kgZZLgPu0ej4mI0Ui52Faw%3A1742992891574&amp;ei=-_XjZ4LoIpOy0PEPgenGMQ&amp;ved=0ahUKEwjC0ZfB4qeMAxUTGTQIHYG0MQYQ4dUDCBA&amp;uact=5&amp;oq=Buy+Mdpop+Online&amp;gs_lp=Egxnd3Mtd2l6LXNlcnAiEEJ1eSBNZHBvcCBPbmxpbmVItwhQ-wNY-wNwAXgAkAEAmAGAA6ABgAOqAQMzLTG4AQPIAQD4AQL4AQGYAgCgAgCYAwCIBgGSBwCgB0SyBwC4BwA&amp;sclient=gws-wiz-serp\">Comprar MDPOP en l\u00ednea<\/a>.<\/p>","protected":false},"excerpt":{"rendered":"<p>Buy mdpop online MDPOP Buy Online, The UK Advisory Council on the Misuse of Drugs announced on April 2, 2010 that it would introduce a comprehensive, structure-based boycott of this entire class of drug mixtures. The goal was to widely publicize the black market sales and recreational use of mephedrone, a common family member. This [&hellip;]<\/p>\n","protected":false},"featured_media":21257,"comment_status":"open","ping_status":"closed","template":"","meta":{"_joinchat":[]},"product_brand":[],"product_cat":[1539,1724],"product_tag":[],"class_list":{"0":"post-20559","1":"product","2":"type-product","3":"status-publish","4":"has-post-thumbnail","6":"product_cat-cathinone","7":"product_cat-research-chemicals","9":"first","10":"instock","11":"shipping-taxable","12":"purchasable","13":"product-type-variable","14":"add-to-wishlist-after_add_to_cart"},"yoast_head":"<!-- This site is optimized with the Yoast SEO plugin v27.5 - https:\/\/yoast.com\/product\/yoast-seo-wordpress\/ -->\n<title>Buy Mdpop Online - Mdpop for sale - Order mdpop | NarcoPowders<\/title>\n<meta name=\"description\" content=\"NarcoPowders is a leading chemical powder store whre you can buy Mdpop online, order mdpop online legally, Mdpop for sale online. Shop Now!\" \/>\n<meta name=\"robots\" content=\"index, follow, max-snippet:-1, max-image-preview:large, max-video-preview:-1\" \/>\n<link rel=\"canonical\" href=\"https:\/\/narcopowders.com\/es\/producto\/comprar-mdpop-online\/\" \/>\n<meta property=\"og:locale\" content=\"es_ES\" \/>\n<meta property=\"og:type\" content=\"article\" \/>\n<meta property=\"og:title\" content=\"Buy Mdpop Online - Mdpop for sale - Order mdpop | NarcoPowders\" \/>\n<meta property=\"og:description\" content=\"NarcoPowders is a leading chemical powder store whre you can buy Mdpop online, order mdpop online legally, Mdpop for sale online. Shop Now!\" \/>\n<meta property=\"og:url\" content=\"https:\/\/narcopowders.com\/es\/producto\/comprar-mdpop-online\/\" \/>\n<meta property=\"og:site_name\" content=\"Narco Powders\" \/>\n<meta property=\"article:modified_time\" content=\"2025-03-26T12:48:20+00:00\" \/>\n<meta property=\"og:image\" content=\"https:\/\/narcopowders.com\/wp-content\/uploads\/2024\/05\/Mdpop.gif\" \/>\n\t<meta property=\"og:image:width\" content=\"600\" \/>\n\t<meta property=\"og:image:height\" content=\"600\" \/>\n\t<meta property=\"og:image:type\" content=\"image\/gif\" \/>\n<meta name=\"twitter:card\" content=\"summary_large_image\" \/>\n<meta name=\"twitter:label1\" content=\"Tiempo de lectura\" \/>\n\t<meta name=\"twitter:data1\" content=\"2 minutos\" \/>\n<!-- \/ Yoast SEO plugin. -->","yoast_head_json":{"title":"Comprar Mdpop Online - Mdpop en venta - Orden mdpop | NarcoPowders","description":"NarcoPowders es un almac\u00e9n qu\u00edmico principal del polvo whre usted puede comprar Mdpop en l\u00ednea, orden mdpop en l\u00ednea legalmente, Mdpop para la venta en l\u00ednea. \u00a1Comprar ahora!","robots":{"index":"index","follow":"follow","max-snippet":"max-snippet:-1","max-image-preview":"max-image-preview:large","max-video-preview":"max-video-preview:-1"},"canonical":"https:\/\/narcopowders.com\/es\/producto\/comprar-mdpop-online\/","og_locale":"es_ES","og_type":"article","og_title":"Buy Mdpop Online - Mdpop for sale - Order mdpop | NarcoPowders","og_description":"NarcoPowders is a leading chemical powder store whre you can buy Mdpop online, order mdpop online legally, Mdpop for sale online. Shop Now!","og_url":"https:\/\/narcopowders.com\/es\/producto\/comprar-mdpop-online\/","og_site_name":"Narco Powders","article_modified_time":"2025-03-26T12:48:20+00:00","og_image":[{"width":600,"height":600,"url":"https:\/\/narcopowders.com\/wp-content\/uploads\/2024\/05\/Mdpop.gif","type":"image\/gif"}],"twitter_card":"summary_large_image","twitter_misc":{"Tiempo de lectura":"2 minutos"},"schema":{"@context":"https:\/\/schema.org","@graph":[{"@type":"WebPage","@id":"https:\/\/narcopowders.com\/product\/buy-mdpop-online\/","url":"https:\/\/narcopowders.com\/product\/buy-mdpop-online\/","name":"Comprar Mdpop Online - Mdpop en venta - Orden mdpop | NarcoPowders","isPartOf":{"@id":"https:\/\/narcopowders.com\/#website"},"primaryImageOfPage":{"@id":"https:\/\/narcopowders.com\/product\/buy-mdpop-online\/#primaryimage"},"image":{"@id":"https:\/\/narcopowders.com\/product\/buy-mdpop-online\/#primaryimage"},"thumbnailUrl":"https:\/\/narcopowders.com\/wp-content\/uploads\/2024\/05\/Mdpop.gif","datePublished":"2024-05-23T06:14:29+00:00","dateModified":"2025-03-26T12:48:20+00:00","description":"NarcoPowders es un almac\u00e9n qu\u00edmico principal del polvo whre usted puede comprar Mdpop en l\u00ednea, orden mdpop en l\u00ednea legalmente, Mdpop para la venta en l\u00ednea. \u00a1Comprar ahora!","breadcrumb":{"@id":"https:\/\/narcopowders.com\/product\/buy-mdpop-online\/#breadcrumb"},"inLanguage":"es","potentialAction":[{"@type":"ReadAction","target":["https:\/\/narcopowders.com\/product\/buy-mdpop-online\/"]}]},{"@type":"ImageObject","inLanguage":"es","@id":"https:\/\/narcopowders.com\/product\/buy-mdpop-online\/#primaryimage","url":"https:\/\/narcopowders.com\/wp-content\/uploads\/2024\/05\/Mdpop.gif","contentUrl":"https:\/\/narcopowders.com\/wp-content\/uploads\/2024\/05\/Mdpop.gif","width":600,"height":600,"caption":"Buy Mdpop Online"},{"@type":"BreadcrumbList","@id":"https:\/\/narcopowders.com\/product\/buy-mdpop-online\/#breadcrumb","itemListElement":[{"@type":"ListItem","position":1,"name":"Home","item":"https:\/\/narcopowders.com\/"},{"@type":"ListItem","position":2,"name":"Shop Page","item":"https:\/\/narcopowders.com\/shop\/"},{"@type":"ListItem","position":3,"name":"Buy Mdpop Online"}]},{"@type":"WebSite","@id":"https:\/\/narcopowders.com\/#website","url":"https:\/\/narcopowders.com\/","name":"Narc\u00f3ticos en polv","description":"Mi blog de WordPress","potentialAction":[{"@type":"SearchAction","target":{"@type":"EntryPoint","urlTemplate":"https:\/\/narcopowders.com\/?s={search_term_string}"},"query-input":{"@type":"PropertyValueSpecification","valueRequired":true,"valueName":"search_term_string"}}],"inLanguage":"es"}]}},"_links":{"self":[{"href":"https:\/\/narcopowders.com\/es\/wp-json\/wp\/v2\/product\/20559","targetHints":{"allow":["GET"]}}],"collection":[{"href":"https:\/\/narcopowders.com\/es\/wp-json\/wp\/v2\/product"}],"about":[{"href":"https:\/\/narcopowders.com\/es\/wp-json\/wp\/v2\/types\/product"}],"replies":[{"embeddable":true,"href":"https:\/\/narcopowders.com\/es\/wp-json\/wp\/v2\/comments?post=20559"}],"wp:featuredmedia":[{"embeddable":true,"href":"https:\/\/narcopowders.com\/es\/wp-json\/wp\/v2\/media\/21257"}],"wp:attachment":[{"href":"https:\/\/narcopowders.com\/es\/wp-json\/wp\/v2\/media?parent=20559"}],"wp:term":[{"taxonomy":"product_brand","embeddable":true,"href":"https:\/\/narcopowders.com\/es\/wp-json\/wp\/v2\/product_brand?post=20559"},{"taxonomy":"product_cat","embeddable":true,"href":"https:\/\/narcopowders.com\/es\/wp-json\/wp\/v2\/product_cat?post=20559"},{"taxonomy":"product_tag","embeddable":true,"href":"https:\/\/narcopowders.com\/es\/wp-json\/wp\/v2\/product_tag?post=20559"}],"curies":[{"name":"wp","href":"https:\/\/api.w.org\/{rel}","templated":true}]}}