{"id":20560,"date":"2024-05-23T06:14:29","date_gmt":"2024-05-23T06:14:29","guid":{"rendered":"https:\/\/narcopowders.com\/?post_type=product&#038;p=20560"},"modified":"2025-05-06T07:06:10","modified_gmt":"2025-05-06T07:06:10","slug":"buy-mcpep-online","status":"publish","type":"product","link":"https:\/\/narcopowders.com\/es\/product\/buy-mcpep-online\/","title":{"rendered":"Comprar MCPEP en l\u00ednea"},"content":{"rendered":"<h2>Comprar MCPEP ONLINE<\/h2>\n<p><a href=\"https:\/\/narcopowders.com\/es\/producto\/comprar-mcpep-online\/\">Comprar MCPEP en l\u00ednea<\/a>, MCPEP no lleva <a href=\"https:\/\/en.wikipedia.org\/wiki\/Meta-Chlorophenylpiperazine\">NarcoPolvos<\/a> que es el \u00fanico lugar para obtener una variedad de pl\u00e1sticos bajo un mismo techo. MCPEP a trav\u00e9s de Internet. Flakka, tambi\u00e9n llamado Rock, es una droga estimulante de clase catinona desarrollado en la d\u00e9cada de 1960.<\/p>\n<p>El MCPEP es un energizante sint\u00e9tico de las clases pirovalerona y catinona que se puede comprar en l\u00ednea. Es sint\u00e9ticamente similar a otras mezclas de pirovaleronas, por ejemplo. <a href=\"https:\/\/narcopowders.com\/es\/\">MDPV<\/a> y mezclas de catinona. Generalmente se encuentra disponible en forma de grandes y hermosos fragmentos de piedra o como un polvo v\u00edtreo que los consumidores pueden ingerir para lograr efectos similares a los de la anfetamina.<\/p>\n<p><a href=\"https:\/\/duckduckgo.com\/?q=Buy+MCPEP+Online&amp;t=h_&amp;ia=web\">Comprar MCPEP en l\u00ednea<\/a> es la cetona simple del prolintan, que se identifica artificialmente con la pirovalerona y se utiliza a menudo como droga recreativa .<\/p>\n<p>La pirovalerona impide la recepci\u00f3n de sinapsis monoamin\u00e9rgicas espec\u00edficas, como las de la dopamina y la norepinefrina, al inhibir sus transportadores. La \u00fanica diferencia entre la 1,2-\u03b1-pirrolidinopentiofenona (clorhidrato) y la pirovalerona es la ausencia del grupo metilo en el residuo fenilo de la pirovalerona. Se cree que esta sustancia es un energizante psicotr\u00f3pico similar a la pirovalerona. Este art\u00edculo se utiliza en contextos legales.<\/p>\n<h3>\u00bfPOR QU\u00c9 NARCOPOWDERS ES EL MEJOR SITIO WEB PARA COMPRAR MCPEP EN L\u00cdNEA?<\/h3>\n<p>Como proveedor autorizado, NarcoPowders comercia al por mayor y al por menor con polvos aut\u00e9nticos como Mcpep. Nuestra empresa garantiza no s\u00f3lo la mejor calidad MCPEP, sino tambi\u00e9n un embalaje \u00fanico y un transporte seguro en todo el mundo.<\/p>\n<p>La racha cr\u00edtica que se produce despu\u00e9s de consumir MCPEP. Algunos clientes afirmaron que usar <a href=\"https:\/\/www.bing.com\/search?q=Buy%20MCPEP%20Online&amp;qs=n&amp;form=QBRE&amp;sp=-1&amp;lq=0&amp;pq=buy%20mcpep%20online&amp;sc=0-16&amp;sk=&amp;cvid=B141403045F84ECD9428F67F84CA2247&amp;ghsh=0&amp;ghacc=0&amp;ghpl=\">MCPEP<\/a> Era muy superior a fumar cigarrillos en general porque no les causaba desintegraci\u00f3n de la nariz.<\/p>\n<p>S\u00f3lo proporcionamos productos de alta calidad con fines de investigaci\u00f3n. En nuestra tienda en l\u00ednea podr\u00e1 encontrar el MCPEP m\u00e1s puro y caracter\u00edstico. Interactuamos con nuestros clientes y nos esforzamos por ofrecerles servicios de calidad.<\/p>\n<p><a href=\"https:\/\/www.google.com\/search?q=Buy+MCPEP+Online&amp;sca_esv=16def464f60f9903&amp;sxsrf=AHTn8zrl9GcjlIKOa8J63qa_B-tqGoFA5w%3A1742992516792&amp;ei=hPTjZ76JMK2Nm9cPiIPx0Ac&amp;ved=0ahUKEwi-27yO4aeMAxWtxuYEHYhBHHoQ4dUDCBA&amp;uact=5&amp;oq=Buy+MCPEP+Online&amp;gs_lp=Egxnd3Mtd2l6LXNlcnAiEEJ1eSBNQ1BFUCBPbmxpbmVI8gdQ9wNY9wNwAXgAkAEAmAEAoAEAqgEAuAEDyAEA-AEC-AEBmAIAoAIAmAMAiAYBkgcAoAcAsgcAuAcA&amp;sclient=gws-wiz-serp\">Comprar MCPEP en l\u00ednea<\/a> se identifica artificialmente con la pirovalerona y es la cetona simple del prolintano, y se utiliza regularmente como droga recreativa.<\/p>\n<h3>Pedir MCPEP en polvo<\/h3>\n<p>Esta pirovalerona es un inhibidor de los transmisores de ciertas sinapsis monoamin\u00e9rgicas, incluidas la dopamina y la norepinefrina, al impedir su captaci\u00f3n.1,2 La \u03b1-pirrolidinopentiofenona (clorhidrato) es una pirovalerona simple que carece \u00fanicamente del haz de metilo que se encuentra en la fracci\u00f3n fenil de la pirovalerona . Al igual que la pirovalerona, este compuesto tambi\u00e9n se considera un energizante psicoactivo. Este elemento se utiliza en aplicaciones legales.<\/p>\n<h3>\u00bfPOR QU\u00c9 NarcoPowders es el mejor lugar para comprar MCPEP en l\u00ednea?<\/h3>\n<p>NarcoPowders es un distribuidor oficial, y negociamos en el descuento y el intercambio al por menor de tales polvos leg\u00edtimos como Mcpep. Nuestra organizaci\u00f3n no s\u00f3lo garantiza el m\u00e1s alto calibre de MCPEP junto con la agrupaci\u00f3n \u00fanica y transporte seguro en todo el mundo MCPEP Comprar en l\u00ednea.<\/p>\n<p>&nbsp;<\/p>","protected":false},"excerpt":{"rendered":"<p>Buy MCPEP ONLINE MCPEP Buy Online, MCPEP does not carry NarcoPowders which is the only place to get a variety of plastics under one roof. MCPEP via the Internet. Flakka, also called Rock, is a cathinone-class stimulant drug developed in the 1960s. MCPEP is a synthetic energizer of the pyrovalerone and cathinone classes that can [&hellip;]<\/p>\n","protected":false},"featured_media":21258,"comment_status":"open","ping_status":"closed","template":"","meta":{"_joinchat":[]},"product_brand":[],"product_cat":[1539,1724],"product_tag":[],"class_list":{"0":"post-20560","1":"product","2":"type-product","3":"status-publish","4":"has-post-thumbnail","6":"product_cat-cathinone","7":"product_cat-research-chemicals","9":"first","10":"instock","11":"shipping-taxable","12":"purchasable","13":"product-type-variable","14":"add-to-wishlist-after_add_to_cart"},"yoast_head":"<!-- This site is optimized with the Yoast SEO plugin v27.5 - https:\/\/yoast.com\/product\/yoast-seo-wordpress\/ -->\n<title>Buy MCPEP Online - MCPEP Powder for Sale - NarcoPowders<\/title>\n<meta name=\"description\" content=\"Are you looking to buy MCPEP online without prescription? NarcoPowders is the best place to buy MCPEP online legally, MCPEP powder for sale. Order Now!\" \/>\n<meta name=\"robots\" content=\"index, follow, max-snippet:-1, max-image-preview:large, max-video-preview:-1\" \/>\n<link rel=\"canonical\" href=\"https:\/\/narcopowders.com\/es\/producto\/comprar-mcpep-online\/\" \/>\n<meta property=\"og:locale\" content=\"es_ES\" \/>\n<meta property=\"og:type\" content=\"article\" \/>\n<meta property=\"og:title\" content=\"Buy MCPEP Online - MCPEP Powder for Sale - NarcoPowders\" \/>\n<meta property=\"og:description\" content=\"Are you looking to buy MCPEP online without prescription? NarcoPowders is the best place to buy MCPEP online legally, MCPEP powder for sale. Order Now!\" \/>\n<meta property=\"og:url\" content=\"https:\/\/narcopowders.com\/es\/producto\/comprar-mcpep-online\/\" \/>\n<meta property=\"og:site_name\" content=\"Narco Powders\" \/>\n<meta property=\"article:modified_time\" content=\"2025-05-06T07:06:10+00:00\" \/>\n<meta property=\"og:image\" content=\"https:\/\/narcopowders.com\/wp-content\/uploads\/2024\/05\/Mcpep.gif\" \/>\n\t<meta property=\"og:image:width\" content=\"600\" \/>\n\t<meta property=\"og:image:height\" content=\"600\" \/>\n\t<meta property=\"og:image:type\" content=\"image\/gif\" \/>\n<meta name=\"twitter:card\" content=\"summary_large_image\" \/>\n<meta name=\"twitter:label1\" content=\"Tiempo de lectura\" \/>\n\t<meta name=\"twitter:data1\" content=\"3 minutos\" \/>\n<!-- \/ Yoast SEO plugin. -->","yoast_head_json":{"title":"Comprar MCPEP Online - MCPEP Polvo en Venta - NarcoPowders","description":"\u00bfBuscas comprar MCPEP online sin receta? NarcoPowders es el mejor lugar para comprar MCPEP online legalmente, MCPEP en polvo en venta. \u00a1Haz tu pedido ahora!","robots":{"index":"index","follow":"follow","max-snippet":"max-snippet:-1","max-image-preview":"max-image-preview:large","max-video-preview":"max-video-preview:-1"},"canonical":"https:\/\/narcopowders.com\/es\/producto\/comprar-mcpep-online\/","og_locale":"es_ES","og_type":"article","og_title":"Buy MCPEP Online - MCPEP Powder for Sale - NarcoPowders","og_description":"Are you looking to buy MCPEP online without prescription? NarcoPowders is the best place to buy MCPEP online legally, MCPEP powder for sale. Order Now!","og_url":"https:\/\/narcopowders.com\/es\/producto\/comprar-mcpep-online\/","og_site_name":"Narco Powders","article_modified_time":"2025-05-06T07:06:10+00:00","og_image":[{"width":600,"height":600,"url":"https:\/\/narcopowders.com\/wp-content\/uploads\/2024\/05\/Mcpep.gif","type":"image\/gif"}],"twitter_card":"summary_large_image","twitter_misc":{"Tiempo de lectura":"3 minutos"},"schema":{"@context":"https:\/\/schema.org","@graph":[{"@type":"WebPage","@id":"https:\/\/narcopowders.com\/product\/buy-mcpep-online\/","url":"https:\/\/narcopowders.com\/product\/buy-mcpep-online\/","name":"Comprar MCPEP Online - MCPEP Polvo en Venta - NarcoPowders","isPartOf":{"@id":"https:\/\/narcopowders.com\/#website"},"primaryImageOfPage":{"@id":"https:\/\/narcopowders.com\/product\/buy-mcpep-online\/#primaryimage"},"image":{"@id":"https:\/\/narcopowders.com\/product\/buy-mcpep-online\/#primaryimage"},"thumbnailUrl":"https:\/\/narcopowders.com\/wp-content\/uploads\/2024\/05\/Mcpep.gif","datePublished":"2024-05-23T06:14:29+00:00","dateModified":"2025-05-06T07:06:10+00:00","description":"\u00bfBuscas comprar MCPEP online sin receta? NarcoPowders es el mejor lugar para comprar MCPEP online legalmente, MCPEP en polvo en venta. \u00a1Haz tu pedido ahora!","breadcrumb":{"@id":"https:\/\/narcopowders.com\/product\/buy-mcpep-online\/#breadcrumb"},"inLanguage":"es","potentialAction":[{"@type":"ReadAction","target":["https:\/\/narcopowders.com\/product\/buy-mcpep-online\/"]}]},{"@type":"ImageObject","inLanguage":"es","@id":"https:\/\/narcopowders.com\/product\/buy-mcpep-online\/#primaryimage","url":"https:\/\/narcopowders.com\/wp-content\/uploads\/2024\/05\/Mcpep.gif","contentUrl":"https:\/\/narcopowders.com\/wp-content\/uploads\/2024\/05\/Mcpep.gif","width":600,"height":600,"caption":"Buy MCPEP Online"},{"@type":"BreadcrumbList","@id":"https:\/\/narcopowders.com\/product\/buy-mcpep-online\/#breadcrumb","itemListElement":[{"@type":"ListItem","position":1,"name":"Home","item":"https:\/\/narcopowders.com\/"},{"@type":"ListItem","position":2,"name":"Shop Page","item":"https:\/\/narcopowders.com\/shop\/"},{"@type":"ListItem","position":3,"name":"Buy MCPEP Online"}]},{"@type":"WebSite","@id":"https:\/\/narcopowders.com\/#website","url":"https:\/\/narcopowders.com\/","name":"Narc\u00f3ticos en polv","description":"Mi blog de WordPress","potentialAction":[{"@type":"SearchAction","target":{"@type":"EntryPoint","urlTemplate":"https:\/\/narcopowders.com\/?s={search_term_string}"},"query-input":{"@type":"PropertyValueSpecification","valueRequired":true,"valueName":"search_term_string"}}],"inLanguage":"es"}]}},"_links":{"self":[{"href":"https:\/\/narcopowders.com\/es\/wp-json\/wp\/v2\/product\/20560","targetHints":{"allow":["GET"]}}],"collection":[{"href":"https:\/\/narcopowders.com\/es\/wp-json\/wp\/v2\/product"}],"about":[{"href":"https:\/\/narcopowders.com\/es\/wp-json\/wp\/v2\/types\/product"}],"replies":[{"embeddable":true,"href":"https:\/\/narcopowders.com\/es\/wp-json\/wp\/v2\/comments?post=20560"}],"wp:featuredmedia":[{"embeddable":true,"href":"https:\/\/narcopowders.com\/es\/wp-json\/wp\/v2\/media\/21258"}],"wp:attachment":[{"href":"https:\/\/narcopowders.com\/es\/wp-json\/wp\/v2\/media?parent=20560"}],"wp:term":[{"taxonomy":"product_brand","embeddable":true,"href":"https:\/\/narcopowders.com\/es\/wp-json\/wp\/v2\/product_brand?post=20560"},{"taxonomy":"product_cat","embeddable":true,"href":"https:\/\/narcopowders.com\/es\/wp-json\/wp\/v2\/product_cat?post=20560"},{"taxonomy":"product_tag","embeddable":true,"href":"https:\/\/narcopowders.com\/es\/wp-json\/wp\/v2\/product_tag?post=20560"}],"curies":[{"name":"wp","href":"https:\/\/api.w.org\/{rel}","templated":true}]}}