{"id":20561,"date":"2024-05-23T06:14:29","date_gmt":"2024-05-23T06:14:29","guid":{"rendered":"https:\/\/narcopowders.com\/?post_type=product&#038;p=20561"},"modified":"2025-03-26T12:43:05","modified_gmt":"2025-03-26T12:43:05","slug":"buy-mdpep-online","status":"publish","type":"product","link":"https:\/\/narcopowders.com\/es\/producto\/comprar-mdpep-online\/","title":{"rendered":"Comprar Mdpep en l\u00ednea"},"content":{"rendered":"<h2>Comprar MDPEP ONLINE<\/h2>\n<p><a href=\"https:\/\/narcopowders.com\/es\/producto\/comprar-mdpep-online\/\">Comprar MDPEP en l\u00ednea<\/a>, MDPEP no lleva NarcoPowders que es el \u00fanico lugar para obtener una variedad de pl\u00e1sticos bajo un mismo techo. MDPEP a trav\u00e9s de Internet. Flakka, tambi\u00e9n llamada Rock, es una droga estimulante de clase catinona desarrollada en la d\u00e9cada de 1960.<\/p>\n<p>La MDPEP es un energizante sint\u00e9tico de las clases de la pirovalerona y la catinona que puede adquirirse en l\u00ednea. Es sint\u00e9ticamente similar a otras mezclas de pirovaleronas, como la MDPV y las mezclas de catinonas. Suele presentarse en forma de grandes y bellos fragmentos de piedra o como un polvo similar al cristal que los usuarios pueden tragar para conseguir un efecto similar al de la anfetamina .<\/p>\n<p><a href=\"https:\/\/narcopowders.com\/es\/\">Comprar MDPEP en l\u00ednea<\/a> es la cetona simple del prolintan, que se identifica artificialmente con la pirovalerona y se utiliza a menudo como droga recreativa .<\/p>\n<p>La pirovalerona impide la recepci\u00f3n de sinapsis monoamin\u00e9rgicas espec\u00edficas, como las de la dopamina y la norepinefrina, al inhibir sus transportadores. La \u00fanica diferencia entre la 1,2-\u03b1-pirrolidinopentiofenona (clorhidrato) y la pirovalerona es la ausencia del grupo metilo en el residuo fenilo de la pirovalerona. Se cree que esta sustancia es un energizante psicotr\u00f3pico similar a la pirovalerona. Este art\u00edculo se utiliza en contextos legales.<\/p>\n<h3>\u00bfPOR QU\u00c9 NARCOPOWDERS ES EL MEJOR SITIO WEB PARA COMPRAR MCPEP EN L\u00cdNEA?<\/h3>\n<p>As an authorized supplier, <a href=\"https:\/\/en.wikipedia.org\/wiki\/MDPEP\">Narcopowders<\/a> Como proveedor autorizado, Narcopowders comercia al por mayor y al por menor con polvos aut\u00e9nticos como el Mdpep. Nuestra empresa garantiza no s\u00f3lo la mejor calidad MCPEP, sino tambi\u00e9n un embalaje \u00fanico y un transporte seguro en todo el mundo.<\/p>\n<p>La racha cr\u00edtica que se produce despu\u00e9s de consumir MCPEP. Algunos clientes afirmaron que usar <a href=\"https:\/\/duckduckgo.com\/?q=Buy+Mdpep+Online&amp;t=h_&amp;ia=web\">MDPEP<\/a> Era muy superior a fumar cigarrillos en general porque no les causaba desintegraci\u00f3n de la nariz.<\/p>\n<p>Solo ofrecemos productos de alta calidad para <a href=\"https:\/\/www.bing.com\/search?q=Buy%20Mdpep%20Online&amp;qs=n&amp;form=QBRE&amp;sp=-1&amp;lq=0&amp;pq=buy%20mdpep%20online&amp;sc=0-16&amp;sk=&amp;cvid=8307A66EE6A04083B4263A3886FCCCBA&amp;ghsh=0&amp;ghacc=0&amp;ghpl=\">research purposes<\/a>S\u00f3lo proporcionamos productos de alta calidad con fines de investigaci\u00f3n. En nuestra tienda en l\u00ednea podr\u00e1 encontrar el MDPEP m\u00e1s puro y caracter\u00edstico. Interactuamos con nuestros clientes y nos esforzamos por ofrecerles servicios de calidad.<\/p>\n<p>Comprar MDPEP online se identifica artificialmente con la pirovalerona y es la cetona simple del prolintan, y se utiliza regularmente como droga recreativa.<\/p>\n<h3>Pedir MDPEP en polvo<\/h3>\n<p>Esta pirovalerona es un inhibidor de los transmisores de ciertas sinapsis monoamin\u00e9rgicas, incluidas la dopamina y la norepinefrina, al impedir su captaci\u00f3n.1,2 La \u03b1-pirrolidinopentiofenona (clorhidrato) es una pirovalerona simple que carece \u00fanicamente del haz de metilo que se encuentra en la fracci\u00f3n fenil de la pirovalerona . Al igual que la pirovalerona, este compuesto tambi\u00e9n se considera un energizante psicoactivo. Este elemento se utiliza en aplicaciones legales.<\/p>\n<h3>\u00bfPOR QU\u00c9 Comprar NarcoPowders es el mejor lugar para comprar MDPEP en l\u00ednea?<\/h3>\n<p>NarcoPowders es un distribuidor oficial, y negociamos en el descuento y el intercambio al por menor de tales polvos leg\u00edtimos como Mcpep. Nuestra organizaci\u00f3n no s\u00f3lo garantiza el m\u00e1s alto calibre de MDPEP junto con la agrupaci\u00f3n \u00fanica y transporte seguro en todo el mundo <a href=\"https:\/\/www.google.com\/search?q=Buy+Mdpep+Online&amp;sca_esv=16def464f60f9903&amp;sxsrf=AHTn8zqGo1t_UjilMq3Gbhux0PSunqDuUQ%3A1742992732251&amp;ei=XPXjZ5uED-eCm9cPw7C06A8&amp;ved=0ahUKEwibopv14aeMAxVnweYEHUMYDf0Q4dUDCBA&amp;uact=5&amp;oq=Buy+Mdpep+Online&amp;gs_lp=Egxnd3Mtd2l6LXNlcnAiEEJ1eSBNZHBlcCBPbmxpbmUyBRAhGKABMgUQIRigATIFECEYoAEyBRAhGKABSJ0EUABYAHAAeACQAQCYAYUDoAGFA6oBAzMtMbgBA8gBAPgBAvgBAZgCAaACiwOYAwCSBwMzLTGgB4MDsgcDMy0xuAeLAw&amp;sclient=gws-wiz-serp\">Comprar MDPEP en l\u00ednea<\/a>.<\/p>","protected":false},"excerpt":{"rendered":"<p>Buy MDPEP ONLINE MDPEP Buy Online, MDPEP does not carry NarcoPowders which is the only place to get a variety of plastics under one roof. MDPEP via the Internet. Flakka, also called Rock, is a cathinone-class stimulant drug developed in the 1960s. MDPEP is a synthetic energizer of the pyrovalerone and cathinone classes that can [&hellip;]<\/p>","protected":false},"featured_media":21256,"comment_status":"open","ping_status":"closed","template":"","meta":{"_joinchat":[]},"product_brand":[],"product_cat":[1724],"product_tag":[],"class_list":{"0":"post-20561","1":"product","2":"type-product","3":"status-publish","4":"has-post-thumbnail","6":"product_cat-research-chemicals","8":"first","9":"instock","10":"shipping-taxable","11":"purchasable","12":"product-type-variable","13":"add-to-wishlist-after_add_to_cart"},"yoast_head":"<!-- This site is optimized with the Yoast SEO plugin v25.9 - https:\/\/yoast.com\/wordpress\/plugins\/seo\/ -->\n<title>Buy MDPEP Online - MDPEP for sale | NarcoPowders<\/title>\n<meta name=\"description\" content=\"If you are looking trusted chemical store to buy Mdpep online, We are available 24x7 to get Mdpop for sale online. Order Mdpep online now!\" \/>\n<meta name=\"robots\" content=\"index, follow, max-snippet:-1, max-image-preview:large, max-video-preview:-1\" \/>\n<link rel=\"canonical\" href=\"https:\/\/narcopowders.com\/es\/producto\/comprar-mdpep-online\/\" \/>\n<meta property=\"og:locale\" content=\"es_ES\" \/>\n<meta property=\"og:type\" content=\"article\" \/>\n<meta property=\"og:title\" content=\"Buy MDPEP Online - MDPEP for sale | NarcoPowders\" \/>\n<meta property=\"og:description\" content=\"If you are looking trusted chemical store to buy Mdpep online, We are available 24x7 to get Mdpop for sale online. Order Mdpep online now!\" \/>\n<meta property=\"og:url\" content=\"https:\/\/narcopowders.com\/es\/producto\/comprar-mdpep-online\/\" \/>\n<meta property=\"og:site_name\" content=\"Narco Powders\" \/>\n<meta property=\"article:modified_time\" content=\"2025-03-26T12:43:05+00:00\" \/>\n<meta property=\"og:image\" content=\"https:\/\/narcopowders.com\/wp-content\/uploads\/2024\/05\/Mdpep.gif\" \/>\n\t<meta property=\"og:image:width\" content=\"600\" \/>\n\t<meta property=\"og:image:height\" content=\"600\" \/>\n\t<meta property=\"og:image:type\" content=\"image\/gif\" \/>\n<meta name=\"twitter:card\" content=\"summary_large_image\" \/>\n<meta name=\"twitter:label1\" content=\"Tiempo de lectura\" \/>\n\t<meta name=\"twitter:data1\" content=\"3 minutos\" \/>\n<!-- \/ Yoast SEO plugin. -->","yoast_head_json":{"title":"Comprar MDPEP Online - MDPEP en venta | NarcoPowders","description":"Si usted est\u00e1 buscando tienda qu\u00edmica de confianza para comprar Mdpep en l\u00ednea, estamos disponibles 24x7 para obtener Mdpop a la venta en l\u00ednea. \u00a1Orden Mdpep en l\u00ednea ahora!","robots":{"index":"index","follow":"follow","max-snippet":"max-snippet:-1","max-image-preview":"max-image-preview:large","max-video-preview":"max-video-preview:-1"},"canonical":"https:\/\/narcopowders.com\/es\/producto\/comprar-mdpep-online\/","og_locale":"es_ES","og_type":"article","og_title":"Buy MDPEP Online - MDPEP for sale | NarcoPowders","og_description":"If you are looking trusted chemical store to buy Mdpep online, We are available 24x7 to get Mdpop for sale online. Order Mdpep online now!","og_url":"https:\/\/narcopowders.com\/es\/producto\/comprar-mdpep-online\/","og_site_name":"Narco Powders","article_modified_time":"2025-03-26T12:43:05+00:00","og_image":[{"width":600,"height":600,"url":"https:\/\/narcopowders.com\/wp-content\/uploads\/2024\/05\/Mdpep.gif","type":"image\/gif"}],"twitter_card":"summary_large_image","twitter_misc":{"Tiempo de lectura":"3 minutos"},"schema":{"@context":"https:\/\/schema.org","@graph":[{"@type":"WebPage","@id":"https:\/\/narcopowders.com\/product\/buy-mdpep-online\/","url":"https:\/\/narcopowders.com\/product\/buy-mdpep-online\/","name":"Comprar MDPEP Online - MDPEP en venta | NarcoPowders","isPartOf":{"@id":"https:\/\/narcopowders.com\/#website"},"primaryImageOfPage":{"@id":"https:\/\/narcopowders.com\/product\/buy-mdpep-online\/#primaryimage"},"image":{"@id":"https:\/\/narcopowders.com\/product\/buy-mdpep-online\/#primaryimage"},"thumbnailUrl":"https:\/\/narcopowders.com\/wp-content\/uploads\/2024\/05\/Mdpep.gif","datePublished":"2024-05-23T06:14:29+00:00","dateModified":"2025-03-26T12:43:05+00:00","description":"Si usted est\u00e1 buscando tienda qu\u00edmica de confianza para comprar Mdpep en l\u00ednea, estamos disponibles 24x7 para obtener Mdpop a la venta en l\u00ednea. \u00a1Orden Mdpep en l\u00ednea ahora!","breadcrumb":{"@id":"https:\/\/narcopowders.com\/product\/buy-mdpep-online\/#breadcrumb"},"inLanguage":"es","potentialAction":[{"@type":"ReadAction","target":["https:\/\/narcopowders.com\/product\/buy-mdpep-online\/"]}]},{"@type":"ImageObject","inLanguage":"es","@id":"https:\/\/narcopowders.com\/product\/buy-mdpep-online\/#primaryimage","url":"https:\/\/narcopowders.com\/wp-content\/uploads\/2024\/05\/Mdpep.gif","contentUrl":"https:\/\/narcopowders.com\/wp-content\/uploads\/2024\/05\/Mdpep.gif","width":600,"height":600,"caption":"Buy Mdpep Online"},{"@type":"BreadcrumbList","@id":"https:\/\/narcopowders.com\/product\/buy-mdpep-online\/#breadcrumb","itemListElement":[{"@type":"ListItem","position":1,"name":"Home","item":"https:\/\/narcopowders.com\/"},{"@type":"ListItem","position":2,"name":"Shop Page","item":"https:\/\/narcopowders.com\/shop\/"},{"@type":"ListItem","position":3,"name":"Buy Mdpep Online"}]},{"@type":"WebSite","@id":"https:\/\/narcopowders.com\/#website","url":"https:\/\/narcopowders.com\/","name":"Narc\u00f3ticos en polv","description":"Mi blog de WordPress","potentialAction":[{"@type":"SearchAction","target":{"@type":"EntryPoint","urlTemplate":"https:\/\/narcopowders.com\/?s={search_term_string}"},"query-input":{"@type":"PropertyValueSpecification","valueRequired":true,"valueName":"search_term_string"}}],"inLanguage":"es"}]}},"_links":{"self":[{"href":"https:\/\/narcopowders.com\/es\/wp-json\/wp\/v2\/product\/20561","targetHints":{"allow":["GET"]}}],"collection":[{"href":"https:\/\/narcopowders.com\/es\/wp-json\/wp\/v2\/product"}],"about":[{"href":"https:\/\/narcopowders.com\/es\/wp-json\/wp\/v2\/types\/product"}],"replies":[{"embeddable":true,"href":"https:\/\/narcopowders.com\/es\/wp-json\/wp\/v2\/comments?post=20561"}],"wp:featuredmedia":[{"embeddable":true,"href":"https:\/\/narcopowders.com\/es\/wp-json\/wp\/v2\/media\/21256"}],"wp:attachment":[{"href":"https:\/\/narcopowders.com\/es\/wp-json\/wp\/v2\/media?parent=20561"}],"wp:term":[{"taxonomy":"product_brand","embeddable":true,"href":"https:\/\/narcopowders.com\/es\/wp-json\/wp\/v2\/product_brand?post=20561"},{"taxonomy":"product_cat","embeddable":true,"href":"https:\/\/narcopowders.com\/es\/wp-json\/wp\/v2\/product_cat?post=20561"},{"taxonomy":"product_tag","embeddable":true,"href":"https:\/\/narcopowders.com\/es\/wp-json\/wp\/v2\/product_tag?post=20561"}],"curies":[{"name":"wp","href":"https:\/\/api.w.org\/{rel}","templated":true}]}}