{"id":20562,"date":"2024-05-23T06:14:29","date_gmt":"2024-05-23T06:14:29","guid":{"rendered":"https:\/\/narcopowders.com\/?post_type=product&#038;p=20562"},"modified":"2025-05-06T07:05:50","modified_gmt":"2025-05-06T07:05:50","slug":"buy-isotonitazene-online","status":"publish","type":"product","link":"https:\/\/narcopowders.com\/es\/producto\/comprar-isotonitazeno-online\/","title":{"rendered":"Comprar Isotonitazeno Online"},"content":{"rendered":"<h2>Comprar Isopropilfenidato en polvo<\/h2>\n<p><a href=\"https:\/\/narcopowders.com\/es\/producto\/comprar-isotonitazeno-online\/\">Comprar isopropilfenidato, isopropilfenidato<\/a> (tambi\u00e9n conocido como IPH e IPPD) es un f\u00e1rmaco estimulante de la clase de las piperidinas. El isopropilfenidato produce un efecto motivador y estimulante que tambi\u00e9n promueve la concentraci\u00f3n. Es un an\u00e1logo estructural del f\u00e1rmaco com\u00fanmente recetado. <a href=\"https:\/\/www.bing.com\/search?q=Buy%20Isotonitazene%20Online&amp;qs=n&amp;form=QBRE&amp;sp=-1&amp;lq=0&amp;pq=buy%20isotonitazene%20online&amp;sc=0-24&amp;sk=&amp;cvid=C13213C671EB4FA6BE3F236B93414129&amp;ghsh=0&amp;ghacc=0&amp;ghpl=\">ADHD<\/a> medicamento metilfenidato y se dice que produce efectos f\u00edsicos y cognitivos casi id\u00e9nticos, pero con un componente de euforia menor y una duraci\u00f3n de acci\u00f3n m\u00e1s prolongada.<\/p>\n<h3>\u00bfQu\u00e9 es el isopropilfenidato (IPH)?<\/h3>\n<p><a href=\"https:\/\/narcopowders.com\/es\/producto\/comprar-isotonitazeno-online\/\">IPH<\/a> es una sustancia qu\u00edmica de investigaci\u00f3n que pertenece a la clase de las piperdinas. Es un estimulante sint\u00e9tico. El IPH es muy similar al metilfenidato qu\u00edmico y produce resultados de investigaci\u00f3n casi id\u00e9nticos. Utilice siempre los procedimientos de seguridad de laboratorio adecuados, ya que las dosis m\u00e1s altas pueden ser mucho m\u00e1s eficaces .<\/p>\n<p><strong>Isopropilfenidato - Legalidad<\/strong><\/p>\n<p><a href=\"https:\/\/www.google.com\/search?q=Buy+Isotonitazene+Online&amp;num=10&amp;sca_esv=1a2a07081c7891bb&amp;rlz=1C1RXQR_enIN1098IN1098&amp;sxsrf=AHTn8zqQPHas8JyshcunHpWRxD6b4X8gUg%3A1741762913457&amp;ei=YTHRZ9DDG8mS4-EP--yscA&amp;ved=0ahUKEwiQ-PS9_IOMAxVJyTgGHXs2Cw4Q4dUDCBA&amp;uact=5&amp;oq=Buy+Isotonitazene+Online&amp;gs_lp=Egxnd3Mtd2l6LXNlcnAiGEJ1eSBJc290b25pdGF6ZW5lIE9ubGluZUjuBlCyA1iyA3ADeACQAQCYAdABoAHQAaoBAzItMbgBA8gBAPgBAvgBAZgCAKACAJgDAIgGAZIHAKAHTA&amp;sclient=gws-wiz-serp\">IPH<\/a> es ilegal en los Pa\u00edses Bajos, Alemania y el Reino Unido. Sin embargo, no est\u00e1 aprobado en muchos otros pa\u00edses y, por lo tanto, es legal en muchos lugares. Sin embargo, en pa\u00edses con leyes an\u00e1logas estrictas, como Estados Unidos, podr\u00eda ser potencialmente ilegal comprar Isopropilfenidato.<\/p>\n<p><strong>Efectos del isopropilfenidato<\/strong><\/p>\n<p><a href=\"https:\/\/duckduckgo.com\/?q=Buy+Isotonitazene+Online&amp;t=h_&amp;ia=web\">Isopropylphenidate<\/a>, tambi\u00e9n conocido como IPH o IPPD, es un f\u00e1rmaco estimulante de la clase de las piperidinas. Tiene un efecto energizante y motivador y tambi\u00e9n puede mejorar la concentraci\u00f3n. Es estructuralmente similar al metilfenidato del TDAH y se cree que tiene efectos cognitivos y f\u00edsicos similares. Tiene una duraci\u00f3n de acci\u00f3n m\u00e1s corta y un componente menos euf\u00f3rico.<\/p>\n<p>El isopropilfenidato s\u00f3lo se ha utilizado recientemente como droga recreativa en humanos y a\u00fan no se vende en la calle.<\/p>\n<h3>\u00bfD\u00f3nde puedo comprar IPH?<\/h3>\n<p>At <a href=\"https:\/\/en.wikipedia.org\/wiki\/Isotonitazene\">Narcopowders<\/a>, puedes comprar productos qu\u00edmicos de investigaci\u00f3n que contengan <a href=\"https:\/\/narcopowders.com\/es\/\">isopropilfenidato<\/a> En nuestro sitio web. Todos nuestros productos qu\u00edmicos de investigaci\u00f3n se prueban y analizan antes de su comercializaci\u00f3n. Solo as\u00ed podemos garantizar la alta calidad de nuestros <a href=\"https:\/\/www.bing.com\/search?q=Buy%20Isotonitazene%20Online&amp;qs=n&amp;form=QBRE&amp;sp=-1&amp;lq=0&amp;pq=buy%20isotonitazene%20online&amp;sc=0-24&amp;sk=&amp;cvid=C13213C671EB4FA6BE3F236B93414129&amp;ghsh=0&amp;ghacc=0&amp;ghpl=\">isopropilfenidato<\/a> productos. Estaremos encantados de responder a sus preguntas o proporcionarle informaci\u00f3n adicional.<\/p>\n<p>Este producto est\u00e1 destinado \u00fanicamente a fines educativos. Achemic no vende IPH excepto con fines cient\u00edficos y educativos. NO para consumo humano o uso veterinario. Realizamos env\u00edos a todo el mundo, incluidos los EE.UU.<\/p>","protected":false},"excerpt":{"rendered":"<p>Buy Isopropylphenidate Powder Isopropylphenidate Buy, Isopropylphenidate (also known as IPH and IPPD) is a stimulant drug of the piperidine class. Isopropylphenidate produces a motivating, stimulating effect that also promotes concentration. It is a structural analogue of the commonly prescribed ADHD medication methylphenidate and is said to produce nearly identical cognitive and physical effects, but with [&hellip;]<\/p>","protected":false},"featured_media":21300,"comment_status":"open","ping_status":"closed","template":"","meta":{"_joinchat":[]},"product_brand":[],"product_cat":[1724],"product_tag":[],"class_list":{"0":"post-20562","1":"product","2":"type-product","3":"status-publish","4":"has-post-thumbnail","6":"product_cat-research-chemicals","8":"first","9":"instock","10":"shipping-taxable","11":"purchasable","12":"product-type-variable","13":"add-to-wishlist-after_add_to_cart"},"yoast_head":"<!-- This site is optimized with the Yoast SEO plugin v27.5 - https:\/\/yoast.com\/product\/yoast-seo-wordpress\/ -->\n<title>Buy Isotonitazene Online - Isotonitazene for Sale Online Shop<\/title>\n<meta name=\"description\" content=\"You can buy Isotonitazene online from #1 chemical powder store NarcoPowders. We have high-quality Isotonitazene powder for sale online, Order Now!\" \/>\n<meta name=\"robots\" content=\"index, follow, max-snippet:-1, max-image-preview:large, max-video-preview:-1\" \/>\n<link rel=\"canonical\" href=\"https:\/\/narcopowders.com\/es\/producto\/comprar-isotonitazeno-online\/\" \/>\n<meta property=\"og:locale\" content=\"es_ES\" \/>\n<meta property=\"og:type\" content=\"article\" \/>\n<meta property=\"og:title\" content=\"Buy Isotonitazene Online - Isotonitazene for Sale Online Shop\" \/>\n<meta property=\"og:description\" content=\"You can buy Isotonitazene online from #1 chemical powder store NarcoPowders. We have high-quality Isotonitazene powder for sale online, Order Now!\" \/>\n<meta property=\"og:url\" content=\"https:\/\/narcopowders.com\/es\/producto\/comprar-isotonitazeno-online\/\" \/>\n<meta property=\"og:site_name\" content=\"Narco Powders\" \/>\n<meta property=\"article:modified_time\" content=\"2025-05-06T07:05:50+00:00\" \/>\n<meta property=\"og:image\" content=\"https:\/\/narcopowders.com\/wp-content\/uploads\/2024\/05\/Isotonitazene.gif\" \/>\n\t<meta property=\"og:image:width\" content=\"600\" \/>\n\t<meta property=\"og:image:height\" content=\"600\" \/>\n\t<meta property=\"og:image:type\" content=\"image\/gif\" \/>\n<meta name=\"twitter:card\" content=\"summary_large_image\" \/>\n<meta name=\"twitter:label1\" content=\"Tiempo de lectura\" \/>\n\t<meta name=\"twitter:data1\" content=\"2 minutos\" \/>\n<!-- \/ Yoast SEO plugin. -->","yoast_head_json":{"title":"Comprar Isotonitazene Online - Isotonitazene para la venta Online Shop","description":"Usted puede comprar Isotonitazene en l\u00ednea de #1 tienda de polvo qu\u00edmico NarcoPowders. \u00a1Tenemos Isotonitazene polvo de alta calidad para la venta en l\u00ednea, Ordenar ahora!","robots":{"index":"index","follow":"follow","max-snippet":"max-snippet:-1","max-image-preview":"max-image-preview:large","max-video-preview":"max-video-preview:-1"},"canonical":"https:\/\/narcopowders.com\/es\/producto\/comprar-isotonitazeno-online\/","og_locale":"es_ES","og_type":"article","og_title":"Buy Isotonitazene Online - Isotonitazene for Sale Online Shop","og_description":"You can buy Isotonitazene online from #1 chemical powder store NarcoPowders. We have high-quality Isotonitazene powder for sale online, Order Now!","og_url":"https:\/\/narcopowders.com\/es\/producto\/comprar-isotonitazeno-online\/","og_site_name":"Narco Powders","article_modified_time":"2025-05-06T07:05:50+00:00","og_image":[{"width":600,"height":600,"url":"https:\/\/narcopowders.com\/wp-content\/uploads\/2024\/05\/Isotonitazene.gif","type":"image\/gif"}],"twitter_card":"summary_large_image","twitter_misc":{"Tiempo de lectura":"2 minutos"},"schema":{"@context":"https:\/\/schema.org","@graph":[{"@type":"WebPage","@id":"https:\/\/narcopowders.com\/product\/buy-isotonitazene-online\/","url":"https:\/\/narcopowders.com\/product\/buy-isotonitazene-online\/","name":"Comprar Isotonitazene Online - Isotonitazene para la venta Online Shop","isPartOf":{"@id":"https:\/\/narcopowders.com\/#website"},"primaryImageOfPage":{"@id":"https:\/\/narcopowders.com\/product\/buy-isotonitazene-online\/#primaryimage"},"image":{"@id":"https:\/\/narcopowders.com\/product\/buy-isotonitazene-online\/#primaryimage"},"thumbnailUrl":"https:\/\/narcopowders.com\/wp-content\/uploads\/2024\/05\/Isotonitazene.gif","datePublished":"2024-05-23T06:14:29+00:00","dateModified":"2025-05-06T07:05:50+00:00","description":"Usted puede comprar Isotonitazene en l\u00ednea de #1 tienda de polvo qu\u00edmico NarcoPowders. \u00a1Tenemos Isotonitazene polvo de alta calidad para la venta en l\u00ednea, Ordenar ahora!","breadcrumb":{"@id":"https:\/\/narcopowders.com\/product\/buy-isotonitazene-online\/#breadcrumb"},"inLanguage":"es","potentialAction":[{"@type":"ReadAction","target":["https:\/\/narcopowders.com\/product\/buy-isotonitazene-online\/"]}]},{"@type":"ImageObject","inLanguage":"es","@id":"https:\/\/narcopowders.com\/product\/buy-isotonitazene-online\/#primaryimage","url":"https:\/\/narcopowders.com\/wp-content\/uploads\/2024\/05\/Isotonitazene.gif","contentUrl":"https:\/\/narcopowders.com\/wp-content\/uploads\/2024\/05\/Isotonitazene.gif","width":600,"height":600,"caption":"Buy Isotonitazene Online"},{"@type":"BreadcrumbList","@id":"https:\/\/narcopowders.com\/product\/buy-isotonitazene-online\/#breadcrumb","itemListElement":[{"@type":"ListItem","position":1,"name":"Home","item":"https:\/\/narcopowders.com\/"},{"@type":"ListItem","position":2,"name":"Shop Page","item":"https:\/\/narcopowders.com\/shop\/"},{"@type":"ListItem","position":3,"name":"Buy Isotonitazene Online"}]},{"@type":"WebSite","@id":"https:\/\/narcopowders.com\/#website","url":"https:\/\/narcopowders.com\/","name":"Narc\u00f3ticos en polv","description":"Mi blog de WordPress","potentialAction":[{"@type":"SearchAction","target":{"@type":"EntryPoint","urlTemplate":"https:\/\/narcopowders.com\/?s={search_term_string}"},"query-input":{"@type":"PropertyValueSpecification","valueRequired":true,"valueName":"search_term_string"}}],"inLanguage":"es"}]}},"_links":{"self":[{"href":"https:\/\/narcopowders.com\/es\/wp-json\/wp\/v2\/product\/20562","targetHints":{"allow":["GET"]}}],"collection":[{"href":"https:\/\/narcopowders.com\/es\/wp-json\/wp\/v2\/product"}],"about":[{"href":"https:\/\/narcopowders.com\/es\/wp-json\/wp\/v2\/types\/product"}],"replies":[{"embeddable":true,"href":"https:\/\/narcopowders.com\/es\/wp-json\/wp\/v2\/comments?post=20562"}],"wp:featuredmedia":[{"embeddable":true,"href":"https:\/\/narcopowders.com\/es\/wp-json\/wp\/v2\/media\/21300"}],"wp:attachment":[{"href":"https:\/\/narcopowders.com\/es\/wp-json\/wp\/v2\/media?parent=20562"}],"wp:term":[{"taxonomy":"product_brand","embeddable":true,"href":"https:\/\/narcopowders.com\/es\/wp-json\/wp\/v2\/product_brand?post=20562"},{"taxonomy":"product_cat","embeddable":true,"href":"https:\/\/narcopowders.com\/es\/wp-json\/wp\/v2\/product_cat?post=20562"},{"taxonomy":"product_tag","embeddable":true,"href":"https:\/\/narcopowders.com\/es\/wp-json\/wp\/v2\/product_tag?post=20562"}],"curies":[{"name":"wp","href":"https:\/\/api.w.org\/{rel}","templated":true}]}}