{"id":20594,"date":"2024-05-23T06:14:38","date_gmt":"2024-05-23T06:14:38","guid":{"rendered":"https:\/\/narcopowders.com\/?post_type=product&#038;p=20594"},"modified":"2025-03-26T12:59:38","modified_gmt":"2025-03-26T12:59:38","slug":"buy-bmdp-online","status":"publish","type":"product","link":"https:\/\/narcopowders.com\/es\/producto\/comprar-bmdp-online\/","title":{"rendered":"Comprar BMDP en l\u00ednea"},"content":{"rendered":"<h2>Comprar BMDP en polvo en l\u00ednea<\/h2>\n<p>Comparable en estructura a la metilona, <a href=\"https:\/\/narcopowders.com\/es\/producto\/comprar-bmdp-online\/\">BMDP<\/a> Es una catinona sustituida. El grupo aminometilo de la mol\u00e9cula de BMDP tiene una familia fenilo a\u00f1adida, lo que reduce significativamente su solubilidad en soluciones l\u00edquidas. Actualmente, se desconocen las caracter\u00edsticas fisiol\u00f3gicas y toxicol\u00f3gicas del BMDP. <a href=\"https:\/\/en.wikipedia.org\/wiki\/BMDP\">BMDP<\/a> est\u00e1 destinado \u00fanicamente a ser utilizado para investigaciones y fines forenses.<\/p>\n<p>1-(1,3-benzodioxol-5-il) es el nombre formal.-2-[Amino (fenilmetil)]El monohidrocloruro -1-propanona<\/p>\n<p>T\u00e9rminos alternativos: BMDP<\/p>\n<p>Peso de la f\u00f3rmula: 319.8<\/p>\n<p>99% pureza<\/p>\n<p>Formulaci\u00f3n: Un s\u00f3lido con cristales<\/p>\n<p>Algunos estimulantes y entact\u00f3genos son ejemplos de catinonas sustituidas, derivadas de la catinona. Adem\u00e1s de otros sustituyentes, tienen un n\u00facleo de fenetilamina con un grupo alquilo unido al carbono alfa y un grupo cetona unido al carbono beta. La planta khat, cuyas hojas se consumen como droga recreativa, contiene naturalmente ftalona.<\/p>\n<p>P\u00e1gina de Wikipedia para medicamentos bmdp dosis de erowid medicamento bmdp<br \/>\ndrug <a href=\"https:\/\/www.google.com\/search?q=Buy+BMDP+Online&amp;sca_esv=16def464f60f9903&amp;sxsrf=AHTn8zrL_hv7kEUtrZBMgrdLM2jgfonusg%3A1742993755788&amp;ei=W_njZ-TnL9K-0PEPy9b6GA&amp;ved=0ahUKEwikgaPd5aeMAxVSHzQIHUurHgMQ4dUDCBA&amp;uact=5&amp;oq=Buy+BMDP+Online&amp;gs_lp=Egxnd3Mtd2l6LXNlcnAiD0J1eSBCTURQIE9ubGluZTIFECEYoAEyBRAhGKABMgUQIRigATIFECEYoAEyBRAhGKABSKIIUIEEWIEEcAF4AJABAJgBgwOgAYMDqgEDMy0xuAEDyAEA-AEC-AEBmAICoAKRA8ICCBAAGLADGO8FwgILEAAYgAQYsAMYogSYAwCIBgGQBgOSBwUxLjMtMaAHvgOyBwMzLTG4B4sD&amp;sclient=gws-wiz-serp\">BMDPA<\/a> erowid, drug BMDPA dose, drug BMDPA rc ebk<\/p>\n<p>La catinona sustituida conocida como <a href=\"https:\/\/narcopowders.com\/es\/\">BMDP Powder<\/a> Comparte similitudes estructurales con la metilona. El polvo de BMDP contiene una familia de fenilos a\u00f1adida a la familia de los aminometilos, lo que reduce significativamente su solubilidad en soluciones l\u00edquidas. A\u00fan se desconocen las caracter\u00edsticas fisiol\u00f3gicas y toxicol\u00f3gicas del polvo de BMDP. <a href=\"https:\/\/duckduckgo.com\/?q=Buy+BMDP+Online&amp;t=h_&amp;ia=web\">BMDP Powder<\/a> est\u00e1 destinado exclusivamente para su uso en investigaciones e investigaciones forenses.<\/p>\n<p>Denominaci\u00f3n en el formulario: 1-(1,3-benzodioxol-5-il)-2-[(Aminometil)fenil]Monohidrato de -1-propanona<\/p>\n<p>Alternativas: BMDP Polvo<\/p>\n<p>C\u00e1lculo Peso: 319,8<\/p>\n<p>Pureza: superior a 99%<\/p>\n<p>Composici\u00f3n: Un cristal s\u00f3lido<\/p>\n<p><a href=\"https:\/\/www.bing.com\/search?q=Buy%20BMDP%20Online&amp;qs=n&amp;form=QBRE&amp;sp=-1&amp;lq=0&amp;pq=buy%20bmdp%20online&amp;sc=0-15&amp;sk=&amp;cvid=ABD838CF4710468CBC6ED1308B7C151E&amp;ghsh=0&amp;ghacc=0&amp;ghpl=\">Consiga BMDP en polvo en l\u00ednea<\/a><\/p>","protected":false},"excerpt":{"rendered":"<p>Buy BMDP Powder Online Comparable in structure to methylone, BMDP is a substituted cathinone. The amino methyl group of the BMDP molecule has a phenyl family added to it, which significantly reduces its solubility in liquid solutions. These days, nothing is known about the physiological and toxicological characteristics of BMDP. BMDP is solely meant to [&hellip;]<\/p>","protected":false},"featured_media":21296,"comment_status":"open","ping_status":"closed","template":"","meta":{"_joinchat":[]},"product_brand":[],"product_cat":[1599],"product_tag":[],"class_list":{"0":"post-20594","1":"product","2":"type-product","3":"status-publish","4":"has-post-thumbnail","6":"product_cat-stimulants","8":"first","9":"instock","10":"shipping-taxable","11":"purchasable","12":"product-type-variable","13":"add-to-wishlist-after_add_to_cart"},"yoast_head":"<!-- This site is optimized with the Yoast SEO plugin v27.5 - https:\/\/yoast.com\/product\/yoast-seo-wordpress\/ -->\n<title>Buy BMDP Online - Order BMDP Online - BMDP Powder for Sale<\/title>\n<meta name=\"description\" content=\"Order BMDP Online - NarcoPowders is a leading online shop where to buy BMDP online legally at best price. Just Purchase BMDP Powder for Sale Online!\" \/>\n<meta name=\"robots\" content=\"index, follow, max-snippet:-1, max-image-preview:large, max-video-preview:-1\" \/>\n<link rel=\"canonical\" href=\"https:\/\/narcopowders.com\/es\/producto\/comprar-bmdp-online\/\" \/>\n<meta property=\"og:locale\" content=\"es_ES\" \/>\n<meta property=\"og:type\" content=\"article\" \/>\n<meta property=\"og:title\" content=\"Buy BMDP Online - Order BMDP Online - BMDP Powder for Sale\" \/>\n<meta property=\"og:description\" content=\"Order BMDP Online - NarcoPowders is a leading online shop where to buy BMDP online legally at best price. Just Purchase BMDP Powder for Sale Online!\" \/>\n<meta property=\"og:url\" content=\"https:\/\/narcopowders.com\/es\/producto\/comprar-bmdp-online\/\" \/>\n<meta property=\"og:site_name\" content=\"Narco Powders\" \/>\n<meta property=\"article:modified_time\" content=\"2025-03-26T12:59:38+00:00\" \/>\n<meta property=\"og:image\" content=\"https:\/\/narcopowders.com\/wp-content\/uploads\/2024\/05\/BMDP.gif\" \/>\n\t<meta property=\"og:image:width\" content=\"600\" \/>\n\t<meta property=\"og:image:height\" content=\"600\" \/>\n\t<meta property=\"og:image:type\" content=\"image\/gif\" \/>\n<meta name=\"twitter:card\" content=\"summary_large_image\" \/>\n<meta name=\"twitter:label1\" content=\"Tiempo de lectura\" \/>\n\t<meta name=\"twitter:data1\" content=\"2 minutos\" \/>\n<!-- \/ Yoast SEO plugin. -->","yoast_head_json":{"title":"Comprar BMDP en l\u00ednea - Pedir BMDP en l\u00ednea - Venta de BMDP en polvo","description":"Orden BMDP Online - NarcoPowders es una tienda en l\u00ednea l\u00edder donde comprar BMDP en l\u00ednea legalmente al mejor precio. \u00a1S\u00f3lo tienes que comprar BMDP polvo para la venta en l\u00ednea!","robots":{"index":"index","follow":"follow","max-snippet":"max-snippet:-1","max-image-preview":"max-image-preview:large","max-video-preview":"max-video-preview:-1"},"canonical":"https:\/\/narcopowders.com\/es\/producto\/comprar-bmdp-online\/","og_locale":"es_ES","og_type":"article","og_title":"Buy BMDP Online - Order BMDP Online - BMDP Powder for Sale","og_description":"Order BMDP Online - NarcoPowders is a leading online shop where to buy BMDP online legally at best price. Just Purchase BMDP Powder for Sale Online!","og_url":"https:\/\/narcopowders.com\/es\/producto\/comprar-bmdp-online\/","og_site_name":"Narco Powders","article_modified_time":"2025-03-26T12:59:38+00:00","og_image":[{"width":600,"height":600,"url":"https:\/\/narcopowders.com\/wp-content\/uploads\/2024\/05\/BMDP.gif","type":"image\/gif"}],"twitter_card":"summary_large_image","twitter_misc":{"Tiempo de lectura":"2 minutos"},"schema":{"@context":"https:\/\/schema.org","@graph":[{"@type":"WebPage","@id":"https:\/\/narcopowders.com\/product\/buy-bmdp-online\/","url":"https:\/\/narcopowders.com\/product\/buy-bmdp-online\/","name":"Comprar BMDP en l\u00ednea - Pedir BMDP en l\u00ednea - Venta de BMDP en polvo","isPartOf":{"@id":"https:\/\/narcopowders.com\/#website"},"primaryImageOfPage":{"@id":"https:\/\/narcopowders.com\/product\/buy-bmdp-online\/#primaryimage"},"image":{"@id":"https:\/\/narcopowders.com\/product\/buy-bmdp-online\/#primaryimage"},"thumbnailUrl":"https:\/\/narcopowders.com\/wp-content\/uploads\/2024\/05\/BMDP.gif","datePublished":"2024-05-23T06:14:38+00:00","dateModified":"2025-03-26T12:59:38+00:00","description":"Orden BMDP Online - NarcoPowders es una tienda en l\u00ednea l\u00edder donde comprar BMDP en l\u00ednea legalmente al mejor precio. \u00a1S\u00f3lo tienes que comprar BMDP polvo para la venta en l\u00ednea!","breadcrumb":{"@id":"https:\/\/narcopowders.com\/product\/buy-bmdp-online\/#breadcrumb"},"inLanguage":"es","potentialAction":[{"@type":"ReadAction","target":["https:\/\/narcopowders.com\/product\/buy-bmdp-online\/"]}]},{"@type":"ImageObject","inLanguage":"es","@id":"https:\/\/narcopowders.com\/product\/buy-bmdp-online\/#primaryimage","url":"https:\/\/narcopowders.com\/wp-content\/uploads\/2024\/05\/BMDP.gif","contentUrl":"https:\/\/narcopowders.com\/wp-content\/uploads\/2024\/05\/BMDP.gif","width":600,"height":600,"caption":"Buy BMDP Online"},{"@type":"BreadcrumbList","@id":"https:\/\/narcopowders.com\/product\/buy-bmdp-online\/#breadcrumb","itemListElement":[{"@type":"ListItem","position":1,"name":"Home","item":"https:\/\/narcopowders.com\/"},{"@type":"ListItem","position":2,"name":"Shop Page","item":"https:\/\/narcopowders.com\/shop\/"},{"@type":"ListItem","position":3,"name":"Buy BMDP Online"}]},{"@type":"WebSite","@id":"https:\/\/narcopowders.com\/#website","url":"https:\/\/narcopowders.com\/","name":"Narc\u00f3ticos en polv","description":"Mi blog de WordPress","potentialAction":[{"@type":"SearchAction","target":{"@type":"EntryPoint","urlTemplate":"https:\/\/narcopowders.com\/?s={search_term_string}"},"query-input":{"@type":"PropertyValueSpecification","valueRequired":true,"valueName":"search_term_string"}}],"inLanguage":"es"}]}},"_links":{"self":[{"href":"https:\/\/narcopowders.com\/es\/wp-json\/wp\/v2\/product\/20594","targetHints":{"allow":["GET"]}}],"collection":[{"href":"https:\/\/narcopowders.com\/es\/wp-json\/wp\/v2\/product"}],"about":[{"href":"https:\/\/narcopowders.com\/es\/wp-json\/wp\/v2\/types\/product"}],"replies":[{"embeddable":true,"href":"https:\/\/narcopowders.com\/es\/wp-json\/wp\/v2\/comments?post=20594"}],"wp:featuredmedia":[{"embeddable":true,"href":"https:\/\/narcopowders.com\/es\/wp-json\/wp\/v2\/media\/21296"}],"wp:attachment":[{"href":"https:\/\/narcopowders.com\/es\/wp-json\/wp\/v2\/media?parent=20594"}],"wp:term":[{"taxonomy":"product_brand","embeddable":true,"href":"https:\/\/narcopowders.com\/es\/wp-json\/wp\/v2\/product_brand?post=20594"},{"taxonomy":"product_cat","embeddable":true,"href":"https:\/\/narcopowders.com\/es\/wp-json\/wp\/v2\/product_cat?post=20594"},{"taxonomy":"product_tag","embeddable":true,"href":"https:\/\/narcopowders.com\/es\/wp-json\/wp\/v2\/product_tag?post=20594"}],"curies":[{"name":"wp","href":"https:\/\/api.w.org\/{rel}","templated":true}]}}