{"id":20595,"date":"2024-05-23T06:14:38","date_gmt":"2024-05-23T06:14:38","guid":{"rendered":"https:\/\/narcopowders.com\/?post_type=product&#038;p=20595"},"modified":"2025-03-26T12:09:41","modified_gmt":"2025-03-26T12:09:41","slug":"buy-ebk-online","status":"publish","type":"product","link":"https:\/\/narcopowders.com\/es\/producto\/comprar-ebk-online\/","title":{"rendered":"Comprar EBK en l\u00ednea"},"content":{"rendered":"<h2>Comprar EBK en l\u00ednea,<\/h2>\n<p><a href=\"https:\/\/narcopowders.com\/es\/producto\/comprar-ebk-online\/\">Obtenga EBK Crystal en l\u00ednea<\/a>. <a href=\"https:\/\/narcopowders.com\/es\/\">NarcoPowders.com<\/a> es un conocido minorista en l\u00ednea de productos qu\u00edmicos de investigaci\u00f3n donde cualquier persona mayor de 18 a\u00f1os puede conseguir EBK, que se considera el \u00faltimo producto qu\u00edmico estimulante. Se puede comprar como sustituto de la N-etilpentilona y se presenta en forma de cristales grandes. Tambi\u00e9n se conoce con los nombres de Ephylone y bk-EBDP .<\/p>\n<h3>\u00bfD\u00f3nde se utiliza el producto qu\u00edmico EBK?<\/h3>\n<p>Desde <a href=\"https:\/\/www.bing.com\/search?q=Buy%20EBK%20Online&amp;qs=n&amp;form=QBRE&amp;sp=-1&amp;lq=0&amp;pq=buy%20ebk%20online&amp;sc=12-14&amp;sk=&amp;cvid=BBEE1990BAEF473A91C90965DD288E7A&amp;ghsh=0&amp;ghacc=0&amp;ghpl=\">EBC crystal<\/a> Es legal en la mayor parte del pa\u00eds, por lo que no deber\u00eda ser dif\u00edcil solicitarlo en l\u00ednea. La venta es solo para fines de investigaci\u00f3n y no se utilizar\u00e1 para ning\u00fan otro fin. Su aplicaci\u00f3n no se limita a diagn\u00f3sticos in vivo, alimentos, medicamentos, dispositivos m\u00e9dicos, cosm\u00e9ticos ni productos farmac\u00e9uticos. Antes de completar el formulario en l\u00ednea... <a href=\"https:\/\/duckduckgo.com\/?q=Buy+EBK+Online&amp;t=h_&amp;ia=web\">EBK<\/a> Formulario de pedido de productos qu\u00edmicos, aseg\u00farese de que haya ventilaci\u00f3n adecuada en su vecindario.<\/p>\n<p>Tenemos una larga trayectoria como fuente fiable y reputada de productos qu\u00edmicos para investigaci\u00f3n. Los comentarios de clientes reales que dejan en nuestros sitios web tanto clientes nuevos como antiguos inspiran a los clientes potenciales a hacernos un pedido.<\/p>\n<p>El proveedor l\u00edder y m\u00e1s confiable de productos qu\u00edmicos EBK a un precio razonable es <a href=\"https:\/\/www.google.com\/search?q=Buy+EBK+Online&amp;sca_esv=ae1c882eac2a8cbb&amp;sxsrf=AHTn8zpjQYfyM8PU2BR4giICyNEfDZXYRg%3A1742987778688&amp;ei=AuLjZ9vKKfihseMPjMHM8A4&amp;ved=0ahUKEwjb05W7z6eMAxX4UGwGHYwgE-4Q4dUDCA8&amp;uact=5&amp;oq=Buy+EBK+Online&amp;gs_lp=Egxnd3Mtd2l6LXNlcnAiDkJ1eSBFQksgT25saW5lMgcQABiABBgNMggQABgIGA0YHjIKEAAYCBgKGA0YHjILEAAYgAQYhgMYigUyCxAAGIAEGIYDGIoFMggQABiABBiiBDIIEAAYgAQYogQyCBAAGIAEGKIEMggQABiABBiiBEjhCFDsA1jsA3ACeACQAQCYAakBoAGpAaoBAzAuMbgBA8gBAPgBAvgBAZgCAaACsQGYAwCIBgGSBwMwLjGgB-YGsgcDMC4xuAexAQ&amp;sclient=gws-wiz-serp\">NarcoPolvos<\/a>Ofrecemos cristales EBK premium a la venta y suministramos productos qu\u00edmicos EBK a todos los pa\u00edses, incluyendo EE. UU., Europa, Australia y Canad\u00e1. Gracias a la excepcional calidad de nuestros productos, somos l\u00edderes en la producci\u00f3n y distribuci\u00f3n de productos qu\u00edmicos para investigaci\u00f3n.<\/p>\n<p>Concedemos gran importancia a la protecci\u00f3n de la privacidad de nuestros clientes y no hacemos concesiones al respecto. Utilizamos las \u00faltimas tecnolog\u00edas de seguridad en cada transacci\u00f3n. La satisfacci\u00f3n de nuestros clientes es crucial para el \u00e9xito de nuestra empresa. EBK Chemicals es una empresa que realiza estudios y an\u00e1lisis exhaustivos antes de sacar un producto al mercado. La pureza y la calidad del producto son los factores m\u00e1s importantes en los que no escatimamos.<\/p>\n<p>Si tiene alguna pregunta o inquietud, utilice nuestra interfaz de atenci\u00f3n al cliente. Le garantizamos que procesaremos su consulta lo antes posible. <a href=\"https:\/\/en.wikipedia.org\/wiki\/EBK\">Comprar EBK en l\u00ednea<\/a>.<\/p>\n<p>Nuestra marca es la que la gente elige por varias razones, entre ellas el embalaje experto, los servicios de entrega puntual y la disponibilidad del producto en todas las cantidades. Una vez recibido su pago, su pedido ser\u00e1 aprobado.<\/p>","protected":false},"excerpt":{"rendered":"<p>Buy EBK Online, Get EBK Crystal Online. NarcoPowders.com is a well-known online retailer of research chemicals where anyone over the age of 18 can get EBK, which is considered the latest stimulant chemical. It can be purchased as a replacement for N-ethylpentylone and is in large crystal form. It is also known by the names [&hellip;]<\/p>","protected":false},"featured_media":21295,"comment_status":"open","ping_status":"closed","template":"","meta":{"_joinchat":[]},"product_brand":[],"product_cat":[1724,1538],"product_tag":[],"class_list":{"0":"post-20595","1":"product","2":"type-product","3":"status-publish","4":"has-post-thumbnail","6":"product_cat-research-chemicals","7":"product_cat-cannabinoids","9":"first","10":"instock","11":"shipping-taxable","12":"purchasable","13":"product-type-variable","14":"add-to-wishlist-after_add_to_cart"},"yoast_head":"<!-- This site is optimized with the Yoast SEO plugin v27.5 - https:\/\/yoast.com\/product\/yoast-seo-wordpress\/ -->\n<title>Buy EBK Online - EBK for Sale - Order EBK | NarcoPowders<\/title>\n<meta name=\"description\" content=\"Looking for high-quality EBK for sale online from a leading chemical store? NarcoPowders is the best place to buy EBK online. Order EBK Now!\" \/>\n<meta name=\"robots\" content=\"index, follow, max-snippet:-1, max-image-preview:large, max-video-preview:-1\" \/>\n<link rel=\"canonical\" href=\"https:\/\/narcopowders.com\/es\/producto\/comprar-ebk-online\/\" \/>\n<meta property=\"og:locale\" content=\"es_ES\" \/>\n<meta property=\"og:type\" content=\"article\" \/>\n<meta property=\"og:title\" content=\"Buy EBK Online - EBK for Sale - Order EBK | NarcoPowders\" \/>\n<meta property=\"og:description\" content=\"Looking for high-quality EBK for sale online from a leading chemical store? NarcoPowders is the best place to buy EBK online. Order EBK Now!\" \/>\n<meta property=\"og:url\" content=\"https:\/\/narcopowders.com\/es\/producto\/comprar-ebk-online\/\" \/>\n<meta property=\"og:site_name\" content=\"Narco Powders\" \/>\n<meta property=\"article:modified_time\" content=\"2025-03-26T12:09:41+00:00\" \/>\n<meta property=\"og:image\" content=\"https:\/\/narcopowders.com\/wp-content\/uploads\/2024\/05\/EB-BK.gif\" \/>\n\t<meta property=\"og:image:width\" content=\"600\" \/>\n\t<meta property=\"og:image:height\" content=\"600\" \/>\n\t<meta property=\"og:image:type\" content=\"image\/gif\" \/>\n<meta name=\"twitter:card\" content=\"summary_large_image\" \/>\n<meta name=\"twitter:label1\" content=\"Tiempo de lectura\" \/>\n\t<meta name=\"twitter:data1\" content=\"2 minutos\" \/>\n<!-- \/ Yoast SEO plugin. -->","yoast_head_json":{"title":"Comprar EBK Online - EBK en Venta - Pedir EBK | NarcoPowders","description":"\u00bfBuscas EBK de alta calidad a la venta en l\u00ednea en una tienda l\u00edder de productos qu\u00edmicos? NarcoPowders es el mejor lugar para comprar EBK en l\u00ednea. \u00a1Pide EBK ahora!","robots":{"index":"index","follow":"follow","max-snippet":"max-snippet:-1","max-image-preview":"max-image-preview:large","max-video-preview":"max-video-preview:-1"},"canonical":"https:\/\/narcopowders.com\/es\/producto\/comprar-ebk-online\/","og_locale":"es_ES","og_type":"article","og_title":"Buy EBK Online - EBK for Sale - Order EBK | NarcoPowders","og_description":"Looking for high-quality EBK for sale online from a leading chemical store? NarcoPowders is the best place to buy EBK online. Order EBK Now!","og_url":"https:\/\/narcopowders.com\/es\/producto\/comprar-ebk-online\/","og_site_name":"Narco Powders","article_modified_time":"2025-03-26T12:09:41+00:00","og_image":[{"width":600,"height":600,"url":"https:\/\/narcopowders.com\/wp-content\/uploads\/2024\/05\/EB-BK.gif","type":"image\/gif"}],"twitter_card":"summary_large_image","twitter_misc":{"Tiempo de lectura":"2 minutos"},"schema":{"@context":"https:\/\/schema.org","@graph":[{"@type":"WebPage","@id":"https:\/\/narcopowders.com\/product\/buy-ebk-online\/","url":"https:\/\/narcopowders.com\/product\/buy-ebk-online\/","name":"Comprar EBK Online - EBK en Venta - Pedir EBK | NarcoPowders","isPartOf":{"@id":"https:\/\/narcopowders.com\/#website"},"primaryImageOfPage":{"@id":"https:\/\/narcopowders.com\/product\/buy-ebk-online\/#primaryimage"},"image":{"@id":"https:\/\/narcopowders.com\/product\/buy-ebk-online\/#primaryimage"},"thumbnailUrl":"https:\/\/narcopowders.com\/wp-content\/uploads\/2024\/05\/EB-BK.gif","datePublished":"2024-05-23T06:14:38+00:00","dateModified":"2025-03-26T12:09:41+00:00","description":"\u00bfBuscas EBK de alta calidad a la venta en l\u00ednea en una tienda l\u00edder de productos qu\u00edmicos? NarcoPowders es el mejor lugar para comprar EBK en l\u00ednea. \u00a1Pide EBK ahora!","breadcrumb":{"@id":"https:\/\/narcopowders.com\/product\/buy-ebk-online\/#breadcrumb"},"inLanguage":"es","potentialAction":[{"@type":"ReadAction","target":["https:\/\/narcopowders.com\/product\/buy-ebk-online\/"]}]},{"@type":"ImageObject","inLanguage":"es","@id":"https:\/\/narcopowders.com\/product\/buy-ebk-online\/#primaryimage","url":"https:\/\/narcopowders.com\/wp-content\/uploads\/2024\/05\/EB-BK.gif","contentUrl":"https:\/\/narcopowders.com\/wp-content\/uploads\/2024\/05\/EB-BK.gif","width":600,"height":600,"caption":"Buy EBK Online"},{"@type":"BreadcrumbList","@id":"https:\/\/narcopowders.com\/product\/buy-ebk-online\/#breadcrumb","itemListElement":[{"@type":"ListItem","position":1,"name":"Home","item":"https:\/\/narcopowders.com\/"},{"@type":"ListItem","position":2,"name":"Shop Page","item":"https:\/\/narcopowders.com\/shop\/"},{"@type":"ListItem","position":3,"name":"Buy EBK Online"}]},{"@type":"WebSite","@id":"https:\/\/narcopowders.com\/#website","url":"https:\/\/narcopowders.com\/","name":"Narc\u00f3ticos en polv","description":"Mi blog de WordPress","potentialAction":[{"@type":"SearchAction","target":{"@type":"EntryPoint","urlTemplate":"https:\/\/narcopowders.com\/?s={search_term_string}"},"query-input":{"@type":"PropertyValueSpecification","valueRequired":true,"valueName":"search_term_string"}}],"inLanguage":"es"}]}},"_links":{"self":[{"href":"https:\/\/narcopowders.com\/es\/wp-json\/wp\/v2\/product\/20595","targetHints":{"allow":["GET"]}}],"collection":[{"href":"https:\/\/narcopowders.com\/es\/wp-json\/wp\/v2\/product"}],"about":[{"href":"https:\/\/narcopowders.com\/es\/wp-json\/wp\/v2\/types\/product"}],"replies":[{"embeddable":true,"href":"https:\/\/narcopowders.com\/es\/wp-json\/wp\/v2\/comments?post=20595"}],"wp:featuredmedia":[{"embeddable":true,"href":"https:\/\/narcopowders.com\/es\/wp-json\/wp\/v2\/media\/21295"}],"wp:attachment":[{"href":"https:\/\/narcopowders.com\/es\/wp-json\/wp\/v2\/media?parent=20595"}],"wp:term":[{"taxonomy":"product_brand","embeddable":true,"href":"https:\/\/narcopowders.com\/es\/wp-json\/wp\/v2\/product_brand?post=20595"},{"taxonomy":"product_cat","embeddable":true,"href":"https:\/\/narcopowders.com\/es\/wp-json\/wp\/v2\/product_cat?post=20595"},{"taxonomy":"product_tag","embeddable":true,"href":"https:\/\/narcopowders.com\/es\/wp-json\/wp\/v2\/product_tag?post=20595"}],"curies":[{"name":"wp","href":"https:\/\/api.w.org\/{rel}","templated":true}]}}