{"id":20596,"date":"2024-05-23T06:14:38","date_gmt":"2024-05-23T06:14:38","guid":{"rendered":"https:\/\/narcopowders.com\/?post_type=product&#038;p=20596"},"modified":"2025-05-06T07:02:40","modified_gmt":"2025-05-06T07:02:40","slug":"buy-a-pvp-online","status":"publish","type":"product","link":"https:\/\/narcopowders.com\/es\/producto\/comprar-un-pvp-en-linea\/","title":{"rendered":"Comprar A-PVP en l\u00ednea"},"content":{"rendered":"<h2><strong>Comprar A-PVP | Comprar PURE A-PVP Discretamente Online de Narcopowders<\/strong><\/h2>\n<p><a href=\"https:\/\/www.bing.com\/search?q=Buy%20A-PVP%20Online&amp;qs=n&amp;form=QBRE&amp;sp=-1&amp;lq=0&amp;pq=buy%20a-pvp%20online&amp;sc=11-16&amp;sk=&amp;cvid=4E28154F139746CCBA2FB97A8E4FDC63&amp;ghsh=0&amp;ghacc=0&amp;ghpl=\">Comprar A-PVP en l\u00ednea<\/a> is a relatively new service and is being closely examined <a tabindex=\"-1\" href=\"https:\/\/en.wikipedia.org\/wiki\/Alpha-Pyrrolidinopentiophenone\" target=\"_blank\" rel=\"noopener\">en.wikipedia.org\/\u2026\/Alpha-Pyrrolidinopentiophenone<\/a>by the media, much like MDPV and \u201cbath salts\u201d were in the beginning of 2011.<\/p>\n<p><a href=\"https:\/\/www.bing.com\/search?q=Buy%20A-PVP%20Online&amp;qs=n&amp;form=QBRE&amp;sp=-1&amp;lq=0&amp;pq=buy%20a-pvp%20online&amp;sc=11-16&amp;sk=&amp;cvid=4E28154F139746CCBA2FB97A8E4FDC63&amp;ghsh=0&amp;ghacc=0&amp;ghpl=\">A-PVP<\/a>, Alpha-PVP, \u03b1-Pyrrolidinopentiophenone, or flakka is another name for <a href=\"https:\/\/www.google.de\/search?q=Buy+A-PVP+Online&amp;sca_esv=1a2a07081c7891bb&amp;rlz=1C1RXQR_enIN1098IN1098&amp;ei=WbfOZ77MHtbe1e8PosiFkQo&amp;ved=0ahUKEwj-3MXpn_-LAxVWb_UHHSJkIaIQ4dUDCBA&amp;uact=5&amp;oq=Buy+A-PVP+Online&amp;gs_lp=Egxnd3Mtd2l6LXNlcnAiEEJ1eSBBLVBWUCBPbmxpbmVIoQdQnANYnANwA3gAkAEAmAHaAaAB2gGqAQMyLTG4AQPIAQD4AQL4AQGYAgCgAgCYAwCIBgGSBwCgB0Q&amp;sclient=gws-wiz-serp\">Buy a-PVP Crystal Powder Online<\/a>Pertenece a los grupos de estimulantes sint\u00e9ticos catinona y pirovalerona. Qu\u00edmicamente, comparte similitudes con otros compuestos de pirovalerona, como el MDPV y los compuestos de catinona, presentes en la planta de khat de \u00c1frica oriental. Generalmente se presenta en forma de grandes fragmentos de cristal o polvo cristalino que los consumidores pueden ingerir para producir efectos similares a los de la coca\u00edna y la anfetamina.<\/p>\n<p>Buy crystals for <a href=\"https:\/\/www.google.de\/search?q=Buy+A-PVP+Online&amp;sca_esv=1a2a07081c7891bb&amp;rlz=1C1RXQR_enIN1098IN1098&amp;ei=WbfOZ77MHtbe1e8PosiFkQo&amp;ved=0ahUKEwj-3MXpn_-LAxVWb_UHHSJkIaIQ4dUDCBA&amp;uact=5&amp;oq=Buy+A-PVP+Online&amp;gs_lp=Egxnd3Mtd2l6LXNlcnAiEEJ1eSBBLVBWUCBPbmxpbmVIoQdQnANYnANwA3gAkAEAmAHaAaAB2gGqAQMyLTG4AQPIAQD4AQL4AQGYAgCgAgCYAwCIBgGSBwCgB0Q&amp;sclient=gws-wiz-serp\">A-PVP online<\/a>. El polvo es un producto relativamente nuevo y est\u00e1 siendo examinado de cerca por los medios de comunicaci\u00f3n, al igual que lo fueron la MDPV y las \"sales de ba\u00f1o\" a principios de 2011. Con frecuencia se produce en masa en China y los vendedores lo ponen a la venta en l\u00ednea como producto qu\u00edmico de investigaci\u00f3n.<\/p>\n<h3><strong>impactos de los cristales de alfa-PVP f\u00edsicamente<\/strong><\/h3>\n<p>Experiencias t\u00e1ctiles inesperadas Todo el cuerpo se cubre de una sensaci\u00f3n de hormigueo euf\u00f3rico de moderada a intensa que se conoce como el \"coloc\u00f3n corporal\" de la \u03b1-PVP. En dosis mayores, puede llegar a ser abrumador. Esta sensaci\u00f3n es constante, aumentando gradualmente al principio y alcanzando un m\u00e1ximo s\u00f3lo para disminuir. <a href=\"https:\/\/narcopowders.com\/es\/\">Narco Powders.<\/a><\/p>\n<p>Excitation Regarding its impact on the physical energy levels of the user, <a href=\"https:\/\/duckduckgo.com\/?q=Buy+A-PVP+Online&amp;t=h_&amp;ia=web\">\u03b1-PVP<\/a> is thought to be incredibly energizing and stimulating. This promotes physical activity like dancing, climbing, and running.<\/p>\n<h3>Comprar a-PVP en RC-CHEMS.ORG - \u00a1Porque la calidad importa!<\/h3>\n<p><strong><a href=\"https:\/\/duckduckgo.com\/?q=Buy+A-PVP+Online&amp;t=h_&amp;ia=web\">Comprar un PVP en l\u00ednea<\/a><\/strong> fabricados por professionel principales empresas qu\u00edmicas europeas en min. 98% + pureza garantizada. \u00a1Podemos proporcionar COA de cualquier lote producido de todos nuestros productos qu\u00edmicos de investigaci\u00f3n!<\/p>\n<h3>Sustancias activas en a-PVP<\/h3>\n<p>Contiene\u00a0<strong>un gramo de a-PVP puro min 98%<\/strong>\u00a0por unidad de pedido.<\/p>\n<h3>Dosificaci\u00f3n de a-PVP<\/h3>\n<p>No existe una dosis recomendada, ya que\u00a0<strong>a-PVP<\/strong>\u00a0no est\u00e1 destinado al consumo humano, sino que se vende \u00fanicamente como producto qu\u00edmico para fines de investigaci\u00f3n.<\/p>\n<h3>Efectos de a-PVP :<\/h3>\n<p>Los efectos cl\u00ednicos de la mayor\u00eda de los nuevos\u00a0<strong>drogas de dise\u00f1o<\/strong>\u00a0como\u00a0<strong>a-PVP<\/strong>\u00a0pueden describirse como alucin\u00f3genos, estimulantes u opi\u00e1ceos. Tambi\u00e9n pueden tener una combinaci\u00f3n de estos efectos debido a las sustituciones de cadena lateral de dise\u00f1o.<\/p>\n<h3>Efectos secundarios de la a-PVP<\/h3>\n<p>Al igual que otras drogas de dise\u00f1o, el consumo de\u00a0<a href=\"https:\/\/narcopowders.com\/es\/producto\/comprar-un-pvp-en-linea\/\"><strong>a-PVP<\/strong><\/a>\u00a0puede causar fuertes efectos secundarios; \u00a1la sustancia no est\u00e1 cl\u00ednicamente probada ni autorizada en modo alguno como producto para el consumo! Por lo tanto, \u00a1la a-PVP NO ES PARA CONSUMO HUMANO sino S\u00d3LO PARA INVESTIGACI\u00d3N CIENT\u00cdFICA!<\/p>\n<h3>C\u00f3mo almacenar a-PVP<\/h3>\n<p>Mantener a-PVP a menos de 30 grados Celsius. Conservar a-PVP en su envase original, protegido de la luz solar directa y de la humedad.<\/p>","protected":false},"excerpt":{"rendered":"<p>Estimulante sint\u00e9tico de la clase de las catinonas, la \u03b1-pirrolidinopentiofenona (tambi\u00e9n denominada \u03b1-pirrolidinovalerofenona, \u03b1-PVP, O-2387, \u03b2-ceto-prolintano, prolintanona o desmetilpirovalerona) se cre\u00f3 en la d\u00e9cada de 1960 y se comercializ\u00f3 como droga de dise\u00f1o. Se utiliza con frecuencia con fines recreativos.<\/p>","protected":false},"featured_media":21293,"comment_status":"open","ping_status":"closed","template":"","meta":{"_joinchat":[]},"product_brand":[],"product_cat":[1724,1538],"product_tag":[],"class_list":{"0":"post-20596","1":"product","2":"type-product","3":"status-publish","4":"has-post-thumbnail","6":"product_cat-research-chemicals","7":"product_cat-cannabinoids","9":"first","10":"instock","11":"shipping-taxable","12":"purchasable","13":"product-type-variable","14":"add-to-wishlist-after_add_to_cart"},"yoast_head":"<!-- This site is optimized with the Yoast SEO plugin v27.5 - https:\/\/yoast.com\/product\/yoast-seo-wordpress\/ -->\n<title>Buy A-PVP Online - A-PVP Powder for Sale<\/title>\n<meta name=\"description\" content=\"You can buy a-pvp online at the best prices from our online store. We have cheap and high-quality a-pvp powder for sale and providing worldwide delivery. You can order from anytime, anywhere.\" \/>\n<meta name=\"robots\" content=\"index, follow, max-snippet:-1, max-image-preview:large, max-video-preview:-1\" \/>\n<link rel=\"canonical\" href=\"https:\/\/narcopowders.com\/es\/producto\/comprar-un-pvp-en-linea\/\" \/>\n<meta property=\"og:locale\" content=\"es_ES\" \/>\n<meta property=\"og:type\" content=\"article\" \/>\n<meta property=\"og:title\" content=\"Buy A-PVP Online - A-PVP Powder for Sale\" \/>\n<meta property=\"og:description\" content=\"You can buy a-pvp online at the best prices from our online store. We have cheap and high-quality a-pvp powder for sale and providing worldwide delivery. You can order from anytime, anywhere.\" \/>\n<meta property=\"og:url\" content=\"https:\/\/narcopowders.com\/es\/producto\/comprar-un-pvp-en-linea\/\" \/>\n<meta property=\"og:site_name\" content=\"Narco Powders\" \/>\n<meta property=\"article:modified_time\" content=\"2025-05-06T07:02:40+00:00\" \/>\n<meta property=\"og:image\" content=\"https:\/\/narcopowders.com\/wp-content\/uploads\/2024\/05\/APVP.gif\" \/>\n\t<meta property=\"og:image:width\" content=\"600\" \/>\n\t<meta property=\"og:image:height\" content=\"600\" \/>\n\t<meta property=\"og:image:type\" content=\"image\/gif\" \/>\n<meta name=\"twitter:card\" content=\"summary_large_image\" \/>\n<meta name=\"twitter:label1\" content=\"Tiempo de lectura\" \/>\n\t<meta name=\"twitter:data1\" content=\"3 minutos\" \/>\n<!-- \/ Yoast SEO plugin. -->","yoast_head_json":{"title":"Comprar A-PVP en l\u00ednea - Venta de A-PVP en polvo","description":"Usted puede comprar a-pvp en l\u00ednea a los mejores precios de nuestra tienda en l\u00ednea. Tenemos barato y de alta calidad a-pvp en polvo para la venta y proporcionar la entrega en todo el mundo. Usted puede ordenar en cualquier momento y en cualquier lugar.","robots":{"index":"index","follow":"follow","max-snippet":"max-snippet:-1","max-image-preview":"max-image-preview:large","max-video-preview":"max-video-preview:-1"},"canonical":"https:\/\/narcopowders.com\/es\/producto\/comprar-un-pvp-en-linea\/","og_locale":"es_ES","og_type":"article","og_title":"Buy A-PVP Online - A-PVP Powder for Sale","og_description":"You can buy a-pvp online at the best prices from our online store. We have cheap and high-quality a-pvp powder for sale and providing worldwide delivery. You can order from anytime, anywhere.","og_url":"https:\/\/narcopowders.com\/es\/producto\/comprar-un-pvp-en-linea\/","og_site_name":"Narco Powders","article_modified_time":"2025-05-06T07:02:40+00:00","og_image":[{"width":600,"height":600,"url":"https:\/\/narcopowders.com\/wp-content\/uploads\/2024\/05\/APVP.gif","type":"image\/gif"}],"twitter_card":"summary_large_image","twitter_misc":{"Tiempo de lectura":"3 minutos"},"schema":{"@context":"https:\/\/schema.org","@graph":[{"@type":"WebPage","@id":"https:\/\/narcopowders.com\/product\/buy-a-pvp-online\/","url":"https:\/\/narcopowders.com\/product\/buy-a-pvp-online\/","name":"Comprar A-PVP en l\u00ednea - Venta de A-PVP en polvo","isPartOf":{"@id":"https:\/\/narcopowders.com\/#website"},"primaryImageOfPage":{"@id":"https:\/\/narcopowders.com\/product\/buy-a-pvp-online\/#primaryimage"},"image":{"@id":"https:\/\/narcopowders.com\/product\/buy-a-pvp-online\/#primaryimage"},"thumbnailUrl":"https:\/\/narcopowders.com\/wp-content\/uploads\/2024\/05\/APVP.gif","datePublished":"2024-05-23T06:14:38+00:00","dateModified":"2025-05-06T07:02:40+00:00","description":"Usted puede comprar a-pvp en l\u00ednea a los mejores precios de nuestra tienda en l\u00ednea. Tenemos barato y de alta calidad a-pvp en polvo para la venta y proporcionar la entrega en todo el mundo. Usted puede ordenar en cualquier momento y en cualquier lugar.","breadcrumb":{"@id":"https:\/\/narcopowders.com\/product\/buy-a-pvp-online\/#breadcrumb"},"inLanguage":"es","potentialAction":[{"@type":"ReadAction","target":["https:\/\/narcopowders.com\/product\/buy-a-pvp-online\/"]}]},{"@type":"ImageObject","inLanguage":"es","@id":"https:\/\/narcopowders.com\/product\/buy-a-pvp-online\/#primaryimage","url":"https:\/\/narcopowders.com\/wp-content\/uploads\/2024\/05\/APVP.gif","contentUrl":"https:\/\/narcopowders.com\/wp-content\/uploads\/2024\/05\/APVP.gif","width":600,"height":600,"caption":"Buy A-PVP Online"},{"@type":"BreadcrumbList","@id":"https:\/\/narcopowders.com\/product\/buy-a-pvp-online\/#breadcrumb","itemListElement":[{"@type":"ListItem","position":1,"name":"Home","item":"https:\/\/narcopowders.com\/"},{"@type":"ListItem","position":2,"name":"Shop Page","item":"https:\/\/narcopowders.com\/shop\/"},{"@type":"ListItem","position":3,"name":"Buy A-PVP Online"}]},{"@type":"WebSite","@id":"https:\/\/narcopowders.com\/#website","url":"https:\/\/narcopowders.com\/","name":"Narc\u00f3ticos en polv","description":"Mi blog de WordPress","potentialAction":[{"@type":"SearchAction","target":{"@type":"EntryPoint","urlTemplate":"https:\/\/narcopowders.com\/?s={search_term_string}"},"query-input":{"@type":"PropertyValueSpecification","valueRequired":true,"valueName":"search_term_string"}}],"inLanguage":"es"}]}},"_links":{"self":[{"href":"https:\/\/narcopowders.com\/es\/wp-json\/wp\/v2\/product\/20596","targetHints":{"allow":["GET"]}}],"collection":[{"href":"https:\/\/narcopowders.com\/es\/wp-json\/wp\/v2\/product"}],"about":[{"href":"https:\/\/narcopowders.com\/es\/wp-json\/wp\/v2\/types\/product"}],"replies":[{"embeddable":true,"href":"https:\/\/narcopowders.com\/es\/wp-json\/wp\/v2\/comments?post=20596"}],"wp:featuredmedia":[{"embeddable":true,"href":"https:\/\/narcopowders.com\/es\/wp-json\/wp\/v2\/media\/21293"}],"wp:attachment":[{"href":"https:\/\/narcopowders.com\/es\/wp-json\/wp\/v2\/media?parent=20596"}],"wp:term":[{"taxonomy":"product_brand","embeddable":true,"href":"https:\/\/narcopowders.com\/es\/wp-json\/wp\/v2\/product_brand?post=20596"},{"taxonomy":"product_cat","embeddable":true,"href":"https:\/\/narcopowders.com\/es\/wp-json\/wp\/v2\/product_cat?post=20596"},{"taxonomy":"product_tag","embeddable":true,"href":"https:\/\/narcopowders.com\/es\/wp-json\/wp\/v2\/product_tag?post=20596"}],"curies":[{"name":"wp","href":"https:\/\/api.w.org\/{rel}","templated":true}]}}