{"id":20812,"date":"2024-05-23T06:15:37","date_gmt":"2024-05-23T06:15:37","guid":{"rendered":"https:\/\/narcopowders.com\/?post_type=product&#038;p=20812"},"modified":"2025-03-26T12:41:03","modified_gmt":"2025-03-26T12:41:03","slug":"buy-mdma-online","status":"publish","type":"product","link":"https:\/\/narcopowders.com\/es\/producto\/comprar-mdma-online\/","title":{"rendered":"Comprar MDMA en l\u00ednea"},"content":{"rendered":"<h2>Comprar MDMA: \u00bfQu\u00e9 es?<\/h2>\n<p>Qu\u00edmicamente hablando, <a href=\"https:\/\/narcopowders.com\/es\/producto\/comprar-mdma-online\/\">bk-MDMA<\/a> Es una sustancia sint\u00e9tica similar al MDMA. Se comercializa com\u00fanmente como un polvo inyectable, inhalable u oral de color blanco o blanquecino. Aunque con frecuencia se promociona como un \"<a href=\"https:\/\/en.wikipedia.org\/wiki\/MDMA\">droga legal<\/a>\" o una alternativa a <a href=\"https:\/\/www.bing.com\/search?q=Buy%20MDMA%20Online&amp;qs=n&amp;form=QBRE&amp;sp=-1&amp;lq=0&amp;pq=buy%20mdma%20online&amp;sc=0-15&amp;sk=&amp;cvid=C093DEB07D394A5092E3D792F4460CE4&amp;ghsh=0&amp;ghacc=0&amp;ghpl=\">MDMA<\/a>Es fundamental recordar que todav\u00eda es ilegal en muchos pa\u00edses.<\/p>\n<h3>El impacto de los cristales de bk-MDMA<\/h3>\n<p><a href=\"https:\/\/www.google.com\/search?q=Buy+MDMA+Online&amp;num=10&amp;sca_esv=1a2a07081c7891bb&amp;rlz=1C1RXQR_enIN1098IN1098&amp;sxsrf=AHTn8zrzxshgJalzibnjHAANoPdPlPO_tg%3A1741686227372&amp;ei=0wXQZ-y2Fs6jvr0PkaTH0Ao&amp;ved=0ahUKEwis7JHn3oGMAxXOka8BHRHSEaoQ4dUDCBA&amp;uact=5&amp;oq=Buy+MDMA+Online&amp;gs_lp=Egxnd3Mtd2l6LXNlcnAiD0J1eSBNRE1BIE9ubGluZUirB1CwA1iwA3ACeACQAQCYAd8BoAHfAaoBAzItMbgBA8gBAPgBAvgBAZgCAKACAJgDAIgGAZIHAKAHQw&amp;sclient=gws-wiz-serp\">Cristales de Bk-MDMA<\/a> proporcionan los mismos efectos euf\u00f3ricos y emp\u00e1ticos que la MDMA. Una mayor sensaci\u00f3n de bienestar, mayor sociabilidad y un mayor sentido de comunidad son posibles efectos secundarios para los consumidores. Esto se debe a que la medicaci\u00f3n eleva los niveles de norepinefrina, dopamina y serotonina en el cerebro.<\/p>\n<p>Mayor vitalidad y vigilancia<\/p>\n<p>Dado que los cristales de bk-MDMA son estimulantes, tambi\u00e9n pueden aumentar el estado de alerta y los niveles de energ\u00eda. Esto puede provocar una menor necesidad de dormir y una mayor actividad f\u00edsica. Tambi\u00e9n es posible que los usuarios pierdan el apetito. <a href=\"https:\/\/narcopowders.com\/es\/\">Purchase MDMA USA<\/a><\/p>\n<p>A common side effect of <a href=\"https:\/\/duckduckgo.com\/?q=Buy+MDMA+Online&amp;t=h_&amp;ia=web\">Cristales de Bk-MDMA<\/a> Es una percepci\u00f3n distorsionada de la realidad, el espacio y el tiempo. Los usuarios pueden notar mejoras en los colores y sonidos, as\u00ed como cambios en su percepci\u00f3n de la realidad, lo que les dificulta distinguir entre lo real y lo falso.<\/p>\n<h3>Repercusiones negativas<\/h3>\n<p>Aunque el uso de cristales bk-MDMA puede tener ventajas, los usuarios deben ser conscientes de que tambi\u00e9n puede haber inconvenientes. Estos pueden consistir en:<\/p>\n<ul>\n<li>Aumento de la frecuencia card\u00edaca y de la presi\u00f3n arterial<\/li>\n<li>N\u00e1useas y v\u00f3mitos<\/li>\n<li>Tensi\u00f3n muscular y apretamiento de la mand\u00edbula<\/li>\n<li>Ansiedad y ataques de p\u00e1nico<\/li>\n<li>Insomnio<\/li>\n<li>Deshidrataci\u00f3n<\/li>\n<li>Dolores de cabeza<\/li>\n<li>P\u00e9rdida de apetito<\/li>\n<li>Dificultad de concentraci\u00f3n<\/li>\n<li>Problemas de memoria<\/li>\n<\/ul>","protected":false},"excerpt":{"rendered":"<p>Buy MDMA: What is it? Chemically speaking, bk-MDMA is a synthetic substance that resembles MDMA. It is commonly marketed as an injectable, inhaled, or oral powder that is white or off-white in color. Although it is frequently promoted as a \u201clegal high\u201d or an alternative to MDMA, it is crucial to remember that it is [&hellip;]<\/p>","protected":false},"featured_media":21294,"comment_status":"open","ping_status":"closed","template":"","meta":{"_joinchat":[]},"product_brand":[],"product_cat":[1724],"product_tag":[],"class_list":{"0":"post-20812","1":"product","2":"type-product","3":"status-publish","4":"has-post-thumbnail","6":"product_cat-research-chemicals","8":"first","9":"instock","10":"shipping-taxable","11":"purchasable","12":"product-type-variable","13":"add-to-wishlist-after_add_to_cart"},"yoast_head":"<!-- This site is optimized with the Yoast SEO plugin v25.9 - https:\/\/yoast.com\/wordpress\/plugins\/seo\/ -->\n<title>Buy MDMA Online - MDMA for Sale Online | NarcoPowders<\/title>\n<meta name=\"description\" content=\"Do you want to buy MDMA online from a trustable chemical store? NarcoPowders is the best place to order MDMA online, MDMA for sale online legally.\" \/>\n<meta name=\"robots\" content=\"index, follow, max-snippet:-1, max-image-preview:large, max-video-preview:-1\" \/>\n<link rel=\"canonical\" href=\"https:\/\/narcopowders.com\/es\/producto\/comprar-mdma-online\/\" \/>\n<meta property=\"og:locale\" content=\"es_ES\" \/>\n<meta property=\"og:type\" content=\"article\" \/>\n<meta property=\"og:title\" content=\"Buy MDMA Online - MDMA for Sale Online | NarcoPowders\" \/>\n<meta property=\"og:description\" content=\"Do you want to buy MDMA online from a trustable chemical store? NarcoPowders is the best place to order MDMA online, MDMA for sale online legally.\" \/>\n<meta property=\"og:url\" content=\"https:\/\/narcopowders.com\/es\/producto\/comprar-mdma-online\/\" \/>\n<meta property=\"og:site_name\" content=\"Narco Powders\" \/>\n<meta property=\"article:modified_time\" content=\"2025-03-26T12:41:03+00:00\" \/>\n<meta property=\"og:image\" content=\"https:\/\/narcopowders.com\/wp-content\/uploads\/2024\/05\/MDMA.gif\" \/>\n\t<meta property=\"og:image:width\" content=\"600\" \/>\n\t<meta property=\"og:image:height\" content=\"600\" \/>\n\t<meta property=\"og:image:type\" content=\"image\/gif\" \/>\n<meta name=\"twitter:card\" content=\"summary_large_image\" \/>\n<meta name=\"twitter:label1\" content=\"Tiempo de lectura\" \/>\n\t<meta name=\"twitter:data1\" content=\"2 minutos\" \/>\n<!-- \/ Yoast SEO plugin. -->","yoast_head_json":{"title":"Comprar MDMA Online - MDMA en Venta Online | NarcoPowders","description":"\u00bfQuieres comprar MDMA online en un almac\u00e9n de productos qu\u00edmicos de confianza? NarcoPowders es el mejor lugar para ordenar MDMA en l\u00ednea, MDMA en venta en l\u00ednea legalmente.","robots":{"index":"index","follow":"follow","max-snippet":"max-snippet:-1","max-image-preview":"max-image-preview:large","max-video-preview":"max-video-preview:-1"},"canonical":"https:\/\/narcopowders.com\/es\/producto\/comprar-mdma-online\/","og_locale":"es_ES","og_type":"article","og_title":"Buy MDMA Online - MDMA for Sale Online | NarcoPowders","og_description":"Do you want to buy MDMA online from a trustable chemical store? NarcoPowders is the best place to order MDMA online, MDMA for sale online legally.","og_url":"https:\/\/narcopowders.com\/es\/producto\/comprar-mdma-online\/","og_site_name":"Narco Powders","article_modified_time":"2025-03-26T12:41:03+00:00","og_image":[{"width":600,"height":600,"url":"https:\/\/narcopowders.com\/wp-content\/uploads\/2024\/05\/MDMA.gif","type":"image\/gif"}],"twitter_card":"summary_large_image","twitter_misc":{"Tiempo de lectura":"2 minutos"},"schema":{"@context":"https:\/\/schema.org","@graph":[{"@type":"WebPage","@id":"https:\/\/narcopowders.com\/product\/buy-mdma-online\/","url":"https:\/\/narcopowders.com\/product\/buy-mdma-online\/","name":"Comprar MDMA Online - MDMA en Venta Online | NarcoPowders","isPartOf":{"@id":"https:\/\/narcopowders.com\/#website"},"primaryImageOfPage":{"@id":"https:\/\/narcopowders.com\/product\/buy-mdma-online\/#primaryimage"},"image":{"@id":"https:\/\/narcopowders.com\/product\/buy-mdma-online\/#primaryimage"},"thumbnailUrl":"https:\/\/narcopowders.com\/wp-content\/uploads\/2024\/05\/MDMA.gif","datePublished":"2024-05-23T06:15:37+00:00","dateModified":"2025-03-26T12:41:03+00:00","description":"\u00bfQuieres comprar MDMA online en un almac\u00e9n de productos qu\u00edmicos de confianza? NarcoPowders es el mejor lugar para ordenar MDMA en l\u00ednea, MDMA en venta en l\u00ednea legalmente.","breadcrumb":{"@id":"https:\/\/narcopowders.com\/product\/buy-mdma-online\/#breadcrumb"},"inLanguage":"es","potentialAction":[{"@type":"ReadAction","target":["https:\/\/narcopowders.com\/product\/buy-mdma-online\/"]}]},{"@type":"ImageObject","inLanguage":"es","@id":"https:\/\/narcopowders.com\/product\/buy-mdma-online\/#primaryimage","url":"https:\/\/narcopowders.com\/wp-content\/uploads\/2024\/05\/MDMA.gif","contentUrl":"https:\/\/narcopowders.com\/wp-content\/uploads\/2024\/05\/MDMA.gif","width":600,"height":600,"caption":"Buy MDMA Online"},{"@type":"BreadcrumbList","@id":"https:\/\/narcopowders.com\/product\/buy-mdma-online\/#breadcrumb","itemListElement":[{"@type":"ListItem","position":1,"name":"Home","item":"https:\/\/narcopowders.com\/"},{"@type":"ListItem","position":2,"name":"Shop Page","item":"https:\/\/narcopowders.com\/shop\/"},{"@type":"ListItem","position":3,"name":"Buy MDMA Online"}]},{"@type":"WebSite","@id":"https:\/\/narcopowders.com\/#website","url":"https:\/\/narcopowders.com\/","name":"Narc\u00f3ticos en polv","description":"Mi blog de WordPress","potentialAction":[{"@type":"SearchAction","target":{"@type":"EntryPoint","urlTemplate":"https:\/\/narcopowders.com\/?s={search_term_string}"},"query-input":{"@type":"PropertyValueSpecification","valueRequired":true,"valueName":"search_term_string"}}],"inLanguage":"es"}]}},"_links":{"self":[{"href":"https:\/\/narcopowders.com\/es\/wp-json\/wp\/v2\/product\/20812","targetHints":{"allow":["GET"]}}],"collection":[{"href":"https:\/\/narcopowders.com\/es\/wp-json\/wp\/v2\/product"}],"about":[{"href":"https:\/\/narcopowders.com\/es\/wp-json\/wp\/v2\/types\/product"}],"replies":[{"embeddable":true,"href":"https:\/\/narcopowders.com\/es\/wp-json\/wp\/v2\/comments?post=20812"}],"wp:featuredmedia":[{"embeddable":true,"href":"https:\/\/narcopowders.com\/es\/wp-json\/wp\/v2\/media\/21294"}],"wp:attachment":[{"href":"https:\/\/narcopowders.com\/es\/wp-json\/wp\/v2\/media?parent=20812"}],"wp:term":[{"taxonomy":"product_brand","embeddable":true,"href":"https:\/\/narcopowders.com\/es\/wp-json\/wp\/v2\/product_brand?post=20812"},{"taxonomy":"product_cat","embeddable":true,"href":"https:\/\/narcopowders.com\/es\/wp-json\/wp\/v2\/product_cat?post=20812"},{"taxonomy":"product_tag","embeddable":true,"href":"https:\/\/narcopowders.com\/es\/wp-json\/wp\/v2\/product_tag?post=20812"}],"curies":[{"name":"wp","href":"https:\/\/api.w.org\/{rel}","templated":true}]}}