{"id":20881,"date":"2024-05-23T06:16:01","date_gmt":"2024-05-23T06:16:01","guid":{"rendered":"https:\/\/narcopowders.com\/?post_type=product&#038;p=20881"},"modified":"2025-03-26T12:31:28","modified_gmt":"2025-03-26T12:31:28","slug":"buy-eutylone-online","status":"publish","type":"product","link":"https:\/\/narcopowders.com\/es\/producto\/comprar-eutilona-online\/","title":{"rendered":"Comprar EUTILONA en l\u00ednea"},"content":{"rendered":"<h2><strong>Comprar Eutylone Online<\/strong><\/h2>\n<p><a href=\"https:\/\/narcopowders.com\/es\/\">Narcopowders<\/a> es una plataforma l\u00edder donde puedes <a href=\"https:\/\/narcopowders.com\/es\/producto\/comprar-eutilona-online\/\">comprar Eutylone en l\u00ednea<\/a>Sin ning\u00fan problema. Como proveedor confiable de Eutylone (clorhidrato), nos esforzaremos por satisfacer todas sus necesidades.<\/p>\n<p>Eutylone a la venta es un medicamento de dise\u00f1o de tipo estimulante \u00fanico llamado eutylone, que fue creado en 1960. Aumenta las experiencias euf\u00f3ricas y mejora la funci\u00f3n cerebral en los seres humanos. El medicamento se utiliz\u00f3 con fines recreativos y para tratar una amplia gama de enfermedades. Suele ser de color amarillo p\u00e1lido y se presenta en forma de cristales. \u03b2-Keto-1, 3-benzodioxole-N-metilbutanamina es el nombre qu\u00edmico de la droga, mientras que C13H17NO3 es su f\u00f3rmula molecular. La etilona tiene un peso molecular de 235,278 g\/mol. En sus formas m\u00e1s puras, los cristales de eutilona tienen una pureza de 97-98%.<\/p>\n<p><a href=\"https:\/\/duckduckgo.com\/?q=Buy+Eutylone+Online&amp;t=h_&amp;ia=web\">Comprar Eutylone en l\u00ednea<\/a>, a medication that has characteristics with <a href=\"https:\/\/www.google.com\/search?q=Buy+Eutylone+Online&amp;sca_esv=16def464f60f9903&amp;sxsrf=AHTn8zpF1aSO4rFCm6dFMRC0UGovrZP6Ug%3A1742991950664&amp;ei=TvLjZ7ahKKi_0PEPx_OSsQI&amp;ved=0ahUKEwi2gMOA36eMAxWoHzQIHce5JCYQ4dUDCBA&amp;uact=5&amp;oq=Buy+Eutylone+Online&amp;gs_lp=Egxnd3Mtd2l6LXNlcnAiE0J1eSBFdXR5bG9uZSBPbmxpbmVI9AZQiwNYiwNwAXgAkAEAmAGFA6ABhQOqAQMzLTG4AQPIAQD4AQL4AQGYAgCgAgCYAwCIBgGSBwCgB0eyBwC4BwA&amp;sclient=gws-wiz-serp\">Ethylone<\/a> Se clasifica como una catinona. Debido a sus propiedades estimulantes, afecta el sistema nervioso central del cuerpo.<\/p>\n<p>El medicamento se conserva en un ambiente fr\u00edo con una temperatura t\u00edpica de 20 a 25 grados cent\u00edgrados y sin signos de humedad.<\/p>\n<p>Eutylone is available for purchase through our online store, Narcopowders, and can be used as a <a href=\"https:\/\/www.bing.com\/search?q=Buy%20Eutylone%20Online&amp;qs=n&amp;form=QBRE&amp;sp=-1&amp;lq=0&amp;pq=buy%20eutylone%20online&amp;sc=0-19&amp;sk=&amp;cvid=48E10A6CF37F4DCE9A7893D18BDA464F&amp;ghsh=0&amp;ghacc=0&amp;ghpl=\">investigaci\u00f3n qu\u00edmica<\/a> or pharmaceutical. We provide discreet shipping services and have global shipping capabilities.<\/p>\n<p><a href=\"https:\/\/en.wikipedia.org\/wiki\/Eutylone\">Comprar Eutylone en l\u00ednea<\/a> Porque act\u00faa como estimulante del sistema neurol\u00f3gico. Puede intensificar la euforia y el deseo de realizar actividad f\u00edsica excesiva. Los efectos a corto plazo incluyen p\u00e9rdida del control motor y movimientos corporales incontrolables; las repercusiones a largo plazo incluyen adicci\u00f3n y ansiedad.<\/p>\n<p>Comprar productos qu\u00edmicos de investigaci\u00f3n en l\u00ednea en nuestro sitio Web es seguro y pr\u00e1ctico. Normalmente mantenemos la seguridad de toda la informaci\u00f3n del cliente archivada en nuestro sistema, y tambi\u00e9n garantizamos la seguridad de todas las transacciones de pago. Nos aseguramos constantemente de que no haya contaminantes en ninguno de los productos ofrecidos antes de enviar los productos qu\u00edmicos a su puerta.<\/p>","protected":false},"excerpt":{"rendered":"<p>Buy Eutylone Online Narcopowders is a leading platform where you can buy Eutylone online. without facing any kind of hassle. Being a reliable vendor and supplier of Eutylone (hydrochloride) we will try to take care of all your needs. Eutylone for sale is a unique stimulant-type designer medicine called eutylone, which was created in 1960. [&hellip;]<\/p>","protected":false},"featured_media":21288,"comment_status":"open","ping_status":"closed","template":"","meta":{"_joinchat":[]},"product_brand":[],"product_cat":[1724,1538],"product_tag":[],"class_list":{"0":"post-20881","1":"product","2":"type-product","3":"status-publish","4":"has-post-thumbnail","6":"product_cat-research-chemicals","7":"product_cat-cannabinoids","9":"first","10":"instock","11":"shipping-taxable","12":"purchasable","13":"product-type-variable","14":"add-to-wishlist-after_add_to_cart"},"yoast_head":"<!-- This site is optimized with the Yoast SEO plugin v25.9 - https:\/\/yoast.com\/wordpress\/plugins\/seo\/ -->\n<title>Buy Eutylone Online - Eutylone for Sale - Order Eutylone Online<\/title>\n<meta name=\"description\" content=\"If you are willing to get eutylone for sale, then we are the right choice for you. Our staff members will help you buy eutylone online at cheap rates. Place your order with us!\" \/>\n<meta name=\"robots\" content=\"index, follow, max-snippet:-1, max-image-preview:large, max-video-preview:-1\" \/>\n<link rel=\"canonical\" href=\"https:\/\/narcopowders.com\/es\/producto\/comprar-eutilona-online\/\" \/>\n<meta property=\"og:locale\" content=\"es_ES\" \/>\n<meta property=\"og:type\" content=\"article\" \/>\n<meta property=\"og:title\" content=\"Buy Eutylone Online - Eutylone for Sale - Order Eutylone Online\" \/>\n<meta property=\"og:description\" content=\"If you are willing to get eutylone for sale, then we are the right choice for you. Our staff members will help you buy eutylone online at cheap rates. Place your order with us!\" \/>\n<meta property=\"og:url\" content=\"https:\/\/narcopowders.com\/es\/producto\/comprar-eutilona-online\/\" \/>\n<meta property=\"og:site_name\" content=\"Narco Powders\" \/>\n<meta property=\"article:modified_time\" content=\"2025-03-26T12:31:28+00:00\" \/>\n<meta property=\"og:image\" content=\"https:\/\/narcopowders.com\/wp-content\/uploads\/2024\/05\/EUTYLONE.gif\" \/>\n\t<meta property=\"og:image:width\" content=\"600\" \/>\n\t<meta property=\"og:image:height\" content=\"600\" \/>\n\t<meta property=\"og:image:type\" content=\"image\/gif\" \/>\n<meta name=\"twitter:card\" content=\"summary_large_image\" \/>\n<meta name=\"twitter:label1\" content=\"Tiempo de lectura\" \/>\n\t<meta name=\"twitter:data1\" content=\"2 minutos\" \/>\n<!-- \/ Yoast SEO plugin. -->","yoast_head_json":{"title":"Comprar Eutylone Online - Eutylone en Venta - Pedir Eutylone Online","description":"Si usted est\u00e1 dispuesto a obtener eutylone para la venta, entonces somos la opci\u00f3n correcta para usted. Nuestro personal le ayudar\u00e1 a comprar eutylone en l\u00ednea a precios baratos. \u00a1Haga su pedido con nosotros!","robots":{"index":"index","follow":"follow","max-snippet":"max-snippet:-1","max-image-preview":"max-image-preview:large","max-video-preview":"max-video-preview:-1"},"canonical":"https:\/\/narcopowders.com\/es\/producto\/comprar-eutilona-online\/","og_locale":"es_ES","og_type":"article","og_title":"Buy Eutylone Online - Eutylone for Sale - Order Eutylone Online","og_description":"If you are willing to get eutylone for sale, then we are the right choice for you. Our staff members will help you buy eutylone online at cheap rates. Place your order with us!","og_url":"https:\/\/narcopowders.com\/es\/producto\/comprar-eutilona-online\/","og_site_name":"Narco Powders","article_modified_time":"2025-03-26T12:31:28+00:00","og_image":[{"width":600,"height":600,"url":"https:\/\/narcopowders.com\/wp-content\/uploads\/2024\/05\/EUTYLONE.gif","type":"image\/gif"}],"twitter_card":"summary_large_image","twitter_misc":{"Tiempo de lectura":"2 minutos"},"schema":{"@context":"https:\/\/schema.org","@graph":[{"@type":"WebPage","@id":"https:\/\/narcopowders.com\/product\/buy-eutylone-online\/","url":"https:\/\/narcopowders.com\/product\/buy-eutylone-online\/","name":"Comprar Eutylone Online - Eutylone en Venta - Pedir Eutylone Online","isPartOf":{"@id":"https:\/\/narcopowders.com\/#website"},"primaryImageOfPage":{"@id":"https:\/\/narcopowders.com\/product\/buy-eutylone-online\/#primaryimage"},"image":{"@id":"https:\/\/narcopowders.com\/product\/buy-eutylone-online\/#primaryimage"},"thumbnailUrl":"https:\/\/narcopowders.com\/wp-content\/uploads\/2024\/05\/EUTYLONE.gif","datePublished":"2024-05-23T06:16:01+00:00","dateModified":"2025-03-26T12:31:28+00:00","description":"Si usted est\u00e1 dispuesto a obtener eutylone para la venta, entonces somos la opci\u00f3n correcta para usted. Nuestro personal le ayudar\u00e1 a comprar eutylone en l\u00ednea a precios baratos. \u00a1Haga su pedido con nosotros!","breadcrumb":{"@id":"https:\/\/narcopowders.com\/product\/buy-eutylone-online\/#breadcrumb"},"inLanguage":"es","potentialAction":[{"@type":"ReadAction","target":["https:\/\/narcopowders.com\/product\/buy-eutylone-online\/"]}]},{"@type":"ImageObject","inLanguage":"es","@id":"https:\/\/narcopowders.com\/product\/buy-eutylone-online\/#primaryimage","url":"https:\/\/narcopowders.com\/wp-content\/uploads\/2024\/05\/EUTYLONE.gif","contentUrl":"https:\/\/narcopowders.com\/wp-content\/uploads\/2024\/05\/EUTYLONE.gif","width":600,"height":600,"caption":"Buy EUTYLONE Online"},{"@type":"BreadcrumbList","@id":"https:\/\/narcopowders.com\/product\/buy-eutylone-online\/#breadcrumb","itemListElement":[{"@type":"ListItem","position":1,"name":"Home","item":"https:\/\/narcopowders.com\/"},{"@type":"ListItem","position":2,"name":"Shop Page","item":"https:\/\/narcopowders.com\/shop\/"},{"@type":"ListItem","position":3,"name":"Buy EUTYLONE Online"}]},{"@type":"WebSite","@id":"https:\/\/narcopowders.com\/#website","url":"https:\/\/narcopowders.com\/","name":"Narc\u00f3ticos en polv","description":"Mi blog de WordPress","potentialAction":[{"@type":"SearchAction","target":{"@type":"EntryPoint","urlTemplate":"https:\/\/narcopowders.com\/?s={search_term_string}"},"query-input":{"@type":"PropertyValueSpecification","valueRequired":true,"valueName":"search_term_string"}}],"inLanguage":"es"}]}},"_links":{"self":[{"href":"https:\/\/narcopowders.com\/es\/wp-json\/wp\/v2\/product\/20881","targetHints":{"allow":["GET"]}}],"collection":[{"href":"https:\/\/narcopowders.com\/es\/wp-json\/wp\/v2\/product"}],"about":[{"href":"https:\/\/narcopowders.com\/es\/wp-json\/wp\/v2\/types\/product"}],"replies":[{"embeddable":true,"href":"https:\/\/narcopowders.com\/es\/wp-json\/wp\/v2\/comments?post=20881"}],"wp:featuredmedia":[{"embeddable":true,"href":"https:\/\/narcopowders.com\/es\/wp-json\/wp\/v2\/media\/21288"}],"wp:attachment":[{"href":"https:\/\/narcopowders.com\/es\/wp-json\/wp\/v2\/media?parent=20881"}],"wp:term":[{"taxonomy":"product_brand","embeddable":true,"href":"https:\/\/narcopowders.com\/es\/wp-json\/wp\/v2\/product_brand?post=20881"},{"taxonomy":"product_cat","embeddable":true,"href":"https:\/\/narcopowders.com\/es\/wp-json\/wp\/v2\/product_cat?post=20881"},{"taxonomy":"product_tag","embeddable":true,"href":"https:\/\/narcopowders.com\/es\/wp-json\/wp\/v2\/product_tag?post=20881"}],"curies":[{"name":"wp","href":"https:\/\/api.w.org\/{rel}","templated":true}]}}