{"id":20923,"date":"2024-05-23T06:16:11","date_gmt":"2024-05-23T06:16:11","guid":{"rendered":"https:\/\/narcopowders.com\/?post_type=product&#038;p=20923"},"modified":"2024-05-24T05:50:28","modified_gmt":"2024-05-24T05:50:28","slug":"buy-2fdck-online","status":"publish","type":"product","link":"https:\/\/narcopowders.com\/es\/producto\/comprar-2fdck-online\/","title":{"rendered":"Comprar 2FDCK en l\u00ednea"},"content":{"rendered":"<h2>Comprar 2-FDCK de NarcoPowders Online<\/h2>\n<p>Comprar 2-FDCK Online, El anest\u00e9sico disociativo 2-Fl-2\u2032-Oxo-PCM es tambi\u00e9n conocido como 2-FDCK, Fluoroketamina, y 2-Fl-2\u2032-Oxo-PCM. Es el equivalente fluorado de la ketamina sin el grupo cloro. Comprar 2-FDCK Online<\/p>\n<p>El nuevo medicamento disociativo de clase arilciclohexilamina 2-Fl-2\u2032-Oxo-PCM tambi\u00e9n se conoce como 2-Fluorodescloroketamina, 2-FDCK, y err\u00f3neamente como 2-Fluroketamina, Fluoroketamina y 2-FDCK.<a href=\"https:\/\/narcopowders.com\/es\/product\/5f-mdp\/\">.<\/a><\/p>\n<p>Desde el punto de vista qu\u00edmico, la ketamina y la descloroketamina est\u00e1n relacionadas (DCK). A pesar de la escasez de estudios, se cree que funciona como antagonista del receptor NMDA. La estructura de las arilciclohexilaminas, como la 2-FDCK, se basa en la uni\u00f3n de un grupo amino y un anillo arom\u00e1tico a un anillo de ciclohexano.<\/p>\n<p>\u00a1NarcoPowders es la mejor opci\u00f3n si deseas comprar 2-FDCK online!<\/p>\n<h3>\u00bfC\u00f3mo se compra 2fdck?<\/h3>\n<p>Nuestra interfaz de usuario es incre\u00edblemente r\u00e1pida, f\u00e1cil de usar y eficaz. Puesto que ofrecemos entrega a todos los pa\u00edses, cualquiera puede comprar el producto desde cualquier lugar. Contamos con a\u00f1os de experiencia en el sector qu\u00edmico y somos el proveedor leg\u00edtimo y fiable de 2FDCK. S\u00f3lo tiene que entrar en nuestra p\u00e1gina web, buscar el art\u00edculo, a\u00f1adirlo a la cesta y pasar por caja. Lo \u00fanico que tiene que hacer es darnos algunos datos, como su direcci\u00f3n o el lugar donde quiere que se lo entreguemos, y nosotros nos encargaremos de transportarlo hasta all\u00ed de forma segura mientras se completa la transacci\u00f3n requerida. Compre 2fdck en EE.UU.<\/p>\n<h3>\u00bfQu\u00e9 edad es la mejor para comprar 2fdck por Internet?<\/h3>\n<p>Para comprar 2fdck en l\u00ednea, debe tener al menos 18 a\u00f1os. Estamos accesibles para el servicio al cliente 24\/7 y todo el a\u00f1o para asistirle y responder a sus preguntas. Compre 2fdck con descuento.<\/p>\n<h3>\u00bfQu\u00e9 ventajas ofrece 2fdck?<\/h3>\n<ul>\n<li>puede ser \u00fatil para reducir moment\u00e1neamente la ansiedad, la tensi\u00f3n y la tristeza.<\/li>\n<li>Ayuda a prevenir el suicidio ya que act\u00faa instant\u00e1neamente.<\/li>\n<li>beneficioso para potenciar la neuroplasticidad<\/li>\n<\/ul>\n<h3>\u00bfQu\u00e9 consecuencias tiene la 2fdck?<\/h3>\n<ul>\n<li>puede provocar neurotoxicidad si se toma con frecuencia.<\/li>\n<li>pueden da\u00f1ar su memoria si se utilizan con m\u00e1s frecuencia o de forma regular.<\/li>\n<li>puede da\u00f1ar sus ri\u00f1ones.<\/li>\n<\/ul>\n<p>Cuide su 2-FDCK<\/p>\n<p>Recomendamos encarecidamente extremar las precauciones al manipular el clorhidrato de 2-FDCK, por ejemplo, utilizando guantes o una mascarilla FFP-2.<\/p>\n<h3>\u00bfD\u00f3nde es legal comprar 2-FDCK por Internet?<\/h3>\n<p>NarcoPowders es un sitio web donde vendemos sustancias qu\u00edmicas de investigaci\u00f3n como la 2-FDCK. Cada una de nuestras sustancias de investigaci\u00f3n es examinada y evaluada antes de salir a la venta. Ese es el \u00fanico m\u00e9todo para garantizar la mejor calidad posible para nuestro 2-FDCK.<\/p>\n<p>No dude en ponerse en contacto con nosotros si necesita los resultados o cualquier otra ayuda. 2. La \u00fanica variedad de FDCK que vendemos es en polvo, aunque disponemos de versiones en papel secante y en pellets de varios otros compuestos de investigaci\u00f3n.<\/p>\n<p>Disponemos de una amplia gama de productos altamente eficaces para satisfacer sus necesidades de productos qu\u00edmicos de investigaci\u00f3n. Hemos sido Cuando inicialmente lanzamos para el negocio, hemos sido capaces de mantener nuestra posici\u00f3n en el mercado como un proveedor superior. Pida 2-FDCK online y reciba su paquete lo antes posible, Comprar 2-FDCK Online.<\/p>","protected":false},"excerpt":{"rendered":"<p>La 2-Fluorodescloroketamina (tambi\u00e9n conocida como 2\u2032-Fl-2-Oxo-PCM, Fluoroketamina y 2-FDCK) es un anest\u00e9sico disociativo similar a la ketamina. Su venta y uso como droga de dise\u00f1o se ha documentado en varios pa\u00edses.<\/p>\n<p>El metabolismo de la 2-FDCK es similar al de la ketamina: las enzimas CYP2B6 y CYP3A4, esta \u00faltima en menor medida, convierten la 2-FDCK en Nor-2FDCK mediante N-desmetilaci\u00f3n. Posteriormente, CYP2B6 la metaboliza en dehidronor-2FDCK o CYP2A6 y CYP2B6 en hidroxinor-2FDCK.<\/p>","protected":false},"featured_media":21242,"comment_status":"open","ping_status":"closed","template":"","meta":{"_joinchat":[]},"product_brand":[],"product_cat":[1538],"product_tag":[],"class_list":{"0":"post-20923","1":"product","2":"type-product","3":"status-publish","4":"has-post-thumbnail","6":"product_cat-cannabinoids","8":"first","9":"instock","10":"shipping-taxable","11":"purchasable","12":"product-type-variable","13":"add-to-wishlist-after_add_to_cart"},"yoast_head":"<!-- This site is optimized with the Yoast SEO plugin v25.9 - https:\/\/yoast.com\/wordpress\/plugins\/seo\/ -->\n<title>Buy 2-FDCK Online - Narco Powders<\/title>\n<meta name=\"description\" content=\"Buy 2-FDCK Online, Looking to Order 2fdck ? Look no further than narcopowders.! As a trusted supplier of research chemicals, we offer premium-grade 2fdck.\" \/>\n<meta name=\"robots\" content=\"index, follow, max-snippet:-1, max-image-preview:large, max-video-preview:-1\" \/>\n<link rel=\"canonical\" href=\"https:\/\/narcopowders.com\/es\/producto\/comprar-2fdck-online\/\" \/>\n<meta property=\"og:locale\" content=\"es_ES\" \/>\n<meta property=\"og:type\" content=\"article\" \/>\n<meta property=\"og:title\" content=\"Buy 2-FDCK Online - Narco Powders\" \/>\n<meta property=\"og:description\" content=\"Buy 2-FDCK Online, Looking to Order 2fdck ? Look no further than narcopowders.! As a trusted supplier of research chemicals, we offer premium-grade 2fdck.\" \/>\n<meta property=\"og:url\" content=\"https:\/\/narcopowders.com\/es\/producto\/comprar-2fdck-online\/\" \/>\n<meta property=\"og:site_name\" content=\"Narco Powders\" \/>\n<meta property=\"article:modified_time\" content=\"2024-05-24T05:50:28+00:00\" \/>\n<meta property=\"og:image\" content=\"https:\/\/narcopowders.com\/wp-content\/uploads\/2024\/05\/2fdck.gif\" \/>\n\t<meta property=\"og:image:width\" content=\"600\" \/>\n\t<meta property=\"og:image:height\" content=\"600\" \/>\n\t<meta property=\"og:image:type\" content=\"image\/gif\" \/>\n<meta name=\"twitter:card\" content=\"summary_large_image\" \/>\n<meta name=\"twitter:label1\" content=\"Tiempo de lectura\" \/>\n\t<meta name=\"twitter:data1\" content=\"3 minutos\" \/>\n<!-- \/ Yoast SEO plugin. -->","yoast_head_json":{"title":"Comprar 2-FDCK Online - Narco Powders","description":"Comprar 2-FDCK Online, \u00bfQuieres pedir 2fdck? No busque m\u00e1s all\u00e1 de narcopowders. Como proveedor de confianza de productos qu\u00edmicos de investigaci\u00f3n, ofrecemos 2fdck de primera calidad.","robots":{"index":"index","follow":"follow","max-snippet":"max-snippet:-1","max-image-preview":"max-image-preview:large","max-video-preview":"max-video-preview:-1"},"canonical":"https:\/\/narcopowders.com\/es\/producto\/comprar-2fdck-online\/","og_locale":"es_ES","og_type":"article","og_title":"Buy 2-FDCK Online - Narco Powders","og_description":"Buy 2-FDCK Online, Looking to Order 2fdck ? Look no further than narcopowders.! As a trusted supplier of research chemicals, we offer premium-grade 2fdck.","og_url":"https:\/\/narcopowders.com\/es\/producto\/comprar-2fdck-online\/","og_site_name":"Narco Powders","article_modified_time":"2024-05-24T05:50:28+00:00","og_image":[{"width":600,"height":600,"url":"https:\/\/narcopowders.com\/wp-content\/uploads\/2024\/05\/2fdck.gif","type":"image\/gif"}],"twitter_card":"summary_large_image","twitter_misc":{"Tiempo de lectura":"3 minutos"},"schema":{"@context":"https:\/\/schema.org","@graph":[{"@type":"WebPage","@id":"https:\/\/narcopowders.com\/product\/buy-2fdck-online\/","url":"https:\/\/narcopowders.com\/product\/buy-2fdck-online\/","name":"Comprar 2-FDCK Online - Narco Powders","isPartOf":{"@id":"https:\/\/narcopowders.com\/#website"},"primaryImageOfPage":{"@id":"https:\/\/narcopowders.com\/product\/buy-2fdck-online\/#primaryimage"},"image":{"@id":"https:\/\/narcopowders.com\/product\/buy-2fdck-online\/#primaryimage"},"thumbnailUrl":"https:\/\/narcopowders.com\/wp-content\/uploads\/2024\/05\/2fdck.gif","datePublished":"2024-05-23T06:16:11+00:00","dateModified":"2024-05-24T05:50:28+00:00","description":"Comprar 2-FDCK Online, \u00bfQuieres pedir 2fdck? No busque m\u00e1s all\u00e1 de narcopowders. Como proveedor de confianza de productos qu\u00edmicos de investigaci\u00f3n, ofrecemos 2fdck de primera calidad.","breadcrumb":{"@id":"https:\/\/narcopowders.com\/product\/buy-2fdck-online\/#breadcrumb"},"inLanguage":"es","potentialAction":[{"@type":"ReadAction","target":["https:\/\/narcopowders.com\/product\/buy-2fdck-online\/"]}]},{"@type":"ImageObject","inLanguage":"es","@id":"https:\/\/narcopowders.com\/product\/buy-2fdck-online\/#primaryimage","url":"https:\/\/narcopowders.com\/wp-content\/uploads\/2024\/05\/2fdck.gif","contentUrl":"https:\/\/narcopowders.com\/wp-content\/uploads\/2024\/05\/2fdck.gif","width":600,"height":600,"caption":"Buy 2fdck Online"},{"@type":"BreadcrumbList","@id":"https:\/\/narcopowders.com\/product\/buy-2fdck-online\/#breadcrumb","itemListElement":[{"@type":"ListItem","position":1,"name":"Home","item":"https:\/\/narcopowders.com\/"},{"@type":"ListItem","position":2,"name":"Shop Page","item":"https:\/\/narcopowders.com\/shop\/"},{"@type":"ListItem","position":3,"name":"Buy 2FDCK Online"}]},{"@type":"WebSite","@id":"https:\/\/narcopowders.com\/#website","url":"https:\/\/narcopowders.com\/","name":"Narc\u00f3ticos en polv","description":"Mi blog de WordPress","potentialAction":[{"@type":"SearchAction","target":{"@type":"EntryPoint","urlTemplate":"https:\/\/narcopowders.com\/?s={search_term_string}"},"query-input":{"@type":"PropertyValueSpecification","valueRequired":true,"valueName":"search_term_string"}}],"inLanguage":"es"}]}},"_links":{"self":[{"href":"https:\/\/narcopowders.com\/es\/wp-json\/wp\/v2\/product\/20923","targetHints":{"allow":["GET"]}}],"collection":[{"href":"https:\/\/narcopowders.com\/es\/wp-json\/wp\/v2\/product"}],"about":[{"href":"https:\/\/narcopowders.com\/es\/wp-json\/wp\/v2\/types\/product"}],"replies":[{"embeddable":true,"href":"https:\/\/narcopowders.com\/es\/wp-json\/wp\/v2\/comments?post=20923"}],"wp:featuredmedia":[{"embeddable":true,"href":"https:\/\/narcopowders.com\/es\/wp-json\/wp\/v2\/media\/21242"}],"wp:attachment":[{"href":"https:\/\/narcopowders.com\/es\/wp-json\/wp\/v2\/media?parent=20923"}],"wp:term":[{"taxonomy":"product_brand","embeddable":true,"href":"https:\/\/narcopowders.com\/es\/wp-json\/wp\/v2\/product_brand?post=20923"},{"taxonomy":"product_cat","embeddable":true,"href":"https:\/\/narcopowders.com\/es\/wp-json\/wp\/v2\/product_cat?post=20923"},{"taxonomy":"product_tag","embeddable":true,"href":"https:\/\/narcopowders.com\/es\/wp-json\/wp\/v2\/product_tag?post=20923"}],"curies":[{"name":"wp","href":"https:\/\/api.w.org\/{rel}","templated":true}]}}