{"id":21031,"date":"2024-05-23T06:16:45","date_gmt":"2024-05-23T06:16:45","guid":{"rendered":"https:\/\/narcopowders.com\/?post_type=product&#038;p=21031"},"modified":"2024-05-24T09:48:18","modified_gmt":"2024-05-24T09:48:18","slug":"buy-5cakb-48-online","status":"publish","type":"product","link":"https:\/\/narcopowders.com\/es\/producto\/comprar-5f-akb48-online\/","title":{"rendered":"Comprar 5CAKB-48 en l\u00ednea"},"content":{"rendered":"<h2><strong>Comprar 5CAKB-48 en l\u00ednea<\/strong><\/h2>\n<p>Compra 5CAKB-48, una versi\u00f3n m\u00e1s fuerte de AKB-48 que interact\u00faa con los receptores cannabinoides y es un ingrediente principal en muchas mezclas artificiales de cannabis. Al tener un grupo indazol sustituido, el 5F-AKB48, tambi\u00e9n conocido como N-(adamantan-1-il)-1-(5-fluoropentil)-1H-indazol-3-carboxamida, es un cannabinoide indazol sint\u00e9tico.<a href=\"https:\/\/narcopowders.com\/es\/product-category\/cannabinoids\/\">.<\/a><\/p>\n<p>De forma similar al 5F-PB-22, esta fracci\u00f3n de indazol se sustituye en R1 por una cadena de fluoropentilo. Tambi\u00e9n se a\u00f1ade un grupo carboxamida al indazol en la posici\u00f3n R3. Este grupo carboxamida tiene un grupo adamantano N-sustituido en su grupo amina terminal. Este grupo tiene una estructura especial conocida como diamondoide, que se compone de cuatro anillos de ciclohexano fusionados. En el 5F-AKB48, un hom\u00f3logo del STS-135, se utiliza una base de indazol para sustituir la estructura principal de indol.<\/p>\n<p>Tienda online para 5CAKB-48 Bas\u00e1ndose en la investigaci\u00f3n estructural, se supone que el 5F-AKB48 comparte muchas de las caracter\u00edsticas in vivo del \u03949-THC y tiene un perfil de uni\u00f3n similar al de otros cannabinoides, aunque no se ha examinado a fondo. Pero a\u00fan no est\u00e1 claro qu\u00e9 incluyen estas interacciones y c\u00f3mo contribuyen a la sensaci\u00f3n de coloc\u00f3n del cannabis<a href=\"https:\/\/en.wikipedia.org\/wiki\/Synthetic_cannabinoids#Synthetic_cannabinoid_products\">.<\/a><\/p>\n<p>Tienda en l\u00ednea para 5F-AKB48 Los efectos enumerados a continuaci\u00f3n se derivan de las propias experiencias de los autores y del \u00edndice de efectos subjetivos en PsychonautWiki. Es importante tener en cuenta que no se garantiza que los efectos indicados se produzcan todos a la vez y deben considerarse con precauci\u00f3n. Sin embargo, dosis m\u00e1s elevadas aumentar\u00e1n la probabilidad y potenciar\u00e1n la posibilidad de experimentar toda la gama de s\u00edntomas.<\/p>\n<p>5C-AKB48 es apropiado para investigaciones similares sobre c\u00f3mo los agonistas prohibidos afectan a los receptores CB2. El 5C-AKB48 es suministrado por BAC \u00fanicamente con fines de investigaci\u00f3n. No est\u00e1 destinado al consumo humano ni al uso recreativo. Este sitio web est\u00e1 destinado exclusivamente a usuarios adultos. Se requiere que los visitantes de este sitio web tengan al menos 18 a\u00f1os de edad. Los menores de dieciocho a\u00f1os no pueden adquirir ninguno de nuestros productos.<\/p>\n<p>Comprar 5F-AKB48 en l\u00ednea Garantizamos la m\u00e1xima calidad en cada pedido, entregado en cualquier lugar del mundo, gracias a nuestro cualificado equipo de investigaci\u00f3n y desarrollo y a los estrictos procedimientos de control de calidad. Ante todo, los clientes y la reputaci\u00f3n en todo momento. Con nuestra calidad superior, sino tambi\u00e9n para la credibilidad, despu\u00e9s de lo cual podemos establecer efectivamente una conexi\u00f3n mutuamente beneficiosa a largo plazo.<\/p>\n<p>Comprar 5F-AKB48 Online Nuestro objetivo es proporcionar la m\u00e1s amplia gama de QU\u00cdMICOS DE INVESTIGACI\u00d3N, CANNABINOIDES, CANNABIS-MARIJUANA, y Sales de alta calidad, con un enfoque en su gran calidad, valor notable, y nuestro excepcional servicio al cliente. Trabajamos duro para ayudar a nuestros clientes en todo lo que podamos porque realmente pensamos que su satisfacci\u00f3n es esencial para el \u00e9xito de nuestro negocio. excelente calidad y s\u00f3lida reputaci\u00f3n, ganamos el mercado, Comprar 5CAKB-48.<br \/>\nNuestros clientes nos compran productos por algo m\u00e1s que precios justos.<\/p>","protected":false},"excerpt":{"rendered":"<p>Purchase 5CAKB-48 Online Buy 5CAKB-48, a stronger version of AKB-48 that interacts with cannabinoid receptors and is a main ingredient in a lot of artificial cannabis mixes. Because it has a substituted indazole group, 5F-AKB48, also known as N-(adamantan-1-yl)-1-(5-fluoropentyl)-1H-indazole-3-carboxamide, is a synthetic indazole cannabinoid. Similar to 5F-PB-22, this indazole moiety is replaced at R1 with [&hellip;]<\/p>","protected":false},"featured_media":21270,"comment_status":"open","ping_status":"closed","template":"","meta":{"_joinchat":[]},"product_brand":[],"product_cat":[1538],"product_tag":[],"class_list":{"0":"post-21031","1":"product","2":"type-product","3":"status-publish","4":"has-post-thumbnail","6":"product_cat-cannabinoids","8":"first","9":"instock","10":"shipping-taxable","11":"purchasable","12":"product-type-variable","13":"add-to-wishlist-after_add_to_cart"},"yoast_head":"<!-- This site is optimized with the Yoast SEO plugin v25.9 - https:\/\/yoast.com\/wordpress\/plugins\/seo\/ -->\n<title>Buy 5CAKB-48<\/title>\n<meta name=\"description\" content=\"Buy 5CAKB-48, If you are looking for 5F-AKB48 powder, 5F-APINACA or AKB-48F then you have come to the right place! 5C-AKB48 is a synthetic cannabinoid.\" \/>\n<meta name=\"robots\" content=\"index, follow, max-snippet:-1, max-image-preview:large, max-video-preview:-1\" \/>\n<link rel=\"canonical\" href=\"https:\/\/narcopowders.com\/es\/producto\/comprar-5f-akb48-online\/\" \/>\n<meta property=\"og:locale\" content=\"es_ES\" \/>\n<meta property=\"og:type\" content=\"article\" \/>\n<meta property=\"og:title\" content=\"Buy 5CAKB-48\" \/>\n<meta property=\"og:description\" content=\"Buy 5CAKB-48, If you are looking for 5F-AKB48 powder, 5F-APINACA or AKB-48F then you have come to the right place! 5C-AKB48 is a synthetic cannabinoid.\" \/>\n<meta property=\"og:url\" content=\"https:\/\/narcopowders.com\/es\/producto\/comprar-5f-akb48-online\/\" \/>\n<meta property=\"og:site_name\" content=\"Narco Powders\" \/>\n<meta property=\"article:modified_time\" content=\"2024-05-24T09:48:18+00:00\" \/>\n<meta property=\"og:image\" content=\"https:\/\/narcopowders.com\/wp-content\/uploads\/2024\/05\/5cakb48.gif\" \/>\n\t<meta property=\"og:image:width\" content=\"600\" \/>\n\t<meta property=\"og:image:height\" content=\"600\" \/>\n\t<meta property=\"og:image:type\" content=\"image\/gif\" \/>\n<meta name=\"twitter:card\" content=\"summary_large_image\" \/>\n<meta name=\"twitter:label1\" content=\"Tiempo de lectura\" \/>\n\t<meta name=\"twitter:data1\" content=\"3 minutos\" \/>\n<!-- \/ Yoast SEO plugin. -->","yoast_head_json":{"title":"Comprar 5CAKB-48","description":"\u00a1Comprar 5CAKB-48, Si estas buscando 5F-AKB48 en polvo, 5F-APINACA o AKB-48F entonces has venido al lugar correcto! 5C-AKB48 es un cannabinoide sint\u00e9tico.","robots":{"index":"index","follow":"follow","max-snippet":"max-snippet:-1","max-image-preview":"max-image-preview:large","max-video-preview":"max-video-preview:-1"},"canonical":"https:\/\/narcopowders.com\/es\/producto\/comprar-5f-akb48-online\/","og_locale":"es_ES","og_type":"article","og_title":"Buy 5CAKB-48","og_description":"Buy 5CAKB-48, If you are looking for 5F-AKB48 powder, 5F-APINACA or AKB-48F then you have come to the right place! 5C-AKB48 is a synthetic cannabinoid.","og_url":"https:\/\/narcopowders.com\/es\/producto\/comprar-5f-akb48-online\/","og_site_name":"Narco Powders","article_modified_time":"2024-05-24T09:48:18+00:00","og_image":[{"width":600,"height":600,"url":"https:\/\/narcopowders.com\/wp-content\/uploads\/2024\/05\/5cakb48.gif","type":"image\/gif"}],"twitter_card":"summary_large_image","twitter_misc":{"Tiempo de lectura":"3 minutos"},"schema":{"@context":"https:\/\/schema.org","@graph":[{"@type":"WebPage","@id":"https:\/\/narcopowders.com\/product\/buy-5cakb-48-online\/","url":"https:\/\/narcopowders.com\/product\/buy-5cakb-48-online\/","name":"Comprar 5CAKB-48","isPartOf":{"@id":"https:\/\/narcopowders.com\/#website"},"primaryImageOfPage":{"@id":"https:\/\/narcopowders.com\/product\/buy-5cakb-48-online\/#primaryimage"},"image":{"@id":"https:\/\/narcopowders.com\/product\/buy-5cakb-48-online\/#primaryimage"},"thumbnailUrl":"https:\/\/narcopowders.com\/wp-content\/uploads\/2024\/05\/5cakb48.gif","datePublished":"2024-05-23T06:16:45+00:00","dateModified":"2024-05-24T09:48:18+00:00","description":"\u00a1Comprar 5CAKB-48, Si estas buscando 5F-AKB48 en polvo, 5F-APINACA o AKB-48F entonces has venido al lugar correcto! 5C-AKB48 es un cannabinoide sint\u00e9tico.","breadcrumb":{"@id":"https:\/\/narcopowders.com\/product\/buy-5cakb-48-online\/#breadcrumb"},"inLanguage":"es","potentialAction":[{"@type":"ReadAction","target":["https:\/\/narcopowders.com\/product\/buy-5cakb-48-online\/"]}]},{"@type":"ImageObject","inLanguage":"es","@id":"https:\/\/narcopowders.com\/product\/buy-5cakb-48-online\/#primaryimage","url":"https:\/\/narcopowders.com\/wp-content\/uploads\/2024\/05\/5cakb48.gif","contentUrl":"https:\/\/narcopowders.com\/wp-content\/uploads\/2024\/05\/5cakb48.gif","width":600,"height":600,"caption":"Buy 5CAKB-48 online"},{"@type":"BreadcrumbList","@id":"https:\/\/narcopowders.com\/product\/buy-5cakb-48-online\/#breadcrumb","itemListElement":[{"@type":"ListItem","position":1,"name":"Home","item":"https:\/\/narcopowders.com\/"},{"@type":"ListItem","position":2,"name":"Shop Page","item":"https:\/\/narcopowders.com\/shop\/"},{"@type":"ListItem","position":3,"name":"Buy 5CAKB-48 Online"}]},{"@type":"WebSite","@id":"https:\/\/narcopowders.com\/#website","url":"https:\/\/narcopowders.com\/","name":"Narc\u00f3ticos en polv","description":"Mi blog de WordPress","potentialAction":[{"@type":"SearchAction","target":{"@type":"EntryPoint","urlTemplate":"https:\/\/narcopowders.com\/?s={search_term_string}"},"query-input":{"@type":"PropertyValueSpecification","valueRequired":true,"valueName":"search_term_string"}}],"inLanguage":"es"}]}},"_links":{"self":[{"href":"https:\/\/narcopowders.com\/es\/wp-json\/wp\/v2\/product\/21031","targetHints":{"allow":["GET"]}}],"collection":[{"href":"https:\/\/narcopowders.com\/es\/wp-json\/wp\/v2\/product"}],"about":[{"href":"https:\/\/narcopowders.com\/es\/wp-json\/wp\/v2\/types\/product"}],"replies":[{"embeddable":true,"href":"https:\/\/narcopowders.com\/es\/wp-json\/wp\/v2\/comments?post=21031"}],"wp:featuredmedia":[{"embeddable":true,"href":"https:\/\/narcopowders.com\/es\/wp-json\/wp\/v2\/media\/21270"}],"wp:attachment":[{"href":"https:\/\/narcopowders.com\/es\/wp-json\/wp\/v2\/media?parent=21031"}],"wp:term":[{"taxonomy":"product_brand","embeddable":true,"href":"https:\/\/narcopowders.com\/es\/wp-json\/wp\/v2\/product_brand?post=21031"},{"taxonomy":"product_cat","embeddable":true,"href":"https:\/\/narcopowders.com\/es\/wp-json\/wp\/v2\/product_cat?post=21031"},{"taxonomy":"product_tag","embeddable":true,"href":"https:\/\/narcopowders.com\/es\/wp-json\/wp\/v2\/product_tag?post=21031"}],"curies":[{"name":"wp","href":"https:\/\/api.w.org\/{rel}","templated":true}]}}