{"id":21168,"date":"2024-05-23T06:17:24","date_gmt":"2024-05-23T06:17:24","guid":{"rendered":"https:\/\/narcopowders.com\/?post_type=product&#038;p=21168"},"modified":"2025-03-25T11:53:53","modified_gmt":"2025-03-25T11:53:53","slug":"buy-cocaine-online","status":"publish","type":"product","link":"https:\/\/narcopowders.com\/es\/product\/buy-cocaine-online\/","title":{"rendered":"Comprar coca\u00edna en l\u00ednea"},"content":{"rendered":"<h2><strong>Comprar coca\u00edna en polvo en l\u00ednea<\/strong><\/h2>\n<p><a href=\"https:\/\/narcopowders.com\/es\/producto\/kaufen-cocaine-online\/\">Comprar COCA\u00cdNA en l\u00ednea<\/a>, La forma m\u00e1s popular de <a href=\"https:\/\/narcopowders.com\/es\/\">Comprar Nembutal es coca\u00edna en polvo<\/a>Por eso tambi\u00e9n se le llama droga callejera. Las plantas de coca, que se encuentran principalmente en los pa\u00edses del sur, se utilizan para elaborar este polvo.<\/p>\n<p>Es un potente estimulante que act\u00faa directamente sobre el cerebro central, curando diversas enfermedades. Las sustancias qu\u00edmicas espec\u00edficas del cerebro son potenciadas por este estimulante, permitiendo que el sistema org\u00e1nico humano responda como es debido. Debido a sus numerosos beneficios, es el tipo de coca\u00edna m\u00e1s utilizado en todo el mundo . <a href=\"https:\/\/en.wikipedia.org\/wiki\/Cocaine\">coca\u00edna<\/a> worldwide .<\/p>\n<h3><strong>En comparaci\u00f3n con otro tipo de coca\u00edna, la coca\u00edna en polvo. C\u00f3mo consumir coca\u00edna en polvo<\/strong><\/h3>\n<p>La coca\u00edna en polvo tambi\u00e9n tiene beneficios fuera del cuerpo humano. Sin embargo, la principal raz\u00f3n de su popularidad es que tambi\u00e9n es menos peligrosa para la salud. Para su uso, suele combinarse con otros medicamentos profesionales como talco, fentanilo, etc. Sin embargo, si se combina con fentanilo sin supervisi\u00f3n, puede ser peligroso para la salud. <a href=\"https:\/\/www.google.com\/search?q=Buy+cocaine+powder+online&amp;sca_esv=7d1b82273738a5db&amp;sxsrf=AHTn8zrpCV8se75n1P5zO_BMxsJNg31gNg%3A1742902621086&amp;ei=XZXiZ7r8BIuQseMPh-T8gAk&amp;ved=0ahUKEwj6nu6ckqWMAxULSGwGHQcyH5AQ4dUDCA8&amp;uact=5&amp;oq=Buy+cocaine+powder+online&amp;gs_lp=Egxnd3Mtd2l6LXNlcnAiGUJ1eSBjb2NhaW5lIHBvd2RlciBvbmxpbmVI1QpQ2ANY2ANwAXgAkAEAmAG9AaABvQGqAQMwLjG4AQPIAQD4AQH4AQKYAgGgAjmoAhTCAgcQIxgnGOoCwgIQEAAYAxi0AhjqAhiPAdgBAZgDOfEFP9FMYW7Zscm6BgYIARABGAqSBwExoAdNsgcAuAcA&amp;sclient=gws-wiz-serp\">Puede ser peligroso para tu salud<\/a>.<\/p>\n<p>Por lo tanto, antes de utilizar un pro-medicamento tan eficaz, hay que comprobarlo. La gente utiliza esta sustancia en forma de polvo de diversas maneras, como inyect\u00e1ndola directamente en una vena o fum\u00e1ndola como un cigarrillo. La mejor t\u00e9cnica depende de las circunstancias f\u00edsicas y mentales de cada individuo.<\/p>\n<p>Aunque es extremadamente arriesgado, algunas personas tambi\u00e9n han utilizado este polvo mezcl\u00e1ndolo con refrescos sobre c\u00f3mo abordarlo.<\/p>\n<h3><strong>Coca\u00edna en polvo con fines m\u00e9dicos<\/strong><\/h3>\n<p>Al a\u00f1adir m\u00e1s sustancias qu\u00edmicas al cerebro, <a href=\"https:\/\/www.google.com\/search?q=Buy+cocaine+powder+online&amp;sca_esv=7d1b82273738a5db&amp;sxsrf=AHTn8zrpCV8se75n1P5zO_BMxsJNg31gNg%3A1742902621086&amp;ei=XZXiZ7r8BIuQseMPh-T8gAk&amp;ved=0ahUKEwj6nu6ckqWMAxULSGwGHQcyH5AQ4dUDCA8&amp;uact=5&amp;oq=Buy+cocaine+powder+online&amp;gs_lp=Egxnd3Mtd2l6LXNlcnAiGUJ1eSBjb2NhaW5lIHBvd2RlciBvbmxpbmVI1QpQ2ANY2ANwAXgAkAEAmAG9AaABvQGqAQMwLjG4AQPIAQD4AQH4AQKYAgGgAjmoAhTCAgcQIxgnGOoCwgIQEAAYAxi0AhjqAhiPAdgBAZgDOfEFP9FMYW7Zscm6BgYIARABGAqSBwExoAdNsgcAuAcA&amp;sclient=gws-wiz-serp\">La coca\u00edna en polvo tambi\u00e9n fortalece su sistema de respuesta.<\/a>. Cuando se trata a pacientes que sufren apat\u00eda en su comportamiento y movimientos, los m\u00e9dicos recetan este f\u00e1rmaco.<\/p>\n<h3><strong>En venta: Clorhidrato de coca\u00edna<\/strong><\/h3>\n<p>Los m\u00e9dicos tambi\u00e9n la utilizan para aliviar las molestias durante muchas intervenciones quir\u00fargicas. Dado que proporciona una sensaci\u00f3n de alegr\u00eda y vitalidad a la mente, su corta duraci\u00f3n es extremadamente beneficiosa para el ser humano. Debido a estas propiedades, es popular entre muchas personas de todo el mundo.<\/p>\n<p>Todo el mundo tiene f\u00e1cil acceso a la disponibilidad de coca\u00edna en polvo en el mercado de Internet. Adem\u00e1s, nuestra tienda online ofrece este excepcional polvo a precios incre\u00edblemente asequibles. Adem\u00e1s, ofrecemos la entrega m\u00e1s r\u00e1pida posible del producto directamente a su puerta.<\/p>\n<h3><strong>Comprar coca\u00edna por Internet: C\u00f3mo funciona el proceso de pedido discreto<\/strong><\/h3>\n<p>Con nosotras puedes <a href=\"https:\/\/www.bing.com\/search?q=Buy%20cocaine%20powder%20online&amp;qs=n&amp;form=QBRE&amp;sp=-1&amp;lq=0&amp;pq=buy%20cocaine%20powder%20online&amp;sc=0-25&amp;sk=&amp;cvid=052784CD6D47407798C456B3F3F56911&amp;ghsh=0&amp;ghacc=0&amp;ghpl=\">Ordene coca\u00edna f\u00e1cil y c\u00f3modamente en l\u00ednea<\/a>Con nosotros puede pedir coca\u00edna en l\u00ednea de forma f\u00e1cil y c\u00f3moda. Nuestra tienda tiene un dise\u00f1o muy claro para que pueda encontrar r\u00e1pidamente el producto adecuado. Puede elegir entre diferentes cantidades y calidades y obtener siempre la mejor relaci\u00f3n calidad-precio. Adem\u00e1s, ofrecemos regularmente ofertas especiales y descuentos para que pueda comprar coca\u00edna a\u00fan m\u00e1s barata.<\/p>\n<h3><strong>Pedir coca\u00edna online: Benef\u00edciese de nuestra amplia gama de productos de coca\u00edna<\/strong><\/h3>\n<p><a href=\"https:\/\/www.bing.com\/search?q=Buy%20cocaine%20powder%20online&amp;qs=n&amp;form=QBRE&amp;sp=-1&amp;lq=0&amp;pq=buy%20cocaine%20powder%20online&amp;sc=0-25&amp;sk=&amp;cvid=052784CD6D47407798C456B3F3F56911&amp;ghsh=0&amp;ghacc=0&amp;ghpl=\">Nuestro procesamiento de pagos es muy seguro y sencillo.<\/a>Nuestro procesamiento de pagos es muy seguro y sencillo. S\u00f3lo aceptamos pagos con Bitcoin para garantizar que todas las transacciones sean an\u00f3nimas y seguras. Si decides comprar coca\u00edna con nosotros, no tienes que preocuparte de que te pillen, ya que tomamos todas las precauciones necesarias para proteger tu privacidad.<\/p>\n<p>Nuestro objetivo es asegurarnos de que usted pueda comprar el <a href=\"https:\/\/duckduckgo.com\/?q=Buy+cocaine+powder+online&amp;t=h_&amp;ia=web\">best cocaine online<\/a>Nuestro objetivo es asegurarnos de que pueda comprar la mejor coca\u00edna en l\u00ednea. S\u00f3lo trabajamos con los mejores fabricantes y comprobamos cada producto antes de a\u00f1adirlo a nuestra tienda. Estamos seguros de que te sorprender\u00e1 la calidad de nuestra coca\u00edna.<\/p>\n<h3><strong>Coca\u00edna de primera calidad online: Nuestra tienda de coca\u00edna te ofrece la mejor coca\u00edna a un precio justo<\/strong><\/h3>\n<p>Siempre estamos dispuestos a ayudarle con cualquier duda o problema. Si necesita m\u00e1s informaci\u00f3n, no dude en ponerse en contacto con nosotros. Estaremos encantados de ayudarle con cualquier pregunta o solicitud.<\/p>\n<p>En general, comprar coca\u00edna con nosotros es f\u00e1cil y seguro. Ofrecemos una amplia gama de productos de calidad superior y disponibles a un precio asequible. Si desea comprar la mejor coca\u00edna en l\u00ednea, entonces ha venido al lugar correcto. Estamos deseando ayudarle a comprar su pr\u00f3xima coca\u00edna. Haga su pedido hoy y disfrute de la mejor experiencia con coca\u00edna que jam\u00e1s haya tenido.<\/p>\n<h3><strong>El mejor sitio para comprar coca\u00edna online: Conf\u00eda en nuestra tienda profesional de coca\u00edna<\/strong><\/h3>\n<p><a href=\"https:\/\/duckduckgo.com\/?q=Buy+cocaine+powder+online&amp;t=h_&amp;ia=web\">Comprar COCA\u00cdNA en l\u00ednea<\/a>, Por favor, no conduzca si ha tomado coca\u00edna u otras drogas. En nuestra tienda no s\u00f3lo puede pedir coca\u00edna. Tambi\u00e9n puede comprar f\u00e1cilmente otras drogas online. Aqu\u00ed puede por ejemplo<\/p>","protected":false},"excerpt":{"rendered":"<p>Buy cocaine powder online Buy COCAINE Online, The most popular form of Buy Nembutal is powder cocaine. For this reason it is also called a street drug. The coca plants, which are mainly found in southern countries, are used to make this powder . It is a powerful stimulant that acts directly on the central [&hellip;]<\/p>","protected":false},"featured_media":21238,"comment_status":"open","ping_status":"closed","template":"","meta":{"_joinchat":[]},"product_brand":[],"product_cat":[1179],"product_tag":[],"class_list":{"0":"post-21168","1":"product","2":"type-product","3":"status-publish","4":"has-post-thumbnail","6":"product_cat-buy-cocaine-online","8":"first","9":"instock","10":"shipping-taxable","11":"purchasable","12":"product-type-variable","13":"has-default-attributes","14":"add-to-wishlist-after_add_to_cart"},"yoast_head":"<!-- This site is optimized with the Yoast SEO plugin v27.5 - https:\/\/yoast.com\/product\/yoast-seo-wordpress\/ -->\n<title>Buy Cocaine Online - Narco Powders<\/title>\n<meta name=\"description\" content=\"Kaufen COCAINE Online, kaufen ( cocain kaufen ) \u2013 schnell, einfach und diskret mit Bank\u00fcberweisung und Bitcoin heute. cocain bestllen.\" \/>\n<meta name=\"robots\" content=\"index, follow, max-snippet:-1, max-image-preview:large, max-video-preview:-1\" \/>\n<link rel=\"canonical\" href=\"https:\/\/narcopowders.com\/es\/producto\/kaufen-cocaine-online\/\" \/>\n<meta property=\"og:locale\" content=\"es_ES\" \/>\n<meta property=\"og:type\" content=\"article\" \/>\n<meta property=\"og:title\" content=\"Buy Cocaine Online - Narco Powders\" \/>\n<meta property=\"og:description\" content=\"Kaufen COCAINE Online, kaufen ( cocain kaufen ) \u2013 schnell, einfach und diskret mit Bank\u00fcberweisung und Bitcoin heute. cocain bestllen.\" \/>\n<meta property=\"og:url\" content=\"https:\/\/narcopowders.com\/es\/producto\/kaufen-cocaine-online\/\" \/>\n<meta property=\"og:site_name\" content=\"Narco Powders\" \/>\n<meta property=\"article:modified_time\" content=\"2025-03-25T11:53:53+00:00\" \/>\n<meta property=\"og:image\" content=\"https:\/\/narcopowders.com\/wp-content\/uploads\/2024\/05\/Cocaine.gif\" \/>\n\t<meta property=\"og:image:width\" content=\"600\" \/>\n\t<meta property=\"og:image:height\" content=\"600\" \/>\n\t<meta property=\"og:image:type\" content=\"image\/gif\" \/>\n<meta name=\"twitter:card\" content=\"summary_large_image\" \/>\n<meta name=\"twitter:label1\" content=\"Tiempo de lectura\" \/>\n\t<meta name=\"twitter:data1\" content=\"4 minutos\" \/>\n<!-- \/ Yoast SEO plugin. -->","yoast_head_json":{"title":"Comprar Coca\u00edna Online - Narco Polvos","description":"Kaufen COCAINE Online, kaufen ( cocain kaufen ) - schnell, einfach und diskret mit Bank\u00fcberweisung und Bitcoin heute. cocain bestllen.","robots":{"index":"index","follow":"follow","max-snippet":"max-snippet:-1","max-image-preview":"max-image-preview:large","max-video-preview":"max-video-preview:-1"},"canonical":"https:\/\/narcopowders.com\/es\/producto\/kaufen-cocaine-online\/","og_locale":"es_ES","og_type":"article","og_title":"Buy Cocaine Online - Narco Powders","og_description":"Kaufen COCAINE Online, kaufen ( cocain kaufen ) \u2013 schnell, einfach und diskret mit Bank\u00fcberweisung und Bitcoin heute. cocain bestllen.","og_url":"https:\/\/narcopowders.com\/es\/producto\/kaufen-cocaine-online\/","og_site_name":"Narco Powders","article_modified_time":"2025-03-25T11:53:53+00:00","og_image":[{"width":600,"height":600,"url":"https:\/\/narcopowders.com\/wp-content\/uploads\/2024\/05\/Cocaine.gif","type":"image\/gif"}],"twitter_card":"summary_large_image","twitter_misc":{"Tiempo de lectura":"4 minutos"},"schema":{"@context":"https:\/\/schema.org","@graph":[{"@type":"WebPage","@id":"https:\/\/narcopowders.com\/product\/buy-cocaine-online\/","url":"https:\/\/narcopowders.com\/product\/buy-cocaine-online\/","name":"Comprar Coca\u00edna Online - Narco Polvos","isPartOf":{"@id":"https:\/\/narcopowders.com\/#website"},"primaryImageOfPage":{"@id":"https:\/\/narcopowders.com\/product\/buy-cocaine-online\/#primaryimage"},"image":{"@id":"https:\/\/narcopowders.com\/product\/buy-cocaine-online\/#primaryimage"},"thumbnailUrl":"https:\/\/narcopowders.com\/wp-content\/uploads\/2024\/05\/Cocaine.gif","datePublished":"2024-05-23T06:17:24+00:00","dateModified":"2025-03-25T11:53:53+00:00","description":"Kaufen COCAINE Online, kaufen ( cocain kaufen ) - schnell, einfach und diskret mit Bank\u00fcberweisung und Bitcoin heute. cocain bestllen.","breadcrumb":{"@id":"https:\/\/narcopowders.com\/product\/buy-cocaine-online\/#breadcrumb"},"inLanguage":"es","potentialAction":[{"@type":"ReadAction","target":["https:\/\/narcopowders.com\/product\/buy-cocaine-online\/"]}]},{"@type":"ImageObject","inLanguage":"es","@id":"https:\/\/narcopowders.com\/product\/buy-cocaine-online\/#primaryimage","url":"https:\/\/narcopowders.com\/wp-content\/uploads\/2024\/05\/Cocaine.gif","contentUrl":"https:\/\/narcopowders.com\/wp-content\/uploads\/2024\/05\/Cocaine.gif","width":600,"height":600,"caption":"Buy Cocaine online"},{"@type":"BreadcrumbList","@id":"https:\/\/narcopowders.com\/product\/buy-cocaine-online\/#breadcrumb","itemListElement":[{"@type":"ListItem","position":1,"name":"Home","item":"https:\/\/narcopowders.com\/"},{"@type":"ListItem","position":2,"name":"Shop Page","item":"https:\/\/narcopowders.com\/shop\/"},{"@type":"ListItem","position":3,"name":"Buy Cocaine Online"}]},{"@type":"WebSite","@id":"https:\/\/narcopowders.com\/#website","url":"https:\/\/narcopowders.com\/","name":"Narc\u00f3ticos en polv","description":"Mi blog de WordPress","potentialAction":[{"@type":"SearchAction","target":{"@type":"EntryPoint","urlTemplate":"https:\/\/narcopowders.com\/?s={search_term_string}"},"query-input":{"@type":"PropertyValueSpecification","valueRequired":true,"valueName":"search_term_string"}}],"inLanguage":"es"}]}},"_links":{"self":[{"href":"https:\/\/narcopowders.com\/es\/wp-json\/wp\/v2\/product\/21168","targetHints":{"allow":["GET"]}}],"collection":[{"href":"https:\/\/narcopowders.com\/es\/wp-json\/wp\/v2\/product"}],"about":[{"href":"https:\/\/narcopowders.com\/es\/wp-json\/wp\/v2\/types\/product"}],"replies":[{"embeddable":true,"href":"https:\/\/narcopowders.com\/es\/wp-json\/wp\/v2\/comments?post=21168"}],"wp:featuredmedia":[{"embeddable":true,"href":"https:\/\/narcopowders.com\/es\/wp-json\/wp\/v2\/media\/21238"}],"wp:attachment":[{"href":"https:\/\/narcopowders.com\/es\/wp-json\/wp\/v2\/media?parent=21168"}],"wp:term":[{"taxonomy":"product_brand","embeddable":true,"href":"https:\/\/narcopowders.com\/es\/wp-json\/wp\/v2\/product_brand?post=21168"},{"taxonomy":"product_cat","embeddable":true,"href":"https:\/\/narcopowders.com\/es\/wp-json\/wp\/v2\/product_cat?post=21168"},{"taxonomy":"product_tag","embeddable":true,"href":"https:\/\/narcopowders.com\/es\/wp-json\/wp\/v2\/product_tag?post=21168"}],"curies":[{"name":"wp","href":"https:\/\/api.w.org\/{rel}","templated":true}]}}