{"id":21239,"date":"2024-05-23T06:34:00","date_gmt":"2024-05-23T06:34:00","guid":{"rendered":"https:\/\/narcopowders.com\/?post_type=product&#038;p=21239"},"modified":"2025-03-26T12:29:14","modified_gmt":"2025-03-26T12:29:14","slug":"buy-etizolam-powder-online","status":"publish","type":"product","link":"https:\/\/narcopowders.com\/es\/producto\/comprar-etizolam-polvo-online\/","title":{"rendered":"Comprar Etizolam Polvo"},"content":{"rendered":"<h2>Consiga Etizolam en Polvo Online al Mejor Precio<\/h2>\n<p><a href=\"https:\/\/narcopowders.com\/es\/producto\/comprar-etizolam-polvo-online\/\">Comprar Etizolam Polvo<\/a>El etizolam funciona como una benzodiazepina al unirse al receptor de benzodiazepina, que es un derivado de la tienodiazepina. Proveedores de etizolam, compra de etizolam en polvo, proveedores de etizolam en polvo, etizolam en venta y venta al por mayor de etizolam en polvo desde China.<\/p>\n<p>Se vende por <a href=\"https:\/\/narcopowders.com\/es\/\">Narcopowders<\/a> fines de investigaci\u00f3n en l\u00ednea. Etizolam no ha recibido la aprobaci\u00f3n de la FDA para su uso como medicamento. Sin embargo, usted puede conseguir f\u00e1cilmente Etizolam en l\u00ednea con la ayuda de nuestra tienda en l\u00ednea. Por otra parte, s\u00f3lo unas pocas naciones tienen acceso a etizolam como un medicamento.<\/p>\n<h3>Etizolam en polvo: \u00bfQu\u00e9 es?<\/h3>\n<p>Puede curar su trastorno de ansiedad generalizada junto con la depresi\u00f3n, el insomnio y el trastorno de p\u00e1nico utilizando el polvo de etizolam que vendemos en l\u00ednea. <a href=\"https:\/\/www.bing.com\/search?q=Buy+Etizolam+Powder+Online&amp;form=QBLH&amp;sp=-1&amp;lq=0&amp;pq=buy+etizolam+powder+online&amp;sc=1-26&amp;qs=n&amp;sk=&amp;cvid=78A682E5124B459C9E52C7988D6F2866&amp;ghsh=0&amp;ghacc=0&amp;ghpl=\">etizolam powder<\/a> que vendemos en l\u00ednea.<\/p>\n<h3>\u00bfD\u00f3nde se puede utilizar Etizolam?<\/h3>\n<p><a href=\"https:\/\/en.wikipedia.org\/wiki\/Etizolam\">Etizolam functions<\/a> como un agonista completo de los receptores GABA-A para aumentar la transmisi\u00f3n GABA\u00e9rgica y mejorar las corrientes de Cl inducidas por GABA. El sitio de uni\u00f3n de la benzodiacepina, que est\u00e1 situado a trav\u00e9s del receptor alfa<\/p>\n<p>Se supone que la interfaz de la subunidad gamma es el lugar de uni\u00f3n. Se ha informado que s\u00f3lo los receptores con las subunidades gamma 2 y alfa 1\/2\/3\/5 pueden unirse a las benzodiacepinas.<\/p>\n<p>Los receptores alfa 1 median los efectos sedantes del etizolam, mientras que los receptores que contienen subunidades alfa 2 y alfa 3 median la acci\u00f3n ansiol\u00edtica. El etizolam posee una gran afinidad y eficacia por el receptor GABA-A cuando se combina con la subunidad alfa 1 beta 2 gamma 2S.<\/p>\n<p>Al unirse a la zona reguladora del receptor, el etizolam facilita la apertura de los canales de cloruro inducidos por el GABA, con lo que aumenta la transmisi\u00f3n del GABA. Un antagonista particular del PAFR es el etizolam. \u00bfPor qu\u00e9 el mejor lugar para comprar etizolam en polvo es <a href=\"https:\/\/duckduckgo.com\/?t=h_&amp;q=Buy+Etizolam+Powder+Online&amp;ia=web\">Etizolam Powder<\/a> is Narcopowders?<\/p>\n<p>El etizolam es un sedante-hipn\u00f3tico, anticonvulsivo, ansiol\u00edtico y relajante muscular que tambi\u00e9n deprime el sistema nervioso central. Se une a la regi\u00f3n benzodiacep\u00ednica del receptor GABA-A, aumentando la transmisi\u00f3n inhibitoria GABA\u00e9rgica en todo el sistema nervioso central como agonista. Los estudios sugieren que el etizolam es de seis a diez veces m\u00e1s potente que el diazepam en la mediaci\u00f3n de sus efectos farmacol\u00f3gicos.<\/p>\n<h3>La farmacodin\u00e1mica<\/h3>\n<p>Entrega de etizolam es seguro y seguro para todos con Narcopowders. No deje pasar esta oportunidad de hacer un pedido legal de Etizolam en l\u00ednea si est\u00e1 dispuesto a pagar un precio m\u00f3dico por el polvo. \u00a1Haga su pedido de <a href=\"https:\/\/www.google.com\/search?q=Buy+Etizolam+Powder+Online&amp;sca_esv=16def464f60f9903&amp;sxsrf=AHTn8zo_Lfpu_UvBnQ8OihW9wiv71k0MNA%3A1742991797535&amp;ei=tfHjZ6q3IJLR0PEPssDFuQw&amp;ved=0ahUKEwjq5cC33qeMAxWSKDQIHTJgMccQ4dUDCBA&amp;uact=5&amp;oq=Buy+Etizolam+Powder+Online&amp;gs_lp=Egxnd3Mtd2l6LXNlcnAiGkJ1eSBFdGl6b2xhbSBQb3dkZXIgT25saW5lSKgEUABYAHAAeACQAQCYAYYDoAGGA6oBAzMtMbgBA8gBAPgBAvgBAZgCAKACAJgDAJIHAKAHTrIHALgHAA&amp;sclient=gws-wiz-serp\">Etizolam powder<\/a> order right away!<\/p>","protected":false},"excerpt":{"rendered":"<p>Get Etizolam Powder Online at the Lowest Cost Buy Etizolam Powder, Etizolam functions as a benzodiazepine by binding to the benzodiazepine receptor, which is a thienodiazepine derivative. Etizolam suppliers, buy etizolam powder, suppliers of etizolam powder, etizolam for sale, and wholesale etizolam powder from China. It is sold by Narcopowders for online research purposes. Etizolam [&hellip;]<\/p>","protected":false},"featured_media":21240,"comment_status":"open","ping_status":"closed","template":"","meta":{"_joinchat":[]},"product_brand":[],"product_cat":[1724],"product_tag":[],"class_list":{"0":"post-21239","1":"product","2":"type-product","3":"status-publish","4":"has-post-thumbnail","6":"product_cat-research-chemicals","8":"first","9":"instock","10":"shipping-taxable","11":"purchasable","12":"product-type-variable","13":"add-to-wishlist-after_add_to_cart"},"yoast_head":"<!-- This site is optimized with the Yoast SEO plugin v25.9 - https:\/\/yoast.com\/wordpress\/plugins\/seo\/ -->\n<title>Buy Etizolam Powder - Etizolam<\/title>\n<meta name=\"description\" content=\"Buy Etizolam Powder, We sells high-quality Etizolam powder that aids with sleep and insomnia. Click here to Order Etizolam powder at a discount\" \/>\n<meta name=\"robots\" content=\"index, follow, max-snippet:-1, max-image-preview:large, max-video-preview:-1\" \/>\n<link rel=\"canonical\" href=\"https:\/\/narcopowders.com\/es\/producto\/comprar-etizolam-polvo-online\/\" \/>\n<meta property=\"og:locale\" content=\"es_ES\" \/>\n<meta property=\"og:type\" content=\"article\" \/>\n<meta property=\"og:title\" content=\"Buy Etizolam Powder - Etizolam\" \/>\n<meta property=\"og:description\" content=\"Buy Etizolam Powder, We sells high-quality Etizolam powder that aids with sleep and insomnia. Click here to Order Etizolam powder at a discount\" \/>\n<meta property=\"og:url\" content=\"https:\/\/narcopowders.com\/es\/producto\/comprar-etizolam-polvo-online\/\" \/>\n<meta property=\"og:site_name\" content=\"Narco Powders\" \/>\n<meta property=\"article:modified_time\" content=\"2025-03-26T12:29:14+00:00\" \/>\n<meta property=\"og:image\" content=\"https:\/\/narcopowders.com\/wp-content\/uploads\/2024\/05\/Etizolam.gif\" \/>\n\t<meta property=\"og:image:width\" content=\"600\" \/>\n\t<meta property=\"og:image:height\" content=\"600\" \/>\n\t<meta property=\"og:image:type\" content=\"image\/gif\" \/>\n<meta name=\"twitter:card\" content=\"summary_large_image\" \/>\n<meta name=\"twitter:label1\" content=\"Tiempo de lectura\" \/>\n\t<meta name=\"twitter:data1\" content=\"2 minutos\" \/>\n<!-- \/ Yoast SEO plugin. -->","yoast_head_json":{"title":"Comprar Etizolam Polvo - Etizolam","description":"Comprar Etizolam en Polvo, Vendemos Etizolam en polvo de alta calidad que ayuda con el sue\u00f1o y el insomnio. Haga clic aqu\u00ed para ordenar Etizolam polvo con descuento","robots":{"index":"index","follow":"follow","max-snippet":"max-snippet:-1","max-image-preview":"max-image-preview:large","max-video-preview":"max-video-preview:-1"},"canonical":"https:\/\/narcopowders.com\/es\/producto\/comprar-etizolam-polvo-online\/","og_locale":"es_ES","og_type":"article","og_title":"Buy Etizolam Powder - Etizolam","og_description":"Buy Etizolam Powder, We sells high-quality Etizolam powder that aids with sleep and insomnia. Click here to Order Etizolam powder at a discount","og_url":"https:\/\/narcopowders.com\/es\/producto\/comprar-etizolam-polvo-online\/","og_site_name":"Narco Powders","article_modified_time":"2025-03-26T12:29:14+00:00","og_image":[{"width":600,"height":600,"url":"https:\/\/narcopowders.com\/wp-content\/uploads\/2024\/05\/Etizolam.gif","type":"image\/gif"}],"twitter_card":"summary_large_image","twitter_misc":{"Tiempo de lectura":"2 minutos"},"schema":{"@context":"https:\/\/schema.org","@graph":[{"@type":"WebPage","@id":"https:\/\/narcopowders.com\/product\/buy-etizolam-powder-online\/","url":"https:\/\/narcopowders.com\/product\/buy-etizolam-powder-online\/","name":"Comprar Etizolam Polvo - Etizolam","isPartOf":{"@id":"https:\/\/narcopowders.com\/#website"},"primaryImageOfPage":{"@id":"https:\/\/narcopowders.com\/product\/buy-etizolam-powder-online\/#primaryimage"},"image":{"@id":"https:\/\/narcopowders.com\/product\/buy-etizolam-powder-online\/#primaryimage"},"thumbnailUrl":"https:\/\/narcopowders.com\/wp-content\/uploads\/2024\/05\/Etizolam.gif","datePublished":"2024-05-23T06:34:00+00:00","dateModified":"2025-03-26T12:29:14+00:00","description":"Comprar Etizolam en Polvo, Vendemos Etizolam en polvo de alta calidad que ayuda con el sue\u00f1o y el insomnio. Haga clic aqu\u00ed para ordenar Etizolam polvo con descuento","breadcrumb":{"@id":"https:\/\/narcopowders.com\/product\/buy-etizolam-powder-online\/#breadcrumb"},"inLanguage":"es","potentialAction":[{"@type":"ReadAction","target":["https:\/\/narcopowders.com\/product\/buy-etizolam-powder-online\/"]}]},{"@type":"ImageObject","inLanguage":"es","@id":"https:\/\/narcopowders.com\/product\/buy-etizolam-powder-online\/#primaryimage","url":"https:\/\/narcopowders.com\/wp-content\/uploads\/2024\/05\/Etizolam.gif","contentUrl":"https:\/\/narcopowders.com\/wp-content\/uploads\/2024\/05\/Etizolam.gif","width":600,"height":600,"caption":"Buy Etizolam Online"},{"@type":"BreadcrumbList","@id":"https:\/\/narcopowders.com\/product\/buy-etizolam-powder-online\/#breadcrumb","itemListElement":[{"@type":"ListItem","position":1,"name":"Home","item":"https:\/\/narcopowders.com\/"},{"@type":"ListItem","position":2,"name":"Shop Page","item":"https:\/\/narcopowders.com\/shop\/"},{"@type":"ListItem","position":3,"name":"Buy Etizolam Powder"}]},{"@type":"WebSite","@id":"https:\/\/narcopowders.com\/#website","url":"https:\/\/narcopowders.com\/","name":"Narc\u00f3ticos en polv","description":"Mi blog de WordPress","potentialAction":[{"@type":"SearchAction","target":{"@type":"EntryPoint","urlTemplate":"https:\/\/narcopowders.com\/?s={search_term_string}"},"query-input":{"@type":"PropertyValueSpecification","valueRequired":true,"valueName":"search_term_string"}}],"inLanguage":"es"}]}},"_links":{"self":[{"href":"https:\/\/narcopowders.com\/es\/wp-json\/wp\/v2\/product\/21239","targetHints":{"allow":["GET"]}}],"collection":[{"href":"https:\/\/narcopowders.com\/es\/wp-json\/wp\/v2\/product"}],"about":[{"href":"https:\/\/narcopowders.com\/es\/wp-json\/wp\/v2\/types\/product"}],"replies":[{"embeddable":true,"href":"https:\/\/narcopowders.com\/es\/wp-json\/wp\/v2\/comments?post=21239"}],"wp:featuredmedia":[{"embeddable":true,"href":"https:\/\/narcopowders.com\/es\/wp-json\/wp\/v2\/media\/21240"}],"wp:attachment":[{"href":"https:\/\/narcopowders.com\/es\/wp-json\/wp\/v2\/media?parent=21239"}],"wp:term":[{"taxonomy":"product_brand","embeddable":true,"href":"https:\/\/narcopowders.com\/es\/wp-json\/wp\/v2\/product_brand?post=21239"},{"taxonomy":"product_cat","embeddable":true,"href":"https:\/\/narcopowders.com\/es\/wp-json\/wp\/v2\/product_cat?post=21239"},{"taxonomy":"product_tag","embeddable":true,"href":"https:\/\/narcopowders.com\/es\/wp-json\/wp\/v2\/product_tag?post=21239"}],"curies":[{"name":"wp","href":"https:\/\/api.w.org\/{rel}","templated":true}]}}