{"id":21271,"date":"2024-05-23T07:46:43","date_gmt":"2024-05-23T07:46:43","guid":{"rendered":"https:\/\/narcopowders.com\/?post_type=product&#038;p=21271"},"modified":"2025-05-06T07:01:16","modified_gmt":"2025-05-06T07:01:16","slug":"buy-5cladb-online","status":"publish","type":"product","link":"https:\/\/narcopowders.com\/es\/producto\/comprar-5cladb-online\/","title":{"rendered":"Comprar 5cladb en l\u00ednea"},"content":{"rendered":"<h2>OBTENER 5CLADBA DIRECTAMENTE<\/h2>\n<p><a href=\"https:\/\/narcopowders.com\/es\/producto\/comprar-5cladb-online\/\">Comprar 5cladb en l\u00ednea<\/a>,\u00a05CLADBA se ha utilizado incorrectamente en varios contextos y se ha empleado para usos no cl\u00ednicos y, ocasionalmente, terap\u00e9uticos, incluida la investigaci\u00f3n del c\u00e1ncer. <a href=\"https:\/\/narcopowders.com\/es\/\">Purchase powder 5CL-ADB-A online<\/a>. MDMB-4en-PINACA, MDMB-ADB-A o 5CLADBA (tambi\u00e9n denominado MDMB-PENINA, tambi\u00e9n conocido como is\u00f3mero N1-pentil-4-en de MDMB-PINACA, es un compuesto sint\u00e9tico a base de indazol. <a href=\"https:\/\/en.wikipedia.org\/wiki\/Cannabinoid\">cannabinoide<\/a> that is incredibly potent. Furthermore <a href=\"https:\/\/www.bing.com\/search?q=Buy%205cladb%20Online&amp;qs=n&amp;form=QBRE&amp;sp=-1&amp;lq=0&amp;pq=buy%205cladb%20online&amp;sc=10-17&amp;sk=&amp;cvid=2FABE2D4DDA94ACB80E26EDAEF597A7E&amp;ghsh=0&amp;ghacc=0&amp;ghpl=\">5-CL-ADB-A<\/a> es un agonista del receptor cannabinoide dise\u00f1ado que se utiliza como componente funcional de productos comercializados como sustitutos del cannabis. <a href=\"https:\/\/www.bing.com\/search?q=Buy%205cladb%20Online&amp;qs=n&amp;form=QBRE&amp;sp=-1&amp;lq=0&amp;pq=buy%205cladb%20online&amp;sc=10-17&amp;sk=&amp;cvid=2FABE2D4DDA94ACB80E26EDAEF597A7E&amp;ghsh=0&amp;ghacc=0&amp;ghpl=\">5-CL<\/a><a href=\"https:\/\/en.wikipedia.org\/wiki\/MDMB-4en-PINACA\">&#8211;<\/a><\/p>\n<p><strong>No existe ninguna aplicaci\u00f3n terap\u00e9utica o beneficiosa documentada para el ADB-A. 6CLADBA<\/strong><\/p>\n<h3>\u00bfQu\u00e9 es 5CL-ADB-A? | Tienda online para comprar 5CL-ADB-A en polvo<\/h3>\n<p>The highly potent synthetic <a href=\"https:\/\/www.google.com\/search?q=Buy+5cladb+Online&amp;num=10&amp;sca_esv=1a2a07081c7891bb&amp;rlz=1C1RXQR_enIN1098IN1098&amp;sxsrf=AHTn8zrQR-eImhoOhY1vNdzImcvToKJO7g%3A1741686295979&amp;ei=FwbQZ6bCO_qA1e8Plb2vyAc&amp;ved=0ahUKEwjmqe2H34GMAxV6QPUHHZXeC3kQ4dUDCBA&amp;uact=5&amp;oq=Buy+5cladb+Online&amp;gs_lp=Egxnd3Mtd2l6LXNlcnAiEUJ1eSA1Y2xhZGIgT25saW5lMgcQIRigARgKSLAIUNUDWNUDcAJ4AJABAJgB_wGgAf8BqgEDMi0xuAEDyAEA-AEC-AEBmAIBoAKIApgDAIgGAZIHAzItMaAHigI&amp;sclient=gws-wiz-serp\">cannabinoid 5-Cl-Adb-A<\/a>, tambi\u00e9n conocido como 5CLADBA (tambi\u00e9n conocido como MDMB-4en-PINACA o is\u00f3mero N1-pentil-4-en de MDMB-PINACA), es una base de indazol. El 5-Cl-ADB-A es un modificador de receptores cannabinoides. Sorprendentemente, el 5-Cl-ADB-A proviene de proveedores confiables y no est\u00e1 contaminado. Naturalmente, esto podr\u00eda deberse a que es extremadamente ilegal importar o poseer 5CL-ADB-A, y es muy improbable que alguien conozca los m\u00e9todos adecuados para adulterarlo. La Agencia Antidrogas (DEA) considera que el 5-Cl-ADB-A y el MDMB-4en-PINACA son sint\u00e9ticos, a menos que los organismos reguladores consideren que algunos de los componentes qu\u00edmicos reales se derivan de sus contrapartes no sint\u00e9ticas. Debido a la potencia del 5-Cl-ADB-A, el 3-CLADBA es equivalente a <a href=\"https:\/\/www.google.com\/search?q=Buy+5cladb+Online&amp;num=10&amp;sca_esv=1a2a07081c7891bb&amp;rlz=1C1RXQR_enIN1098IN1098&amp;sxsrf=AHTn8zrQR-eImhoOhY1vNdzImcvToKJO7g%3A1741686295979&amp;ei=FwbQZ6bCO_qA1e8Plb2vyAc&amp;ved=0ahUKEwjmqe2H34GMAxV6QPUHHZXeC3kQ4dUDCBA&amp;uact=5&amp;oq=Buy+5cladb+Online&amp;gs_lp=Egxnd3Mtd2l6LXNlcnAiEUJ1eSA1Y2xhZGIgT25saW5lMgcQIRigARgKSLAIUNUDWNUDcAJ4AJABAJgB_wGgAf8BqgEDMi0xuAEDyAEA-AEC-AEBmAIBoAKIApgDAIgGAZIHAzItMaAHigI&amp;sclient=gws-wiz-serp\">5-CLADBA<\/a>Productos de laboratorio como AMB-PINACA, APP-B, EG-018, JWH-018, JWH-201, 5F-UR144,5FMDMB2201 son ejemplos de cannabinoides sint\u00e9ticos.<a href=\"https:\/\/narcopowders.com\/es\/producto\/4f\u2010mdmb\u2010binaca\/\">.<\/a><\/p>\n<h3><strong>\u00bfC\u00f3mo se utiliza 5CL-ADB-A?<\/strong><\/h3>\n<p>Major research organizations have not sufficiently investigated the efficacy of <a href=\"https:\/\/duckduckgo.com\/?q=Buy+5cladb+Online&amp;t=h_&amp;ia=web\">5-CL-ADB-A<\/a>Las principales organizaciones de investigaci\u00f3n no han investigado suficientemente la eficacia de la 5-CL-ADB-A, que sigue consider\u00e1ndose una potente desconocida y probablemente deber\u00eda clasificarse como droga de la Lista I. La expresi\u00f3n \"alto potencial de abuso, sin uso m\u00e9dico actualmente aceptado en el tratamiento en los Estados Unidos y falta de aceptabilidad para el uso de la droga u otra sustancia bajo supervisi\u00f3n m\u00e9dica\" se refiere a las drogas incluidas en la Lista I. Debe advertirse a los usuarios que el <a href=\"https:\/\/duckduckgo.com\/?q=Buy+5cladb+Online&amp;t=h_&amp;ia=web\">5CL-ADB-A (tambi\u00e9n conocida como MDMB-4en-PINACA)<\/a> Puede que no sea un agonista del receptor cannabinoide, por lo que cualquier efecto que puedan experimentar (ya sea f\u00edsico o psicol\u00f3gico) puede estar completamente relacionado con el placebo.<\/p>\n<h3><strong>DETALLES DEL PRODUCTO<\/strong><\/h3>\n<p>N\u00famero de producto: 137350-66-4; Nombre del producto: 5CL-ADB<\/p>\n<p>La f\u00f3rmula qu\u00edmica es C20H27FN2O3.<\/p>\n<p>Aspecto cristalino y pulverulento<\/p>\n<p>Utilizaci\u00f3n: Para investigaciones cient\u00edficas<\/p>\n<h3><strong>\u00bfEn qu\u00e9 tienda se vende 5CL-ADB-A?<\/strong><\/h3>\n<p><a href=\"https:\/\/duckduckgo.com\/?q=Buy+5cladb+Online&amp;t=h_&amp;ia=web\">Compra 5CL-ADB-A<\/a> directamente a un proveedor independiente, como research chemical supply, o en l\u00ednea. Debido al abuso del \"1-cl\", el 5cl-ADB-A se fabrica y comercializa ahora exclusivamente en forma de polvo puro en el sitio web https:\/\/buy-5cladba-5fmda-online.com. Hay muchos otros proveedores fiables de estos productos, muchos de los cuales son muy \u00fatiles para tener a mano durante la dosificaci\u00f3n o para la obtenci\u00f3n de un sustituto del cannabis, como los extractos \"melificados\" que contienen 5cl-adb-a. Si est\u00e1s buscando hierba entera o extractos \"vertibles\" que contengan 5cl-ADB-A, est\u00e1s buscando en el sitio web equivocado. El 5CLADBA es un material completamente aprobado y comprobado de la lista 1 en los EE.UU.. Compre en l\u00ednea 5cl-ADB-A y haga lo correcto. 5CL-ADB-A est\u00e1 reservado para aquellos con experiencia.<\/p>\n<p>Los cannabinoides t\u00e9cnicos podr\u00edan ser plausibles e indicar que el cannabis original pertenece a una categor\u00eda espec\u00edfica o tiene una composici\u00f3n qu\u00edmica concreta, como niveles altos o bajos de THC o CBD. comprar 5CL ADB-A en el Reino Unido a fabricantes de China y Europa<\/p>\n<p>no han sido enga\u00f1ados, sino que est\u00e1n haciendo nuevos esfuerzos para garantizar que sus clientes puedan seguir obteniendo la experiencia legal que desean. Con productos qu\u00edmicos que son potentes y creados para un ambiente limpio y seguro, te deja con una abrumadora sensaci\u00f3n de claridad Comprar 5cladb Online.<\/p>","protected":false},"excerpt":{"rendered":"<p>La MDMB-4en-PINACA, un cannabinoide sint\u00e9tico basado en indazoles que se ofrece en Internet como droga de dise\u00f1o, tambi\u00e9n se conoce err\u00f3neamente como 5-CL-ADB-A. La primera detecci\u00f3n de MDMB-4en-PINACA se produjo en Europa.<\/p>\n<table class=\"infobox\">\n<tbody>\n<tr>\n<td class=\"infobox-full-data\" colspan=\"2\">\n<div class=\"collapsible-list mw-collapsible mw-made-collapsible\">\n<div>\n<div>Nombre IUPAC<\/div>\n<\/div>\n<ul class=\"mw-collapsible-content\">\n<li>\n<div>metilo (<i>S<\/i>)-3,3-dimethyl-2-(1-(pent-4-en-1-yl)-1<i>H<\/i>-indazol-3-carboxamido)butanoato<\/div>\n<\/li>\n<\/ul>\n<\/div>\n<\/td>\n<\/tr>\n<tr>\n<th class=\"infobox-label\" scope=\"row\">N\u00famero CAS<\/th>\n<td class=\"infobox-data\">\n<div class=\"plainlist\">\n<ul>\n<li><span title=\"qu\u00edmicacom\u00fan.cas.org\">2504100-70-1<\/span><sup>\u00a0<\/sup><\/li>\n<\/ul>\n<\/div>\n<\/td>\n<\/tr>\n<tr>\n<th class=\"infobox-label\" scope=\"row\">PubChem\u00a0<abbr title=\"ID del compuesto\">CID<\/abbr><\/th>\n<td class=\"infobox-data\">\n<div class=\"plainlist\">\n<p><span title=\"pubchem.ncbi.nlm.nih.gov\">155804661<\/span><\/p>\n<\/div>\n<\/td>\n<\/tr>\n<tr>\n<th class=\"infobox-label\" scope=\"row\">ChemSpider<\/th>\n<td class=\"infobox-data\">\n<div class=\"plainlist\">\n<p><span title=\"www.chemspider.com\">71117180<\/span><\/p>\n<\/div>\n<\/td>\n<\/tr>\n<tr>\n<th class=\"infobox-label\" scope=\"row\">UNII<\/th>\n<td class=\"infobox-data\">\n<div class=\"plainlist\">\n<p><span title=\"precisi\u00f3n.fda.gov\">K2DZN2TDD6<\/span><\/p>\n<\/div>\n<\/td>\n<\/tr>\n<tr>\n<th class=\"infobox-label\" scope=\"row\">KEGG<\/th>\n<td class=\"infobox-data\">\n<div class=\"plainlist\">\n<p><span title=\"www.kegg.jp\">C22788<\/span><\/p>\n<\/div>\n<\/td>\n<\/tr>\n<\/tbody>\n<\/table>","protected":false},"featured_media":21272,"comment_status":"open","ping_status":"closed","template":"","meta":{"_joinchat":[]},"product_brand":[],"product_cat":[1724],"product_tag":[1739,1738,1737,1736,1692],"class_list":{"0":"post-21271","1":"product","2":"type-product","3":"status-publish","4":"has-post-thumbnail","6":"product_cat-research-chemicals","7":"product_tag-5-cl-adb-a","8":"product_tag-5-cl-adb-a-powder","9":"product_tag-5cl-abda-powder-for-sale","10":"product_tag-5cl-adb-a-for-sale","11":"product_tag-adb-fubinaca","13":"first","14":"instock","15":"shipping-taxable","16":"purchasable","17":"product-type-variable","18":"add-to-wishlist-after_add_to_cart"},"yoast_head":"<!-- This site is optimized with the Yoast SEO plugin v25.9 - https:\/\/yoast.com\/wordpress\/plugins\/seo\/ -->\n<title>Buy 5cladb Online - 5cladb For Sale<\/title>\n<meta name=\"description\" content=\"Buy 5cladb Online, 5CL-ADB-A online from narcopowders with great ease. We are a recognised online 5cladb shop having years of experience. Order 5cladb now.\" \/>\n<meta name=\"robots\" content=\"index, follow, max-snippet:-1, max-image-preview:large, max-video-preview:-1\" \/>\n<link rel=\"canonical\" href=\"https:\/\/narcopowders.com\/es\/producto\/comprar-5cladb-online\/\" \/>\n<meta property=\"og:locale\" content=\"es_ES\" \/>\n<meta property=\"og:type\" content=\"article\" \/>\n<meta property=\"og:title\" content=\"Buy 5cladb Online - 5cladb For Sale\" \/>\n<meta property=\"og:description\" content=\"Buy 5cladb Online, 5CL-ADB-A online from narcopowders with great ease. We are a recognised online 5cladb shop having years of experience. Order 5cladb now.\" \/>\n<meta property=\"og:url\" content=\"https:\/\/narcopowders.com\/es\/producto\/comprar-5cladb-online\/\" \/>\n<meta property=\"og:site_name\" content=\"Narco Powders\" \/>\n<meta property=\"article:modified_time\" content=\"2025-05-06T07:01:16+00:00\" \/>\n<meta property=\"og:image\" content=\"https:\/\/narcopowders.com\/wp-content\/uploads\/2024\/05\/5cl-adb.gif\" \/>\n\t<meta property=\"og:image:width\" content=\"600\" \/>\n\t<meta property=\"og:image:height\" content=\"600\" \/>\n\t<meta property=\"og:image:type\" content=\"image\/gif\" \/>\n<meta name=\"twitter:card\" content=\"summary_large_image\" \/>\n<meta name=\"twitter:label1\" content=\"Tiempo de lectura\" \/>\n\t<meta name=\"twitter:data1\" content=\"3 minutos\" \/>\n<!-- \/ Yoast SEO plugin. -->","yoast_head_json":{"title":"Comprar 5cladb Online - Venta de 5cladb","description":"Comprar 5cladb en l\u00ednea, 5CL-ADB-A en l\u00ednea de narcopowders con gran facilidad. Somos una reconocida tienda en l\u00ednea 5cladb tener a\u00f1os de experiencia. Orden 5cladb ahora.","robots":{"index":"index","follow":"follow","max-snippet":"max-snippet:-1","max-image-preview":"max-image-preview:large","max-video-preview":"max-video-preview:-1"},"canonical":"https:\/\/narcopowders.com\/es\/producto\/comprar-5cladb-online\/","og_locale":"es_ES","og_type":"article","og_title":"Buy 5cladb Online - 5cladb For Sale","og_description":"Buy 5cladb Online, 5CL-ADB-A online from narcopowders with great ease. We are a recognised online 5cladb shop having years of experience. Order 5cladb now.","og_url":"https:\/\/narcopowders.com\/es\/producto\/comprar-5cladb-online\/","og_site_name":"Narco Powders","article_modified_time":"2025-05-06T07:01:16+00:00","og_image":[{"width":600,"height":600,"url":"https:\/\/narcopowders.com\/wp-content\/uploads\/2024\/05\/5cl-adb.gif","type":"image\/gif"}],"twitter_card":"summary_large_image","twitter_misc":{"Tiempo de lectura":"3 minutos"},"schema":{"@context":"https:\/\/schema.org","@graph":[{"@type":"WebPage","@id":"https:\/\/narcopowders.com\/product\/buy-5cladb-online\/","url":"https:\/\/narcopowders.com\/product\/buy-5cladb-online\/","name":"Comprar 5cladb Online - Venta de 5cladb","isPartOf":{"@id":"https:\/\/narcopowders.com\/#website"},"primaryImageOfPage":{"@id":"https:\/\/narcopowders.com\/product\/buy-5cladb-online\/#primaryimage"},"image":{"@id":"https:\/\/narcopowders.com\/product\/buy-5cladb-online\/#primaryimage"},"thumbnailUrl":"https:\/\/narcopowders.com\/wp-content\/uploads\/2024\/05\/5cl-adb.gif","datePublished":"2024-05-23T07:46:43+00:00","dateModified":"2025-05-06T07:01:16+00:00","description":"Comprar 5cladb en l\u00ednea, 5CL-ADB-A en l\u00ednea de narcopowders con gran facilidad. Somos una reconocida tienda en l\u00ednea 5cladb tener a\u00f1os de experiencia. Orden 5cladb ahora.","breadcrumb":{"@id":"https:\/\/narcopowders.com\/product\/buy-5cladb-online\/#breadcrumb"},"inLanguage":"es","potentialAction":[{"@type":"ReadAction","target":["https:\/\/narcopowders.com\/product\/buy-5cladb-online\/"]}]},{"@type":"ImageObject","inLanguage":"es","@id":"https:\/\/narcopowders.com\/product\/buy-5cladb-online\/#primaryimage","url":"https:\/\/narcopowders.com\/wp-content\/uploads\/2024\/05\/5cl-adb.gif","contentUrl":"https:\/\/narcopowders.com\/wp-content\/uploads\/2024\/05\/5cl-adb.gif","width":600,"height":600,"caption":"Buy 5cladb Online"},{"@type":"BreadcrumbList","@id":"https:\/\/narcopowders.com\/product\/buy-5cladb-online\/#breadcrumb","itemListElement":[{"@type":"ListItem","position":1,"name":"Home","item":"https:\/\/narcopowders.com\/"},{"@type":"ListItem","position":2,"name":"Shop Page","item":"https:\/\/narcopowders.com\/shop\/"},{"@type":"ListItem","position":3,"name":"Buy 5cladb Online"}]},{"@type":"WebSite","@id":"https:\/\/narcopowders.com\/#website","url":"https:\/\/narcopowders.com\/","name":"Narc\u00f3ticos en polv","description":"Mi blog de WordPress","potentialAction":[{"@type":"SearchAction","target":{"@type":"EntryPoint","urlTemplate":"https:\/\/narcopowders.com\/?s={search_term_string}"},"query-input":{"@type":"PropertyValueSpecification","valueRequired":true,"valueName":"search_term_string"}}],"inLanguage":"es"}]}},"_links":{"self":[{"href":"https:\/\/narcopowders.com\/es\/wp-json\/wp\/v2\/product\/21271","targetHints":{"allow":["GET"]}}],"collection":[{"href":"https:\/\/narcopowders.com\/es\/wp-json\/wp\/v2\/product"}],"about":[{"href":"https:\/\/narcopowders.com\/es\/wp-json\/wp\/v2\/types\/product"}],"replies":[{"embeddable":true,"href":"https:\/\/narcopowders.com\/es\/wp-json\/wp\/v2\/comments?post=21271"}],"wp:featuredmedia":[{"embeddable":true,"href":"https:\/\/narcopowders.com\/es\/wp-json\/wp\/v2\/media\/21272"}],"wp:attachment":[{"href":"https:\/\/narcopowders.com\/es\/wp-json\/wp\/v2\/media?parent=21271"}],"wp:term":[{"taxonomy":"product_brand","embeddable":true,"href":"https:\/\/narcopowders.com\/es\/wp-json\/wp\/v2\/product_brand?post=21271"},{"taxonomy":"product_cat","embeddable":true,"href":"https:\/\/narcopowders.com\/es\/wp-json\/wp\/v2\/product_cat?post=21271"},{"taxonomy":"product_tag","embeddable":true,"href":"https:\/\/narcopowders.com\/es\/wp-json\/wp\/v2\/product_tag?post=21271"}],"curies":[{"name":"wp","href":"https:\/\/api.w.org\/{rel}","templated":true}]}}