{"id":21336,"date":"2024-05-23T10:44:15","date_gmt":"2024-05-23T10:44:15","guid":{"rendered":"https:\/\/narcopowders.com\/?post_type=product&#038;p=21336"},"modified":"2025-05-06T06:59:19","modified_gmt":"2025-05-06T06:59:19","slug":"buy-5cadb-b-online","status":"publish","type":"product","link":"https:\/\/narcopowders.com\/es\/producto\/buy-5cadb-b-online\/","title":{"rendered":"Comprar 5CADB-B en l\u00ednea"},"content":{"rendered":"<h2>Comprar 5CADB-B en l\u00ednea<\/h2>\n<p><a href=\"https:\/\/narcopowders.com\/es\/producto\/buy-5cadb-b-online\/\">Get 5CADB-B Powder online<\/a> con env\u00edo internacional gratuito. Este sint\u00e9tico <a href=\"https:\/\/narcopowders.com\/es\/\">cannabinoide<\/a> Pertenece a la clase de indazol-3-carboxamida y se basa en indazoles. Otro nombre para <a href=\"https:\/\/en.wikipedia.org\/wiki\/Cannabinoid\">5CADB-B<\/a> Es 5F-MDMB-PINACA. Ha sido un componente de productos de cannabis sint\u00e9tico que se venden en l\u00ednea como medicamentos de dise\u00f1o.<\/p>\n<h3>El origen del 5CADB-B<\/h3>\n<p>La primera evidencia de esto se encontr\u00f3 en muestras post mortem de una persona fallecida que hab\u00eda usado un producto que conten\u00eda esta sustancia qu\u00edmica, posiblemente en noviembre de 2014. Diez personas m\u00e1s, cuyas muertes no se explicaron, fueron sometidas a pruebas adicionales y, sorprendentemente, todas murieron a causa de esta misma sustancia qu\u00edmica. La sobredosis fue la causa de todas estas muertes. Aunque no se sabe con certeza si <a href=\"https:\/\/www.bing.com\/search?q=Buy%205CADB-B%20Online&amp;qs=n&amp;form=QBRE&amp;sp=-1&amp;lq=0&amp;pq=buy%205cadb-b%20online&amp;sc=9-18&amp;sk=&amp;cvid=3CDDBECB84CD42198474134A50793E1E&amp;ghsh=0&amp;ghacc=0&amp;ghpl=\">5CADB-B<\/a> Es selectivo para el receptor CB1, es un fuerte agonista de este objetivo. Se cree que el 5CADB-B es extremadamente potente debido a su tasa de detecci\u00f3n en tejido corporal extremadamente baja y parece ser m\u00e1s venenoso que cualquier otro producto de cannabis comercializado anteriormente. <a href=\"https:\/\/duckduckgo.com\/?q=Buy+5CADB-B+Online&amp;t=h_&amp;ia=web\">Purchase 5CADB-B Powder Online<\/a> with Free <a href=\"https:\/\/www.google.com\/search?q=Buy+5CADB-B+Online&amp;sca_esv=2a2a93e8be91f013&amp;sxsrf=AHTn8zoTD7-BemMPdoGP6C3Dywefetpcig%3A1742973806011&amp;ei=bqvjZ4shraCx4w_Zrc25Ag&amp;ved=0ahUKEwiLkL20m6eMAxUtUGwGHdlWMycQ4dUDCA8&amp;uact=5&amp;oq=Buy+5CADB-B+Online&amp;gs_lp=Egxnd3Mtd2l6LXNlcnAiEkJ1eSA1Q0FEQi1CIE9ubGluZTIHECEYoAEYCkixZlCeDlieDnABeACQAQCYAckBoAHJAaoBAzItMbgBA8gBAPgBAfgBApgCAqAChAKoAhLCAgcQIxgnGOoCwgINEC4Y0QMYxwEYJxjqAsICFBAAGIAEGJECGLQCGIoFGOoC2AEBwgIUEAAYgAQY4wQYtAIY6QQY6gLYAQGYAybxBc_SHavyblhwugYGCAEQARgBkgcFMS4wLjGgB5YCsgcDMi0xuAfeAQ&amp;sclient=gws-wiz-serp\">Worldwide Shipping<\/a><\/p>\n<h3>Usos ilegales y distribuci\u00f3n por Internet de 5CADB-B<\/h3>\n<p>Actualmente no existen aplicaciones industriales ni terap\u00e9uticas para <a href=\"https:\/\/www.google.com\/search?q=Buy+5CADB-B+Online&amp;sca_esv=2a2a93e8be91f013&amp;sxsrf=AHTn8zoTD7-BemMPdoGP6C3Dywefetpcig%3A1742973806011&amp;ei=bqvjZ4shraCx4w_Zrc25Ag&amp;ved=0ahUKEwiLkL20m6eMAxUtUGwGHdlWMycQ4dUDCA8&amp;uact=5&amp;oq=Buy+5CADB-B+Online&amp;gs_lp=Egxnd3Mtd2l6LXNlcnAiEkJ1eSA1Q0FEQi1CIE9ubGluZTIHECEYoAEYCkixZlCeDlieDnABeACQAQCYAckBoAHJAaoBAzItMbgBA8gBAPgBAfgBApgCAqAChAKoAhLCAgcQIxgnGOoCwgINEC4Y0QMYxwEYJxjqAsICFBAAGIAEGJECGLQCGIoFGOoC2AEBwgIUEAAYgAQY4wQYtAIY6QQY6gLYAQGYAybxBc_SHavyblhwugYGCAEQARgBkgcFMS4wLjGgB5YCsgcDMi0xuAfeAQ&amp;sclient=gws-wiz-serp\">5f-adb<\/a>Se ha encontrado en varios productos de cannabis artificial que se fuman para producir un efecto psicod\u00e9lico. Hay poca informaci\u00f3n sobre el consumo en EE. UU. y otros pa\u00edses. El uso indebido de cannabinoides sint\u00e9ticos es un problema de salud p\u00fablica y seguridad, ya que los centros de control de intoxicaciones siguen reportando efectos negativos para la salud. Se han reportado m\u00faltiples muertes por sobredosis en Jap\u00f3n entre septiembre y noviembre de 2014.\u00a0 <a href=\"https:\/\/www.bing.com\/search?q=Buy%205CADB-B%20Online&amp;qs=n&amp;form=QBRE&amp;sp=-1&amp;lq=0&amp;pq=buy%205cadb-b%20online&amp;sc=9-18&amp;sk=&amp;cvid=3CDDBECB84CD42198474134A50793E1E&amp;ghsh=0&amp;ghacc=0&amp;ghpl=\">Comprar 5f-adb en l\u00ednea<\/a>. Also, get good RC here.<\/p>\n<h3>5CADB-B Agrupaci\u00f3n y aspectos farmacol\u00f3gicos<\/h3>\n<p>Este medicamento pertenece a la clase de los indazol. Las posiciones 1 y 3 del sistema anular del indazol sustituyen la estructura central del indazol, que constituye la base del 5F-ADB. La posici\u00f3n 1 del 5F-ADB se sustituye por una cadena lineal de cinco carbonos.<\/p>\n<p>Terminado con un \u00e1tomo de fl\u00faor (F). Con un enlace amida, se sustituye la posici\u00f3n 3 y el \u00e1tomo de nitr\u00f3geno (N)<\/p>\n<p>Se a\u00f1aden grupos 1-metoxi-3,3-dimetil-1-oxobutan-2-ilo adicionales a este enlace. Los datos de investigaci\u00f3n precl\u00ednica demuestran que el 5F-ADB se une al receptor CB1 y act\u00faa como agonista en \u00e9l. <a href=\"https:\/\/duckduckgo.com\/?q=Buy+5CADB-B+Online&amp;t=h_&amp;ia=web\">5CADB-B<\/a> generalizado al delta9-tetrahidrocannabinol en ensayos de discriminaci\u00f3n de drogas en ratas, produciendo respuestas subjetivas similares al THC.<\/p>","protected":false},"excerpt":{"rendered":"<p>Buy 5CADB-B Online Get 5CADB-B Powder online with free international shipping. This synthetic cannabinoid belongs to the indazole-3-carboxamide class and is based on indazoles. Another name for 5CADB-B is 5F-MDMB-PINACA. It has been a component of synthetic cannabis products that are offered for sale online as designer medications. The 5CADB-B origin The first evidence of [&hellip;]<\/p>","protected":false},"featured_media":21337,"comment_status":"open","ping_status":"closed","template":"","meta":{"_joinchat":[]},"product_brand":[],"product_cat":[1724],"product_tag":[],"class_list":{"0":"post-21336","1":"product","2":"type-product","3":"status-publish","4":"has-post-thumbnail","6":"product_cat-research-chemicals","8":"first","9":"instock","10":"shipping-taxable","11":"purchasable","12":"product-type-variable","13":"add-to-wishlist-after_add_to_cart"},"yoast_head":"<!-- This site is optimized with the Yoast SEO plugin v25.9 - https:\/\/yoast.com\/wordpress\/plugins\/seo\/ -->\n<title>Buy 5CADB-B Online - 5CADB-B for Sale | NarcoPowders<\/title>\n<meta name=\"description\" content=\"Find premium 5cadb-b powder for sale at our online store, providing a secure platform to buy 5cadb-b powder online with ease. Place order now!\" \/>\n<meta name=\"robots\" content=\"index, follow, max-snippet:-1, max-image-preview:large, max-video-preview:-1\" \/>\n<link rel=\"canonical\" href=\"https:\/\/narcopowders.com\/es\/producto\/buy-5cadb-b-online\/\" \/>\n<meta property=\"og:locale\" content=\"es_ES\" \/>\n<meta property=\"og:type\" content=\"article\" \/>\n<meta property=\"og:title\" content=\"Buy 5CADB-B Online - 5CADB-B for Sale | NarcoPowders\" \/>\n<meta property=\"og:description\" content=\"Find premium 5cadb-b powder for sale at our online store, providing a secure platform to buy 5cadb-b powder online with ease. Place order now!\" \/>\n<meta property=\"og:url\" content=\"https:\/\/narcopowders.com\/es\/producto\/buy-5cadb-b-online\/\" \/>\n<meta property=\"og:site_name\" content=\"Narco Powders\" \/>\n<meta property=\"article:modified_time\" content=\"2025-05-06T06:59:19+00:00\" \/>\n<meta property=\"og:image\" content=\"https:\/\/narcopowders.com\/wp-content\/uploads\/2024\/05\/5cadb-b.gif\" \/>\n\t<meta property=\"og:image:width\" content=\"600\" \/>\n\t<meta property=\"og:image:height\" content=\"600\" \/>\n\t<meta property=\"og:image:type\" content=\"image\/gif\" \/>\n<meta name=\"twitter:card\" content=\"summary_large_image\" \/>\n<meta name=\"twitter:label1\" content=\"Tiempo de lectura\" \/>\n\t<meta name=\"twitter:data1\" content=\"2 minutos\" \/>\n<!-- \/ Yoast SEO plugin. -->","yoast_head_json":{"title":"Buy 5CADB-B Online - 5CADB-B for Sale | NarcoPowders","description":"Find premium 5cadb-b powder for sale at our online store, providing a secure platform to buy 5cadb-b powder online with ease. Place order now!","robots":{"index":"index","follow":"follow","max-snippet":"max-snippet:-1","max-image-preview":"max-image-preview:large","max-video-preview":"max-video-preview:-1"},"canonical":"https:\/\/narcopowders.com\/es\/producto\/buy-5cadb-b-online\/","og_locale":"es_ES","og_type":"article","og_title":"Buy 5CADB-B Online - 5CADB-B for Sale | NarcoPowders","og_description":"Find premium 5cadb-b powder for sale at our online store, providing a secure platform to buy 5cadb-b powder online with ease. Place order now!","og_url":"https:\/\/narcopowders.com\/es\/producto\/buy-5cadb-b-online\/","og_site_name":"Narco Powders","article_modified_time":"2025-05-06T06:59:19+00:00","og_image":[{"width":600,"height":600,"url":"https:\/\/narcopowders.com\/wp-content\/uploads\/2024\/05\/5cadb-b.gif","type":"image\/gif"}],"twitter_card":"summary_large_image","twitter_misc":{"Tiempo de lectura":"2 minutos"},"schema":{"@context":"https:\/\/schema.org","@graph":[{"@type":"WebPage","@id":"https:\/\/narcopowders.com\/product\/buy-5cadb-b-online\/","url":"https:\/\/narcopowders.com\/product\/buy-5cadb-b-online\/","name":"Buy 5CADB-B Online - 5CADB-B for Sale | NarcoPowders","isPartOf":{"@id":"https:\/\/narcopowders.com\/#website"},"primaryImageOfPage":{"@id":"https:\/\/narcopowders.com\/product\/buy-5cadb-b-online\/#primaryimage"},"image":{"@id":"https:\/\/narcopowders.com\/product\/buy-5cadb-b-online\/#primaryimage"},"thumbnailUrl":"https:\/\/narcopowders.com\/wp-content\/uploads\/2024\/05\/5cadb-b.gif","datePublished":"2024-05-23T10:44:15+00:00","dateModified":"2025-05-06T06:59:19+00:00","description":"Find premium 5cadb-b powder for sale at our online store, providing a secure platform to buy 5cadb-b powder online with ease. Place order now!","breadcrumb":{"@id":"https:\/\/narcopowders.com\/product\/buy-5cadb-b-online\/#breadcrumb"},"inLanguage":"es","potentialAction":[{"@type":"ReadAction","target":["https:\/\/narcopowders.com\/product\/buy-5cadb-b-online\/"]}]},{"@type":"ImageObject","inLanguage":"es","@id":"https:\/\/narcopowders.com\/product\/buy-5cadb-b-online\/#primaryimage","url":"https:\/\/narcopowders.com\/wp-content\/uploads\/2024\/05\/5cadb-b.gif","contentUrl":"https:\/\/narcopowders.com\/wp-content\/uploads\/2024\/05\/5cadb-b.gif","width":600,"height":600,"caption":"Buy 5cadb-b Online"},{"@type":"BreadcrumbList","@id":"https:\/\/narcopowders.com\/product\/buy-5cadb-b-online\/#breadcrumb","itemListElement":[{"@type":"ListItem","position":1,"name":"Home","item":"https:\/\/narcopowders.com\/"},{"@type":"ListItem","position":2,"name":"Shop Page","item":"https:\/\/narcopowders.com\/shop\/"},{"@type":"ListItem","position":3,"name":"Buy 5CADB-B Online"}]},{"@type":"WebSite","@id":"https:\/\/narcopowders.com\/#website","url":"https:\/\/narcopowders.com\/","name":"Narc\u00f3ticos en polv","description":"Mi blog de WordPress","potentialAction":[{"@type":"SearchAction","target":{"@type":"EntryPoint","urlTemplate":"https:\/\/narcopowders.com\/?s={search_term_string}"},"query-input":{"@type":"PropertyValueSpecification","valueRequired":true,"valueName":"search_term_string"}}],"inLanguage":"es"}]}},"_links":{"self":[{"href":"https:\/\/narcopowders.com\/es\/wp-json\/wp\/v2\/product\/21336","targetHints":{"allow":["GET"]}}],"collection":[{"href":"https:\/\/narcopowders.com\/es\/wp-json\/wp\/v2\/product"}],"about":[{"href":"https:\/\/narcopowders.com\/es\/wp-json\/wp\/v2\/types\/product"}],"replies":[{"embeddable":true,"href":"https:\/\/narcopowders.com\/es\/wp-json\/wp\/v2\/comments?post=21336"}],"wp:featuredmedia":[{"embeddable":true,"href":"https:\/\/narcopowders.com\/es\/wp-json\/wp\/v2\/media\/21337"}],"wp:attachment":[{"href":"https:\/\/narcopowders.com\/es\/wp-json\/wp\/v2\/media?parent=21336"}],"wp:term":[{"taxonomy":"product_brand","embeddable":true,"href":"https:\/\/narcopowders.com\/es\/wp-json\/wp\/v2\/product_brand?post=21336"},{"taxonomy":"product_cat","embeddable":true,"href":"https:\/\/narcopowders.com\/es\/wp-json\/wp\/v2\/product_cat?post=21336"},{"taxonomy":"product_tag","embeddable":true,"href":"https:\/\/narcopowders.com\/es\/wp-json\/wp\/v2\/product_tag?post=21336"}],"curies":[{"name":"wp","href":"https:\/\/api.w.org\/{rel}","templated":true}]}}