{"id":19056,"date":"2023-01-02T09:38:01","date_gmt":"2023-01-02T09:38:01","guid":{"rendered":"https:\/\/nembutalhouse.com\/narco\/?post_type=product&#038;p=19056"},"modified":"2025-03-25T12:35:29","modified_gmt":"2025-03-25T12:35:29","slug":"white-powder-heroin","status":"publish","type":"product","link":"https:\/\/narcopowders.com\/fr\/produit\/heroine-en-poudre-blanche\/","title":{"rendered":"Acheter de l'h\u00e9ro\u00efne en poudre blanche en ligne"},"content":{"rendered":"<h2 style=\"text-align: justify;\">Acheter de l'h\u00e9ro\u00efne en poudre blanche en ligne<\/h2>\n<p style=\"text-align: justify;\"><a href=\"https:\/\/en.wikipedia.org\/wiki\/Heroin\">White powder heroin<\/a> L'h\u00e9ro\u00efne en poudre blanche est l'une des formes les plus puissantes et les plus gratifiantes de la drogue sur le march\u00e9. Mais o\u00f9 faut-il l'acheter ? Narco Powders est le meilleur endroit pour\u00a0<strong><a href=\"https:\/\/narcopowders.com\/fr\/produit\/heroine-en-poudre-blanche\/\">acheter de l'h\u00e9ro\u00efne en poudre blanche en ligne<\/a>\u00a0<\/strong>at the best price. At <a href=\"https:\/\/narcopowders.com\/fr\/\">Poudres Narco<\/a>au meilleur prix. Chez Narco Powders, nous facilitons et s\u00e9curisons l'achat d'h\u00e9ro\u00efne en poudre blanche en vrac avec une gamme d'options de livraison et de paiement. Nous sommes tr\u00e8s fiers d'offrir \u00e0 nos clients une exp\u00e9rience d'achat rapide, discr\u00e8te et s\u00e9curis\u00e9e, soutenue par notre garantie de satisfaction \u00e0 100 %.<\/p>\n<h3 style=\"text-align: justify;\">Les avantages de l'h\u00e9ro\u00efne en poudre blanche<\/h3>\n<p style=\"text-align: justify;\">L'h\u00e9ro\u00efne en poudre blanche est souvent utilis\u00e9e \u00e0 des fins r\u00e9cr\u00e9atives ou m\u00e9dicales comme analg\u00e9sique opio\u00efde, mais elle gagne \u00e9galement en popularit\u00e9 parmi les personnes \u00e0 la recherche d'une exp\u00e9rience plus intense. Gr\u00e2ce aux efforts de Narco Powders, vous pouvez maintenant\u00a0<strong><a href=\"https:\/\/www.bing.com\/search?q=Buy%20White%20Powder%20Heroin%20Online&amp;qs=n&amp;form=QBRE&amp;sp=-1&amp;lq=0&amp;pq=buy%20white%20powder%20heroin%20online&amp;sc=0-30&amp;sk=&amp;cvid=AADFBCBCD72B4038B6168FDA355BF6FA&amp;ghsh=0&amp;ghacc=0&amp;ghpl=\">commander de l'h\u00e9ro\u00efne en poudre blanche pure en ligne<\/a>\u00a0<\/strong>et faites l'exp\u00e9rience directe de ses puissants effets. Lorsque vous achetez de l'h\u00e9ro\u00efne en poudre blanche aupr\u00e8s de Narco Powders, vous obtenez la forme la plus pure de la drogue sur le march\u00e9. Cela signifie que votre dose sera plus forte et durera plus longtemps qu'avec d'autres types d'h\u00e9ro\u00efne, ce qui la rend id\u00e9ale pour ceux qui recherchent une exp\u00e9rience intense. De plus, les prix sont comp\u00e9titifs et les d\u00e9lais de livraison sont rapides. Alors qu'est-ce que tu attends? Passez votre commande pour <strong><a href=\"https:\/\/www.bing.com\/search?q=Buy%20White%20Powder%20Heroin%20Online&amp;qs=n&amp;form=QBRE&amp;sp=-1&amp;lq=0&amp;pq=buy%20white%20powder%20heroin%20online&amp;sc=0-30&amp;sk=&amp;cvid=AADFBCBCD72B4038B6168FDA355BF6FA&amp;ghsh=0&amp;ghacc=0&amp;ghpl=\">h\u00e9ro\u00efne en poudre blanche en vrac<\/a>\u00a0<\/strong>aujourd'hui!<\/p>\n<h3 style=\"text-align: justify;\">Risques li\u00e9s \u00e0 l'utilisation d'h\u00e9ro\u00efne en poudre blanche<\/h3>\n<p style=\"text-align: justify;\">Si vous pr\u00e9voyez de <a href=\"https:\/\/www.google.com\/search?q=Buy+White+Powder+Heroin+Online&amp;num=10&amp;sca_esv=1a2a07081c7891bb&amp;rlz=1C1RXQR_enIN1098IN1098&amp;sxsrf=AHTn8zpHIH0V4BOWSqealgZWV-gHTlBv8Q%3A1741686119562&amp;ei=ZwXQZ6WGIvSk1e8Pt8SJ-Aw&amp;ved=0ahUKEwjl1d2z3oGMAxV0UvUHHTdiAs8Q4dUDCBA&amp;uact=5&amp;oq=Buy+White+Powder+Heroin+Online&amp;gs_lp=Egxnd3Mtd2l6LXNlcnAiHkJ1eSBXaGl0ZSBQb3dkZXIgSGVyb2luIE9ubGluZUi0B1CQA1iQA3ACeACQAQCYAYUCoAGFAqoBAzItMbgBA8gBAPgBAvgBAZgCAKACAJgDAIgGAZIHAKAHUg&amp;sclient=gws-wiz-serp\">acheter de l'h\u00e9ro\u00efne en poudre blanche en vente en ligne<\/a>Si vous envisagez d'acheter de l'h\u00e9ro\u00efne en poudre blanche en ligne, soyez conscient des risques encourus. L'h\u00e9ro\u00efne en poudre blanche est une drogue hautement addictive, et sa consommation r\u00e9guli\u00e8re peut entra\u00eener une d\u00e9pendance psychologique et physique. Si vous arr\u00eatez de l'utiliser brusquement, vous pouvez ressentir des sympt\u00f4mes de sevrage qui peuvent \u00eatre intenses et douloureux. De plus, m\u00eame de petites doses de cette substance puissante peuvent \u00eatre mortelles si elles sont mal prises ou si quelqu'un en fait une surdose. En fait, la surdose est l'une des causes les plus courantes de d\u00e9c\u00e8s associ\u00e9es \u00e0 la consommation d'h\u00e9ro\u00efne en poudre blanche. Enfin et surtout, la consommation d'h\u00e9ro\u00efne en poudre blanche a \u00e9t\u00e9 associ\u00e9e \u00e0 plusieurs effets n\u00e9gatifs sur la sant\u00e9 mentale, tels que l'anxi\u00e9t\u00e9, la parano\u00efa, la d\u00e9pression, l'alt\u00e9ration des capacit\u00e9s de r\u00e9flexion et la rechute de la toxicomanie. <a href=\"https:\/\/www.google.com\/search?q=Buy+White+Powder+Heroin+Online&amp;num=10&amp;sca_esv=1a2a07081c7891bb&amp;rlz=1C1RXQR_enIN1098IN1098&amp;sxsrf=AHTn8zpHIH0V4BOWSqealgZWV-gHTlBv8Q%3A1741686119562&amp;ei=ZwXQZ6WGIvSk1e8Pt8SJ-Aw&amp;ved=0ahUKEwjl1d2z3oGMAxV0UvUHHTdiAs8Q4dUDCBA&amp;uact=5&amp;oq=Buy+White+Powder+Heroin+Online&amp;gs_lp=Egxnd3Mtd2l6LXNlcnAiHkJ1eSBXaGl0ZSBQb3dkZXIgSGVyb2luIE9ubGluZUi0B1CQA1iQA3ACeACQAQCYAYUCoAGFAqoBAzItMbgBA8gBAPgBAvgBAZgCAKACAJgDAIgGAZIHAKAHUg&amp;sclient=gws-wiz-serp\">h\u00e9ro\u00efne en poudre blanche<\/a> Enfin et surtout, la consommation d\u2019h\u00e9ro\u00efne en poudre blanche a \u00e9t\u00e9 associ\u00e9e \u00e0 plusieurs effets n\u00e9gatifs sur la sant\u00e9 mentale, tels que l\u2019anxi\u00e9t\u00e9, la parano\u00efa, la d\u00e9pression, des capacit\u00e9s de r\u00e9flexion alt\u00e9r\u00e9es et une rechute de d\u00e9pendance.<\/p>\n<h3 style=\"text-align: justify;\">Quelle est la bonne dose d'h\u00e9ro\u00efne en poudre blanche ?<\/h3>\n<p style=\"text-align: justify;\">Il est important de noter qu\u2019il n\u2019existe pas de dose \u00ab s\u00fbre \u00bb de <a href=\"https:\/\/duckduckgo.com\/?q=Buy+White+Powder+Heroin+Online&amp;t=h_&amp;ia=web\">h\u00e9ro\u00efne en poudre blanche<\/a>Il est important de noter qu'il n'y a pas de dose \"s\u00fbre\" d'h\u00e9ro\u00efne en poudre blanche, car toute dose pourrait \u00eatre potentiellement mortelle en raison de r\u00e9actions aux allergies connues ou inconnues d'un individu et \u00e0 d'autres conditions m\u00e9dicales. Par cons\u00e9quent, peu importe le peu d'h\u00e9ro\u00efne consomm\u00e9e, cela ne doit se faire que sous la stricte surveillance d'un m\u00e9decin sp\u00e9cialiste.<\/p>\n<h3 style=\"text-align: justify;\">Pourquoi Narco Powders est-il le meilleur endroit pour acheter de l'h\u00e9ro\u00efne en poudre blanche en ligne\u00a0?<\/h3>\n<p style=\"text-align: justify;\">Si vous pr\u00e9voyez de <a href=\"https:\/\/duckduckgo.com\/?q=Buy+White+Powder+Heroin+Online&amp;t=h_&amp;ia=web\"><strong>acheter de l'h\u00e9ro\u00efne en poudre blanche en ligne<\/strong><\/a>, il offre une gamme d'avantages, de sa commodit\u00e9 \u00e0 son prix abordable. Cependant, il est important d'\u00eatre conscient des risques associ\u00e9s \u00e0 l'utilisation de ce m\u00e9dicament et de ne l'acheter qu'\u00e0 partir de sources fiables telles que Narco Powders. Avec l'aide de NarcoPowders.com, vous pouvez profiter en toute confiance des nombreux avantages de la vente en gros d'h\u00e9ro\u00efne en poudre blanche.<\/p>","protected":false},"excerpt":{"rendered":"<p>Buy White Powder Heroin Online White powder heroin is one of the most powerful and rewarding forms of the drug on the market. But where should you buy it from? Narco Powders is the best place to\u00a0buy white powder heroin online\u00a0at the best price. At Narco Powders, we make it easy and safe to purchase\u00a0white [&hellip;]<\/p>","protected":false},"featured_media":19073,"comment_status":"open","ping_status":"closed","template":"","meta":{"_joinchat":[]},"product_brand":[],"product_cat":[1168],"product_tag":[1314,1308,1317,1320,1321,1319,1311,1322,1315,1323,1312,1318,1313,1316,1310,1309],"class_list":{"0":"post-19056","1":"product","2":"type-product","3":"status-publish","4":"has-post-thumbnail","6":"product_cat-buy-heroin-online","7":"product_tag-benefits-of-white-powder-cocaine","8":"product_tag-best-place-to-order-white-powder-cocaine","9":"product_tag-buy-white-powder-cocaine-legally","10":"product_tag-buy-white-powder-cocaine-online-australia","11":"product_tag-buy-white-powder-cocaine-online-near-me","12":"product_tag-buy-white-powder-cocaine-online-usa","13":"product_tag-cheap-white-powder-cocaine","14":"product_tag-how-can-i-get-the-best-white-powder-cocaine","15":"product_tag-how-to-order-white-powder-cocaine","16":"product_tag-legit-white-powder-cocaine-online","17":"product_tag-what-is-white-powder-cocaine","18":"product_tag-where-can-i-buy-white-powder-cocaine","19":"product_tag-where-to-buy-white-powder-cocaine","20":"product_tag-white-powder-cocaine-for-sale","21":"product_tag-white-powder-cocaine-price","22":"product_tag-white-powder-cocaine-wholesale","24":"first","25":"instock","26":"shipping-taxable","27":"purchasable","28":"product-type-variable","29":"add-to-wishlist-after_add_to_cart"},"yoast_head":"<!-- This site is optimized with the Yoast SEO plugin v25.9 - https:\/\/yoast.com\/wordpress\/plugins\/seo\/ -->\n<title>White Powder Heroin for Sale - Buy White Powder Heroin Online<\/title>\n<meta name=\"description\" content=\"Buy white powder heroin online from our trusted store. Our white powder heroin for sale is of the highest purity and guaranteed to provide superior results.\" \/>\n<meta name=\"robots\" content=\"index, follow, max-snippet:-1, max-image-preview:large, max-video-preview:-1\" \/>\n<link rel=\"canonical\" href=\"https:\/\/narcopowders.com\/fr\/produit\/heroine-en-poudre-blanche\/\" \/>\n<meta property=\"og:locale\" content=\"fr_FR\" \/>\n<meta property=\"og:type\" content=\"article\" \/>\n<meta property=\"og:title\" content=\"White Powder Heroin for Sale - Buy White Powder Heroin Online\" \/>\n<meta property=\"og:description\" content=\"Buy white powder heroin online from our trusted store. Our white powder heroin for sale is of the highest purity and guaranteed to provide superior results.\" \/>\n<meta property=\"og:url\" content=\"https:\/\/narcopowders.com\/fr\/produit\/heroine-en-poudre-blanche\/\" \/>\n<meta property=\"og:site_name\" content=\"Narco Powders\" \/>\n<meta property=\"article:modified_time\" content=\"2025-03-25T12:35:29+00:00\" \/>\n<meta property=\"og:image\" content=\"https:\/\/narcopowders.com\/wp-content\/uploads\/2023\/01\/white-powder-heroin.jpg\" \/>\n\t<meta property=\"og:image:width\" content=\"600\" \/>\n\t<meta property=\"og:image:height\" content=\"600\" \/>\n\t<meta property=\"og:image:type\" content=\"image\/jpeg\" \/>\n<meta name=\"twitter:card\" content=\"summary_large_image\" \/>\n<meta name=\"twitter:label1\" content=\"Dur\u00e9e de lecture estim\u00e9e\" \/>\n\t<meta name=\"twitter:data1\" content=\"3 minutes\" \/>\n<!-- \/ Yoast SEO plugin. -->","yoast_head_json":{"title":"H\u00e9ro\u00efne en poudre blanche \u00e0 vendre - Acheter de l'h\u00e9ro\u00efne en poudre blanche en ligne","description":"Achetez de l'h\u00e9ro\u00efne en poudre blanche en ligne dans notre magasin de confiance. Notre h\u00e9ro\u00efne en poudre blanche \u00e0 vendre est de la plus haute puret\u00e9 et garantit des r\u00e9sultats sup\u00e9rieurs.","robots":{"index":"index","follow":"follow","max-snippet":"max-snippet:-1","max-image-preview":"max-image-preview:large","max-video-preview":"max-video-preview:-1"},"canonical":"https:\/\/narcopowders.com\/fr\/produit\/heroine-en-poudre-blanche\/","og_locale":"fr_FR","og_type":"article","og_title":"White Powder Heroin for Sale - Buy White Powder Heroin Online","og_description":"Buy white powder heroin online from our trusted store. Our white powder heroin for sale is of the highest purity and guaranteed to provide superior results.","og_url":"https:\/\/narcopowders.com\/fr\/produit\/heroine-en-poudre-blanche\/","og_site_name":"Narco Powders","article_modified_time":"2025-03-25T12:35:29+00:00","og_image":[{"width":600,"height":600,"url":"https:\/\/narcopowders.com\/wp-content\/uploads\/2023\/01\/white-powder-heroin.jpg","type":"image\/jpeg"}],"twitter_card":"summary_large_image","twitter_misc":{"Dur\u00e9e de lecture estim\u00e9e":"3 minutes"},"schema":{"@context":"https:\/\/schema.org","@graph":[{"@type":"WebPage","@id":"https:\/\/narcopowders.com\/product\/white-powder-heroin\/","url":"https:\/\/narcopowders.com\/product\/white-powder-heroin\/","name":"H\u00e9ro\u00efne en poudre blanche \u00e0 vendre - Acheter de l'h\u00e9ro\u00efne en poudre blanche en ligne","isPartOf":{"@id":"https:\/\/narcopowders.com\/#website"},"primaryImageOfPage":{"@id":"https:\/\/narcopowders.com\/product\/white-powder-heroin\/#primaryimage"},"image":{"@id":"https:\/\/narcopowders.com\/product\/white-powder-heroin\/#primaryimage"},"thumbnailUrl":"https:\/\/narcopowders.com\/wp-content\/uploads\/2023\/01\/white-powder-heroin.jpg","datePublished":"2023-01-02T09:38:01+00:00","dateModified":"2025-03-25T12:35:29+00:00","description":"Achetez de l'h\u00e9ro\u00efne en poudre blanche en ligne dans notre magasin de confiance. Notre h\u00e9ro\u00efne en poudre blanche \u00e0 vendre est de la plus haute puret\u00e9 et garantit des r\u00e9sultats sup\u00e9rieurs.","breadcrumb":{"@id":"https:\/\/narcopowders.com\/product\/white-powder-heroin\/#breadcrumb"},"inLanguage":"fr-FR","potentialAction":[{"@type":"ReadAction","target":["https:\/\/narcopowders.com\/product\/white-powder-heroin\/"]}]},{"@type":"ImageObject","inLanguage":"fr-FR","@id":"https:\/\/narcopowders.com\/product\/white-powder-heroin\/#primaryimage","url":"https:\/\/narcopowders.com\/wp-content\/uploads\/2023\/01\/white-powder-heroin.jpg","contentUrl":"https:\/\/narcopowders.com\/wp-content\/uploads\/2023\/01\/white-powder-heroin.jpg","width":600,"height":600,"caption":"White Powder Heroin for Sale"},{"@type":"BreadcrumbList","@id":"https:\/\/narcopowders.com\/product\/white-powder-heroin\/#breadcrumb","itemListElement":[{"@type":"ListItem","position":1,"name":"Home","item":"https:\/\/narcopowders.com\/"},{"@type":"ListItem","position":2,"name":"Shop Page","item":"https:\/\/narcopowders.com\/shop\/"},{"@type":"ListItem","position":3,"name":"Buy White Powder Heroin Online"}]},{"@type":"WebSite","@id":"https:\/\/narcopowders.com\/#website","url":"https:\/\/narcopowders.com\/","name":"Poudres Narco","description":"Mon blog WordPress","potentialAction":[{"@type":"SearchAction","target":{"@type":"EntryPoint","urlTemplate":"https:\/\/narcopowders.com\/?s={search_term_string}"},"query-input":{"@type":"PropertyValueSpecification","valueRequired":true,"valueName":"search_term_string"}}],"inLanguage":"fr-FR"}]}},"_links":{"self":[{"href":"https:\/\/narcopowders.com\/fr\/wp-json\/wp\/v2\/product\/19056","targetHints":{"allow":["GET"]}}],"collection":[{"href":"https:\/\/narcopowders.com\/fr\/wp-json\/wp\/v2\/product"}],"about":[{"href":"https:\/\/narcopowders.com\/fr\/wp-json\/wp\/v2\/types\/product"}],"replies":[{"embeddable":true,"href":"https:\/\/narcopowders.com\/fr\/wp-json\/wp\/v2\/comments?post=19056"}],"wp:featuredmedia":[{"embeddable":true,"href":"https:\/\/narcopowders.com\/fr\/wp-json\/wp\/v2\/media\/19073"}],"wp:attachment":[{"href":"https:\/\/narcopowders.com\/fr\/wp-json\/wp\/v2\/media?parent=19056"}],"wp:term":[{"taxonomy":"product_brand","embeddable":true,"href":"https:\/\/narcopowders.com\/fr\/wp-json\/wp\/v2\/product_brand?post=19056"},{"taxonomy":"product_cat","embeddable":true,"href":"https:\/\/narcopowders.com\/fr\/wp-json\/wp\/v2\/product_cat?post=19056"},{"taxonomy":"product_tag","embeddable":true,"href":"https:\/\/narcopowders.com\/fr\/wp-json\/wp\/v2\/product_tag?post=19056"}],"curies":[{"name":"wp","href":"https:\/\/api.w.org\/{rel}","templated":true}]}}