{"id":19057,"date":"2023-01-02T09:27:48","date_gmt":"2023-01-02T09:27:48","guid":{"rendered":"https:\/\/nembutalhouse.com\/narco\/?post_type=product&#038;p=19057"},"modified":"2025-03-25T12:31:48","modified_gmt":"2025-03-25T12:31:48","slug":"black-tar-heroin","status":"publish","type":"product","link":"https:\/\/narcopowders.com\/fr\/produit\/heroine-de-goudron-noir\/","title":{"rendered":"Acheter de l'h\u00e9ro\u00efne Black Tar en ligne"},"content":{"rendered":"<h2 style=\"text-align: justify;\">Acheter de l'h\u00e9ro\u00efne Black Tar en ligne<\/h2>\n<p style=\"text-align: justify;\"><a href=\"https:\/\/narcopowders.com\/fr\/produit\/heroine-de-goudron-noir\/\">Black tar heroin<\/a> est une forme d'h\u00e9ro\u00efne connue pour sa consistance noire, collante et goudronneuse. Bien qu'elle soit consid\u00e9r\u00e9e comme une drogue risqu\u00e9e et <a href=\"https:\/\/en.wikipedia.org\/wiki\/Heroin\">powerful drug<\/a>, il est toujours tr\u00e8s demand\u00e9 en raison de son faible co\u00fbt et de sa disponibilit\u00e9. Alors, si vous souhaitez\u00a0<strong>h\u00e9ro\u00efne de goudron noir<\/strong>\u00a0at the best price, <a href=\"https:\/\/narcopowders.com\/fr\/\">Poudres Narco<\/a> is the best place.<\/p>\n<h3 style=\"text-align: justify;\">Quelle est l'apparence et l'odeur de l'h\u00e9ro\u00efne Black Tar?<\/h3>\n<p style=\"text-align: justify;\">L'h\u00e9ro\u00efne de goudron noir est fabriqu\u00e9e \u00e0 partir du r\u00e9sidu durci qui reste apr\u00e8s que l'h\u00e9ro\u00efne a \u00e9t\u00e9 fum\u00e9e ou inject\u00e9e. Elle est plus puissante que les autres formes d'h\u00e9ro\u00efne et a une odeur et un go\u00fbt plus prononc\u00e9s. Pour\u00a0<a href=\"https:\/\/www.bing.com\/search?q=Buy%20Black%20Tar%20Heroin%20Online&amp;qs=n&amp;form=QBRE&amp;sp=-1&amp;lq=0&amp;pq=buy%20black%20tar%20heroin%20online&amp;sc=0-27&amp;sk=&amp;cvid=F01FA017FD0F4F3EABB14F7ED199BF75&amp;ghsh=0&amp;ghacc=0&amp;ghpl=\"><strong>commander de l'h\u00e9ro\u00efne de goudron noir en ligne<\/strong><\/a>\u00a0de Narco Powders, cliquez simplement sur \"Ajouter au panier\" et entrez vos informations dans le processus de paiement. Vous obtiendrez alors votre\u00a0<strong><a href=\"https:\/\/www.google.com\/search?q=Buy+Black+Tar+Heroin+Online&amp;num=10&amp;sca_esv=1a2a07081c7891bb&amp;rlz=1C1RXQR_enIN1098IN1098&amp;sxsrf=AHTn8zquBUMCtTjZYnZwT6wlYjztzsC8Wg%3A1741762728195&amp;ei=qDDRZ4LPC83C4-EPh7vMqQk&amp;ved=0ahUKEwiCw8nl-4OMAxVN4TgGHYcdM5UQ4dUDCBA&amp;uact=5&amp;oq=Buy+Black+Tar+Heroin+Online&amp;gs_lp=Egxnd3Mtd2l6LXNlcnAiG0J1eSBCbGFjayBUYXIgSGVyb2luIE9ubGluZUjyBlC6A1i6A3ACeACQAQCYAdMBoAHTAaoBAzItMbgBA8gBAPgBAvgBAZgCAKACAJgDAIgGAZIHAKAHTw&amp;sclient=gws-wiz-serp\">h\u00e9ro\u00efne de goudron noir en vrac<\/a>\u00a0<\/strong>livr\u00e9 \u00e0 votre porte<strong>.\u00a0<\/strong>Cependant, n'oubliez pas de conserver vos m\u00e9dicaments en toute s\u00e9curit\u00e9 hors de port\u00e9e des enfants et des animaux domestiques et ne partagez jamais d'aiguilles ou de seringues avec qui que ce soit d'autre.<\/p>\n<h3 style=\"text-align: justify;\">La proc\u00e9dure de fabrication et de trafic d'h\u00e9ro\u00efne Black Tar<\/h3>\n<p style=\"text-align: justify;\"><a href=\"https:\/\/www.bing.com\/search?q=Buy%20Black%20Tar%20Heroin%20Online&amp;qs=n&amp;form=QBRE&amp;sp=-1&amp;lq=0&amp;pq=buy%20black%20tar%20heroin%20online&amp;sc=0-27&amp;sk=&amp;cvid=F01FA017FD0F4F3EABB14F7ED199BF75&amp;ghsh=0&amp;ghacc=0&amp;ghpl=\">L'h\u00e9ro\u00efne noire est un type d'h\u00e9ro\u00efne<\/a> L'h\u00e9ro\u00efne de goudron noir est un type d'h\u00e9ro\u00efne fabriqu\u00e9 \u00e0 partir d'opium en poudre. Cette substance est ensuite m\u00e9lang\u00e9e \u00e0 d'autres produits chimiques et chauff\u00e9e jusqu'\u00e0 ce qu'elle devienne une substance noire collante appel\u00e9e \u00ab goudron \u00bb. Le goudron est ensuite coup\u00e9 en petits morceaux et vendu dans la rue comme h\u00e9ro\u00efne.<\/p>\n<p style=\"text-align: justify;\">Le processus de fabrication et de trafic d'h\u00e9ro\u00efne de goudron noir est complexe. Les trafiquants d'h\u00e9ro\u00efne naviguent dans le monde criminel pour mettre la main sur les mati\u00e8res premi\u00e8res n\u00e9cessaires \u00e0 la fabrication de la drogue et traiter avec les responsables de l'application des lois qui pourraient essayer de les arr\u00eater. Cependant, la disponibilit\u00e9 de\u00a0<strong><a href=\"https:\/\/duckduckgo.com\/?q=Buy+Black+Tar+Heroin+Online&amp;t=h_&amp;ia=web\">h\u00e9ro\u00efne de goudron noir \u00e0 vendre<\/a>\u00a0<\/strong>en ligne sur des sites certifi\u00e9s comme Narco Powders rend ce processus encore plus facile que jamais.<\/p>\n<p style=\"text-align: justify;\">Lors de l'achat <a href=\"https:\/\/duckduckgo.com\/?q=Buy+Black+Tar+Heroin+Online&amp;t=h_&amp;ia=web\"><strong>h\u00e9ro\u00efne de goudron noir<\/strong><\/a>, \u00eatre conscient des risques encourus. Non seulement vous courez le risque d'acheter des m\u00e9dicaments aupr\u00e8s d'une source inconnue, mais vous vous exposez \u00e9galement \u00e0 des dangers suppl\u00e9mentaires, notamment une surdose et la contraction du VIH ou d'autres maladies (MST). Ainsi, achetez ces m\u00e9dicaments uniquement aupr\u00e8s d'une source fiable comme Narco Powders.<\/p>\n<h3 style=\"text-align: justify;\">Effets n\u00e9gatifs de l'h\u00e9ro\u00efne Black Tar<\/h3>\n<p style=\"text-align: justify;\">L'h\u00e9ro\u00efne de goudron noir est une forme d'h\u00e9ro\u00efne puissante et impure qui a plusieurs effets secondaires graves. Par exemple, l'h\u00e9ro\u00efne de goudron noir peut entra\u00eener des naus\u00e9es, des vomissements et des maux de t\u00eate. L'utilisation \u00e0 long terme peut \u00e9galement entra\u00eener des sympt\u00f4mes de sevrage tels que la d\u00e9pression, l'anxi\u00e9t\u00e9 et l'agitation. L'h\u00e9ro\u00efne de goudron noir peut \u00e9galement augmenter votre risque de probl\u00e8mes cardiaques et pulmonaires. N'ayez pas peur de demander de l'aide si vous ou quelqu'un que vous connaissez luttez contre une d\u00e9pendance \u00e0 l'h\u00e9ro\u00efne au goudron noir.<\/p>\n<h3 style=\"text-align: justify;\">Pourquoi acheter de l'h\u00e9ro\u00efne Black Tar en ligne chez Narco Powders ?<\/h3>\n<p style=\"text-align: justify;\">Vous cherchez une source fiable et de haute qualit\u00e9 pour <a href=\"https:\/\/duckduckgo.com\/?q=Buy+Black+Tar+Heroin+Online&amp;t=h_&amp;ia=web\"><strong>h\u00e9ro\u00efne de goudron noir<\/strong><\/a>? Ne cherchez pas plus loin que Narco Powders. Ici, vous trouverez le meilleur <strong>prix de l'h\u00e9ro\u00efne de goudron noir\u00a0<\/strong>avec une qualit\u00e9 garantie. En plus de cela, nous offrons les d\u00e9lais de livraison les plus rapides du secteur.<\/p>","protected":false},"excerpt":{"rendered":"<p>Buy Black Tar Heroin Online Black tar heroin is a form of the drug heroin known for its black, sticky, and tar-like consistency. While it is considered a risky and powerful drug, it is still in high demand due to its low cost and availability. So, if you wish to\u00a0buy black tar heroin online\u00a0at the [&hellip;]<\/p>","protected":false},"featured_media":19064,"comment_status":"open","ping_status":"closed","template":"","meta":{"_joinchat":[]},"product_brand":[],"product_cat":[1168],"product_tag":[1186,1180,1188,1182,1181,1189,1192,1193,1191,1183,1194,1187,1195,1184,1190,1185],"class_list":{"0":"post-19057","1":"product","2":"type-product","3":"status-publish","4":"has-post-thumbnail","6":"product_cat-buy-heroin-online","7":"product_tag-benefits-of-black-tar-heroin","8":"product_tag-best-place-to-order-black-tar-heroin","9":"product_tag-black-tar-heroin-for-sale","10":"product_tag-black-tar-heroin-price","11":"product_tag-black-tar-heroin-wholesale","12":"product_tag-buy-black-tar-heroin-legally","13":"product_tag-buy-black-tar-heroin-online-australia","14":"product_tag-buy-black-tar-heroin-online-near-me","15":"product_tag-buy-black-tar-heroin-online-usa","16":"product_tag-cheap-black-tar-heroin","17":"product_tag-how-can-i-get-the-best-black-tar-heroin","18":"product_tag-how-to-order-black-tar-heroin","19":"product_tag-legit-black-tar-heroin-online","20":"product_tag-what-is-black-tar-heroin","21":"product_tag-where-can-i-buy-black-tar-heroin","22":"product_tag-where-to-buy-black-tar-heroin","24":"first","25":"instock","26":"shipping-taxable","27":"purchasable","28":"product-type-variable","29":"add-to-wishlist-after_add_to_cart"},"yoast_head":"<!-- This site is optimized with the Yoast SEO plugin v25.9 - https:\/\/yoast.com\/wordpress\/plugins\/seo\/ -->\n<title>Black Tar Heroin for Sale - Buy Black Tar Heroin Online<\/title>\n<meta name=\"description\" content=\"Looking for best place to buy black tar heroin online? We offer the best quality black tar heroin for sale and at the most affordable prices. Order Now!\" \/>\n<meta name=\"robots\" content=\"index, follow, max-snippet:-1, max-image-preview:large, max-video-preview:-1\" \/>\n<link rel=\"canonical\" href=\"https:\/\/narcopowders.com\/fr\/produit\/heroine-de-goudron-noir\/\" \/>\n<meta property=\"og:locale\" content=\"fr_FR\" \/>\n<meta property=\"og:type\" content=\"article\" \/>\n<meta property=\"og:title\" content=\"Black Tar Heroin for Sale - Buy Black Tar Heroin Online\" \/>\n<meta property=\"og:description\" content=\"Looking for best place to buy black tar heroin online? We offer the best quality black tar heroin for sale and at the most affordable prices. Order Now!\" \/>\n<meta property=\"og:url\" content=\"https:\/\/narcopowders.com\/fr\/produit\/heroine-de-goudron-noir\/\" \/>\n<meta property=\"og:site_name\" content=\"Narco Powders\" \/>\n<meta property=\"article:modified_time\" content=\"2025-03-25T12:31:48+00:00\" \/>\n<meta property=\"og:image\" content=\"https:\/\/narcopowders.com\/wp-content\/uploads\/2023\/01\/black-tar-heroin.jpg\" \/>\n\t<meta property=\"og:image:width\" content=\"600\" \/>\n\t<meta property=\"og:image:height\" content=\"600\" \/>\n\t<meta property=\"og:image:type\" content=\"image\/jpeg\" \/>\n<meta name=\"twitter:card\" content=\"summary_large_image\" \/>\n<meta name=\"twitter:label1\" content=\"Dur\u00e9e de lecture estim\u00e9e\" \/>\n\t<meta name=\"twitter:data1\" content=\"3 minutes\" \/>\n<!-- \/ Yoast SEO plugin. -->","yoast_head_json":{"title":"H\u00e9ro\u00efne Black Tar \u00e0 vendre - Acheter de l'h\u00e9ro\u00efne Black Tar en ligne","description":"Vous cherchez le meilleur endroit pour acheter de l'h\u00e9ro\u00efne de goudron noir en ligne\u00a0? Nous offrons la meilleure qualit\u00e9 d'h\u00e9ro\u00efne de goudron noir \u00e0 vendre et aux prix les plus abordables. Commandez maintenant!","robots":{"index":"index","follow":"follow","max-snippet":"max-snippet:-1","max-image-preview":"max-image-preview:large","max-video-preview":"max-video-preview:-1"},"canonical":"https:\/\/narcopowders.com\/fr\/produit\/heroine-de-goudron-noir\/","og_locale":"fr_FR","og_type":"article","og_title":"Black Tar Heroin for Sale - Buy Black Tar Heroin Online","og_description":"Looking for best place to buy black tar heroin online? We offer the best quality black tar heroin for sale and at the most affordable prices. Order Now!","og_url":"https:\/\/narcopowders.com\/fr\/produit\/heroine-de-goudron-noir\/","og_site_name":"Narco Powders","article_modified_time":"2025-03-25T12:31:48+00:00","og_image":[{"width":600,"height":600,"url":"https:\/\/narcopowders.com\/wp-content\/uploads\/2023\/01\/black-tar-heroin.jpg","type":"image\/jpeg"}],"twitter_card":"summary_large_image","twitter_misc":{"Dur\u00e9e de lecture estim\u00e9e":"3 minutes"},"schema":{"@context":"https:\/\/schema.org","@graph":[{"@type":"WebPage","@id":"https:\/\/narcopowders.com\/product\/black-tar-heroin\/","url":"https:\/\/narcopowders.com\/product\/black-tar-heroin\/","name":"H\u00e9ro\u00efne Black Tar \u00e0 vendre - Acheter de l'h\u00e9ro\u00efne Black Tar en ligne","isPartOf":{"@id":"https:\/\/narcopowders.com\/#website"},"primaryImageOfPage":{"@id":"https:\/\/narcopowders.com\/product\/black-tar-heroin\/#primaryimage"},"image":{"@id":"https:\/\/narcopowders.com\/product\/black-tar-heroin\/#primaryimage"},"thumbnailUrl":"https:\/\/narcopowders.com\/wp-content\/uploads\/2023\/01\/black-tar-heroin.jpg","datePublished":"2023-01-02T09:27:48+00:00","dateModified":"2025-03-25T12:31:48+00:00","description":"Vous cherchez le meilleur endroit pour acheter de l'h\u00e9ro\u00efne de goudron noir en ligne\u00a0? Nous offrons la meilleure qualit\u00e9 d'h\u00e9ro\u00efne de goudron noir \u00e0 vendre et aux prix les plus abordables. Commandez maintenant!","breadcrumb":{"@id":"https:\/\/narcopowders.com\/product\/black-tar-heroin\/#breadcrumb"},"inLanguage":"fr-FR","potentialAction":[{"@type":"ReadAction","target":["https:\/\/narcopowders.com\/product\/black-tar-heroin\/"]}]},{"@type":"ImageObject","inLanguage":"fr-FR","@id":"https:\/\/narcopowders.com\/product\/black-tar-heroin\/#primaryimage","url":"https:\/\/narcopowders.com\/wp-content\/uploads\/2023\/01\/black-tar-heroin.jpg","contentUrl":"https:\/\/narcopowders.com\/wp-content\/uploads\/2023\/01\/black-tar-heroin.jpg","width":600,"height":600,"caption":"Buy Black Tar Heroin Online"},{"@type":"BreadcrumbList","@id":"https:\/\/narcopowders.com\/product\/black-tar-heroin\/#breadcrumb","itemListElement":[{"@type":"ListItem","position":1,"name":"Home","item":"https:\/\/narcopowders.com\/"},{"@type":"ListItem","position":2,"name":"Shop Page","item":"https:\/\/narcopowders.com\/shop\/"},{"@type":"ListItem","position":3,"name":"Buy Black Tar Heroin Online"}]},{"@type":"WebSite","@id":"https:\/\/narcopowders.com\/#website","url":"https:\/\/narcopowders.com\/","name":"Poudres Narco","description":"Mon blog WordPress","potentialAction":[{"@type":"SearchAction","target":{"@type":"EntryPoint","urlTemplate":"https:\/\/narcopowders.com\/?s={search_term_string}"},"query-input":{"@type":"PropertyValueSpecification","valueRequired":true,"valueName":"search_term_string"}}],"inLanguage":"fr-FR"}]}},"_links":{"self":[{"href":"https:\/\/narcopowders.com\/fr\/wp-json\/wp\/v2\/product\/19057","targetHints":{"allow":["GET"]}}],"collection":[{"href":"https:\/\/narcopowders.com\/fr\/wp-json\/wp\/v2\/product"}],"about":[{"href":"https:\/\/narcopowders.com\/fr\/wp-json\/wp\/v2\/types\/product"}],"replies":[{"embeddable":true,"href":"https:\/\/narcopowders.com\/fr\/wp-json\/wp\/v2\/comments?post=19057"}],"wp:featuredmedia":[{"embeddable":true,"href":"https:\/\/narcopowders.com\/fr\/wp-json\/wp\/v2\/media\/19064"}],"wp:attachment":[{"href":"https:\/\/narcopowders.com\/fr\/wp-json\/wp\/v2\/media?parent=19057"}],"wp:term":[{"taxonomy":"product_brand","embeddable":true,"href":"https:\/\/narcopowders.com\/fr\/wp-json\/wp\/v2\/product_brand?post=19057"},{"taxonomy":"product_cat","embeddable":true,"href":"https:\/\/narcopowders.com\/fr\/wp-json\/wp\/v2\/product_cat?post=19057"},{"taxonomy":"product_tag","embeddable":true,"href":"https:\/\/narcopowders.com\/fr\/wp-json\/wp\/v2\/product_tag?post=19057"}],"curies":[{"name":"wp","href":"https:\/\/api.w.org\/{rel}","templated":true}]}}