{"id":19075,"date":"2023-01-02T09:51:26","date_gmt":"2023-01-02T09:51:26","guid":{"rendered":"https:\/\/nembutalhouse.com\/narco\/?post_type=product&#038;p=19075"},"modified":"2025-03-25T12:30:25","modified_gmt":"2025-03-25T12:30:25","slug":"brown-powder-heroin","status":"publish","type":"product","link":"https:\/\/narcopowders.com\/fr\/produit\/brown-pulver-heroine\/","title":{"rendered":"H\u00e9ro\u00efne en poudre brune"},"content":{"rendered":"<h2 style=\"text-align: justify;\">H\u00e9ro\u00efne en poudre brune<\/h2>\n<p style=\"text-align: justify;\"><a href=\"https:\/\/en.wikipedia.org\/wiki\/Heroin\">H\u00e9ro\u00efne en poudre brune<\/a> Acheter de l'h\u00e9ro\u00efne en poudre brune en ligne L'h\u00e9ro\u00efne en poudre brune (HBP) devient de plus en plus populaire sur le march\u00e9 mondial. Bien que l'HBP existe depuis des ann\u00e9es, sa popularit\u00e9 augmente en raison de ses effets uniques sur le corps humain. Si vous cherchez \u00e0 acheter de l'h\u00e9ro\u00efne en poudre brune en ligne, Narco Powders est\u00a0<a href=\"https:\/\/narcopowders.com\/fr\/produit\/brown-pulver-heroine\/\"><strong>acheter de l'h\u00e9ro\u00efne en poudre brune en ligne<\/strong><\/a>, then <a href=\"https:\/\/narcopowders.com\/fr\/\">Poudres Narco<\/a> is your best bet.<\/p>\n<h3 style=\"text-align: justify;\">De quoi est compos\u00e9e l'h\u00e9ro\u00efne en poudre brune ?<\/h3>\n<p style=\"text-align: justify;\">L'HBP est une forme d'opium qui a \u00e9t\u00e9 transform\u00e9e en poudre. <a href=\"https:\/\/www.google.com\/search?q=Buy+Brown+Powder+Heroin+Online&amp;sca_esv=7d1b82273738a5db&amp;sxsrf=AHTn8zoru4nNVmuqppkIBsSuzm4eOnlOrg%3A1742905234477&amp;ei=kp_iZ4jnHNCsseMP_frH2QE&amp;ved=0ahUKEwiI-IL7m6WMAxVQVmwGHX39MRsQ4dUDCA8&amp;uact=5&amp;oq=Buy+Brown+Powder+Heroin+Online&amp;gs_lp=Egxnd3Mtd2l6LXNlcnAiHkJ1eSBCcm93biBQb3dkZXIgSGVyb2luIE9ubGluZUjEB1C9AVi9AXABeACQAQCYAc0BoAHNAaoBAzItMbgBA8gBAPgBAfgBApgCAaACJ6gCEsICBxAjGCcY6gLCAhcQABiABBiRAhi0AhjHAxiKBRjqAtgBAcICFBAAGIAEGJECGLQCGIoFGOoC2AEBwgIQEAAYAxi0AhjqAhiPAdgBAZgDJ_EFH0i-hSkUnOS6BgYIARABGAGSBwExoAdasgcAuAcA&amp;sclient=gws-wiz-serp\">Cette poudre peut \u00eatre facilement fum\u00e9e ou inject\u00e9e<\/a>L'HBP est une forme d'opium qui a \u00e9t\u00e9 transform\u00e9e en poudre. Cette poudre peut \u00eatre facilement fum\u00e9e ou inject\u00e9e, ce qui la rend plus puissante et addictive que les autres formes d'opium. De plus, l'HBP a un effet plus durable que les autres types d'opium, ce qui le rend id\u00e9al pour une utilisation dans des activit\u00e9s de haute intensit\u00e9 telles que l'athl\u00e9tisme ou le sexe.<\/p>\n<h3 style=\"text-align: justify;\">Avantages de l'h\u00e9ro\u00efne en poudre brune<\/h3>\n<p style=\"text-align: justify;\">Il ne fait aucun doute que <a href=\"https:\/\/www.google.com\/search?q=Buy+Brown+Powder+Heroin+Online&amp;sca_esv=7d1b82273738a5db&amp;sxsrf=AHTn8zoru4nNVmuqppkIBsSuzm4eOnlOrg%3A1742905234477&amp;ei=kp_iZ4jnHNCsseMP_frH2QE&amp;ved=0ahUKEwiI-IL7m6WMAxVQVmwGHX39MRsQ4dUDCA8&amp;uact=5&amp;oq=Buy+Brown+Powder+Heroin+Online&amp;gs_lp=Egxnd3Mtd2l6LXNlcnAiHkJ1eSBCcm93biBQb3dkZXIgSGVyb2luIE9ubGluZUjEB1C9AVi9AXABeACQAQCYAc0BoAHNAaoBAzItMbgBA8gBAPgBAfgBApgCAaACJ6gCEsICBxAjGCcY6gLCAhcQABiABBiRAhi0AhjHAxiKBRjqAtgBAcICFBAAGIAEGJECGLQCGIoFGOoC2AEBwgIQEAAYAxi0AhjqAhiPAdgBAZgDJ_EFH0i-hSkUnOS6BgYIARABGAGSBwExoAdasgcAuAcA&amp;sclient=gws-wiz-serp\">Brown Powder Heroin (BPH)<\/a> Il ne fait aucun doute que l'h\u00e9ro\u00efne en poudre brune (HBP) est l'une des drogues les plus populaires sur le march\u00e9 aujourd'hui. Il est facile de mettre la main dessus et donne aux utilisateurs un high rapide et puissant. L'HBP est \u00e9galement connue sous le nom d'\"h\u00e9ro\u00efne brune\" car elle est g\u00e9n\u00e9ralement fabriqu\u00e9e \u00e0 partir de cassonade, de caf\u00e9 et de levure chimique.<\/p>\n<p style=\"text-align: justify;\">L'HBP est une h\u00e9ro\u00efne de haute qualit\u00e9, ce qui signifie qu'elle contient des niveaux \u00e9lev\u00e9s de morphine et de cod\u00e9ine. Cela en fait un excellent choix pour ceux qui recherchent une dose intense de soulagement de la douleur. De plus, BPH offre une livraison rapide dans n'importe quelle partie du monde, ce qui le rend id\u00e9al pour ceux qui ont besoin de leur m\u00e9dicament rapidement. Finalement, le <a href=\"https:\/\/www.bing.com\/search?q=Buy%20Brown%20Powder%20Heroin%20Online&amp;qs=n&amp;form=QBRE&amp;sp=-1&amp;lq=0&amp;pq=buy%20brown%20powder%20heroin%20online&amp;sc=0-30&amp;sk=&amp;cvid=FF668C5C3A2C40499C5AF5B2F508E6FF&amp;ghsh=0&amp;ghacc=0&amp;ghpl=\"><strong>prix de l'h\u00e9ro\u00efne en poudre brune<\/strong><\/a>\u00a0est abordable par rapport \u00e0 d'autres fournisseurs, ce qui en fait une option attrayante pour les utilisateurs qui veulent des m\u00e9dicaments de qualit\u00e9 sans se ruiner.<\/p>\n<h3 style=\"text-align: justify;\">Effets secondaires de l'h\u00e9ro\u00efne en poudre brune<\/h3>\n<p style=\"text-align: justify;\">L'h\u00e9ro\u00efne en poudre brune est une drogue extr\u00eamement dangereuse et addictive, souvent m\u00e9lang\u00e9e \u00e0 d'autres substances pour en augmenter la puissance. Elle est g\u00e9n\u00e9ralement vendue dans la rue sous les noms de poudre brune, noire ou gunpowder. <a href=\"https:\/\/duckduckgo.com\/?q=Buy+Brown+Powder+Heroin+Online&amp;t=h_&amp;ia=web\">Brown powder heroin<\/a> L'h\u00e9ro\u00efne en poudre brune est une drogue tr\u00e8s dangereuse et addictive qui est souvent m\u00e9lang\u00e9e \u00e0 d'autres substances pour augmenter sa puissance. Il est g\u00e9n\u00e9ralement vendu dans la rue sous les noms de brun, noir ou poudre \u00e0 canon. L'h\u00e9ro\u00efne en poudre brune est un m\u00e9lange de morphine et d'autres opiac\u00e9s, ce qui la rend extr\u00eamement puissante. Les effets \u00e0 court terme de la consommation d'h\u00e9ro\u00efne en poudre brune comprennent une acc\u00e9l\u00e9ration du rythme cardiaque, une intense sensation de chaleur, une respiration rapide et une sensation d'euphorie. Ces effets sont rapidement suivis de sensations de s\u00e9dation et de relaxation. Au fil du temps, la consommation r\u00e9guli\u00e8re d'h\u00e9ro\u00efne en poudre brune peut entra\u00eener une d\u00e9pendance et une d\u00e9pendance \u00e0 la drogue.<\/p>\n<h3 style=\"text-align: justify;\">Pourquoi acheter de l'h\u00e9ro\u00efne en poudre brune chez Narco Powders ?<\/h3>\n<p style=\"text-align: justify;\">Lorsque vous pr\u00e9voyez de\u00a0<a href=\"https:\/\/www.bing.com\/search?q=Buy%20Brown%20Powder%20Heroin%20Online&amp;qs=n&amp;form=QBRE&amp;sp=-1&amp;lq=0&amp;pq=buy%20brown%20powder%20heroin%20online&amp;sc=0-30&amp;sk=&amp;cvid=FF668C5C3A2C40499C5AF5B2F508E6FF&amp;ghsh=0&amp;ghacc=0&amp;ghpl=\">Cette poudre peut \u00eatre facilement fum\u00e9e ou inject\u00e9e<\/a>Lorsque vous envisagez de commander de l'h\u00e9ro\u00efne en poudre brune en ligne, de nombreux choix s'offrent \u00e0 vous. Cependant, tous ces choix ne sont pas de bonne qualit\u00e9 ou s\u00fbrs. C'est l\u00e0 qu'interviennent Narco Powders. Nous proposons une grande vari\u00e9t\u00e9 de formes, de marques et de types d'h\u00e9ro\u00efne en poudre brune \u00e0 vendre en ligne auxquelles vous pouvez faire confiance. De plus, nos d\u00e9lais de livraison rapides signifient que vous pouvez obtenir vos m\u00e9dicaments rapidement et sans tracas. Nous voulons que tous ceux qui commandent chez nous aient une exp\u00e9rience positive. Avec un processus de commande simple et des m\u00e9thodes de paiement pratiques, Narco Powders est le meilleur choix pour acheter de l'h\u00e9ro\u00efne en poudre brune en ligne. Par cons\u00e9quent, n'attendez plus et commandez dans notre magasin d\u00e8s aujourd'hui pour obtenir les meilleures offres sur vos produits pr\u00e9f\u00e9r\u00e9s ! <a href=\"https:\/\/duckduckgo.com\/?q=Buy+Brown+Powder+Heroin+Online&amp;t=h_&amp;ia=web\">purchasing\u00a0brown powder heroin online<\/a>. Therefore, don&#8217;t wait any longer\u2014order at our store today to get the best deals on your favorite products!<\/p>","protected":false},"excerpt":{"rendered":"<p>Buy Brown Powder Heroin Online Brown Powder Heroin (BPH) is becoming more and more popular in the global market. Although BPH has been around for years, its popularity is on the rise due to its unique effects on the human body. So, if you are looking to\u00a0buy brown powder heroin online, then Narco Powders is [&hellip;]<\/p>","protected":false},"featured_media":19091,"comment_status":"open","ping_status":"closed","template":"","meta":{"_joinchat":[]},"product_brand":[],"product_cat":[1168],"product_tag":[1218,1212,1220,1214,1213,1221,1224,1225,1223,1215,1226,1219,1227,1216,1222,1217],"class_list":{"0":"post-19075","1":"product","2":"type-product","3":"status-publish","4":"has-post-thumbnail","6":"product_cat-buy-heroin-online","7":"product_tag-benefits-of-brown-powder-heroin","8":"product_tag-best-place-to-order-brown-powder-heroin","9":"product_tag-brown-powder-heroin-for-sale","10":"product_tag-brown-powder-heroin-price","11":"product_tag-brown-powder-heroin-wholesale","12":"product_tag-buy-brown-powder-heroin-legally","13":"product_tag-buy-brown-powder-heroin-online-australia","14":"product_tag-buy-brown-powder-heroin-online-near-me","15":"product_tag-buy-brown-powder-heroin-online-usa","16":"product_tag-cheap-brown-powder-heroin","17":"product_tag-how-can-i-get-the-best-brown-powder-heroin","18":"product_tag-how-to-order-brown-powder-heroin","19":"product_tag-legit-brown-powder-heroin-online","20":"product_tag-what-is-brown-powder-heroin","21":"product_tag-where-can-i-buy-brown-powder-heroin","22":"product_tag-where-to-buy-brown-powder-heroin","24":"first","25":"instock","26":"shipping-taxable","27":"purchasable","28":"product-type-variable","29":"add-to-wishlist-after_add_to_cart"},"yoast_head":"<!-- This site is optimized with the Yoast SEO plugin v27.5 - https:\/\/yoast.com\/product\/yoast-seo-wordpress\/ -->\n<title>Brown Powder Heroin for Sale - Buy Brown Powder Heroin Online<\/title>\n<meta name=\"description\" content=\"Looking to buy brown powder heroin online? Get the highest quality brown powder heroin for sale from our trusted source. Order Brown Heroin Online!\" \/>\n<meta name=\"robots\" content=\"index, follow, max-snippet:-1, max-image-preview:large, max-video-preview:-1\" \/>\n<link rel=\"canonical\" href=\"https:\/\/narcopowders.com\/fr\/produit\/brown-pulver-heroine\/\" \/>\n<meta property=\"og:locale\" content=\"fr_FR\" \/>\n<meta property=\"og:type\" content=\"article\" \/>\n<meta property=\"og:title\" content=\"Brown Powder Heroin for Sale - Buy Brown Powder Heroin Online\" \/>\n<meta property=\"og:description\" content=\"Looking to buy brown powder heroin online? Get the highest quality brown powder heroin for sale from our trusted source. Order Brown Heroin Online!\" \/>\n<meta property=\"og:url\" content=\"https:\/\/narcopowders.com\/fr\/produit\/brown-pulver-heroine\/\" \/>\n<meta property=\"og:site_name\" content=\"Narco Powders\" \/>\n<meta property=\"article:modified_time\" content=\"2025-03-25T12:30:25+00:00\" \/>\n<meta property=\"og:image\" content=\"https:\/\/narcopowders.com\/wp-content\/uploads\/2023\/01\/brown-powder-heroin.jpg\" \/>\n\t<meta property=\"og:image:width\" content=\"600\" \/>\n\t<meta property=\"og:image:height\" content=\"600\" \/>\n\t<meta property=\"og:image:type\" content=\"image\/jpeg\" \/>\n<meta name=\"twitter:card\" content=\"summary_large_image\" \/>\n<meta name=\"twitter:label1\" content=\"Dur\u00e9e de lecture estim\u00e9e\" \/>\n\t<meta name=\"twitter:data1\" content=\"3 minutes\" \/>\n<!-- \/ Yoast SEO plugin. -->","yoast_head_json":{"title":"H\u00e9ro\u00efne en poudre brune \u00e0 vendre - Acheter de l'h\u00e9ro\u00efne en poudre brune en ligne","description":"Vous cherchez \u00e0 acheter de l'h\u00e9ro\u00efne en poudre brune en ligne ? Obtenez l'h\u00e9ro\u00efne en poudre brune de la plus haute qualit\u00e9 \u00e0 vendre aupr\u00e8s de notre source de confiance. Commandez de l'h\u00e9ro\u00efne brune en ligne\u00a0!","robots":{"index":"index","follow":"follow","max-snippet":"max-snippet:-1","max-image-preview":"max-image-preview:large","max-video-preview":"max-video-preview:-1"},"canonical":"https:\/\/narcopowders.com\/fr\/produit\/brown-pulver-heroine\/","og_locale":"fr_FR","og_type":"article","og_title":"Brown Powder Heroin for Sale - Buy Brown Powder Heroin Online","og_description":"Looking to buy brown powder heroin online? Get the highest quality brown powder heroin for sale from our trusted source. Order Brown Heroin Online!","og_url":"https:\/\/narcopowders.com\/fr\/produit\/brown-pulver-heroine\/","og_site_name":"Narco Powders","article_modified_time":"2025-03-25T12:30:25+00:00","og_image":[{"width":600,"height":600,"url":"https:\/\/narcopowders.com\/wp-content\/uploads\/2023\/01\/brown-powder-heroin.jpg","type":"image\/jpeg"}],"twitter_card":"summary_large_image","twitter_misc":{"Dur\u00e9e de lecture estim\u00e9e":"3 minutes"},"schema":{"@context":"https:\/\/schema.org","@graph":[{"@type":"WebPage","@id":"https:\/\/narcopowders.com\/product\/brown-powder-heroin\/","url":"https:\/\/narcopowders.com\/product\/brown-powder-heroin\/","name":"H\u00e9ro\u00efne en poudre brune \u00e0 vendre - Acheter de l'h\u00e9ro\u00efne en poudre brune en ligne","isPartOf":{"@id":"https:\/\/narcopowders.com\/#website"},"primaryImageOfPage":{"@id":"https:\/\/narcopowders.com\/product\/brown-powder-heroin\/#primaryimage"},"image":{"@id":"https:\/\/narcopowders.com\/product\/brown-powder-heroin\/#primaryimage"},"thumbnailUrl":"https:\/\/narcopowders.com\/wp-content\/uploads\/2023\/01\/brown-powder-heroin.jpg","datePublished":"2023-01-02T09:51:26+00:00","dateModified":"2025-03-25T12:30:25+00:00","description":"Vous cherchez \u00e0 acheter de l'h\u00e9ro\u00efne en poudre brune en ligne ? Obtenez l'h\u00e9ro\u00efne en poudre brune de la plus haute qualit\u00e9 \u00e0 vendre aupr\u00e8s de notre source de confiance. Commandez de l'h\u00e9ro\u00efne brune en ligne\u00a0!","breadcrumb":{"@id":"https:\/\/narcopowders.com\/product\/brown-powder-heroin\/#breadcrumb"},"inLanguage":"fr-FR","potentialAction":[{"@type":"ReadAction","target":["https:\/\/narcopowders.com\/product\/brown-powder-heroin\/"]}]},{"@type":"ImageObject","inLanguage":"fr-FR","@id":"https:\/\/narcopowders.com\/product\/brown-powder-heroin\/#primaryimage","url":"https:\/\/narcopowders.com\/wp-content\/uploads\/2023\/01\/brown-powder-heroin.jpg","contentUrl":"https:\/\/narcopowders.com\/wp-content\/uploads\/2023\/01\/brown-powder-heroin.jpg","width":600,"height":600,"caption":"Brown Powder Heroin"},{"@type":"BreadcrumbList","@id":"https:\/\/narcopowders.com\/product\/brown-powder-heroin\/#breadcrumb","itemListElement":[{"@type":"ListItem","position":1,"name":"Home","item":"https:\/\/narcopowders.com\/"},{"@type":"ListItem","position":2,"name":"Shop Page","item":"https:\/\/narcopowders.com\/shop\/"},{"@type":"ListItem","position":3,"name":"Brown Powder Heroin"}]},{"@type":"WebSite","@id":"https:\/\/narcopowders.com\/#website","url":"https:\/\/narcopowders.com\/","name":"Poudres Narco","description":"Mon blog WordPress","potentialAction":[{"@type":"SearchAction","target":{"@type":"EntryPoint","urlTemplate":"https:\/\/narcopowders.com\/?s={search_term_string}"},"query-input":{"@type":"PropertyValueSpecification","valueRequired":true,"valueName":"search_term_string"}}],"inLanguage":"fr-FR"}]}},"_links":{"self":[{"href":"https:\/\/narcopowders.com\/fr\/wp-json\/wp\/v2\/product\/19075","targetHints":{"allow":["GET"]}}],"collection":[{"href":"https:\/\/narcopowders.com\/fr\/wp-json\/wp\/v2\/product"}],"about":[{"href":"https:\/\/narcopowders.com\/fr\/wp-json\/wp\/v2\/types\/product"}],"replies":[{"embeddable":true,"href":"https:\/\/narcopowders.com\/fr\/wp-json\/wp\/v2\/comments?post=19075"}],"wp:featuredmedia":[{"embeddable":true,"href":"https:\/\/narcopowders.com\/fr\/wp-json\/wp\/v2\/media\/19091"}],"wp:attachment":[{"href":"https:\/\/narcopowders.com\/fr\/wp-json\/wp\/v2\/media?parent=19075"}],"wp:term":[{"taxonomy":"product_brand","embeddable":true,"href":"https:\/\/narcopowders.com\/fr\/wp-json\/wp\/v2\/product_brand?post=19075"},{"taxonomy":"product_cat","embeddable":true,"href":"https:\/\/narcopowders.com\/fr\/wp-json\/wp\/v2\/product_cat?post=19075"},{"taxonomy":"product_tag","embeddable":true,"href":"https:\/\/narcopowders.com\/fr\/wp-json\/wp\/v2\/product_tag?post=19075"}],"curies":[{"name":"wp","href":"https:\/\/api.w.org\/{rel}","templated":true}]}}