{"id":19099,"date":"2023-01-02T10:01:34","date_gmt":"2023-01-02T10:01:34","guid":{"rendered":"https:\/\/nembutalhouse.com\/narco\/?post_type=product&#038;p=19099"},"modified":"2025-03-25T11:59:16","modified_gmt":"2025-03-25T11:59:16","slug":"crack-cocaine","status":"publish","type":"product","link":"https:\/\/narcopowders.com\/fr\/produit\/crack-cocaine\/","title":{"rendered":"Acheter du crack en ligne"},"content":{"rendered":"<h2 style=\"text-align: justify;\">Acheter du crack en ligne<\/h2>\n<p style=\"text-align: justify;\">Si vous recherchez un high qui vous donnera une pouss\u00e9e d'\u00e9nergie intense, le crack est la drogue qu'il vous faut. Le crack est un puissant stimulant d\u00e9riv\u00e9 de la plante de coca. Il produit des effets intenses \u00e0 court terme, notamment de l'euphorie et une augmentation de l'\u00e9nergie. Alors, cherchez-vous \u00e0\u00a0<a href=\"https:\/\/narcopowders.com\/fr\/produit\/crack-cocaine\/\"><strong>acheter du crack en ligne<\/strong><\/a>? If so, <a href=\"https:\/\/narcopowders.com\/fr\/\">Poudres Narco<\/a> ? Si tel est le cas, Narco Powders est votre guichet unique pour tout ce qui concerne\u00a0<a href=\"https:\/\/www.bing.com\/search?q=Buy%20Crack%20Cocaine%20Online&amp;qs=n&amp;form=QBRE&amp;sp=-1&amp;lq=0&amp;pq=buy%20crack%20cocaine%20online&amp;sc=0-24&amp;sk=&amp;cvid=5A9C510B114D4A079A7AC55020730BE4&amp;ghsh=0&amp;ghacc=0&amp;ghpl=\"><strong>cracker de la coca\u00efne<\/strong><\/a>.<\/p>\n<h3 style=\"text-align: justify;\">De quoi est faite la coca\u00efne crack ?<\/h3>\n<p style=\"text-align: justify;\"><a href=\"https:\/\/www.google.com\/search?q=Buy+Crack+Cocaine+Online&amp;num=10&amp;sca_esv=1a2a07081c7891bb&amp;rlz=1C1RXQR_enIN1098IN1098&amp;sxsrf=AHTn8zqSQPNqBnznlXjjKSal3EstteuNmw%3A1741685751392&amp;ei=9wPQZ7LZF47U1e8P8drDiQ0&amp;ved=0ahUKEwjysJaE3YGMAxUOavUHHXHtMNEQ4dUDCBA&amp;uact=5&amp;oq=Buy+Crack+Cocaine+Online&amp;gs_lp=Egxnd3Mtd2l6LXNlcnAiGEJ1eSBDcmFjayBDb2NhaW5lIE9ubGluZUjMB1DBA1jBA3ACeACQAQCYAc8BoAHPAaoBAzItMbgBA8gBAPgBAvgBAZgCAKACAJgDAIgGAZIHAKAHTA&amp;sclient=gws-wiz-serp\">Coca\u00efne<\/a> est un stimulant extrait des feuilles de coca\u00efer. Il est souvent vendu sous le nom de \u00ab<a href=\"https:\/\/en.wikipedia.org\/wiki\/Cocaine\">le crack<\/a>, un m\u00e9lange de coca\u00efne et d'eau. Avec sa vaste s\u00e9lection de produits de haute qualit\u00e9, <a href=\"https:\/\/www.bing.com\/search?q=Buy%20Crack%20Cocaine%20Online&amp;qs=n&amp;form=QBRE&amp;sp=-1&amp;lq=0&amp;pq=buy%20crack%20cocaine%20online&amp;sc=0-24&amp;sk=&amp;cvid=5A9C510B114D4A079A7AC55020730BE4&amp;ghsh=0&amp;ghacc=0&amp;ghpl=\"><strong>cracker de la coca\u00efne en vrac<\/strong><\/a>, m\u00e9thodes de paiement s\u00e9curis\u00e9es et livraison discr\u00e8te, Narco Powders est la meilleure option pour quiconque souhaite acheter en toute s\u00e9curit\u00e9 cette substance puissante.<\/p>\n<h3 style=\"text-align: justify;\">Bienfaits du crack<\/h3>\n<p style=\"text-align: justify;\"><a href=\"https:\/\/www.google.com\/search?q=Buy+Crack+Cocaine+Online&amp;num=10&amp;sca_esv=1a2a07081c7891bb&amp;rlz=1C1RXQR_enIN1098IN1098&amp;sxsrf=AHTn8zqSQPNqBnznlXjjKSal3EstteuNmw%3A1741685751392&amp;ei=9wPQZ7LZF47U1e8P8drDiQ0&amp;ved=0ahUKEwjysJaE3YGMAxUOavUHHXHtMNEQ4dUDCBA&amp;uact=5&amp;oq=Buy+Crack+Cocaine+Online&amp;gs_lp=Egxnd3Mtd2l6LXNlcnAiGEJ1eSBDcmFjayBDb2NhaW5lIE9ubGluZUjMB1DBA1jBA3ACeACQAQCYAc8BoAHPAaoBAzItMbgBA8gBAPgBAvgBAZgCAKACAJgDAIgGAZIHAKAHTA&amp;sclient=gws-wiz-serp\">Crack cocaine<\/a> Le crack est l'une des drogues les plus populaires sur le march\u00e9, et pour cause. C'est un moyen rapide et facile d'obtenir un high intense qui dure plus longtemps que les autres drogues. Contrairement \u00e0 d'autres drogues, o\u00f9 il faut parfois des heures pour que les effets se manifestent, le crack produit une r\u00e9action imm\u00e9diate. Vous pourrez ressentir les effets en quelques minutes, ce qui signifie que vous pourrez commencer \u00e0 profiter de votre high tout de suite. De plus, compar\u00e9 \u00e0 d'autres drogues telles que la marijuana ou l'ecstasy, le crack est connu pour augmenter la cr\u00e9ativit\u00e9 et l'intensit\u00e9 des sentiments. <a href=\"https:\/\/duckduckgo.com\/?q=Buy+Crack+Cocaine+Online&amp;t=h_&amp;ia=web\">le crack<\/a> is known to increase creativity and intensity of feelings.<\/p>\n<p style=\"text-align: justify;\">Chez Narco Powders, nous proposons des\u00a0<strong><a href=\"https:\/\/duckduckgo.com\/?q=Buy+Crack+Cocaine+Online&amp;t=h_&amp;ia=web\">crack coca\u00efne \u00e0 vendre<\/a>\u00a0<\/strong>en ligne \u00e0 faible co\u00fbt accessible aux utilisateurs de tous les pays. Notre crack est fabriqu\u00e9 selon les normes de puret\u00e9 les plus \u00e9lev\u00e9es possibles, vous pouvez donc \u00eatre s\u00fbr que vous obtenez les meilleurs r\u00e9sultats possibles.<\/p>\n<h3 style=\"text-align: justify;\">Effets secondaires du crack<\/h3>\n<p style=\"text-align: justify;\">Le crack est une drogue hautement addictive et dangereuse qui peut avoir de graves cons\u00e9quences pour votre sant\u00e9. Les effets secondaires \u00e0 court et \u00e0 long terme du crack comprennent la d\u00e9pendance, les probl\u00e8mes de sant\u00e9 mentale et la mort. Le crack peut \u00e9galement provoquer des effets physiques \u00e0 court terme tels qu'une acc\u00e9l\u00e9ration du rythme cardiaque, de la parano\u00efa et de la violence. Les effets secondaires \u00e0 long terme peuvent ne pas appara\u00eetre pendant des ann\u00e9es apr\u00e8s avoir commenc\u00e9 \u00e0 consommer du crack, il est donc important d'\u00eatre conscient des risques avant de prendre ce m\u00e9dicament.<\/p>\n<h3 style=\"text-align: justify;\">Achetez du crack en ligne chez Narco Powders<\/h3>\n<p style=\"text-align: justify;\">Vous cherchez un moyen de vous d\u00e9foncer ? D\u00e9couvrez Narco Powders, la destination en ligne pour les produits de qualit\u00e9 contr\u00f4l\u00e9e <strong>crack coca\u00efne en gros<\/strong>. Nous offrons une grande vari\u00e9t\u00e9 de produits, y compris du crack en petites quantit\u00e9s pouvant aller jusqu'au kilogramme. De plus, notre\u00a0<strong>prix du crack<\/strong> est imbattable - vous ne trouverez pas de meilleure offre ailleurs.<\/p>\n<p style=\"text-align: justify;\">Nous comprenons que la confidentialit\u00e9 est importante, c'est pourquoi nous prenons grand soin d'emballer nos produits afin qu'ils arrivent en toute s\u00e9curit\u00e9 et discr\u00e8tement. Nous esp\u00e9rons que vous envisagerez d'utiliser Narco Powders comme source de r\u00e9f\u00e9rence pour\u00a0<strong>commander du crack en ligne<\/strong>.<\/p>","protected":false},"excerpt":{"rendered":"<p>Buy Crack Cocaine Online If you&#8217;re looking for a high that will give you an intense burst of energy, crack cocaine is the drug for you. Crack cocaine is a potent stimulant that is derived from the coca plant. It produces intense, short-term effects, including euphoria and increased energy. So, are you looking to\u00a0buy crack [&hellip;]<\/p>","protected":false},"featured_media":19114,"comment_status":"open","ping_status":"closed","template":"","meta":{"_joinchat":[]},"product_brand":[],"product_cat":[1179],"product_tag":[1234,1228,1237,1240,1241,1239,1231,1236,1230,1229,1242,1235,1243,1232,1238,1233],"class_list":{"0":"post-19099","1":"product","2":"type-product","3":"status-publish","4":"has-post-thumbnail","6":"product_cat-buy-cocaine-online","7":"product_tag-benefits-of-crack-cocaine","8":"product_tag-best-place-to-order-crack-cocaine","9":"product_tag-buy-crack-cocaine-legally","10":"product_tag-buy-crack-cocaine-online-australia","11":"product_tag-buy-crack-cocaine-online-near-me","12":"product_tag-buy-crack-cocaine-online-usa","13":"product_tag-cheap-crack-cocaine","14":"product_tag-crack-cocaine-for-sale","15":"product_tag-crack-cocaine-price","16":"product_tag-crack-cocaine-wholesale","17":"product_tag-how-can-i-get-the-best-crack-cocaine","18":"product_tag-how-to-order-crack-cocaine","19":"product_tag-legit-crack-cocaine-online","20":"product_tag-what-is-crack-cocaine","21":"product_tag-where-can-i-buy-crack-cocaine","22":"product_tag-where-to-buy-crack-cocaine","24":"first","25":"instock","26":"shipping-taxable","27":"purchasable","28":"product-type-variable","29":"add-to-wishlist-after_add_to_cart"},"yoast_head":"<!-- This site is optimized with the Yoast SEO plugin v25.9 - https:\/\/yoast.com\/wordpress\/plugins\/seo\/ -->\n<title>Buy Crack Cocaine Online - Crack Cocaine for Sale Online<\/title>\n<meta name=\"description\" content=\"Looking for the best quality crack cocaine for sale in bulk quantity? At here, you can buy crack cocaine online with highest purity at the best price. Order Now!\" \/>\n<meta name=\"robots\" content=\"index, follow, max-snippet:-1, max-image-preview:large, max-video-preview:-1\" \/>\n<link rel=\"canonical\" href=\"https:\/\/narcopowders.com\/fr\/produit\/crack-cocaine\/\" \/>\n<meta property=\"og:locale\" content=\"fr_FR\" \/>\n<meta property=\"og:type\" content=\"article\" \/>\n<meta property=\"og:title\" content=\"Buy Crack Cocaine Online - Crack Cocaine for Sale Online\" \/>\n<meta property=\"og:description\" content=\"Looking for the best quality crack cocaine for sale in bulk quantity? At here, you can buy crack cocaine online with highest purity at the best price. Order Now!\" \/>\n<meta property=\"og:url\" content=\"https:\/\/narcopowders.com\/fr\/produit\/crack-cocaine\/\" \/>\n<meta property=\"og:site_name\" content=\"Narco Powders\" \/>\n<meta property=\"article:modified_time\" content=\"2025-03-25T11:59:16+00:00\" \/>\n<meta property=\"og:image\" content=\"https:\/\/narcopowders.com\/wp-content\/uploads\/2023\/01\/crack-cocaine.jpg\" \/>\n\t<meta property=\"og:image:width\" content=\"600\" \/>\n\t<meta property=\"og:image:height\" content=\"600\" \/>\n\t<meta property=\"og:image:type\" content=\"image\/jpeg\" \/>\n<meta name=\"twitter:card\" content=\"summary_large_image\" \/>\n<meta name=\"twitter:label1\" content=\"Dur\u00e9e de lecture estim\u00e9e\" \/>\n\t<meta name=\"twitter:data1\" content=\"3 minutes\" \/>\n<!-- \/ Yoast SEO plugin. -->","yoast_head_json":{"title":"Acheter de la coca\u00efne crack en ligne - Coca\u00efne crack \u00e0 vendre en ligne","description":"Vous recherchez la meilleure qualit\u00e9 de coca\u00efne crack \u00e0 vendre en vrac? Ici, vous pouvez acheter du crack en ligne avec la plus grande puret\u00e9 au meilleur prix. Commandez maintenant!","robots":{"index":"index","follow":"follow","max-snippet":"max-snippet:-1","max-image-preview":"max-image-preview:large","max-video-preview":"max-video-preview:-1"},"canonical":"https:\/\/narcopowders.com\/fr\/produit\/crack-cocaine\/","og_locale":"fr_FR","og_type":"article","og_title":"Buy Crack Cocaine Online - Crack Cocaine for Sale Online","og_description":"Looking for the best quality crack cocaine for sale in bulk quantity? At here, you can buy crack cocaine online with highest purity at the best price. Order Now!","og_url":"https:\/\/narcopowders.com\/fr\/produit\/crack-cocaine\/","og_site_name":"Narco Powders","article_modified_time":"2025-03-25T11:59:16+00:00","og_image":[{"width":600,"height":600,"url":"https:\/\/narcopowders.com\/wp-content\/uploads\/2023\/01\/crack-cocaine.jpg","type":"image\/jpeg"}],"twitter_card":"summary_large_image","twitter_misc":{"Dur\u00e9e de lecture estim\u00e9e":"3 minutes"},"schema":{"@context":"https:\/\/schema.org","@graph":[{"@type":"WebPage","@id":"https:\/\/narcopowders.com\/product\/crack-cocaine\/","url":"https:\/\/narcopowders.com\/product\/crack-cocaine\/","name":"Acheter de la coca\u00efne crack en ligne - Coca\u00efne crack \u00e0 vendre en ligne","isPartOf":{"@id":"https:\/\/narcopowders.com\/#website"},"primaryImageOfPage":{"@id":"https:\/\/narcopowders.com\/product\/crack-cocaine\/#primaryimage"},"image":{"@id":"https:\/\/narcopowders.com\/product\/crack-cocaine\/#primaryimage"},"thumbnailUrl":"https:\/\/narcopowders.com\/wp-content\/uploads\/2023\/01\/crack-cocaine.jpg","datePublished":"2023-01-02T10:01:34+00:00","dateModified":"2025-03-25T11:59:16+00:00","description":"Vous recherchez la meilleure qualit\u00e9 de coca\u00efne crack \u00e0 vendre en vrac? Ici, vous pouvez acheter du crack en ligne avec la plus grande puret\u00e9 au meilleur prix. Commandez maintenant!","breadcrumb":{"@id":"https:\/\/narcopowders.com\/product\/crack-cocaine\/#breadcrumb"},"inLanguage":"fr-FR","potentialAction":[{"@type":"ReadAction","target":["https:\/\/narcopowders.com\/product\/crack-cocaine\/"]}]},{"@type":"ImageObject","inLanguage":"fr-FR","@id":"https:\/\/narcopowders.com\/product\/crack-cocaine\/#primaryimage","url":"https:\/\/narcopowders.com\/wp-content\/uploads\/2023\/01\/crack-cocaine.jpg","contentUrl":"https:\/\/narcopowders.com\/wp-content\/uploads\/2023\/01\/crack-cocaine.jpg","width":600,"height":600,"caption":"Buy Crack Cocaine Online"},{"@type":"BreadcrumbList","@id":"https:\/\/narcopowders.com\/product\/crack-cocaine\/#breadcrumb","itemListElement":[{"@type":"ListItem","position":1,"name":"Home","item":"https:\/\/narcopowders.com\/"},{"@type":"ListItem","position":2,"name":"Shop Page","item":"https:\/\/narcopowders.com\/shop\/"},{"@type":"ListItem","position":3,"name":"Buy Crack Cocaine Online"}]},{"@type":"WebSite","@id":"https:\/\/narcopowders.com\/#website","url":"https:\/\/narcopowders.com\/","name":"Poudres Narco","description":"Mon blog WordPress","potentialAction":[{"@type":"SearchAction","target":{"@type":"EntryPoint","urlTemplate":"https:\/\/narcopowders.com\/?s={search_term_string}"},"query-input":{"@type":"PropertyValueSpecification","valueRequired":true,"valueName":"search_term_string"}}],"inLanguage":"fr-FR"}]}},"_links":{"self":[{"href":"https:\/\/narcopowders.com\/fr\/wp-json\/wp\/v2\/product\/19099","targetHints":{"allow":["GET"]}}],"collection":[{"href":"https:\/\/narcopowders.com\/fr\/wp-json\/wp\/v2\/product"}],"about":[{"href":"https:\/\/narcopowders.com\/fr\/wp-json\/wp\/v2\/types\/product"}],"replies":[{"embeddable":true,"href":"https:\/\/narcopowders.com\/fr\/wp-json\/wp\/v2\/comments?post=19099"}],"wp:featuredmedia":[{"embeddable":true,"href":"https:\/\/narcopowders.com\/fr\/wp-json\/wp\/v2\/media\/19114"}],"wp:attachment":[{"href":"https:\/\/narcopowders.com\/fr\/wp-json\/wp\/v2\/media?parent=19099"}],"wp:term":[{"taxonomy":"product_brand","embeddable":true,"href":"https:\/\/narcopowders.com\/fr\/wp-json\/wp\/v2\/product_brand?post=19099"},{"taxonomy":"product_cat","embeddable":true,"href":"https:\/\/narcopowders.com\/fr\/wp-json\/wp\/v2\/product_cat?post=19099"},{"taxonomy":"product_tag","embeddable":true,"href":"https:\/\/narcopowders.com\/fr\/wp-json\/wp\/v2\/product_tag?post=19099"}],"curies":[{"name":"wp","href":"https:\/\/api.w.org\/{rel}","templated":true}]}}