{"id":19100,"date":"2023-01-02T10:08:30","date_gmt":"2023-01-02T10:08:30","guid":{"rendered":"https:\/\/nembutalhouse.com\/narco\/?post_type=product&#038;p=19100"},"modified":"2025-03-25T11:39:49","modified_gmt":"2025-03-25T11:39:49","slug":"bolivia-cocaine","status":"publish","type":"product","link":"https:\/\/narcopowders.com\/fr\/produit\/bolivie-cocaine\/","title":{"rendered":"Bolivie Coca\u00efne"},"content":{"rendered":"<h2 style=\"text-align: justify;\">Acheter de la coca\u00efne bolivienne en ligne<\/h2>\n<p style=\"text-align: justify;\">La coca\u00efne est l'une des drogues les plus populaires au monde et la Bolivie est l'un des plus grands producteurs de coca au monde. Vous cherchez le meilleur endroit pour\u00a0<a href=\"https:\/\/narcopowders.com\/fr\/produit\/bolivie-cocaine\/\"><strong>acheter de la coca\u00efne bolivienne en ligne<\/strong><\/a>? Ne cherchez pas plus loin que <a href=\"https:\/\/narcopowders.com\/fr\/\">Poudres Narco<\/a>! Nous offrons la plus haute qualit\u00e9\u00a0<a href=\"https:\/\/en.wikipedia.org\/wiki\/Cocaine\"><strong>Coca\u00efne bolivienne en ligne<\/strong><\/a>\u00a0aux prix les plus comp\u00e9titifs.<\/p>\n<h3 style=\"text-align: justify;\">Comment la coca\u00efne bolivienne est-elle fabriqu\u00e9e ?<\/h3>\n<p style=\"text-align: justify;\">La coca\u00efne bolivienne est d\u00e9riv\u00e9e de la plante de coca et est g\u00e9n\u00e9ralement vendue sur le march\u00e9 noir. Le processus de fabrication\u00a0<strong><a href=\"https:\/\/www.google.com\/search?q=Buy+Bolivia+Cocaine+Online&amp;sca_esv=7d1b82273738a5db&amp;sxsrf=AHTn8zolrVeV-fQwrnIjqKaeJlc-zvbm8w%3A1742900876467&amp;ei=jI7iZ-KcHKimseMP3fXz-Ac&amp;ved=0ahUKEwjikvvci6WMAxUoU2wGHd36HH8Q4dUDCA8&amp;uact=5&amp;oq=Buy+Bolivia+Cocaine+Online&amp;gs_lp=Egxnd3Mtd2l6LXNlcnAiGkJ1eSBCb2xpdmlhIENvY2FpbmUgT25saW5lSKMUUKwBWKwBcAF4AZABAJgBzwGgAZsFqgEFMC4zLjG4AQPIAQD4AQL4AQGYAgGgAkfCAgoQABiwAxjWBBhHmAMAiAYBkAYIkgcBMaAHtAayBwC4BwA&amp;sclient=gws-wiz-serp\">Bolivie coca\u00efne \u00e0 vendre<\/a>\u00a0<\/strong>implique un certain nombre d'\u00e9tapes, y compris le traitement chimique et le m\u00e9lange. Pour commencer, les feuilles de coca sont broy\u00e9es et s\u00e9ch\u00e9es. La poudre de coca\u00efne est ensuite extraite de ces feuilles et est souvent vendue au march\u00e9 noir. La coca\u00efne bolivienne provenant de magasins r\u00e9put\u00e9s comme Narco Powders peut \u00eatre sniff\u00e9e ou inject\u00e9e, et elle est g\u00e9n\u00e9ralement r\u00e9glement\u00e9e par le gouvernement bolivien.<\/p>\n<h3 style=\"text-align: justify;\">Avantages de la coca\u00efne bolivienne<\/h3>\n<p style=\"text-align: justify;\">Si vous recherchez un high qui vous procurera une sensation d\u2019euphorie et d\u2019\u00e9nergie, <a href=\"https:\/\/www.google.com\/search?q=Buy+Bolivia+Cocaine+Online&amp;sca_esv=7d1b82273738a5db&amp;sxsrf=AHTn8zolrVeV-fQwrnIjqKaeJlc-zvbm8w%3A1742900876467&amp;ei=jI7iZ-KcHKimseMP3fXz-Ac&amp;ved=0ahUKEwjikvvci6WMAxUoU2wGHd36HH8Q4dUDCA8&amp;uact=5&amp;oq=Buy+Bolivia+Cocaine+Online&amp;gs_lp=Egxnd3Mtd2l6LXNlcnAiGkJ1eSBCb2xpdmlhIENvY2FpbmUgT25saW5lSKMUUKwBWKwBcAF4AZABAJgBzwGgAZsFqgEFMC4zLjG4AQPIAQD4AQL4AQGYAgGgAkfCAgoQABiwAxjWBBhHmAMAiAYBkAYIkgcBMaAHtAayBwC4BwA&amp;sclient=gws-wiz-serp\">La coca\u00efne bolivienne est votre meilleure option<\/a>Si vous recherchez un high qui vous donnera un sentiment d'euphorie et d'\u00e9nergie, la coca\u00efne bolivienne est votre meilleur pari. La coca\u00efne bolivienne peut aider \u00e0 soulager les sympt\u00f4mes de maladies telles que le TDAH, la douleur chronique, l'anxi\u00e9t\u00e9 et la d\u00e9pression, ce qui en fait une option de traitement pr\u00e9cieuse pour de nombreuses personnes. En plus d'utiliser de la coca\u00efne en la reniflant, en la fumant ou en l'injectant dans le corps, vous pouvez \u00e9galement l'utiliser de diverses autres mani\u00e8res pour ressentir ses effets. Par exemple, m\u00e9langer de la coca\u00efne avec de l'alcool peut cr\u00e9er une soir\u00e9e puissante qui ne vous laissera pas somnolent le lendemain.<\/p>\n<p style=\"text-align: justify;\">Ce m\u00e9dicament puissant est fabriqu\u00e9 uniquement en Bolivie et est disponible en ligne sur Narco Powders. Non seulement il est pur et sans m\u00e9lange, mais le\u00a0<strong><a href=\"https:\/\/www.bing.com\/search?q=Buy%20Bolivia%20Cocaine%20Online&amp;qs=n&amp;form=QBRE&amp;sp=-1&amp;lq=0&amp;pq=buy%20bolivia%20cocaine%20online&amp;sc=0-26&amp;sk=&amp;cvid=C257DDF1FD2944CFBD7F95C69A143FEA&amp;ghsh=0&amp;ghacc=0&amp;ghpl=\">Prix \u200b\u200bde la coca\u00efne en Bolivie<\/a>\u00a0<\/strong>est abordable, m\u00eame inf\u00e9rieur \u00e0 certaines drogues illicites. De plus, des options de livraison dans le monde entier sont disponibles, vous pouvez donc <strong><a href=\"https:\/\/duckduckgo.com\/?q=Buy+Bolivia+Cocaine+Online&amp;t=h_&amp;ia=web\">commander de la coca\u00efne Bolivie en ligne<\/a>\u00a0<\/strong>de partout.<\/p>\n<h3 style=\"text-align: justify;\">Effets secondaires de la coca\u00efne bolivienne<\/h3>\n<p style=\"text-align: justify;\"><a href=\"https:\/\/www.bing.com\/search?q=Buy%20Bolivia%20Cocaine%20Online&amp;qs=n&amp;form=QBRE&amp;sp=-1&amp;lq=0&amp;pq=buy%20bolivia%20cocaine%20online&amp;sc=0-26&amp;sk=&amp;cvid=C257DDF1FD2944CFBD7F95C69A143FEA&amp;ghsh=0&amp;ghacc=0&amp;ghpl=\">La coca\u00efne bolivienne peut avoir divers effets secondaires<\/a> La coca\u00efne bolivienne peut avoir divers effets secondaires sur les fonctions et les syst\u00e8mes du corps. Ces effets peuvent aller de l\u00e9gers \u00e0 potentiellement mortels, et ils peuvent survenir \u00e0 tout moment pendant l'utilisation ou apr\u00e8s l'arr\u00eat. Certains des effets secondaires les plus courants de la consommation de coca\u00efne bolivienne comprennent une anxi\u00e9t\u00e9 accrue, des attaques de panique, une fr\u00e9quence cardiaque rapide, la parano\u00efa, des hallucinations, des convulsions, un risque d'accident vasculaire c\u00e9r\u00e9bral, une pression art\u00e9rielle \u00e9lev\u00e9e et une d\u00e9pendance. Bien que ce soient toutes des cons\u00e9quences graves qui ne doivent pas \u00eatre prises \u00e0 la l\u00e9g\u00e8re, ce ne sont pas les seuls risques associ\u00e9s \u00e0 l'utilisation de ce m\u00e9dicament. La coca\u00efne bolivienne pr\u00e9sente \u00e9galement un potentiel de d\u00e9pendance et de d\u00e9ficience cognitive et physique \u00e0 long terme si elle est consomm\u00e9e r\u00e9guli\u00e8rement au fil du temps.<\/p>\n<h3 style=\"text-align: justify;\">O\u00f9 acheter de la coca\u00efne bolivienne en ligne\u00a0?<\/h3>\n<p style=\"text-align: justify;\">Lorsque vous choisissez de\u00a0<a href=\"https:\/\/duckduckgo.com\/?q=Buy+Bolivia+Cocaine+Online&amp;t=h_&amp;ia=web\"><strong>acheter de la coca\u00efne bolivienne en ligne<\/strong><\/a>, il y a beaucoup d'avantages \u00e0 choisir Narco Powders comme source. Nous nous engageons \u00e0 fournir des produits de coca\u00efne de qualit\u00e9 \u00e0 un prix abordable. Tous les produits sur notre site Web sont livr\u00e9s en toute s\u00e9curit\u00e9 et en toute s\u00e9curit\u00e9 - personne ne peut voler vos m\u00e9dicaments pendant qu'ils sont en transit. En plus de cela, il existe une vari\u00e9t\u00e9 d'autres produits de coca\u00efne de qualit\u00e9 disponibles, y compris le crack, la coca\u00efne en poudre, la coca\u00efne mexicaine, etc.<\/p>","protected":false},"excerpt":{"rendered":"<p>Buy Bolivia Cocaine Online Cocaine is one of the most popular drugs in the world, and Bolivia is one of the largest producers of coca in the world. Are you looking for the best place to\u00a0buy Bolivian cocaine online? Look no further than Narco Powders! We offer the highest quality\u00a0Bolivian cocaine online\u00a0at the most competitive [&hellip;]<\/p>","protected":false},"featured_media":19142,"comment_status":"open","ping_status":"closed","template":"","meta":{"_joinchat":[]},"product_brand":[],"product_cat":[1179],"product_tag":[1202,1196,1204,1198,1197,1205,1208,1209,1207,1199,1210,1203,1211,1200,1206,1201],"class_list":{"0":"post-19100","1":"product","2":"type-product","3":"status-publish","4":"has-post-thumbnail","6":"product_cat-buy-cocaine-online","7":"product_tag-benefits-of-bolivia-cocaine","8":"product_tag-best-place-to-order-bolivia-cocaine","9":"product_tag-bolivia-cocaine-for-sale","10":"product_tag-bolivia-cocaine-price","11":"product_tag-bolivia-cocaine-wholesale","12":"product_tag-buy-bolivia-cocaine-legally","13":"product_tag-buy-bolivia-cocaine-online-australia","14":"product_tag-buy-bolivia-cocaine-online-near-me","15":"product_tag-buy-bolivia-cocaine-online-usa","16":"product_tag-cheap-bolivia-cocaine","17":"product_tag-how-can-i-get-the-best-bolivia-cocaine","18":"product_tag-how-to-order-bolivia-cocaine","19":"product_tag-legit-bolivia-cocaine-online","20":"product_tag-what-is-bolivia-cocaine","21":"product_tag-where-can-i-buy-bolivia-cocaine","22":"product_tag-where-to-buy-bolivia-cocaine","24":"first","25":"instock","26":"shipping-taxable","27":"purchasable","28":"product-type-variable","29":"add-to-wishlist-after_add_to_cart"},"yoast_head":"<!-- This site is optimized with the Yoast SEO plugin v25.9 - https:\/\/yoast.com\/wordpress\/plugins\/seo\/ -->\n<title>Buy Bolivia Cocaine Online - Bolivia Cocaine for Sale | NarcoPowders<\/title>\n<meta name=\"description\" content=\"You can buy bolivia cocaine online from the leading supplier. We offer pure bolivia cocaine for sale with the highest quality and at reasonable prices. Order now!\" \/>\n<meta name=\"robots\" content=\"index, follow, max-snippet:-1, max-image-preview:large, max-video-preview:-1\" \/>\n<link rel=\"canonical\" href=\"https:\/\/narcopowders.com\/fr\/produit\/bolivie-cocaine\/\" \/>\n<meta property=\"og:locale\" content=\"fr_FR\" \/>\n<meta property=\"og:type\" content=\"article\" \/>\n<meta property=\"og:title\" content=\"Buy Bolivia Cocaine Online - Bolivia Cocaine for Sale | NarcoPowders\" \/>\n<meta property=\"og:description\" content=\"You can buy bolivia cocaine online from the leading supplier. We offer pure bolivia cocaine for sale with the highest quality and at reasonable prices. Order now!\" \/>\n<meta property=\"og:url\" content=\"https:\/\/narcopowders.com\/fr\/produit\/bolivie-cocaine\/\" \/>\n<meta property=\"og:site_name\" content=\"Narco Powders\" \/>\n<meta property=\"article:modified_time\" content=\"2025-03-25T11:39:49+00:00\" \/>\n<meta property=\"og:image\" content=\"https:\/\/narcopowders.com\/wp-content\/uploads\/2023\/01\/bolivia-cocaine.jpg\" \/>\n\t<meta property=\"og:image:width\" content=\"600\" \/>\n\t<meta property=\"og:image:height\" content=\"600\" \/>\n\t<meta property=\"og:image:type\" content=\"image\/jpeg\" \/>\n<meta name=\"twitter:card\" content=\"summary_large_image\" \/>\n<meta name=\"twitter:label1\" content=\"Dur\u00e9e de lecture estim\u00e9e\" \/>\n\t<meta name=\"twitter:data1\" content=\"3 minutes\" \/>\n<!-- \/ Yoast SEO plugin. -->","yoast_head_json":{"title":"Acheter de la coca\u00efne bolivienne en ligne - Coca\u00efne bolivienne \u00e0 vendre | Narcopoudres","description":"Vous pouvez acheter de la coca\u00efne bolivienne en ligne aupr\u00e8s du principal fournisseur. Nous proposons \u00e0 la vente de la coca\u00efne bolivienne pure de la plus haute qualit\u00e9 et \u00e0 des prix raisonnables. Commandez maintenant!","robots":{"index":"index","follow":"follow","max-snippet":"max-snippet:-1","max-image-preview":"max-image-preview:large","max-video-preview":"max-video-preview:-1"},"canonical":"https:\/\/narcopowders.com\/fr\/produit\/bolivie-cocaine\/","og_locale":"fr_FR","og_type":"article","og_title":"Buy Bolivia Cocaine Online - Bolivia Cocaine for Sale | NarcoPowders","og_description":"You can buy bolivia cocaine online from the leading supplier. We offer pure bolivia cocaine for sale with the highest quality and at reasonable prices. Order now!","og_url":"https:\/\/narcopowders.com\/fr\/produit\/bolivie-cocaine\/","og_site_name":"Narco Powders","article_modified_time":"2025-03-25T11:39:49+00:00","og_image":[{"width":600,"height":600,"url":"https:\/\/narcopowders.com\/wp-content\/uploads\/2023\/01\/bolivia-cocaine.jpg","type":"image\/jpeg"}],"twitter_card":"summary_large_image","twitter_misc":{"Dur\u00e9e de lecture estim\u00e9e":"3 minutes"},"schema":{"@context":"https:\/\/schema.org","@graph":[{"@type":"WebPage","@id":"https:\/\/narcopowders.com\/product\/bolivia-cocaine\/","url":"https:\/\/narcopowders.com\/product\/bolivia-cocaine\/","name":"Acheter de la coca\u00efne bolivienne en ligne - Coca\u00efne bolivienne \u00e0 vendre | Narcopoudres","isPartOf":{"@id":"https:\/\/narcopowders.com\/#website"},"primaryImageOfPage":{"@id":"https:\/\/narcopowders.com\/product\/bolivia-cocaine\/#primaryimage"},"image":{"@id":"https:\/\/narcopowders.com\/product\/bolivia-cocaine\/#primaryimage"},"thumbnailUrl":"https:\/\/narcopowders.com\/wp-content\/uploads\/2023\/01\/bolivia-cocaine.jpg","datePublished":"2023-01-02T10:08:30+00:00","dateModified":"2025-03-25T11:39:49+00:00","description":"Vous pouvez acheter de la coca\u00efne bolivienne en ligne aupr\u00e8s du principal fournisseur. Nous proposons \u00e0 la vente de la coca\u00efne bolivienne pure de la plus haute qualit\u00e9 et \u00e0 des prix raisonnables. Commandez maintenant!","breadcrumb":{"@id":"https:\/\/narcopowders.com\/product\/bolivia-cocaine\/#breadcrumb"},"inLanguage":"fr-FR","potentialAction":[{"@type":"ReadAction","target":["https:\/\/narcopowders.com\/product\/bolivia-cocaine\/"]}]},{"@type":"ImageObject","inLanguage":"fr-FR","@id":"https:\/\/narcopowders.com\/product\/bolivia-cocaine\/#primaryimage","url":"https:\/\/narcopowders.com\/wp-content\/uploads\/2023\/01\/bolivia-cocaine.jpg","contentUrl":"https:\/\/narcopowders.com\/wp-content\/uploads\/2023\/01\/bolivia-cocaine.jpg","width":600,"height":600,"caption":"Buy Bolivia Cocaine Online"},{"@type":"BreadcrumbList","@id":"https:\/\/narcopowders.com\/product\/bolivia-cocaine\/#breadcrumb","itemListElement":[{"@type":"ListItem","position":1,"name":"Home","item":"https:\/\/narcopowders.com\/"},{"@type":"ListItem","position":2,"name":"Shop Page","item":"https:\/\/narcopowders.com\/shop\/"},{"@type":"ListItem","position":3,"name":"Bolivia Cocaine"}]},{"@type":"WebSite","@id":"https:\/\/narcopowders.com\/#website","url":"https:\/\/narcopowders.com\/","name":"Poudres Narco","description":"Mon blog WordPress","potentialAction":[{"@type":"SearchAction","target":{"@type":"EntryPoint","urlTemplate":"https:\/\/narcopowders.com\/?s={search_term_string}"},"query-input":{"@type":"PropertyValueSpecification","valueRequired":true,"valueName":"search_term_string"}}],"inLanguage":"fr-FR"}]}},"_links":{"self":[{"href":"https:\/\/narcopowders.com\/fr\/wp-json\/wp\/v2\/product\/19100","targetHints":{"allow":["GET"]}}],"collection":[{"href":"https:\/\/narcopowders.com\/fr\/wp-json\/wp\/v2\/product"}],"about":[{"href":"https:\/\/narcopowders.com\/fr\/wp-json\/wp\/v2\/types\/product"}],"replies":[{"embeddable":true,"href":"https:\/\/narcopowders.com\/fr\/wp-json\/wp\/v2\/comments?post=19100"}],"wp:featuredmedia":[{"embeddable":true,"href":"https:\/\/narcopowders.com\/fr\/wp-json\/wp\/v2\/media\/19142"}],"wp:attachment":[{"href":"https:\/\/narcopowders.com\/fr\/wp-json\/wp\/v2\/media?parent=19100"}],"wp:term":[{"taxonomy":"product_brand","embeddable":true,"href":"https:\/\/narcopowders.com\/fr\/wp-json\/wp\/v2\/product_brand?post=19100"},{"taxonomy":"product_cat","embeddable":true,"href":"https:\/\/narcopowders.com\/fr\/wp-json\/wp\/v2\/product_cat?post=19100"},{"taxonomy":"product_tag","embeddable":true,"href":"https:\/\/narcopowders.com\/fr\/wp-json\/wp\/v2\/product_tag?post=19100"}],"curies":[{"name":"wp","href":"https:\/\/api.w.org\/{rel}","templated":true}]}}