{"id":19143,"date":"2023-01-02T10:32:03","date_gmt":"2023-01-02T10:32:03","guid":{"rendered":"https:\/\/nembutalhouse.com\/narco\/?post_type=product&#038;p=19143"},"modified":"2025-03-25T12:12:25","modified_gmt":"2025-03-25T12:12:25","slug":"mexican-cocaine","status":"publish","type":"product","link":"https:\/\/narcopowders.com\/fr\/produit\/mexicain-cocaine\/","title":{"rendered":"Coca\u00efne mexicaine"},"content":{"rendered":"<h2 style=\"text-align: justify;\">Acheter de la coca\u00efne mexicaine en ligne<\/h2>\n<p style=\"text-align: justify;\"><a href=\"https:\/\/narcopowders.com\/fr\/produit\/mexicain-cocaine\/\">Acheter de la coca\u00efne mexicaine en ligne<\/a> peut \u00eatre un moyen pratique et s\u00fbr de se procurer de la drogue sans passer par des dealers ou le march\u00e9 noir local. Alors, si vous cherchez \u00e0 <a href=\"https:\/\/en.wikipedia.org\/wiki\/Cocaine\">acheter de la coca\u00efne mexicaine<\/a> mais je ne sais pas par o\u00f9 commencer, commandez-le simplement sur <a href=\"https:\/\/narcopowders.com\/fr\/\">Poudres Narco<\/a> livr\u00e9 \u00e0 votre porte<\/p>\n<h3 style=\"text-align: justify;\">Comment est fabriqu\u00e9e la coca\u00efne mexicaine ?<\/h3>\n<p style=\"text-align: justify;\">En ce qui concerne la coca\u00efne, il existe deux principaux types : <a href=\"https:\/\/www.google.com\/search?q=Buy+Mexican+Cocaine+Online&amp;sca_esv=7d1b82273738a5db&amp;sxsrf=AHTn8zrOEJcwDVhvBE3s-JXt16XoqfXjWA%3A1742903734929&amp;ei=tpniZ5a-OPuPseMPtLbd2Qk&amp;ved=0ahUKEwiW8f2vlqWMAxX7R2wGHTRbN5sQ4dUDCA8&amp;uact=5&amp;oq=Buy+Mexican+Cocaine+Online&amp;gs_lp=Egxnd3Mtd2l6LXNlcnAiGkJ1eSBNZXhpY2FuIENvY2FpbmUgT25saW5lSMcKUMICWMICcAF4AJABAJgB4gGgAeIBqgEDMi0xuAEDyAEA-AEB-AECmAIBoAImqAIRwgIHECMYJxjqAsICFBAAGIAEGJECGLQCGIoFGOoC2AEBwgIUEAAYgAQY4wQYtAIY6QQY6gLYAQHCAhAQABgDGLQCGOoCGI8B2AEBmAMm8QXTO8dKiwwkxLoGBggBEAEYAZIHATGgB1ayBwC4BwA&amp;sclient=gws-wiz-serp\">Colombian and Mexican<\/a>En ce qui concerne la coca\u00efne, il existe deux types principaux : colombien et mexicain. La coca\u00efne mexicaine est fabriqu\u00e9e \u00e0 partir de feuilles de coca ou de graines de pavot, tandis que la coca\u00efne colombienne est fabriqu\u00e9e \u00e0 partir des feuilles du coca\u00efer africain.<\/p>\n<p style=\"text-align: justify;\">Le processus de fabrication de la coca\u00efne mexicaine est un peu plus compliqu\u00e9 que celui de la coca\u00efne colombienne. Tout d'abord, les feuilles de coca sont s\u00e9ch\u00e9es puis broy\u00e9es en poudre. Cette poudre est ensuite m\u00e9lang\u00e9e avec de l'eau et d'autres ingr\u00e9dients, tels que du sucre et du sel, pour cr\u00e9er une bouillie. Le m\u00e9lange est ensuite bouilli jusqu'\u00e0 ce qu'il forme une p\u00e2te \u00e9paisse qui peut \u00eatre fa\u00e7onn\u00e9e en comprim\u00e9s ou en blocs.<\/p>\n<p style=\"text-align: justify;\">La coca\u00efne mexicaine est souvent trait\u00e9e de diff\u00e9rentes mani\u00e8res. La coca\u00efne mexicaine peut \u00eatre dissoute dans des solvants avant d'\u00eatre inject\u00e9e ou fum\u00e9e.<\/p>\n<p style=\"text-align: justify;\">Lorsque vous d\u00e9cidez de\u00a0<a href=\"https:\/\/www.google.com\/search?q=Buy+Mexican+Cocaine+Online&amp;sca_esv=7d1b82273738a5db&amp;sxsrf=AHTn8zrOEJcwDVhvBE3s-JXt16XoqfXjWA%3A1742903734929&amp;ei=tpniZ5a-OPuPseMPtLbd2Qk&amp;ved=0ahUKEwiW8f2vlqWMAxX7R2wGHTRbN5sQ4dUDCA8&amp;uact=5&amp;oq=Buy+Mexican+Cocaine+Online&amp;gs_lp=Egxnd3Mtd2l6LXNlcnAiGkJ1eSBNZXhpY2FuIENvY2FpbmUgT25saW5lSMcKUMICWMICcAF4AJABAJgB4gGgAeIBqgEDMi0xuAEDyAEA-AEB-AECmAIBoAImqAIRwgIHECMYJxjqAsICFBAAGIAEGJECGLQCGIoFGOoC2AEBwgIUEAAYgAQY4wQYtAIY6QQY6gLYAQHCAhAQABgDGLQCGOoCGI8B2AEBmAMm8QXTO8dKiwwkxLoGBggBEAEYAZIHATGgB1ayBwC4BwA&amp;sclient=gws-wiz-serp\"><strong>commander de la coca\u00efne mexicaine en ligne<\/strong><\/a> de Narco Powders, suivez les pr\u00e9cautions de s\u00e9curit\u00e9 indiqu\u00e9es sur le site Web. Par exemple, utilisez toujours des aiguilles propres et \u00e9vitez d'injecter le m\u00e9dicament dans des plaies ouvertes, car cela pourrait entra\u00eener une infection et d'autres probl\u00e8mes de sant\u00e9. De plus, utilisez toujours la pr\u00e9vention lorsque vous vous engagez dans des activit\u00e9s sexuelles avec quelqu'un qui a utilis\u00e9\u00a0<a href=\"https:\/\/www.bing.com\/search?q=Buy%20Mexican%20Cocaine%20Online&amp;qs=n&amp;form=QBRE&amp;sp=-1&amp;lq=0&amp;pq=buy%20mexican%20cocaine%20online&amp;sc=0-26&amp;sk=&amp;cvid=30445049258541C1B95213C1128F1914&amp;ghsh=0&amp;ghacc=0&amp;ghpl=\"><strong>Coca\u00efne mexicaine en ligne<\/strong><\/a>\u00a0r\u00e9cemment.<\/p>\n<h3 style=\"text-align: justify;\">Avantages de la coca\u00efne mexicaine<\/h3>\n<p style=\"text-align: justify;\"><a href=\"https:\/\/www.bing.com\/search?q=Buy%20Mexican%20Cocaine%20Online&amp;qs=n&amp;form=QBRE&amp;sp=-1&amp;lq=0&amp;pq=buy%20mexican%20cocaine%20online&amp;sc=0-26&amp;sk=&amp;cvid=30445049258541C1B95213C1128F1914&amp;ghsh=0&amp;ghacc=0&amp;ghpl=\">Mexican cocaine<\/a> La coca\u00efne mexicaine est l'une des formes de coca\u00efne les plus populaires sur le march\u00e9. Il a un effet fort et durable, est la meilleure qualit\u00e9 disponible et est livr\u00e9 avec une coupe parfaite. De plus, la coca\u00efne mexicaine est moins susceptible de contenir des impuret\u00e9s ou des adult\u00e9rants que les autres types de coca\u00efne. Cela signifie qu'il est plus facile \u00e0 utiliser et prend moins de temps \u00e0 produire. Enfin, la coca\u00efne mexicaine peut \u00eatre stock\u00e9e pendant une longue p\u00e9riode sans se d\u00e9grader ni devenir inutilisable, ce qui en fait un choix id\u00e9al pour ceux qui ont besoin de stup\u00e9fiants en d\u00e9placement.<\/p>\n<h3 style=\"text-align: justify;\">Effets secondaires de la coca\u00efne mexicaine<\/h3>\n<p style=\"text-align: justify;\"><a href=\"https:\/\/duckduckgo.com\/?q=Buy+Mexican+Cocaine+Online&amp;t=h_&amp;ia=web\">La coca\u00efne mexicaine est une drogue puissante et addictive<\/a> La coca\u00efne mexicaine est une drogue puissante et addictive qui peut avoir de graves effets secondaires. Comme pour toute d\u00e9pendance, la consommation r\u00e9guli\u00e8re de coca\u00efne mexicaine peut entra\u00eener une acc\u00e9l\u00e9ration du rythme cardiaque, de la transpiration et des pupilles dilat\u00e9es. Dans les cas extr\u00eames, des naus\u00e9es, de l'anxi\u00e9t\u00e9, des plaies dans la bouche et des convulsions peuvent survenir. La d\u00e9pendance physique est un risque potentiel li\u00e9 \u00e0 l'utilisation de ce m\u00e9dicament, veillez donc \u00e0 ne pas d\u00e9passer les doses recommand\u00e9es.<\/p>\n<h3 style=\"text-align: justify;\">O\u00f9 acheter de la coca\u00efne mexicaine en ligne\u00a0?<\/h3>\n<p style=\"text-align: justify;\">Lorsque vous recherchez de la qualit\u00e9\u00a0<a href=\"https:\/\/duckduckgo.com\/?q=Buy+Mexican+Cocaine+Online&amp;t=h_&amp;ia=web\"><strong>Coca\u00efne mexicaine \u00e0 vendre<\/strong><\/a>, il n'y a pas de meilleur endroit o\u00f9 se tourner que Narco Powders. Ici, vous trouverez toutes les vari\u00e9t\u00e9s de coca\u00efne mexicaine, de la poudre blanche au crack. Gr\u00e2ce \u00e0 notre grande vari\u00e9t\u00e9 de produits, vous \u00eates assur\u00e9 de trouver le bon grade et le bon type de coca\u00efne pour vos besoins. De plus, nous offrons une large gamme d'options de paiement, y compris les virements \u00e9lectroniques et le bitcoin, afin que vous puissiez acheter des m\u00e9dicaments en toute s\u00e9curit\u00e9 et tranquillit\u00e9 d'esprit.<\/p>","protected":false},"excerpt":{"rendered":"<p>Buy Mexican Cocaine Online Buying Mexican cocaine online can be a convenient and safe way to get the drug without the hassle of having to go through dealers or the local black market. So, if you are looking to buy Mexican cocaine but don&#8217;t know where to start, just order it on Narco Powders and [&hellip;]<\/p>","protected":false},"featured_media":19197,"comment_status":"open","ping_status":"closed","template":"","meta":{"_joinchat":[]},"product_brand":[],"product_cat":[1179],"product_tag":[1282,1276,1285,1288,1289,1287,1279,1290,1283,1291,1284,1278,1277,1280,1286,1281],"class_list":{"0":"post-19143","1":"product","2":"type-product","3":"status-publish","4":"has-post-thumbnail","6":"product_cat-buy-cocaine-online","7":"product_tag-benefits-of-mexican-cocaine","8":"product_tag-best-place-to-order-mexican-cocaine","9":"product_tag-buy-mexican-cocaine-legally","10":"product_tag-buy-mexican-cocaine-online-australia","11":"product_tag-buy-mexican-cocaine-online-near-me","12":"product_tag-buy-mexican-cocaine-online-usa","13":"product_tag-cheap-mexican-cocaine","14":"product_tag-how-can-i-get-the-best-mexican-cocaine","15":"product_tag-how-to-order-mexican-cocaine","16":"product_tag-legit-mexican-cocaine-online","17":"product_tag-mexican-cocaine-for-sale","18":"product_tag-mexican-cocaine-price","19":"product_tag-mexican-cocaine-wholesale","20":"product_tag-what-is-mexican-cocaine","21":"product_tag-where-can-i-buy-mexican-cocaine","22":"product_tag-where-to-buy-mexican-cocaine","24":"first","25":"instock","26":"shipping-taxable","27":"purchasable","28":"product-type-variable","29":"add-to-wishlist-after_add_to_cart"},"yoast_head":"<!-- This site is optimized with the Yoast SEO plugin v25.9 - https:\/\/yoast.com\/wordpress\/plugins\/seo\/ -->\n<title>Buy Mexican Cocaine Online - Mexican Cocaine for Sale Online<\/title>\n<meta name=\"description\" content=\"You can buy mexican cocaine online in bulk quantity at wholesale price here. Get the best purity mexican cocaine powder for sale. Order today!\" \/>\n<meta name=\"robots\" content=\"index, follow, max-snippet:-1, max-image-preview:large, max-video-preview:-1\" \/>\n<link rel=\"canonical\" href=\"https:\/\/narcopowders.com\/fr\/produit\/mexicain-cocaine\/\" \/>\n<meta property=\"og:locale\" content=\"fr_FR\" \/>\n<meta property=\"og:type\" content=\"article\" \/>\n<meta property=\"og:title\" content=\"Buy Mexican Cocaine Online - Mexican Cocaine for Sale Online\" \/>\n<meta property=\"og:description\" content=\"You can buy mexican cocaine online in bulk quantity at wholesale price here. Get the best purity mexican cocaine powder for sale. Order today!\" \/>\n<meta property=\"og:url\" content=\"https:\/\/narcopowders.com\/fr\/produit\/mexicain-cocaine\/\" \/>\n<meta property=\"og:site_name\" content=\"Narco Powders\" \/>\n<meta property=\"article:modified_time\" content=\"2025-03-25T12:12:25+00:00\" \/>\n<meta property=\"og:image\" content=\"https:\/\/narcopowders.com\/wp-content\/uploads\/2023\/01\/mexican-cocaine.jpg\" \/>\n\t<meta property=\"og:image:width\" content=\"600\" \/>\n\t<meta property=\"og:image:height\" content=\"600\" \/>\n\t<meta property=\"og:image:type\" content=\"image\/jpeg\" \/>\n<meta name=\"twitter:card\" content=\"summary_large_image\" \/>\n<meta name=\"twitter:label1\" content=\"Dur\u00e9e de lecture estim\u00e9e\" \/>\n\t<meta name=\"twitter:data1\" content=\"3 minutes\" \/>\n<!-- \/ Yoast SEO plugin. -->","yoast_head_json":{"title":"Acheter de la coca\u00efne mexicaine en ligne - Coca\u00efne mexicaine \u00e0 vendre en ligne","description":"Vous pouvez acheter de la coca\u00efne mexicaine en ligne en grande quantit\u00e9 au prix de gros ici. Obtenez la meilleure poudre de coca\u00efne mexicaine de puret\u00e9 \u00e0 vendre. Commandez aujourd'hui\u00a0!","robots":{"index":"index","follow":"follow","max-snippet":"max-snippet:-1","max-image-preview":"max-image-preview:large","max-video-preview":"max-video-preview:-1"},"canonical":"https:\/\/narcopowders.com\/fr\/produit\/mexicain-cocaine\/","og_locale":"fr_FR","og_type":"article","og_title":"Buy Mexican Cocaine Online - Mexican Cocaine for Sale Online","og_description":"You can buy mexican cocaine online in bulk quantity at wholesale price here. Get the best purity mexican cocaine powder for sale. Order today!","og_url":"https:\/\/narcopowders.com\/fr\/produit\/mexicain-cocaine\/","og_site_name":"Narco Powders","article_modified_time":"2025-03-25T12:12:25+00:00","og_image":[{"width":600,"height":600,"url":"https:\/\/narcopowders.com\/wp-content\/uploads\/2023\/01\/mexican-cocaine.jpg","type":"image\/jpeg"}],"twitter_card":"summary_large_image","twitter_misc":{"Dur\u00e9e de lecture estim\u00e9e":"3 minutes"},"schema":{"@context":"https:\/\/schema.org","@graph":[{"@type":"WebPage","@id":"https:\/\/narcopowders.com\/product\/mexican-cocaine\/","url":"https:\/\/narcopowders.com\/product\/mexican-cocaine\/","name":"Acheter de la coca\u00efne mexicaine en ligne - Coca\u00efne mexicaine \u00e0 vendre en ligne","isPartOf":{"@id":"https:\/\/narcopowders.com\/#website"},"primaryImageOfPage":{"@id":"https:\/\/narcopowders.com\/product\/mexican-cocaine\/#primaryimage"},"image":{"@id":"https:\/\/narcopowders.com\/product\/mexican-cocaine\/#primaryimage"},"thumbnailUrl":"https:\/\/narcopowders.com\/wp-content\/uploads\/2023\/01\/mexican-cocaine.jpg","datePublished":"2023-01-02T10:32:03+00:00","dateModified":"2025-03-25T12:12:25+00:00","description":"Vous pouvez acheter de la coca\u00efne mexicaine en ligne en grande quantit\u00e9 au prix de gros ici. Obtenez la meilleure poudre de coca\u00efne mexicaine de puret\u00e9 \u00e0 vendre. Commandez aujourd'hui\u00a0!","breadcrumb":{"@id":"https:\/\/narcopowders.com\/product\/mexican-cocaine\/#breadcrumb"},"inLanguage":"fr-FR","potentialAction":[{"@type":"ReadAction","target":["https:\/\/narcopowders.com\/product\/mexican-cocaine\/"]}]},{"@type":"ImageObject","inLanguage":"fr-FR","@id":"https:\/\/narcopowders.com\/product\/mexican-cocaine\/#primaryimage","url":"https:\/\/narcopowders.com\/wp-content\/uploads\/2023\/01\/mexican-cocaine.jpg","contentUrl":"https:\/\/narcopowders.com\/wp-content\/uploads\/2023\/01\/mexican-cocaine.jpg","width":600,"height":600,"caption":"Buy Mexican Cocaine Online"},{"@type":"BreadcrumbList","@id":"https:\/\/narcopowders.com\/product\/mexican-cocaine\/#breadcrumb","itemListElement":[{"@type":"ListItem","position":1,"name":"Home","item":"https:\/\/narcopowders.com\/"},{"@type":"ListItem","position":2,"name":"Shop Page","item":"https:\/\/narcopowders.com\/shop\/"},{"@type":"ListItem","position":3,"name":"Mexican Cocaine"}]},{"@type":"WebSite","@id":"https:\/\/narcopowders.com\/#website","url":"https:\/\/narcopowders.com\/","name":"Poudres Narco","description":"Mon blog WordPress","potentialAction":[{"@type":"SearchAction","target":{"@type":"EntryPoint","urlTemplate":"https:\/\/narcopowders.com\/?s={search_term_string}"},"query-input":{"@type":"PropertyValueSpecification","valueRequired":true,"valueName":"search_term_string"}}],"inLanguage":"fr-FR"}]}},"_links":{"self":[{"href":"https:\/\/narcopowders.com\/fr\/wp-json\/wp\/v2\/product\/19143","targetHints":{"allow":["GET"]}}],"collection":[{"href":"https:\/\/narcopowders.com\/fr\/wp-json\/wp\/v2\/product"}],"about":[{"href":"https:\/\/narcopowders.com\/fr\/wp-json\/wp\/v2\/types\/product"}],"replies":[{"embeddable":true,"href":"https:\/\/narcopowders.com\/fr\/wp-json\/wp\/v2\/comments?post=19143"}],"wp:featuredmedia":[{"embeddable":true,"href":"https:\/\/narcopowders.com\/fr\/wp-json\/wp\/v2\/media\/19197"}],"wp:attachment":[{"href":"https:\/\/narcopowders.com\/fr\/wp-json\/wp\/v2\/media?parent=19143"}],"wp:term":[{"taxonomy":"product_brand","embeddable":true,"href":"https:\/\/narcopowders.com\/fr\/wp-json\/wp\/v2\/product_brand?post=19143"},{"taxonomy":"product_cat","embeddable":true,"href":"https:\/\/narcopowders.com\/fr\/wp-json\/wp\/v2\/product_cat?post=19143"},{"taxonomy":"product_tag","embeddable":true,"href":"https:\/\/narcopowders.com\/fr\/wp-json\/wp\/v2\/product_tag?post=19143"}],"curies":[{"name":"wp","href":"https:\/\/api.w.org\/{rel}","templated":true}]}}