{"id":19144,"date":"2023-01-02T10:31:30","date_gmt":"2023-01-02T10:31:30","guid":{"rendered":"https:\/\/nembutalhouse.com\/narco\/?post_type=product&#038;p=19144"},"modified":"2025-03-25T12:01:17","modified_gmt":"2025-03-25T12:01:17","slug":"fishscale-cocaine","status":"publish","type":"product","link":"https:\/\/narcopowders.com\/fr\/produit\/ecailles-de-poisson-cocaine\/","title":{"rendered":"Acheter de la coca\u00efne Fishscale en ligne"},"content":{"rendered":"<h2 style=\"text-align: justify;\">Acheter de la coca\u00efne Fishscale en ligne<\/h2>\n<p style=\"text-align: justify;\"><a href=\"https:\/\/en.wikipedia.org\/wiki\/Cocaine\">Fishscale cocaine<\/a> La coca\u00efne Fishscale est l'une des formes les plus pures de coca\u00efne sur le march\u00e9 aujourd'hui et devient de plus en plus populaire aupr\u00e8s des utilisateurs \u00e0 la recherche d'un produit de haute qualit\u00e9. La coca\u00efne Fishscale a un effet plus fort que les formes traditionnelles de coca\u00efne et est souvent utilis\u00e9e en combinaison avec d'autres drogues pour augmenter sa puissance. Si vous cherchez \u00e0\u00a0<a href=\"https:\/\/narcopowders.com\/fr\/produit\/ecailles-de-poisson-cocaine\/\"><strong>comprare cocaina a scaglie di pesce online<\/strong><\/a>\u00a0au meilleur prix, ne cherchez pas plus loin que Narco Powders. <a href=\"https:\/\/narcopowders.com\/fr\/\">Narco Powders.<\/a><\/p>\n<h3 style=\"text-align: justify;\">Comment la coca\u00efne Fishscale est-elle fabriqu\u00e9e\u00a0?<\/h3>\n<p style=\"text-align: justify;\">Si vous cherchez une nouvelle fa\u00e7on de vous d\u00e9foncer, vous voudrez peut-\u00eatre essayer\u00a0<a href=\"https:\/\/www.bing.com\/search?q=Buy%20Fishscale%20Cocaine%20Online&amp;qs=n&amp;form=QBRE&amp;sp=-1&amp;lq=0&amp;pq=buy%20fishscale%20cocaine%20online&amp;sc=0-28&amp;sk=&amp;cvid=8FE7DAB42F414985AD75C408BEAB99B0&amp;ghsh=0&amp;ghacc=0&amp;ghpl=\"><strong>coca\u00efne en \u00e9cailles de poisson \u00e0 vendre<\/strong><\/a>. C'est une coca\u00efne \u00e0 haute intensit\u00e9 qui est de couleur blanc nacr\u00e9. Elle est appel\u00e9e \"coca\u00efne en \u00e9cailles de poisson\" en raison de son apparence unique. La coca\u00efne Fishscale est fabriqu\u00e9e en combinant de la poudre de coca\u00efne pure avec du bicarbonate de soude ou une anesth\u00e9sie locale active pour former une base, puis en chauffant cette base jusqu'\u00e0 ce qu'elle se liqu\u00e9fie avant d'\u00eatre filtr\u00e9e, vers\u00e9e dans des moules et laiss\u00e9e refroidir. Une fois refroidis, ces moules produisent une substance ressemblant \u00e0 du mastic qui est divis\u00e9e en sections \u00ab\u00a0\u00e9cailles de poisson\u00a0\u00bb de taille \u00e9gale du produit \u00e0 base de coca\u00efne. Ces sections peuvent ensuite \u00eatre d\u00e9compos\u00e9es en poudre ou vendues telles quelles, cr\u00e9ant ainsi un vaste march\u00e9 pour ceux qui cherchent \u00e0 l'utiliser \u00e0 des fins r\u00e9cr\u00e9atives.<a href=\"https:\/\/www.bing.com\/search?q=Buy%20Fishscale%20Cocaine%20Online&amp;qs=n&amp;form=QBRE&amp;sp=-1&amp;lq=0&amp;pq=buy%20fishscale%20cocaine%20online&amp;sc=0-28&amp;sk=&amp;cvid=8FE7DAB42F414985AD75C408BEAB99B0&amp;ghsh=0&amp;ghacc=0&amp;ghpl=\">fishscale<\/a>\u00ab\u00a0Sections du produit \u00e0 base de coca\u00efne. Ces sections peuvent ensuite \u00eatre r\u00e9duites en poudre ou vendues telles quelles, cr\u00e9ant ainsi un vaste march\u00e9 pour ceux qui souhaitent l'utiliser \u00e0 des fins r\u00e9cr\u00e9atives.<\/p>\n<p style=\"text-align: justify;\"><a href=\"https:\/\/www.google.de\/search?q=Buy+Fishscale+Cocaine+Online&amp;sca_esv=1a2a07081c7891bb&amp;rlz=1C1RXQR_enIN1098IN1098&amp;ei=mbPOZ-GmPLTq1e8PlZ_wwAw&amp;ved=0ahUKEwih14GgnP-LAxU0dfUHHZUPHMgQ4dUDCBA&amp;uact=5&amp;oq=Buy+Fishscale+Cocaine+Online&amp;gs_lp=Egxnd3Mtd2l6LXNlcnAiHEJ1eSBGaXNoc2NhbGUgQ29jYWluZSBPbmxpbmVIggdQ4AJY4AJwAngAkAEAmAHNAaABzQGqAQMyLTG4AQPIAQD4AQL4AQGYAgCgAgCYAwCIBgGSBwCgB9MB&amp;sclient=gws-wiz-serp\"><strong>Coca\u00efne en \u00e9cailles de poisson en ligne<\/strong><\/a>\u00a0est disponible sur Narco Powders, o\u00f9 vous pouvez l'acheter en vrac ou au gramme.<\/p>\n<h3 style=\"text-align: justify;\">Avantages et effets secondaires de la coca\u00efne Fishscale<\/h3>\n<p style=\"text-align: justify;\">Si vous recherchez une forme de coca\u00efne puissante et addictive, <a href=\"https:\/\/www.google.de\/search?q=Buy+Fishscale+Cocaine+Online&amp;sca_esv=1a2a07081c7891bb&amp;rlz=1C1RXQR_enIN1098IN1098&amp;ei=mbPOZ-GmPLTq1e8PlZ_wwAw&amp;ved=0ahUKEwih14GgnP-LAxU0dfUHHZUPHMgQ4dUDCBA&amp;uact=5&amp;oq=Buy+Fishscale+Cocaine+Online&amp;gs_lp=Egxnd3Mtd2l6LXNlcnAiHEJ1eSBGaXNoc2NhbGUgQ29jYWluZSBPbmxpbmVIggdQ4AJY4AJwAngAkAEAmAHNAaABzQGqAQMyLTG4AQPIAQD4AQL4AQGYAgCgAgCYAwCIBgGSBwCgB9MB&amp;sclient=gws-wiz-serp\">fishscale cocaine<\/a> is the best choice. <a href=\"https:\/\/www.google.de\/search?q=Buy+Fishscale+Cocaine+Online&amp;sca_esv=1a2a07081c7891bb&amp;rlz=1C1RXQR_enIN1098IN1098&amp;ei=mbPOZ-GmPLTq1e8PlZ_wwAw&amp;ved=0ahUKEwih14GgnP-LAxU0dfUHHZUPHMgQ4dUDCBA&amp;uact=5&amp;oq=Buy+Fishscale+Cocaine+Online&amp;gs_lp=Egxnd3Mtd2l6LXNlcnAiHEJ1eSBGaXNoc2NhbGUgQ29jYWluZSBPbmxpbmVIggdQ4AJY4AJwAngAkAEAmAHNAaABzQGqAQMyLTG4AQPIAQD4AQL4AQGYAgCgAgCYAwCIBgGSBwCgB9MB&amp;sclient=gws-wiz-serp\">Fishscale cocaine<\/a> pr\u00e9sente plusieurs avantages qui le distinguent des autres types de coca\u00efne, notamment sa capacit\u00e9 \u00e0 produire des effets intenses.<\/p>\n<p style=\"text-align: justify;\">La coca\u00efne Fishscale est \u00e9galement disponible en haute qualit\u00e9, vous pouvez donc \u00eatre s\u00fbr que vous obtenez la meilleure exp\u00e9rience possible. Il dure environ deux heures lorsqu'il est utilis\u00e9, il est donc parfait pour prendre pendant de courtes rafales ou lorsque vous n'avez pas le temps pour une dose compl\u00e8te. Il n'y a pas de probl\u00e8mes juridiques ou de sant\u00e9 associ\u00e9s \u00e0 la consommation de coca\u00efne en \u00e9cailles de poisson - c'est juste un autre type de drogue que les gens aiment utiliser. <a href=\"https:\/\/duckduckgo.com\/?q=Buy+Fishscale+Cocaine+Online&amp;t=h_&amp;ia=web\">fishscale cocaine<\/a>\u2014c\u2019est juste un autre type de drogue que les gens aiment consommer.<\/p>\n<p style=\"text-align: justify;\">La coca\u00efne Fishscale est une forme puissante de coca\u00efne qui est devenue de plus en plus populaire ces derni\u00e8res ann\u00e9es. Bien qu'il puisse fournir un high intense, il peut \u00e9galement entra\u00eener des effets secondaires potentiellement dangereux. Il est important de comprendre comment la drogue est fabriqu\u00e9e, ses avantages et ses risques potentiels, et o\u00f9 l'acheter en toute s\u00e9curit\u00e9 avant d'utiliser de la coca\u00efne en \u00e9cailles de poisson. En fin de compte, il appartient aux individus de prendre des d\u00e9cisions \u00e9clair\u00e9es concernant leur propre sant\u00e9 et leur bien-\u00eatre lorsqu'ils choisissent de <a href=\"https:\/\/duckduckgo.com\/?q=Buy+Fishscale+Cocaine+Online&amp;t=h_&amp;ia=web\"><strong>commander de la coca\u00efne en \u00e9cailles de poisson en ligne<\/strong><\/a>\u00a0en vrac ou en petites quantit\u00e9s.<\/p>\n<h3 style=\"text-align: justify;\">O\u00f9 acheter de la coca\u00efne Fishscale en ligne\u00a0?<\/h3>\n<p style=\"text-align: justify;\">Le maintien de la s\u00e9curit\u00e9 des m\u00e9dicaments est notre objectif principal chez Narco Powders, c'est pourquoi nous nous approvisionnons uniquement en coca\u00efne \u00e0 base d'\u00e9cailles de poisson aupr\u00e8s de fournisseurs fiables. Toute notre coca\u00efne en \u00e9cailles de poisson est soumise \u00e0 des proc\u00e9dures de contr\u00f4le et de test de qualit\u00e9 rigoureuses pour garantir que vous recevez un produit de haute qualit\u00e9. Nous emballons et exp\u00e9dions toujours nos\u00a0<strong>coca\u00efne en \u00e9cailles de poisson \u00e0 vendre en ligne\u00a0<\/strong>discr\u00e8tement et prendre toutes les mesures pour assurer une livraison en toute s\u00e9curit\u00e9. Passez votre commande pour\u00a0<strong>coca\u00efne en \u00e9cailles de poisson en gros\u00a0<\/strong>aujourd'hui!<\/p>","protected":false},"excerpt":{"rendered":"<p>Buy Fishscale Cocaine Online Fishscale cocaine is one of the purest forms of cocaine on the market today and is becoming increasingly popular with users looking for a high-quality product. Fishscale cocaine has a stronger effect than traditional forms of cocaine and is often used in combination with other drugs to increase its potency. If [&hellip;]<\/p>","protected":false},"featured_media":19196,"comment_status":"open","ping_status":"closed","template":"","meta":{"_joinchat":[]},"product_brand":[],"product_cat":[1179],"product_tag":[1266,1260,1269,1272,1273,1271,1263,1348,1268,1262,1261,1274,1267,1275,1264,1270,1265],"class_list":{"0":"post-19144","1":"product","2":"type-product","3":"status-publish","4":"has-post-thumbnail","6":"product_cat-buy-cocaine-online","7":"product_tag-benefits-of-fishscale-cocaine","8":"product_tag-best-place-to-order-fishscale-cocaine","9":"product_tag-buy-fishscale-cocaine-legally","10":"product_tag-buy-fishscale-cocaine-online-australia","11":"product_tag-buy-fishscale-cocaine-online-near-me","12":"product_tag-buy-fishscale-cocaine-online-usa","13":"product_tag-cheap-fishscale-cocaine","14":"product_tag-cocaine-fish-scale","15":"product_tag-fishscale-cocaine-for-sale","16":"product_tag-fishscale-cocaine-price","17":"product_tag-fishscale-cocaine-wholesale","18":"product_tag-how-can-i-get-the-best-fishscale-cocaine","19":"product_tag-how-to-order-fishscale-cocaine","20":"product_tag-legit-fishscale-cocaine-online","21":"product_tag-what-is-fishscale-cocaine","22":"product_tag-where-can-i-buy-fishscale-cocaine","23":"product_tag-where-to-buy-fishscale-cocaine","25":"first","26":"instock","27":"shipping-taxable","28":"purchasable","29":"product-type-variable","30":"add-to-wishlist-after_add_to_cart"},"yoast_head":"<!-- This site is optimized with the Yoast SEO plugin v25.9 - https:\/\/yoast.com\/wordpress\/plugins\/seo\/ -->\n<title>Fishscale Cocaine for Sale - Buy Fish scale Cocaine Online<\/title>\n<meta name=\"description\" content=\"Looking for high purity fishscale cocaine for sale in bulk quantity? At here, you can buy fishscale cocaine online, order fishscale cocaine online.\" \/>\n<meta name=\"robots\" content=\"index, follow, max-snippet:-1, max-image-preview:large, max-video-preview:-1\" \/>\n<link rel=\"canonical\" href=\"https:\/\/narcopowders.com\/fr\/produit\/ecailles-de-poisson-cocaine\/\" \/>\n<meta property=\"og:locale\" content=\"fr_FR\" \/>\n<meta property=\"og:type\" content=\"article\" \/>\n<meta property=\"og:title\" content=\"Fishscale Cocaine for Sale - Buy Fish scale Cocaine Online\" \/>\n<meta property=\"og:description\" content=\"Looking for high purity fishscale cocaine for sale in bulk quantity? At here, you can buy fishscale cocaine online, order fishscale cocaine online.\" \/>\n<meta property=\"og:url\" content=\"https:\/\/narcopowders.com\/fr\/produit\/ecailles-de-poisson-cocaine\/\" \/>\n<meta property=\"og:site_name\" content=\"Narco Powders\" \/>\n<meta property=\"article:modified_time\" content=\"2025-03-25T12:01:17+00:00\" \/>\n<meta property=\"og:image\" content=\"https:\/\/narcopowders.com\/wp-content\/uploads\/2023\/01\/fishscale-cocaine.jpg\" \/>\n\t<meta property=\"og:image:width\" content=\"600\" \/>\n\t<meta property=\"og:image:height\" content=\"600\" \/>\n\t<meta property=\"og:image:type\" content=\"image\/jpeg\" \/>\n<meta name=\"twitter:card\" content=\"summary_large_image\" \/>\n<meta name=\"twitter:label1\" content=\"Dur\u00e9e de lecture estim\u00e9e\" \/>\n\t<meta name=\"twitter:data1\" content=\"3 minutes\" \/>\n<!-- \/ Yoast SEO plugin. -->","yoast_head_json":{"title":"cocaine ecaille de poisson \u00e0 vendre - Acheter de la coca\u00efne en \u00e9cailles de poisson en ligne","description":"Vous recherchez de la coca\u00efne en \u00e9cailles de poisson de haute puret\u00e9 \u00e0 vendre en vrac\u00a0? Ici, vous pouvez acheter de la coca\u00efne en \u00e9cailles de poisson en ligne, commander de la coca\u00efne en \u00e9cailles de poisson en ligne.","robots":{"index":"index","follow":"follow","max-snippet":"max-snippet:-1","max-image-preview":"max-image-preview:large","max-video-preview":"max-video-preview:-1"},"canonical":"https:\/\/narcopowders.com\/fr\/produit\/ecailles-de-poisson-cocaine\/","og_locale":"fr_FR","og_type":"article","og_title":"Fishscale Cocaine for Sale - Buy Fish scale Cocaine Online","og_description":"Looking for high purity fishscale cocaine for sale in bulk quantity? At here, you can buy fishscale cocaine online, order fishscale cocaine online.","og_url":"https:\/\/narcopowders.com\/fr\/produit\/ecailles-de-poisson-cocaine\/","og_site_name":"Narco Powders","article_modified_time":"2025-03-25T12:01:17+00:00","og_image":[{"width":600,"height":600,"url":"https:\/\/narcopowders.com\/wp-content\/uploads\/2023\/01\/fishscale-cocaine.jpg","type":"image\/jpeg"}],"twitter_card":"summary_large_image","twitter_misc":{"Dur\u00e9e de lecture estim\u00e9e":"3 minutes"},"schema":{"@context":"https:\/\/schema.org","@graph":[{"@type":"WebPage","@id":"https:\/\/narcopowders.com\/product\/fishscale-cocaine\/","url":"https:\/\/narcopowders.com\/product\/fishscale-cocaine\/","name":"cocaine ecaille de poisson \u00e0 vendre - Acheter de la coca\u00efne en \u00e9cailles de poisson en ligne","isPartOf":{"@id":"https:\/\/narcopowders.com\/#website"},"primaryImageOfPage":{"@id":"https:\/\/narcopowders.com\/product\/fishscale-cocaine\/#primaryimage"},"image":{"@id":"https:\/\/narcopowders.com\/product\/fishscale-cocaine\/#primaryimage"},"thumbnailUrl":"https:\/\/narcopowders.com\/wp-content\/uploads\/2023\/01\/fishscale-cocaine.jpg","datePublished":"2023-01-02T10:31:30+00:00","dateModified":"2025-03-25T12:01:17+00:00","description":"Vous recherchez de la coca\u00efne en \u00e9cailles de poisson de haute puret\u00e9 \u00e0 vendre en vrac\u00a0? Ici, vous pouvez acheter de la coca\u00efne en \u00e9cailles de poisson en ligne, commander de la coca\u00efne en \u00e9cailles de poisson en ligne.","breadcrumb":{"@id":"https:\/\/narcopowders.com\/product\/fishscale-cocaine\/#breadcrumb"},"inLanguage":"fr-FR","potentialAction":[{"@type":"ReadAction","target":["https:\/\/narcopowders.com\/product\/fishscale-cocaine\/"]}]},{"@type":"ImageObject","inLanguage":"fr-FR","@id":"https:\/\/narcopowders.com\/product\/fishscale-cocaine\/#primaryimage","url":"https:\/\/narcopowders.com\/wp-content\/uploads\/2023\/01\/fishscale-cocaine.jpg","contentUrl":"https:\/\/narcopowders.com\/wp-content\/uploads\/2023\/01\/fishscale-cocaine.jpg","width":600,"height":600,"caption":"Fishscale Cocaine for Sale"},{"@type":"BreadcrumbList","@id":"https:\/\/narcopowders.com\/product\/fishscale-cocaine\/#breadcrumb","itemListElement":[{"@type":"ListItem","position":1,"name":"Home","item":"https:\/\/narcopowders.com\/"},{"@type":"ListItem","position":2,"name":"Shop Page","item":"https:\/\/narcopowders.com\/shop\/"},{"@type":"ListItem","position":3,"name":"Buy Fishscale Cocaine Online"}]},{"@type":"WebSite","@id":"https:\/\/narcopowders.com\/#website","url":"https:\/\/narcopowders.com\/","name":"Poudres Narco","description":"Mon blog WordPress","potentialAction":[{"@type":"SearchAction","target":{"@type":"EntryPoint","urlTemplate":"https:\/\/narcopowders.com\/?s={search_term_string}"},"query-input":{"@type":"PropertyValueSpecification","valueRequired":true,"valueName":"search_term_string"}}],"inLanguage":"fr-FR"}]}},"_links":{"self":[{"href":"https:\/\/narcopowders.com\/fr\/wp-json\/wp\/v2\/product\/19144","targetHints":{"allow":["GET"]}}],"collection":[{"href":"https:\/\/narcopowders.com\/fr\/wp-json\/wp\/v2\/product"}],"about":[{"href":"https:\/\/narcopowders.com\/fr\/wp-json\/wp\/v2\/types\/product"}],"replies":[{"embeddable":true,"href":"https:\/\/narcopowders.com\/fr\/wp-json\/wp\/v2\/comments?post=19144"}],"wp:featuredmedia":[{"embeddable":true,"href":"https:\/\/narcopowders.com\/fr\/wp-json\/wp\/v2\/media\/19196"}],"wp:attachment":[{"href":"https:\/\/narcopowders.com\/fr\/wp-json\/wp\/v2\/media?parent=19144"}],"wp:term":[{"taxonomy":"product_brand","embeddable":true,"href":"https:\/\/narcopowders.com\/fr\/wp-json\/wp\/v2\/product_brand?post=19144"},{"taxonomy":"product_cat","embeddable":true,"href":"https:\/\/narcopowders.com\/fr\/wp-json\/wp\/v2\/product_cat?post=19144"},{"taxonomy":"product_tag","embeddable":true,"href":"https:\/\/narcopowders.com\/fr\/wp-json\/wp\/v2\/product_tag?post=19144"}],"curies":[{"name":"wp","href":"https:\/\/api.w.org\/{rel}","templated":true}]}}