{"id":19145,"date":"2023-01-02T10:20:37","date_gmt":"2023-01-02T10:20:37","guid":{"rendered":"https:\/\/nembutalhouse.com\/narco\/?post_type=product&#038;p=19145"},"modified":"2025-03-25T11:57:14","modified_gmt":"2025-03-25T11:57:14","slug":"colombian-cocaine","status":"publish","type":"product","link":"https:\/\/narcopowders.com\/fr\/produit\/colombien-cocaine\/","title":{"rendered":"Acheter de la coca\u00efne colombienne en ligne"},"content":{"rendered":"<h2 style=\"text-align: justify;\">Acheter de la coca\u00efne colombienne en ligne<\/h2>\n<p style=\"text-align: justify;\">Cherchez-vous \u00e0\u00a0<a href=\"https:\/\/narcopowders.com\/fr\/produit\/colombien-cocaine\/\"><strong>acheter de la coca\u00efne colombienne en ligne<\/strong><\/a>? If so, <a href=\"https:\/\/narcopowders.com\/fr\/\">Poudres Narco<\/a> est l'endroit id\u00e9al pour vous. Vous y trouverez une grande vari\u00e9t\u00e9 de <a href=\"https:\/\/en.wikipedia.org\/wiki\/Cocaine\">high-quality cocaine<\/a> produits fabriqu\u00e9s \u00e0 partir de feuilles de coca colombiennes.<\/p>\n<h3 style=\"text-align: justify;\">Comment est fabriqu\u00e9e la coca\u00efne colombienne ?<\/h3>\n<p style=\"text-align: justify;\"><a href=\"https:\/\/www.bing.com\/search?q=Buy%20Colombian%20Cocaine%20Online&amp;qs=n&amp;form=QBRE&amp;sp=-1&amp;lq=0&amp;pq=buy%20colombian%20cocaine%20online&amp;sc=1-28&amp;sk=&amp;cvid=B9F08B78D28D4CFF9767D05E320B96BB&amp;ghsh=0&amp;ghacc=0&amp;ghpl=\">Colombian cocaine<\/a> La coca\u00efne colombienne est l'une des drogues les plus populaires sur le march\u00e9. C'est un stimulant puissant qui peut aider \u00e0 augmenter les niveaux d'\u00e9nergie et \u00e0 am\u00e9liorer la concentration. Pour produire de la coca\u00efne colombienne, les agriculteurs doivent d'abord cultiver des feuilles de coca dans les Andes. Une fois que les feuilles de coca ont pouss\u00e9, elles sont r\u00e9colt\u00e9es et transform\u00e9es en cristaux de chlorhydrate de coca\u00efne. Ce processus implique la distillation des feuilles \u00e0 l'aide de divers proc\u00e9d\u00e9s chimiques, notamment le lavage \u00e0 l'acide et l'extraction \u00e0 l'\u00e9ther. Enfin, la coca\u00efne est exp\u00e9di\u00e9e \u00e0 l'\u00e9tranger pour \u00eatre vendue au march\u00e9 noir.<\/p>\n<p style=\"text-align: justify;\">Drug trafficking networks use different routes and ports to smuggle <a href=\"https:\/\/www.google.de\/search?q=Buy+Colombian+Cocaine+Online&amp;sca_esv=1a2a07081c7891bb&amp;rlz=1C1RXQR_enIN1098IN1098&amp;ei=arjOZ5WFK-z21e8P98PxkAg&amp;ved=0ahUKEwiV4ujroP-LAxVse_UHHfdhHIIQ4dUDCBA&amp;uact=5&amp;oq=Buy+Colombian+Cocaine+Online&amp;gs_lp=Egxnd3Mtd2l6LXNlcnAiHEJ1eSBDb2xvbWJpYW4gQ29jYWluZSBPbmxpbmVIkAhQjQRYjQRwA3gAkAEAmAGqAaABqgGqAQMwLjG4AQPIAQD4AQL4AQGYAgCgAgCYAwCIBgGSBwCgB1A&amp;sclient=gws-wiz-serp\">Colombian cocaine<\/a> Les r\u00e9seaux de trafic de drogue utilisent diff\u00e9rents itin\u00e9raires et ports pour introduire clandestinement de la coca\u00efne colombienne en Europe et dans d'autres parties du monde, o\u00f9 elle a plus de valeur que d'autres types de drogues. En raison de ces facteurs, il existe souvent des diff\u00e9rences importantes entre les\u00a0<a href=\"https:\/\/www.bing.com\/search?q=Buy%20Colombian%20Cocaine%20Online&amp;qs=n&amp;form=QBRE&amp;sp=-1&amp;lq=0&amp;pq=buy%20colombian%20cocaine%20online&amp;sc=1-28&amp;sk=&amp;cvid=B9F08B78D28D4CFF9767D05E320B96BB&amp;ghsh=0&amp;ghacc=0&amp;ghpl=\"><strong>Prix de la coca\u00efne colombienne <\/strong><\/a>et le prix des autres types de m\u00e9dicaments sur le march\u00e9.<\/p>\n<h3 style=\"text-align: justify;\">Bienfaits de la coca\u00efne colombienne<\/h3>\n<p style=\"text-align: justify;\">The use of <a href=\"https:\/\/www.google.de\/search?q=Buy+Colombian+Cocaine+Online&amp;sca_esv=1a2a07081c7891bb&amp;rlz=1C1RXQR_enIN1098IN1098&amp;ei=arjOZ5WFK-z21e8P98PxkAg&amp;ved=0ahUKEwiV4ujroP-LAxVse_UHHfdhHIIQ4dUDCBA&amp;uact=5&amp;oq=Buy+Colombian+Cocaine+Online&amp;gs_lp=Egxnd3Mtd2l6LXNlcnAiHEJ1eSBDb2xvbWJpYW4gQ29jYWluZSBPbmxpbmVIkAhQjQRYjQRwA3gAkAEAmAGqAaABqgGqAQMwLjG4AQPIAQD4AQL4AQGYAgCgAgCYAwCIBgGSBwCgB1A&amp;sclient=gws-wiz-serp\">Colombian cocaine<\/a> L'utilisation de la coca\u00efne colombienne peut offrir divers avantages \u00e0 ceux qui cherchent \u00e0 ressentir une euphorie intensifi\u00e9e ou qui souhaitent utiliser la drogue dans le cadre d'un traitement de la toxicomanie. En plus de procurer une sensation de plaisir et de vigilance plus intense que les autres vari\u00e9t\u00e9s de coca\u00efne, la coca\u00efne colombienne a \u00e9galement une puissance plus \u00e9lev\u00e9e que les autres types de coca\u00efne, permettant aux utilisateurs de ressentir les effets avec une quantit\u00e9 beaucoup plus faible.\u00a0<strong>Coca\u00efne colombienne en ligne<\/strong>\u00a0est \u00e9galement souvent consid\u00e9r\u00e9 comme plus souhaitable en raison de sa puret\u00e9 et de l'absence de contamination par d'autres drogues.<\/p>\n<p style=\"text-align: justify;\">Que vous soyez d'humeur \u00e0 renifler ou \u00e0 fumer, nous avons le parfait <a href=\"https:\/\/duckduckgo.com\/?q=Buy+Colombian+Cocaine+Online&amp;t=h_&amp;ia=web\"><strong>Coca\u00efne colombienne \u00e0 vendre<\/strong><\/a>. Alors, pourquoi ne pas essayer Narco Powders aujourd'hui ? Vous ne serez pas d\u00e9\u00e7u !<\/p>\n<h3 style=\"text-align: justify;\">Effets secondaires de la coca\u00efne colombienne<\/h3>\n<p style=\"text-align: justify;\">En ce qui concerne les effets secondaires \u00e0 court terme de la consommation de coca\u00efne, les utilisateurs peuvent ressentir de l'euphorie ou une ru\u00e9e, ainsi qu'une \u00e9nergie et une motivation accrues. Ces effets secondaires durent g\u00e9n\u00e9ralement environ une heure, mais ils peuvent varier en fonction de la quantit\u00e9 de coca\u00efne consomm\u00e9e. Les effets secondaires \u00e0 long terme de la consommation de coca\u00efne peuvent inclure des probl\u00e8mes de concentration et de concentration, une augmentation du rythme cardiaque et de la pression art\u00e9rielle, de l'insomnie, une perte ou un gain de poids rapide, une d\u00e9pendance, des convulsions, des l\u00e9sions h\u00e9patiques et m\u00eame la mort.<\/p>\n<h3 style=\"text-align: justify;\">O\u00f9 commander de la coca\u00efne colombienne en ligne\u00a0?<\/h3>\n<p style=\"text-align: justify;\">Il existe de nombreuses bonnes raisons de\u00a0<strong>commander de la coca\u00efne en ligne<\/strong>\u00a0de Narco Poudres. D'une part, la l\u00e9galit\u00e9 de la commande de coca\u00efne en ligne est toujours d\u00e9battue par de nombreuses autorit\u00e9s. Mais vous pouvez commander de la coca\u00efne colombienne en ligne sans vous soucier de vous faire prendre. Une autre raison d'acheter de la coca\u00efne en ligne est le facteur de commodit\u00e9. Avec Narco Powders, vous pouvez\u00a0<a href=\"https:\/\/duckduckgo.com\/?q=Buy+Colombian+Cocaine+Online&amp;t=h_&amp;ia=web\"><strong>acheter de la coca\u00efne colombienne en gros<\/strong><\/a> en toute simplicit\u00e9 et sans avoir \u00e0 quitter votre domicile ou votre bureau. Enfin et surtout, il existe diff\u00e9rents types de coca\u00efne disponibles \u00e0 l'achat chez Narco Powders, de la poudre aux cracks.<\/p>","protected":false},"excerpt":{"rendered":"<p>Buy Colombian Cocaine Online Are you looking to\u00a0buy Colombian cocaine online? If so, Narco Powders is the perfect place for you. Here, you&#8217;ll find a wide variety of high-quality cocaine products that are made from Colombian coca leaves. How Is Colombian Cocaine Made? Colombian cocaine is among the most popular drugs on the market. It&#8217;s [&hellip;]<\/p>","protected":false},"featured_media":19165,"comment_status":"open","ping_status":"closed","template":"","meta":{"_joinchat":[]},"product_brand":[],"product_cat":[1179],"product_tag":[1250,1244,1253,1257,1247,1252,1246,1245,1258,1251,1259,1248,1254,1249],"class_list":{"0":"post-19145","1":"product","2":"type-product","3":"status-publish","4":"has-post-thumbnail","6":"product_cat-buy-cocaine-online","7":"product_tag-benefits-of-colombian-cocaine","8":"product_tag-best-place-to-order-colombian-cocaine","9":"product_tag-buy-colombian-cocaine-legally","10":"product_tag-buy-colombian-cocaine-online-near-me","11":"product_tag-cheap-colombian-cocaine","12":"product_tag-colombian-cocaine-for-sale","13":"product_tag-colombian-cocaine-price","14":"product_tag-colombian-cocaine-wholesale","15":"product_tag-how-can-i-get-the-best-colombian-cocaine","16":"product_tag-how-to-order-colombian-cocaine","17":"product_tag-legit-colombian-cocaine-online","18":"product_tag-what-is-colombian-cocaine","19":"product_tag-where-can-i-buy-colombian-cocaine","20":"product_tag-where-to-buy-colombian-cocaine","22":"first","23":"instock","24":"shipping-taxable","25":"purchasable","26":"product-type-variable","27":"add-to-wishlist-after_add_to_cart"},"yoast_head":"<!-- This site is optimized with the Yoast SEO plugin v25.9 - https:\/\/yoast.com\/wordpress\/plugins\/seo\/ -->\n<title>Colombian Cocaine for Sale - Buy Colombian Cocaine Online<\/title>\n<meta name=\"description\" content=\"You can get high purity colombian cocaine for sale here. Buy colombian cocaine online, order colombian cocaine in bulk quantity at wholesale price.\" \/>\n<meta name=\"robots\" content=\"index, follow, max-snippet:-1, max-image-preview:large, max-video-preview:-1\" \/>\n<link rel=\"canonical\" href=\"https:\/\/narcopowders.com\/fr\/produit\/colombien-cocaine\/\" \/>\n<meta property=\"og:locale\" content=\"fr_FR\" \/>\n<meta property=\"og:type\" content=\"article\" \/>\n<meta property=\"og:title\" content=\"Colombian Cocaine for Sale - Buy Colombian Cocaine Online\" \/>\n<meta property=\"og:description\" content=\"You can get high purity colombian cocaine for sale here. Buy colombian cocaine online, order colombian cocaine in bulk quantity at wholesale price.\" \/>\n<meta property=\"og:url\" content=\"https:\/\/narcopowders.com\/fr\/produit\/colombien-cocaine\/\" \/>\n<meta property=\"og:site_name\" content=\"Narco Powders\" \/>\n<meta property=\"article:modified_time\" content=\"2025-03-25T11:57:14+00:00\" \/>\n<meta property=\"og:image\" content=\"https:\/\/narcopowders.com\/wp-content\/uploads\/2023\/01\/colombian-cocaine.jpg\" \/>\n\t<meta property=\"og:image:width\" content=\"600\" \/>\n\t<meta property=\"og:image:height\" content=\"600\" \/>\n\t<meta property=\"og:image:type\" content=\"image\/jpeg\" \/>\n<meta name=\"twitter:card\" content=\"summary_large_image\" \/>\n<meta name=\"twitter:label1\" content=\"Dur\u00e9e de lecture estim\u00e9e\" \/>\n\t<meta name=\"twitter:data1\" content=\"3 minutes\" \/>\n<!-- \/ Yoast SEO plugin. -->","yoast_head_json":{"title":"Coca\u00efne colombienne \u00e0 vendre - Acheter de la coca\u00efne colombienne en ligne","description":"Vous pouvez acheter de la coca\u00efne colombienne de haute puret\u00e9 ici. Achetez de la coca\u00efne colombienne en ligne, commandez de la coca\u00efne colombienne en vrac au prix de gros.","robots":{"index":"index","follow":"follow","max-snippet":"max-snippet:-1","max-image-preview":"max-image-preview:large","max-video-preview":"max-video-preview:-1"},"canonical":"https:\/\/narcopowders.com\/fr\/produit\/colombien-cocaine\/","og_locale":"fr_FR","og_type":"article","og_title":"Colombian Cocaine for Sale - Buy Colombian Cocaine Online","og_description":"You can get high purity colombian cocaine for sale here. Buy colombian cocaine online, order colombian cocaine in bulk quantity at wholesale price.","og_url":"https:\/\/narcopowders.com\/fr\/produit\/colombien-cocaine\/","og_site_name":"Narco Powders","article_modified_time":"2025-03-25T11:57:14+00:00","og_image":[{"width":600,"height":600,"url":"https:\/\/narcopowders.com\/wp-content\/uploads\/2023\/01\/colombian-cocaine.jpg","type":"image\/jpeg"}],"twitter_card":"summary_large_image","twitter_misc":{"Dur\u00e9e de lecture estim\u00e9e":"3 minutes"},"schema":{"@context":"https:\/\/schema.org","@graph":[{"@type":"WebPage","@id":"https:\/\/narcopowders.com\/product\/colombian-cocaine\/","url":"https:\/\/narcopowders.com\/product\/colombian-cocaine\/","name":"Coca\u00efne colombienne \u00e0 vendre - Acheter de la coca\u00efne colombienne en ligne","isPartOf":{"@id":"https:\/\/narcopowders.com\/#website"},"primaryImageOfPage":{"@id":"https:\/\/narcopowders.com\/product\/colombian-cocaine\/#primaryimage"},"image":{"@id":"https:\/\/narcopowders.com\/product\/colombian-cocaine\/#primaryimage"},"thumbnailUrl":"https:\/\/narcopowders.com\/wp-content\/uploads\/2023\/01\/colombian-cocaine.jpg","datePublished":"2023-01-02T10:20:37+00:00","dateModified":"2025-03-25T11:57:14+00:00","description":"Vous pouvez acheter de la coca\u00efne colombienne de haute puret\u00e9 ici. Achetez de la coca\u00efne colombienne en ligne, commandez de la coca\u00efne colombienne en vrac au prix de gros.","breadcrumb":{"@id":"https:\/\/narcopowders.com\/product\/colombian-cocaine\/#breadcrumb"},"inLanguage":"fr-FR","potentialAction":[{"@type":"ReadAction","target":["https:\/\/narcopowders.com\/product\/colombian-cocaine\/"]}]},{"@type":"ImageObject","inLanguage":"fr-FR","@id":"https:\/\/narcopowders.com\/product\/colombian-cocaine\/#primaryimage","url":"https:\/\/narcopowders.com\/wp-content\/uploads\/2023\/01\/colombian-cocaine.jpg","contentUrl":"https:\/\/narcopowders.com\/wp-content\/uploads\/2023\/01\/colombian-cocaine.jpg","width":600,"height":600,"caption":"Colombian Cocaine for Sale"},{"@type":"BreadcrumbList","@id":"https:\/\/narcopowders.com\/product\/colombian-cocaine\/#breadcrumb","itemListElement":[{"@type":"ListItem","position":1,"name":"Home","item":"https:\/\/narcopowders.com\/"},{"@type":"ListItem","position":2,"name":"Shop Page","item":"https:\/\/narcopowders.com\/shop\/"},{"@type":"ListItem","position":3,"name":"Buy Colombian Cocaine Online"}]},{"@type":"WebSite","@id":"https:\/\/narcopowders.com\/#website","url":"https:\/\/narcopowders.com\/","name":"Poudres Narco","description":"Mon blog WordPress","potentialAction":[{"@type":"SearchAction","target":{"@type":"EntryPoint","urlTemplate":"https:\/\/narcopowders.com\/?s={search_term_string}"},"query-input":{"@type":"PropertyValueSpecification","valueRequired":true,"valueName":"search_term_string"}}],"inLanguage":"fr-FR"}]}},"_links":{"self":[{"href":"https:\/\/narcopowders.com\/fr\/wp-json\/wp\/v2\/product\/19145","targetHints":{"allow":["GET"]}}],"collection":[{"href":"https:\/\/narcopowders.com\/fr\/wp-json\/wp\/v2\/product"}],"about":[{"href":"https:\/\/narcopowders.com\/fr\/wp-json\/wp\/v2\/types\/product"}],"replies":[{"embeddable":true,"href":"https:\/\/narcopowders.com\/fr\/wp-json\/wp\/v2\/comments?post=19145"}],"wp:featuredmedia":[{"embeddable":true,"href":"https:\/\/narcopowders.com\/fr\/wp-json\/wp\/v2\/media\/19165"}],"wp:attachment":[{"href":"https:\/\/narcopowders.com\/fr\/wp-json\/wp\/v2\/media?parent=19145"}],"wp:term":[{"taxonomy":"product_brand","embeddable":true,"href":"https:\/\/narcopowders.com\/fr\/wp-json\/wp\/v2\/product_brand?post=19145"},{"taxonomy":"product_cat","embeddable":true,"href":"https:\/\/narcopowders.com\/fr\/wp-json\/wp\/v2\/product_cat?post=19145"},{"taxonomy":"product_tag","embeddable":true,"href":"https:\/\/narcopowders.com\/fr\/wp-json\/wp\/v2\/product_tag?post=19145"}],"curies":[{"name":"wp","href":"https:\/\/api.w.org\/{rel}","templated":true}]}}