{"id":19217,"date":"2023-01-03T09:19:42","date_gmt":"2023-01-03T09:19:42","guid":{"rendered":"https:\/\/narcopowders.com\/?post_type=product&#038;p=19217"},"modified":"2025-03-25T12:27:06","modified_gmt":"2025-03-25T12:27:06","slug":"afghan-heroin","status":"publish","type":"product","link":"https:\/\/narcopowders.com\/fr\/produit\/afghan-heroine\/","title":{"rendered":"H\u00e9ro\u00efne afghane"},"content":{"rendered":"<h2 style=\"text-align: justify;\">Acheter de l'h\u00e9ro\u00efne afghane en ligne<\/h2>\n<p style=\"text-align: justify;\">Harvesting <a href=\"https:\/\/en.wikipedia.org\/wiki\/Heroin\">Afghan heroin<\/a> La r\u00e9colte d'h\u00e9ro\u00efne afghane dans les champs de pavot est ill\u00e9gale dans de nombreux pays, mais cela n'emp\u00eache pas les gens de se procurer cette drogue. En fait, l'h\u00e9ro\u00efne afghane fait partie des types d'h\u00e9ro\u00efne les plus populaires sur le march\u00e9, en partie gr\u00e2ce \u00e0 ses effets euphorisants intenses. Si vous cherchez le meilleur <a href=\"https:\/\/narcopowders.com\/fr\/produit\/afghan-heroine\/\"><strong>H\u00e9ro\u00efne afghane en vente en ligne<\/strong><\/a>, then look no further than <a href=\"https:\/\/narcopowders.com\/fr\/\">Poudres Narco<\/a>.<\/p>\n<h3 style=\"text-align: justify;\">Comment l'h\u00e9ro\u00efne afghane est-elle fabriqu\u00e9e ?<\/h3>\n<p style=\"text-align: justify;\">L'h\u00e9ro\u00efne afghane est un type d'opio\u00efde fabriqu\u00e9 \u00e0 partir de l'opium. L'opium provient du pavot et est un <a href=\"https:\/\/www.google.com\/search?q=Buy+Afghan+Heroin+Online&amp;sca_esv=7d1b82273738a5db&amp;sxsrf=AHTn8zoNL9SAp7Ses5ieQ5J3StmSQ-ZOZA%3A1742904303459&amp;ei=75viZ4PlG4iZseMPpM2fyAk&amp;ved=0ahUKEwjDmIq_mKWMAxWITGwGHaTmB5kQ4dUDCA8&amp;uact=5&amp;oq=Buy+Afghan+Heroin+Online&amp;gs_lp=Egxnd3Mtd2l6LXNlcnAiGEJ1eSBBZmdoYW4gSGVyb2luIE9ubGluZUiRCFCqAViqAXABeACQAQCYAd0BoAHdAaoBAzItMbgBA8gBAPgBAfgBApgCAaACJ6gCEcICBxAjGCcY6gLCAhQQABiABBiRAhi0AhiKBRjqAtgBAcICFBAAGIAEGOMEGLQCGOkEGOoC2AEBwgIQEAAYAxi0AhjqAhiPAdgBAcICEBAuGAMYtAIY6gIYjwHYAQGYAyfxBXk66vEMk5S9ugYGCAEQARgBkgcBMaAHVLIHALgHAA&amp;sclient=gws-wiz-serp\">natural source of morphine and codeine<\/a>L'h\u00e9ro\u00efne afghane est un type d'opio\u00efde fabriqu\u00e9 \u00e0 partir d'opium. L'opium provient de la plante de pavot et est une source naturelle de morphine et de cod\u00e9ine. Le processus de transformation de l'opium en h\u00e9ro\u00efne afghane implique plusieurs \u00e9tapes, notamment faire bouillir l'opium jusqu'\u00e0 ce qu'il devienne un goudron noir collant, puis le filtrer \u00e0 travers une \u00e9tamine pour \u00e9liminer les impuret\u00e9s. Ce goudron noir est ensuite s\u00e9ch\u00e9 et broy\u00e9 en poudre avant d'\u00eatre fa\u00e7onn\u00e9 en briques ou en pilules.<\/p>\n<p style=\"text-align: justify;\">Il existe plusieurs formes diff\u00e9rentes d\u2019h\u00e9ro\u00efne afghane, chacune ayant ses propres qualit\u00e9s et utilisations uniques. <a href=\"https:\/\/duckduckgo.com\/?q=Buy+Afghan+Heroin+Online&amp;t=h_&amp;ia=web\">H\u00e9ro\u00efne blanche (\u00e9galement connue sous le nom d'\u00ab opium brut \u00bb)<\/a> Il existe plusieurs formes diff\u00e9rentes d'h\u00e9ro\u00efne afghane, chacune avec ses propres qualit\u00e9s et usages. L'h\u00e9ro\u00efne blanche (\u00e9galement connue sous le nom d'\"opium brut\") est le type le plus courant et a g\u00e9n\u00e9ralement une qualit\u00e9 inf\u00e9rieure \u00e0 celle des autres types d'h\u00e9ro\u00efne afghane. L'h\u00e9ro\u00efne brune (fabriqu\u00e9e \u00e0 partir de goudron noir partiellement s\u00e9ch\u00e9) a des effets plus puissants et est plus populaire parmi les utilisateurs en raison de sa puissance. L'h\u00e9ro\u00efne brun fonc\u00e9 (fabriqu\u00e9e \u00e0 partir de goudron noir enti\u00e8rement s\u00e9ch\u00e9) a les effets les plus puissants de tous, mais pr\u00e9sente \u00e9galement le potentiel d'abus le plus \u00e9lev\u00e9 car il est plus difficile de contr\u00f4ler les niveaux de dosage.<\/p>\n<h3 style=\"text-align: justify;\">Avantages de l'h\u00e9ro\u00efne afghane<\/h3>\n<p style=\"text-align: justify;\">Si vous recherchez un high puissant et euphorique,\u00a0<a href=\"https:\/\/www.google.com\/search?q=Buy+Afghan+Heroin+Online&amp;sca_esv=7d1b82273738a5db&amp;sxsrf=AHTn8zoNL9SAp7Ses5ieQ5J3StmSQ-ZOZA%3A1742904303459&amp;ei=75viZ4PlG4iZseMPpM2fyAk&amp;ved=0ahUKEwjDmIq_mKWMAxWITGwGHaTmB5kQ4dUDCA8&amp;uact=5&amp;oq=Buy+Afghan+Heroin+Online&amp;gs_lp=Egxnd3Mtd2l6LXNlcnAiGEJ1eSBBZmdoYW4gSGVyb2luIE9ubGluZUiRCFCqAViqAXABeACQAQCYAd0BoAHdAaoBAzItMbgBA8gBAPgBAfgBApgCAaACJ6gCEcICBxAjGCcY6gLCAhQQABiABBiRAhi0AhiKBRjqAtgBAcICFBAAGIAEGOMEGLQCGOkEGOoC2AEBwgIQEAAYAxi0AhjqAhiPAdgBAcICEBAuGAMYtAIY6gIYjwHYAQGYAyfxBXk66vEMk5S9ugYGCAEQARgBkgcBMaAHVLIHALgHAA&amp;sclient=gws-wiz-serp\"><strong>H\u00e9ro\u00efne afghane en ligne<\/strong><\/a>\u00a0est votre meilleur pari. Ce type d'h\u00e9ro\u00efne fait partie des vari\u00e9t\u00e9s les plus pures et les plus puissantes disponibles, et il est souvent recherch\u00e9 pour ses effets intenses. En cons\u00e9quence, l'h\u00e9ro\u00efne afghane est utilis\u00e9e pour traiter la douleur chronique et la d\u00e9pendance aux opio\u00efdes - des conditions qui ne sont que trop courantes dans la soci\u00e9t\u00e9 d'aujourd'hui.<\/p>\n<h3 style=\"text-align: justify;\">Effets secondaires de l'h\u00e9ro\u00efne afghane<\/h3>\n<p style=\"text-align: justify;\"><a href=\"https:\/\/www.bing.com\/search?q=Buy%20Afghan%20Heroin%20Online&amp;qs=n&amp;form=QBRE&amp;sp=-1&amp;lq=0&amp;pq=buy%20afghan%20heroin%20online&amp;sc=0-24&amp;sk=&amp;cvid=6B58336F96224C11B4CFC291185C5A1E&amp;ghsh=0&amp;ghacc=0&amp;ghpl=\">Afghan heroin is a type of opioid<\/a> L'h\u00e9ro\u00efne afghane est un type d'opio\u00efde d\u00e9riv\u00e9 du pavot \u00e0 opium, elle a donc aussi des effets secondaires. Les effets secondaires \u00e0 court terme associ\u00e9s \u00e0 la consommation d'h\u00e9ro\u00efne afghane peuvent inclure une acc\u00e9l\u00e9ration du rythme cardiaque, une augmentation de la pression art\u00e9rielle et des sentiments d'euphorie (le high qui d\u00e9coule de la consommation d'h\u00e9ro\u00efne). Les probl\u00e8mes de sant\u00e9 \u00e0 long terme li\u00e9s \u00e0 la consommation d'h\u00e9ro\u00efne afghane peuvent inclure la d\u00e9pendance, l'h\u00e9patite C chronique (une maladie du foie potentiellement mortelle), des probl\u00e8mes de sant\u00e9 mentale tels que l'anxi\u00e9t\u00e9 et la d\u00e9pression, et la mort par surdose.<\/p>\n<h3 style=\"text-align: justify;\">O\u00f9 acheter de l'h\u00e9ro\u00efne afghane en ligne\u00a0?<\/h3>\n<p style=\"text-align: justify;\">Cherchez-vous \u00e0\u00a0<a href=\"https:\/\/duckduckgo.com\/?q=Buy+Afghan+Heroin+Online&amp;t=h_&amp;ia=web\"><strong>commander de l'h\u00e9ro\u00efne afghane en ligne<\/strong><\/a> qui est s\u00fbr, s\u00e9curis\u00e9 et discret\u00a0? Achetez-le chez Narco Powders. Nous avons des ann\u00e9es d'exp\u00e9rience dans l'industrie et offrons une large gamme de produits de qualit\u00e9. Vous pouvez choisir parmi une vari\u00e9t\u00e9 de produits purs, biologiques et test\u00e9s en laboratoire pour trouver le dosage qui vous convient. De nombreuses options de paiement pratiques sont disponibles, telles que les cartes de cr\u00e9dit, PayPal et Western Union, qui facilitent l'achat\u00a0<a href=\"https:\/\/www.bing.com\/search?q=Buy%20Afghan%20Heroin%20Online&amp;qs=n&amp;form=QBRE&amp;sp=-1&amp;lq=0&amp;pq=buy%20afghan%20heroin%20online&amp;sc=0-24&amp;sk=&amp;cvid=6B58336F96224C11B4CFC291185C5A1E&amp;ghsh=0&amp;ghacc=0&amp;ghpl=\"><strong>Vente en gros d'h\u00e9ro\u00efne afghane en ligne<\/strong><\/a>\u00a0facile et pratique pour tout le monde. Alors, commandez d\u00e8s aujourd'hui la meilleure h\u00e9ro\u00efne afghane\u00a0!<\/p>","protected":false},"excerpt":{"rendered":"<p>Acheter de l'h\u00e9ro\u00efne afghane en ligne La r\u00e9colte de l'h\u00e9ro\u00efne afghane dans les champs de pavot est ill\u00e9gale dans de nombreux pays, mais cela n'emp\u00eache pas les gens de se procurer cette drogue. En fait, l'h\u00e9ro\u00efne afghane est l'un des types d'h\u00e9ro\u00efne les plus populaires sur le march\u00e9, en partie gr\u00e2ce \u00e0 ses effets euphorisants intenses. Si vous cherchez la meilleure h\u00e9ro\u00efne afghane [...]<\/p>","protected":false},"featured_media":19243,"comment_status":"open","ping_status":"closed","template":"","meta":{"_joinchat":[]},"product_brand":[],"product_cat":[1168],"product_tag":[],"class_list":{"0":"post-19217","1":"product","2":"type-product","3":"status-publish","4":"has-post-thumbnail","6":"product_cat-buy-heroin-online","8":"first","9":"instock","10":"shipping-taxable","11":"purchasable","12":"product-type-variable","13":"has-default-attributes","14":"add-to-wishlist-after_add_to_cart"},"yoast_head":"<!-- This site is optimized with the Yoast SEO plugin v27.5 - https:\/\/yoast.com\/product\/yoast-seo-wordpress\/ -->\n<title>Buy Afghan Heroin Online - Afghan Heroin for Sale | NarcoPowders<\/title>\n<meta name=\"description\" content=\"Looking to buy afghan heroin online? Order afghan heroin powder for sale at an affordable prices. Get the highest-purity powder for you.\" \/>\n<meta name=\"robots\" content=\"index, follow, max-snippet:-1, max-image-preview:large, max-video-preview:-1\" \/>\n<link rel=\"canonical\" href=\"https:\/\/narcopowders.com\/fr\/produit\/afghan-heroine\/\" \/>\n<meta property=\"og:locale\" content=\"fr_FR\" \/>\n<meta property=\"og:type\" content=\"article\" \/>\n<meta property=\"og:title\" content=\"Buy Afghan Heroin Online - Afghan Heroin for Sale | NarcoPowders\" \/>\n<meta property=\"og:description\" content=\"Looking to buy afghan heroin online? Order afghan heroin powder for sale at an affordable prices. Get the highest-purity powder for you.\" \/>\n<meta property=\"og:url\" content=\"https:\/\/narcopowders.com\/fr\/produit\/afghan-heroine\/\" \/>\n<meta property=\"og:site_name\" content=\"Narco Powders\" \/>\n<meta property=\"article:modified_time\" content=\"2025-03-25T12:27:06+00:00\" \/>\n<meta property=\"og:image\" content=\"https:\/\/narcopowders.com\/wp-content\/uploads\/2023\/01\/afghan-heroin.jpg\" \/>\n\t<meta property=\"og:image:width\" content=\"600\" \/>\n\t<meta property=\"og:image:height\" content=\"600\" \/>\n\t<meta property=\"og:image:type\" content=\"image\/jpeg\" \/>\n<meta name=\"twitter:card\" content=\"summary_large_image\" \/>\n<meta name=\"twitter:label1\" content=\"Dur\u00e9e de lecture estim\u00e9e\" \/>\n\t<meta name=\"twitter:data1\" content=\"3 minutes\" \/>\n<!-- \/ Yoast SEO plugin. -->","yoast_head_json":{"title":"Acheter de l'h\u00e9ro\u00efne afghane en ligne - H\u00e9ro\u00efne afghane \u00e0 vendre | Narcopoudres","description":"Vous cherchez \u00e0 acheter de l'h\u00e9ro\u00efne afghane en ligne ? Commandez de la poudre d'h\u00e9ro\u00efne afghane \u00e0 vendre \u00e0 des prix abordables. Obtenez la poudre la plus pure pour vous.","robots":{"index":"index","follow":"follow","max-snippet":"max-snippet:-1","max-image-preview":"max-image-preview:large","max-video-preview":"max-video-preview:-1"},"canonical":"https:\/\/narcopowders.com\/fr\/produit\/afghan-heroine\/","og_locale":"fr_FR","og_type":"article","og_title":"Buy Afghan Heroin Online - Afghan Heroin for Sale | NarcoPowders","og_description":"Looking to buy afghan heroin online? Order afghan heroin powder for sale at an affordable prices. Get the highest-purity powder for you.","og_url":"https:\/\/narcopowders.com\/fr\/produit\/afghan-heroine\/","og_site_name":"Narco Powders","article_modified_time":"2025-03-25T12:27:06+00:00","og_image":[{"width":600,"height":600,"url":"https:\/\/narcopowders.com\/wp-content\/uploads\/2023\/01\/afghan-heroin.jpg","type":"image\/jpeg"}],"twitter_card":"summary_large_image","twitter_misc":{"Dur\u00e9e de lecture estim\u00e9e":"3 minutes"},"schema":{"@context":"https:\/\/schema.org","@graph":[{"@type":"WebPage","@id":"https:\/\/narcopowders.com\/product\/afghan-heroin\/","url":"https:\/\/narcopowders.com\/product\/afghan-heroin\/","name":"Acheter de l'h\u00e9ro\u00efne afghane en ligne - H\u00e9ro\u00efne afghane \u00e0 vendre | Narcopoudres","isPartOf":{"@id":"https:\/\/narcopowders.com\/#website"},"primaryImageOfPage":{"@id":"https:\/\/narcopowders.com\/product\/afghan-heroin\/#primaryimage"},"image":{"@id":"https:\/\/narcopowders.com\/product\/afghan-heroin\/#primaryimage"},"thumbnailUrl":"https:\/\/narcopowders.com\/wp-content\/uploads\/2023\/01\/afghan-heroin.jpg","datePublished":"2023-01-03T09:19:42+00:00","dateModified":"2025-03-25T12:27:06+00:00","description":"Vous cherchez \u00e0 acheter de l'h\u00e9ro\u00efne afghane en ligne ? Commandez de la poudre d'h\u00e9ro\u00efne afghane \u00e0 vendre \u00e0 des prix abordables. Obtenez la poudre la plus pure pour vous.","breadcrumb":{"@id":"https:\/\/narcopowders.com\/product\/afghan-heroin\/#breadcrumb"},"inLanguage":"fr-FR","potentialAction":[{"@type":"ReadAction","target":["https:\/\/narcopowders.com\/product\/afghan-heroin\/"]}]},{"@type":"ImageObject","inLanguage":"fr-FR","@id":"https:\/\/narcopowders.com\/product\/afghan-heroin\/#primaryimage","url":"https:\/\/narcopowders.com\/wp-content\/uploads\/2023\/01\/afghan-heroin.jpg","contentUrl":"https:\/\/narcopowders.com\/wp-content\/uploads\/2023\/01\/afghan-heroin.jpg","width":600,"height":600,"caption":"Buy Afghan Heroin Online"},{"@type":"BreadcrumbList","@id":"https:\/\/narcopowders.com\/product\/afghan-heroin\/#breadcrumb","itemListElement":[{"@type":"ListItem","position":1,"name":"Home","item":"https:\/\/narcopowders.com\/"},{"@type":"ListItem","position":2,"name":"Shop Page","item":"https:\/\/narcopowders.com\/shop\/"},{"@type":"ListItem","position":3,"name":"Afghan Heroin"}]},{"@type":"WebSite","@id":"https:\/\/narcopowders.com\/#website","url":"https:\/\/narcopowders.com\/","name":"Poudres Narco","description":"Mon blog WordPress","potentialAction":[{"@type":"SearchAction","target":{"@type":"EntryPoint","urlTemplate":"https:\/\/narcopowders.com\/?s={search_term_string}"},"query-input":{"@type":"PropertyValueSpecification","valueRequired":true,"valueName":"search_term_string"}}],"inLanguage":"fr-FR"}]}},"_links":{"self":[{"href":"https:\/\/narcopowders.com\/fr\/wp-json\/wp\/v2\/product\/19217","targetHints":{"allow":["GET"]}}],"collection":[{"href":"https:\/\/narcopowders.com\/fr\/wp-json\/wp\/v2\/product"}],"about":[{"href":"https:\/\/narcopowders.com\/fr\/wp-json\/wp\/v2\/types\/product"}],"replies":[{"embeddable":true,"href":"https:\/\/narcopowders.com\/fr\/wp-json\/wp\/v2\/comments?post=19217"}],"wp:featuredmedia":[{"embeddable":true,"href":"https:\/\/narcopowders.com\/fr\/wp-json\/wp\/v2\/media\/19243"}],"wp:attachment":[{"href":"https:\/\/narcopowders.com\/fr\/wp-json\/wp\/v2\/media?parent=19217"}],"wp:term":[{"taxonomy":"product_brand","embeddable":true,"href":"https:\/\/narcopowders.com\/fr\/wp-json\/wp\/v2\/product_brand?post=19217"},{"taxonomy":"product_cat","embeddable":true,"href":"https:\/\/narcopowders.com\/fr\/wp-json\/wp\/v2\/product_cat?post=19217"},{"taxonomy":"product_tag","embeddable":true,"href":"https:\/\/narcopowders.com\/fr\/wp-json\/wp\/v2\/product_tag?post=19217"}],"curies":[{"name":"wp","href":"https:\/\/api.w.org\/{rel}","templated":true}]}}