{"id":19218,"date":"2023-01-03T09:19:24","date_gmt":"2023-01-03T09:19:24","guid":{"rendered":"https:\/\/narcopowders.com\/?post_type=product&#038;p=19218"},"modified":"2025-03-25T12:33:41","modified_gmt":"2025-03-25T12:33:41","slug":"china-white-heroin","status":"publish","type":"product","link":"https:\/\/narcopowders.com\/fr\/produit\/heroine-blanche-de-chine\/","title":{"rendered":"Acheter de l'h\u00e9ro\u00efne blanche de Chine en ligne"},"content":{"rendered":"<h2 style=\"text-align: justify;\">Acheter de l'h\u00e9ro\u00efne blanche de Chine en ligne<\/h2>\n<p style=\"text-align: justify;\">L'\u00e9pid\u00e9mie d'opio\u00efdes fait des ravages en France et dans le monde. En r\u00e9ponse, de nombreuses personnes recherchent des moyens d'acc\u00e9der \u00e0 de l'h\u00e9ro\u00efne puissante et pure qui n'implique pas de traiter avec des revendeurs de rue sommaires. Heureusement, il existe une excellente option disponible sous la forme d'h\u00e9ro\u00efne blanche de Chine. Donc, si vous envisagez \u00e9galement de <a href=\"https:\/\/en.wikipedia.org\/wiki\/Heroin\">China white heroin<\/a>Si vous pr\u00e9voyez de\u00a0<a href=\"https:\/\/narcopowders.com\/fr\/produit\/heroine-blanche-de-chine\/\"><strong>acheter de l'h\u00e9ro\u00efne blanche de Chine en ligne<\/strong><\/a>, faites-le bien \u00e0 <a href=\"https:\/\/narcopowders.com\/fr\/\">Poudres Narco<\/a>.<\/p>\n<h3 style=\"text-align: justify;\">Comment est fabriqu\u00e9e l'h\u00e9ro\u00efne blanche de Chine ?<\/h3>\n<p style=\"text-align: justify;\"><a href=\"https:\/\/www.bing.com\/search?q=Buy%20China%20White%20Heroin%20Online&amp;qs=n&amp;form=QBRE&amp;sp=-1&amp;lq=0&amp;pq=buy%20china%20white%20heroin%20online&amp;sc=0-29&amp;sk=&amp;cvid=28E8386036E745749A9FBCADDC566C1F&amp;ghsh=0&amp;ghacc=0&amp;ghpl=\">China white heroin<\/a> L'h\u00e9ro\u00efne blanche de Chine est g\u00e9n\u00e9ralement moins puissante que les autres types d'h\u00e9ro\u00efne et peut \u00eatre vendue \u00e0 un prix inf\u00e9rieur. Le processus de production de l'h\u00e9ro\u00efne blanche chinoise est complexe et comporte plusieurs \u00e9tapes diff\u00e9rentes. <a href=\"https:\/\/www.google.com\/search?q=Buy+China+White+Heroin+Online&amp;num=10&amp;sca_esv=1a2a07081c7891bb&amp;rlz=1C1RXQR_enIN1098IN1098&amp;sxsrf=AHTn8zrgE7FrmNwSGqFsR_aJD8gWxreCYA%3A1741685668457&amp;ei=pAPQZ9fQG9WZvr0PmoCWiAk&amp;ved=0ahUKEwjXstDc3IGMAxXVjK8BHRqABZEQ4dUDCBA&amp;uact=5&amp;oq=Buy+China+White+Heroin+Online&amp;gs_lp=Egxnd3Mtd2l6LXNlcnAiHUJ1eSBDaGluYSBXaGl0ZSBIZXJvaW4gT25saW5lSIYIUNUDWNUDcAN4AJABAJgBtAGgAbQBqgEDMC4xuAEDyAEA-AEC-AEBmAIAoAIAmAMAiAYBkgcAoAdR&amp;sclient=gws-wiz-serp\">China white heroin<\/a> est complexe et implique plusieurs \u00e9tapes diff\u00e9rentes.<\/p>\n<p style=\"text-align: justify;\">Premi\u00e8rement, les mati\u00e8res premi\u00e8res - g\u00e9n\u00e9ralement l'opium - proviennent d'Afghanistan ou du Pakistan. Ensuite, l'opium est transform\u00e9 en morphine en utilisant des techniques de cuisson \u00e0 froid ou sous vide. Ce processus rend la morphine beaucoup plus difficile \u00e0 d\u00e9tecter et \u00e0 utiliser, ce qui la rend plus d\u00e9sirable pour les trafiquants de drogue.<\/p>\n<p style=\"text-align: justify;\">To\u00a0<a href=\"https:\/\/www.google.com\/search?q=Buy+China+White+Heroin+Online&amp;num=10&amp;sca_esv=1a2a07081c7891bb&amp;rlz=1C1RXQR_enIN1098IN1098&amp;sxsrf=AHTn8zrgE7FrmNwSGqFsR_aJD8gWxreCYA%3A1741685668457&amp;ei=pAPQZ9fQG9WZvr0PmoCWiAk&amp;ved=0ahUKEwjXstDc3IGMAxXVjK8BHRqABZEQ4dUDCBA&amp;uact=5&amp;oq=Buy+China+White+Heroin+Online&amp;gs_lp=Egxnd3Mtd2l6LXNlcnAiHUJ1eSBDaGluYSBXaGl0ZSBIZXJvaW4gT25saW5lSIYIUNUDWNUDcAN4AJABAJgBtAGgAbQBqgEDMC4xuAEDyAEA-AEC-AEBmAIAoAIAmAMAiAYBkgcAoAdR&amp;sclient=gws-wiz-serp\">commander de l'h\u00e9ro\u00efne blanche chinoise en ligne<\/a> de Narco Powders, vous pouvez parcourir les diff\u00e9rents types de <a href=\"https:\/\/www.bing.com\/search?q=Buy%20China%20White%20Heroin%20Online&amp;qs=n&amp;form=QBRE&amp;sp=-1&amp;lq=0&amp;pq=buy%20china%20white%20heroin%20online&amp;sc=0-29&amp;sk=&amp;cvid=28E8386036E745749A9FBCADDC566C1F&amp;ghsh=0&amp;ghacc=0&amp;ghpl=\">China White heroin<\/a> Pour commander de l'h\u00e9ro\u00efne blanche de Chine en ligne aupr\u00e8s de Narco Powders, vous pouvez parcourir les diff\u00e9rents types d'h\u00e9ro\u00efne blanche de Chine disponibles sur le site Web et choisir la dose que vous souhaitez acheter. Assurez-vous de lire les informations de s\u00e9curit\u00e9 avant de faire votre achat afin de savoir quelles pr\u00e9cautions prendre lors de l'utilisation de ce m\u00e9dicament.<\/p>\n<h3 style=\"text-align: justify;\">Avantages de l'h\u00e9ro\u00efne blanche de Chine<\/h3>\n<p style=\"text-align: justify;\"><a href=\"https:\/\/duckduckgo.com\/?q=Buy+China+White+Heroin+Online&amp;t=h_&amp;ia=web\">China white heroin<\/a> L'h\u00e9ro\u00efne blanche de Chine est une forme d'h\u00e9ro\u00efne tr\u00e8s puissante et de qualit\u00e9 qui est disponible exclusivement en ligne sur Narco Powder. Contrairement \u00e0 d'autres types d'h\u00e9ro\u00efne, qui peuvent \u00eatre m\u00e9lang\u00e9es \u00e0 d'autres substances pour augmenter la puissance et cr\u00e9er divers types de drogues, l'h\u00e9ro\u00efne blanche chinoise est pure et constante d'un achat \u00e0 l'autre. Cela signifie que vous obtiendrez les m\u00eames effets puissants \u00e0 chaque fois que vous le prendrez, peu importe ce qu'il y a d'autre dans votre syst\u00e8me.<\/p>\n<p style=\"text-align: justify;\">L'h\u00e9ro\u00efne blanche de Chine est une excellente option pour ceux qui recherchent un high puissant sans effets secondaires d\u00e9sagr\u00e9ables ni risques associ\u00e9s \u00e0 d'autres opio\u00efdes, tels que le fentanyl ou les m\u00e9dicaments \u00e0 base de morphine. C'est facile \u00e0 trouver et \u00e0 acheter <a href=\"https:\/\/duckduckgo.com\/?q=Buy+China+White+Heroin+Online&amp;t=h_&amp;ia=web\"><strong>buy<\/strong>\u00a0<\/a><strong><a href=\"https:\/\/duckduckgo.com\/?q=Buy+China+White+Heroin+Online&amp;t=h_&amp;ia=web\">H\u00e9ro\u00efne blanche de Chine \u00e0 vendre<\/a>\u00a0<\/strong>chez Narco Powders, alors n'attendez plus.<\/p>\n<h3 style=\"text-align: justify;\">Effets secondaires de l'h\u00e9ro\u00efne blanche de Chine<\/h3>\n<p style=\"text-align: justify;\">L'h\u00e9ro\u00efne blanche de Chine peut avoir des effets secondaires graves, il est donc important d'\u00eatre conscient des dangers qu'elle repr\u00e9sente avant de l'utiliser. Les effets secondaires courants comprennent les naus\u00e9es, les \u00e9tourdissements, les maux de t\u00eate, la confusion, l'irritabilit\u00e9 et l'anxi\u00e9t\u00e9. Si elle est consomm\u00e9e en exc\u00e8s et sur une p\u00e9riode prolong\u00e9e, l'h\u00e9ro\u00efne blanche de Chine peut cr\u00e9er une forte d\u00e9pendance et entra\u00eener d'autres cons\u00e9quences graves.<\/p>\n<h3 style=\"text-align: justify;\">O\u00f9 acheter de l'h\u00e9ro\u00efne blanche de Chine en ligne\u00a0?<\/h3>\n<p style=\"text-align: justify;\">L'h\u00e9ro\u00efne blanche de Chine est une substance puissante et dangereuse. Il peut fournir des effets euphorisants ainsi que de nombreux risques potentiels pour la sant\u00e9. Les m\u00e9thodes de production de ce m\u00e9dicament peuvent aller du brut au sophistiqu\u00e9, selon le fournisseur et ses ressources. Il est important d'\u00eatre conscient des risques associ\u00e9s \u00e0 l'utilisation de ce m\u00e9dicament et de ne l'acheter que d'une source fiable comme Narco Powders. Nous adh\u00e9rons aux protocoles de s\u00e9curit\u00e9 et le livrons \u00e0 votre porte dans les plus brefs d\u00e9lais.<\/p>","protected":false},"excerpt":{"rendered":"<p>Buy China White Heroin Online The opioid epidemic is causing havoc in the United States and around the world. In response, many people are looking for ways to get access to powerful, pure heroin that doesn&#8217;t involve dealing with sketchy street dealers. Fortunately, there&#8217;s a great option available in the form of China white heroin. [&hellip;]<\/p>","protected":false},"featured_media":19242,"comment_status":"open","ping_status":"closed","template":"","meta":{"_joinchat":[]},"product_brand":[],"product_cat":[1168],"product_tag":[],"class_list":{"0":"post-19218","1":"product","2":"type-product","3":"status-publish","4":"has-post-thumbnail","6":"product_cat-buy-heroin-online","8":"first","9":"instock","10":"shipping-taxable","11":"purchasable","12":"product-type-variable","13":"add-to-wishlist-after_add_to_cart"},"yoast_head":"<!-- This site is optimized with the Yoast SEO plugin v25.9 - https:\/\/yoast.com\/wordpress\/plugins\/seo\/ -->\n<title>Buy China White Heroin Online - China White Heroin for Sale<\/title>\n<meta name=\"description\" content=\"Buy china white heroin online from our reliable store narcopowders.com. We offer the china white heroin for sale with discreet shipping service.\" \/>\n<meta name=\"robots\" content=\"index, follow, max-snippet:-1, max-image-preview:large, max-video-preview:-1\" \/>\n<link rel=\"canonical\" href=\"https:\/\/narcopowders.com\/fr\/produit\/heroine-blanche-de-chine\/\" \/>\n<meta property=\"og:locale\" content=\"fr_FR\" \/>\n<meta property=\"og:type\" content=\"article\" \/>\n<meta property=\"og:title\" content=\"Buy China White Heroin Online - China White Heroin for Sale\" \/>\n<meta property=\"og:description\" content=\"Buy china white heroin online from our reliable store narcopowders.com. We offer the china white heroin for sale with discreet shipping service.\" \/>\n<meta property=\"og:url\" content=\"https:\/\/narcopowders.com\/fr\/produit\/heroine-blanche-de-chine\/\" \/>\n<meta property=\"og:site_name\" content=\"Narco Powders\" \/>\n<meta property=\"article:modified_time\" content=\"2025-03-25T12:33:41+00:00\" \/>\n<meta property=\"og:image\" content=\"https:\/\/narcopowders.com\/wp-content\/uploads\/2023\/01\/china-white-heroin.jpg\" \/>\n\t<meta property=\"og:image:width\" content=\"600\" \/>\n\t<meta property=\"og:image:height\" content=\"600\" \/>\n\t<meta property=\"og:image:type\" content=\"image\/jpeg\" \/>\n<meta name=\"twitter:card\" content=\"summary_large_image\" \/>\n<meta name=\"twitter:label1\" content=\"Dur\u00e9e de lecture estim\u00e9e\" \/>\n\t<meta name=\"twitter:data1\" content=\"3 minutes\" \/>\n<!-- \/ Yoast SEO plugin. -->","yoast_head_json":{"title":"Buy China White Heroin Online - China White Heroin for Sale","description":"Achetez de l'h\u00e9ro\u00efne blanche en ligne sur notre site fiable narcopowders.com. Nous proposons la vente de china white heroin avec un service de livraison discret.","robots":{"index":"index","follow":"follow","max-snippet":"max-snippet:-1","max-image-preview":"max-image-preview:large","max-video-preview":"max-video-preview:-1"},"canonical":"https:\/\/narcopowders.com\/fr\/produit\/heroine-blanche-de-chine\/","og_locale":"fr_FR","og_type":"article","og_title":"Buy China White Heroin Online - China White Heroin for Sale","og_description":"Buy china white heroin online from our reliable store narcopowders.com. We offer the china white heroin for sale with discreet shipping service.","og_url":"https:\/\/narcopowders.com\/fr\/produit\/heroine-blanche-de-chine\/","og_site_name":"Narco Powders","article_modified_time":"2025-03-25T12:33:41+00:00","og_image":[{"width":600,"height":600,"url":"https:\/\/narcopowders.com\/wp-content\/uploads\/2023\/01\/china-white-heroin.jpg","type":"image\/jpeg"}],"twitter_card":"summary_large_image","twitter_misc":{"Dur\u00e9e de lecture estim\u00e9e":"3 minutes"},"schema":{"@context":"https:\/\/schema.org","@graph":[{"@type":"WebPage","@id":"https:\/\/narcopowders.com\/product\/china-white-heroin\/","url":"https:\/\/narcopowders.com\/product\/china-white-heroin\/","name":"Buy China White Heroin Online - China White Heroin for Sale","isPartOf":{"@id":"https:\/\/narcopowders.com\/#website"},"primaryImageOfPage":{"@id":"https:\/\/narcopowders.com\/product\/china-white-heroin\/#primaryimage"},"image":{"@id":"https:\/\/narcopowders.com\/product\/china-white-heroin\/#primaryimage"},"thumbnailUrl":"https:\/\/narcopowders.com\/wp-content\/uploads\/2023\/01\/china-white-heroin.jpg","datePublished":"2023-01-03T09:19:24+00:00","dateModified":"2025-03-25T12:33:41+00:00","description":"Achetez de l'h\u00e9ro\u00efne blanche en ligne sur notre site fiable narcopowders.com. Nous proposons la vente de china white heroin avec un service de livraison discret.","breadcrumb":{"@id":"https:\/\/narcopowders.com\/product\/china-white-heroin\/#breadcrumb"},"inLanguage":"fr-FR","potentialAction":[{"@type":"ReadAction","target":["https:\/\/narcopowders.com\/product\/china-white-heroin\/"]}]},{"@type":"ImageObject","inLanguage":"fr-FR","@id":"https:\/\/narcopowders.com\/product\/china-white-heroin\/#primaryimage","url":"https:\/\/narcopowders.com\/wp-content\/uploads\/2023\/01\/china-white-heroin.jpg","contentUrl":"https:\/\/narcopowders.com\/wp-content\/uploads\/2023\/01\/china-white-heroin.jpg","width":600,"height":600,"caption":"Buy China White Heroin Online"},{"@type":"BreadcrumbList","@id":"https:\/\/narcopowders.com\/product\/china-white-heroin\/#breadcrumb","itemListElement":[{"@type":"ListItem","position":1,"name":"Home","item":"https:\/\/narcopowders.com\/"},{"@type":"ListItem","position":2,"name":"Shop Page","item":"https:\/\/narcopowders.com\/shop\/"},{"@type":"ListItem","position":3,"name":"Buy China White Heroin Online"}]},{"@type":"WebSite","@id":"https:\/\/narcopowders.com\/#website","url":"https:\/\/narcopowders.com\/","name":"Poudres Narco","description":"Mon blog WordPress","potentialAction":[{"@type":"SearchAction","target":{"@type":"EntryPoint","urlTemplate":"https:\/\/narcopowders.com\/?s={search_term_string}"},"query-input":{"@type":"PropertyValueSpecification","valueRequired":true,"valueName":"search_term_string"}}],"inLanguage":"fr-FR"}]}},"_links":{"self":[{"href":"https:\/\/narcopowders.com\/fr\/wp-json\/wp\/v2\/product\/19218","targetHints":{"allow":["GET"]}}],"collection":[{"href":"https:\/\/narcopowders.com\/fr\/wp-json\/wp\/v2\/product"}],"about":[{"href":"https:\/\/narcopowders.com\/fr\/wp-json\/wp\/v2\/types\/product"}],"replies":[{"embeddable":true,"href":"https:\/\/narcopowders.com\/fr\/wp-json\/wp\/v2\/comments?post=19218"}],"wp:featuredmedia":[{"embeddable":true,"href":"https:\/\/narcopowders.com\/fr\/wp-json\/wp\/v2\/media\/19242"}],"wp:attachment":[{"href":"https:\/\/narcopowders.com\/fr\/wp-json\/wp\/v2\/media?parent=19218"}],"wp:term":[{"taxonomy":"product_brand","embeddable":true,"href":"https:\/\/narcopowders.com\/fr\/wp-json\/wp\/v2\/product_brand?post=19218"},{"taxonomy":"product_cat","embeddable":true,"href":"https:\/\/narcopowders.com\/fr\/wp-json\/wp\/v2\/product_cat?post=19218"},{"taxonomy":"product_tag","embeddable":true,"href":"https:\/\/narcopowders.com\/fr\/wp-json\/wp\/v2\/product_tag?post=19218"}],"curies":[{"name":"wp","href":"https:\/\/api.w.org\/{rel}","templated":true}]}}