{"id":19219,"date":"2023-01-03T09:18:43","date_gmt":"2023-01-03T09:18:43","guid":{"rendered":"https:\/\/narcopowders.com\/?post_type=product&#038;p=19219"},"modified":"2025-03-25T12:37:48","modified_gmt":"2025-03-25T12:37:48","slug":"uncut-heroin","status":"publish","type":"product","link":"https:\/\/narcopowders.com\/fr\/produit\/non-coupe-heroine\/","title":{"rendered":"H\u00e9ro\u00efne non coup\u00e9e"},"content":{"rendered":"<h2 style=\"text-align: justify;\">Acheter de l'h\u00e9ro\u00efne non coup\u00e9e en ligne<\/h2>\n<p style=\"text-align: justify;\"><a href=\"https:\/\/en.wikipedia.org\/wiki\/Heroin\">Uncut heroin<\/a> L'h\u00e9ro\u00efne non coup\u00e9e peut \u00eatre achet\u00e9e en ligne aupr\u00e8s de certains fournisseurs, mais cela comporte ses propres risques. Donc, si vous vous demandez o\u00f9 acheter de l'h\u00e9ro\u00efne non coup\u00e9e en ligne, authentique et s\u00fbre,\u00a0Narco Powders est votre magasin de pr\u00e9dilection. <a href=\"https:\/\/narcopowders.com\/fr\/produit\/non-coupe-heroine\/\">buy uncut heroin online<\/a> qui est authentique et s\u00fbr,\u00a0<a href=\"https:\/\/narcopowders.com\/fr\/\">Poudres Narco<\/a> is your go-to store.<\/p>\n<h3 style=\"text-align: justify;\">Comment l'h\u00e9ro\u00efne non coup\u00e9e est-elle fabriqu\u00e9e\u00a0?<\/h3>\n<p style=\"text-align: justify;\">L'h\u00e9ro\u00efne non coup\u00e9e est fabriqu\u00e9e \u00e0 partir des gousses s\u00e9ch\u00e9es de la plante de pavot \u00e0 opium. <a href=\"https:\/\/www.google.com\/search?q=Buy+Uncut+Heroin+Online&amp;sca_esv=7d1b82273738a5db&amp;sxsrf=AHTn8zqSop3OM4vkMObcHMIO6R9xb_KCdw%3A1742905711939&amp;ei=b6HiZ_v3OKmeseMP__7noQ0&amp;ved=0ahUKEwi769jenaWMAxUpT2wGHX__OdQQ4dUDCA8&amp;uact=5&amp;oq=Buy+Uncut+Heroin+Online&amp;gs_lp=Egxnd3Mtd2l6LXNlcnAiF0J1eSBVbmN1dCBIZXJvaW4gT25saW5lSLkNUIUCWIUCcAF4AJABAJgB2QGgAdkBqgEDMi0xuAEDyAEA-AEB-AECmAIBoAJbqAIQwgIHECMYJxjqAsICFxAAGIAEGJECGLQCGMcDGIoFGOoC2AEBwgIQEAAYAxi0AhjqAhiPAdgBAZgDW_EFrG91rDpW1GO6BgYIARABGAGSBwExoAdTsgcAuAcA&amp;sclient=gws-wiz-serp\">Il est r\u00e9colt\u00e9 et transform\u00e9 en vin blanc<\/a>L'h\u00e9ro\u00efne non coup\u00e9e est fabriqu\u00e9e \u00e0 partir des gousses s\u00e9ch\u00e9es de la plante de pavot \u00e0 opium. Il est r\u00e9colt\u00e9 et transform\u00e9 en une substance blanche et poudreuse. Il contient des niveaux \u00e9lev\u00e9s d'opio\u00efdes puissants et d'autres m\u00e9dicaments, dont la morphine et la cod\u00e9ine. Le produit final est un type d'opium non raffin\u00e9 et exempt d'additifs et d'agents de traitement suppl\u00e9mentaires. La puissance du m\u00e9dicament varie en fonction de la quantit\u00e9 d'humidit\u00e9 et d'alcalo\u00efdes pr\u00e9sents.<\/p>\n<h3 style=\"text-align: justify;\">Avantages de l'h\u00e9ro\u00efne non coup\u00e9e<\/h3>\n<p style=\"text-align: justify;\">Si vous recherchez un high meilleur que les autres, l'h\u00e9ro\u00efne non coup\u00e9e devrait \u00eatre votre choix. L'h\u00e9ro\u00efne non coup\u00e9e a une puissance et une puret\u00e9 plus \u00e9lev\u00e9es que les autres types d'h\u00e9ro\u00efne, ce qui se traduit par de meilleurs effets et de meilleurs r\u00e9sultats \u00e0 long terme. De plus, il peut \u00eatre personnalis\u00e9 selon les besoins de l'utilisateur, cr\u00e9ant des cocktails qui offrent plus de contr\u00f4le sur le dosage et la qualit\u00e9 du m\u00e9dicament.<\/p>\n<p style=\"text-align: justify;\"><a href=\"https:\/\/www.bing.com\/search?q=Buy%20Uncut%20Heroin%20Online&amp;qs=n&amp;form=QBRE&amp;sp=-1&amp;lq=0&amp;pq=buy%20uncut%20heroin%20online&amp;sc=0-23&amp;sk=&amp;cvid=C47FB2A3D0B84EA8801EC7F34ACFAE77&amp;ghsh=0&amp;ghacc=0&amp;ghpl=\"><strong>H\u00e9ro\u00efne non coup\u00e9e \u00e0 vendre<\/strong><\/a> en ligne est \u00e9galement plus s\u00fbr \u00e0 utiliser dans un environnement contr\u00f4l\u00e9. En raison de sa puissance plus \u00e9lev\u00e9e, il existe un risque r\u00e9duit de surdosage. De plus, l'h\u00e9ro\u00efne non coup\u00e9e entra\u00eene moins d'effets secondaires et un risque de d\u00e9pendance plus faible que les autres formes d'h\u00e9ro\u00efne. En fait, les utilisateurs ont m\u00eame d\u00e9clar\u00e9 qu'il est plus facile de trouver des produits purs et puissants\u00a0<strong><a href=\"https:\/\/www.google.com\/search?q=Buy+Uncut+Heroin+Online&amp;sca_esv=7d1b82273738a5db&amp;sxsrf=AHTn8zqSop3OM4vkMObcHMIO6R9xb_KCdw%3A1742905711939&amp;ei=b6HiZ_v3OKmeseMP__7noQ0&amp;ved=0ahUKEwi769jenaWMAxUpT2wGHX__OdQQ4dUDCA8&amp;uact=5&amp;oq=Buy+Uncut+Heroin+Online&amp;gs_lp=Egxnd3Mtd2l6LXNlcnAiF0J1eSBVbmN1dCBIZXJvaW4gT25saW5lSLkNUIUCWIUCcAF4AJABAJgB2QGgAdkBqgEDMi0xuAEDyAEA-AEB-AECmAIBoAJbqAIQwgIHECMYJxjqAsICFxAAGIAEGJECGLQCGMcDGIoFGOoC2AEBwgIQEAAYAxi0AhjqAhiPAdgBAZgDW_EFrG91rDpW1GO6BgYIARABGAGSBwExoAdTsgcAuAcA&amp;sclient=gws-wiz-serp\">h\u00e9ro\u00efne non coup\u00e9e<\/a>\u00a0<\/strong>chez Narco Powders.<\/p>\n<h3 style=\"text-align: justify;\">Effets secondaires de l'h\u00e9ro\u00efne non coup\u00e9e<\/h3>\n<p style=\"text-align: justify;\">Les risques pour la sant\u00e9 associ\u00e9s \u00e0 la consommation d\u2019h\u00e9ro\u00efne non coup\u00e9e comprennent un risque accru de d\u00e9pendance et de surdose, ainsi que des taux plus \u00e9lev\u00e9s de VIH et d\u2019autres infections. <a href=\"https:\/\/duckduckgo.com\/?q=Buy+Uncut+Heroin+Online&amp;t=h_&amp;ia=web\">Uncut heroin<\/a> peut \u00e9galement provoquer des effets physiques tels que des naus\u00e9es, des vomissements, une acc\u00e9l\u00e9ration du rythme cardiaque et un risque accru de surdose. Dans certains cas, cela peut m\u00eame entra\u00eener la mort.<\/p>\n<h3 style=\"text-align: justify;\">O\u00f9 acheter de l'h\u00e9ro\u00efne non coup\u00e9e en ligne\u00a0?<\/h3>\n<p style=\"text-align: justify;\">Lors de la recherche\u00a0<a href=\"https:\/\/www.bing.com\/search?q=Buy%20Uncut%20Heroin%20Online&amp;qs=n&amp;form=QBRE&amp;sp=-1&amp;lq=0&amp;pq=buy%20uncut%20heroin%20online&amp;sc=0-23&amp;sk=&amp;cvid=C47FB2A3D0B84EA8801EC7F34ACFAE77&amp;ghsh=0&amp;ghacc=0&amp;ghpl=\"><strong>h\u00e9ro\u00efne en vrac non coup\u00e9e<\/strong><\/a>, recherchez des sources telles que les poudres Narco qui ont \u00e9t\u00e9 v\u00e9rifi\u00e9es par des sources tierces comme \u00e9tant des produits de haute qualit\u00e9. Lorsque vous consid\u00e9rez les prix de l'h\u00e9ro\u00efne non coup\u00e9e en ligne, n'oubliez pas que les prix peuvent varier consid\u00e9rablement en fonction du lieu (par exemple, dans les villes o\u00f9 la valeur marchande de l'h\u00e9ro\u00efne a tendance \u00e0 \u00eatre plus \u00e9lev\u00e9e), de l'heure de la journ\u00e9e (les c\u00e9r\u00e9monies d'euthanasie entra\u00eenent souvent des prix plus \u00e9lev\u00e9s), de la m\u00e9thode de paiement (les cartes de cr\u00e9dit ont tendance \u00e0 facturer des taux plus \u00e9lev\u00e9s que PayPal), etc. l'attention s'assure principalement que les niveaux de puret\u00e9 et de fra\u00eecheur sont maintenus tout au long du processus de transport et d'achat plut\u00f4t qu'au stade du produit final.<\/p>\n<h3 style=\"text-align: justify;\">Achetez de l'h\u00e9ro\u00efne non coup\u00e9e en ligne chez Narco Powders<\/h3>\n<p style=\"text-align: justify;\">Il est important de se rappeler que la consommation d'h\u00e9ro\u00efne non coup\u00e9e peut avoir de graves cons\u00e9quences si elle n'est pas utilis\u00e9e correctement ou de mani\u00e8re responsable. Ainsi, vous devez seulement <a href=\"https:\/\/duckduckgo.com\/?q=Buy+Uncut+Heroin+Online&amp;t=h_&amp;ia=web\"><strong>commander de l'h\u00e9ro\u00efne non coup\u00e9e en ligne<\/strong><\/a> de dispensaires r\u00e9put\u00e9s comme Narco Powders. Nous vendons uniquement de l'h\u00e9ro\u00efne authentique et non coup\u00e9e en gros au meilleur prix.<\/p>","protected":false},"excerpt":{"rendered":"<p>Buy Uncut Heroin Online Uncut heroin can be bought online from certain vendors, but this comes with its own risks. So, if you have been wondering where to buy uncut heroin online that is authentic and safe,\u00a0Narco Powders is your go-to store. How Is Uncut Heroin Made? Uncut heroin is made from the dried pods [&hellip;]<\/p>","protected":false},"featured_media":19241,"comment_status":"open","ping_status":"closed","template":"","meta":{"_joinchat":[]},"product_brand":[],"product_cat":[1168],"product_tag":[],"class_list":{"0":"post-19219","1":"product","2":"type-product","3":"status-publish","4":"has-post-thumbnail","6":"product_cat-buy-heroin-online","8":"first","9":"instock","10":"shipping-taxable","11":"purchasable","12":"product-type-variable","13":"add-to-wishlist-after_add_to_cart"},"yoast_head":"<!-- This site is optimized with the Yoast SEO plugin v25.9 - https:\/\/yoast.com\/wordpress\/plugins\/seo\/ -->\n<title>Buy Uncut Heroin Online - High Purity Uncut Heroin for Sale<\/title>\n<meta name=\"description\" content=\"if you are looking to buy uncut heroin online at best price, we are a reliable source where you can get high purity uncut heroin for sale. Order Now!\" \/>\n<meta name=\"robots\" content=\"index, follow, max-snippet:-1, max-image-preview:large, max-video-preview:-1\" \/>\n<link rel=\"canonical\" href=\"https:\/\/narcopowders.com\/fr\/produit\/non-coupe-heroine\/\" \/>\n<meta property=\"og:locale\" content=\"fr_FR\" \/>\n<meta property=\"og:type\" content=\"article\" \/>\n<meta property=\"og:title\" content=\"Buy Uncut Heroin Online - High Purity Uncut Heroin for Sale\" \/>\n<meta property=\"og:description\" content=\"if you are looking to buy uncut heroin online at best price, we are a reliable source where you can get high purity uncut heroin for sale. Order Now!\" \/>\n<meta property=\"og:url\" content=\"https:\/\/narcopowders.com\/fr\/produit\/non-coupe-heroine\/\" \/>\n<meta property=\"og:site_name\" content=\"Narco Powders\" \/>\n<meta property=\"article:modified_time\" content=\"2025-03-25T12:37:48+00:00\" \/>\n<meta property=\"og:image\" content=\"https:\/\/narcopowders.com\/wp-content\/uploads\/2023\/01\/uncut-heroin.jpg\" \/>\n\t<meta property=\"og:image:width\" content=\"600\" \/>\n\t<meta property=\"og:image:height\" content=\"600\" \/>\n\t<meta property=\"og:image:type\" content=\"image\/jpeg\" \/>\n<meta name=\"twitter:card\" content=\"summary_large_image\" \/>\n<meta name=\"twitter:label1\" content=\"Dur\u00e9e de lecture estim\u00e9e\" \/>\n\t<meta name=\"twitter:data1\" content=\"3 minutes\" \/>\n<!-- \/ Yoast SEO plugin. -->","yoast_head_json":{"title":"Acheter de l'h\u00e9ro\u00efne non coup\u00e9e en ligne - H\u00e9ro\u00efne non coup\u00e9e de haute puret\u00e9 \u00e0 vendre","description":"Si vous cherchez \u00e0 acheter de l'h\u00e9ro\u00efne non coup\u00e9e en ligne au meilleur prix, nous sommes une source fiable o\u00f9 vous pouvez obtenir de l'h\u00e9ro\u00efne non coup\u00e9e de haute puret\u00e9 \u00e0 vendre. Commandez maintenant!","robots":{"index":"index","follow":"follow","max-snippet":"max-snippet:-1","max-image-preview":"max-image-preview:large","max-video-preview":"max-video-preview:-1"},"canonical":"https:\/\/narcopowders.com\/fr\/produit\/non-coupe-heroine\/","og_locale":"fr_FR","og_type":"article","og_title":"Buy Uncut Heroin Online - High Purity Uncut Heroin for Sale","og_description":"if you are looking to buy uncut heroin online at best price, we are a reliable source where you can get high purity uncut heroin for sale. Order Now!","og_url":"https:\/\/narcopowders.com\/fr\/produit\/non-coupe-heroine\/","og_site_name":"Narco Powders","article_modified_time":"2025-03-25T12:37:48+00:00","og_image":[{"width":600,"height":600,"url":"https:\/\/narcopowders.com\/wp-content\/uploads\/2023\/01\/uncut-heroin.jpg","type":"image\/jpeg"}],"twitter_card":"summary_large_image","twitter_misc":{"Dur\u00e9e de lecture estim\u00e9e":"3 minutes"},"schema":{"@context":"https:\/\/schema.org","@graph":[{"@type":"WebPage","@id":"https:\/\/narcopowders.com\/product\/uncut-heroin\/","url":"https:\/\/narcopowders.com\/product\/uncut-heroin\/","name":"Acheter de l'h\u00e9ro\u00efne non coup\u00e9e en ligne - H\u00e9ro\u00efne non coup\u00e9e de haute puret\u00e9 \u00e0 vendre","isPartOf":{"@id":"https:\/\/narcopowders.com\/#website"},"primaryImageOfPage":{"@id":"https:\/\/narcopowders.com\/product\/uncut-heroin\/#primaryimage"},"image":{"@id":"https:\/\/narcopowders.com\/product\/uncut-heroin\/#primaryimage"},"thumbnailUrl":"https:\/\/narcopowders.com\/wp-content\/uploads\/2023\/01\/uncut-heroin.jpg","datePublished":"2023-01-03T09:18:43+00:00","dateModified":"2025-03-25T12:37:48+00:00","description":"Si vous cherchez \u00e0 acheter de l'h\u00e9ro\u00efne non coup\u00e9e en ligne au meilleur prix, nous sommes une source fiable o\u00f9 vous pouvez obtenir de l'h\u00e9ro\u00efne non coup\u00e9e de haute puret\u00e9 \u00e0 vendre. Commandez maintenant!","breadcrumb":{"@id":"https:\/\/narcopowders.com\/product\/uncut-heroin\/#breadcrumb"},"inLanguage":"fr-FR","potentialAction":[{"@type":"ReadAction","target":["https:\/\/narcopowders.com\/product\/uncut-heroin\/"]}]},{"@type":"ImageObject","inLanguage":"fr-FR","@id":"https:\/\/narcopowders.com\/product\/uncut-heroin\/#primaryimage","url":"https:\/\/narcopowders.com\/wp-content\/uploads\/2023\/01\/uncut-heroin.jpg","contentUrl":"https:\/\/narcopowders.com\/wp-content\/uploads\/2023\/01\/uncut-heroin.jpg","width":600,"height":600,"caption":"Buy Uncut Heroin Online"},{"@type":"BreadcrumbList","@id":"https:\/\/narcopowders.com\/product\/uncut-heroin\/#breadcrumb","itemListElement":[{"@type":"ListItem","position":1,"name":"Home","item":"https:\/\/narcopowders.com\/"},{"@type":"ListItem","position":2,"name":"Shop Page","item":"https:\/\/narcopowders.com\/shop\/"},{"@type":"ListItem","position":3,"name":"Uncut Heroin"}]},{"@type":"WebSite","@id":"https:\/\/narcopowders.com\/#website","url":"https:\/\/narcopowders.com\/","name":"Poudres Narco","description":"Mon blog WordPress","potentialAction":[{"@type":"SearchAction","target":{"@type":"EntryPoint","urlTemplate":"https:\/\/narcopowders.com\/?s={search_term_string}"},"query-input":{"@type":"PropertyValueSpecification","valueRequired":true,"valueName":"search_term_string"}}],"inLanguage":"fr-FR"}]}},"_links":{"self":[{"href":"https:\/\/narcopowders.com\/fr\/wp-json\/wp\/v2\/product\/19219","targetHints":{"allow":["GET"]}}],"collection":[{"href":"https:\/\/narcopowders.com\/fr\/wp-json\/wp\/v2\/product"}],"about":[{"href":"https:\/\/narcopowders.com\/fr\/wp-json\/wp\/v2\/types\/product"}],"replies":[{"embeddable":true,"href":"https:\/\/narcopowders.com\/fr\/wp-json\/wp\/v2\/comments?post=19219"}],"wp:featuredmedia":[{"embeddable":true,"href":"https:\/\/narcopowders.com\/fr\/wp-json\/wp\/v2\/media\/19241"}],"wp:attachment":[{"href":"https:\/\/narcopowders.com\/fr\/wp-json\/wp\/v2\/media?parent=19219"}],"wp:term":[{"taxonomy":"product_brand","embeddable":true,"href":"https:\/\/narcopowders.com\/fr\/wp-json\/wp\/v2\/product_brand?post=19219"},{"taxonomy":"product_cat","embeddable":true,"href":"https:\/\/narcopowders.com\/fr\/wp-json\/wp\/v2\/product_cat?post=19219"},{"taxonomy":"product_tag","embeddable":true,"href":"https:\/\/narcopowders.com\/fr\/wp-json\/wp\/v2\/product_tag?post=19219"}],"curies":[{"name":"wp","href":"https:\/\/api.w.org\/{rel}","templated":true}]}}