{"id":19417,"date":"2023-07-29T07:40:51","date_gmt":"2023-07-29T07:40:51","guid":{"rendered":"https:\/\/narcopowders.com\/?post_type=product&#038;p=19417"},"modified":"2025-03-10T09:57:40","modified_gmt":"2025-03-10T09:57:40","slug":"buy-methamphetamine-crystal-meth-online","status":"publish","type":"product","link":"https:\/\/narcopowders.com\/fr\/produit\/buy-methamphetamine-crystal-meth-online\/","title":{"rendered":"Acheter de la m\u00e9thamph\u00e9tamine (Crystal meth) en ligne"},"content":{"rendered":"<h2>Acheter de la m\u00e9thamph\u00e9tamine (Crystal meth) en ligne<\/h2>\n<p><a href=\"https:\/\/narcopowders.com\/fr\/produit\/buy-methamphetamine-crystal-meth-online\/\">Metamfetamin<\/a>czasami nazywana metamfetamin\u0105 krystaliczn\u0105, jest dost\u0119pna online. Istnieje tylko jeden rodzaj tego narkotyku. <a href=\"https:\/\/www.bing.com\/search?q=Buy%20Methamphetamine%20(Crystal%20meth)%20online&amp;qs=n&amp;form=QBRE&amp;sp=-1&amp;lq=0&amp;pq=buy%20methamphetamine%20(crystal%20meth)%20online&amp;sc=0-41&amp;sk=&amp;cvid=BB60AAAE0D5B429C974E1362F4E5F21B&amp;ghsh=0&amp;ghacc=0&amp;ghpl=\">Metamfetamin<\/a> disponible ici, et il est toujours conseill\u00e9 d'obtenir des produits de haute qualit\u00e9 plut\u00f4t que les produits dangereux qui sont vendus ailleurs. La m\u00e9thamph\u00e9tamine peut \u00eatre achet\u00e9e en ligne.<\/p>\n<p><a href=\"https:\/\/www.bing.com\/search?q=Buy%20Methamphetamine%20(Crystal%20meth)%20online&amp;qs=n&amp;form=QBRE&amp;sp=-1&amp;lq=0&amp;pq=buy%20methamphetamine%20(crystal%20meth)%20online&amp;sc=0-41&amp;sk=&amp;cvid=BB60AAAE0D5B429C974E1362F4E5F21B&amp;ghsh=0&amp;ghacc=0&amp;ghpl=\">Metamfetamin<\/a> La m\u00e9thamph\u00e9tamine agit sur le syst\u00e8me nerveux central et est un stimulant puissant qui cr\u00e9e une forte d\u00e9pendance. Elle se pr\u00e9sente sous la forme d'une poudre cristalline blanche, inodore, au go\u00fbt amer, qui se dissout facilement dans l'eau ou l'alcool. Elle est \u00e9galement connue sous les noms de meth, blue, ice et crystal, entre autres. <a href=\"https:\/\/duckduckgo.com\/?q=Buy+Methamphetamine+(Crystal+meth)+online&amp;t=h_&amp;ia=web\">crystal<\/a>, among many other names. <a href=\"https:\/\/narcopowders.com\/fr\/\">Narco Powders.<\/a><\/p>\n<p>Vous pouvez la consommer en la fumant, en l'injectant ou en la sniffant (inhalation par le nez). Vous pouvez m\u00eame l'absorber par voie orale, ce qui entra\u00eenera une pouss\u00e9e de confiance, d'hyperactivit\u00e9 et de vitalit\u00e9, ainsi qu'une agr\u00e9able sensation de bonheur et de bien-\u00eatre. Nous vous encourageons vivement \u00e0 ne prendre qu'une tr\u00e8s petite quantit\u00e9 et pas trop fr\u00e9quemment, car les effets durent g\u00e9n\u00e9ralement de six \u00e0 huit heures, mais peuvent aller jusqu'\u00e0 vingt-quatre heures.<\/p>\n<h3>DI CHE COLORE \u00c8 LA METANFETAMINA?<\/h3>\n<p><a href=\"https:\/\/www.google.de\/search?q=Buy+Methamphetamine+%28Crystal+meth%29+online&amp;sca_esv=1a2a07081c7891bb&amp;rlz=1C1RXQR_enIN1098IN1098&amp;ei=KrfOZ6aSI7GMvr0PkMyG4QU&amp;ved=0ahUKEwimz5XTn_-LAxUxhq8BHRCmIVwQ4dUDCBA&amp;uact=5&amp;oq=Buy+Methamphetamine+%28Crystal+meth%29+online&amp;gs_lp=Egxnd3Mtd2l6LXNlcnAiKUJ1eSBNZXRoYW1waGV0YW1pbmUgKENyeXN0YWwgbWV0aCkgb25saW5lSKgHUK0DWK0DcAJ4AJABAJgBkQKgAZECqgEDMi0xuAEDyAEA-AEC-AEBmAIAoAIAmAMAiAYBkgcAoAdd&amp;sclient=gws-wiz-serp\">Metamfetamin<\/a> is typically sold as a <a href=\"https:\/\/www.google.de\/search?q=Buy+Methamphetamine+%28Crystal+meth%29+online&amp;sca_esv=1a2a07081c7891bb&amp;rlz=1C1RXQR_enIN1098IN1098&amp;ei=KrfOZ6aSI7GMvr0PkMyG4QU&amp;ved=0ahUKEwimz5XTn_-LAxUxhq8BHRCmIVwQ4dUDCBA&amp;uact=5&amp;oq=Buy+Methamphetamine+%28Crystal+meth%29+online&amp;gs_lp=Egxnd3Mtd2l6LXNlcnAiKUJ1eSBNZXRoYW1waGV0YW1pbmUgKENyeXN0YWwgbWV0aCkgb25saW5lSKgHUK0DWK0DcAJ4AJABAJgBkQKgAZECqgEDMi0xuAEDyAEA-AEC-AEBmAIAoAIAmAMAiAYBkgcAoAdd&amp;sclient=gws-wiz-serp\">crystalline white powder<\/a> that dissolves quickly in liquids like water or alcohol but has a strong taste.<\/p>\n<p>Des poudres de diff\u00e9rentes teintes, notamment fonc\u00e9es, jaunes-dim, orange et m\u00eame roses, ont \u00e9t\u00e9 observ\u00e9es. Elle peut \u00e9galement se pr\u00e9senter sous forme de pilules. Achat de crystal meth en ligne <a href=\"https:\/\/duckduckgo.com\/?q=Buy+Methamphetamine+(Crystal+meth)+online&amp;t=h_&amp;ia=web\">kristal meth<\/a> purchases<br \/>\nIl peut \u00eatre fum\u00e9, sniff\u00e9 ou inject\u00e9, comme cela a \u00e9t\u00e9 dit pr\u00e9c\u00e9demment.<\/p>\n<p>Le th\u00e9 de coca, fabriqu\u00e9 \u00e0 partir d'un m\u00e9lange de feuilles de coca, est une autre m\u00e9thode d'utilisation courante. Afin de pr\u00e9venir l'infection de l'\u00e9l\u00e9vation, le th\u00e9 a souvent \u00e9t\u00e9 administr\u00e9 aux explorateurs dans les Andes. Cependant, son efficacit\u00e9 n'a jamais \u00e9t\u00e9 r\u00e9ellement prise en compte.<\/p>\n<p>&nbsp;<\/p>","protected":false},"excerpt":{"rendered":"<p>Buy Methamphetamine (Crystal meth) online Methamphetamine, sometimes referred to as crystal meth, is available online. There is just one type of the drug methamphetamine available here, and it is always advisable to get high-quality products rather than the unsafe ones that are sold elsewhere. Meth can be purchased online. Methamphetamine impacts the central nervous system [&hellip;]<\/p>","protected":false},"featured_media":19426,"comment_status":"open","ping_status":"closed","template":"","meta":{"_joinchat":[]},"product_brand":[],"product_cat":[1324],"product_tag":[],"class_list":{"0":"post-19417","1":"product","2":"type-product","3":"status-publish","4":"has-post-thumbnail","6":"product_cat-buy-crystal-meth-online","8":"first","9":"instock","10":"shipping-taxable","11":"purchasable","12":"product-type-variable","13":"add-to-wishlist-after_add_to_cart"},"yoast_head":"<!-- This site is optimized with the Yoast SEO plugin v25.9 - https:\/\/yoast.com\/wordpress\/plugins\/seo\/ -->\n<title>Buy Methamphetamine (Crystal meth) online - Narco Powders<\/title>\n<meta name=\"robots\" content=\"index, follow, max-snippet:-1, max-image-preview:large, max-video-preview:-1\" \/>\n<link rel=\"canonical\" href=\"https:\/\/narcopowders.com\/fr\/produit\/buy-methamphetamine-crystal-meth-online\/\" \/>\n<meta property=\"og:locale\" content=\"fr_FR\" \/>\n<meta property=\"og:type\" content=\"article\" \/>\n<meta property=\"og:title\" content=\"Buy Methamphetamine (Crystal meth) online - Narco Powders\" \/>\n<meta property=\"og:description\" content=\"Buy Methamphetamine (Crystal meth) online Methamphetamine, sometimes referred to as crystal meth, is available online. There is just one type of the drug methamphetamine available here, and it is always advisable to get high-quality products rather than the unsafe ones that are sold elsewhere. Meth can be purchased online. Methamphetamine impacts the central nervous system [&hellip;]\" \/>\n<meta property=\"og:url\" content=\"https:\/\/narcopowders.com\/fr\/produit\/buy-methamphetamine-crystal-meth-online\/\" \/>\n<meta property=\"og:site_name\" content=\"Narco Powders\" \/>\n<meta property=\"article:modified_time\" content=\"2025-03-10T09:57:40+00:00\" \/>\n<meta property=\"og:image\" content=\"https:\/\/narcopowders.com\/wp-content\/uploads\/2023\/07\/Buy-Methamphetamine.jpg\" \/>\n\t<meta property=\"og:image:width\" content=\"600\" \/>\n\t<meta property=\"og:image:height\" content=\"600\" \/>\n\t<meta property=\"og:image:type\" content=\"image\/jpeg\" \/>\n<meta name=\"twitter:card\" content=\"summary_large_image\" \/>\n<meta name=\"twitter:label1\" content=\"Dur\u00e9e de lecture estim\u00e9e\" \/>\n\t<meta name=\"twitter:data1\" content=\"2 minutes\" \/>\n<!-- \/ Yoast SEO plugin. -->","yoast_head_json":{"title":"Acheter de la m\u00e9thamph\u00e9tamine (Crystal meth) en ligne - Narco Powders","robots":{"index":"index","follow":"follow","max-snippet":"max-snippet:-1","max-image-preview":"max-image-preview:large","max-video-preview":"max-video-preview:-1"},"canonical":"https:\/\/narcopowders.com\/fr\/produit\/buy-methamphetamine-crystal-meth-online\/","og_locale":"fr_FR","og_type":"article","og_title":"Buy Methamphetamine (Crystal meth) online - Narco Powders","og_description":"Buy Methamphetamine (Crystal meth) online Methamphetamine, sometimes referred to as crystal meth, is available online. There is just one type of the drug methamphetamine available here, and it is always advisable to get high-quality products rather than the unsafe ones that are sold elsewhere. Meth can be purchased online. Methamphetamine impacts the central nervous system [&hellip;]","og_url":"https:\/\/narcopowders.com\/fr\/produit\/buy-methamphetamine-crystal-meth-online\/","og_site_name":"Narco Powders","article_modified_time":"2025-03-10T09:57:40+00:00","og_image":[{"width":600,"height":600,"url":"https:\/\/narcopowders.com\/wp-content\/uploads\/2023\/07\/Buy-Methamphetamine.jpg","type":"image\/jpeg"}],"twitter_card":"summary_large_image","twitter_misc":{"Dur\u00e9e de lecture estim\u00e9e":"2 minutes"},"schema":{"@context":"https:\/\/schema.org","@graph":[{"@type":"WebPage","@id":"https:\/\/narcopowders.com\/product\/buy-methamphetamine-crystal-meth-online\/","url":"https:\/\/narcopowders.com\/product\/buy-methamphetamine-crystal-meth-online\/","name":"Acheter de la m\u00e9thamph\u00e9tamine (Crystal meth) en ligne - Narco Powders","isPartOf":{"@id":"https:\/\/narcopowders.com\/#website"},"primaryImageOfPage":{"@id":"https:\/\/narcopowders.com\/product\/buy-methamphetamine-crystal-meth-online\/#primaryimage"},"image":{"@id":"https:\/\/narcopowders.com\/product\/buy-methamphetamine-crystal-meth-online\/#primaryimage"},"thumbnailUrl":"https:\/\/narcopowders.com\/wp-content\/uploads\/2023\/07\/Buy-Methamphetamine.jpg","datePublished":"2023-07-29T07:40:51+00:00","dateModified":"2025-03-10T09:57:40+00:00","breadcrumb":{"@id":"https:\/\/narcopowders.com\/product\/buy-methamphetamine-crystal-meth-online\/#breadcrumb"},"inLanguage":"fr-FR","potentialAction":[{"@type":"ReadAction","target":["https:\/\/narcopowders.com\/product\/buy-methamphetamine-crystal-meth-online\/"]}]},{"@type":"ImageObject","inLanguage":"fr-FR","@id":"https:\/\/narcopowders.com\/product\/buy-methamphetamine-crystal-meth-online\/#primaryimage","url":"https:\/\/narcopowders.com\/wp-content\/uploads\/2023\/07\/Buy-Methamphetamine.jpg","contentUrl":"https:\/\/narcopowders.com\/wp-content\/uploads\/2023\/07\/Buy-Methamphetamine.jpg","width":600,"height":600,"caption":"Buy-Methamphetamine"},{"@type":"BreadcrumbList","@id":"https:\/\/narcopowders.com\/product\/buy-methamphetamine-crystal-meth-online\/#breadcrumb","itemListElement":[{"@type":"ListItem","position":1,"name":"Home","item":"https:\/\/narcopowders.com\/"},{"@type":"ListItem","position":2,"name":"Shop Page","item":"https:\/\/narcopowders.com\/shop\/"},{"@type":"ListItem","position":3,"name":"Buy Methamphetamine (Crystal meth) online"}]},{"@type":"WebSite","@id":"https:\/\/narcopowders.com\/#website","url":"https:\/\/narcopowders.com\/","name":"Poudres Narco","description":"Mon blog WordPress","potentialAction":[{"@type":"SearchAction","target":{"@type":"EntryPoint","urlTemplate":"https:\/\/narcopowders.com\/?s={search_term_string}"},"query-input":{"@type":"PropertyValueSpecification","valueRequired":true,"valueName":"search_term_string"}}],"inLanguage":"fr-FR"}]}},"_links":{"self":[{"href":"https:\/\/narcopowders.com\/fr\/wp-json\/wp\/v2\/product\/19417","targetHints":{"allow":["GET"]}}],"collection":[{"href":"https:\/\/narcopowders.com\/fr\/wp-json\/wp\/v2\/product"}],"about":[{"href":"https:\/\/narcopowders.com\/fr\/wp-json\/wp\/v2\/types\/product"}],"replies":[{"embeddable":true,"href":"https:\/\/narcopowders.com\/fr\/wp-json\/wp\/v2\/comments?post=19417"}],"wp:featuredmedia":[{"embeddable":true,"href":"https:\/\/narcopowders.com\/fr\/wp-json\/wp\/v2\/media\/19426"}],"wp:attachment":[{"href":"https:\/\/narcopowders.com\/fr\/wp-json\/wp\/v2\/media?parent=19417"}],"wp:term":[{"taxonomy":"product_brand","embeddable":true,"href":"https:\/\/narcopowders.com\/fr\/wp-json\/wp\/v2\/product_brand?post=19417"},{"taxonomy":"product_cat","embeddable":true,"href":"https:\/\/narcopowders.com\/fr\/wp-json\/wp\/v2\/product_cat?post=19417"},{"taxonomy":"product_tag","embeddable":true,"href":"https:\/\/narcopowders.com\/fr\/wp-json\/wp\/v2\/product_tag?post=19417"}],"curies":[{"name":"wp","href":"https:\/\/api.w.org\/{rel}","templated":true}]}}