{"id":19418,"date":"2023-07-29T07:40:53","date_gmt":"2023-07-29T07:40:53","guid":{"rendered":"https:\/\/narcopowders.com\/?post_type=product&#038;p=19418"},"modified":"2025-03-26T06:52:36","modified_gmt":"2025-03-26T06:52:36","slug":"buy-crystal-meth-online","status":"publish","type":"product","link":"https:\/\/narcopowders.com\/fr\/produit\/buy-crystal-meth-online\/","title":{"rendered":"Acheter du Crystal Meth en ligne"},"content":{"rendered":"<h2>Acheter du Crystal Meth en ligne<\/h2>\n<p><a href=\"https:\/\/narcopowders.com\/fr\/produit\/buy-crystal-meth-online\/\">Acheter du Crystal Meth en ligne<\/a>La m\u00e9thamph\u00e9tamine, parfois appel\u00e9e crystal meth, est disponible en ligne. Il n'existe qu'un seul type de drogue. <a href=\"https:\/\/en.wikipedia.org\/wiki\/Ketamine\">methamphetamine available here<\/a>, et il est toujours conseill\u00e9 d'obtenir <a href=\"https:\/\/narcopowders.com\/fr\/\">high-quality products<\/a> plut\u00f4t que ceux dangereux qui sont vendus ailleurs.<\/p>\n<p>Vous pouvez la consommer en la fumant, en l'injectant \u00e0 l'aide d'une aiguille ou en la sniffant (inhalation par le nez). Vous pouvez m\u00eame la prendre par voie orale, ce qui entra\u00eenera une pouss\u00e9e de confiance, d'hyperactivit\u00e9 et de vitalit\u00e9, ainsi qu'une agr\u00e9able sensation de bonheur et de bien-\u00eatre. Nous vous conseillons vivement d'en prendre une tr\u00e8s petite quantit\u00e9 et pas trop fr\u00e9quemment, car les effets durent g\u00e9n\u00e9ralement de six \u00e0 huit heures, mais peuvent aller jusqu'\u00e0 vingt-quatre heures.<\/p>\n<h3>DI CHE COLORE \u00c8 LA METANFETAMINA?<\/h3>\n<p>La forme la plus courante de <a href=\"https:\/\/www.bing.com\/search?q=Buy%20Crystal%20Meth%20online&amp;qs=n&amp;form=QBRE&amp;sp=-1&amp;lq=0&amp;pq=buy%20crystal%20meth%20online&amp;sc=0-23&amp;sk=&amp;cvid=40F5F914259E4B628A652F5105472A73&amp;ghsh=0&amp;ghacc=0&amp;ghpl=\">methamphetamine for sale<\/a> is a <a href=\"https:\/\/www.bing.com\/search?q=Buy%20Crystal%20Meth%20online&amp;qs=n&amp;form=QBRE&amp;sp=-1&amp;lq=0&amp;pq=buy%20crystal%20meth%20online&amp;sc=0-23&amp;sk=&amp;cvid=40F5F914259E4B628A652F5105472A73&amp;ghsh=0&amp;ghacc=0&amp;ghpl=\">crystalline white powder<\/a> avec un go\u00fbt amer qui est inodore et <a href=\"https:\/\/www.google.com\/search?q=Buy+Crystal+Meth+online&amp;sca_esv=2a2a93e8be91f013&amp;sxsrf=AHTn8zoDfzwck05_jrxz3pndVamcvCr7gA%3A1742971354653&amp;ei=2qHjZ_eoJ_HlseMP2cvv4QI&amp;ved=0ahUKEwj3_cmjkqeMAxXxcmwGHdnlOywQ4dUDCA8&amp;uact=5&amp;oq=Buy+Crystal+Meth+online&amp;gs_lp=Egxnd3Mtd2l6LXNlcnAiF0J1eSBDcnlzdGFsIE1ldGggb25saW5lSPMJUN4EWN4EcAN4AJABAJgB2AGgAdgBqgEDMi0xuAEDyAEA-AEC-AEBmAIAoAIAmAMA4gMFEgExIECIBgGSBwCgB1OyBwC4BwA&amp;sclient=gws-wiz-serp\">dissolves rapidly in water or alcohol<\/a>.<\/p>\n<p>La poudre a \u00e9galement \u00e9t\u00e9 observ\u00e9e dans des tons de brun, de jaune-gris, d'orange et m\u00eame de rose. En outre, elle peut \u00eatre comprim\u00e9e en pilules. <a href=\"https:\/\/www.google.com\/search?q=Buy+Crystal+Meth+online&amp;sca_esv=2a2a93e8be91f013&amp;sxsrf=AHTn8zoDfzwck05_jrxz3pndVamcvCr7gA%3A1742971354653&amp;ei=2qHjZ_eoJ_HlseMP2cvv4QI&amp;ved=0ahUKEwj3_cmjkqeMAxXxcmwGHdnlOywQ4dUDCA8&amp;uact=5&amp;oq=Buy+Crystal+Meth+online&amp;gs_lp=Egxnd3Mtd2l6LXNlcnAiF0J1eSBDcnlzdGFsIE1ldGggb25saW5lSPMJUN4EWN4EcAN4AJABAJgB2AGgAdgBqgEDMi0xuAEDyAEA-AEC-AEBmAIAoAIAmAMA4gMFEgExIECIBgGSBwCgB1OyBwC4BwA&amp;sclient=gws-wiz-serp\">compactado en pastillas<\/a>.<\/p>\n<p>Il peut \u00eatre fum\u00e9, sniff\u00e9 ou inject\u00e9, comme cela a \u00e9t\u00e9 dit pr\u00e9c\u00e9demment<a href=\"https:\/\/en.wikipedia.org\/wiki\/Special:Search?go=Go&amp;search=Buy+Crystal+Meth&amp;ns0=1\">.<\/a><\/p>\n<p>Most often smoked, <a href=\"https:\/\/duckduckgo.com\/?q=Buy+Crystal+Meth+online&amp;t=h_&amp;ia=web\">kristal meth<\/a> comes in chunky, <a href=\"https:\/\/duckduckgo.com\/?q=Buy+Crystal+Meth+online&amp;t=h_&amp;ia=web\">kristalline Kristalle<\/a> that resemble ice<a href=\"https:\/\/narcopowders.com\/fr\/\">.<\/a><\/p>","protected":false},"excerpt":{"rendered":"<p>Acheter du Crystal Meth en ligne Acheter du Crystal Meth en ligne, La m\u00e9thamph\u00e9tamine, parfois appel\u00e9e crystal meth, est disponible en ligne. Il n'y a qu'un seul type de m\u00e9thamph\u00e9tamine disponible ici, et il est toujours conseill\u00e9 d'obtenir des produits de haute qualit\u00e9 plut\u00f4t que les produits dangereux qui sont vendus ailleurs. Vous pouvez la consommer en la fumant, en l'injectant avec [...]<\/p>","protected":false},"featured_media":19427,"comment_status":"open","ping_status":"closed","template":"","meta":{"_joinchat":[]},"product_brand":[],"product_cat":[1324],"product_tag":[1326,1327,1328,1329,1330,1331,1332,1333,1334,1335,1336,1337],"class_list":{"0":"post-19418","1":"product","2":"type-product","3":"status-publish","4":"has-post-thumbnail","6":"product_cat-buy-crystal-meth-online","7":"product_tag-buy-crystal-meth-online","8":"product_tag-buying-crystal-methamphetamine-online","9":"product_tag-crystal-meth-blue","10":"product_tag-methonline","11":"product_tag-uncategorized","12":"product_tag-what-does-crystal-meth-look-like-quizlet","13":"product_tag-what-is-crystal-meth","14":"product_tag-what-is-crystal-metheny","15":"product_tag-what-is-crystal-methodology","16":"product_tag-what-is-crystal-methyd","17":"product_tag-what-is-rotating-crystal-method","18":"product_tag-what-is-the-crystal-method","20":"first","21":"instock","22":"shipping-taxable","23":"purchasable","24":"product-type-variable","25":"add-to-wishlist-after_add_to_cart"},"yoast_head":"<!-- This site is optimized with the Yoast SEO plugin v27.5 - https:\/\/yoast.com\/product\/yoast-seo-wordpress\/ -->\n<title>Buy Crystal Meth Online | Crystal Meth for sale |Order Cyrstal Meth<\/title>\n<meta name=\"description\" content=\"Buy Crystal Meth Online, Buying Crystal Meth Online, Buy Meth Online, Crystal meth for sale online Meth For Sale, Order Crystal methamphetamine Online.\" \/>\n<meta name=\"robots\" content=\"index, follow, max-snippet:-1, max-image-preview:large, max-video-preview:-1\" \/>\n<link rel=\"canonical\" href=\"https:\/\/narcopowders.com\/fr\/produit\/buy-crystal-meth-online\/\" \/>\n<meta property=\"og:locale\" content=\"fr_FR\" \/>\n<meta property=\"og:type\" content=\"article\" \/>\n<meta property=\"og:title\" content=\"Buy Crystal Meth Online | Crystal Meth for sale |Order Cyrstal Meth\" \/>\n<meta property=\"og:description\" content=\"Buy Crystal Meth Online, Buying Crystal Meth Online, Buy Meth Online, Crystal meth for sale online Meth For Sale, Order Crystal methamphetamine Online.\" \/>\n<meta property=\"og:url\" content=\"https:\/\/narcopowders.com\/fr\/produit\/buy-crystal-meth-online\/\" \/>\n<meta property=\"og:site_name\" content=\"Narco Powders\" \/>\n<meta property=\"article:modified_time\" content=\"2025-03-26T06:52:36+00:00\" \/>\n<meta property=\"og:image\" content=\"https:\/\/narcopowders.com\/wp-content\/uploads\/2023\/07\/crystal-meth.jpg\" \/>\n\t<meta property=\"og:image:width\" content=\"600\" \/>\n\t<meta property=\"og:image:height\" content=\"600\" \/>\n\t<meta property=\"og:image:type\" content=\"image\/jpeg\" \/>\n<meta name=\"twitter:card\" content=\"summary_large_image\" \/>\n<meta name=\"twitter:label1\" content=\"Dur\u00e9e de lecture estim\u00e9e\" \/>\n\t<meta name=\"twitter:data1\" content=\"2 minutes\" \/>\n<!-- \/ Yoast SEO plugin. -->","yoast_head_json":{"title":"Acheter du Crystal Meth en ligne | Crystal Meth \u00e0 vendre | Commander du Cyrstal Meth","description":"Acheter du Crystal Meth en ligne, Acheter du Crystal Meth en ligne, Acheter de la m\u00e9thamph\u00e9tamine en ligne, Crystal meth for sale online Meth For Sale, Order Crystal methamphetamine Online.","robots":{"index":"index","follow":"follow","max-snippet":"max-snippet:-1","max-image-preview":"max-image-preview:large","max-video-preview":"max-video-preview:-1"},"canonical":"https:\/\/narcopowders.com\/fr\/produit\/buy-crystal-meth-online\/","og_locale":"fr_FR","og_type":"article","og_title":"Buy Crystal Meth Online | Crystal Meth for sale |Order Cyrstal Meth","og_description":"Buy Crystal Meth Online, Buying Crystal Meth Online, Buy Meth Online, Crystal meth for sale online Meth For Sale, Order Crystal methamphetamine Online.","og_url":"https:\/\/narcopowders.com\/fr\/produit\/buy-crystal-meth-online\/","og_site_name":"Narco Powders","article_modified_time":"2025-03-26T06:52:36+00:00","og_image":[{"width":600,"height":600,"url":"https:\/\/narcopowders.com\/wp-content\/uploads\/2023\/07\/crystal-meth.jpg","type":"image\/jpeg"}],"twitter_card":"summary_large_image","twitter_misc":{"Dur\u00e9e de lecture estim\u00e9e":"2 minutes"},"schema":{"@context":"https:\/\/schema.org","@graph":[{"@type":"WebPage","@id":"https:\/\/narcopowders.com\/product\/buy-crystal-meth-online\/","url":"https:\/\/narcopowders.com\/product\/buy-crystal-meth-online\/","name":"Acheter du Crystal Meth en ligne | Crystal Meth \u00e0 vendre | Commander du Cyrstal Meth","isPartOf":{"@id":"https:\/\/narcopowders.com\/#website"},"primaryImageOfPage":{"@id":"https:\/\/narcopowders.com\/product\/buy-crystal-meth-online\/#primaryimage"},"image":{"@id":"https:\/\/narcopowders.com\/product\/buy-crystal-meth-online\/#primaryimage"},"thumbnailUrl":"https:\/\/narcopowders.com\/wp-content\/uploads\/2023\/07\/crystal-meth.jpg","datePublished":"2023-07-29T07:40:53+00:00","dateModified":"2025-03-26T06:52:36+00:00","description":"Acheter du Crystal Meth en ligne, Acheter du Crystal Meth en ligne, Acheter de la m\u00e9thamph\u00e9tamine en ligne, Crystal meth for sale online Meth For Sale, Order Crystal methamphetamine Online.","breadcrumb":{"@id":"https:\/\/narcopowders.com\/product\/buy-crystal-meth-online\/#breadcrumb"},"inLanguage":"fr-FR","potentialAction":[{"@type":"ReadAction","target":["https:\/\/narcopowders.com\/product\/buy-crystal-meth-online\/"]}]},{"@type":"ImageObject","inLanguage":"fr-FR","@id":"https:\/\/narcopowders.com\/product\/buy-crystal-meth-online\/#primaryimage","url":"https:\/\/narcopowders.com\/wp-content\/uploads\/2023\/07\/crystal-meth.jpg","contentUrl":"https:\/\/narcopowders.com\/wp-content\/uploads\/2023\/07\/crystal-meth.jpg","width":600,"height":600,"caption":"crystal-meth"},{"@type":"BreadcrumbList","@id":"https:\/\/narcopowders.com\/product\/buy-crystal-meth-online\/#breadcrumb","itemListElement":[{"@type":"ListItem","position":1,"name":"Home","item":"https:\/\/narcopowders.com\/"},{"@type":"ListItem","position":2,"name":"Shop Page","item":"https:\/\/narcopowders.com\/shop\/"},{"@type":"ListItem","position":3,"name":"Buy Crystal Meth online"}]},{"@type":"WebSite","@id":"https:\/\/narcopowders.com\/#website","url":"https:\/\/narcopowders.com\/","name":"Poudres Narco","description":"Mon blog WordPress","potentialAction":[{"@type":"SearchAction","target":{"@type":"EntryPoint","urlTemplate":"https:\/\/narcopowders.com\/?s={search_term_string}"},"query-input":{"@type":"PropertyValueSpecification","valueRequired":true,"valueName":"search_term_string"}}],"inLanguage":"fr-FR"}]}},"_links":{"self":[{"href":"https:\/\/narcopowders.com\/fr\/wp-json\/wp\/v2\/product\/19418","targetHints":{"allow":["GET"]}}],"collection":[{"href":"https:\/\/narcopowders.com\/fr\/wp-json\/wp\/v2\/product"}],"about":[{"href":"https:\/\/narcopowders.com\/fr\/wp-json\/wp\/v2\/types\/product"}],"replies":[{"embeddable":true,"href":"https:\/\/narcopowders.com\/fr\/wp-json\/wp\/v2\/comments?post=19418"}],"wp:featuredmedia":[{"embeddable":true,"href":"https:\/\/narcopowders.com\/fr\/wp-json\/wp\/v2\/media\/19427"}],"wp:attachment":[{"href":"https:\/\/narcopowders.com\/fr\/wp-json\/wp\/v2\/media?parent=19418"}],"wp:term":[{"taxonomy":"product_brand","embeddable":true,"href":"https:\/\/narcopowders.com\/fr\/wp-json\/wp\/v2\/product_brand?post=19418"},{"taxonomy":"product_cat","embeddable":true,"href":"https:\/\/narcopowders.com\/fr\/wp-json\/wp\/v2\/product_cat?post=19418"},{"taxonomy":"product_tag","embeddable":true,"href":"https:\/\/narcopowders.com\/fr\/wp-json\/wp\/v2\/product_tag?post=19418"}],"curies":[{"name":"wp","href":"https:\/\/api.w.org\/{rel}","templated":true}]}}