{"id":19430,"date":"2023-07-29T08:01:27","date_gmt":"2023-07-29T08:01:27","guid":{"rendered":"https:\/\/narcopowders.com\/?post_type=product&#038;p=19430"},"modified":"2025-09-25T08:04:54","modified_gmt":"2025-09-25T08:04:54","slug":"buy-calypsol-ketamine-500mg-10ml","status":"publish","type":"product","link":"https:\/\/narcopowders.com\/fr\/produit\/acheter-calypsol-ketamine-500mg-10ml\/","title":{"rendered":"Buy Calypsol Ketamine 500mg\/10ml Online"},"content":{"rendered":"<h2>Acheter Calypsol Ketamine 500mg\/10ml<\/h2>\n<p><a href=\"https:\/\/narcopowders.com\/fr\/produit\/acheter-calypsol-ketamine-500mg-10ml\/\"><strong>Pharmacie en ligne Calypsol Ketamine 500mg\/10ml<\/strong><\/a><\/p>\n<p>Une application courante de la substance <a href=\"https:\/\/narcopowders.com\/fr\/\">chlorhydrate de k\u00e9tamine<\/a> . La douleur chronique et la s\u00e9dation dans les soins aigus sont d'autres applications.<\/p>\n<p>Le rapide high qui <a href=\"https:\/\/www.bing.com\/search?q=Buy%20Calypsol%20Ketamine%20500mg%2F10ml%20Online&amp;qs=n&amp;form=QBRE&amp;sp=-1&amp;lq=0&amp;pq=buy%20calypsol%20ketamine%20500mg%2F10ml%20online&amp;sc=0-39&amp;sk=&amp;cvid=8F009A752EAB48F49FC2C6B7F26FB774&amp;ghsh=0&amp;ghacc=0&amp;ghpl=\">ketamine<\/a> L'\u00e9tat d'euphorie rapide provoqu\u00e9 par la k\u00e9tamine dure environ une heure. Il commence 2 \u00e0 5 minutes apr\u00e8s avoir fum\u00e9 ou ing\u00e9r\u00e9 la dose. En cas d'injection, il se produit environ 30 secondes apr\u00e8s l'injection.<a href=\"https:\/\/en.wikipedia.org\/wiki\/Ketamine\">injection<\/a>.<\/p>\n<p>La sensation irr\u00e9sistible de d\u00e9tente que procure le <a href=\"https:\/\/duckduckgo.com\/?q=Buy+Calypsol+Ketamine+500mg%2F10ml+Online&amp;t=h_&amp;ia=web\">user<\/a> Le sentiment de relaxation \u00e9crasant que l'utilisateur \u00e9prouve au d\u00e9but de la d\u00e9fonce est souvent appel\u00e9 \"full-body buzz\" (buzz du corps entier). Certains utilisateurs disent qu'ils ont l'impression de flotter, et d'autres disent m\u00eame qu'ils ont l'impression de ne pas \u00eatre dans leur corps. <a href=\"https:\/\/www.bing.com\/search?q=Buy%20Calypsol%20Ketamine%20500mg%2F10ml%20Online&amp;qs=n&amp;form=QBRE&amp;sp=-1&amp;lq=0&amp;pq=buy%20calypsol%20ketamine%20500mg%2F10ml%20online&amp;sc=0-39&amp;sk=&amp;cvid=8F009A752EAB48F49FC2C6B7F26FB774&amp;ghsh=0&amp;ghacc=0&amp;ghpl=\">Hallucinations<\/a> sont fr\u00e9quents et durent souvent plus longtemps que les effets de <a href=\"https:\/\/duckduckgo.com\/?q=Buy+Calypsol+Ketamine+500mg%2F10ml+Online&amp;t=h_&amp;ia=web\">anaesthesia<\/a>.<\/p>\n<p>Des utilisateurs ont fait \u00e9tat d'une dissociation totale de leur corps \u00e0 la suite des effets les plus graves que des doses plus \u00e9lev\u00e9es peuvent induire. Ces sensations sont appel\u00e9es \"K-hole\" et sont comparables \u00e0 celles ressenties par les personnes ayant v\u00e9cu des exp\u00e9riences de mort imminente.<a href=\"https:\/\/www.google.com\/search?q=Buy+Calypsol+Ketamine+500mg%2F10ml+Online&amp;num=10&amp;sca_esv=1a2a07081c7891bb&amp;rlz=1C1RXQR_enIN1098IN1098&amp;sxsrf=AHTn8zpOD13RPP6cc9lJJhK9FnJiozRVKA%3A1741761716988&amp;ei=tCzRZ_aCPJGV4-EPhpmU0Qw&amp;ved=0ahUKEwj2rLKD-IOMAxWRyjgGHYYMJcoQ4dUDCBA&amp;uact=5&amp;oq=Buy+Calypsol+Ketamine+500mg%2F10ml+Online&amp;gs_lp=Egxnd3Mtd2l6LXNlcnAiJ0J1eSBDYWx5cHNvbCBLZXRhbWluZSA1MDBtZy8xMG1sIE9ubGluZUjKB1DaA1jaA3ADeAGQAQCYAeMBoAHjAaoBAzItMbgBA8gBAPgBAvgBAZgCA6ACDcICChAAGLADGNYEGEeYAwCIBgGQBgiSBwEzoAdb&amp;sclient=gws-wiz-serp\">K-hol<\/a>e\u201d et sont comparables \u00e0 celles v\u00e9cues par les personnes ayant v\u00e9cu des exp\u00e9riences de mort imminente.<\/p>\n<p><a href=\"https:\/\/www.google.com\/search?q=Buy+Calypsol+Ketamine+500mg%2F10ml+Online&amp;num=10&amp;sca_esv=1a2a07081c7891bb&amp;rlz=1C1RXQR_enIN1098IN1098&amp;sxsrf=AHTn8zpOD13RPP6cc9lJJhK9FnJiozRVKA%3A1741761716988&amp;ei=tCzRZ_aCPJGV4-EPhpmU0Qw&amp;ved=0ahUKEwj2rLKD-IOMAxWRyjgGHYYMJcoQ4dUDCBA&amp;uact=5&amp;oq=Buy+Calypsol+Ketamine+500mg%2F10ml+Online&amp;gs_lp=Egxnd3Mtd2l6LXNlcnAiJ0J1eSBDYWx5cHNvbCBLZXRhbWluZSA1MDBtZy8xMG1sIE9ubGluZUjKB1DaA1jaA3ADeAGQAQCYAeMBoAHjAaoBAzItMbgBA8gBAPgBAvgBAZgCA6ACDcICChAAGLADGNYEGEeYAwCIBgGQBgiSBwEzoAdb&amp;sclient=gws-wiz-serp\">Calypsol Ketamine 500mg\/10ml<\/a> is inexpensive to purchase online.<\/p>\n<p>&nbsp;<\/p>","protected":false},"excerpt":{"rendered":"<p>Buy Calypsol Ketamine 500mg\/10ml Pharmacy online Calypsol Ketamine 500mg\/10ml A common application for the substance ketamine HCL is anaesthesia. Chronic pain and sedation in acute care are further applications. The rapid high that ketamine causes lasts for roughly one hour. It begins 2 to 5 minutes after smoking or ingesting the dose. When an injection [&hellip;]<\/p>","protected":false},"featured_media":19448,"comment_status":"open","ping_status":"closed","template":"","meta":{"_joinchat":[]},"product_brand":[],"product_cat":[1325],"product_tag":[],"class_list":{"0":"post-19430","1":"product","2":"type-product","3":"status-publish","4":"has-post-thumbnail","6":"product_cat-buy-ketamine-online","8":"first","9":"instock","10":"shipping-taxable","11":"purchasable","12":"product-type-variable","13":"add-to-wishlist-after_add_to_cart"},"yoast_head":"<!-- This site is optimized with the Yoast SEO plugin v25.9 - https:\/\/yoast.com\/wordpress\/plugins\/seo\/ -->\n<title>Buy Calypsol Ketamine 500mg\/10ml Online - Narco Powders<\/title>\n<meta name=\"robots\" content=\"index, follow, max-snippet:-1, max-image-preview:large, max-video-preview:-1\" \/>\n<link rel=\"canonical\" href=\"https:\/\/narcopowders.com\/fr\/produit\/acheter-calypsol-ketamine-500mg-10ml\/\" \/>\n<meta property=\"og:locale\" content=\"fr_FR\" \/>\n<meta property=\"og:type\" content=\"article\" \/>\n<meta property=\"og:title\" content=\"Buy Calypsol Ketamine 500mg\/10ml Online - Narco Powders\" \/>\n<meta property=\"og:description\" content=\"Buy Calypsol Ketamine 500mg\/10ml Pharmacy online Calypsol Ketamine 500mg\/10ml A common application for the substance ketamine HCL is anaesthesia. Chronic pain and sedation in acute care are further applications. The rapid high that ketamine causes lasts for roughly one hour. It begins 2 to 5 minutes after smoking or ingesting the dose. When an injection [&hellip;]\" \/>\n<meta property=\"og:url\" content=\"https:\/\/narcopowders.com\/fr\/produit\/acheter-calypsol-ketamine-500mg-10ml\/\" \/>\n<meta property=\"og:site_name\" content=\"Narco Powders\" \/>\n<meta property=\"article:modified_time\" content=\"2025-09-25T08:04:54+00:00\" \/>\n<meta property=\"og:image\" content=\"https:\/\/narcopowders.com\/wp-content\/uploads\/2023\/07\/Buy-Calypsol-Ketamine.jpg\" \/>\n\t<meta property=\"og:image:width\" content=\"600\" \/>\n\t<meta property=\"og:image:height\" content=\"600\" \/>\n\t<meta property=\"og:image:type\" content=\"image\/jpeg\" \/>\n<meta name=\"twitter:card\" content=\"summary_large_image\" \/>\n<meta name=\"twitter:label1\" content=\"Dur\u00e9e de lecture estim\u00e9e\" \/>\n\t<meta name=\"twitter:data1\" content=\"1 minute\" \/>\n<!-- \/ Yoast SEO plugin. -->","yoast_head_json":{"title":"Buy Calypsol Ketamine 500mg\/10ml Online - Narco Powders","robots":{"index":"index","follow":"follow","max-snippet":"max-snippet:-1","max-image-preview":"max-image-preview:large","max-video-preview":"max-video-preview:-1"},"canonical":"https:\/\/narcopowders.com\/fr\/produit\/acheter-calypsol-ketamine-500mg-10ml\/","og_locale":"fr_FR","og_type":"article","og_title":"Buy Calypsol Ketamine 500mg\/10ml Online - Narco Powders","og_description":"Buy Calypsol Ketamine 500mg\/10ml Pharmacy online Calypsol Ketamine 500mg\/10ml A common application for the substance ketamine HCL is anaesthesia. Chronic pain and sedation in acute care are further applications. The rapid high that ketamine causes lasts for roughly one hour. It begins 2 to 5 minutes after smoking or ingesting the dose. When an injection [&hellip;]","og_url":"https:\/\/narcopowders.com\/fr\/produit\/acheter-calypsol-ketamine-500mg-10ml\/","og_site_name":"Narco Powders","article_modified_time":"2025-09-25T08:04:54+00:00","og_image":[{"width":600,"height":600,"url":"https:\/\/narcopowders.com\/wp-content\/uploads\/2023\/07\/Buy-Calypsol-Ketamine.jpg","type":"image\/jpeg"}],"twitter_card":"summary_large_image","twitter_misc":{"Dur\u00e9e de lecture estim\u00e9e":"1 minute"},"schema":{"@context":"https:\/\/schema.org","@graph":[{"@type":"WebPage","@id":"https:\/\/narcopowders.com\/product\/buy-calypsol-ketamine-500mg-10ml\/","url":"https:\/\/narcopowders.com\/product\/buy-calypsol-ketamine-500mg-10ml\/","name":"Buy Calypsol Ketamine 500mg\/10ml Online - Narco Powders","isPartOf":{"@id":"https:\/\/narcopowders.com\/#website"},"primaryImageOfPage":{"@id":"https:\/\/narcopowders.com\/product\/buy-calypsol-ketamine-500mg-10ml\/#primaryimage"},"image":{"@id":"https:\/\/narcopowders.com\/product\/buy-calypsol-ketamine-500mg-10ml\/#primaryimage"},"thumbnailUrl":"https:\/\/narcopowders.com\/wp-content\/uploads\/2023\/07\/Buy-Calypsol-Ketamine.jpg","datePublished":"2023-07-29T08:01:27+00:00","dateModified":"2025-09-25T08:04:54+00:00","breadcrumb":{"@id":"https:\/\/narcopowders.com\/product\/buy-calypsol-ketamine-500mg-10ml\/#breadcrumb"},"inLanguage":"fr-FR","potentialAction":[{"@type":"ReadAction","target":["https:\/\/narcopowders.com\/product\/buy-calypsol-ketamine-500mg-10ml\/"]}]},{"@type":"ImageObject","inLanguage":"fr-FR","@id":"https:\/\/narcopowders.com\/product\/buy-calypsol-ketamine-500mg-10ml\/#primaryimage","url":"https:\/\/narcopowders.com\/wp-content\/uploads\/2023\/07\/Buy-Calypsol-Ketamine.jpg","contentUrl":"https:\/\/narcopowders.com\/wp-content\/uploads\/2023\/07\/Buy-Calypsol-Ketamine.jpg","width":600,"height":600,"caption":"Buy-Calypsol-Ketamine"},{"@type":"BreadcrumbList","@id":"https:\/\/narcopowders.com\/product\/buy-calypsol-ketamine-500mg-10ml\/#breadcrumb","itemListElement":[{"@type":"ListItem","position":1,"name":"Home","item":"https:\/\/narcopowders.com\/"},{"@type":"ListItem","position":2,"name":"Shop Page","item":"https:\/\/narcopowders.com\/shop\/"},{"@type":"ListItem","position":3,"name":"Buy Calypsol Ketamine 500mg\/10ml Online"}]},{"@type":"WebSite","@id":"https:\/\/narcopowders.com\/#website","url":"https:\/\/narcopowders.com\/","name":"Poudres Narco","description":"Mon blog WordPress","potentialAction":[{"@type":"SearchAction","target":{"@type":"EntryPoint","urlTemplate":"https:\/\/narcopowders.com\/?s={search_term_string}"},"query-input":{"@type":"PropertyValueSpecification","valueRequired":true,"valueName":"search_term_string"}}],"inLanguage":"fr-FR"}]}},"_links":{"self":[{"href":"https:\/\/narcopowders.com\/fr\/wp-json\/wp\/v2\/product\/19430","targetHints":{"allow":["GET"]}}],"collection":[{"href":"https:\/\/narcopowders.com\/fr\/wp-json\/wp\/v2\/product"}],"about":[{"href":"https:\/\/narcopowders.com\/fr\/wp-json\/wp\/v2\/types\/product"}],"replies":[{"embeddable":true,"href":"https:\/\/narcopowders.com\/fr\/wp-json\/wp\/v2\/comments?post=19430"}],"wp:featuredmedia":[{"embeddable":true,"href":"https:\/\/narcopowders.com\/fr\/wp-json\/wp\/v2\/media\/19448"}],"wp:attachment":[{"href":"https:\/\/narcopowders.com\/fr\/wp-json\/wp\/v2\/media?parent=19430"}],"wp:term":[{"taxonomy":"product_brand","embeddable":true,"href":"https:\/\/narcopowders.com\/fr\/wp-json\/wp\/v2\/product_brand?post=19430"},{"taxonomy":"product_cat","embeddable":true,"href":"https:\/\/narcopowders.com\/fr\/wp-json\/wp\/v2\/product_cat?post=19430"},{"taxonomy":"product_tag","embeddable":true,"href":"https:\/\/narcopowders.com\/fr\/wp-json\/wp\/v2\/product_tag?post=19430"}],"curies":[{"name":"wp","href":"https:\/\/api.w.org\/{rel}","templated":true}]}}