{"id":19449,"date":"2023-07-29T08:09:11","date_gmt":"2023-07-29T08:09:11","guid":{"rendered":"https:\/\/narcopowders.com\/?post_type=product&#038;p=19449"},"modified":"2025-09-25T07:53:14","modified_gmt":"2025-09-25T07:53:14","slug":"buy-ketamine-anasket-powder","status":"publish","type":"product","link":"https:\/\/narcopowders.com\/fr\/produit\/acheter-ketamine-anasket-poudre-2\/","title":{"rendered":"Acheter de la K\u00e9tamine Anasket en poudre"},"content":{"rendered":"<h2>Acheter de la K\u00e9tamine Anasket en poudre<\/h2>\n<p><strong>Acheter Anesket 1000mg\/10ml de qualit\u00e9 sup\u00e9rieure en ligne. Anesket 1000mg\/10ml \u00e0 vendre.<\/strong><\/p>\n<p><a href=\"https:\/\/narcopowders.com\/fr\/produit\/acheter-ketamine-anasket-poudre-2\/\">Acheter k\u00e9tamine anesth\u00e9sique en poudre.<\/a> One of the main things we do here is offer <a href=\"https:\/\/narcopowders.com\/fr\/\">anaesthetic for sale<\/a>Acheter de la poudre anesth\u00e9sique de k\u00e9tamine L'une de nos principales activit\u00e9s consiste \u00e0 proposer des anesth\u00e9siques \u00e0 la vente. Par cons\u00e9quent, nous vendons ou fournissons Anesket avec ou sans ordonnance. Les acheteurs en ligne du monde entier peuvent acheter Anesket avec ou sans ordonnance. Ce m\u00e9dicament se comporte de la m\u00eame mani\u00e8re que la k\u00e9tamine. Il est utilis\u00e9 pour endormir un patient lors d'op\u00e9rations compliqu\u00e9es. Il appartient donc \u00e0 la m\u00eame branche de la m\u00e9decine que l'anesth\u00e9sie. <a href=\"https:\/\/en.wikipedia.org\/wiki\/Ketamine\">anaesthesia<\/a>.<\/p>\n<p>Ce m\u00e9dicament, pr\u00e9sent\u00e9 dans un flacon incolore, est extr\u00eamement puissant en raison de ses effets s\u00e9datifs et hallucinog\u00e8nes. Dans la plupart des pays du monde, <a href=\"https:\/\/www.google.com\/search?q=Buy+Ketamine+Anasket+Powder+online&amp;sca_esv=7d1b82273738a5db&amp;sxsrf=AHTn8zo54tGqkU6L_8OjZ_3jVKesgfLYSA%3A1742907629164&amp;ei=7ajiZ9DZCbmvseMPy4fciQ8&amp;ved=0ahUKEwiQhPPwpKWMAxW5V2wGHcsDN_EQ4dUDCA8&amp;uact=5&amp;oq=Buy+Ketamine+Anasket+Powder+online&amp;gs_lp=Egxnd3Mtd2l6LXNlcnAiIkJ1eSBLZXRhbWluZSBBbmFza2V0IFBvd2RlciBvbmxpbmVIyQZQuQRYuQRwAXgAkAEAmAHeAaAB3gGqAQMyLTG4AQPIAQD4AQH4AQKYAgGgAgqoAhTCAgcQIxgnGOoCwgIQEAAYAxi0AhjqAhiPAdgBAcICEBAuGAMYtAIY6gIYjwHYAQGYAwrxBbaSxbb4_RXLugYGCAEQARgKkgcBMaAH4wGyBwC4BwA&amp;sclient=gws-wiz-serp\">anesket is frequently used as a muscle relaxant<\/a>. Le m\u00e9dicament peut \u00eatre particuli\u00e8rement utile dans le traitement de la douleur, de la d\u00e9pression et d'une foule d'autres affections en plus d'\u00eatre <a href=\"https:\/\/www.bing.com\/search?q=Buy%20Ketamine%20Anasket%20Powder%20online&amp;qs=n&amp;form=QBRE&amp;sp=-1&amp;lq=0&amp;pq=buy%20ketamine%20anasket%20powder%20online&amp;sc=0-34&amp;sk=&amp;cvid=B1808501B839429CA847B791ED920727&amp;ghsh=0&amp;ghacc=0&amp;ghpl=\">used as a sedative or anaesthesia<\/a>. Non-prescription Anaesthetizing Injection<\/p>\n<p><a href=\"https:\/\/www.google.com\/search?q=Buy+Ketamine+Anasket+Powder+online&amp;sca_esv=7d1b82273738a5db&amp;sxsrf=AHTn8zo54tGqkU6L_8OjZ_3jVKesgfLYSA%3A1742907629164&amp;ei=7ajiZ9DZCbmvseMPy4fciQ8&amp;ved=0ahUKEwiQhPPwpKWMAxW5V2wGHcsDN_EQ4dUDCA8&amp;uact=5&amp;oq=Buy+Ketamine+Anasket+Powder+online&amp;gs_lp=Egxnd3Mtd2l6LXNlcnAiIkJ1eSBLZXRhbWluZSBBbmFza2V0IFBvd2RlciBvbmxpbmVIyQZQuQRYuQRwAXgAkAEAmAHeAaAB3gGqAQMyLTG4AQPIAQD4AQH4AQKYAgGgAgqoAhTCAgcQIxgnGOoCwgIQEAAYAxi0AhjqAhiPAdgBAcICEBAuGAMYtAIY6gIYjwHYAQGYAwrxBbaSxbb4_RXLugYGCAEQARgKkgcBMaAH4wGyBwC4BwA&amp;sclient=gws-wiz-serp\">Anesket 1000mg-10ml Solution<\/a> | Anesket Injection, No Prescription | <a href=\"https:\/\/duckduckgo.com\/?q=Buy+Ketamine+Anasket+Powder+online&amp;t=h_&amp;ia=web\">Discreet Online Ketamine Purchase Near Me<\/a><\/p>\n<h3>Offrir la meilleure qualit\u00e9 d'ANESKET 1000MG-10ML SOLUTION, c'est ce que nous faisons.<\/h3>\n<p>En offrant une excellente qualit\u00e9 d'ANESKET 1000MG-10ML SOLUTION, nous avons \u00e9tabli une position distinctive dans ce domaine.<\/p>\n<p>Les injections d'anesth\u00e9sie peuvent \u00eatre administr\u00e9es seules ou en association avec d'autres m\u00e9dicaments pour provoquer une perte de conscience avant et pendant une intervention chirurgicale ou d'autres proc\u00e9dures m\u00e9dicales. Elle fait partie de la classe des m\u00e9dicaments connus sous le nom d'anesth\u00e9siques g\u00e9n\u00e9raux.anesth\u00e9sique 1000mg\/10ml l\u00e9gal. Vente : injection de k\u00e9tamine. <a href=\"https:\/\/duckduckgo.com\/?q=Buy+Ketamine+Anasket+Powder+online&amp;t=h_&amp;ia=web\">Acheter k\u00e9tamine anesth\u00e9sique en poudre.<\/a>.<\/p>\n<p>Seuls les professionnels de la sant\u00e9 qualifi\u00e9s dans son utilisation peuvent administrer des anesth\u00e9siques, et ils doivent le faire sous leur supervision directe. Votre m\u00e9decin ou anesth\u00e9siste vous administrera Anesket si vous en avez besoin pendant l'op\u00e9ration et surveillera de pr\u00e8s vos progr\u00e8s.Anesth\u00e9sique 1000mg\/10ml l\u00e9gal.Acheter k\u00e9tamine anesth\u00e9sique en poudre<a href=\"https:\/\/www.bing.com\/search?q=Buy%20Ketamine%20Anasket%20Powder%20online&amp;qs=n&amp;form=QBRE&amp;sp=-1&amp;lq=0&amp;pq=buy%20ketamine%20anasket%20powder%20online&amp;sc=0-34&amp;sk=&amp;cvid=B1808501B839429CA847B791ED920727&amp;ghsh=0&amp;ghacc=0&amp;ghpl=\">Acheter k\u00e9tamine anesth\u00e9sique en poudre.<\/a><\/p>","protected":false},"excerpt":{"rendered":"<p>Buy Ketamine Anasket Powder Buy Top Quality Anesket 1000mg\/10ml Online. Anesket 1000mg\/10ml for sale. Purchase ketamine anaesthetic powder One of the main things we do here is offer anaesthetic for sale. As a result, we sell or supply anesket both with and without a prescription. Online shoppers from all around the world can purchase Anesket [&hellip;]<\/p>","protected":false},"featured_media":19564,"comment_status":"open","ping_status":"closed","template":"","meta":{"_joinchat":[]},"product_brand":[],"product_cat":[1325],"product_tag":[],"class_list":{"0":"post-19449","1":"product","2":"type-product","3":"status-publish","4":"has-post-thumbnail","6":"product_cat-buy-ketamine-online","8":"first","9":"instock","10":"shipping-taxable","11":"purchasable","12":"product-type-variable","13":"add-to-wishlist-after_add_to_cart"},"yoast_head":"<!-- This site is optimized with the Yoast SEO plugin v25.9 - https:\/\/yoast.com\/wordpress\/plugins\/seo\/ -->\n<title>Buy Ketamine Anasket Powder - Narco Powders<\/title>\n<meta name=\"robots\" content=\"index, follow, max-snippet:-1, max-image-preview:large, max-video-preview:-1\" \/>\n<link rel=\"canonical\" href=\"https:\/\/narcopowders.com\/fr\/produit\/acheter-ketamine-anasket-poudre-2\/\" \/>\n<meta property=\"og:locale\" content=\"fr_FR\" \/>\n<meta property=\"og:type\" content=\"article\" \/>\n<meta property=\"og:title\" content=\"Buy Ketamine Anasket Powder - Narco Powders\" \/>\n<meta property=\"og:description\" content=\"Buy Ketamine Anasket Powder Buy Top Quality Anesket 1000mg\/10ml Online. Anesket 1000mg\/10ml for sale. Purchase ketamine anaesthetic powder One of the main things we do here is offer anaesthetic for sale. As a result, we sell or supply anesket both with and without a prescription. Online shoppers from all around the world can purchase Anesket [&hellip;]\" \/>\n<meta property=\"og:url\" content=\"https:\/\/narcopowders.com\/fr\/produit\/acheter-ketamine-anasket-poudre-2\/\" \/>\n<meta property=\"og:site_name\" content=\"Narco Powders\" \/>\n<meta property=\"article:modified_time\" content=\"2025-09-25T07:53:14+00:00\" \/>\n<meta property=\"og:image\" content=\"https:\/\/narcopowders.com\/wp-content\/uploads\/2023\/07\/Buy-Ketamine-Powder.jpg\" \/>\n\t<meta property=\"og:image:width\" content=\"600\" \/>\n\t<meta property=\"og:image:height\" content=\"600\" \/>\n\t<meta property=\"og:image:type\" content=\"image\/jpeg\" \/>\n<meta name=\"twitter:card\" content=\"summary_large_image\" \/>\n<meta name=\"twitter:label1\" content=\"Dur\u00e9e de lecture estim\u00e9e\" \/>\n\t<meta name=\"twitter:data1\" content=\"2 minutes\" \/>\n<!-- \/ Yoast SEO plugin. -->","yoast_head_json":{"title":"Acheter Ketamine Anasket Powder - Narco Powders","robots":{"index":"index","follow":"follow","max-snippet":"max-snippet:-1","max-image-preview":"max-image-preview:large","max-video-preview":"max-video-preview:-1"},"canonical":"https:\/\/narcopowders.com\/fr\/produit\/acheter-ketamine-anasket-poudre-2\/","og_locale":"fr_FR","og_type":"article","og_title":"Buy Ketamine Anasket Powder - Narco Powders","og_description":"Buy Ketamine Anasket Powder Buy Top Quality Anesket 1000mg\/10ml Online. Anesket 1000mg\/10ml for sale. Purchase ketamine anaesthetic powder One of the main things we do here is offer anaesthetic for sale. As a result, we sell or supply anesket both with and without a prescription. Online shoppers from all around the world can purchase Anesket [&hellip;]","og_url":"https:\/\/narcopowders.com\/fr\/produit\/acheter-ketamine-anasket-poudre-2\/","og_site_name":"Narco Powders","article_modified_time":"2025-09-25T07:53:14+00:00","og_image":[{"width":600,"height":600,"url":"https:\/\/narcopowders.com\/wp-content\/uploads\/2023\/07\/Buy-Ketamine-Powder.jpg","type":"image\/jpeg"}],"twitter_card":"summary_large_image","twitter_misc":{"Dur\u00e9e de lecture estim\u00e9e":"2 minutes"},"schema":{"@context":"https:\/\/schema.org","@graph":[{"@type":"WebPage","@id":"https:\/\/narcopowders.com\/product\/buy-ketamine-anasket-powder\/","url":"https:\/\/narcopowders.com\/product\/buy-ketamine-anasket-powder\/","name":"Acheter Ketamine Anasket Powder - Narco Powders","isPartOf":{"@id":"https:\/\/narcopowders.com\/#website"},"primaryImageOfPage":{"@id":"https:\/\/narcopowders.com\/product\/buy-ketamine-anasket-powder\/#primaryimage"},"image":{"@id":"https:\/\/narcopowders.com\/product\/buy-ketamine-anasket-powder\/#primaryimage"},"thumbnailUrl":"https:\/\/narcopowders.com\/wp-content\/uploads\/2023\/07\/Buy-Ketamine-Powder.jpg","datePublished":"2023-07-29T08:09:11+00:00","dateModified":"2025-09-25T07:53:14+00:00","breadcrumb":{"@id":"https:\/\/narcopowders.com\/product\/buy-ketamine-anasket-powder\/#breadcrumb"},"inLanguage":"fr-FR","potentialAction":[{"@type":"ReadAction","target":["https:\/\/narcopowders.com\/product\/buy-ketamine-anasket-powder\/"]}]},{"@type":"ImageObject","inLanguage":"fr-FR","@id":"https:\/\/narcopowders.com\/product\/buy-ketamine-anasket-powder\/#primaryimage","url":"https:\/\/narcopowders.com\/wp-content\/uploads\/2023\/07\/Buy-Ketamine-Powder.jpg","contentUrl":"https:\/\/narcopowders.com\/wp-content\/uploads\/2023\/07\/Buy-Ketamine-Powder.jpg","width":600,"height":600,"caption":"Buy-Ketamine-Powder online"},{"@type":"BreadcrumbList","@id":"https:\/\/narcopowders.com\/product\/buy-ketamine-anasket-powder\/#breadcrumb","itemListElement":[{"@type":"ListItem","position":1,"name":"Home","item":"https:\/\/narcopowders.com\/"},{"@type":"ListItem","position":2,"name":"Shop Page","item":"https:\/\/narcopowders.com\/shop\/"},{"@type":"ListItem","position":3,"name":"Buy Ketamine Anasket Powder"}]},{"@type":"WebSite","@id":"https:\/\/narcopowders.com\/#website","url":"https:\/\/narcopowders.com\/","name":"Poudres Narco","description":"Mon blog WordPress","potentialAction":[{"@type":"SearchAction","target":{"@type":"EntryPoint","urlTemplate":"https:\/\/narcopowders.com\/?s={search_term_string}"},"query-input":{"@type":"PropertyValueSpecification","valueRequired":true,"valueName":"search_term_string"}}],"inLanguage":"fr-FR"}]}},"_links":{"self":[{"href":"https:\/\/narcopowders.com\/fr\/wp-json\/wp\/v2\/product\/19449","targetHints":{"allow":["GET"]}}],"collection":[{"href":"https:\/\/narcopowders.com\/fr\/wp-json\/wp\/v2\/product"}],"about":[{"href":"https:\/\/narcopowders.com\/fr\/wp-json\/wp\/v2\/types\/product"}],"replies":[{"embeddable":true,"href":"https:\/\/narcopowders.com\/fr\/wp-json\/wp\/v2\/comments?post=19449"}],"wp:featuredmedia":[{"embeddable":true,"href":"https:\/\/narcopowders.com\/fr\/wp-json\/wp\/v2\/media\/19564"}],"wp:attachment":[{"href":"https:\/\/narcopowders.com\/fr\/wp-json\/wp\/v2\/media?parent=19449"}],"wp:term":[{"taxonomy":"product_brand","embeddable":true,"href":"https:\/\/narcopowders.com\/fr\/wp-json\/wp\/v2\/product_brand?post=19449"},{"taxonomy":"product_cat","embeddable":true,"href":"https:\/\/narcopowders.com\/fr\/wp-json\/wp\/v2\/product_cat?post=19449"},{"taxonomy":"product_tag","embeddable":true,"href":"https:\/\/narcopowders.com\/fr\/wp-json\/wp\/v2\/product_tag?post=19449"}],"curies":[{"name":"wp","href":"https:\/\/api.w.org\/{rel}","templated":true}]}}