{"id":19450,"date":"2023-07-29T08:09:13","date_gmt":"2023-07-29T08:09:13","guid":{"rendered":"https:\/\/narcopowders.com\/?post_type=product&#038;p=19450"},"modified":"2025-09-25T08:07:37","modified_gmt":"2025-09-25T08:07:37","slug":"buy-ketamine-crystal","status":"publish","type":"product","link":"https:\/\/narcopowders.com\/fr\/product\/buy-ketamine-crystal\/","title":{"rendered":"Acheter des cristaux de k\u00e9tamine en ligne"},"content":{"rendered":"<h2>Acheter Ketamine Crystal<\/h2>\n<p><a href=\"https:\/\/narcopowders.com\/fr\/produit\/acheter-ketamine-crystal\/\">Acheter des cristaux de K\u00e9tamine en ligne<\/a><\/p>\n<p>Where to <a href=\"https:\/\/narcopowders.com\/fr\/\">O\u00f9 acheter la poudre de cristaux de Ketamine HCL<\/a><\/p>\n<p>Tout d'abord, la k\u00e9tamine est un anesth\u00e9sique dissociatif utilis\u00e9 en anesth\u00e9sie humaine et en m\u00e9decine v\u00e9t\u00e9rinaire.<\/p>\n<p>Les hallucinog\u00e8nes comprennent les m\u00e9dicaments dissociatifs (acheter k\u00e9tamine hcl poudre cristalline)<a href=\"https:\/\/narcopowders.com\/fr\/cat%c3%a9gorie-de-produit\/buy-heroin-online\/\">.<\/a><\/p>\n<p>En outre, elle donne l'impression de s'\u00e9loigner de la r\u00e9alit\u00e9. La majorit\u00e9 de la k\u00e9tamine vendue sur le march\u00e9 <a href=\"https:\/\/en.wikipedia.org\/wiki\/Ketamine\">ketamine<\/a> sold on the<\/p>\n<p>La rue menant aux cliniques v\u00e9t\u00e9rinaires a \u00e9t\u00e9 modifi\u00e9e. Chimie de la k\u00e9tamine <a href=\"https:\/\/duckduckgo.com\/?q=Buy+Ketamine+Crystal+Online&amp;t=h_&amp;ia=web\">Chemistry of ketamine<\/a><\/p>\n<p>Troisi\u00e8mement, sa structure et son mode d'action sont identiques \u00e0 ceux du PCP.<\/p>\n<p>une anesth\u00e9sie dissociative et un hallucinog\u00e8ne \u00e0 courte dur\u00e9e d'action r\u00e9guli\u00e8rement utilis\u00e9s<\/p>\n<p>La m\u00e9decine d'urgence l'utilise sur le quatri\u00e8me. Il s'agit d'un exemple de dissociation, et la m\u00e9decine d'urgence l'utilise \u00e0 la quatri\u00e8me.<\/p>\n<p>est \u00e9galement fr\u00e9quemment consomm\u00e9 \u00e0 des fins r\u00e9cr\u00e9atives \u00e0 des doses sous-anesth\u00e9siques. <a href=\"https:\/\/duckduckgo.com\/?q=Buy+Ketamine+Crystal+Online&amp;t=h_&amp;ia=web\">psychedelic experience<\/a>, prenez de petites doses \u2013 c\u2019est le \u00ab K-Hole \u00bb. La majorit\u00e9 des dissociatifs sont des antagonistes des r\u00e9cepteurs NMDA.<\/p>\n<h3>Vente de k\u00e9tamine pour le soulagement de la douleur.<\/h3>\n<p>En outre, \u00e9vitez d'utiliser la k\u00e9tamine si vous \u00eates allergique \u00e0 l'un de ses composants. <a href=\"https:\/\/www.bing.com\/search?q=Buy%20Ketamine%20Crystal%20Online&amp;qs=n&amp;form=QBRE&amp;sp=-1&amp;lq=0&amp;pq=buy%20ketamine%20crystal%20online&amp;sc=0-27&amp;sk=&amp;cvid=B48FCD6A63BA41FEA8E70E332D5821C8&amp;ghsh=0&amp;ghacc=0&amp;ghpl=\">allergic to any of its ingredients<\/a>.<\/p>\n<p>En outre, vous souffrez d'une maladie qui rendrait dangereuse une augmentation significative de la pression art\u00e9rielle.<\/p>\n<p>En outre, l'utilisation de la droxidopa peut \u00eatre dangereuse. Parlez-en \u00e0 votre m\u00e9decin ou \u00e0 un autre professionnel de la sant\u00e9<\/p>\n<p>En outre, si l'une de ces conditions s'applique \u00e0 vous, contactez imm\u00e9diatement le fournisseur. <a href=\"https:\/\/www.google.com\/search?q=Buy+Ketamine+Crystal+Online&amp;sca_esv=7d1b82273738a5db&amp;sxsrf=AHTn8zpP-mpLnmrRf2_jSzjg2BV0aqQ2Aw%3A1742907647616&amp;ei=_6jiZ5WrJeHgseMPxOPN-QQ&amp;ved=0ahUKEwjVptn5pKWMAxVhcGwGHcRxM08Q4dUDCA8&amp;uact=5&amp;oq=Buy+Ketamine+Crystal+Online&amp;gs_lp=Egxnd3Mtd2l6LXNlcnAiG0J1eSBLZXRhbWluZSBDcnlzdGFsIE9ubGluZUjACVCdA1idA3ABeACQAQCYAbkBoAG5AaoBAzAuMbgBA8gBAPgBAfgBApgCAaACGagCFMICBxAjGCcY6gLCAhAQABgDGLQCGOoCGI8B2AEBmAMZ8QUQhxj9l7gZCLoGBggBEAEYCpIHATGgB0-yBwC4BwA&amp;sclient=gws-wiz-serp\">ketamine powder purchase online<\/a><\/p>\n<p>Cependant, vous pouvez obtenir de la k\u00e9tamine en ligne \u00e0 partir de l'Inde, du Canada et des \u00c9tats-Unis.<\/p>\n<p>In contrast to Chinese <a href=\"https:\/\/www.bing.com\/search?q=Buy%20Ketamine%20Crystal%20Online&amp;qs=n&amp;form=QBRE&amp;sp=-1&amp;lq=0&amp;pq=buy%20ketamine%20crystal%20online&amp;sc=0-27&amp;sk=&amp;cvid=B48FCD6A63BA41FEA8E70E332D5821C8&amp;ghsh=0&amp;ghacc=0&amp;ghpl=\">Fournisseurs de k\u00e9tamine et ventes en ligne<\/a>,<\/p>\n<p>Where can I buy ketamine, is it possible to <a href=\"https:\/\/www.google.com\/search?q=Buy+Ketamine+Crystal+Online&amp;sca_esv=7d1b82273738a5db&amp;sxsrf=AHTn8zpP-mpLnmrRf2_jSzjg2BV0aqQ2Aw%3A1742907647616&amp;ei=_6jiZ5WrJeHgseMPxOPN-QQ&amp;ved=0ahUKEwjVptn5pKWMAxVhcGwGHcRxM08Q4dUDCA8&amp;uact=5&amp;oq=Buy+Ketamine+Crystal+Online&amp;gs_lp=Egxnd3Mtd2l6LXNlcnAiG0J1eSBLZXRhbWluZSBDcnlzdGFsIE9ubGluZUjACVCdA1idA3ABeACQAQCYAbkBoAG5AaoBAzAuMbgBA8gBAPgBAfgBApgCAaACGagCFMICBxAjGCcY6gLCAhAQABgDGLQCGOoCGI8B2AEBmAMZ8QUQhxj9l7gZCLoGBggBEAEYCpIHATGgB0-yBwC4BwA&amp;sclient=gws-wiz-serp\">buy ketamine online<\/a>, and where can I buy liquid ketamine online?<\/p>","protected":false},"excerpt":{"rendered":"<p>Buy Ketamine Crystal Buy Ketamine crystals online Where to Buy Ketamine HCL Crystal Powder Firstly Ketamine is a dissociative anesthetic used in human anesthesia and veterinary medicine. Hallucinogens include dissociative medications (buy ketamine hcl crystal powder). Additionally, it makes one feel removed from reality. The majority of ketamine sold on the The street leading to [&hellip;]<\/p>\n","protected":false},"featured_media":19465,"comment_status":"open","ping_status":"closed","template":"","meta":{"_joinchat":[]},"product_brand":[],"product_cat":[1325],"product_tag":[],"class_list":{"0":"post-19450","1":"product","2":"type-product","3":"status-publish","4":"has-post-thumbnail","6":"product_cat-buy-ketamine-online","8":"first","9":"instock","10":"shipping-taxable","11":"purchasable","12":"product-type-variable","13":"add-to-wishlist-after_add_to_cart"},"yoast_head":"<!-- This site is optimized with the Yoast SEO plugin v27.5 - https:\/\/yoast.com\/product\/yoast-seo-wordpress\/ -->\n<title>Buy Ketamine Crystal Online - Narco Powders<\/title>\n<meta name=\"description\" content=\"Buy Ketamine Crystal, Medical Grade Ketamine Liquid\/Powder\/Rock\/Sugar Online Ketamine is a white, crystalline powder or clear liquid. order Ketamine Crystal\" \/>\n<meta name=\"robots\" content=\"index, follow, max-snippet:-1, max-image-preview:large, max-video-preview:-1\" \/>\n<link rel=\"canonical\" href=\"https:\/\/narcopowders.com\/fr\/produit\/acheter-ketamine-crystal\/\" \/>\n<meta property=\"og:locale\" content=\"fr_FR\" \/>\n<meta property=\"og:type\" content=\"article\" \/>\n<meta property=\"og:title\" content=\"Buy Ketamine Crystal Online - Narco Powders\" \/>\n<meta property=\"og:description\" content=\"Buy Ketamine Crystal, Medical Grade Ketamine Liquid\/Powder\/Rock\/Sugar Online Ketamine is a white, crystalline powder or clear liquid. order Ketamine Crystal\" \/>\n<meta property=\"og:url\" content=\"https:\/\/narcopowders.com\/fr\/produit\/acheter-ketamine-crystal\/\" \/>\n<meta property=\"og:site_name\" content=\"Narco Powders\" \/>\n<meta property=\"article:modified_time\" content=\"2025-09-25T08:07:37+00:00\" \/>\n<meta property=\"og:image\" content=\"https:\/\/narcopowders.com\/wp-content\/uploads\/2023\/07\/Buy-Ketamine-Crystal.jpg\" \/>\n\t<meta property=\"og:image:width\" content=\"600\" \/>\n\t<meta property=\"og:image:height\" content=\"600\" \/>\n\t<meta property=\"og:image:type\" content=\"image\/jpeg\" \/>\n<meta name=\"twitter:card\" content=\"summary_large_image\" \/>\n<meta name=\"twitter:label1\" content=\"Dur\u00e9e de lecture estim\u00e9e\" \/>\n\t<meta name=\"twitter:data1\" content=\"2 minutes\" \/>\n<!-- \/ Yoast SEO plugin. -->","yoast_head_json":{"title":"Buy Ketamine Crystal Online - Narco Powders","description":"Acheter Ketamine Crystal, Medical Grade Ketamine Liquid\/Powder\/Rock\/Sugar Online La k\u00e9tamine est une poudre cristalline blanche ou un liquide clair. Commander Ketamine Crystal","robots":{"index":"index","follow":"follow","max-snippet":"max-snippet:-1","max-image-preview":"max-image-preview:large","max-video-preview":"max-video-preview:-1"},"canonical":"https:\/\/narcopowders.com\/fr\/produit\/acheter-ketamine-crystal\/","og_locale":"fr_FR","og_type":"article","og_title":"Buy Ketamine Crystal Online - Narco Powders","og_description":"Buy Ketamine Crystal, Medical Grade Ketamine Liquid\/Powder\/Rock\/Sugar Online Ketamine is a white, crystalline powder or clear liquid. order Ketamine Crystal","og_url":"https:\/\/narcopowders.com\/fr\/produit\/acheter-ketamine-crystal\/","og_site_name":"Narco Powders","article_modified_time":"2025-09-25T08:07:37+00:00","og_image":[{"width":600,"height":600,"url":"https:\/\/narcopowders.com\/wp-content\/uploads\/2023\/07\/Buy-Ketamine-Crystal.jpg","type":"image\/jpeg"}],"twitter_card":"summary_large_image","twitter_misc":{"Dur\u00e9e de lecture estim\u00e9e":"2 minutes"},"schema":{"@context":"https:\/\/schema.org","@graph":[{"@type":"WebPage","@id":"https:\/\/narcopowders.com\/product\/buy-ketamine-crystal\/","url":"https:\/\/narcopowders.com\/product\/buy-ketamine-crystal\/","name":"Buy Ketamine Crystal Online - Narco Powders","isPartOf":{"@id":"https:\/\/narcopowders.com\/#website"},"primaryImageOfPage":{"@id":"https:\/\/narcopowders.com\/product\/buy-ketamine-crystal\/#primaryimage"},"image":{"@id":"https:\/\/narcopowders.com\/product\/buy-ketamine-crystal\/#primaryimage"},"thumbnailUrl":"https:\/\/narcopowders.com\/wp-content\/uploads\/2023\/07\/Buy-Ketamine-Crystal.jpg","datePublished":"2023-07-29T08:09:13+00:00","dateModified":"2025-09-25T08:07:37+00:00","description":"Acheter Ketamine Crystal, Medical Grade Ketamine Liquid\/Powder\/Rock\/Sugar Online La k\u00e9tamine est une poudre cristalline blanche ou un liquide clair. Commander Ketamine Crystal","breadcrumb":{"@id":"https:\/\/narcopowders.com\/product\/buy-ketamine-crystal\/#breadcrumb"},"inLanguage":"fr-FR","potentialAction":[{"@type":"ReadAction","target":["https:\/\/narcopowders.com\/product\/buy-ketamine-crystal\/"]}]},{"@type":"ImageObject","inLanguage":"fr-FR","@id":"https:\/\/narcopowders.com\/product\/buy-ketamine-crystal\/#primaryimage","url":"https:\/\/narcopowders.com\/wp-content\/uploads\/2023\/07\/Buy-Ketamine-Crystal.jpg","contentUrl":"https:\/\/narcopowders.com\/wp-content\/uploads\/2023\/07\/Buy-Ketamine-Crystal.jpg","width":600,"height":600,"caption":"Buy-Ketamine-Crystal"},{"@type":"BreadcrumbList","@id":"https:\/\/narcopowders.com\/product\/buy-ketamine-crystal\/#breadcrumb","itemListElement":[{"@type":"ListItem","position":1,"name":"Home","item":"https:\/\/narcopowders.com\/"},{"@type":"ListItem","position":2,"name":"Shop Page","item":"https:\/\/narcopowders.com\/shop\/"},{"@type":"ListItem","position":3,"name":"Buy Ketamine Crystal Online"}]},{"@type":"WebSite","@id":"https:\/\/narcopowders.com\/#website","url":"https:\/\/narcopowders.com\/","name":"Poudres Narco","description":"Mon blog WordPress","potentialAction":[{"@type":"SearchAction","target":{"@type":"EntryPoint","urlTemplate":"https:\/\/narcopowders.com\/?s={search_term_string}"},"query-input":{"@type":"PropertyValueSpecification","valueRequired":true,"valueName":"search_term_string"}}],"inLanguage":"fr-FR"}]}},"_links":{"self":[{"href":"https:\/\/narcopowders.com\/fr\/wp-json\/wp\/v2\/product\/19450","targetHints":{"allow":["GET"]}}],"collection":[{"href":"https:\/\/narcopowders.com\/fr\/wp-json\/wp\/v2\/product"}],"about":[{"href":"https:\/\/narcopowders.com\/fr\/wp-json\/wp\/v2\/types\/product"}],"replies":[{"embeddable":true,"href":"https:\/\/narcopowders.com\/fr\/wp-json\/wp\/v2\/comments?post=19450"}],"wp:featuredmedia":[{"embeddable":true,"href":"https:\/\/narcopowders.com\/fr\/wp-json\/wp\/v2\/media\/19465"}],"wp:attachment":[{"href":"https:\/\/narcopowders.com\/fr\/wp-json\/wp\/v2\/media?parent=19450"}],"wp:term":[{"taxonomy":"product_brand","embeddable":true,"href":"https:\/\/narcopowders.com\/fr\/wp-json\/wp\/v2\/product_brand?post=19450"},{"taxonomy":"product_cat","embeddable":true,"href":"https:\/\/narcopowders.com\/fr\/wp-json\/wp\/v2\/product_cat?post=19450"},{"taxonomy":"product_tag","embeddable":true,"href":"https:\/\/narcopowders.com\/fr\/wp-json\/wp\/v2\/product_tag?post=19450"}],"curies":[{"name":"wp","href":"https:\/\/api.w.org\/{rel}","templated":true}]}}