{"id":19468,"date":"2023-07-29T08:57:44","date_gmt":"2023-07-29T08:57:44","guid":{"rendered":"https:\/\/narcopowders.com\/?post_type=product&#038;p=19468"},"modified":"2025-09-25T07:58:02","modified_gmt":"2025-09-25T07:58:02","slug":"buy-ketamine-crystal-rock","status":"publish","type":"product","link":"https:\/\/narcopowders.com\/fr\/produit\/acheter-ketamine-crystal-rock\/","title":{"rendered":"Buy Ketamine Crystal Rock Online"},"content":{"rendered":"<h2>Acheter Ketamine Crystal Rock<\/h2>\n<p><a href=\"https:\/\/narcopowders.com\/fr\/produit\/acheter-ketamine-crystal-rock\/\">Acheter Ketamine Crystal Rock en ligne<\/a><\/p>\n<p><a href=\"https:\/\/en.wikipedia.org\/wiki\/Ketamine\">Acheter Ketamine Crystal Rock en ligne<\/a> est un m\u00e9dicament utilis\u00e9 principalement en anesth\u00e9sie. D'autres applications incluent la douleur chronique et la s\u00e9dation en soins intensifs.<\/p>\n<p>The abrupt high from <a href=\"https:\/\/narcopowders.com\/fr\/produit\/acheter-ketamine-crystal-rock\/\">chlorhydrate de k\u00e9tamine<\/a> L'\u00e9tat d'euphorie rapide provoqu\u00e9 par la k\u00e9tamine dure environ une heure. Il commence 2 \u00e0 5 minutes apr\u00e8s avoir fum\u00e9 ou ing\u00e9r\u00e9 la dose. En cas d'injection, il se produit environ 30 secondes apr\u00e8s l'injection.<\/p>\n<p>Le sentiment de relaxation \u00e9crasant que l'utilisateur \u00e9prouve au d\u00e9but de la d\u00e9fonce est souvent appel\u00e9 \"full-body buzz\" (buzz du corps entier). Certains usagers disent qu'ils ont l'impression de flotter, et d'autres qu'ils ont l'impression de ne pas \u00eatre dans leur corps. Les hallucinations sont fr\u00e9quentes et durent souvent plus longtemps que les effets de l'anesth\u00e9sie.<a href=\"https:\/\/www.google.com\/search?q=Buy+Ketamine+Crystal+Rock+Online&amp;sca_esv=7d1b82273738a5db&amp;sxsrf=AHTn8zr3HBGVOAtLOqJfxtiPIVxAbwGqJg%3A1742907805129&amp;ei=naniZ-7SB6-VseMPltDB2QM&amp;ved=0ahUKEwiulefEpaWMAxWvSmwGHRZoMDsQ4dUDCA8&amp;uact=5&amp;oq=Buy+Ketamine+Crystal+Rock+Online&amp;gs_lp=Egxnd3Mtd2l6LXNlcnAiIEJ1eSBLZXRhbWluZSBDcnlzdGFsIFJvY2sgT25saW5lSL8SUABYAHAAeACQAQCYAbYCoAG2AqoBAzMtMbgBA8gBAPgBAvgBAZgCAKACAJgDAJIHAKAHVLIHALgHAA&amp;sclient=gws-wiz-serp\">Acheter de la k\u00e9tamine de cristal de roche<\/a><\/p>\n<p>Users have reported full and total dissociation from their bodies as a result of the <a href=\"https:\/\/www.bing.com\/search?q=Buy%20Ketamine%20Crystal%20Rock%20Online&amp;qs=n&amp;form=QBRE&amp;sp=-1&amp;lq=0&amp;pq=buy%20ketamine%20crystal%20rock%20online&amp;sc=0-32&amp;sk=&amp;cvid=6B9B6C1E7C4A4175B1918ED74CAB4531&amp;ghsh=0&amp;ghacc=0&amp;ghpl=\">more severe effects<\/a> Des utilisateurs ont signal\u00e9 une dissociation totale de leur corps \u00e0 la suite des effets les plus graves que des doses plus \u00e9lev\u00e9es peuvent induire. Ces effets ressemblent \u00e0 ceux d\u00e9crits par les personnes ayant v\u00e9cu des exp\u00e9riences de mort imminente, et c'est comme \u00eatre dans le \"trou K\"<\/p>\n<p>Recent advances in <a href=\"https:\/\/www.bing.com\/search?q=Buy%20Ketamine%20Crystal%20Rock%20Online&amp;qs=n&amp;form=QBRE&amp;sp=-1&amp;lq=0&amp;pq=buy%20ketamine%20crystal%20rock%20online&amp;sc=0-32&amp;sk=&amp;cvid=6B9B6C1E7C4A4175B1918ED74CAB4531&amp;ghsh=0&amp;ghacc=0&amp;ghpl=\">ketamine research emphasise the advantages<\/a> Les progr\u00e8s r\u00e9cents de la recherche sur la k\u00e9tamine soulignent les avantages qu'elle pr\u00e9sente pour les personnes d\u00e9pressives. En particulier pour celles qui ont essay\u00e9 en vain divers antid\u00e9presseurs. Par rapport aux ISRS, qui sont g\u00e9n\u00e9ralement recommand\u00e9s pour traiter la d\u00e9pression, la k\u00e9tamine fonctionne diff\u00e9remment \u00e0 l'int\u00e9rieur du cerveau. Une fois contr\u00f4l\u00e9e, la k\u00e9tamine agit rapidement.<\/p>\n<p>La k\u00e9tamine a un effet stimulant distinct 40 minutes apr\u00e8s son administration. Des recherches r\u00e9centes montrent \"une am\u00e9lioration consid\u00e9rable des effets secondaires g\u00eanants dans les 24 heures suivant l'administration de k\u00e9tamine par rapport \u00e0 un traitement fictif\", selon la publication. <a href=\"https:\/\/duckduckgo.com\/?q=Buy+Ketamine+Crystal+Rock+Online&amp;t=h_&amp;ia=web\">ketamine compared with fake treatment<\/a>,&#8221; according to the publication.<\/p>\n<p>La k\u00e9tamine inhal\u00e9e n'a pratiquement pas r\u00e9v\u00e9l\u00e9 d'effets psychotomim\u00e9tiques ou dissociatifs.<\/p>\n<p>With the right <a href=\"https:\/\/www.google.com\/search?q=Buy+Ketamine+Crystal+Rock+Online&amp;sca_esv=7d1b82273738a5db&amp;sxsrf=AHTn8zr3HBGVOAtLOqJfxtiPIVxAbwGqJg%3A1742907805129&amp;ei=naniZ-7SB6-VseMPltDB2QM&amp;ved=0ahUKEwiulefEpaWMAxWvSmwGHRZoMDsQ4dUDCA8&amp;uact=5&amp;oq=Buy+Ketamine+Crystal+Rock+Online&amp;gs_lp=Egxnd3Mtd2l6LXNlcnAiIEJ1eSBLZXRhbWluZSBDcnlzdGFsIFJvY2sgT25saW5lSL8SUABYAHAAeACQAQCYAbYCoAG2AqoBAzMtMbgBA8gBAPgBAvgBAZgCAKACAJgDAJIHAKAHVLIHALgHAA&amp;sclient=gws-wiz-serp\">ketamine administration technique<\/a>, this drug can help the brain promote new neuronal connections and <a href=\"https:\/\/duckduckgo.com\/?q=Buy+Ketamine+Crystal+Rock+Online&amp;t=h_&amp;ia=web\">provide long-term relief<\/a>.<\/p>","protected":false},"excerpt":{"rendered":"<p>Buy Ketamine Crystal Rock Buy Ketamine Crystal Rock online Buy Ketamine Crystal Rock online is a drug used primarily in anesthesia. Other applications include chronic pain and sedation in intensive care. The abrupt high from ketamine HCL lasts for roughly an hour. It begins 2 to 5 minutes after smoking or ingesting the dose. When [&hellip;]<\/p>","protected":false},"featured_media":19500,"comment_status":"open","ping_status":"closed","template":"","meta":{"_joinchat":[]},"product_brand":[],"product_cat":[1325],"product_tag":[],"class_list":{"0":"post-19468","1":"product","2":"type-product","3":"status-publish","4":"has-post-thumbnail","6":"product_cat-buy-ketamine-online","8":"first","9":"instock","10":"shipping-taxable","11":"purchasable","12":"product-type-variable","13":"has-default-attributes","14":"add-to-wishlist-after_add_to_cart"},"yoast_head":"<!-- This site is optimized with the Yoast SEO plugin v25.9 - https:\/\/yoast.com\/wordpress\/plugins\/seo\/ -->\n<title>Buy Ketamine Crystal Rock Online - Narco Powders<\/title>\n<meta name=\"robots\" content=\"index, follow, max-snippet:-1, max-image-preview:large, max-video-preview:-1\" \/>\n<link rel=\"canonical\" href=\"https:\/\/narcopowders.com\/fr\/produit\/acheter-ketamine-crystal-rock\/\" \/>\n<meta property=\"og:locale\" content=\"fr_FR\" \/>\n<meta property=\"og:type\" content=\"article\" \/>\n<meta property=\"og:title\" content=\"Buy Ketamine Crystal Rock Online - Narco Powders\" \/>\n<meta property=\"og:description\" content=\"Buy Ketamine Crystal Rock Buy Ketamine Crystal Rock online Buy Ketamine Crystal Rock online is a drug used primarily in anesthesia. Other applications include chronic pain and sedation in intensive care. The abrupt high from ketamine HCL lasts for roughly an hour. It begins 2 to 5 minutes after smoking or ingesting the dose. When [&hellip;]\" \/>\n<meta property=\"og:url\" content=\"https:\/\/narcopowders.com\/fr\/produit\/acheter-ketamine-crystal-rock\/\" \/>\n<meta property=\"og:site_name\" content=\"Narco Powders\" \/>\n<meta property=\"article:modified_time\" content=\"2025-09-25T07:58:02+00:00\" \/>\n<meta property=\"og:image\" content=\"https:\/\/narcopowders.com\/wp-content\/uploads\/2023\/07\/Buy-Ketamine-Crystal-Rock.jpg\" \/>\n\t<meta property=\"og:image:width\" content=\"600\" \/>\n\t<meta property=\"og:image:height\" content=\"600\" \/>\n\t<meta property=\"og:image:type\" content=\"image\/jpeg\" \/>\n<meta name=\"twitter:card\" content=\"summary_large_image\" \/>\n<meta name=\"twitter:label1\" content=\"Dur\u00e9e de lecture estim\u00e9e\" \/>\n\t<meta name=\"twitter:data1\" content=\"2 minutes\" \/>\n<!-- \/ Yoast SEO plugin. -->","yoast_head_json":{"title":"Buy Ketamine Crystal Rock Online - Narco Powders","robots":{"index":"index","follow":"follow","max-snippet":"max-snippet:-1","max-image-preview":"max-image-preview:large","max-video-preview":"max-video-preview:-1"},"canonical":"https:\/\/narcopowders.com\/fr\/produit\/acheter-ketamine-crystal-rock\/","og_locale":"fr_FR","og_type":"article","og_title":"Buy Ketamine Crystal Rock Online - Narco Powders","og_description":"Buy Ketamine Crystal Rock Buy Ketamine Crystal Rock online Buy Ketamine Crystal Rock online is a drug used primarily in anesthesia. Other applications include chronic pain and sedation in intensive care. The abrupt high from ketamine HCL lasts for roughly an hour. It begins 2 to 5 minutes after smoking or ingesting the dose. When [&hellip;]","og_url":"https:\/\/narcopowders.com\/fr\/produit\/acheter-ketamine-crystal-rock\/","og_site_name":"Narco Powders","article_modified_time":"2025-09-25T07:58:02+00:00","og_image":[{"width":600,"height":600,"url":"https:\/\/narcopowders.com\/wp-content\/uploads\/2023\/07\/Buy-Ketamine-Crystal-Rock.jpg","type":"image\/jpeg"}],"twitter_card":"summary_large_image","twitter_misc":{"Dur\u00e9e de lecture estim\u00e9e":"2 minutes"},"schema":{"@context":"https:\/\/schema.org","@graph":[{"@type":"WebPage","@id":"https:\/\/narcopowders.com\/product\/buy-ketamine-crystal-rock\/","url":"https:\/\/narcopowders.com\/product\/buy-ketamine-crystal-rock\/","name":"Buy Ketamine Crystal Rock Online - Narco Powders","isPartOf":{"@id":"https:\/\/narcopowders.com\/#website"},"primaryImageOfPage":{"@id":"https:\/\/narcopowders.com\/product\/buy-ketamine-crystal-rock\/#primaryimage"},"image":{"@id":"https:\/\/narcopowders.com\/product\/buy-ketamine-crystal-rock\/#primaryimage"},"thumbnailUrl":"https:\/\/narcopowders.com\/wp-content\/uploads\/2023\/07\/Buy-Ketamine-Crystal-Rock.jpg","datePublished":"2023-07-29T08:57:44+00:00","dateModified":"2025-09-25T07:58:02+00:00","breadcrumb":{"@id":"https:\/\/narcopowders.com\/product\/buy-ketamine-crystal-rock\/#breadcrumb"},"inLanguage":"fr-FR","potentialAction":[{"@type":"ReadAction","target":["https:\/\/narcopowders.com\/product\/buy-ketamine-crystal-rock\/"]}]},{"@type":"ImageObject","inLanguage":"fr-FR","@id":"https:\/\/narcopowders.com\/product\/buy-ketamine-crystal-rock\/#primaryimage","url":"https:\/\/narcopowders.com\/wp-content\/uploads\/2023\/07\/Buy-Ketamine-Crystal-Rock.jpg","contentUrl":"https:\/\/narcopowders.com\/wp-content\/uploads\/2023\/07\/Buy-Ketamine-Crystal-Rock.jpg","width":600,"height":600,"caption":"Buy-Ketamine-Crystal-Rock online"},{"@type":"BreadcrumbList","@id":"https:\/\/narcopowders.com\/product\/buy-ketamine-crystal-rock\/#breadcrumb","itemListElement":[{"@type":"ListItem","position":1,"name":"Home","item":"https:\/\/narcopowders.com\/"},{"@type":"ListItem","position":2,"name":"Shop Page","item":"https:\/\/narcopowders.com\/shop\/"},{"@type":"ListItem","position":3,"name":"Buy Ketamine Crystal Rock Online"}]},{"@type":"WebSite","@id":"https:\/\/narcopowders.com\/#website","url":"https:\/\/narcopowders.com\/","name":"Poudres Narco","description":"Mon blog WordPress","potentialAction":[{"@type":"SearchAction","target":{"@type":"EntryPoint","urlTemplate":"https:\/\/narcopowders.com\/?s={search_term_string}"},"query-input":{"@type":"PropertyValueSpecification","valueRequired":true,"valueName":"search_term_string"}}],"inLanguage":"fr-FR"}]}},"_links":{"self":[{"href":"https:\/\/narcopowders.com\/fr\/wp-json\/wp\/v2\/product\/19468","targetHints":{"allow":["GET"]}}],"collection":[{"href":"https:\/\/narcopowders.com\/fr\/wp-json\/wp\/v2\/product"}],"about":[{"href":"https:\/\/narcopowders.com\/fr\/wp-json\/wp\/v2\/types\/product"}],"replies":[{"embeddable":true,"href":"https:\/\/narcopowders.com\/fr\/wp-json\/wp\/v2\/comments?post=19468"}],"wp:featuredmedia":[{"embeddable":true,"href":"https:\/\/narcopowders.com\/fr\/wp-json\/wp\/v2\/media\/19500"}],"wp:attachment":[{"href":"https:\/\/narcopowders.com\/fr\/wp-json\/wp\/v2\/media?parent=19468"}],"wp:term":[{"taxonomy":"product_brand","embeddable":true,"href":"https:\/\/narcopowders.com\/fr\/wp-json\/wp\/v2\/product_brand?post=19468"},{"taxonomy":"product_cat","embeddable":true,"href":"https:\/\/narcopowders.com\/fr\/wp-json\/wp\/v2\/product_cat?post=19468"},{"taxonomy":"product_tag","embeddable":true,"href":"https:\/\/narcopowders.com\/fr\/wp-json\/wp\/v2\/product_tag?post=19468"}],"curies":[{"name":"wp","href":"https:\/\/api.w.org\/{rel}","templated":true}]}}