{"id":19470,"date":"2023-07-29T08:57:33","date_gmt":"2023-07-29T08:57:33","guid":{"rendered":"https:\/\/narcopowders.com\/?post_type=product&#038;p=19470"},"modified":"2025-09-25T08:12:30","modified_gmt":"2025-09-25T08:12:30","slug":"buy-ketamine-liquid-500mg-10ml","status":"publish","type":"product","link":"https:\/\/narcopowders.com\/fr\/produit\/acheter-ketamine-liquide-500mg-10ml-2\/","title":{"rendered":"Acheter Ketamine liquide 500mg\/10ml"},"content":{"rendered":"<h2>Acheter Ketamine liquide 500mg\/10ml<\/h2>\n<p><strong>ketamine 500 mg\/10 ml | Ketamine Liquid \u00e0 vendre<\/strong><\/p>\n<p>We are currently a top provider of <a href=\"https:\/\/narcopowders.com\/fr\/produit\/acheter-ketamine-liquide-500mg-10ml-2\/\">Calypsol Ketamine Hcl<\/a>\u00a0 use in medicine and research. Additionally, <a href=\"https:\/\/en.wikipedia.org\/wiki\/Ketamine\">We is authorised to transport legally all over the world<\/a>De plus, si vous vous trouvez dans une situation \u00e0 risque, cela peut \u00eatre dangereux. Voici donc quelques pr\u00e9cisions \u00e0 ce sujet. <a href=\"https:\/\/narcopowders.com\/fr\/\">ketamine<\/a> Il est important de savoir ce qui suit. Si vous prenez r\u00e9guli\u00e8rement de la K et que vous vous croyez expert en tout,<a href=\"https:\/\/en.wikipedia.org\/wiki\/Ketamine\">.<\/a><\/p>\n<h3>COMMANDER KETAMINE 500 mg\/10 ml POUR LA VENTE<\/h3>\n<p><a href=\"https:\/\/duckduckgo.com\/?q=Buy+Ketamine+Liquid+500mg%2F10ml+online&amp;t=h_&amp;ia=web\">K\u00e9tamine<\/a> is known to be obtained through the diversion of <a href=\"https:\/\/www.bing.com\/search?q=Buy%20Ketamine%20Liquid%20500mg%2F10ml%20online&amp;qs=n&amp;form=QBRE&amp;sp=-1&amp;lq=0&amp;pq=buy%20ketamine%20liquid%20500mg%2F10ml%20online&amp;sc=0-37&amp;sk=&amp;cvid=0EC77725CE214E038A859FEA76F0E8EB&amp;ghsh=0&amp;ghacc=0&amp;ghpl=\">prescription drugs<\/a>On sait que la k\u00e9tamine peut \u00eatre obtenue en d\u00e9tournant des m\u00e9dicaments d\u00e9livr\u00e9s sur ordonnance. Par cons\u00e9quent, des vols de stocks de k\u00e9tamine ont eu lieu dans des cabinets v\u00e9t\u00e9rinaires<a href=\"https:\/\/narcopowders.com\/fr\/produit\/colombien-cocaine\/\">.<\/a><\/p>\n<p>A dose of 1 to 2 mg per kg of body weight causes strong hallucinogenic and dissociative effects that last for about an hour. Additionally, levitation, stimulation, and visual effects are <a href=\"https:\/\/www.google.com\/search?q=Buy+Ketamine+Liquid+500mg%2F10ml+online&amp;sca_esv=2a2a93e8be91f013&amp;sxsrf=AHTn8zqcEInv9wi3fiWT2jsf8SaBU4IP7w%3A1742968978536&amp;ei=kpjjZ6GrIKDtseMPmuyQoQ0&amp;ved=0ahUKEwihvMe2iaeMAxWgdmwGHRo2JNQQ4dUDCA8&amp;uact=5&amp;oq=Buy+Ketamine+Liquid+500mg%2F10ml+online&amp;gs_lp=Egxnd3Mtd2l6LXNlcnAiJUJ1eSBLZXRhbWluZSBMaXF1aWQgNTAwbWcvMTBtbCBvbmxpbmVIqwVQAFgAcAB4AJABAJgBrgKgAa4CqgEDMy0xuAEDyAEA-AEC-AEBmAIAoAIAmAMAkgcAoAdZsgcAuAcA&amp;sclient=gws-wiz-serp\">all possible sensations<\/a>rent environ une heure. En outre, la l\u00e9vitation, la stimulation et les effets visuels sont des sensations possibles. Le \"k-hole\" peut donc se produire avec des doses plus \u00e9lev\u00e9es. En outre, les usagers simuleraient une exp\u00e9rience \"hors du corps\" ou \"proche de la mort\" et seraient proches de la somnolence totale. Des doses \u00e9lev\u00e9es peuvent constituer une menace en r\u00e9duisant la respiration, en entra\u00eenant une confusion grave, des vertiges, des probl\u00e8mes d'\u00e9quilibre, des troubles de l'\u00e9locution, des spasmes ou des faiblesses musculaires, des troubles de la vue, des naus\u00e9es et des vomissements. Achat de K\u00e9tamine en ligne | Achat de K\u00e9tamine en ligne | Commande de Calypsol K\u00e9tamine Hcl<a href=\"https:\/\/www.bing.com\/search?q=Buy%20Ketamine%20Liquid%20500mg%2F10ml%20online&amp;qs=n&amp;form=QBRE&amp;sp=-1&amp;lq=0&amp;pq=buy%20ketamine%20liquid%20500mg%2F10ml%20online&amp;sc=0-37&amp;sk=&amp;cvid=0EC77725CE214E038A859FEA76F0E8EB&amp;ghsh=0&amp;ghacc=0&amp;ghpl=\">Order Calypsol Ketamine Hcl<\/a><\/p>\n<h3>A VENDRE : K\u00c9TAMINE 500 MG\/10 ML<\/h3>\n<p>How to get ketamine online and where to <a href=\"https:\/\/duckduckgo.com\/?q=Buy+Ketamine+Liquid+500mg%2F10ml+online&amp;t=h_&amp;ia=web\">buy cheap ketamine<\/a>. Additionally, <a href=\"https:\/\/www.google.com\/search?q=Buy+Ketamine+Liquid+500mg%2F10ml+online&amp;sca_esv=2a2a93e8be91f013&amp;sxsrf=AHTn8zqcEInv9wi3fiWT2jsf8SaBU4IP7w%3A1742968978536&amp;ei=kpjjZ6GrIKDtseMPmuyQoQ0&amp;ved=0ahUKEwihvMe2iaeMAxWgdmwGHRo2JNQQ4dUDCA8&amp;uact=5&amp;oq=Buy+Ketamine+Liquid+500mg%2F10ml+online&amp;gs_lp=Egxnd3Mtd2l6LXNlcnAiJUJ1eSBLZXRhbWluZSBMaXF1aWQgNTAwbWcvMTBtbCBvbmxpbmVIqwVQAFgAcAB4AJABAJgBrgKgAa4CqgEDMy0xuAEDyAEA-AEC-AEBmAIAoAIAmAMAkgcAoAdZsgcAuAcA&amp;sclient=gws-wiz-serp\">buy ketamine online usa<\/a>Comment obtenir de la k\u00e9tamine en ligne et o\u00f9 acheter de la k\u00e9tamine bon march\u00e9. En outre, acheter de la k\u00e9tamine en ligne, acheter de la k\u00e9tamine en ligne sans ordonnance, acheter en ligne, acheter de la k\u00e9tamine en ligne et acheter de la k\u00e9tamine pour la vente. K\u00e9tamine<a href=\"https:\/\/narcopowders.com\/fr\/\">.<\/a><\/p>","protected":false},"excerpt":{"rendered":"<p>Buy Ketamine Liquid 500mg\/10ml ketamine 500 mg\/10 ml | Ketamine Liquid for sale We are currently a top provider of Calypsol Ketamine Hcl\u00a0 use in medicine and research. Additionally, We is authorised to transport legally all over the world. Additionally, if you find yourself in a risky scenario, it may be dangerous. Therefore, there are [&hellip;]<\/p>","protected":false},"featured_media":19502,"comment_status":"open","ping_status":"closed","template":"","meta":{"_joinchat":[]},"product_brand":[],"product_cat":[1325],"product_tag":[],"class_list":{"0":"post-19470","1":"product","2":"type-product","3":"status-publish","4":"has-post-thumbnail","6":"product_cat-buy-ketamine-online","8":"first","9":"instock","10":"shipping-taxable","11":"purchasable","12":"product-type-variable","13":"add-to-wishlist-after_add_to_cart"},"yoast_head":"<!-- This site is optimized with the Yoast SEO plugin v25.9 - https:\/\/yoast.com\/wordpress\/plugins\/seo\/ -->\n<title>ketamine 500 mg\/10 ml - Narco Powders<\/title>\n<meta name=\"description\" content=\"ketamine 500 mg\/10 ml, Buy Calypsol Ketamine Hcl 500mg 10ml With Bitcoin Online-Work only needs 10-30 minutes of working time per day,\" \/>\n<meta name=\"robots\" content=\"index, follow, max-snippet:-1, max-image-preview:large, max-video-preview:-1\" \/>\n<link rel=\"canonical\" href=\"https:\/\/narcopowders.com\/fr\/produit\/acheter-ketamine-liquide-500mg-10ml-2\/\" \/>\n<meta property=\"og:locale\" content=\"fr_FR\" \/>\n<meta property=\"og:type\" content=\"article\" \/>\n<meta property=\"og:title\" content=\"ketamine 500 mg\/10 ml - Narco Powders\" \/>\n<meta property=\"og:description\" content=\"ketamine 500 mg\/10 ml, Buy Calypsol Ketamine Hcl 500mg 10ml With Bitcoin Online-Work only needs 10-30 minutes of working time per day,\" \/>\n<meta property=\"og:url\" content=\"https:\/\/narcopowders.com\/fr\/produit\/acheter-ketamine-liquide-500mg-10ml-2\/\" \/>\n<meta property=\"og:site_name\" content=\"Narco Powders\" \/>\n<meta property=\"article:modified_time\" content=\"2025-09-25T08:12:30+00:00\" \/>\n<meta property=\"og:image\" content=\"https:\/\/narcopowders.com\/wp-content\/uploads\/2023\/07\/Buy-Ketamine-Liquid.jpg\" \/>\n\t<meta property=\"og:image:width\" content=\"600\" \/>\n\t<meta property=\"og:image:height\" content=\"600\" \/>\n\t<meta property=\"og:image:type\" content=\"image\/jpeg\" \/>\n<meta name=\"twitter:card\" content=\"summary_large_image\" \/>\n<meta name=\"twitter:label1\" content=\"Dur\u00e9e de lecture estim\u00e9e\" \/>\n\t<meta name=\"twitter:data1\" content=\"2 minutes\" \/>\n<!-- \/ Yoast SEO plugin. -->","yoast_head_json":{"title":"k\u00e9tamine 500 mg\/10 ml - Narco Powders","description":"ketamine 500 mg\/10 ml, Buy Calypsol Ketamine Hcl 500mg 10ml With Bitcoin Online-Le travail ne n\u00e9cessite que 10 \u00e0 30 minutes de temps de travail par jour,","robots":{"index":"index","follow":"follow","max-snippet":"max-snippet:-1","max-image-preview":"max-image-preview:large","max-video-preview":"max-video-preview:-1"},"canonical":"https:\/\/narcopowders.com\/fr\/produit\/acheter-ketamine-liquide-500mg-10ml-2\/","og_locale":"fr_FR","og_type":"article","og_title":"ketamine 500 mg\/10 ml - Narco Powders","og_description":"ketamine 500 mg\/10 ml, Buy Calypsol Ketamine Hcl 500mg 10ml With Bitcoin Online-Work only needs 10-30 minutes of working time per day,","og_url":"https:\/\/narcopowders.com\/fr\/produit\/acheter-ketamine-liquide-500mg-10ml-2\/","og_site_name":"Narco Powders","article_modified_time":"2025-09-25T08:12:30+00:00","og_image":[{"width":600,"height":600,"url":"https:\/\/narcopowders.com\/wp-content\/uploads\/2023\/07\/Buy-Ketamine-Liquid.jpg","type":"image\/jpeg"}],"twitter_card":"summary_large_image","twitter_misc":{"Dur\u00e9e de lecture estim\u00e9e":"2 minutes"},"schema":{"@context":"https:\/\/schema.org","@graph":[{"@type":"WebPage","@id":"https:\/\/narcopowders.com\/product\/buy-ketamine-liquid-500mg-10ml\/","url":"https:\/\/narcopowders.com\/product\/buy-ketamine-liquid-500mg-10ml\/","name":"k\u00e9tamine 500 mg\/10 ml - Narco Powders","isPartOf":{"@id":"https:\/\/narcopowders.com\/#website"},"primaryImageOfPage":{"@id":"https:\/\/narcopowders.com\/product\/buy-ketamine-liquid-500mg-10ml\/#primaryimage"},"image":{"@id":"https:\/\/narcopowders.com\/product\/buy-ketamine-liquid-500mg-10ml\/#primaryimage"},"thumbnailUrl":"https:\/\/narcopowders.com\/wp-content\/uploads\/2023\/07\/Buy-Ketamine-Liquid.jpg","datePublished":"2023-07-29T08:57:33+00:00","dateModified":"2025-09-25T08:12:30+00:00","description":"ketamine 500 mg\/10 ml, Buy Calypsol Ketamine Hcl 500mg 10ml With Bitcoin Online-Le travail ne n\u00e9cessite que 10 \u00e0 30 minutes de temps de travail par jour,","breadcrumb":{"@id":"https:\/\/narcopowders.com\/product\/buy-ketamine-liquid-500mg-10ml\/#breadcrumb"},"inLanguage":"fr-FR","potentialAction":[{"@type":"ReadAction","target":["https:\/\/narcopowders.com\/product\/buy-ketamine-liquid-500mg-10ml\/"]}]},{"@type":"ImageObject","inLanguage":"fr-FR","@id":"https:\/\/narcopowders.com\/product\/buy-ketamine-liquid-500mg-10ml\/#primaryimage","url":"https:\/\/narcopowders.com\/wp-content\/uploads\/2023\/07\/Buy-Ketamine-Liquid.jpg","contentUrl":"https:\/\/narcopowders.com\/wp-content\/uploads\/2023\/07\/Buy-Ketamine-Liquid.jpg","width":600,"height":600,"caption":"Buy-Ketamine-Liquid online"},{"@type":"BreadcrumbList","@id":"https:\/\/narcopowders.com\/product\/buy-ketamine-liquid-500mg-10ml\/#breadcrumb","itemListElement":[{"@type":"ListItem","position":1,"name":"Home","item":"https:\/\/narcopowders.com\/"},{"@type":"ListItem","position":2,"name":"Shop Page","item":"https:\/\/narcopowders.com\/shop\/"},{"@type":"ListItem","position":3,"name":"Buy Ketamine Liquid 500mg\/10ml"}]},{"@type":"WebSite","@id":"https:\/\/narcopowders.com\/#website","url":"https:\/\/narcopowders.com\/","name":"Poudres Narco","description":"Mon blog WordPress","potentialAction":[{"@type":"SearchAction","target":{"@type":"EntryPoint","urlTemplate":"https:\/\/narcopowders.com\/?s={search_term_string}"},"query-input":{"@type":"PropertyValueSpecification","valueRequired":true,"valueName":"search_term_string"}}],"inLanguage":"fr-FR"}]}},"_links":{"self":[{"href":"https:\/\/narcopowders.com\/fr\/wp-json\/wp\/v2\/product\/19470","targetHints":{"allow":["GET"]}}],"collection":[{"href":"https:\/\/narcopowders.com\/fr\/wp-json\/wp\/v2\/product"}],"about":[{"href":"https:\/\/narcopowders.com\/fr\/wp-json\/wp\/v2\/types\/product"}],"replies":[{"embeddable":true,"href":"https:\/\/narcopowders.com\/fr\/wp-json\/wp\/v2\/comments?post=19470"}],"wp:featuredmedia":[{"embeddable":true,"href":"https:\/\/narcopowders.com\/fr\/wp-json\/wp\/v2\/media\/19502"}],"wp:attachment":[{"href":"https:\/\/narcopowders.com\/fr\/wp-json\/wp\/v2\/media?parent=19470"}],"wp:term":[{"taxonomy":"product_brand","embeddable":true,"href":"https:\/\/narcopowders.com\/fr\/wp-json\/wp\/v2\/product_brand?post=19470"},{"taxonomy":"product_cat","embeddable":true,"href":"https:\/\/narcopowders.com\/fr\/wp-json\/wp\/v2\/product_cat?post=19470"},{"taxonomy":"product_tag","embeddable":true,"href":"https:\/\/narcopowders.com\/fr\/wp-json\/wp\/v2\/product_tag?post=19470"}],"curies":[{"name":"wp","href":"https:\/\/api.w.org\/{rel}","templated":true}]}}