{"id":19504,"date":"2023-07-29T09:21:34","date_gmt":"2023-07-29T09:21:34","guid":{"rendered":"https:\/\/narcopowders.com\/?post_type=product&#038;p=19504"},"modified":"2025-09-25T08:16:45","modified_gmt":"2025-09-25T08:16:45","slug":"buy-ketamine-powder","status":"publish","type":"product","link":"https:\/\/narcopowders.com\/fr\/produit\/acheter-de-la-ketamine-en-poudre\/","title":{"rendered":"Acheter de la poudre de k\u00e9tamine en ligne"},"content":{"rendered":"<h2>Acheter de la poudre de k\u00e9tamine en ligne<\/h2>\n<h3>Qu'est-ce que la k\u00e9tamine ?<\/h3>\n<p>Since the 1970s, <a href=\"https:\/\/www.bing.com\/search?q=Buy%20Ketamine%20Powder%20Online&amp;qs=n&amp;form=QBRE&amp;sp=-1&amp;lq=0&amp;pq=buy%20ketamine%20powder%20online&amp;sc=1-26&amp;sk=&amp;cvid=309B2C9F49BA448482453AD8D57E8491&amp;ghsh=0&amp;ghacc=0&amp;ghpl=\">ketamine<\/a> (nom de marque : Ketalar) est accessible sur ordonnance aux \u00c9tats-Unis \u00e0 des fins humaines et v\u00e9t\u00e9rinaires. Il s'agit d'un anesth\u00e9sique injectable dissociatif (qui bloque la perception sensorielle). <a href=\"https:\/\/www.bing.com\/search?q=Buy%20Ketamine%20Powder%20Online&amp;qs=n&amp;form=QBRE&amp;sp=-1&amp;lq=0&amp;pq=buy%20ketamine%20powder%20online&amp;sc=1-26&amp;sk=&amp;cvid=309B2C9F49BA448482453AD8D57E8491&amp;ghsh=0&amp;ghacc=0&amp;ghpl=\">K\u00e9tamine<\/a> on prescription can be purchased as a nasal spray, <a href=\"https:\/\/narcopowders.com\/fr\/\">clear liquid injection<\/a>, or off-white powder for intravenous use<a href=\"https:\/\/narcopowders.com\/fr\/product-category\/buy-cocaine-online\/\">.<\/a><\/p>\n<p>Because of its dissociative effects, <a href=\"https:\/\/en.wikipedia.org\/wiki\/Ketamine\">ketamine is frequently misused illegally<\/a>En raison de ses effets dissociatifs, la k\u00e9tamine fait souvent l'objet d'un usage ill\u00e9gal. Les drogues qui provoquent une dissociation peuvent entra\u00eener une distorsion de l'environnement, de la personne et de son entourage. La k\u00e9tamine est souvent \"sniff\u00e9e\" dans le nez, inject\u00e9e, ajout\u00e9e \u00e0 des boissons ou fum\u00e9e avec du tabac ou de la marijuana.<\/p>\n<p>Le dextrom\u00e9thorphane (DXM), la salvia divinorum et la phencyclidine (PCP), par exemple, sont d'autres m\u00e9dicaments dissociatifs. Le LSD, la psilocybine et la mescaline sont tous consid\u00e9r\u00e9s comme des hallucinog\u00e8nes.<\/p>\n<h3>Why is Ketamine Used Medically?<\/h3>\n<p><a href=\"https:\/\/www.google.com\/search?q=Buy+Ketamine+Powder+Online&amp;num=10&amp;sca_esv=1a2a07081c7891bb&amp;rlz=1C1RXQR_enIN1098IN1098&amp;sxsrf=AHTn8zrbbDy4EKTOM3nTtdr1qXlkXHUH2g%3A1741685832287&amp;ei=SATQZ6yiEYuR1e8Pr92a6Qo&amp;ved=0ahUKEwis5t-q3YGMAxWLSPUHHa-uJq0Q4dUDCBA&amp;uact=5&amp;oq=Buy+Ketamine+Powder+Online&amp;gs_lp=Egxnd3Mtd2l6LXNlcnAiGkJ1eSBLZXRhbWluZSBQb3dkZXIgT25saW5lSPgHUPkDWPkDcAJ4AJABAJgBhgKgAYYCqgEDMi0xuAEDyAEA-AEC-AEBmAIAoAIAmAMAiAYBkgcAoAdO&amp;sclient=gws-wiz-serp\">K\u00e9tamine<\/a> can reduce pain and cause temporary memory loss (such as amnesia from a medical procedure).<\/p>\n<p>Il est utilis\u00e9 comme m\u00e9dicament d'induction et de maintien de l'anesth\u00e9sie g\u00e9n\u00e9rale pendant les interventions chirurgicales.<\/p>\n<p>En outre, il a \u00e9t\u00e9 utilis\u00e9 pour g\u00e9rer la douleur chez les enfants qui ne peuvent pas utiliser d'autres anesth\u00e9siques en raison d'effets ind\u00e9sirables ou d'allergies, dans la th\u00e9rapie des br\u00fblures et dans les cas de blessures de guerre.<br \/>\n<a href=\"https:\/\/www.google.com\/search?q=Buy+Ketamine+Powder+Online&amp;num=10&amp;sca_esv=1a2a07081c7891bb&amp;rlz=1C1RXQR_enIN1098IN1098&amp;sxsrf=AHTn8zrbbDy4EKTOM3nTtdr1qXlkXHUH2g%3A1741685832287&amp;ei=SATQZ6yiEYuR1e8Pr92a6Qo&amp;ved=0ahUKEwis5t-q3YGMAxWLSPUHHa-uJq0Q4dUDCBA&amp;uact=5&amp;oq=Buy+Ketamine+Powder+Online&amp;gs_lp=Egxnd3Mtd2l6LXNlcnAiGkJ1eSBLZXRhbWluZSBQb3dkZXIgT25saW5lSPgHUPkDWPkDcAJ4AJABAJgBhgKgAYYCqgEDMi0xuAEDyAEA-AEC-AEBmAIAoAIAmAMAiAYBkgcAoAdO&amp;sclient=gws-wiz-serp\">K\u00e9tamine<\/a> works quickly to alleviate acute suicidal ideation and depressive symptoms by inhibiting the N-methyl-D-aspartate (NMDA) site.<\/p>\n<p>It is frequently recommended as an <a href=\"https:\/\/duckduckgo.com\/?q=Buy+Ketamine+Powder+Online&amp;t=h_&amp;ia=web\">anaesthetic<\/a> in patients at risk of bronchospasm and respiratory depression when administered at regular doses.<\/p>\n<h3>Abus de k\u00e9tamine : Comment cela se passe-t-il ?<\/h3>\n<p><a href=\"https:\/\/duckduckgo.com\/?q=Buy+Ketamine+Powder+Online&amp;t=h_&amp;ia=web\">K\u00e9tamine<\/a> La k\u00e9tamine et ses analogues synth\u00e9tiques sont devenus des drogues d'abus aux effets psych\u00e9d\u00e9liques, en plus de leurs utilisations l\u00e9gales et m\u00e9dicales. Elle a \u00e9galement \u00e9t\u00e9 utilis\u00e9e comme m\u00e9dicament contre le viol.<\/p>\n<p>Lorsqu'elle est utilis\u00e9e de mani\u00e8re abusive, elle est souvent inhal\u00e9e (ou \"sniff\u00e9e\" dans le nez) en public. En outre, elle peut \u00eatre inject\u00e9e, prise oralement sous forme liquide (m\u00e9lang\u00e9e \u00e0 des boissons) ou fum\u00e9e avec du tabac ou de la marijuana. Dans de nombreux cas, elle est consomm\u00e9e conjointement avec d'autres drogues comme la coca\u00efne, la <a href=\"https:\/\/narcopowders.com\/fr\/produit\/acheter-de-la-ketamine-en-poudre\/\">MDMA<\/a>, ou amph\u00e9tamines. La consommation de plusieurs drogues a entra\u00een\u00e9 des d\u00e9c\u00e8s.<\/p>","protected":false},"excerpt":{"rendered":"<p>Buy Ketamine Powder Online What is Ketamine? Since the 1970s, ketamine (brand name: Ketalar) has been accessible by prescription in the United States for both human and veterinary purposes. It is a dissociative injectable anaesthetic (blocks sensory perception). Ketamine on prescription can be purchased as a nasal spray, clear liquid injection, or off-white powder for [&hellip;]<\/p>","protected":false},"featured_media":19509,"comment_status":"open","ping_status":"closed","template":"","meta":{"_joinchat":[]},"product_brand":[],"product_cat":[1325],"product_tag":[],"class_list":{"0":"post-19504","1":"product","2":"type-product","3":"status-publish","4":"has-post-thumbnail","6":"product_cat-buy-ketamine-online","8":"first","9":"instock","10":"shipping-taxable","11":"purchasable","12":"product-type-variable","13":"add-to-wishlist-after_add_to_cart"},"yoast_head":"<!-- This site is optimized with the Yoast SEO plugin v25.9 - https:\/\/yoast.com\/wordpress\/plugins\/seo\/ -->\n<title>Buy Ketamine Powder Online - Narco Powders<\/title>\n<meta name=\"description\" content=\"Buy Ketamine Powder, Ketamine Powder For Sale | Where To Buy Ketamine Powder With Bitcoin. you can fine Quality powder Ketamine at narcopowders safely.\" \/>\n<meta name=\"robots\" content=\"index, follow, max-snippet:-1, max-image-preview:large, max-video-preview:-1\" \/>\n<link rel=\"canonical\" href=\"https:\/\/narcopowders.com\/fr\/produit\/acheter-de-la-ketamine-en-poudre\/\" \/>\n<meta property=\"og:locale\" content=\"fr_FR\" \/>\n<meta property=\"og:type\" content=\"article\" \/>\n<meta property=\"og:title\" content=\"Buy Ketamine Powder Online - Narco Powders\" \/>\n<meta property=\"og:description\" content=\"Buy Ketamine Powder, Ketamine Powder For Sale | Where To Buy Ketamine Powder With Bitcoin. you can fine Quality powder Ketamine at narcopowders safely.\" \/>\n<meta property=\"og:url\" content=\"https:\/\/narcopowders.com\/fr\/produit\/acheter-de-la-ketamine-en-poudre\/\" \/>\n<meta property=\"og:site_name\" content=\"Narco Powders\" \/>\n<meta property=\"article:modified_time\" content=\"2025-09-25T08:16:45+00:00\" \/>\n<meta property=\"og:image\" content=\"https:\/\/narcopowders.com\/wp-content\/uploads\/2023\/07\/Buy-Ketamine-Powde.jpg\" \/>\n\t<meta property=\"og:image:width\" content=\"600\" \/>\n\t<meta property=\"og:image:height\" content=\"600\" \/>\n\t<meta property=\"og:image:type\" content=\"image\/jpeg\" \/>\n<meta name=\"twitter:card\" content=\"summary_large_image\" \/>\n<meta name=\"twitter:label1\" content=\"Dur\u00e9e de lecture estim\u00e9e\" \/>\n\t<meta name=\"twitter:data1\" content=\"2 minutes\" \/>\n<!-- \/ Yoast SEO plugin. -->","yoast_head_json":{"title":"Buy Ketamine Powder Online - Narco Powders","description":"Buy Ketamine Powder, Ketamine Powder For Sale | Where To Buy Ketamine Powder With Bitcoin. you can fine Quality powder Ketamine at narcopowders safely.","robots":{"index":"index","follow":"follow","max-snippet":"max-snippet:-1","max-image-preview":"max-image-preview:large","max-video-preview":"max-video-preview:-1"},"canonical":"https:\/\/narcopowders.com\/fr\/produit\/acheter-de-la-ketamine-en-poudre\/","og_locale":"fr_FR","og_type":"article","og_title":"Buy Ketamine Powder Online - Narco Powders","og_description":"Buy Ketamine Powder, Ketamine Powder For Sale | Where To Buy Ketamine Powder With Bitcoin. you can fine Quality powder Ketamine at narcopowders safely.","og_url":"https:\/\/narcopowders.com\/fr\/produit\/acheter-de-la-ketamine-en-poudre\/","og_site_name":"Narco Powders","article_modified_time":"2025-09-25T08:16:45+00:00","og_image":[{"width":600,"height":600,"url":"https:\/\/narcopowders.com\/wp-content\/uploads\/2023\/07\/Buy-Ketamine-Powde.jpg","type":"image\/jpeg"}],"twitter_card":"summary_large_image","twitter_misc":{"Dur\u00e9e de lecture estim\u00e9e":"2 minutes"},"schema":{"@context":"https:\/\/schema.org","@graph":[{"@type":"WebPage","@id":"https:\/\/narcopowders.com\/product\/buy-ketamine-powder\/","url":"https:\/\/narcopowders.com\/product\/buy-ketamine-powder\/","name":"Buy Ketamine Powder Online - Narco Powders","isPartOf":{"@id":"https:\/\/narcopowders.com\/#website"},"primaryImageOfPage":{"@id":"https:\/\/narcopowders.com\/product\/buy-ketamine-powder\/#primaryimage"},"image":{"@id":"https:\/\/narcopowders.com\/product\/buy-ketamine-powder\/#primaryimage"},"thumbnailUrl":"https:\/\/narcopowders.com\/wp-content\/uploads\/2023\/07\/Buy-Ketamine-Powde.jpg","datePublished":"2023-07-29T09:21:34+00:00","dateModified":"2025-09-25T08:16:45+00:00","description":"Buy Ketamine Powder, Ketamine Powder For Sale | Where To Buy Ketamine Powder With Bitcoin. you can fine Quality powder Ketamine at narcopowders safely.","breadcrumb":{"@id":"https:\/\/narcopowders.com\/product\/buy-ketamine-powder\/#breadcrumb"},"inLanguage":"fr-FR","potentialAction":[{"@type":"ReadAction","target":["https:\/\/narcopowders.com\/product\/buy-ketamine-powder\/"]}]},{"@type":"ImageObject","inLanguage":"fr-FR","@id":"https:\/\/narcopowders.com\/product\/buy-ketamine-powder\/#primaryimage","url":"https:\/\/narcopowders.com\/wp-content\/uploads\/2023\/07\/Buy-Ketamine-Powde.jpg","contentUrl":"https:\/\/narcopowders.com\/wp-content\/uploads\/2023\/07\/Buy-Ketamine-Powde.jpg","width":600,"height":600,"caption":"Buy-Ketamine-Powder online"},{"@type":"BreadcrumbList","@id":"https:\/\/narcopowders.com\/product\/buy-ketamine-powder\/#breadcrumb","itemListElement":[{"@type":"ListItem","position":1,"name":"Home","item":"https:\/\/narcopowders.com\/"},{"@type":"ListItem","position":2,"name":"Shop Page","item":"https:\/\/narcopowders.com\/shop\/"},{"@type":"ListItem","position":3,"name":"Buy Ketamine Powder Online"}]},{"@type":"WebSite","@id":"https:\/\/narcopowders.com\/#website","url":"https:\/\/narcopowders.com\/","name":"Poudres Narco","description":"Mon blog WordPress","potentialAction":[{"@type":"SearchAction","target":{"@type":"EntryPoint","urlTemplate":"https:\/\/narcopowders.com\/?s={search_term_string}"},"query-input":{"@type":"PropertyValueSpecification","valueRequired":true,"valueName":"search_term_string"}}],"inLanguage":"fr-FR"}]}},"_links":{"self":[{"href":"https:\/\/narcopowders.com\/fr\/wp-json\/wp\/v2\/product\/19504","targetHints":{"allow":["GET"]}}],"collection":[{"href":"https:\/\/narcopowders.com\/fr\/wp-json\/wp\/v2\/product"}],"about":[{"href":"https:\/\/narcopowders.com\/fr\/wp-json\/wp\/v2\/types\/product"}],"replies":[{"embeddable":true,"href":"https:\/\/narcopowders.com\/fr\/wp-json\/wp\/v2\/comments?post=19504"}],"wp:featuredmedia":[{"embeddable":true,"href":"https:\/\/narcopowders.com\/fr\/wp-json\/wp\/v2\/media\/19509"}],"wp:attachment":[{"href":"https:\/\/narcopowders.com\/fr\/wp-json\/wp\/v2\/media?parent=19504"}],"wp:term":[{"taxonomy":"product_brand","embeddable":true,"href":"https:\/\/narcopowders.com\/fr\/wp-json\/wp\/v2\/product_brand?post=19504"},{"taxonomy":"product_cat","embeddable":true,"href":"https:\/\/narcopowders.com\/fr\/wp-json\/wp\/v2\/product_cat?post=19504"},{"taxonomy":"product_tag","embeddable":true,"href":"https:\/\/narcopowders.com\/fr\/wp-json\/wp\/v2\/product_tag?post=19504"}],"curies":[{"name":"wp","href":"https:\/\/api.w.org\/{rel}","templated":true}]}}