{"id":19508,"date":"2023-07-29T09:21:40","date_gmt":"2023-07-29T09:21:40","guid":{"rendered":"https:\/\/narcopowders.com\/?post_type=product&#038;p=19508"},"modified":"2025-09-25T08:19:15","modified_gmt":"2025-09-25T08:19:15","slug":"buy-ketamine-rocks","status":"publish","type":"product","link":"https:\/\/narcopowders.com\/fr\/produit\/acheter-ketamine-roches\/","title":{"rendered":"Buy Ketamine Rocks Online"},"content":{"rendered":"<h2>Acheter des rochers de k\u00e9tamine<\/h2>\n<p><a href=\"https:\/\/narcopowders.com\/fr\/produit\/acheter-ketamine-roches\/\">Acheter Ketamine Crystal Rock en ligne<\/a><\/p>\n<p>A common application for the medication <a href=\"https:\/\/www.bing.com\/search?q=Buy%20Ketamine%20Rocks%20Online&amp;qs=n&amp;form=QBRE&amp;sp=-1&amp;lq=0&amp;pq=buy%20ketamine%20rocks%20online&amp;sc=0-25&amp;sk=&amp;cvid=DCF60421973A4EFCBD042ABC4E510649&amp;ghsh=0&amp;ghacc=0&amp;ghpl=\">Ketamine Crystal Rock<\/a> . La douleur chronique et la s\u00e9dation dans les soins aigus sont d'autres applications.<\/p>\n<p>The abrupt high from <a href=\"https:\/\/www.bing.com\/search?q=Buy%20Ketamine%20Rocks%20Online&amp;qs=n&amp;form=QBRE&amp;sp=-1&amp;lq=0&amp;pq=buy%20ketamine%20rocks%20online&amp;sc=0-25&amp;sk=&amp;cvid=DCF60421973A4EFCBD042ABC4E510649&amp;ghsh=0&amp;ghacc=0&amp;ghpl=\">chlorhydrate de k\u00e9tamine<\/a> L'\u00e9tat d'euphorie rapide provoqu\u00e9 par la k\u00e9tamine dure environ une heure. Il commence 2 \u00e0 5 minutes apr\u00e8s avoir fum\u00e9 ou ing\u00e9r\u00e9 la dose. En cas d'injection, il se produit environ 30 secondes apr\u00e8s l'injection.<\/p>\n<p>Le sentiment de relaxation \u00e9crasant que l'utilisateur \u00e9prouve au d\u00e9but de la d\u00e9fonce est souvent appel\u00e9 \"full-body buzz\" (buzz du corps entier). Certains usagers disent qu'ils ont l'impression de flotter, et d'autres qu'ils ont l'impression de ne pas \u00eatre dans leur corps. Les hallucinations sont fr\u00e9quentes et durent souvent plus longtemps que les effets de l'anesth\u00e9sie. <a href=\"https:\/\/www.google.com\/search?q=Buy+Ketamine+Rocks+Online&amp;num=10&amp;sca_esv=1a2a07081c7891bb&amp;rlz=1C1RXQR_enIN1098IN1098&amp;sxsrf=AHTn8zo3S-FVfUCUfoDtPkswaKPB3WdbUQ%3A1741762655339&amp;ei=XzDRZ4CyFKCXjuMPwKjDwAE&amp;ved=0ahUKEwjA3erC-4OMAxWgi2MGHUDUEBgQ4dUDCBA&amp;uact=5&amp;oq=Buy+Ketamine+Rocks+Online&amp;gs_lp=Egxnd3Mtd2l6LXNlcnAiGUJ1eSBLZXRhbWluZSBSb2NrcyBPbmxpbmVIkQdQpANYpANwAngAkAEAmAH3AaAB9wGqAQMyLTG4AQPIAQD4AQL4AQGYAgCgAgCYAwCIBgGSBwCgB00&amp;sclient=gws-wiz-serp\">Acheter de la k\u00e9tamine de cristal de roche<\/a><\/p>\n<p>Des utilisateurs ont fait \u00e9tat d'une dissociation totale de leur corps \u00e0 la suite des effets les plus graves que des doses plus \u00e9lev\u00e9es peuvent induire. Ces sensations sont appel\u00e9es \"K-hole\" et sont comparables \u00e0 celles ressenties par les personnes ayant v\u00e9cu des exp\u00e9riences de mort imminente.<a href=\"https:\/\/www.google.com\/search?q=Buy+Ketamine+Rocks+Online&amp;num=10&amp;sca_esv=1a2a07081c7891bb&amp;rlz=1C1RXQR_enIN1098IN1098&amp;sxsrf=AHTn8zo3S-FVfUCUfoDtPkswaKPB3WdbUQ%3A1741762655339&amp;ei=XzDRZ4CyFKCXjuMPwKjDwAE&amp;ved=0ahUKEwjA3erC-4OMAxWgi2MGHUDUEBgQ4dUDCBA&amp;uact=5&amp;oq=Buy+Ketamine+Rocks+Online&amp;gs_lp=Egxnd3Mtd2l6LXNlcnAiGUJ1eSBLZXRhbWluZSBSb2NrcyBPbmxpbmVIkQdQpANYpANwAngAkAEAmAH3AaAB9wGqAQMyLTG4AQPIAQD4AQL4AQGYAgCgAgCYAwCIBgGSBwCgB00&amp;sclient=gws-wiz-serp\">K-hole<\/a>e\u201d et sont comparables \u00e0 celles v\u00e9cues par les personnes ayant v\u00e9cu des exp\u00e9riences de mort imminente.<\/p>\n<p>Recent advances in <a href=\"https:\/\/duckduckgo.com\/?q=Buy+Ketamine+Rocks+Online&amp;t=h_&amp;ia=web\">ketamine research<\/a> Les progr\u00e8s r\u00e9cents de la recherche sur la k\u00e9tamine soulignent les avantages qu'elle pr\u00e9sente pour les personnes d\u00e9pressives. En particulier pour celles qui ont essay\u00e9 en vain divers antid\u00e9presseurs. Par rapport aux ISRS, qui sont g\u00e9n\u00e9ralement recommand\u00e9s pour traiter la d\u00e9pression, la k\u00e9tamine fonctionne diff\u00e9remment \u00e0 l'int\u00e9rieur du cerveau. Une fois contr\u00f4l\u00e9e, la k\u00e9tamine agit rapidement. <a href=\"https:\/\/en.wikipedia.org\/wiki\/Ketamine\">ketamine operates quickly<\/a>.<\/p>\n<p>La k\u00e9tamine a un effet stimulant distinct 40 minutes apr\u00e8s son administration. Des recherches r\u00e9centes montrent \"une am\u00e9lioration consid\u00e9rable des effets secondaires g\u00eanants dans les 24 heures suivant l'administration de k\u00e9tamine par rapport \u00e0 un traitement fictif\", selon la publication.<a href=\"https:\/\/duckduckgo.com\/?q=Buy+Ketamine+Rocks+Online&amp;t=h_&amp;ia=web\"> ketamine<\/a> compared with fake treatment,&#8221; according to the publication.<\/p>\n<p><a href=\"https:\/\/narcopowders.com\/fr\/\">K\u00e9tamine<\/a> inhaled revealed hardly any psychotomimetic or dissociative effects.<\/p>\n<p>Avec la bonne technique d'administration de la k\u00e9tamine, ce m\u00e9dicament peut aider le cerveau \u00e0 promouvoir de nouvelles connexions neuronales et apporter un soulagement \u00e0 long terme.<\/p>","protected":false},"excerpt":{"rendered":"<p>Buy Ketamine Rocks Buy Ketamine Crystal Rock online A common application for the medication Ketamine Crystal Rock is anaesthesia. Chronic pain and sedation in acute care are further applications. The abrupt high from ketamine HCL lasts for roughly an hour. It begins 2 to 5 minutes after smoking or ingesting the dose. When an injection [&hellip;]<\/p>","protected":false},"featured_media":19510,"comment_status":"open","ping_status":"closed","template":"","meta":{"_joinchat":[]},"product_brand":[],"product_cat":[1325],"product_tag":[],"class_list":{"0":"post-19508","1":"product","2":"type-product","3":"status-publish","4":"has-post-thumbnail","6":"product_cat-buy-ketamine-online","8":"first","9":"instock","10":"shipping-taxable","11":"purchasable","12":"product-type-variable","13":"add-to-wishlist-after_add_to_cart"},"yoast_head":"<!-- This site is optimized with the Yoast SEO plugin v25.9 - https:\/\/yoast.com\/wordpress\/plugins\/seo\/ -->\n<title>Buy Ketamine Rocks Online - Narco Powders<\/title>\n<meta name=\"robots\" content=\"index, follow, max-snippet:-1, max-image-preview:large, max-video-preview:-1\" \/>\n<link rel=\"canonical\" href=\"https:\/\/narcopowders.com\/fr\/produit\/acheter-ketamine-roches\/\" \/>\n<meta property=\"og:locale\" content=\"fr_FR\" \/>\n<meta property=\"og:type\" content=\"article\" \/>\n<meta property=\"og:title\" content=\"Buy Ketamine Rocks Online - Narco Powders\" \/>\n<meta property=\"og:description\" content=\"Buy Ketamine Rocks Buy Ketamine Crystal Rock online A common application for the medication Ketamine Crystal Rock is anaesthesia. Chronic pain and sedation in acute care are further applications. The abrupt high from ketamine HCL lasts for roughly an hour. It begins 2 to 5 minutes after smoking or ingesting the dose. When an injection [&hellip;]\" \/>\n<meta property=\"og:url\" content=\"https:\/\/narcopowders.com\/fr\/produit\/acheter-ketamine-roches\/\" \/>\n<meta property=\"og:site_name\" content=\"Narco Powders\" \/>\n<meta property=\"article:modified_time\" content=\"2025-09-25T08:19:15+00:00\" \/>\n<meta property=\"og:image\" content=\"https:\/\/narcopowders.com\/wp-content\/uploads\/2023\/07\/Buy-Ketamine-Rocks.jpg\" \/>\n\t<meta property=\"og:image:width\" content=\"600\" \/>\n\t<meta property=\"og:image:height\" content=\"600\" \/>\n\t<meta property=\"og:image:type\" content=\"image\/jpeg\" \/>\n<meta name=\"twitter:card\" content=\"summary_large_image\" \/>\n<meta name=\"twitter:label1\" content=\"Dur\u00e9e de lecture estim\u00e9e\" \/>\n\t<meta name=\"twitter:data1\" content=\"2 minutes\" \/>\n<!-- \/ Yoast SEO plugin. -->","yoast_head_json":{"title":"Buy Ketamine Rocks Online - Narco Powders","robots":{"index":"index","follow":"follow","max-snippet":"max-snippet:-1","max-image-preview":"max-image-preview:large","max-video-preview":"max-video-preview:-1"},"canonical":"https:\/\/narcopowders.com\/fr\/produit\/acheter-ketamine-roches\/","og_locale":"fr_FR","og_type":"article","og_title":"Buy Ketamine Rocks Online - Narco Powders","og_description":"Buy Ketamine Rocks Buy Ketamine Crystal Rock online A common application for the medication Ketamine Crystal Rock is anaesthesia. Chronic pain and sedation in acute care are further applications. The abrupt high from ketamine HCL lasts for roughly an hour. It begins 2 to 5 minutes after smoking or ingesting the dose. When an injection [&hellip;]","og_url":"https:\/\/narcopowders.com\/fr\/produit\/acheter-ketamine-roches\/","og_site_name":"Narco Powders","article_modified_time":"2025-09-25T08:19:15+00:00","og_image":[{"width":600,"height":600,"url":"https:\/\/narcopowders.com\/wp-content\/uploads\/2023\/07\/Buy-Ketamine-Rocks.jpg","type":"image\/jpeg"}],"twitter_card":"summary_large_image","twitter_misc":{"Dur\u00e9e de lecture estim\u00e9e":"2 minutes"},"schema":{"@context":"https:\/\/schema.org","@graph":[{"@type":"WebPage","@id":"https:\/\/narcopowders.com\/product\/buy-ketamine-rocks\/","url":"https:\/\/narcopowders.com\/product\/buy-ketamine-rocks\/","name":"Buy Ketamine Rocks Online - Narco Powders","isPartOf":{"@id":"https:\/\/narcopowders.com\/#website"},"primaryImageOfPage":{"@id":"https:\/\/narcopowders.com\/product\/buy-ketamine-rocks\/#primaryimage"},"image":{"@id":"https:\/\/narcopowders.com\/product\/buy-ketamine-rocks\/#primaryimage"},"thumbnailUrl":"https:\/\/narcopowders.com\/wp-content\/uploads\/2023\/07\/Buy-Ketamine-Rocks.jpg","datePublished":"2023-07-29T09:21:40+00:00","dateModified":"2025-09-25T08:19:15+00:00","breadcrumb":{"@id":"https:\/\/narcopowders.com\/product\/buy-ketamine-rocks\/#breadcrumb"},"inLanguage":"fr-FR","potentialAction":[{"@type":"ReadAction","target":["https:\/\/narcopowders.com\/product\/buy-ketamine-rocks\/"]}]},{"@type":"ImageObject","inLanguage":"fr-FR","@id":"https:\/\/narcopowders.com\/product\/buy-ketamine-rocks\/#primaryimage","url":"https:\/\/narcopowders.com\/wp-content\/uploads\/2023\/07\/Buy-Ketamine-Rocks.jpg","contentUrl":"https:\/\/narcopowders.com\/wp-content\/uploads\/2023\/07\/Buy-Ketamine-Rocks.jpg","width":600,"height":600,"caption":"Buy-Ketamine-Rocks online"},{"@type":"BreadcrumbList","@id":"https:\/\/narcopowders.com\/product\/buy-ketamine-rocks\/#breadcrumb","itemListElement":[{"@type":"ListItem","position":1,"name":"Home","item":"https:\/\/narcopowders.com\/"},{"@type":"ListItem","position":2,"name":"Shop Page","item":"https:\/\/narcopowders.com\/shop\/"},{"@type":"ListItem","position":3,"name":"Buy Ketamine Rocks Online"}]},{"@type":"WebSite","@id":"https:\/\/narcopowders.com\/#website","url":"https:\/\/narcopowders.com\/","name":"Poudres Narco","description":"Mon blog WordPress","potentialAction":[{"@type":"SearchAction","target":{"@type":"EntryPoint","urlTemplate":"https:\/\/narcopowders.com\/?s={search_term_string}"},"query-input":{"@type":"PropertyValueSpecification","valueRequired":true,"valueName":"search_term_string"}}],"inLanguage":"fr-FR"}]}},"_links":{"self":[{"href":"https:\/\/narcopowders.com\/fr\/wp-json\/wp\/v2\/product\/19508","targetHints":{"allow":["GET"]}}],"collection":[{"href":"https:\/\/narcopowders.com\/fr\/wp-json\/wp\/v2\/product"}],"about":[{"href":"https:\/\/narcopowders.com\/fr\/wp-json\/wp\/v2\/types\/product"}],"replies":[{"embeddable":true,"href":"https:\/\/narcopowders.com\/fr\/wp-json\/wp\/v2\/comments?post=19508"}],"wp:featuredmedia":[{"embeddable":true,"href":"https:\/\/narcopowders.com\/fr\/wp-json\/wp\/v2\/media\/19510"}],"wp:attachment":[{"href":"https:\/\/narcopowders.com\/fr\/wp-json\/wp\/v2\/media?parent=19508"}],"wp:term":[{"taxonomy":"product_brand","embeddable":true,"href":"https:\/\/narcopowders.com\/fr\/wp-json\/wp\/v2\/product_brand?post=19508"},{"taxonomy":"product_cat","embeddable":true,"href":"https:\/\/narcopowders.com\/fr\/wp-json\/wp\/v2\/product_cat?post=19508"},{"taxonomy":"product_tag","embeddable":true,"href":"https:\/\/narcopowders.com\/fr\/wp-json\/wp\/v2\/product_tag?post=19508"}],"curies":[{"name":"wp","href":"https:\/\/api.w.org\/{rel}","templated":true}]}}