{"id":20481,"date":"2024-05-23T06:14:06","date_gmt":"2024-05-23T06:14:06","guid":{"rendered":"https:\/\/narcopowders.com\/?post_type=product&#038;p=20481"},"modified":"2025-03-26T07:53:12","modified_gmt":"2025-03-26T07:53:12","slug":"buy-5f-mdp-online","status":"publish","type":"product","link":"https:\/\/narcopowders.com\/fr\/produit\/5f-mdp\/","title":{"rendered":"Acheter le 5F-MDP en ligne"},"content":{"rendered":"<h2>Acheter le 5F-MDP en ligne<\/h2>\n<p><a href=\"https:\/\/narcopowders.com\/fr\/produit\/5f-mdp\/\">Buy 5F-MDP<\/a>, L'indazole synth\u00e9tique 5F-MDP est \u00e9troitement li\u00e9 au 5f-mdmb-2201. Il s'agit d'une forme synth\u00e9tique d'indazole-3-carboxamide largement utilis\u00e9e. Ce sont des agonistes CB1 tr\u00e8s puissants. Il ne s'agit pas d'une substance reconnue dans quelque partie du pays ou de la juridiction que ce soit. On pense qu'il s'agit d'analogues du 5F ou de compos\u00e9s apparent\u00e9s. Comme il est commercialis\u00e9 en tant que produit chimique destin\u00e9 \u00e0 la recherche, il ne convient pas \u00e0 la consommation humaine ou animale. Ils ne peuvent \u00eatre utilis\u00e9s que par des sp\u00e9cialistes qualifi\u00e9s en m\u00e9decine l\u00e9gale ou en laboratoire. Vous pouvez <a href=\"https:\/\/narcopowders.com\/fr\/\">purchase 5F-MDP online<\/a> at a reasonable price from <a href=\"https:\/\/en.wikipedia.org\/wiki\/5F-MDMB-PICA\">NarcoPoudres<\/a> .<\/p>\n<h3>Le pass\u00e9 du 5F-MDP<\/h3>\n<p>Les cristaux de 5F-MDP sont \u00e9galement connus sous le nom de <a href=\"https:\/\/www.bing.com\/search?q=Buy%205F-MDP%20online&amp;qs=n&amp;form=QBRE&amp;sp=-1&amp;lq=0&amp;pq=buy%205f-mdp%20online&amp;sc=9-17&amp;sk=&amp;cvid=6901E34219794B65A3244E12C26E5706&amp;ghsh=0&amp;ghacc=0&amp;ghpl=\">5F-AMB-PICA<\/a>, 5F-MMB-PICA et I-AMB. Ce cannabino\u00efde artificiel est d\u00e9riv\u00e9 de l'indole-3-carboxamide. Il est commercialis\u00e9 comme drogue de synth\u00e8se et est consid\u00e9r\u00e9 comme un ingr\u00e9dient actif dans les m\u00e9langes synth\u00e9tiques de cannabis. Il a \u00e9t\u00e9 d\u00e9ploy\u00e9 au Belarus et en Russie en janvier 2014. L'analogue est un noyau indole 5F-AMB. Les nouveaux compos\u00e9s cannabino\u00efdes synth\u00e9tiques avec un noyau indole-3-carboxamide ou indazole-3-carboxamide, y compris un groupe N-1-m\u00e9thoxycarbonyle avec un substitut isopropyle ou t-butyle attach\u00e9, se sont av\u00e9r\u00e9s moins dangereux que les anciens compos\u00e9s synth\u00e9tiques du cannabis.<\/p>\n<h3>Pourquoi sommes-nous le meilleur endroit pour acheter du 5F-MDP ?<\/h3>\n<p>Si vous voulez <a href=\"https:\/\/www.bing.com\/search?q=Buy%205F-MDP%20online&amp;qs=n&amp;form=QBRE&amp;sp=-1&amp;lq=0&amp;pq=buy%205f-mdp%20online&amp;sc=9-17&amp;sk=&amp;cvid=6901E34219794B65A3244E12C26E5706&amp;ghsh=0&amp;ghacc=0&amp;ghpl=\">acheter un 5F-MDP en ligne<\/a> Sans avoir \u00e0 montrer votre ordonnance, vous \u00eates au bon endroit. Nous proposons une large gamme de produits chimiques \u00e0 des prix comp\u00e9titifs.<\/p>\n<p>Notre objectif est d'offrir le meilleur service de livraison possible pour les produits de qualit\u00e9 sup\u00e9rieure dans les meilleurs d\u00e9lais.<\/p>\n<p>Avec une masse molaire de 376,5 g mol -1, notre boutique en ligne est de couleur brune ou jaune. La formule mol\u00e9culaire de la mol\u00e9cule est C21H29FN203 et sa puret\u00e9 est sup\u00e9rieure \u00e0 99,7%. Le produit chimique peut \u00e9galement \u00eatre transport\u00e9 dans les coins les plus recul\u00e9s de la plan\u00e8te. Nous promettons \u00e9galement que les produits seront livr\u00e9s en parfait \u00e9tat.<\/p>\n<p>Contact our online store to buy 5F-MDP. We will securely pack your entire order and deliver it to you. <a href=\"https:\/\/duckduckgo.com\/?q=Buy+5F-MDP+online&amp;t=h_&amp;ia=web\">Get 5F-MDP now<\/a>!<\/p>\n<h3>Commandez le 5F-MDP sur Buy Nembutal aujourd'hui !<\/h3>\n<p>5F-MDMB-2201 for sale is a powerful <a href=\"https:\/\/www.google.com\/search?q=Buy+5F-MDP+online&amp;sca_esv=2a2a93e8be91f013&amp;sxsrf=AHTn8zrFZUv2vyzplVAmMnvJTgMv8Ix2Ag%3A1742975117935&amp;ei=jbDjZ8DhOI-hseMPieTPsQU&amp;ved=0ahUKEwiA3IamoKeMAxWPUGwGHQnyM1YQ4dUDCA8&amp;uact=5&amp;oq=Buy+5F-MDP+online&amp;gs_lp=Egxnd3Mtd2l6LXNlcnAiEUJ1eSA1Ri1NRFAgb25saW5lMgQQIxgnMgUQABjvBUjzBlDCAVjCAXABeACQAQCYAfoBoAH6AaoBAzItMbgBA8gBAPgBAfgBApgCAqACqAKoAhTCAgcQIxgnGOoCwgIUEAAYgAQYkQIYtAIYigUY6gLYAQHCAhQQABiABBjjBBi0AhjpBBjqAtgBAcICEBAAGAMYtAIY6gIYjwHYAQHCAhAQLhgDGLQCGOoCGI8B2AEBmAMk8QU8T4IcLrT-_boGBggBEAEYAZIHBTEuMC4xoAfXArIHAzItMbgHhAI&amp;sclient=gws-wiz-serp\">produit chimique de recherche<\/a> qui gagne en popularit\u00e9 aupr\u00e8s des scientifiques, des chercheurs et des amateurs. Ce compos\u00e9 est connu pour ses nombreux bienfaits m\u00e9dicaux et a \u00e9galement \u00e9t\u00e9 identifi\u00e9 comme un candidat m\u00e9dicament potentiel. <a href=\"https:\/\/duckduckgo.com\/?q=Buy+5F-MDP+online&amp;t=h_&amp;ia=web\">NarcoPoudres<\/a>, vous pouvez facilement acheter 5F-MDMB-2201 en ligne \u00e0 des prix abordables.<\/p>\n<h3>Avantages et utilisation du 5F-MDP.<\/h3>\n<p><a href=\"https:\/\/www.google.com\/search?q=Buy+5F-MDP+online&amp;sca_esv=2a2a93e8be91f013&amp;sxsrf=AHTn8zrFZUv2vyzplVAmMnvJTgMv8Ix2Ag%3A1742975117935&amp;ei=jbDjZ8DhOI-hseMPieTPsQU&amp;ved=0ahUKEwiA3IamoKeMAxWPUGwGHQnyM1YQ4dUDCA8&amp;uact=5&amp;oq=Buy+5F-MDP+online&amp;gs_lp=Egxnd3Mtd2l6LXNlcnAiEUJ1eSA1Ri1NRFAgb25saW5lMgQQIxgnMgUQABjvBUjzBlDCAVjCAXABeACQAQCYAfoBoAH6AaoBAzItMbgBA8gBAPgBAfgBApgCAqACqAKoAhTCAgcQIxgnGOoCwgIUEAAYgAQYkQIYtAIYigUY6gLYAQHCAhQQABiABBjjBBi0AhjpBBjqAtgBAcICEBAAGAMYtAIY6gIYjwHYAQHCAhAQLhgDGLQCGOoCGI8B2AEBmAMk8QU8T4IcLrT-_boGBggBEAEYAZIHBTEuMC4xoAfXArIHAzItMbgHhAI&amp;sclient=gws-wiz-serp\">5f Mdmb 2201<\/a> est un cannabino\u00efde synth\u00e9tique dont on pense qu'il pr\u00e9sente un grand nombre des m\u00eames avantages m\u00e9dicinaux que le THC. Ce compos\u00e9 est actuellement \u00e9tudi\u00e9 pour sa valeur th\u00e9rapeutique potentielle dans une vari\u00e9t\u00e9 de maladies. Le 5F MDMB 2201 en ligne s'est notamment r\u00e9v\u00e9l\u00e9 efficace contre l'\u00e9pilepsie et l'anxi\u00e9t\u00e9. En outre, le 5f Mdmb 2201 s'est r\u00e9v\u00e9l\u00e9 efficace contre la maladie d'Alzheimer et d'autres formes de d\u00e9mence. Bien qu'il existe encore des incertitudes quant \u00e0 la gamme compl\u00e8te des effets th\u00e9rapeutiques du 5f Mdmb 2201, il existe un grand potentiel pour que ce compos\u00e9 devienne un acteur majeur dans le traitement m\u00e9dical \u00e0 l'avenir.<\/p>","protected":false},"excerpt":{"rendered":"<p>Buy 5F-MDP online Buy 5F-MDP, The synthetic indazole 5F-MDP is closely related to 5f-mdmb-2201. It is a synthetic form of indazole-3-carboxamide that is widely used. They are highly potent CB1 agonists. It is not recognized as a recognized substance in any part of the country or jurisdiction. These are believed to be analogues of 5F [&hellip;]<\/p>","protected":false},"featured_media":21302,"comment_status":"open","ping_status":"closed","template":"","meta":{"_joinchat":[]},"product_brand":[],"product_cat":[1724,1538],"product_tag":[],"class_list":{"0":"post-20481","1":"product","2":"type-product","3":"status-publish","4":"has-post-thumbnail","6":"product_cat-research-chemicals","7":"product_cat-cannabinoids","9":"first","10":"instock","11":"shipping-taxable","12":"purchasable","13":"product-type-variable","14":"add-to-wishlist-after_add_to_cart"},"yoast_head":"<!-- This site is optimized with the Yoast SEO plugin v25.9 - https:\/\/yoast.com\/wordpress\/plugins\/seo\/ -->\n<title>Buy 5F-MDP Online - 5F-MDP for Sale | NarcoPowders<\/title>\n<meta name=\"description\" content=\"Discover top-notch 5f-mdp for sale at our online store - buy 5f-mdp powder conveniently and securely to fuel your research. Explore and buy 5f-mdp online, advancing your scientific endeavors with ease. Order Now!\" \/>\n<meta name=\"robots\" content=\"index, follow, max-snippet:-1, max-image-preview:large, max-video-preview:-1\" \/>\n<link rel=\"canonical\" href=\"https:\/\/narcopowders.com\/fr\/produit\/5f-mdp\/\" \/>\n<meta property=\"og:locale\" content=\"fr_FR\" \/>\n<meta property=\"og:type\" content=\"article\" \/>\n<meta property=\"og:title\" content=\"Buy 5F-MDP Online - 5F-MDP for Sale | NarcoPowders\" \/>\n<meta property=\"og:description\" content=\"Discover top-notch 5f-mdp for sale at our online store - buy 5f-mdp powder conveniently and securely to fuel your research. Explore and buy 5f-mdp online, advancing your scientific endeavors with ease. Order Now!\" \/>\n<meta property=\"og:url\" content=\"https:\/\/narcopowders.com\/fr\/produit\/5f-mdp\/\" \/>\n<meta property=\"og:site_name\" content=\"Narco Powders\" \/>\n<meta property=\"article:modified_time\" content=\"2025-03-26T07:53:12+00:00\" \/>\n<meta property=\"og:image\" content=\"https:\/\/narcopowders.com\/wp-content\/uploads\/2024\/05\/5f-mdp.gif\" \/>\n\t<meta property=\"og:image:width\" content=\"600\" \/>\n\t<meta property=\"og:image:height\" content=\"600\" \/>\n\t<meta property=\"og:image:type\" content=\"image\/gif\" \/>\n<meta name=\"twitter:card\" content=\"summary_large_image\" \/>\n<meta name=\"twitter:label1\" content=\"Dur\u00e9e de lecture estim\u00e9e\" \/>\n\t<meta name=\"twitter:data1\" content=\"3 minutes\" \/>\n<!-- \/ Yoast SEO plugin. -->","yoast_head_json":{"title":"Acheter 5F-MDP en ligne - 5F-MDP \u00e0 la vente | NarcoPowders","description":"D\u00e9couvrez le 5f-mdp de premi\u00e8re qualit\u00e9 en vente dans notre magasin en ligne - achetez la poudre de 5f-mdp de mani\u00e8re pratique et s\u00e9curis\u00e9e pour alimenter votre recherche. Explorez et achetez du 5f-mdp en ligne, pour faire avancer vos projets scientifiques en toute simplicit\u00e9. Commandez maintenant !","robots":{"index":"index","follow":"follow","max-snippet":"max-snippet:-1","max-image-preview":"max-image-preview:large","max-video-preview":"max-video-preview:-1"},"canonical":"https:\/\/narcopowders.com\/fr\/produit\/5f-mdp\/","og_locale":"fr_FR","og_type":"article","og_title":"Buy 5F-MDP Online - 5F-MDP for Sale | NarcoPowders","og_description":"Discover top-notch 5f-mdp for sale at our online store - buy 5f-mdp powder conveniently and securely to fuel your research. Explore and buy 5f-mdp online, advancing your scientific endeavors with ease. Order Now!","og_url":"https:\/\/narcopowders.com\/fr\/produit\/5f-mdp\/","og_site_name":"Narco Powders","article_modified_time":"2025-03-26T07:53:12+00:00","og_image":[{"width":600,"height":600,"url":"https:\/\/narcopowders.com\/wp-content\/uploads\/2024\/05\/5f-mdp.gif","type":"image\/gif"}],"twitter_card":"summary_large_image","twitter_misc":{"Dur\u00e9e de lecture estim\u00e9e":"3 minutes"},"schema":{"@context":"https:\/\/schema.org","@graph":[{"@type":"WebPage","@id":"https:\/\/narcopowders.com\/product\/buy-5f-mdp-online\/","url":"https:\/\/narcopowders.com\/product\/buy-5f-mdp-online\/","name":"Acheter 5F-MDP en ligne - 5F-MDP \u00e0 la vente | NarcoPowders","isPartOf":{"@id":"https:\/\/narcopowders.com\/#website"},"primaryImageOfPage":{"@id":"https:\/\/narcopowders.com\/product\/buy-5f-mdp-online\/#primaryimage"},"image":{"@id":"https:\/\/narcopowders.com\/product\/buy-5f-mdp-online\/#primaryimage"},"thumbnailUrl":"https:\/\/narcopowders.com\/wp-content\/uploads\/2024\/05\/5f-mdp.gif","datePublished":"2024-05-23T06:14:06+00:00","dateModified":"2025-03-26T07:53:12+00:00","description":"D\u00e9couvrez le 5f-mdp de premi\u00e8re qualit\u00e9 en vente dans notre magasin en ligne - achetez la poudre de 5f-mdp de mani\u00e8re pratique et s\u00e9curis\u00e9e pour alimenter votre recherche. Explorez et achetez du 5f-mdp en ligne, pour faire avancer vos projets scientifiques en toute simplicit\u00e9. Commandez maintenant !","breadcrumb":{"@id":"https:\/\/narcopowders.com\/product\/buy-5f-mdp-online\/#breadcrumb"},"inLanguage":"fr-FR","potentialAction":[{"@type":"ReadAction","target":["https:\/\/narcopowders.com\/product\/buy-5f-mdp-online\/"]}]},{"@type":"ImageObject","inLanguage":"fr-FR","@id":"https:\/\/narcopowders.com\/product\/buy-5f-mdp-online\/#primaryimage","url":"https:\/\/narcopowders.com\/wp-content\/uploads\/2024\/05\/5f-mdp.gif","contentUrl":"https:\/\/narcopowders.com\/wp-content\/uploads\/2024\/05\/5f-mdp.gif","width":600,"height":600,"caption":"Buy 5f-mdp Online"},{"@type":"BreadcrumbList","@id":"https:\/\/narcopowders.com\/product\/buy-5f-mdp-online\/#breadcrumb","itemListElement":[{"@type":"ListItem","position":1,"name":"Home","item":"https:\/\/narcopowders.com\/"},{"@type":"ListItem","position":2,"name":"Shop Page","item":"https:\/\/narcopowders.com\/shop\/"},{"@type":"ListItem","position":3,"name":"Buy 5F-MDP Online"}]},{"@type":"WebSite","@id":"https:\/\/narcopowders.com\/#website","url":"https:\/\/narcopowders.com\/","name":"Poudres Narco","description":"Mon blog WordPress","potentialAction":[{"@type":"SearchAction","target":{"@type":"EntryPoint","urlTemplate":"https:\/\/narcopowders.com\/?s={search_term_string}"},"query-input":{"@type":"PropertyValueSpecification","valueRequired":true,"valueName":"search_term_string"}}],"inLanguage":"fr-FR"}]}},"_links":{"self":[{"href":"https:\/\/narcopowders.com\/fr\/wp-json\/wp\/v2\/product\/20481","targetHints":{"allow":["GET"]}}],"collection":[{"href":"https:\/\/narcopowders.com\/fr\/wp-json\/wp\/v2\/product"}],"about":[{"href":"https:\/\/narcopowders.com\/fr\/wp-json\/wp\/v2\/types\/product"}],"replies":[{"embeddable":true,"href":"https:\/\/narcopowders.com\/fr\/wp-json\/wp\/v2\/comments?post=20481"}],"wp:featuredmedia":[{"embeddable":true,"href":"https:\/\/narcopowders.com\/fr\/wp-json\/wp\/v2\/media\/21302"}],"wp:attachment":[{"href":"https:\/\/narcopowders.com\/fr\/wp-json\/wp\/v2\/media?parent=20481"}],"wp:term":[{"taxonomy":"product_brand","embeddable":true,"href":"https:\/\/narcopowders.com\/fr\/wp-json\/wp\/v2\/product_brand?post=20481"},{"taxonomy":"product_cat","embeddable":true,"href":"https:\/\/narcopowders.com\/fr\/wp-json\/wp\/v2\/product_cat?post=20481"},{"taxonomy":"product_tag","embeddable":true,"href":"https:\/\/narcopowders.com\/fr\/wp-json\/wp\/v2\/product_tag?post=20481"}],"curies":[{"name":"wp","href":"https:\/\/api.w.org\/{rel}","templated":true}]}}