{"id":20488,"date":"2024-05-23T06:14:11","date_gmt":"2024-05-23T06:14:11","guid":{"rendered":"https:\/\/narcopowders.com\/?post_type=product&#038;p=20488"},"modified":"2025-03-26T12:54:51","modified_gmt":"2025-03-26T12:54:51","slug":"buy-3f-pvp-online","status":"publish","type":"product","link":"https:\/\/narcopowders.com\/fr\/produit\/acheter-3f-pvp-en-ligne\/","title":{"rendered":"\u00a0Acheter 3F-PVP en ligne"},"content":{"rendered":"<h2>Acheter 3F-PVP (3FPVP) CRISTAUX en ligne aux Etats-Unis.<\/h2>\n<p><a href=\"https:\/\/narcopowders.com\/fr\/produit\/acheter-3f-pvp-en-ligne\/\">Acheter 3F-PVP (3FPVP) CRISTAUX<\/a> at <a href=\"https:\/\/narcopowders.com\/fr\/\">NarcoPoudres<\/a> to meet all your chemical needs. The company<\/p>\n<p>s'efforce de fournir \u00e0 ses clients le meilleur service possible, car elle a gagn\u00e9 la confiance de nombreuses personnes.<\/p>\n<h3>3F-PVP : QU'EST-CE QUE C'EST ?<\/h3>\n<p><a href=\"https:\/\/en.wikipedia.org\/wiki\/3F-PVP\">3F-PVP online<\/a> Le est un NarcoPowders de la classe des cathinones et a les m\u00eames propri\u00e9t\u00e9s que l'A-PHP. Le 3F-alpha-PVP est le nom chimique du 3F-PVP. Le 3f-PVP a un poids mol\u00e9culaire de 249,32 et la formule C15H20FNO .<\/p>\n<p>Le dosage du 3F-PVP produit une sensation d'euphorie mod\u00e9r\u00e9e \u00e0 intense qui impr\u00e8gne tout le corps. Deuxi\u00e8mement, elle peut \u00eatre accablante \u00e0 des doses \u00e9lev\u00e9es. Il favorise les activit\u00e9s r\u00e9cr\u00e9atives telles que la danse, l'escalade et la course.<\/p>\n<p>Parfois, cela devient impossible. De graves tremblements des mains et un manque g\u00e9n\u00e9ral de contr\u00f4le moteur sont caus\u00e9s par le serrement des m\u00e2choires, les tremblements involontaires du corps et les vibrations, ce qui rend difficile, voire impossible, de rester immobile. Bien que ce m\u00e9dicament ait des effets n\u00e9gatifs tels que : Cependant, en raison de certains sympt\u00f4mes, tels que la capacit\u00e9 d'une personne \u00e0 bouger ses yeux d'avant en arri\u00e8re de mani\u00e8re saccad\u00e9e, ce qui peut entra\u00eener des troubles temporaires et une vision floue, il est toujours recommand\u00e9 de parler \u00e0 votre m\u00e9decin avant de l'utiliser. Acheter 3F-PVP (3FPVP) CRYSTALS en ligne aux Etats-Unis. <a href=\"https:\/\/www.bing.com\/search?q=%C2%A0Buy%203F-PVP%20Online&amp;qs=n&amp;form=QBRE&amp;sp=-1&amp;lq=0&amp;pq=%C2%A0buy%203f-pvp%20online&amp;sc=9-18&amp;sk=&amp;cvid=F12718026CAD4580A2F80BB8B3515159&amp;ghsh=0&amp;ghacc=0&amp;ghpl=\">Acheter 3F-PVP (3FPVP) CRISTAUX en ligne aux Etats-Unis.<\/a>.<\/p>\n<h3>LE SITE ID\u00c9AL POUR ACHETER 3F-PVP EN LIGNE<\/h3>\n<p>NarcoPowders est l'un des d\u00e9taillants en ligne de 3F-PVP les plus r\u00e9put\u00e9s et les plus fiables. Les clients ont donn\u00e9 \u00e0 l'entreprise de nombreux commentaires positifs, affirmant qu'ils re\u00e7oivent des produits de la plus haute qualit\u00e9 possible.<\/p>\n<p>Pour acheter le 3F-PVP en ligne, vous devez \u00eatre \u00e2g\u00e9 d'au moins dix-huit ans. Nous proposons des commandes en ligne de 3F-PVP dans des quantit\u00e9s allant de quelques milligrammes \u00e0 25 kilogrammes. L'entreprise propose des services d'exp\u00e9dition dans le monde entier. Pour que personne ne d\u00e9couvre le contenu du colis, chaque paquet est emball\u00e9 individuellement. Toutes vos informations sont stock\u00e9es dans notre syst\u00e8me. Il n'y a donc aucune possibilit\u00e9 que vos donn\u00e9es soient compromises. Les marchandises sont livr\u00e9es dans les plus brefs d\u00e9lais.<\/p>\n<h3>ACHETER DES CRISTAUX DE 3F-PVP (3FPVP) EN LIGNE.<\/h3>\n<p><strong>Description<\/strong><\/p>\n<p>Would you like to <a href=\"https:\/\/duckduckgo.com\/?q=%C2%A0Buy+3F-PVP+Online&amp;t=h_&amp;ia=web\">acheter de la poudre 3F-PVP<\/a>Vous souhaitez acheter de la poudre de 3F-PVP, 3-fluoro-\u03b1-pyrrolidinovalerophenone ? Vous \u00eates au bon endroit ! Tous les produits chimiques de recherche de notre boutique en ligne sont test\u00e9s en laboratoire et de la plus haute qualit\u00e9. Les commandes sont emball\u00e9es discr\u00e8tement et exp\u00e9di\u00e9es dans les 24 heures. En outre, vous pouvez payer en toute s\u00e9curit\u00e9 et rapidement avec Bitcoin et les crypto-monnaies.<\/p>\n<h3>O\u00f9 puis-je acheter du 3F-PVP ?<\/h3>\n<p>Dans notre webshop, vous trouverez tous vos produits chimiques de recherche et vous pouvez \u00e9galement commander le 3F-PVP dans la meilleure qualit\u00e9. <a href=\"https:\/\/www.google.com\/search?q=%C2%A0Buy+3F-PVP+Online&amp;sca_esv=2a2a93e8be91f013&amp;sxsrf=AHTn8zpPPsmwzj6zJPLCOE80jLMxwLxZgA%3A1742973216562&amp;ei=IKnjZ-eFIpO4seMP8OfD6A4&amp;ved=0ahUKEwjnlbSbmaeMAxUTXGwGHfDzEO0Q4dUDCA8&amp;uact=5&amp;oq=%C2%A0Buy+3F-PVP+Online&amp;gs_lp=Egxnd3Mtd2l6LXNlcnAiE8KgQnV5IDNGLVBWUCBPbmxpbmUyBBAjGCcyCBAAGIAEGKIEMgUQABjvBTIFEAAY7wUyBRAAGO8FSI4HUM4BWM4BcAF4AJABAJgBtwGgAbcBqgEDMC4xuAEDyAEA-AEB-AECmAICoALyAagCFMICBxAjGCcY6gLCAg0QLhjRAxjHARgnGOoCwgIUEAAYgAQYkQIYtAIYigUY6gLYAQHCAhQQLhiABBiRAhi0AhiKBRjqAtgBAcICEBAAGAMYtAIY6gIYjwHYAQGYAzDxBYUf81X8VCZnugYGCAEQARgBkgcDMS4xoAfeA7IHAzAuMbgHwgE&amp;sclient=gws-wiz-serp\">commandez 3F-PVP dans la meilleure qualit\u00e9<\/a>.<\/p>\n<p>Cette substance est destin\u00e9e \u00e0 \u00eatre utilis\u00e9e en laboratoire uniquement.<\/p>\n<p>Veillez toujours \u00e0 prendre les mesures de s\u00e9curit\u00e9 appropri\u00e9es. Par exemple, n'oubliez pas de couvrir la peau expos\u00e9e et de porter des lunettes de s\u00e9curit\u00e9.<\/p>\n<p>Remarque : comme d'autres produits chimiques de recherche, le 3F-PVP est destin\u00e9 \u00e0 des fins de recherche uniquement et ne doit pas \u00eatre consomm\u00e9 par les humains, les animaux ou d'autres \u00eatres vivants.<\/p>\n<p>Conserver dans un endroit sec et frais pour garantir une dur\u00e9e de conservation maximale.<\/p>\n<p>Nous ne vendons pas de produits chimiques de recherche \u00e0 des personnes \u00e2g\u00e9es de moins de 18 ans.<\/p>","protected":false},"excerpt":{"rendered":"<p>Buy 3F-PVP (3FPVP) CRYSTALS online in USA. Buy 3F-PVP (3FPVP) CRYSTALS at NarcoPowders to meet all your chemical needs. The company strives to provide its customers with the greatest possible service as it has won the trust of many people . 3F-PVP: WHAT IS IT? 3F-PVP online is a cathinone class NarcoPowders and has the [&hellip;]<\/p>","protected":false},"featured_media":21283,"comment_status":"open","ping_status":"closed","template":"","meta":{"_joinchat":[]},"product_brand":[],"product_cat":[1539,1724],"product_tag":[1549,1550,1551,1552],"class_list":{"0":"post-20488","1":"product","2":"type-product","3":"status-publish","4":"has-post-thumbnail","6":"product_cat-cathinone","7":"product_cat-research-chemicals","8":"product_tag-3f-pihp","9":"product_tag-4cl-pvp","10":"product_tag-4f-php","11":"product_tag-4f-pvp","13":"first","14":"instock","15":"shipping-taxable","16":"purchasable","17":"product-type-variable","18":"add-to-wishlist-after_add_to_cart"},"yoast_head":"<!-- This site is optimized with the Yoast SEO plugin v25.9 - https:\/\/yoast.com\/wordpress\/plugins\/seo\/ -->\n<title>Buy 3F-PVP Online - 3F-PVP for Sale | NarcoPowders<\/title>\n<meta name=\"description\" content=\"Looking to further your research? Buy 3f-pvp conveniently and securely online, with a straightforward ordering process for 3f-pvp for sale.\" \/>\n<meta name=\"robots\" content=\"index, follow, max-snippet:-1, max-image-preview:large, max-video-preview:-1\" \/>\n<link rel=\"canonical\" href=\"https:\/\/narcopowders.com\/fr\/produit\/acheter-3f-pvp-en-ligne\/\" \/>\n<meta property=\"og:locale\" content=\"fr_FR\" \/>\n<meta property=\"og:type\" content=\"article\" \/>\n<meta property=\"og:title\" content=\"Buy 3F-PVP Online - 3F-PVP for Sale | NarcoPowders\" \/>\n<meta property=\"og:description\" content=\"Looking to further your research? Buy 3f-pvp conveniently and securely online, with a straightforward ordering process for 3f-pvp for sale.\" \/>\n<meta property=\"og:url\" content=\"https:\/\/narcopowders.com\/fr\/produit\/acheter-3f-pvp-en-ligne\/\" \/>\n<meta property=\"og:site_name\" content=\"Narco Powders\" \/>\n<meta property=\"article:modified_time\" content=\"2025-03-26T12:54:51+00:00\" \/>\n<meta property=\"og:image\" content=\"https:\/\/narcopowders.com\/wp-content\/uploads\/2024\/05\/3fpvp.gif\" \/>\n\t<meta property=\"og:image:width\" content=\"600\" \/>\n\t<meta property=\"og:image:height\" content=\"600\" \/>\n\t<meta property=\"og:image:type\" content=\"image\/gif\" \/>\n<meta name=\"twitter:card\" content=\"summary_large_image\" \/>\n<meta name=\"twitter:label1\" content=\"Dur\u00e9e de lecture estim\u00e9e\" \/>\n\t<meta name=\"twitter:data1\" content=\"3 minutes\" \/>\n<!-- \/ Yoast SEO plugin. -->","yoast_head_json":{"title":"Acheter 3F-PVP en ligne - 3F-PVP \u00e0 la vente | NarcoPowders","description":"Vous souhaitez approfondir vos recherches ? Achetez 3f-pvp en ligne de mani\u00e8re pratique et s\u00e9curis\u00e9e, avec un processus de commande simple pour 3f-pvp en vente.","robots":{"index":"index","follow":"follow","max-snippet":"max-snippet:-1","max-image-preview":"max-image-preview:large","max-video-preview":"max-video-preview:-1"},"canonical":"https:\/\/narcopowders.com\/fr\/produit\/acheter-3f-pvp-en-ligne\/","og_locale":"fr_FR","og_type":"article","og_title":"Buy 3F-PVP Online - 3F-PVP for Sale | NarcoPowders","og_description":"Looking to further your research? Buy 3f-pvp conveniently and securely online, with a straightforward ordering process for 3f-pvp for sale.","og_url":"https:\/\/narcopowders.com\/fr\/produit\/acheter-3f-pvp-en-ligne\/","og_site_name":"Narco Powders","article_modified_time":"2025-03-26T12:54:51+00:00","og_image":[{"width":600,"height":600,"url":"https:\/\/narcopowders.com\/wp-content\/uploads\/2024\/05\/3fpvp.gif","type":"image\/gif"}],"twitter_card":"summary_large_image","twitter_misc":{"Dur\u00e9e de lecture estim\u00e9e":"3 minutes"},"schema":{"@context":"https:\/\/schema.org","@graph":[{"@type":"WebPage","@id":"https:\/\/narcopowders.com\/product\/buy-3f-pvp-online\/","url":"https:\/\/narcopowders.com\/product\/buy-3f-pvp-online\/","name":"Acheter 3F-PVP en ligne - 3F-PVP \u00e0 la vente | NarcoPowders","isPartOf":{"@id":"https:\/\/narcopowders.com\/#website"},"primaryImageOfPage":{"@id":"https:\/\/narcopowders.com\/product\/buy-3f-pvp-online\/#primaryimage"},"image":{"@id":"https:\/\/narcopowders.com\/product\/buy-3f-pvp-online\/#primaryimage"},"thumbnailUrl":"https:\/\/narcopowders.com\/wp-content\/uploads\/2024\/05\/3fpvp.gif","datePublished":"2024-05-23T06:14:11+00:00","dateModified":"2025-03-26T12:54:51+00:00","description":"Vous souhaitez approfondir vos recherches ? Achetez 3f-pvp en ligne de mani\u00e8re pratique et s\u00e9curis\u00e9e, avec un processus de commande simple pour 3f-pvp en vente.","breadcrumb":{"@id":"https:\/\/narcopowders.com\/product\/buy-3f-pvp-online\/#breadcrumb"},"inLanguage":"fr-FR","potentialAction":[{"@type":"ReadAction","target":["https:\/\/narcopowders.com\/product\/buy-3f-pvp-online\/"]}]},{"@type":"ImageObject","inLanguage":"fr-FR","@id":"https:\/\/narcopowders.com\/product\/buy-3f-pvp-online\/#primaryimage","url":"https:\/\/narcopowders.com\/wp-content\/uploads\/2024\/05\/3fpvp.gif","contentUrl":"https:\/\/narcopowders.com\/wp-content\/uploads\/2024\/05\/3fpvp.gif","width":600,"height":600,"caption":"\u00a0Buy 3F-PVP Online"},{"@type":"BreadcrumbList","@id":"https:\/\/narcopowders.com\/product\/buy-3f-pvp-online\/#breadcrumb","itemListElement":[{"@type":"ListItem","position":1,"name":"Home","item":"https:\/\/narcopowders.com\/"},{"@type":"ListItem","position":2,"name":"Shop Page","item":"https:\/\/narcopowders.com\/shop\/"},{"@type":"ListItem","position":3,"name":"\u00a0Buy 3F-PVP Online"}]},{"@type":"WebSite","@id":"https:\/\/narcopowders.com\/#website","url":"https:\/\/narcopowders.com\/","name":"Poudres Narco","description":"Mon blog WordPress","potentialAction":[{"@type":"SearchAction","target":{"@type":"EntryPoint","urlTemplate":"https:\/\/narcopowders.com\/?s={search_term_string}"},"query-input":{"@type":"PropertyValueSpecification","valueRequired":true,"valueName":"search_term_string"}}],"inLanguage":"fr-FR"}]}},"_links":{"self":[{"href":"https:\/\/narcopowders.com\/fr\/wp-json\/wp\/v2\/product\/20488","targetHints":{"allow":["GET"]}}],"collection":[{"href":"https:\/\/narcopowders.com\/fr\/wp-json\/wp\/v2\/product"}],"about":[{"href":"https:\/\/narcopowders.com\/fr\/wp-json\/wp\/v2\/types\/product"}],"replies":[{"embeddable":true,"href":"https:\/\/narcopowders.com\/fr\/wp-json\/wp\/v2\/comments?post=20488"}],"wp:featuredmedia":[{"embeddable":true,"href":"https:\/\/narcopowders.com\/fr\/wp-json\/wp\/v2\/media\/21283"}],"wp:attachment":[{"href":"https:\/\/narcopowders.com\/fr\/wp-json\/wp\/v2\/media?parent=20488"}],"wp:term":[{"taxonomy":"product_brand","embeddable":true,"href":"https:\/\/narcopowders.com\/fr\/wp-json\/wp\/v2\/product_brand?post=20488"},{"taxonomy":"product_cat","embeddable":true,"href":"https:\/\/narcopowders.com\/fr\/wp-json\/wp\/v2\/product_cat?post=20488"},{"taxonomy":"product_tag","embeddable":true,"href":"https:\/\/narcopowders.com\/fr\/wp-json\/wp\/v2\/product_tag?post=20488"}],"curies":[{"name":"wp","href":"https:\/\/api.w.org\/{rel}","templated":true}]}}