{"id":20502,"date":"2024-05-23T06:14:12","date_gmt":"2024-05-23T06:14:12","guid":{"rendered":"https:\/\/narcopowders.com\/?post_type=product&#038;p=20502"},"modified":"2024-05-24T07:20:11","modified_gmt":"2024-05-24T07:20:11","slug":"buy-4f%e2%80%90mdmb%e2%80%90binaca-online","status":"publish","type":"product","link":"https:\/\/narcopowders.com\/fr\/produit\/buy-4f\u2010mdmb\u2010binaca-online\/","title":{"rendered":"Acheter 4F-MDMB-BINACA en ligne"},"content":{"rendered":"<h2>Acheter 4f-mdmb-b en ligne<\/h2>\n<p>Acheter 4F-MDMB-B, Vous pouvez acheter 4f-mdmb-b en ligne sur NarcoPowders \u00e0 des prix abordables qui ne vous ruineront pas. Depuis de nombreuses ann\u00e9es, nous ne nous occupons que de 4f-mdmb-b qui est en vente. Nous contr\u00f4lons chaque produit pour nous assurer que nos consommateurs ne re\u00e7oivent rien d'autre que le meilleur \u00e0 l'\u00e9chelle mondiale. Notre personnel qualifi\u00e9 travaille sans rel\u00e2che pour compl\u00e9ter les commandes de 4f-mdmb-b en ligne. Nos marchands et fournisseurs en ligne finissent de livrer le 4f-mdmb-b dans les d\u00e9lais impartis.<a href=\"https:\/\/narcopowders.com\/fr\/product\/buy-5f-akb48-online\/\">.<\/a><\/p>\n<p>Si vous commandez 4f-mdmb-b chez nous, ne vous inqui\u00e9tez pas. L'\u00e9quipe d'emballage s'occupera de l'emballage de votre commande en toute s\u00e9curit\u00e9. Contactez-nous d\u00e8s maintenant pour discuter de vos besoins et obtenir ce produit d\u00e8s que possible.<\/p>\n<p>Obtenir 4f-mdmb-b en ligne d\u00e8s maintenant<a href=\"https:\/\/en.wikipedia.org\/wiki\/MDMB-FUBINACA\">!<\/a><\/p>\n<h3>4f-mdmb-b : qu'est-ce que c'est ?<\/h3>\n<p>Un produit de synth\u00e8se \u00e0 base d'indazole de la famille des indazoles-3-carboxamides est appel\u00e9 4f-mdmb-b. On ne sait pas s'il est s\u00e9lectif pour cette cible, mais il a \u00e9t\u00e9 utilis\u00e9 comme ingr\u00e9dient actif dans des produits et commercialis\u00e9 en tant que nofollow external noopener noreferrer.<\/p>\n<h3>Quels sont les effets ind\u00e9sirables du 4f-mdmb-b ?<\/h3>\n<p>Les effets secondaires suivants sont 4f-mdmb-b :<\/p>\n<ul>\n<li>D\u00e9lires<\/li>\n<li>Se jeter dans le vide Confus\u00e9ment<\/li>\n<li>Douleur dans la poitrine<\/li>\n<\/ul>\n<h3>Comment puis-je trouver 4f-mdmb-b \u00e0 vendre ?<\/h3>\n<p>Ne cherchez plus o\u00f9 trouver 4f-mdmb-b. Ce produit a \u00e9t\u00e9 d\u00e9velopp\u00e9 par NarcoPowders \u00e0 un prix raisonnable. Nous nous engageons \u00e0 fournir le m\u00eame produit dans un court laps de temps. Vous n'aurez pas \u00e0 attendre tr\u00e8s longtemps. Faites-nous confiance et nous vous livrerons votre commande rapidement !<\/p>\n<p>Nous sommes une \u00e9quipe de sp\u00e9cialistes d\u00e9vou\u00e9s et assidus qui s'efforcent de faire en sorte que tout le monde puisse utiliser nos services et nos produits. Nous sommes conscients de vos besoins et nous sommes l\u00e0 pour vous aider en vous fournissant un guichet unique pour des produits de qualit\u00e9 \u00e0 des prix raisonnables, Buy 4F-MDMB-B.<\/p>\n<h2>Substances actives dans le MDMB-CHMINACA<\/h2>\n<p>Contient\u00a0<strong>un gramme de MDMB-CHMINACA min 98%+ pur<\/strong>\u00a0par unit\u00e9 de commande.<\/p>\n<h2>Dosage de MDMB-CHMINACA<\/h2>\n<p>Il n'y a pas de dose recommand\u00e9e puisque\u00a0<strong>MDMB-CHMINACA<\/strong>\u00a0n'est pas destin\u00e9 \u00e0 la consommation humaine mais est vendu uniquement en tant que produit chimique de recherche \u00e0 des fins de recherche.<\/p>\n<h2>Effets du MDMB-CHMINACA :<\/h2>\n<p>Les effets cliniques de la plupart des nouvelles\u00a0<strong>drogues de synth\u00e8se<\/strong>\u00a0comme\u00a0<strong>MDMB-CHMINACA<\/strong>\u00a0peuvent \u00eatre d\u00e9crits comme hallucinog\u00e8nes, stimulants ou opio\u00efdes. Ils peuvent \u00e9galement avoir une combinaison de ces effets gr\u00e2ce \u00e0 des substitutions de cha\u00eenes lat\u00e9rales.<\/p>\n<h2>Effets secondaires du MDMB-CHMINACA<\/h2>\n<p>Comme d'autres drogues de synth\u00e8se, l'utilisation de\u00a0<strong>MDMB-CHMINACA<\/strong>\u00a0peut provoquer des effets secondaires importants ; la substance n'a pas \u00e9t\u00e9 test\u00e9e cliniquement et n'est en aucun cas autoris\u00e9e comme produit de consommation ! Par cons\u00e9quent, le MDMB-CHMINACA n'est PAS destin\u00e9 \u00e0 la consommation humaine, mais uniquement \u00e0 la recherche scientifique !<\/p>\n<h2>Comment conserver le MDMB-CHMINACA<\/h2>\n<p>Conserver MDMB-CHMINACA \u00e0 une temp\u00e9rature inf\u00e9rieure \u00e0 30 degr\u00e9s Celsius. Conserver MDMB-CHMINACA dans son emballage d'origine, \u00e0 l'abri de la lumi\u00e8re directe du soleil et de l'humidit\u00e9.<\/p>","protected":false},"excerpt":{"rendered":"<p>Le 4F-MDMB-BINACA, souvent appel\u00e9 MDMB-4F-BINACA, 4F-MDMB-BUTINACA ou 4F-ADB, est un cannabino\u00efde synth\u00e9tique d\u00e9riv\u00e9 des indazoles et membre de la famille des indazoles-3-carboxamides. Il est commercialis\u00e9 comme m\u00e9dicament de synth\u00e8se depuis fin 2018 et utilis\u00e9 comme composant actif dans les produits synth\u00e9tiques \u00e0 base de cannabis.<\/p>\n<div class=\"l_ecrd_vqfcts_row\">\n<div class=\"lc_expfact\">\n<div class=\"lc_expfact_default\">Statut juridique Classe F2 (psychotropes interdits) - : Schedule II - : Anlage II (commerce autoris\u00e9 uniquement, non prescriptible) - Classe B - Psychotrope Schedule II<\/div>\n<div class=\"lc_expfact_plus\" tabindex=\"0\"><\/div>\n<\/div>\n<\/div>\n<div class=\"l_ecrd_vqfcts_row l_ecrd_vqfcts_row_space\">\n<div class=\"lc_expfact\">\n<div class=\"lc_expfact_default\">Num\u00e9ro CAS : 2390036-46-9<\/div>\n<\/div>\n<\/div>\n<div class=\"l_ecrd_vqfcts_row l_ecrd_vqfcts_row_space\">\n<div class=\"lc_expfact\">\n<div class=\"lc_expfact_default\">PubChem CID:145707216<\/div>\n<\/div>\n<\/div>\n<div class=\"l_ecrd_vqfcts_row l_ecrd_vqfcts_row_space\">\n<div class=\"lc_expfact\">\n<div class=\"lc_expfact_default\">ChemSpider:71117201<\/div>\n<\/div>\n<\/div>\n<div id=\"wire0\" class=\"b_expandable_inline_container\" data-rinterval=\"-1\" data-errormessage=\"We can't find any more info about this page right now\">\n<div class=\"l_ecrd_vqfcts_row l_ecrd_vqfcts_row_space\">\n<div class=\"lc_expfact\">\n<div class=\"lc_expfact_default\">UNII:ZH38UTM145<\/div>\n<\/div>\n<\/div>\n<div class=\"l_ecrd_vqfcts_row l_ecrd_vqfcts_row_space\">\n<div class=\"lc_expfact\">\n<div class=\"lc_expfact_default\">KEGG:C22799<\/div>\n<\/div>\n<\/div>\n<div class=\"l_ecrd_vqfcts_row l_ecrd_vqfcts_row_space\">\n<div class=\"lc_expfact\">\n<div class=\"lc_expfact_default\">Tableau de bord CompTox (EPA) DTXSID001017266<\/div>\n<div class=\"lc_expfact_plus\" tabindex=\"0\"><\/div>\n<\/div>\n<\/div>\n<div class=\"l_ecrd_vqfcts_row l_ecrd_vqfcts_row_space\">\n<div class=\"lc_expfact\">\n<div class=\"lc_expfact_default\">Formule:C\u2081\u2089H\u2082\u2086FN\u2083O\u2083<\/div>\n<\/div>\n<\/div>\n<\/div>","protected":false},"featured_media":21261,"comment_status":"open","ping_status":"closed","template":"","meta":{"_joinchat":[]},"product_brand":[],"product_cat":[1538],"product_tag":[],"class_list":{"0":"post-20502","1":"product","2":"type-product","3":"status-publish","4":"has-post-thumbnail","6":"product_cat-cannabinoids","8":"first","9":"instock","10":"shipping-taxable","11":"purchasable","12":"product-type-variable","13":"add-to-wishlist-after_add_to_cart"},"yoast_head":"<!-- This site is optimized with the Yoast SEO plugin v25.9 - https:\/\/yoast.com\/wordpress\/plugins\/seo\/ -->\n<title>Buy 4F-MDMB-B<\/title>\n<meta name=\"description\" content=\"Buy 4F-MDMB-B, 4F-MDMB-Binaca can be purchased at NarcoPowders. We sell the highest quality 4F-MDMB-Binaca available. Order Now.\" \/>\n<meta name=\"robots\" content=\"index, follow, max-snippet:-1, max-image-preview:large, max-video-preview:-1\" \/>\n<link rel=\"canonical\" href=\"https:\/\/narcopowders.com\/fr\/produit\/buy-4f\u2010mdmb\u2010binaca-online\/\" \/>\n<meta property=\"og:locale\" content=\"fr_FR\" \/>\n<meta property=\"og:type\" content=\"article\" \/>\n<meta property=\"og:title\" content=\"Buy 4F-MDMB-B\" \/>\n<meta property=\"og:description\" content=\"Buy 4F-MDMB-B, 4F-MDMB-Binaca can be purchased at NarcoPowders. We sell the highest quality 4F-MDMB-Binaca available. Order Now.\" \/>\n<meta property=\"og:url\" content=\"https:\/\/narcopowders.com\/fr\/produit\/buy-4f\u2010mdmb\u2010binaca-online\/\" \/>\n<meta property=\"og:site_name\" content=\"Narco Powders\" \/>\n<meta property=\"article:modified_time\" content=\"2024-05-24T07:20:11+00:00\" \/>\n<meta property=\"og:image\" content=\"https:\/\/narcopowders.com\/wp-content\/uploads\/2024\/05\/4f-mdmb2201.gif\" \/>\n\t<meta property=\"og:image:width\" content=\"600\" \/>\n\t<meta property=\"og:image:height\" content=\"600\" \/>\n\t<meta property=\"og:image:type\" content=\"image\/gif\" \/>\n<meta name=\"twitter:card\" content=\"summary_large_image\" \/>\n<meta name=\"twitter:label1\" content=\"Dur\u00e9e de lecture estim\u00e9e\" \/>\n\t<meta name=\"twitter:data1\" content=\"3 minutes\" \/>\n<!-- \/ Yoast SEO plugin. -->","yoast_head_json":{"title":"Acheter 4F-MDMB-B","description":"Acheter 4F-MDMB-B, 4F-MDMB-Binaca peut \u00eatre achet\u00e9 chez NarcoPowders. Nous vendons la meilleure qualit\u00e9 de 4F-MDMB-Binaca disponible. Commander maintenant.","robots":{"index":"index","follow":"follow","max-snippet":"max-snippet:-1","max-image-preview":"max-image-preview:large","max-video-preview":"max-video-preview:-1"},"canonical":"https:\/\/narcopowders.com\/fr\/produit\/buy-4f\u2010mdmb\u2010binaca-online\/","og_locale":"fr_FR","og_type":"article","og_title":"Buy 4F-MDMB-B","og_description":"Buy 4F-MDMB-B, 4F-MDMB-Binaca can be purchased at NarcoPowders. We sell the highest quality 4F-MDMB-Binaca available. Order Now.","og_url":"https:\/\/narcopowders.com\/fr\/produit\/buy-4f\u2010mdmb\u2010binaca-online\/","og_site_name":"Narco Powders","article_modified_time":"2024-05-24T07:20:11+00:00","og_image":[{"width":600,"height":600,"url":"https:\/\/narcopowders.com\/wp-content\/uploads\/2024\/05\/4f-mdmb2201.gif","type":"image\/gif"}],"twitter_card":"summary_large_image","twitter_misc":{"Dur\u00e9e de lecture estim\u00e9e":"3 minutes"},"schema":{"@context":"https:\/\/schema.org","@graph":[{"@type":"WebPage","@id":"https:\/\/narcopowders.com\/product\/buy-4f%e2%80%90mdmb%e2%80%90binaca-online\/","url":"https:\/\/narcopowders.com\/product\/buy-4f%e2%80%90mdmb%e2%80%90binaca-online\/","name":"Acheter 4F-MDMB-B","isPartOf":{"@id":"https:\/\/narcopowders.com\/#website"},"primaryImageOfPage":{"@id":"https:\/\/narcopowders.com\/product\/buy-4f%e2%80%90mdmb%e2%80%90binaca-online\/#primaryimage"},"image":{"@id":"https:\/\/narcopowders.com\/product\/buy-4f%e2%80%90mdmb%e2%80%90binaca-online\/#primaryimage"},"thumbnailUrl":"https:\/\/narcopowders.com\/wp-content\/uploads\/2024\/05\/4f-mdmb2201.gif","datePublished":"2024-05-23T06:14:12+00:00","dateModified":"2024-05-24T07:20:11+00:00","description":"Acheter 4F-MDMB-B, 4F-MDMB-Binaca peut \u00eatre achet\u00e9 chez NarcoPowders. Nous vendons la meilleure qualit\u00e9 de 4F-MDMB-Binaca disponible. Commander maintenant.","breadcrumb":{"@id":"https:\/\/narcopowders.com\/product\/buy-4f%e2%80%90mdmb%e2%80%90binaca-online\/#breadcrumb"},"inLanguage":"fr-FR","potentialAction":[{"@type":"ReadAction","target":["https:\/\/narcopowders.com\/product\/buy-4f%e2%80%90mdmb%e2%80%90binaca-online\/"]}]},{"@type":"ImageObject","inLanguage":"fr-FR","@id":"https:\/\/narcopowders.com\/product\/buy-4f%e2%80%90mdmb%e2%80%90binaca-online\/#primaryimage","url":"https:\/\/narcopowders.com\/wp-content\/uploads\/2024\/05\/4f-mdmb2201.gif","contentUrl":"https:\/\/narcopowders.com\/wp-content\/uploads\/2024\/05\/4f-mdmb2201.gif","width":600,"height":600,"caption":"Buy 4F-MDMB-B online"},{"@type":"BreadcrumbList","@id":"https:\/\/narcopowders.com\/product\/buy-4f%e2%80%90mdmb%e2%80%90binaca-online\/#breadcrumb","itemListElement":[{"@type":"ListItem","position":1,"name":"Home","item":"https:\/\/narcopowders.com\/"},{"@type":"ListItem","position":2,"name":"Shop Page","item":"https:\/\/narcopowders.com\/shop\/"},{"@type":"ListItem","position":3,"name":"Buy 4F\u2010MDMB\u2010BINACA Online"}]},{"@type":"WebSite","@id":"https:\/\/narcopowders.com\/#website","url":"https:\/\/narcopowders.com\/","name":"Poudres Narco","description":"Mon blog WordPress","potentialAction":[{"@type":"SearchAction","target":{"@type":"EntryPoint","urlTemplate":"https:\/\/narcopowders.com\/?s={search_term_string}"},"query-input":{"@type":"PropertyValueSpecification","valueRequired":true,"valueName":"search_term_string"}}],"inLanguage":"fr-FR"}]}},"_links":{"self":[{"href":"https:\/\/narcopowders.com\/fr\/wp-json\/wp\/v2\/product\/20502","targetHints":{"allow":["GET"]}}],"collection":[{"href":"https:\/\/narcopowders.com\/fr\/wp-json\/wp\/v2\/product"}],"about":[{"href":"https:\/\/narcopowders.com\/fr\/wp-json\/wp\/v2\/types\/product"}],"replies":[{"embeddable":true,"href":"https:\/\/narcopowders.com\/fr\/wp-json\/wp\/v2\/comments?post=20502"}],"wp:featuredmedia":[{"embeddable":true,"href":"https:\/\/narcopowders.com\/fr\/wp-json\/wp\/v2\/media\/21261"}],"wp:attachment":[{"href":"https:\/\/narcopowders.com\/fr\/wp-json\/wp\/v2\/media?parent=20502"}],"wp:term":[{"taxonomy":"product_brand","embeddable":true,"href":"https:\/\/narcopowders.com\/fr\/wp-json\/wp\/v2\/product_brand?post=20502"},{"taxonomy":"product_cat","embeddable":true,"href":"https:\/\/narcopowders.com\/fr\/wp-json\/wp\/v2\/product_cat?post=20502"},{"taxonomy":"product_tag","embeddable":true,"href":"https:\/\/narcopowders.com\/fr\/wp-json\/wp\/v2\/product_tag?post=20502"}],"curies":[{"name":"wp","href":"https:\/\/api.w.org\/{rel}","templated":true}]}}