{"id":20503,"date":"2024-05-23T06:14:12","date_gmt":"2024-05-23T06:14:12","guid":{"rendered":"https:\/\/narcopowders.com\/?post_type=product&#038;p=20503"},"modified":"2024-05-24T06:29:43","modified_gmt":"2024-05-24T06:29:43","slug":"buy-4f-akb-online","status":"publish","type":"product","link":"https:\/\/narcopowders.com\/fr\/product\/buy-4f-akb-online\/","title":{"rendered":"Acheter 4F-AKB en ligne"},"content":{"rendered":"<h2><strong>Acheter 4F-AKB en ligne sur NarcoPowders.com<\/strong><\/h2>\n<p>Le 4F-AKB est un cannabino\u00efde synth\u00e9tique \u00e0 base d'indazoles. C'est un puissant agoniste des r\u00e9cepteurs cannabino\u00efdes. Il ressemble beaucoup \u00e0 d'autres cannabino\u00efdes synth\u00e9tiques, dont le 5F-ADB. Si vous voulez l'exp\u00e9rimenter, vous n'avez pas besoin d'une grande quantit\u00e9 de ce cannabis pour obtenir des effets notables. Ceci est d\u00fb \u00e0 l'extr\u00eame efficacit\u00e9 du produit chimique. Pour \u00e9viter toute exp\u00e9rimentation excessive, veillez \u00e0 respecter les protocoles de s\u00e9curit\u00e9 appropri\u00e9s en laboratoire. Les r\u00e9sultats des exp\u00e9riences avec le 4F-AKB comprennent des sensations de l\u00e9g\u00e8ret\u00e9 corporelle, de relaxation, de d\u00e9sinhibition et d'augmentation de la musique. <a href=\"https:\/\/narcopowders.com\/fr\/produit\/\/\">.<\/a><\/p>\n<h3><strong>Autorisation 4F-AKB<\/strong><\/h3>\n<p>Le 4F-ADB n'\u00e9tant plus prescrit dans la plupart des pays, il est autoris\u00e9 dans bon nombre d'entre eux. Toutefois, comme il peut \u00eatre consid\u00e9r\u00e9 comme un analogue du 5F-ADB, il pourrait \u00eatre interdit dans des pays tels que les \u00c9tats-Unis, o\u00f9 la l\u00e9gislation sur les analogues est stricte.<\/p>\n<h3><strong>4F-AKB 4FADB poudre de stockage avec le meilleur effet 4F-AKB poudre blanche et puissante<a href=\"https:\/\/en.wikipedia.org\/wiki\/4F-MDMB-BINACA\">.<\/a><\/strong><\/h3>\n<p>Le 4F-AKB est un tout nouveau produit chimique de recherche destin\u00e9 \u00e0 \u00eatre utilis\u00e9 dans des \u00e9tudes scientifiques ! Il s'agit d'un analogue du 5fadb ; consultez le site 5fadb pour plus de d\u00e9tails ! Le cannabino\u00efde le plus r\u00e9cent et le plus populaire, d'excellente qualit\u00e9, est le 4F-AKB. Les chercheurs exp\u00e9riment\u00e9s qui ont d\u00e9j\u00e0 travaill\u00e9 sur des cannabino\u00efdes synth\u00e9tiques puissants et des produits chimiques comme le 5f-adb peuvent obtenir le 4F-AKB. Le r\u00e9sultat est comparable \u00e0 celui du 5f-adb.<\/p>\n<p><strong>Notre compr\u00e9hension des cannabino\u00efdes :<\/strong><\/p>\n<p>Nous disposons d'une grande expertise. Nos clients re\u00e7oivent toujours leurs produits de haute qualit\u00e9 dans les plus brefs d\u00e9lais. Qu'il s'agisse d'une grande ville ou d'un petit village, nous livrons les articles dans les endroits les plus recul\u00e9s de la plan\u00e8te. En outre, nous promettons une livraison des marchandises en 100%.<\/p>\n<h3><strong>La puret\u00e9 :<\/strong><\/h3>\n<p>(parfois appel\u00e9 5F-MDMB-PINACA) est un cannabino\u00efde synth\u00e9tique \u00e0 base d'indazoles. C'est un puissant agoniste du r\u00e9cepteur CB1, mais il n'est pas certain qu'il soit sp\u00e9cifique \u00e0 cette cible. Nous stockons la meilleure qualit\u00e9 qui semble \u00eatre beaucoup moins nocive que les cannabino\u00efdes synth\u00e9tiques pr\u00e9c\u00e9dents qui ont \u00e9t\u00e9 sur le march\u00e9. En raison des quantit\u00e9s extr\u00eamement faibles trouv\u00e9es dans les \u00e9chantillons de tissus, on pense qu'il est incroyablement puissant.<\/p>\n<h3><strong>Qu'est-ce que la poudre 4F-ADB ?<\/strong><\/h3>\n<p>Le 4F-ADB est un cannabino\u00efde synth\u00e9tique \u00e0 base d'indazole. C'est un puissant agoniste des r\u00e9cepteurs cannabino\u00efdes. Il est tr\u00e8s similaire \u00e0 d'autres cannabino\u00efdes synth\u00e9tiques tels que le 5F-ADB. Si vous voulez exp\u00e9rimenter avec ce cannabino\u00efde, vous n'avez besoin que de petites quantit\u00e9s pour obtenir des r\u00e9sultats puissants, achetez du 4F-AKB.<\/p>\n<p>En effet, ce produit chimique est tr\u00e8s puissant. Respectez scrupuleusement les r\u00e8gles de s\u00e9curit\u00e9 afin d'\u00e9viter toute exp\u00e9rimentation excessive.<\/p>\n<h3><strong>Acheter 4F-ADB<\/strong><\/h3>\n<p>Chemical Planet vend la meilleure qualit\u00e9 de 4F-ADB. Le 4F-ADB que nous proposons se pr\u00e9sente sous forme de poudre. Vous devez \u00eatre \u00e2g\u00e9 d'au moins 18 ans pour acheter du 4F-ADB.<\/p>\n<p>Le produit n'est pas destin\u00e9 \u00e0 un usage humain ou animal. Il est destin\u00e9 uniquement \u00e0 des fins exp\u00e9rimentales. En outre, l'achat doit \u00eatre effectu\u00e9 en pleine conformit\u00e9 avec les lois de votre pays.<\/p>\n<h3><strong>Le statut juridique du 4F-ADB<\/strong><\/h3>\n<p>Le 4F-ADB est actuellement inconnu dans de nombreux pays et donc l\u00e9gal dans de nombreux endroits. Toutefois, il pourrait \u00eatre consid\u00e9r\u00e9 comme un analogue du 5F-ADB, ce qui pourrait le rendre ill\u00e9gal dans les pays o\u00f9 la l\u00e9gislation sur les analogues est stricte, comme les \u00c9tats-Unis. Pour plus d'informations, veuillez nous contacter.<\/p>","protected":false},"excerpt":{"rendered":"<p>Buy 4F-AKB online at NarcoPowders.com 4F-AKB is a synthetic cannabinoid based on indazoles. It is a powerful cannabinoid receptor agonist. It closely resembles other synthetic cannabinoids, including 5F-ADB. If you want to experiment with it, you don&#8217;t need a lot of this cannabis to get noticeable effects. This is due to the extreme effectiveness of [&hellip;]<\/p>\n","protected":false},"featured_media":21264,"comment_status":"open","ping_status":"closed","template":"","meta":{"_joinchat":[]},"product_brand":[],"product_cat":[1538],"product_tag":[],"class_list":{"0":"post-20503","1":"product","2":"type-product","3":"status-publish","4":"has-post-thumbnail","6":"product_cat-cannabinoids","8":"first","9":"instock","10":"shipping-taxable","11":"purchasable","12":"product-type-variable","13":"add-to-wishlist-after_add_to_cart"},"yoast_head":"<!-- This site is optimized with the Yoast SEO plugin v27.5 - https:\/\/yoast.com\/product\/yoast-seo-wordpress\/ -->\n<title>Buy 4F-AKB Online<\/title>\n<meta name=\"description\" content=\"Buy 4F-AKB, buyembutal sells 4F-ADB in best quality. The 4F-AKB we offer is 4F-AKB-48, be the first to review this product. Order now at narcopowders.\" \/>\n<meta name=\"robots\" content=\"index, follow, max-snippet:-1, max-image-preview:large, max-video-preview:-1\" \/>\n<link rel=\"canonical\" href=\"https:\/\/narcopowders.com\/fr\/produit\/acheter-4f-akb-en-ligne\/\" \/>\n<meta property=\"og:locale\" content=\"fr_FR\" \/>\n<meta property=\"og:type\" content=\"article\" \/>\n<meta property=\"og:title\" content=\"Buy 4F-AKB Online\" \/>\n<meta property=\"og:description\" content=\"Buy 4F-AKB, buyembutal sells 4F-ADB in best quality. The 4F-AKB we offer is 4F-AKB-48, be the first to review this product. Order now at narcopowders.\" \/>\n<meta property=\"og:url\" content=\"https:\/\/narcopowders.com\/fr\/produit\/acheter-4f-akb-en-ligne\/\" \/>\n<meta property=\"og:site_name\" content=\"Narco Powders\" \/>\n<meta property=\"article:modified_time\" content=\"2024-05-24T06:29:43+00:00\" \/>\n<meta property=\"og:image\" content=\"https:\/\/narcopowders.com\/wp-content\/uploads\/2024\/05\/4f-akb.gif\" \/>\n\t<meta property=\"og:image:width\" content=\"600\" \/>\n\t<meta property=\"og:image:height\" content=\"600\" \/>\n\t<meta property=\"og:image:type\" content=\"image\/gif\" \/>\n<meta name=\"twitter:card\" content=\"summary_large_image\" \/>\n<meta name=\"twitter:label1\" content=\"Dur\u00e9e de lecture estim\u00e9e\" \/>\n\t<meta name=\"twitter:data1\" content=\"3 minutes\" \/>\n<!-- \/ Yoast SEO plugin. -->","yoast_head_json":{"title":"Acheter 4F-AKB en ligne","description":"Acheter 4F-AKB, buyembutal vend 4F-ADB dans la meilleure qualit\u00e9. Le 4F-AKB que nous proposons est le 4F-AKB-48, soyez le premier \u00e0 \u00e9valuer ce produit. Commandez maintenant \u00e0 narcopowders.","robots":{"index":"index","follow":"follow","max-snippet":"max-snippet:-1","max-image-preview":"max-image-preview:large","max-video-preview":"max-video-preview:-1"},"canonical":"https:\/\/narcopowders.com\/fr\/produit\/acheter-4f-akb-en-ligne\/","og_locale":"fr_FR","og_type":"article","og_title":"Buy 4F-AKB Online","og_description":"Buy 4F-AKB, buyembutal sells 4F-ADB in best quality. The 4F-AKB we offer is 4F-AKB-48, be the first to review this product. Order now at narcopowders.","og_url":"https:\/\/narcopowders.com\/fr\/produit\/acheter-4f-akb-en-ligne\/","og_site_name":"Narco Powders","article_modified_time":"2024-05-24T06:29:43+00:00","og_image":[{"width":600,"height":600,"url":"https:\/\/narcopowders.com\/wp-content\/uploads\/2024\/05\/4f-akb.gif","type":"image\/gif"}],"twitter_card":"summary_large_image","twitter_misc":{"Dur\u00e9e de lecture estim\u00e9e":"3 minutes"},"schema":{"@context":"https:\/\/schema.org","@graph":[{"@type":"WebPage","@id":"https:\/\/narcopowders.com\/product\/buy-4f-akb-online\/","url":"https:\/\/narcopowders.com\/product\/buy-4f-akb-online\/","name":"Acheter 4F-AKB en ligne","isPartOf":{"@id":"https:\/\/narcopowders.com\/#website"},"primaryImageOfPage":{"@id":"https:\/\/narcopowders.com\/product\/buy-4f-akb-online\/#primaryimage"},"image":{"@id":"https:\/\/narcopowders.com\/product\/buy-4f-akb-online\/#primaryimage"},"thumbnailUrl":"https:\/\/narcopowders.com\/wp-content\/uploads\/2024\/05\/4f-akb.gif","datePublished":"2024-05-23T06:14:12+00:00","dateModified":"2024-05-24T06:29:43+00:00","description":"Acheter 4F-AKB, buyembutal vend 4F-ADB dans la meilleure qualit\u00e9. Le 4F-AKB que nous proposons est le 4F-AKB-48, soyez le premier \u00e0 \u00e9valuer ce produit. Commandez maintenant \u00e0 narcopowders.","breadcrumb":{"@id":"https:\/\/narcopowders.com\/product\/buy-4f-akb-online\/#breadcrumb"},"inLanguage":"fr-FR","potentialAction":[{"@type":"ReadAction","target":["https:\/\/narcopowders.com\/product\/buy-4f-akb-online\/"]}]},{"@type":"ImageObject","inLanguage":"fr-FR","@id":"https:\/\/narcopowders.com\/product\/buy-4f-akb-online\/#primaryimage","url":"https:\/\/narcopowders.com\/wp-content\/uploads\/2024\/05\/4f-akb.gif","contentUrl":"https:\/\/narcopowders.com\/wp-content\/uploads\/2024\/05\/4f-akb.gif","width":600,"height":600,"caption":"Buy 4f-akb Online"},{"@type":"BreadcrumbList","@id":"https:\/\/narcopowders.com\/product\/buy-4f-akb-online\/#breadcrumb","itemListElement":[{"@type":"ListItem","position":1,"name":"Home","item":"https:\/\/narcopowders.com\/"},{"@type":"ListItem","position":2,"name":"Shop Page","item":"https:\/\/narcopowders.com\/shop\/"},{"@type":"ListItem","position":3,"name":"Buy 4F-AKB Online"}]},{"@type":"WebSite","@id":"https:\/\/narcopowders.com\/#website","url":"https:\/\/narcopowders.com\/","name":"Poudres Narco","description":"Mon blog WordPress","potentialAction":[{"@type":"SearchAction","target":{"@type":"EntryPoint","urlTemplate":"https:\/\/narcopowders.com\/?s={search_term_string}"},"query-input":{"@type":"PropertyValueSpecification","valueRequired":true,"valueName":"search_term_string"}}],"inLanguage":"fr-FR"}]}},"_links":{"self":[{"href":"https:\/\/narcopowders.com\/fr\/wp-json\/wp\/v2\/product\/20503","targetHints":{"allow":["GET"]}}],"collection":[{"href":"https:\/\/narcopowders.com\/fr\/wp-json\/wp\/v2\/product"}],"about":[{"href":"https:\/\/narcopowders.com\/fr\/wp-json\/wp\/v2\/types\/product"}],"replies":[{"embeddable":true,"href":"https:\/\/narcopowders.com\/fr\/wp-json\/wp\/v2\/comments?post=20503"}],"wp:featuredmedia":[{"embeddable":true,"href":"https:\/\/narcopowders.com\/fr\/wp-json\/wp\/v2\/media\/21264"}],"wp:attachment":[{"href":"https:\/\/narcopowders.com\/fr\/wp-json\/wp\/v2\/media?parent=20503"}],"wp:term":[{"taxonomy":"product_brand","embeddable":true,"href":"https:\/\/narcopowders.com\/fr\/wp-json\/wp\/v2\/product_brand?post=20503"},{"taxonomy":"product_cat","embeddable":true,"href":"https:\/\/narcopowders.com\/fr\/wp-json\/wp\/v2\/product_cat?post=20503"},{"taxonomy":"product_tag","embeddable":true,"href":"https:\/\/narcopowders.com\/fr\/wp-json\/wp\/v2\/product_tag?post=20503"}],"curies":[{"name":"wp","href":"https:\/\/api.w.org\/{rel}","templated":true}]}}