{"id":20523,"date":"2024-05-23T06:14:19","date_gmt":"2024-05-23T06:14:19","guid":{"rendered":"https:\/\/narcopowders.com\/?post_type=product&#038;p=20523"},"modified":"2025-03-26T12:20:50","modified_gmt":"2025-03-26T12:20:50","slug":"buy-adb-butinaca-online","status":"publish","type":"product","link":"https:\/\/narcopowders.com\/fr\/produit\/buy-adb-butinaca-online\/","title":{"rendered":"Acheter ADB-Butinaca en ligne"},"content":{"rendered":"<h2><strong>Acheter la poudre ADBB en ligne<\/strong><\/h2>\n<p><a href=\"https:\/\/narcopowders.com\/fr\/produit\/buy-adb-butinaca-online\/\">Buy ADBB Online<\/a>, Some synthetic <a href=\"https:\/\/en.wikipedia.org\/wiki\/ADB-BUTINACA\">produits \u00e0 base de cannabis<\/a> contain components of a recently created synthetic drug called <a href=\"https:\/\/www.bing.com\/search?q=Buy%20ADB-Butinaca%20Online&amp;qs=n&amp;form=QBRE&amp;sp=-1&amp;lq=0&amp;pq=buy%20adb-butinaca%20online&amp;sc=2-23&amp;sk=&amp;cvid=763F2B36D18543F698FC47811A3FD525&amp;ghsh=0&amp;ghacc=0&amp;ghpl=\">ADBB<\/a>Avec des valeurs CE50 de 0,52 nM et 0,88 nM respectivement, ils sont l'agoniste puissant. <a href=\"https:\/\/narcopowders.com\/fr\/\">Narco Powders.<\/a><\/p>\n<p>des r\u00e9cepteurs CB1 et CB2. Cependant, les propri\u00e9t\u00e9s physiologiques et toxicologiques de ce compos\u00e9 sont encore inconnues<a href=\"http:\/\/ : https:\/\/narcopowders.com\/product\/buy-a-pvp-online\/\">.<\/a><\/p>\n<h3><strong>Comment ADBB est-il utilis\u00e9 ?<\/strong><\/h3>\n<p>La drogue ADBB ne convient pas \u00e0 la consommation humaine. Cette drogue est utilis\u00e9e comme produit chimique de recherche par les chercheurs des laboratoires m\u00e9dico-l\u00e9gaux.<\/p>\n<h3><strong>Quels sont les effets secondaires de l'ADBB ?<\/strong><\/h3>\n<p>L'utilisation \u00e0 long terme de la poudre ADBB peut entra\u00eener les effets secondaires suivants :<\/p>\n<p>o D\u00e9lire<\/p>\n<p>o Cardiotoxicit\u00e9<\/p>\n<p>o Crises d'\u00e9pilepsie<\/p>\n<p>o Hypothermie<\/p>\n<h3><strong>Comment avez-vous connu ADB Butinaca ?<\/strong><\/h3>\n<p>Il est difficile d'identifier <a href=\"https:\/\/www.google.de\/search?q=Buy+ADB-Butinaca+Online&amp;sca_esv=1a2a07081c7891bb&amp;rlz=1C1RXQR_enIN1098IN1098&amp;ei=2bbOZ_CHF_S2vr0PgN6FqAs&amp;ved=0ahUKEwiw2Lmsn_-LAxV0m68BHQBvAbUQ4dUDCBA&amp;uact=5&amp;oq=Buy+ADB-Butinaca+Online&amp;gs_lp=Egxnd3Mtd2l6LXNlcnAiF0J1eSBBREItQnV0aW5hY2EgT25saW5lSLEHUMEDWMEDcAJ4AJABAJgB1AGgAdQBqgEDMi0xuAEDyAEA-AEC-AEBmAIAoAIAmAMAiAYBkgcAoAdL&amp;sclient=gws-wiz-serp\">ADB Butinaca<\/a> Il est difficile d'identifier l'ADB Butinaca sans proc\u00e9der \u00e0 des tests logiques. Il se pr\u00e9sente naturellement sous la forme de particules brun clair ou jaun\u00e2tres et se confond facilement avec d'autres Butinaca ADB disponibles \u00e0 la vente. Une petite quantit\u00e9 d'ADB Butinaca dans un go\u00fbteur rend l'identification difficile, car d'autres dispositifs peuvent utiliser des identificateurs de fa\u00e7ade tels que la teinte, l'ar\u00f4me et le go\u00fbt. Ils peuvent \u00e9galement \u00eatre vampiris\u00e9s ou inspir\u00e9s par la bouche. Pour l'ADB Butinaca, les \u00e9chantillons enferm\u00e9s sont vendus comme des drogues de rue ; les gens les ins\u00e8rent. Les clients n'ont parl\u00e9 de la soci\u00e9t\u00e9 ADB Butinaca de mani\u00e8re significative qu'apr\u00e8s l'avoir utilis\u00e9e. \u00c9tant donn\u00e9 que l'on sait peu de choses sur ses propri\u00e9t\u00e9s chimiques, les chercheurs et les passionn\u00e9s de chimie ont une excellente occasion de mener des exp\u00e9riences passionnantes et d'ouvrir la voie \u00e0 la d\u00e9termination des propri\u00e9t\u00e9s chimiques et physiques essentielles de ce compos\u00e9.<\/p>\n<h3><strong>Pourquoi les gens ach\u00e8tent-ils l'ADB Butinaca ?<\/strong><\/h3>\n<p>C'est un ingr\u00e9dient de certains produits synth\u00e9tiques \u00e0 base de cannabis. Ce m\u00e9dicament de synth\u00e8se a \u00e9t\u00e9 mis au point par la c\u00e9l\u00e8bre soci\u00e9t\u00e9 pharmaceutique am\u00e9ricaine Pfizer en tant qu'analg\u00e9sique potentiel. Vous devez \u00eatre conscient des risques et des effets secondaires potentiels si vous \u00eates un chercheur et que vous souhaitez l'utiliser \u00e0 des fins de recherche. Comme d'autres cannabino\u00efdes synth\u00e9tiques, il poss\u00e8de des propri\u00e9t\u00e9s psychoactives. En outre, divers effets secondaires associ\u00e9s \u00e0 cette substance ont \u00e9t\u00e9 d\u00e9montr\u00e9s. C'est aupr\u00e8s d'Orange Hems, une plateforme r\u00e9put\u00e9e, que vous pouvez vous procurer ce m\u00e9dicament pour <a href=\"https:\/\/duckduckgo.com\/?q=Buy+ADB-Butinaca+Online&amp;t=h_&amp;ia=web\">acheter ADB Butinaca en ligne<\/a>.<\/p>\n<h3><strong>Quels sont les effets de l'ADB Butinaca ?<\/strong><\/h3>\n<p>L'ADB-BUTINACA est une sorte de nouvelle substance accablante g\u00e9n\u00e9ralement utilis\u00e9e pour la recherche.<\/p>\n<p>Ces nouveaux cannabino\u00efdes synth\u00e9tiques sont des substances artificielles qui se lient aux r\u00e9cepteurs CB1 et CB2 de l'organisme.<\/p>\n<p>Les r\u00e9cepteurs cannabino\u00efdes CB1 et CB2 sont impliqu\u00e9s dans de nombreux processus physiologiques.<\/p>\n<p>Notre syst\u00e8me nerveux central, qui contribue \u00e0 la m\u00e9diation des effets psychoactifs du cannabis, contient du CB1 dans le cerveau et la moelle \u00e9pini\u00e8re.<\/p>\n<p>Les globules blancs contiennent des r\u00e9cepteurs CB2, qui r\u00e9gulent les fonctions des cellules immunitaires.<\/p>\n<p>En outre, elle est prononc\u00e9e \u00e0 des niveaux inf\u00e9rieurs du cerveau. Les effets de l'ADB-BIANCA ne sont pas bien document\u00e9s et il n'est pas l\u00e9gal d'acheter de l'ADB-BIANCA. Il s'agit de dopaminergiques synth\u00e9tiques, qui agissent donc sur le m\u00eame accepteur de compensation dans le cerveau que le TCH, qui est l'\u00e9l\u00e9ment modificateur de l'esprit dans le cannabis, et l'ADB Butinaca. Il n'y a aucune responsabilit\u00e9 pour les actions ou les co\u00fbts d\u00e9coulant de votre placement de ADB Butinaca commande en ligne est adb butinaca contr\u00f4l\u00e9 ? adb butinaca cayman acheter, adb butinaca dea acheter, adb butinaca cayman, adb butinaca pour la vente<\/p>\n<p>Comment acheter adb butinaca, adb butinaca de qualit\u00e9 \u00e0 vendre, adb butinaca shop, o\u00f9 acheter adb butinaca, 5f-adb acheter<\/p>\n<p>7-adb, trrcshop, 5f-adb-33n, adb-butinaca psychonaut, adb-butinaca utilisations, adb-butinaca effets secondaires, acheter adb-butinaca l\u00e9galement.<\/p>","protected":false},"excerpt":{"rendered":"<p>L'ADB-BUTINACA est une mol\u00e9cule synth\u00e9tique de cannabis qui a \u00e9t\u00e9 commercialis\u00e9e en tant que drogue de synth\u00e8se. Conform\u00e9ment aux lignes directrices de l'OEDT en mati\u00e8re de d\u00e9nomination, elle est \u00e9galement connue sous le nom d'ADMB-BINACA. Avec une CE50 de 6,36 nM pour CB1, c'est un agoniste CB1 puissant, avec des affinit\u00e9s de liaison de 0,29 nM pour CB1 et de 0,91 nM pour CB2.<\/p>","protected":false},"featured_media":21268,"comment_status":"open","ping_status":"closed","template":"","meta":{"_joinchat":[]},"product_brand":[],"product_cat":[1724,1538],"product_tag":[],"class_list":{"0":"post-20523","1":"product","2":"type-product","3":"status-publish","4":"has-post-thumbnail","6":"product_cat-research-chemicals","7":"product_cat-cannabinoids","9":"first","10":"instock","11":"shipping-taxable","12":"purchasable","13":"product-type-variable","14":"add-to-wishlist-after_add_to_cart"},"yoast_head":"<!-- This site is optimized with the Yoast SEO plugin v25.9 - https:\/\/yoast.com\/wordpress\/plugins\/seo\/ -->\n<title>Buy ADB-Butinaca - ADB-Butinaca for Sale | NarcoPowders<\/title>\n<meta name=\"description\" content=\"Buy ADB-Butinaca - ADB-BUTINACA (also known as ADMB-BINACA under the EMCDDA naming standards) is a synthetic cannabinoid compound. Order Now!\" \/>\n<meta name=\"robots\" content=\"index, follow, max-snippet:-1, max-image-preview:large, max-video-preview:-1\" \/>\n<link rel=\"canonical\" href=\"https:\/\/narcopowders.com\/fr\/produit\/buy-adb-butinaca-online\/\" \/>\n<meta property=\"og:locale\" content=\"fr_FR\" \/>\n<meta property=\"og:type\" content=\"article\" \/>\n<meta property=\"og:title\" content=\"Buy ADB-Butinaca - ADB-Butinaca for Sale | NarcoPowders\" \/>\n<meta property=\"og:description\" content=\"Buy ADB-Butinaca - ADB-BUTINACA (also known as ADMB-BINACA under the EMCDDA naming standards) is a synthetic cannabinoid compound. Order Now!\" \/>\n<meta property=\"og:url\" content=\"https:\/\/narcopowders.com\/fr\/produit\/buy-adb-butinaca-online\/\" \/>\n<meta property=\"og:site_name\" content=\"Narco Powders\" \/>\n<meta property=\"article:modified_time\" content=\"2025-03-26T12:20:50+00:00\" \/>\n<meta property=\"og:image\" content=\"https:\/\/narcopowders.com\/wp-content\/uploads\/2024\/05\/Add-b.gif\" \/>\n\t<meta property=\"og:image:width\" content=\"600\" \/>\n\t<meta property=\"og:image:height\" content=\"600\" \/>\n\t<meta property=\"og:image:type\" content=\"image\/gif\" \/>\n<meta name=\"twitter:card\" content=\"summary_large_image\" \/>\n<meta name=\"twitter:label1\" content=\"Dur\u00e9e de lecture estim\u00e9e\" \/>\n\t<meta name=\"twitter:data1\" content=\"3 minutes\" \/>\n<!-- \/ Yoast SEO plugin. -->","yoast_head_json":{"title":"Acheter ADB-Butinaca - ADB-Butinaca \u00e0 vendre | NarcoPowders","description":"Acheter ADB-Butinaca - ADB-BUTINACA (\u00e9galement connu sous le nom de ADMB-BINACA selon les normes de d\u00e9nomination de l'OEDT) est un compos\u00e9 cannabino\u00efde synth\u00e9tique. Commander maintenant !","robots":{"index":"index","follow":"follow","max-snippet":"max-snippet:-1","max-image-preview":"max-image-preview:large","max-video-preview":"max-video-preview:-1"},"canonical":"https:\/\/narcopowders.com\/fr\/produit\/buy-adb-butinaca-online\/","og_locale":"fr_FR","og_type":"article","og_title":"Buy ADB-Butinaca - ADB-Butinaca for Sale | NarcoPowders","og_description":"Buy ADB-Butinaca - ADB-BUTINACA (also known as ADMB-BINACA under the EMCDDA naming standards) is a synthetic cannabinoid compound. Order Now!","og_url":"https:\/\/narcopowders.com\/fr\/produit\/buy-adb-butinaca-online\/","og_site_name":"Narco Powders","article_modified_time":"2025-03-26T12:20:50+00:00","og_image":[{"width":600,"height":600,"url":"https:\/\/narcopowders.com\/wp-content\/uploads\/2024\/05\/Add-b.gif","type":"image\/gif"}],"twitter_card":"summary_large_image","twitter_misc":{"Dur\u00e9e de lecture estim\u00e9e":"3 minutes"},"schema":{"@context":"https:\/\/schema.org","@graph":[{"@type":"WebPage","@id":"https:\/\/narcopowders.com\/product\/buy-adb-butinaca-online\/","url":"https:\/\/narcopowders.com\/product\/buy-adb-butinaca-online\/","name":"Acheter ADB-Butinaca - ADB-Butinaca \u00e0 vendre | NarcoPowders","isPartOf":{"@id":"https:\/\/narcopowders.com\/#website"},"primaryImageOfPage":{"@id":"https:\/\/narcopowders.com\/product\/buy-adb-butinaca-online\/#primaryimage"},"image":{"@id":"https:\/\/narcopowders.com\/product\/buy-adb-butinaca-online\/#primaryimage"},"thumbnailUrl":"https:\/\/narcopowders.com\/wp-content\/uploads\/2024\/05\/Add-b.gif","datePublished":"2024-05-23T06:14:19+00:00","dateModified":"2025-03-26T12:20:50+00:00","description":"Acheter ADB-Butinaca - ADB-BUTINACA (\u00e9galement connu sous le nom de ADMB-BINACA selon les normes de d\u00e9nomination de l'OEDT) est un compos\u00e9 cannabino\u00efde synth\u00e9tique. Commander maintenant !","breadcrumb":{"@id":"https:\/\/narcopowders.com\/product\/buy-adb-butinaca-online\/#breadcrumb"},"inLanguage":"fr-FR","potentialAction":[{"@type":"ReadAction","target":["https:\/\/narcopowders.com\/product\/buy-adb-butinaca-online\/"]}]},{"@type":"ImageObject","inLanguage":"fr-FR","@id":"https:\/\/narcopowders.com\/product\/buy-adb-butinaca-online\/#primaryimage","url":"https:\/\/narcopowders.com\/wp-content\/uploads\/2024\/05\/Add-b.gif","contentUrl":"https:\/\/narcopowders.com\/wp-content\/uploads\/2024\/05\/Add-b.gif","width":600,"height":600,"caption":"Buy ADB-Butinaca Online"},{"@type":"BreadcrumbList","@id":"https:\/\/narcopowders.com\/product\/buy-adb-butinaca-online\/#breadcrumb","itemListElement":[{"@type":"ListItem","position":1,"name":"Home","item":"https:\/\/narcopowders.com\/"},{"@type":"ListItem","position":2,"name":"Shop Page","item":"https:\/\/narcopowders.com\/shop\/"},{"@type":"ListItem","position":3,"name":"Buy ADB-Butinaca Online"}]},{"@type":"WebSite","@id":"https:\/\/narcopowders.com\/#website","url":"https:\/\/narcopowders.com\/","name":"Poudres Narco","description":"Mon blog WordPress","potentialAction":[{"@type":"SearchAction","target":{"@type":"EntryPoint","urlTemplate":"https:\/\/narcopowders.com\/?s={search_term_string}"},"query-input":{"@type":"PropertyValueSpecification","valueRequired":true,"valueName":"search_term_string"}}],"inLanguage":"fr-FR"}]}},"_links":{"self":[{"href":"https:\/\/narcopowders.com\/fr\/wp-json\/wp\/v2\/product\/20523","targetHints":{"allow":["GET"]}}],"collection":[{"href":"https:\/\/narcopowders.com\/fr\/wp-json\/wp\/v2\/product"}],"about":[{"href":"https:\/\/narcopowders.com\/fr\/wp-json\/wp\/v2\/types\/product"}],"replies":[{"embeddable":true,"href":"https:\/\/narcopowders.com\/fr\/wp-json\/wp\/v2\/comments?post=20523"}],"wp:featuredmedia":[{"embeddable":true,"href":"https:\/\/narcopowders.com\/fr\/wp-json\/wp\/v2\/media\/21268"}],"wp:attachment":[{"href":"https:\/\/narcopowders.com\/fr\/wp-json\/wp\/v2\/media?parent=20523"}],"wp:term":[{"taxonomy":"product_brand","embeddable":true,"href":"https:\/\/narcopowders.com\/fr\/wp-json\/wp\/v2\/product_brand?post=20523"},{"taxonomy":"product_cat","embeddable":true,"href":"https:\/\/narcopowders.com\/fr\/wp-json\/wp\/v2\/product_cat?post=20523"},{"taxonomy":"product_tag","embeddable":true,"href":"https:\/\/narcopowders.com\/fr\/wp-json\/wp\/v2\/product_tag?post=20523"}],"curies":[{"name":"wp","href":"https:\/\/api.w.org\/{rel}","templated":true}]}}