{"id":20524,"date":"2024-05-23T06:14:19","date_gmt":"2024-05-23T06:14:19","guid":{"rendered":"https:\/\/narcopowders.com\/?post_type=product&#038;p=20524"},"modified":"2025-03-12T06:58:10","modified_gmt":"2025-03-12T06:58:10","slug":"buy-5f-mdmb-2201-online","status":"publish","type":"product","link":"https:\/\/narcopowders.com\/fr\/produit\/acheter-5f-mdmb-2201-en-ligne\/","title":{"rendered":"Acheter 5F-MDMB-2201 en ligne"},"content":{"rendered":"<h2>Acheter le cristal 5F-MDMB-2201.<\/h2>\n<p><a href=\"https:\/\/narcopowders.com\/fr\/produit\/acheter-5f-mdmb-2201-en-ligne\/\">Acheter Crystal 5F-MDMB-2201<\/a><\/p>\n<p>Dans les produits synth\u00e9tiques de cannabis du monde entier, un indazole 3 carboxamide commence \u00e0 appara\u00eetre.<\/p>\n<p><strong>la pharmacologie :<\/strong><\/p>\n<p>Although <a href=\"https:\/\/www.bing.com\/search?q=Buy%205F-MDMB-2201%20Online&amp;qs=n&amp;form=QBRE&amp;sp=-1&amp;lq=0&amp;pq=buy%205f-mdmb-2201%20online&amp;sc=0-23&amp;sk=&amp;cvid=B74C90249E804D829F891B0FF3818AA0&amp;ghsh=0&amp;ghacc=0&amp;ghpl=\">5F-MDMB-2201<\/a> is known to be a very strong CB1 agonist, it is unclear if this means that it is highly selective for CB1 or even if it is selective at all. In this region, more testing will be necessary<a href=\"https:\/\/en.wikipedia.org\/wiki\/MDMB-4en-PINACA\">.<\/a><\/p>\n<p><strong>Substances comparables<a href=\"https:\/\/narcopowders.com\/fr\/produit\/acheter-5cladb-online\/\">:<\/a><\/strong><\/p>\n<p><a href=\"https:\/\/www.bing.com\/search?q=Buy%205F-MDMB-2201%20Online&amp;qs=n&amp;form=QBRE&amp;sp=-1&amp;lq=0&amp;pq=buy%205f-mdmb-2201%20online&amp;sc=0-23&amp;sk=&amp;cvid=B74C90249E804D829F891B0FF3818AA0&amp;ghsh=0&amp;ghacc=0&amp;ghpl=\">5F-AB-PINACA<\/a><\/p>\n<p>PX-3<\/p>\n<p>MDMB-FUBINACA<\/p>\n<p>MDMB-CHMICA<\/p>\n<p>APNACA<\/p>\n<p>APICA<\/p>\n<p>ADB-PINACA<\/p>\n<p>ADBICA<\/p>\n<p>ADB-FUBINACA<\/p>\n<p>ADB-CHMINACA<\/p>\n<p>AB-PINACA<\/p>\n<p>AB-FUBINACA<\/p>\n<p>AB-CHMINACA<\/p>\n<p>AB-CHFUPYCA<\/p>\n<p>5F-APINACA<\/p>\n<p>5F-AMB<\/p>\n<p>Legality: <a href=\"https:\/\/www.google.com\/search?q=Buy+5F-MDMB-2201+Online&amp;num=10&amp;sca_esv=1a2a07081c7891bb&amp;rlz=1C1RXQR_enIN1098IN1098&amp;sxsrf=AHTn8zpA_vRX0RHQauyQtnM7kEDUvX1X4Q%3A1741762591728&amp;ei=HzDRZ-CRLImE4-EPwfmTwAs&amp;ved=0ahUKEwigncCk-4OMAxUJwjgGHcH8BLgQ4dUDCBA&amp;uact=5&amp;oq=Buy+5F-MDMB-2201+Online&amp;gs_lp=Egxnd3Mtd2l6LXNlcnAiF0J1eSA1Ri1NRE1CLTIyMDEgT25saW5lSKkHUKkDWKkDcAJ4AJABAJgBkwKgAZMCqgEDMi0xuAEDyAEA-AEC-AEBmAICoAIMwgILEAAYgAQYsAMYogTCAggQABiwAxjvBZgDAIgGAZAGA5IHATKgB0s&amp;sclient=gws-wiz-serp\">5F-MDMB-2201<\/a> may be regarded as an analogue of 5F-ADB or similar compounds, however it is not currently known to be regarded as a prohibited substance in any nation or significant jurisdiction. That might make it unlawful to sell or possess it in importing this chemical, hence caution should be used in some jurisdictions.<\/p>\n<p><a href=\"https:\/\/www.google.com\/search?q=Buy+5F-MDMB-2201+Online&amp;num=10&amp;sca_esv=1a2a07081c7891bb&amp;rlz=1C1RXQR_enIN1098IN1098&amp;sxsrf=AHTn8zpA_vRX0RHQauyQtnM7kEDUvX1X4Q%3A1741762591728&amp;ei=HzDRZ-CRLImE4-EPwfmTwAs&amp;ved=0ahUKEwigncCk-4OMAxUJwjgGHcH8BLgQ4dUDCBA&amp;uact=5&amp;oq=Buy+5F-MDMB-2201+Online&amp;gs_lp=Egxnd3Mtd2l6LXNlcnAiF0J1eSA1Ri1NRE1CLTIyMDEgT25saW5lSKkHUKkDWKkDcAJ4AJABAJgBkwKgAZMCqgEDMi0xuAEDyAEA-AEC-AEBmAICoAIMwgILEAAYgAQYsAMYogTCAggQABiwAxjvBZgDAIgGAZAGA5IHATKgB0s&amp;sclient=gws-wiz-serp\">5F-MDMB-2201<\/a> is not suitable for ingestion by humans or animals because it is only marketed as a research chemical. It should only be utilized in forensic or laboratory settings by qualified individuals.<\/p>\n<h3>L'EFFET ET LE DOSAGE DE 5F-MDMB-2201 (5F-MDMB-PICA) :<\/h3>\n<p><a href=\"https:\/\/duckduckgo.com\/?q=Buy+5F-MDMB-2201+Online&amp;t=h_&amp;ia=web\"><strong>5F-MDMB-PICA<\/strong><\/a>, in its pure form but mostly as a synthetic constituent added to a plant matrix, is primarily smoked (or vaped) although reliable data about dosage are unavailable. 5F-MDMB-2201 (<a href=\"https:\/\/duckduckgo.com\/?q=Buy+5F-MDMB-2201+Online&amp;t=h_&amp;ia=web\">5F-MDMB-PICA<\/a>) functions as a synthetic cannabinoid receptor agonist (SCRA). Information about effects induced is currently not available but the existing data suggest that 5F-MDMB-2201 (5F-MDMB-PICA) will likely exhibit a profile shared by other SCRAs (potent full agonists at cannabinoid receptors) such as 5F-ADB (5F-MDMB-PINACA).<\/p>\n<h3>TOXICOLOGIE DU 5F-MDMB-2201 (5F-MDMB-PICA) :<\/h3>\n<p>La toxicit\u00e9 et les effets \u00e0 long terme sur la sant\u00e9 des activit\u00e9s r\u00e9cr\u00e9atives\u00a0<strong>5F-MDMB-2201<\/strong>\u00a0ne semblent pas avoir \u00e9t\u00e9 \u00e9tudi\u00e9s dans un contexte scientifique et la dose toxique exacte n'est pas connue.<\/p>\n<h3>O\u00d9 ACHETER 5F-MDMB-2201 ?<\/h3>\n<p>Dans notre magasin Sale-Chemicals.com, vous pouvez acheter en ligne du 5F-MDMB-2201 pur en vrac, avec livraison gratuite et garantie de livraison. Ici \u00e0 Sale-Chemicals.com vous pouvez acheter des produits chimiques de recherche sous forme de cristaux, de poudre et de liquide.<\/p>","protected":false},"excerpt":{"rendered":"<p>5F-MDMB-PICA (5F-MDMB-2201) is a synthetic cannabinoid and designer drug. It was the seventh most prevalent synthetic cannabinoid found in narcotics that the Drug Enforcement Administration had confiscated in 2018.<\/p>","protected":false},"featured_media":21262,"comment_status":"open","ping_status":"closed","template":"","meta":{"_joinchat":[]},"product_brand":[],"product_cat":[1538],"product_tag":[],"class_list":{"0":"post-20524","1":"product","2":"type-product","3":"status-publish","4":"has-post-thumbnail","6":"product_cat-cannabinoids","8":"first","9":"instock","10":"shipping-taxable","11":"purchasable","12":"product-type-variable","13":"add-to-wishlist-after_add_to_cart"},"yoast_head":"<!-- This site is optimized with the Yoast SEO plugin v25.9 - https:\/\/yoast.com\/wordpress\/plugins\/seo\/ -->\n<title>Buy 5F-MDMB-2201<\/title>\n<meta name=\"description\" content=\"Buy 5F-MDMB-2201, 5F-MDMB-2201 is also known as 5F-MDMB-PICA, is similar to 5F-MDMB-PINACA belongs to the cannabinoid class Order 5F-MDMB-2201.\" \/>\n<meta name=\"robots\" content=\"index, follow, max-snippet:-1, max-image-preview:large, max-video-preview:-1\" \/>\n<link rel=\"canonical\" href=\"https:\/\/narcopowders.com\/fr\/produit\/acheter-5f-mdmb-2201-en-ligne\/\" \/>\n<meta property=\"og:locale\" content=\"fr_FR\" \/>\n<meta property=\"og:type\" content=\"article\" \/>\n<meta property=\"og:title\" content=\"Buy 5F-MDMB-2201\" \/>\n<meta property=\"og:description\" content=\"Buy 5F-MDMB-2201, 5F-MDMB-2201 is also known as 5F-MDMB-PICA, is similar to 5F-MDMB-PINACA belongs to the cannabinoid class Order 5F-MDMB-2201.\" \/>\n<meta property=\"og:url\" content=\"https:\/\/narcopowders.com\/fr\/produit\/acheter-5f-mdmb-2201-en-ligne\/\" \/>\n<meta property=\"og:site_name\" content=\"Narco Powders\" \/>\n<meta property=\"article:modified_time\" content=\"2025-03-12T06:58:10+00:00\" \/>\n<meta property=\"og:image\" content=\"https:\/\/narcopowders.com\/wp-content\/uploads\/2024\/05\/5F-mdemb-2201.gif\" \/>\n\t<meta property=\"og:image:width\" content=\"600\" \/>\n\t<meta property=\"og:image:height\" content=\"600\" \/>\n\t<meta property=\"og:image:type\" content=\"image\/gif\" \/>\n<meta name=\"twitter:card\" content=\"summary_large_image\" \/>\n<meta name=\"twitter:label1\" content=\"Dur\u00e9e de lecture estim\u00e9e\" \/>\n\t<meta name=\"twitter:data1\" content=\"2 minutes\" \/>\n<!-- \/ Yoast SEO plugin. -->","yoast_head_json":{"title":"Acheter 5F-MDMB-2201","description":"Acheter 5F-MDMB-2201, 5F-MDMB-2201 est \u00e9galement connu sous le nom de 5F-MDMB-PICA, il est similaire au 5F-MDMB-PINACA et appartient \u00e0 la classe des cannabino\u00efdes Commander 5F-MDMB-2201.","robots":{"index":"index","follow":"follow","max-snippet":"max-snippet:-1","max-image-preview":"max-image-preview:large","max-video-preview":"max-video-preview:-1"},"canonical":"https:\/\/narcopowders.com\/fr\/produit\/acheter-5f-mdmb-2201-en-ligne\/","og_locale":"fr_FR","og_type":"article","og_title":"Buy 5F-MDMB-2201","og_description":"Buy 5F-MDMB-2201, 5F-MDMB-2201 is also known as 5F-MDMB-PICA, is similar to 5F-MDMB-PINACA belongs to the cannabinoid class Order 5F-MDMB-2201.","og_url":"https:\/\/narcopowders.com\/fr\/produit\/acheter-5f-mdmb-2201-en-ligne\/","og_site_name":"Narco Powders","article_modified_time":"2025-03-12T06:58:10+00:00","og_image":[{"width":600,"height":600,"url":"https:\/\/narcopowders.com\/wp-content\/uploads\/2024\/05\/5F-mdemb-2201.gif","type":"image\/gif"}],"twitter_card":"summary_large_image","twitter_misc":{"Dur\u00e9e de lecture estim\u00e9e":"2 minutes"},"schema":{"@context":"https:\/\/schema.org","@graph":[{"@type":"WebPage","@id":"https:\/\/narcopowders.com\/product\/buy-5f-mdmb-2201-online\/","url":"https:\/\/narcopowders.com\/product\/buy-5f-mdmb-2201-online\/","name":"Acheter 5F-MDMB-2201","isPartOf":{"@id":"https:\/\/narcopowders.com\/#website"},"primaryImageOfPage":{"@id":"https:\/\/narcopowders.com\/product\/buy-5f-mdmb-2201-online\/#primaryimage"},"image":{"@id":"https:\/\/narcopowders.com\/product\/buy-5f-mdmb-2201-online\/#primaryimage"},"thumbnailUrl":"https:\/\/narcopowders.com\/wp-content\/uploads\/2024\/05\/5F-mdemb-2201.gif","datePublished":"2024-05-23T06:14:19+00:00","dateModified":"2025-03-12T06:58:10+00:00","description":"Acheter 5F-MDMB-2201, 5F-MDMB-2201 est \u00e9galement connu sous le nom de 5F-MDMB-PICA, il est similaire au 5F-MDMB-PINACA et appartient \u00e0 la classe des cannabino\u00efdes Commander 5F-MDMB-2201.","breadcrumb":{"@id":"https:\/\/narcopowders.com\/product\/buy-5f-mdmb-2201-online\/#breadcrumb"},"inLanguage":"fr-FR","potentialAction":[{"@type":"ReadAction","target":["https:\/\/narcopowders.com\/product\/buy-5f-mdmb-2201-online\/"]}]},{"@type":"ImageObject","inLanguage":"fr-FR","@id":"https:\/\/narcopowders.com\/product\/buy-5f-mdmb-2201-online\/#primaryimage","url":"https:\/\/narcopowders.com\/wp-content\/uploads\/2024\/05\/5F-mdemb-2201.gif","contentUrl":"https:\/\/narcopowders.com\/wp-content\/uploads\/2024\/05\/5F-mdemb-2201.gif","width":600,"height":600,"caption":"Buy 5F-mdmb-2201 Online"},{"@type":"BreadcrumbList","@id":"https:\/\/narcopowders.com\/product\/buy-5f-mdmb-2201-online\/#breadcrumb","itemListElement":[{"@type":"ListItem","position":1,"name":"Home","item":"https:\/\/narcopowders.com\/"},{"@type":"ListItem","position":2,"name":"Shop Page","item":"https:\/\/narcopowders.com\/shop\/"},{"@type":"ListItem","position":3,"name":"Buy 5F-MDMB-2201 Online"}]},{"@type":"WebSite","@id":"https:\/\/narcopowders.com\/#website","url":"https:\/\/narcopowders.com\/","name":"Poudres Narco","description":"Mon blog WordPress","potentialAction":[{"@type":"SearchAction","target":{"@type":"EntryPoint","urlTemplate":"https:\/\/narcopowders.com\/?s={search_term_string}"},"query-input":{"@type":"PropertyValueSpecification","valueRequired":true,"valueName":"search_term_string"}}],"inLanguage":"fr-FR"}]}},"_links":{"self":[{"href":"https:\/\/narcopowders.com\/fr\/wp-json\/wp\/v2\/product\/20524","targetHints":{"allow":["GET"]}}],"collection":[{"href":"https:\/\/narcopowders.com\/fr\/wp-json\/wp\/v2\/product"}],"about":[{"href":"https:\/\/narcopowders.com\/fr\/wp-json\/wp\/v2\/types\/product"}],"replies":[{"embeddable":true,"href":"https:\/\/narcopowders.com\/fr\/wp-json\/wp\/v2\/comments?post=20524"}],"wp:featuredmedia":[{"embeddable":true,"href":"https:\/\/narcopowders.com\/fr\/wp-json\/wp\/v2\/media\/21262"}],"wp:attachment":[{"href":"https:\/\/narcopowders.com\/fr\/wp-json\/wp\/v2\/media?parent=20524"}],"wp:term":[{"taxonomy":"product_brand","embeddable":true,"href":"https:\/\/narcopowders.com\/fr\/wp-json\/wp\/v2\/product_brand?post=20524"},{"taxonomy":"product_cat","embeddable":true,"href":"https:\/\/narcopowders.com\/fr\/wp-json\/wp\/v2\/product_cat?post=20524"},{"taxonomy":"product_tag","embeddable":true,"href":"https:\/\/narcopowders.com\/fr\/wp-json\/wp\/v2\/product_tag?post=20524"}],"curies":[{"name":"wp","href":"https:\/\/api.w.org\/{rel}","templated":true}]}}