{"id":20526,"date":"2024-05-23T06:14:19","date_gmt":"2024-05-23T06:14:19","guid":{"rendered":"https:\/\/narcopowders.com\/?post_type=product&#038;p=20526"},"modified":"2025-03-26T12:51:13","modified_gmt":"2025-03-26T12:51:13","slug":"buy-sgt-263-online","status":"publish","type":"product","link":"https:\/\/narcopowders.com\/fr\/produit\/acheter-sgt-263-en-ligne\/","title":{"rendered":"Acheter Sgt -263 en ligne"},"content":{"rendered":"<h2>Acheter SGT-263 en ligne<\/h2>\n<p><a href=\"https:\/\/narcopowders.com\/fr\/\">Acheter SGT-263<\/a>, The use of the cannabinoid <a href=\"https:\/\/en.wikipedia.org\/wiki\/Sgt._Frog\">SGT-263<\/a> est l\u00e9gale dans notre pays d'origine. Il est de votre responsabilit\u00e9 de conna\u00eetre et de respecter les lois locales, r\u00e9gionales, f\u00e9d\u00e9rales, provinciales et locales. Si vous d\u00e9cidez de passer une commande, nous ne serons pas responsables des actions ou des r\u00e9sultats.<\/p>\n<h3>Pourquoi acheter le cannabino\u00efde SGT-263 chez nous ?<\/h3>\n<p>We have been supplying <a href=\"https:\/\/narcopowders.com\/fr\/produit\/acheter-sgt-263-en-ligne\/\">produits chimiques de recherche<\/a> for a long time and are a reliable source.<\/p>\n<p>Le chat en direct est disponible 24 heures sur 24, 7 jours sur 7. Si vous avez des questions, n'h\u00e9sitez pas \u00e0 les poser.<\/p>\n<p>Diff\u00e9rents modes de paiement pour r\u00e9pondre \u00e0 vos besoins<\/p>\n<p>Nous exp\u00e9dions le jour m\u00eame \u00e0 condition que votre commande soit re\u00e7ue avant 16h00 CET.<\/p>\n<p>Les t\u00e9moignages honn\u00eates de nos clients vous permettent d'acheter en toute confiance.<\/p>\n<p><a href=\"https:\/\/duckduckgo.com\/?q=Buy+Sgt+-263+Online&amp;t=h_&amp;ia=web\">NarcoPowders.com<\/a> est un leader mondial dans la distribution de produits chimiques de recherche et un fabricant mondial de produits chimiques de recherche, fond\u00e9 en 2008. Nous travaillons. Tous les produits sont exp\u00e9di\u00e9s depuis nos entrep\u00f4ts \u00e0 Hong Kong, en Chine, dans l'UE et en Ukraine. Nous sommes rapides et fiables et notre vaste r\u00e9seau de distribution garantit que chaque produit que vous commandez arrive \u00e0 temps, qu'il est livr\u00e9 aux points de ramassage de votre choix et qu'il arrive \u00e0 destination \u00e0 temps.<\/p>\n<p>Notre objectif principal est la satisfaction de nos clients, c'est pourquoi nous nous effor\u00e7ons de fournir un excellent service \u00e0 la client\u00e8le. Lorsque vous passez une commande aupr\u00e8s de Top Cannabinoids Shop, vous pouvez \u00eatre assur\u00e9 qu'elle sera livr\u00e9e rapidement \u00e0 l'adresse que vous avez indiqu\u00e9e. En outre, nous proposons un certain nombre d'options d'exp\u00e9dition qui nous permettent de livrer des marchandises \u00e0 nos clients sur de nombreux march\u00e9s et dans de nombreux endroits \u00e0 travers le monde. Chaque article sur ce site<\/p>\n<p>est propos\u00e9 \u00e0 la vente uniquement pour soutenir la recherche et l'\u00e9ducation. Nous ne vendons aucun de nos articles \u00e0 des fins d'utilisation ou de consommation ill\u00e9gale par des humains ou des animaux.<\/p>\n<p>Le 1-(5-fluoropentyl) ou SGT-263(2-ph\u00e9nylpropan-2-yl)-N-similaire au MMB-CHMINACA, -7-azaindole-3-carboxamide est un compos\u00e9 tr\u00e8s puissant. Vendu comme drogue de synth\u00e8se, le SGT-263 est un cannabino\u00efde synth\u00e9tique \u00e0 base de pyrrolopyridine-3-carboxamide.<\/p>\n<h3>SGT-263 est brevet\u00e9 par une entreprise de renomm\u00e9e mondiale.<\/h3>\n<p>SGT-263, un cannabino\u00efde unique r\u00e9cemment mis sur le march\u00e9, est approuv\u00e9 dans pratiquement tous les pays, y compris l'Allemagne.<\/p>\n<p>En outre, SGT-263 est disponible sous le nom ipac 1-(5-fluoropentyl).(2-phenylpropan-2-yl)-N-3-carboxamide from -1H-pyrrolo[2,3-b]pyridine <a href=\"https:\/\/www.bing.com\/search?q=Buy%20Sgt%20-263%20Online&amp;qs=n&amp;form=QBRE&amp;sp=-1&amp;lq=0&amp;pq=buy%20sgt%20-263%20online&amp;sc=12-19&amp;sk=&amp;cvid=F24FE2F21C0348B9B9F359F348D4BA91&amp;ghsh=0&amp;ghacc=0&amp;ghpl=\">SGT- 263<\/a> .<\/p>\n<p>Le SGT-25 est \u00e9troitement li\u00e9 au 1-(5-fluoropentyl)-N-(2-phenylpropan-2-yl)-7-azaindole-3-carboxamide, un cannabino\u00efde. En outre, la poudre de RC est d\u00e9sormais l\u00e9gale dans tous les pays europ\u00e9ens. SGT-263 est l'abr\u00e9viation de Street Names (noms de rue) : SGT-25 est une substance occasionnellement utilis\u00e9e \u00e0 des fins r\u00e9cr\u00e9atives et est contenue dans le \"C-Liquid\", un additif pour les liquides d'e-cigarettes.<\/p>\n<p>Pharmacologie : 1. (Fluoropentyl-5-)(2-ph\u00e9nylpropan-2-yl)-N Malgr\u00e9 une action pharmacologique compliqu\u00e9e, le -7-azaindole-3-carboxamide est un cannabino\u00efde synth\u00e9tique appartenant \u00e0 la famille des indazoles-3-carboxamides. La s\u00e9lectivit\u00e9 pour le r\u00e9cepteur CB1 devrait \u00eatre environ quatre fois sup\u00e9rieure \u00e0 celle du 5F-CUMYL-PINACA.<\/p>\n<p>Articles comparables : MMB-CHMINACA ; CUMYL PICA ; 5F-SDB-006<\/p>\n<ul>\n<li>SDB-006 ; CUMYL PINACA ; CUMYL-THPINACA<\/li>\n<\/ul>\n<p>Veuillez vous assurer que votre espace de travail est bien ventil\u00e9 et que vous \u00eates bien pr\u00e9par\u00e9 \u00e0 manipuler des produits chimiques de recherche avant de passer une commande.<\/p>\n<h3>Qu'est-ce que le SGT-263 ?<\/h3>\n<p>Le SGT-263 est un nouveau cannabino\u00efde synth\u00e9tique qui n'existe que depuis 2016. Ce produit chimique de recherche est un puissant agoniste des r\u00e9cepteurs CB1 et CB2. Le SGT-263 a \u00e9t\u00e9 d\u00e9crit par les chercheurs en chimie comme produisant des r\u00e9sultats similaires \u00e0 ceux de l'ADB-FUBINACA, un autre cannabino\u00efde synth\u00e9tique populaire. Les r\u00e9sultats exp\u00e9rimentaux obtenus avec le SGT-263 sont g\u00e9n\u00e9ralement similaires \u00e0 ceux de nombreux autres cannabino\u00efdes synth\u00e9tiques. Par cons\u00e9quent, si vous aimez exp\u00e9rimenter avec d'autres cannabino\u00efdes synth\u00e9tiques, vous appr\u00e9cierez probablement SGT-263 dans votre laboratoire.<\/p>\n<h3>O\u00f9 puis-je acheter SGT-263 ?<\/h3>\n<p>SGT-263 peut \u00eatre achet\u00e9 sur le site Buy NarcoPowders. Notre SGT-263 se pr\u00e9sente g\u00e9n\u00e9ralement sous forme de poudre. Cependant, si vous pr\u00e9f\u00e9rez d'autres formes de ce produit chimique, n'h\u00e9sitez pas \u00e0 nous contacter pour voir si nous avons une autre forme disponible. Nous avons souvent plusieurs formes disponibles. Vous devez \u00eatre \u00e2g\u00e9 d'au moins 18 ans pour <a href=\"https:\/\/www.google.com\/search?q=Buy+Sgt+-263+Online&amp;sca_esv=16def464f60f9903&amp;sxsrf=AHTn8zoPPZu82pwiT2LkmFR2ChE5PQ1veQ%3A1742993009664&amp;ei=cfbjZ_OhKNmS0PEP6OHzoQk&amp;ved=0ahUKEwiznr_54qeMAxVZCTQIHejwPJQQ4dUDCBA&amp;uact=5&amp;oq=Buy+Sgt+-263+Online&amp;gs_lp=Egxnd3Mtd2l6LXNlcnAiE0J1eSBTZ3QgLTI2MyBPbmxpbmVIjghQoARYoARwAXgAkAEAmAHNAqABzQKqAQMzLTG4AQPIAQD4AQL4AQGYAgCgAgCYAwCIBgGSBwCgB0SyBwC4BwA&amp;sclient=gws-wiz-serp\">purchase SGT-263<\/a> Nous vous garantissons un produit conforme \u00e0 la l\u00e9gislation de votre pays sur les produits chimiques de recherche. Notre SGT-263 n'est pas destin\u00e9 \u00e0 \u00eatre utilis\u00e9 sur les humains ou les animaux, mais uniquement \u00e0 des fins de recherche.<\/p>\n<h3>SGT-263 L\u00e9galit\u00e9<\/h3>\n<p>Le SGT-263 \u00e9tant tr\u00e8s r\u00e9cent, il n'est pas encore approuv\u00e9 dans la plupart des pays, ce qui le rend l\u00e9gal. Cependant, certains pays comme les \u00c9tats-Unis ont des lois analogiques strictes qui pourraient rendre ce produit chimique ill\u00e9gal.<\/p>","protected":false},"excerpt":{"rendered":"<p>Buy SGT-263 online Buy SGT-263, The use of the cannabinoid SGT-263 is legal in our country of origin. It is your responsibility to know and comply with local, state, federal, provincial and local laws. Should you decide to place an order, we will not be liable for any actions or results . Why should you [&hellip;]<\/p>","protected":false},"featured_media":21249,"comment_status":"open","ping_status":"closed","template":"","meta":{"_joinchat":[]},"product_brand":[],"product_cat":[1724,1538],"product_tag":[],"class_list":{"0":"post-20526","1":"product","2":"type-product","3":"status-publish","4":"has-post-thumbnail","6":"product_cat-research-chemicals","7":"product_cat-cannabinoids","9":"first","10":"instock","11":"shipping-taxable","12":"purchasable","13":"product-type-variable","14":"add-to-wishlist-after_add_to_cart"},"yoast_head":"<!-- This site is optimized with the Yoast SEO plugin v25.9 - https:\/\/yoast.com\/wordpress\/plugins\/seo\/ -->\n<title>Buy SGT-263 Online - SGT-263 for sale | NarcoPowders<\/title>\n<meta name=\"description\" content=\"NarcoPowders is one of the leading chemical stores where you can get high-quality Sgt-263 powder for sale. Order Sgt-263, buy Sgt-263 online!\" \/>\n<meta name=\"robots\" content=\"index, follow, max-snippet:-1, max-image-preview:large, max-video-preview:-1\" \/>\n<link rel=\"canonical\" href=\"https:\/\/narcopowders.com\/fr\/produit\/acheter-sgt-263-en-ligne\/\" \/>\n<meta property=\"og:locale\" content=\"fr_FR\" \/>\n<meta property=\"og:type\" content=\"article\" \/>\n<meta property=\"og:title\" content=\"Buy SGT-263 Online - SGT-263 for sale | NarcoPowders\" \/>\n<meta property=\"og:description\" content=\"NarcoPowders is one of the leading chemical stores where you can get high-quality Sgt-263 powder for sale. Order Sgt-263, buy Sgt-263 online!\" \/>\n<meta property=\"og:url\" content=\"https:\/\/narcopowders.com\/fr\/produit\/acheter-sgt-263-en-ligne\/\" \/>\n<meta property=\"og:site_name\" content=\"Narco Powders\" \/>\n<meta property=\"article:modified_time\" content=\"2025-03-26T12:51:13+00:00\" \/>\n<meta property=\"og:image\" content=\"https:\/\/narcopowders.com\/wp-content\/uploads\/2024\/05\/Sgt-263.gif\" \/>\n\t<meta property=\"og:image:width\" content=\"600\" \/>\n\t<meta property=\"og:image:height\" content=\"600\" \/>\n\t<meta property=\"og:image:type\" content=\"image\/gif\" \/>\n<meta name=\"twitter:card\" content=\"summary_large_image\" \/>\n<meta name=\"twitter:label1\" content=\"Dur\u00e9e de lecture estim\u00e9e\" \/>\n\t<meta name=\"twitter:data1\" content=\"4 minutes\" \/>\n<!-- \/ Yoast SEO plugin. -->","yoast_head_json":{"title":"Acheter SGT-263 en ligne - SGT-263 \u00e0 vendre | NarcoPowders","description":"NarcoPowders est l'un des principaux magasins de produits chimiques o\u00f9 vous pouvez vous procurer de la poudre Sgt-263 de haute qualit\u00e9. Commander Sgt-263, acheter Sgt-263 en ligne !","robots":{"index":"index","follow":"follow","max-snippet":"max-snippet:-1","max-image-preview":"max-image-preview:large","max-video-preview":"max-video-preview:-1"},"canonical":"https:\/\/narcopowders.com\/fr\/produit\/acheter-sgt-263-en-ligne\/","og_locale":"fr_FR","og_type":"article","og_title":"Buy SGT-263 Online - SGT-263 for sale | NarcoPowders","og_description":"NarcoPowders is one of the leading chemical stores where you can get high-quality Sgt-263 powder for sale. Order Sgt-263, buy Sgt-263 online!","og_url":"https:\/\/narcopowders.com\/fr\/produit\/acheter-sgt-263-en-ligne\/","og_site_name":"Narco Powders","article_modified_time":"2025-03-26T12:51:13+00:00","og_image":[{"width":600,"height":600,"url":"https:\/\/narcopowders.com\/wp-content\/uploads\/2024\/05\/Sgt-263.gif","type":"image\/gif"}],"twitter_card":"summary_large_image","twitter_misc":{"Dur\u00e9e de lecture estim\u00e9e":"4 minutes"},"schema":{"@context":"https:\/\/schema.org","@graph":[{"@type":"WebPage","@id":"https:\/\/narcopowders.com\/product\/buy-sgt-263-online\/","url":"https:\/\/narcopowders.com\/product\/buy-sgt-263-online\/","name":"Acheter SGT-263 en ligne - SGT-263 \u00e0 vendre | NarcoPowders","isPartOf":{"@id":"https:\/\/narcopowders.com\/#website"},"primaryImageOfPage":{"@id":"https:\/\/narcopowders.com\/product\/buy-sgt-263-online\/#primaryimage"},"image":{"@id":"https:\/\/narcopowders.com\/product\/buy-sgt-263-online\/#primaryimage"},"thumbnailUrl":"https:\/\/narcopowders.com\/wp-content\/uploads\/2024\/05\/Sgt-263.gif","datePublished":"2024-05-23T06:14:19+00:00","dateModified":"2025-03-26T12:51:13+00:00","description":"NarcoPowders est l'un des principaux magasins de produits chimiques o\u00f9 vous pouvez vous procurer de la poudre Sgt-263 de haute qualit\u00e9. Commander Sgt-263, acheter Sgt-263 en ligne !","breadcrumb":{"@id":"https:\/\/narcopowders.com\/product\/buy-sgt-263-online\/#breadcrumb"},"inLanguage":"fr-FR","potentialAction":[{"@type":"ReadAction","target":["https:\/\/narcopowders.com\/product\/buy-sgt-263-online\/"]}]},{"@type":"ImageObject","inLanguage":"fr-FR","@id":"https:\/\/narcopowders.com\/product\/buy-sgt-263-online\/#primaryimage","url":"https:\/\/narcopowders.com\/wp-content\/uploads\/2024\/05\/Sgt-263.gif","contentUrl":"https:\/\/narcopowders.com\/wp-content\/uploads\/2024\/05\/Sgt-263.gif","width":600,"height":600,"caption":"Buy Sgt -263 Online"},{"@type":"BreadcrumbList","@id":"https:\/\/narcopowders.com\/product\/buy-sgt-263-online\/#breadcrumb","itemListElement":[{"@type":"ListItem","position":1,"name":"Home","item":"https:\/\/narcopowders.com\/"},{"@type":"ListItem","position":2,"name":"Shop Page","item":"https:\/\/narcopowders.com\/shop\/"},{"@type":"ListItem","position":3,"name":"Buy Sgt -263 Online"}]},{"@type":"WebSite","@id":"https:\/\/narcopowders.com\/#website","url":"https:\/\/narcopowders.com\/","name":"Poudres Narco","description":"Mon blog WordPress","potentialAction":[{"@type":"SearchAction","target":{"@type":"EntryPoint","urlTemplate":"https:\/\/narcopowders.com\/?s={search_term_string}"},"query-input":{"@type":"PropertyValueSpecification","valueRequired":true,"valueName":"search_term_string"}}],"inLanguage":"fr-FR"}]}},"_links":{"self":[{"href":"https:\/\/narcopowders.com\/fr\/wp-json\/wp\/v2\/product\/20526","targetHints":{"allow":["GET"]}}],"collection":[{"href":"https:\/\/narcopowders.com\/fr\/wp-json\/wp\/v2\/product"}],"about":[{"href":"https:\/\/narcopowders.com\/fr\/wp-json\/wp\/v2\/types\/product"}],"replies":[{"embeddable":true,"href":"https:\/\/narcopowders.com\/fr\/wp-json\/wp\/v2\/comments?post=20526"}],"wp:featuredmedia":[{"embeddable":true,"href":"https:\/\/narcopowders.com\/fr\/wp-json\/wp\/v2\/media\/21249"}],"wp:attachment":[{"href":"https:\/\/narcopowders.com\/fr\/wp-json\/wp\/v2\/media?parent=20526"}],"wp:term":[{"taxonomy":"product_brand","embeddable":true,"href":"https:\/\/narcopowders.com\/fr\/wp-json\/wp\/v2\/product_brand?post=20526"},{"taxonomy":"product_cat","embeddable":true,"href":"https:\/\/narcopowders.com\/fr\/wp-json\/wp\/v2\/product_cat?post=20526"},{"taxonomy":"product_tag","embeddable":true,"href":"https:\/\/narcopowders.com\/fr\/wp-json\/wp\/v2\/product_tag?post=20526"}],"curies":[{"name":"wp","href":"https:\/\/api.w.org\/{rel}","templated":true}]}}