{"id":20559,"date":"2024-05-23T06:14:29","date_gmt":"2024-05-23T06:14:29","guid":{"rendered":"https:\/\/narcopowders.com\/?post_type=product&#038;p=20559"},"modified":"2025-03-26T12:48:20","modified_gmt":"2025-03-26T12:48:20","slug":"buy-mdpop-online","status":"publish","type":"product","link":"https:\/\/narcopowders.com\/fr\/produit\/buy-mdpop-online\/","title":{"rendered":"Acheter Mdpop en ligne"},"content":{"rendered":"<h2>Acheter mdpop en ligne<\/h2>\n<p><a href=\"https:\/\/narcopowders.com\/fr\/produit\/buy-mdpop-online\/\">MDPOP Acheter en ligne<\/a>, Le UK Advisory Council on the Misuse of Drugs a annonc\u00e9 le 2 avril 2010 qu'il mettrait en place un boycott complet, bas\u00e9 sur la structure, de toute cette classe de m\u00e9langes de drogues. L'objectif \u00e9tait de faire largement conna\u00eetre les ventes sur le march\u00e9 noir et l'usage r\u00e9cr\u00e9atif de la <a href=\"https:\/\/narcopowders.com\/fr\/\">mephedrone<\/a>, un membre courant de la famille. Ce boycott s'applique aux m\u00e9langes pr\u00e9sentant la structure g\u00e9n\u00e9rale d\u00e9crite ci-dessus\u00a0; 28 m\u00e9langes sp\u00e9cifiques sont identifi\u00e9s.<\/p>\n<h3>Plus d'informations sur mdpop<\/h3>\n<p>(I) en substituant des substituants alkyle, alcoxy, alkyl\u00e8nedioxy, haloalkyle ou halog\u00e9nure dans l'anneau ph\u00e9nyle dans n'importe quelle mesure, m\u00eame si au moins un autre substituant monovalent est \u00e9galement substitu\u00e9 dans l'anneau ph\u00e9nyle ;<\/p>\n<p>(ii) par substitution d'un substituant alkyle en position trois ; Profil m\u00e9dical du cannabis l\u00e9gal.<\/p>\n<p>(iii) par incorporation de l'atome d'azote dans une structure cyclique ou par substitution de groupes alkyle ou dialkyle sur la particule d'azote.<\/p>\n<p>Un peu d'histoire de la <a href=\"https:\/\/en.wikipedia.org\/wiki\/Bestgore.com\">mdpop<\/a><\/p>\n<p>Le 16 avril 2010, ce mat\u00e9riel a \u00e9t\u00e9 ajout\u00e9 \u00e0 la loi de 1971 sur l'abus de drogues (Misuse of Drugs Act 1971), ce qui a permis son entr\u00e9e en vigueur. Il convient de noter qu'au moment de la publication du rapport de l'ACMD, quatre des m\u00e9langes susmentionn\u00e9s - cathinone, m\u00e9thcathinone, di\u00e9thylpropion et pyroval\u00e9rone - \u00e9taient ill\u00e9gaux au Royaume-Uni. Deux m\u00e9langes ont \u00e9t\u00e9 sp\u00e9cifiquement exclus du boycott : le bupropion en raison de son utilisation m\u00e9dicale r\u00e9pandue et de son faible potentiel d'abus, et la naphyrone parce que sa structure ne correspond pas \u00e0 la d\u00e9finition non exclusive et qu'il n'existe actuellement aucune preuve justifiant un boycott de son utilisation ; Internet purchase mdpop <a href=\"https:\/\/duckduckgo.com\/?q=Buy+Mdpop+Online&amp;t=h_&amp;ia=web\">acheter mdpop<\/a><\/p>\n<p>En cons\u00e9quence, les analogues de la naphyrone ont \u00e9t\u00e9 interdits en juillet 2010 \u00e0 la suite d'une nouvelle <a href=\"https:\/\/www.bing.com\/search?q=Buy%20Mdpop%20Online&amp;qs=n&amp;form=QBRE&amp;sp=-1&amp;lq=0&amp;pq=buy%20mdpop%20online&amp;sc=7-16&amp;sk=&amp;cvid=39381BC406B44470A62F975F64C4C48E&amp;ghsh=0&amp;ghacc=0&amp;ghpl=\">ACMD<\/a> enqu\u00eate et un boycott structurel beaucoup plus large que le pr\u00e9c\u00e9dent.<\/p>\n<p>Enfin : \"Tout compos\u00e9 d\u00e9riv\u00e9 principalement de la 2-aminopropan-1-one par substitution d'un cycle monocyclique ou polycyclique mixte (pas un cycle ph\u00e9nyle ou un cycle alkylenedioxyph\u00e9nyle) en position 1, qu'il s'agisse d'une substance ou non.<\/p>\n<p>En d'autres termes, il s'agit de l'adapter de l'une des mani\u00e8res appropri\u00e9es. Profil de drogue du cannabis l\u00e9gal.<\/p>\n<p>(I) par substitution de substituants alkyle, alcoxy, haloalkyle ou halog\u00e9nure dans la structure de l'anneau dans n'importe quelle mesure, ind\u00e9pendamment du fait qu'ils soient ou non substitu\u00e9s dans la structure de l'anneau par au moins un substitut monovalent suppl\u00e9mentaire MDPOP Buy Online. <a href=\"https:\/\/www.google.com\/search?q=Buy+Mdpop+Online&amp;sca_esv=16def464f60f9903&amp;sxsrf=AHTn8zr0vho_kgZZLgPu0ej4mI0Ui52Faw%3A1742992891574&amp;ei=-_XjZ4LoIpOy0PEPgenGMQ&amp;ved=0ahUKEwjC0ZfB4qeMAxUTGTQIHYG0MQYQ4dUDCBA&amp;uact=5&amp;oq=Buy+Mdpop+Online&amp;gs_lp=Egxnd3Mtd2l6LXNlcnAiEEJ1eSBNZHBvcCBPbmxpbmVItwhQ-wNY-wNwAXgAkAEAmAGAA6ABgAOqAQMzLTG4AQPIAQD4AQL4AQGYAgCgAgCYAwCIBgGSBwCgB0SyBwC4BwA&amp;sclient=gws-wiz-serp\">MDPOP Acheter en ligne<\/a>.<\/p>","protected":false},"excerpt":{"rendered":"<p>Buy mdpop online MDPOP Buy Online, The UK Advisory Council on the Misuse of Drugs announced on April 2, 2010 that it would introduce a comprehensive, structure-based boycott of this entire class of drug mixtures. The goal was to widely publicize the black market sales and recreational use of mephedrone, a common family member. This [&hellip;]<\/p>","protected":false},"featured_media":21257,"comment_status":"open","ping_status":"closed","template":"","meta":{"_joinchat":[]},"product_brand":[],"product_cat":[1539,1724],"product_tag":[],"class_list":{"0":"post-20559","1":"product","2":"type-product","3":"status-publish","4":"has-post-thumbnail","6":"product_cat-cathinone","7":"product_cat-research-chemicals","9":"first","10":"instock","11":"shipping-taxable","12":"purchasable","13":"product-type-variable","14":"add-to-wishlist-after_add_to_cart"},"yoast_head":"<!-- This site is optimized with the Yoast SEO plugin v25.9 - https:\/\/yoast.com\/wordpress\/plugins\/seo\/ -->\n<title>Buy Mdpop Online - Mdpop for sale - Order mdpop | NarcoPowders<\/title>\n<meta name=\"description\" content=\"NarcoPowders is a leading chemical powder store whre you can buy Mdpop online, order mdpop online legally, Mdpop for sale online. Shop Now!\" \/>\n<meta name=\"robots\" content=\"index, follow, max-snippet:-1, max-image-preview:large, max-video-preview:-1\" \/>\n<link rel=\"canonical\" href=\"https:\/\/narcopowders.com\/fr\/produit\/buy-mdpop-online\/\" \/>\n<meta property=\"og:locale\" content=\"fr_FR\" \/>\n<meta property=\"og:type\" content=\"article\" \/>\n<meta property=\"og:title\" content=\"Buy Mdpop Online - Mdpop for sale - Order mdpop | NarcoPowders\" \/>\n<meta property=\"og:description\" content=\"NarcoPowders is a leading chemical powder store whre you can buy Mdpop online, order mdpop online legally, Mdpop for sale online. Shop Now!\" \/>\n<meta property=\"og:url\" content=\"https:\/\/narcopowders.com\/fr\/produit\/buy-mdpop-online\/\" \/>\n<meta property=\"og:site_name\" content=\"Narco Powders\" \/>\n<meta property=\"article:modified_time\" content=\"2025-03-26T12:48:20+00:00\" \/>\n<meta property=\"og:image\" content=\"https:\/\/narcopowders.com\/wp-content\/uploads\/2024\/05\/Mdpop.gif\" \/>\n\t<meta property=\"og:image:width\" content=\"600\" \/>\n\t<meta property=\"og:image:height\" content=\"600\" \/>\n\t<meta property=\"og:image:type\" content=\"image\/gif\" \/>\n<meta name=\"twitter:card\" content=\"summary_large_image\" \/>\n<meta name=\"twitter:label1\" content=\"Dur\u00e9e de lecture estim\u00e9e\" \/>\n\t<meta name=\"twitter:data1\" content=\"2 minutes\" \/>\n<!-- \/ Yoast SEO plugin. -->","yoast_head_json":{"title":"Acheter Mdpop en ligne - Mdpop \u00e0 vendre - Commander mdpop | NarcoPowders","description":"NarcoPowders est un magasin de poudre chimique de premier plan o\u00f9 vous pouvez acheter Mdpop en ligne, commander Mdpop en ligne l\u00e9galement, Mdpop \u00e0 vendre en ligne. Acheter maintenant !","robots":{"index":"index","follow":"follow","max-snippet":"max-snippet:-1","max-image-preview":"max-image-preview:large","max-video-preview":"max-video-preview:-1"},"canonical":"https:\/\/narcopowders.com\/fr\/produit\/buy-mdpop-online\/","og_locale":"fr_FR","og_type":"article","og_title":"Buy Mdpop Online - Mdpop for sale - Order mdpop | NarcoPowders","og_description":"NarcoPowders is a leading chemical powder store whre you can buy Mdpop online, order mdpop online legally, Mdpop for sale online. Shop Now!","og_url":"https:\/\/narcopowders.com\/fr\/produit\/buy-mdpop-online\/","og_site_name":"Narco Powders","article_modified_time":"2025-03-26T12:48:20+00:00","og_image":[{"width":600,"height":600,"url":"https:\/\/narcopowders.com\/wp-content\/uploads\/2024\/05\/Mdpop.gif","type":"image\/gif"}],"twitter_card":"summary_large_image","twitter_misc":{"Dur\u00e9e de lecture estim\u00e9e":"2 minutes"},"schema":{"@context":"https:\/\/schema.org","@graph":[{"@type":"WebPage","@id":"https:\/\/narcopowders.com\/product\/buy-mdpop-online\/","url":"https:\/\/narcopowders.com\/product\/buy-mdpop-online\/","name":"Acheter Mdpop en ligne - Mdpop \u00e0 vendre - Commander mdpop | NarcoPowders","isPartOf":{"@id":"https:\/\/narcopowders.com\/#website"},"primaryImageOfPage":{"@id":"https:\/\/narcopowders.com\/product\/buy-mdpop-online\/#primaryimage"},"image":{"@id":"https:\/\/narcopowders.com\/product\/buy-mdpop-online\/#primaryimage"},"thumbnailUrl":"https:\/\/narcopowders.com\/wp-content\/uploads\/2024\/05\/Mdpop.gif","datePublished":"2024-05-23T06:14:29+00:00","dateModified":"2025-03-26T12:48:20+00:00","description":"NarcoPowders est un magasin de poudre chimique de premier plan o\u00f9 vous pouvez acheter Mdpop en ligne, commander Mdpop en ligne l\u00e9galement, Mdpop \u00e0 vendre en ligne. Acheter maintenant !","breadcrumb":{"@id":"https:\/\/narcopowders.com\/product\/buy-mdpop-online\/#breadcrumb"},"inLanguage":"fr-FR","potentialAction":[{"@type":"ReadAction","target":["https:\/\/narcopowders.com\/product\/buy-mdpop-online\/"]}]},{"@type":"ImageObject","inLanguage":"fr-FR","@id":"https:\/\/narcopowders.com\/product\/buy-mdpop-online\/#primaryimage","url":"https:\/\/narcopowders.com\/wp-content\/uploads\/2024\/05\/Mdpop.gif","contentUrl":"https:\/\/narcopowders.com\/wp-content\/uploads\/2024\/05\/Mdpop.gif","width":600,"height":600,"caption":"Buy Mdpop Online"},{"@type":"BreadcrumbList","@id":"https:\/\/narcopowders.com\/product\/buy-mdpop-online\/#breadcrumb","itemListElement":[{"@type":"ListItem","position":1,"name":"Home","item":"https:\/\/narcopowders.com\/"},{"@type":"ListItem","position":2,"name":"Shop Page","item":"https:\/\/narcopowders.com\/shop\/"},{"@type":"ListItem","position":3,"name":"Buy Mdpop Online"}]},{"@type":"WebSite","@id":"https:\/\/narcopowders.com\/#website","url":"https:\/\/narcopowders.com\/","name":"Poudres Narco","description":"Mon blog WordPress","potentialAction":[{"@type":"SearchAction","target":{"@type":"EntryPoint","urlTemplate":"https:\/\/narcopowders.com\/?s={search_term_string}"},"query-input":{"@type":"PropertyValueSpecification","valueRequired":true,"valueName":"search_term_string"}}],"inLanguage":"fr-FR"}]}},"_links":{"self":[{"href":"https:\/\/narcopowders.com\/fr\/wp-json\/wp\/v2\/product\/20559","targetHints":{"allow":["GET"]}}],"collection":[{"href":"https:\/\/narcopowders.com\/fr\/wp-json\/wp\/v2\/product"}],"about":[{"href":"https:\/\/narcopowders.com\/fr\/wp-json\/wp\/v2\/types\/product"}],"replies":[{"embeddable":true,"href":"https:\/\/narcopowders.com\/fr\/wp-json\/wp\/v2\/comments?post=20559"}],"wp:featuredmedia":[{"embeddable":true,"href":"https:\/\/narcopowders.com\/fr\/wp-json\/wp\/v2\/media\/21257"}],"wp:attachment":[{"href":"https:\/\/narcopowders.com\/fr\/wp-json\/wp\/v2\/media?parent=20559"}],"wp:term":[{"taxonomy":"product_brand","embeddable":true,"href":"https:\/\/narcopowders.com\/fr\/wp-json\/wp\/v2\/product_brand?post=20559"},{"taxonomy":"product_cat","embeddable":true,"href":"https:\/\/narcopowders.com\/fr\/wp-json\/wp\/v2\/product_cat?post=20559"},{"taxonomy":"product_tag","embeddable":true,"href":"https:\/\/narcopowders.com\/fr\/wp-json\/wp\/v2\/product_tag?post=20559"}],"curies":[{"name":"wp","href":"https:\/\/api.w.org\/{rel}","templated":true}]}}