{"id":20560,"date":"2024-05-23T06:14:29","date_gmt":"2024-05-23T06:14:29","guid":{"rendered":"https:\/\/narcopowders.com\/?post_type=product&#038;p=20560"},"modified":"2025-05-06T07:06:10","modified_gmt":"2025-05-06T07:06:10","slug":"buy-mcpep-online","status":"publish","type":"product","link":"https:\/\/narcopowders.com\/fr\/produit\/acheter-mcpep-en-ligne\/","title":{"rendered":"Acheter MCPEP en ligne"},"content":{"rendered":"<h2>Acheter MCPEP EN LIGNE<\/h2>\n<p><a href=\"https:\/\/narcopowders.com\/fr\/produit\/acheter-mcpep-en-ligne\/\">Acheter MCPEP en ligne<\/a>, MCPEP does not carry <a href=\"https:\/\/en.wikipedia.org\/wiki\/Meta-Chlorophenylpiperazine\">NarcoPoudres<\/a> qui est le seul endroit o\u00f9 l'on peut obtenir une vari\u00e9t\u00e9 de plastiques sous un m\u00eame toit. MCPEP via Internet. Le Flakka, \u00e9galement appel\u00e9 Rock, est un stimulant de la classe des cathinones d\u00e9velopp\u00e9 dans les ann\u00e9es 1960.<\/p>\n<p>Le MCPEP est un \u00e9nergisant synth\u00e9tique de la famille des pyroval\u00e9rones et des cathinones, disponible en ligne. Sa synth\u00e8se est similaire \u00e0 celle d'autres m\u00e9langes de pyroval\u00e9rones, par exemple. <a href=\"https:\/\/narcopowders.com\/fr\/\">MDPV<\/a> et des m\u00e9langes de cathinone. On le trouve g\u00e9n\u00e9ralement sous forme de gros et beaux fragments de pierre ou de poudre vitreuse que les utilisateurs peuvent avaler pour obtenir des effets similaires \u00e0 ceux de l'amph\u00e9tamine.<\/p>\n<p><a href=\"https:\/\/duckduckgo.com\/?q=Buy+MCPEP+Online&amp;t=h_&amp;ia=web\">Acheter MCPEP en ligne<\/a> est la c\u00e9tone simple du prolintan, qui est artificiellement identifi\u00e9e avec la pyroval\u00e9rone et est souvent utilis\u00e9e comme drogue r\u00e9cr\u00e9ative.<\/p>\n<p>La pyroval\u00e9rone emp\u00eache la r\u00e9ception de synapses monoaminergiques sp\u00e9cifiques, comme celles de la dopamine et de la nor\u00e9pin\u00e9phrine, en inhibant leurs transporteurs. La seule diff\u00e9rence entre la 1,2-\u03b1-pyrrolidinopentioph\u00e9none (chlorhydrate) et la pyroval\u00e9rone est l'absence de groupe m\u00e9thyle sur le r\u00e9sidu ph\u00e9nyle de la pyroval\u00e9rone. Cette substance est consid\u00e9r\u00e9e comme un \u00e9nergisant psychotrope similaire \u00e0 la pyroval\u00e9rone. Cet article est utilis\u00e9 dans des contextes juridiques.<\/p>\n<h3>POURQUOI NARCOPOWDERS EST-IL LE MEILLEUR SITE POUR L'ACHAT DE MCPEP EN LIGNE ?<\/h3>\n<p>En tant que fournisseur autoris\u00e9, NarcoPowders vend en gros et au d\u00e9tail des poudres authentiques telles que Mcpep. Notre soci\u00e9t\u00e9 garantit non seulement la meilleure qualit\u00e9 de MCPEP, mais aussi un emballage unique et un transport s\u00fbr dans le monde entier.<\/p>\n<p>La s\u00e9quence critique qui survient apr\u00e8s la consommation de MCPEP. Certains clients ont affirm\u00e9 que l'utilisation <a href=\"https:\/\/www.bing.com\/search?q=Buy%20MCPEP%20Online&amp;qs=n&amp;form=QBRE&amp;sp=-1&amp;lq=0&amp;pq=buy%20mcpep%20online&amp;sc=0-16&amp;sk=&amp;cvid=B141403045F84ECD9428F67F84CA2247&amp;ghsh=0&amp;ghacc=0&amp;ghpl=\">MCPEP<\/a> \u00e9tait bien sup\u00e9rieur au fait de fumer des cigarettes en g\u00e9n\u00e9ral, car cela ne d\u00e9sint\u00e9grait pas leur nez.<\/p>\n<p>Nous ne fournissons que des produits de haute qualit\u00e9 \u00e0 des fins de recherche. Dans notre magasin en ligne, vous trouverez le MCPEP le plus pur et le plus caract\u00e9ristique. Nous interagissons avec nos clients et nous nous effor\u00e7ons de leur fournir des services de qualit\u00e9.<\/p>\n<p><a href=\"https:\/\/www.google.com\/search?q=Buy+MCPEP+Online&amp;sca_esv=16def464f60f9903&amp;sxsrf=AHTn8zrl9GcjlIKOa8J63qa_B-tqGoFA5w%3A1742992516792&amp;ei=hPTjZ76JMK2Nm9cPiIPx0Ac&amp;ved=0ahUKEwi-27yO4aeMAxWtxuYEHYhBHHoQ4dUDCBA&amp;uact=5&amp;oq=Buy+MCPEP+Online&amp;gs_lp=Egxnd3Mtd2l6LXNlcnAiEEJ1eSBNQ1BFUCBPbmxpbmVI8gdQ9wNY9wNwAXgAkAEAmAEAoAEAqgEAuAEDyAEA-AEC-AEBmAIAoAIAmAMAiAYBkgcAoAcAsgcAuAcA&amp;sclient=gws-wiz-serp\">Acheter MCPEP en ligne<\/a> est artificiellement identifi\u00e9 \u00e0 la pyroval\u00e9rone et est la c\u00e9tone simple du prolintane. Il est r\u00e9guli\u00e8rement utilis\u00e9 comme drogue r\u00e9cr\u00e9ative.<\/p>\n<h3>Commander la poudre MCPEP<\/h3>\n<p>Cette pyroval\u00e9rone est un inhibiteur des transmetteurs de certaines synapses monoaminergiques, y compris la dopamine et la nor\u00e9pin\u00e9phrine, en emp\u00eachant leur absorption.1,2 L'\u03b1-Pyrrolidinopentioph\u00e9none (chlorhydrate) est une pyroval\u00e9rone simple \u00e0 laquelle il ne manque que le faisceau de m\u00e9thyle pr\u00e9sent sur la partie ph\u00e9nyle de la pyroval\u00e9rone. Comme la pyroval\u00e9rone, ce compos\u00e9 est \u00e9galement consid\u00e9r\u00e9 comme un \u00e9nergisant psychoactif. Ce produit est utilis\u00e9 dans des applications l\u00e9gales.<\/p>\n<h3>POURQUOI NarcoPowders est le meilleur endroit pour acheter MCPEP en ligne ?<\/h3>\n<p>NarcoPowders est un revendeur officiel, et nous n\u00e9gocions des remises et des \u00e9changes au d\u00e9tail de poudres l\u00e9gitimes telles que Mcpep. Notre organisation ne garantit pas seulement le plus haut niveau de MCPEP, mais aussi un emballage unique et un transport s\u00fbr \u00e0 travers le monde MCPEP Buy Online.<\/p>\n<p>&nbsp;<\/p>","protected":false},"excerpt":{"rendered":"<p>Buy MCPEP ONLINE MCPEP Buy Online, MCPEP does not carry NarcoPowders which is the only place to get a variety of plastics under one roof. MCPEP via the Internet. Flakka, also called Rock, is a cathinone-class stimulant drug developed in the 1960s. MCPEP is a synthetic energizer of the pyrovalerone and cathinone classes that can [&hellip;]<\/p>","protected":false},"featured_media":21258,"comment_status":"open","ping_status":"closed","template":"","meta":{"_joinchat":[]},"product_brand":[],"product_cat":[1539,1724],"product_tag":[],"class_list":{"0":"post-20560","1":"product","2":"type-product","3":"status-publish","4":"has-post-thumbnail","6":"product_cat-cathinone","7":"product_cat-research-chemicals","9":"first","10":"instock","11":"shipping-taxable","12":"purchasable","13":"product-type-variable","14":"add-to-wishlist-after_add_to_cart"},"yoast_head":"<!-- This site is optimized with the Yoast SEO plugin v25.9 - https:\/\/yoast.com\/wordpress\/plugins\/seo\/ -->\n<title>Buy MCPEP Online - MCPEP Powder for Sale - NarcoPowders<\/title>\n<meta name=\"description\" content=\"Are you looking to buy MCPEP online without prescription? NarcoPowders is the best place to buy MCPEP online legally, MCPEP powder for sale. Order Now!\" \/>\n<meta name=\"robots\" content=\"index, follow, max-snippet:-1, max-image-preview:large, max-video-preview:-1\" \/>\n<link rel=\"canonical\" href=\"https:\/\/narcopowders.com\/fr\/produit\/acheter-mcpep-en-ligne\/\" \/>\n<meta property=\"og:locale\" content=\"fr_FR\" \/>\n<meta property=\"og:type\" content=\"article\" \/>\n<meta property=\"og:title\" content=\"Buy MCPEP Online - MCPEP Powder for Sale - NarcoPowders\" \/>\n<meta property=\"og:description\" content=\"Are you looking to buy MCPEP online without prescription? NarcoPowders is the best place to buy MCPEP online legally, MCPEP powder for sale. Order Now!\" \/>\n<meta property=\"og:url\" content=\"https:\/\/narcopowders.com\/fr\/produit\/acheter-mcpep-en-ligne\/\" \/>\n<meta property=\"og:site_name\" content=\"Narco Powders\" \/>\n<meta property=\"article:modified_time\" content=\"2025-05-06T07:06:10+00:00\" \/>\n<meta property=\"og:image\" content=\"https:\/\/narcopowders.com\/wp-content\/uploads\/2024\/05\/Mcpep.gif\" \/>\n\t<meta property=\"og:image:width\" content=\"600\" \/>\n\t<meta property=\"og:image:height\" content=\"600\" \/>\n\t<meta property=\"og:image:type\" content=\"image\/gif\" \/>\n<meta name=\"twitter:card\" content=\"summary_large_image\" \/>\n<meta name=\"twitter:label1\" content=\"Dur\u00e9e de lecture estim\u00e9e\" \/>\n\t<meta name=\"twitter:data1\" content=\"3 minutes\" \/>\n<!-- \/ Yoast SEO plugin. -->","yoast_head_json":{"title":"Acheter MCPEP en ligne - MCPEP Powder for Sale - NarcoPowders","description":"Vous cherchez \u00e0 acheter MCPEP en ligne sans ordonnance ? NarcoPowders est le meilleur endroit pour acheter MCPEP en ligne l\u00e9galement, MCPEP powder for sale. Commandez maintenant !","robots":{"index":"index","follow":"follow","max-snippet":"max-snippet:-1","max-image-preview":"max-image-preview:large","max-video-preview":"max-video-preview:-1"},"canonical":"https:\/\/narcopowders.com\/fr\/produit\/acheter-mcpep-en-ligne\/","og_locale":"fr_FR","og_type":"article","og_title":"Buy MCPEP Online - MCPEP Powder for Sale - NarcoPowders","og_description":"Are you looking to buy MCPEP online without prescription? NarcoPowders is the best place to buy MCPEP online legally, MCPEP powder for sale. Order Now!","og_url":"https:\/\/narcopowders.com\/fr\/produit\/acheter-mcpep-en-ligne\/","og_site_name":"Narco Powders","article_modified_time":"2025-05-06T07:06:10+00:00","og_image":[{"width":600,"height":600,"url":"https:\/\/narcopowders.com\/wp-content\/uploads\/2024\/05\/Mcpep.gif","type":"image\/gif"}],"twitter_card":"summary_large_image","twitter_misc":{"Dur\u00e9e de lecture estim\u00e9e":"3 minutes"},"schema":{"@context":"https:\/\/schema.org","@graph":[{"@type":"WebPage","@id":"https:\/\/narcopowders.com\/product\/buy-mcpep-online\/","url":"https:\/\/narcopowders.com\/product\/buy-mcpep-online\/","name":"Acheter MCPEP en ligne - MCPEP Powder for Sale - NarcoPowders","isPartOf":{"@id":"https:\/\/narcopowders.com\/#website"},"primaryImageOfPage":{"@id":"https:\/\/narcopowders.com\/product\/buy-mcpep-online\/#primaryimage"},"image":{"@id":"https:\/\/narcopowders.com\/product\/buy-mcpep-online\/#primaryimage"},"thumbnailUrl":"https:\/\/narcopowders.com\/wp-content\/uploads\/2024\/05\/Mcpep.gif","datePublished":"2024-05-23T06:14:29+00:00","dateModified":"2025-05-06T07:06:10+00:00","description":"Vous cherchez \u00e0 acheter MCPEP en ligne sans ordonnance ? NarcoPowders est le meilleur endroit pour acheter MCPEP en ligne l\u00e9galement, MCPEP powder for sale. Commandez maintenant !","breadcrumb":{"@id":"https:\/\/narcopowders.com\/product\/buy-mcpep-online\/#breadcrumb"},"inLanguage":"fr-FR","potentialAction":[{"@type":"ReadAction","target":["https:\/\/narcopowders.com\/product\/buy-mcpep-online\/"]}]},{"@type":"ImageObject","inLanguage":"fr-FR","@id":"https:\/\/narcopowders.com\/product\/buy-mcpep-online\/#primaryimage","url":"https:\/\/narcopowders.com\/wp-content\/uploads\/2024\/05\/Mcpep.gif","contentUrl":"https:\/\/narcopowders.com\/wp-content\/uploads\/2024\/05\/Mcpep.gif","width":600,"height":600,"caption":"Buy MCPEP Online"},{"@type":"BreadcrumbList","@id":"https:\/\/narcopowders.com\/product\/buy-mcpep-online\/#breadcrumb","itemListElement":[{"@type":"ListItem","position":1,"name":"Home","item":"https:\/\/narcopowders.com\/"},{"@type":"ListItem","position":2,"name":"Shop Page","item":"https:\/\/narcopowders.com\/shop\/"},{"@type":"ListItem","position":3,"name":"Buy MCPEP Online"}]},{"@type":"WebSite","@id":"https:\/\/narcopowders.com\/#website","url":"https:\/\/narcopowders.com\/","name":"Poudres Narco","description":"Mon blog WordPress","potentialAction":[{"@type":"SearchAction","target":{"@type":"EntryPoint","urlTemplate":"https:\/\/narcopowders.com\/?s={search_term_string}"},"query-input":{"@type":"PropertyValueSpecification","valueRequired":true,"valueName":"search_term_string"}}],"inLanguage":"fr-FR"}]}},"_links":{"self":[{"href":"https:\/\/narcopowders.com\/fr\/wp-json\/wp\/v2\/product\/20560","targetHints":{"allow":["GET"]}}],"collection":[{"href":"https:\/\/narcopowders.com\/fr\/wp-json\/wp\/v2\/product"}],"about":[{"href":"https:\/\/narcopowders.com\/fr\/wp-json\/wp\/v2\/types\/product"}],"replies":[{"embeddable":true,"href":"https:\/\/narcopowders.com\/fr\/wp-json\/wp\/v2\/comments?post=20560"}],"wp:featuredmedia":[{"embeddable":true,"href":"https:\/\/narcopowders.com\/fr\/wp-json\/wp\/v2\/media\/21258"}],"wp:attachment":[{"href":"https:\/\/narcopowders.com\/fr\/wp-json\/wp\/v2\/media?parent=20560"}],"wp:term":[{"taxonomy":"product_brand","embeddable":true,"href":"https:\/\/narcopowders.com\/fr\/wp-json\/wp\/v2\/product_brand?post=20560"},{"taxonomy":"product_cat","embeddable":true,"href":"https:\/\/narcopowders.com\/fr\/wp-json\/wp\/v2\/product_cat?post=20560"},{"taxonomy":"product_tag","embeddable":true,"href":"https:\/\/narcopowders.com\/fr\/wp-json\/wp\/v2\/product_tag?post=20560"}],"curies":[{"name":"wp","href":"https:\/\/api.w.org\/{rel}","templated":true}]}}