{"id":20562,"date":"2024-05-23T06:14:29","date_gmt":"2024-05-23T06:14:29","guid":{"rendered":"https:\/\/narcopowders.com\/?post_type=product&#038;p=20562"},"modified":"2025-05-06T07:05:50","modified_gmt":"2025-05-06T07:05:50","slug":"buy-isotonitazene-online","status":"publish","type":"product","link":"https:\/\/narcopowders.com\/fr\/produit\/buy-isotonitazene-online\/","title":{"rendered":"Acheter Isotonitazene en ligne"},"content":{"rendered":"<h2>Acheter Isopropylphenidate en poudre<\/h2>\n<p><a href=\"https:\/\/narcopowders.com\/fr\/produit\/buy-isotonitazene-online\/\">Acheter de l'isopropylph\u00e9nidate, Isopropylph\u00e9nidate<\/a> (\u00e9galement connu sous les noms d'IPH et d'IPPD) est un stimulant de la classe des pip\u00e9ridines. L'isopropylph\u00e9nidate produit un effet motivant et stimulant qui favorise \u00e9galement la concentration. C'est un analogue structurel du m\u00e9dicament couramment prescrit. <a href=\"https:\/\/www.bing.com\/search?q=Buy%20Isotonitazene%20Online&amp;qs=n&amp;form=QBRE&amp;sp=-1&amp;lq=0&amp;pq=buy%20isotonitazene%20online&amp;sc=0-24&amp;sk=&amp;cvid=C13213C671EB4FA6BE3F236B93414129&amp;ghsh=0&amp;ghacc=0&amp;ghpl=\">ADHD<\/a> Le m\u00e9dicament m\u00e9thylph\u00e9nidate est cens\u00e9 produire des effets cognitifs et physiques presque identiques, mais avec une composante \u00ab high \u00bb moins euphorique et une dur\u00e9e d\u2019action plus longue.<\/p>\n<h3>Qu'est-ce que l'isopropylph\u00e9nidate (IPH) ?<\/h3>\n<p><a href=\"https:\/\/narcopowders.com\/fr\/produit\/buy-isotonitazene-online\/\">IPH<\/a> est un produit chimique de recherche qui appartient \u00e0 la classe des pip\u00e9rines. Il s'agit d'un stimulant synth\u00e9tique. IPH est tr\u00e8s similaire au produit chimique m\u00e9thylph\u00e9nidate et produit des r\u00e9sultats de recherche presque identiques. Utilisez toujours les proc\u00e9dures de s\u00e9curit\u00e9 appropri\u00e9es en laboratoire, car des doses plus \u00e9lev\u00e9es peuvent \u00eatre beaucoup plus efficaces.<\/p>\n<p><strong>Isopropylph\u00e9nidate - L\u00e9galit\u00e9<\/strong><\/p>\n<p><a href=\"https:\/\/www.google.com\/search?q=Buy+Isotonitazene+Online&amp;num=10&amp;sca_esv=1a2a07081c7891bb&amp;rlz=1C1RXQR_enIN1098IN1098&amp;sxsrf=AHTn8zqQPHas8JyshcunHpWRxD6b4X8gUg%3A1741762913457&amp;ei=YTHRZ9DDG8mS4-EP--yscA&amp;ved=0ahUKEwiQ-PS9_IOMAxVJyTgGHXs2Cw4Q4dUDCBA&amp;uact=5&amp;oq=Buy+Isotonitazene+Online&amp;gs_lp=Egxnd3Mtd2l6LXNlcnAiGEJ1eSBJc290b25pdGF6ZW5lIE9ubGluZUjuBlCyA1iyA3ADeACQAQCYAdABoAHQAaoBAzItMbgBA8gBAPgBAvgBAZgCAKACAJgDAIgGAZIHAKAHTA&amp;sclient=gws-wiz-serp\">IPH<\/a> est ill\u00e9gal aux Pays-Bas, en Allemagne et au Royaume-Uni. Cependant, il n'est pas approuv\u00e9 dans de nombreux autres pays et est donc l\u00e9gal dans de nombreux endroits. Cependant, dans les pays ayant des lois analogues strictes, comme les \u00c9tats-Unis, il pourrait \u00eatre ill\u00e9gal d'acheter de l'isopropylph\u00e9nidate.<\/p>\n<p><strong>Effets de l'isopropylph\u00e9nidate<\/strong><\/p>\n<p><a href=\"https:\/\/duckduckgo.com\/?q=Buy+Isotonitazene+Online&amp;t=h_&amp;ia=web\">Isopropylphenidate<\/a>, \u00e9galement connu sous le nom de IPH ou IPPD, est un m\u00e9dicament stimulant de la classe des pip\u00e9ridines. Il a un effet \u00e9nergisant et motivant et peut \u00e9galement am\u00e9liorer la concentration. Sa structure est similaire \u00e0 celle du m\u00e9thylph\u00e9nidate, un m\u00e9dicament contre le TDAH, et on pense qu'il a des effets cognitifs et physiques similaires. Sa dur\u00e9e d'action est plus courte et sa composante euphorisante moins importante.<\/p>\n<p>L'isopropylph\u00e9nidate n'a \u00e9t\u00e9 utilis\u00e9 que r\u00e9cemment comme drogue r\u00e9cr\u00e9ative chez l'homme et n'a pas encore \u00e9t\u00e9 vendu dans la rue.<\/p>\n<h3>O\u00f9 puis-je acheter IPH ?<\/h3>\n<p>At <a href=\"https:\/\/en.wikipedia.org\/wiki\/Isotonitazene\">Narcopowders<\/a>, you can purchase research chemicals containing <a href=\"https:\/\/narcopowders.com\/fr\/\">isopropylph\u00e9nidate<\/a> sur notre site web. Tous nos produits chimiques de recherche sont test\u00e9s et analys\u00e9s avant leur mise en vente. C'est la seule fa\u00e7on de garantir la haute qualit\u00e9 de nos produits. <a href=\"https:\/\/www.bing.com\/search?q=Buy%20Isotonitazene%20Online&amp;qs=n&amp;form=QBRE&amp;sp=-1&amp;lq=0&amp;pq=buy%20isotonitazene%20online&amp;sc=0-24&amp;sk=&amp;cvid=C13213C671EB4FA6BE3F236B93414129&amp;ghsh=0&amp;ghacc=0&amp;ghpl=\">isopropylph\u00e9nidate<\/a> Produits. Nous serons heureux de r\u00e9pondre \u00e0 vos questions ou de vous fournir des informations compl\u00e9mentaires.<\/p>\n<p>Ce produit est destin\u00e9 uniquement \u00e0 des fins \u00e9ducatives. Achemic ne vend pas d'IPH, sauf \u00e0 des fins scientifiques et \u00e9ducatives. Ce produit n'est pas destin\u00e9 \u00e0 la consommation humaine ou \u00e0 un usage v\u00e9t\u00e9rinaire. Nous livrons dans le monde entier, y compris aux \u00c9tats-Unis.<\/p>","protected":false},"excerpt":{"rendered":"<p>Buy Isopropylphenidate Powder Isopropylphenidate Buy, Isopropylphenidate (also known as IPH and IPPD) is a stimulant drug of the piperidine class. Isopropylphenidate produces a motivating, stimulating effect that also promotes concentration. It is a structural analogue of the commonly prescribed ADHD medication methylphenidate and is said to produce nearly identical cognitive and physical effects, but with [&hellip;]<\/p>","protected":false},"featured_media":21300,"comment_status":"open","ping_status":"closed","template":"","meta":{"_joinchat":[]},"product_brand":[],"product_cat":[1724],"product_tag":[],"class_list":{"0":"post-20562","1":"product","2":"type-product","3":"status-publish","4":"has-post-thumbnail","6":"product_cat-research-chemicals","8":"first","9":"instock","10":"shipping-taxable","11":"purchasable","12":"product-type-variable","13":"add-to-wishlist-after_add_to_cart"},"yoast_head":"<!-- This site is optimized with the Yoast SEO plugin v25.9 - https:\/\/yoast.com\/wordpress\/plugins\/seo\/ -->\n<title>Buy Isotonitazene Online - Isotonitazene for Sale Online Shop<\/title>\n<meta name=\"description\" content=\"You can buy Isotonitazene online from #1 chemical powder store NarcoPowders. We have high-quality Isotonitazene powder for sale online, Order Now!\" \/>\n<meta name=\"robots\" content=\"index, follow, max-snippet:-1, max-image-preview:large, max-video-preview:-1\" \/>\n<link rel=\"canonical\" href=\"https:\/\/narcopowders.com\/fr\/produit\/buy-isotonitazene-online\/\" \/>\n<meta property=\"og:locale\" content=\"fr_FR\" \/>\n<meta property=\"og:type\" content=\"article\" \/>\n<meta property=\"og:title\" content=\"Buy Isotonitazene Online - Isotonitazene for Sale Online Shop\" \/>\n<meta property=\"og:description\" content=\"You can buy Isotonitazene online from #1 chemical powder store NarcoPowders. We have high-quality Isotonitazene powder for sale online, Order Now!\" \/>\n<meta property=\"og:url\" content=\"https:\/\/narcopowders.com\/fr\/produit\/buy-isotonitazene-online\/\" \/>\n<meta property=\"og:site_name\" content=\"Narco Powders\" \/>\n<meta property=\"article:modified_time\" content=\"2025-05-06T07:05:50+00:00\" \/>\n<meta property=\"og:image\" content=\"https:\/\/narcopowders.com\/wp-content\/uploads\/2024\/05\/Isotonitazene.gif\" \/>\n\t<meta property=\"og:image:width\" content=\"600\" \/>\n\t<meta property=\"og:image:height\" content=\"600\" \/>\n\t<meta property=\"og:image:type\" content=\"image\/gif\" \/>\n<meta name=\"twitter:card\" content=\"summary_large_image\" \/>\n<meta name=\"twitter:label1\" content=\"Dur\u00e9e de lecture estim\u00e9e\" \/>\n\t<meta name=\"twitter:data1\" content=\"2 minutes\" \/>\n<!-- \/ Yoast SEO plugin. -->","yoast_head_json":{"title":"Buy Isotonitazene Online - Isotonitazene for Sale Online Shop","description":"Vous pouvez acheter Isotonitazene en ligne sur #1 chemical powder store NarcoPowders. Nous avons des poudres d'Isotonitazene de haute qualit\u00e9 \u00e0 vendre en ligne, Commandez maintenant !","robots":{"index":"index","follow":"follow","max-snippet":"max-snippet:-1","max-image-preview":"max-image-preview:large","max-video-preview":"max-video-preview:-1"},"canonical":"https:\/\/narcopowders.com\/fr\/produit\/buy-isotonitazene-online\/","og_locale":"fr_FR","og_type":"article","og_title":"Buy Isotonitazene Online - Isotonitazene for Sale Online Shop","og_description":"You can buy Isotonitazene online from #1 chemical powder store NarcoPowders. We have high-quality Isotonitazene powder for sale online, Order Now!","og_url":"https:\/\/narcopowders.com\/fr\/produit\/buy-isotonitazene-online\/","og_site_name":"Narco Powders","article_modified_time":"2025-05-06T07:05:50+00:00","og_image":[{"width":600,"height":600,"url":"https:\/\/narcopowders.com\/wp-content\/uploads\/2024\/05\/Isotonitazene.gif","type":"image\/gif"}],"twitter_card":"summary_large_image","twitter_misc":{"Dur\u00e9e de lecture estim\u00e9e":"2 minutes"},"schema":{"@context":"https:\/\/schema.org","@graph":[{"@type":"WebPage","@id":"https:\/\/narcopowders.com\/product\/buy-isotonitazene-online\/","url":"https:\/\/narcopowders.com\/product\/buy-isotonitazene-online\/","name":"Buy Isotonitazene Online - Isotonitazene for Sale Online Shop","isPartOf":{"@id":"https:\/\/narcopowders.com\/#website"},"primaryImageOfPage":{"@id":"https:\/\/narcopowders.com\/product\/buy-isotonitazene-online\/#primaryimage"},"image":{"@id":"https:\/\/narcopowders.com\/product\/buy-isotonitazene-online\/#primaryimage"},"thumbnailUrl":"https:\/\/narcopowders.com\/wp-content\/uploads\/2024\/05\/Isotonitazene.gif","datePublished":"2024-05-23T06:14:29+00:00","dateModified":"2025-05-06T07:05:50+00:00","description":"Vous pouvez acheter Isotonitazene en ligne sur #1 chemical powder store NarcoPowders. Nous avons des poudres d'Isotonitazene de haute qualit\u00e9 \u00e0 vendre en ligne, Commandez maintenant !","breadcrumb":{"@id":"https:\/\/narcopowders.com\/product\/buy-isotonitazene-online\/#breadcrumb"},"inLanguage":"fr-FR","potentialAction":[{"@type":"ReadAction","target":["https:\/\/narcopowders.com\/product\/buy-isotonitazene-online\/"]}]},{"@type":"ImageObject","inLanguage":"fr-FR","@id":"https:\/\/narcopowders.com\/product\/buy-isotonitazene-online\/#primaryimage","url":"https:\/\/narcopowders.com\/wp-content\/uploads\/2024\/05\/Isotonitazene.gif","contentUrl":"https:\/\/narcopowders.com\/wp-content\/uploads\/2024\/05\/Isotonitazene.gif","width":600,"height":600,"caption":"Buy Isotonitazene Online"},{"@type":"BreadcrumbList","@id":"https:\/\/narcopowders.com\/product\/buy-isotonitazene-online\/#breadcrumb","itemListElement":[{"@type":"ListItem","position":1,"name":"Home","item":"https:\/\/narcopowders.com\/"},{"@type":"ListItem","position":2,"name":"Shop Page","item":"https:\/\/narcopowders.com\/shop\/"},{"@type":"ListItem","position":3,"name":"Buy Isotonitazene Online"}]},{"@type":"WebSite","@id":"https:\/\/narcopowders.com\/#website","url":"https:\/\/narcopowders.com\/","name":"Poudres Narco","description":"Mon blog WordPress","potentialAction":[{"@type":"SearchAction","target":{"@type":"EntryPoint","urlTemplate":"https:\/\/narcopowders.com\/?s={search_term_string}"},"query-input":{"@type":"PropertyValueSpecification","valueRequired":true,"valueName":"search_term_string"}}],"inLanguage":"fr-FR"}]}},"_links":{"self":[{"href":"https:\/\/narcopowders.com\/fr\/wp-json\/wp\/v2\/product\/20562","targetHints":{"allow":["GET"]}}],"collection":[{"href":"https:\/\/narcopowders.com\/fr\/wp-json\/wp\/v2\/product"}],"about":[{"href":"https:\/\/narcopowders.com\/fr\/wp-json\/wp\/v2\/types\/product"}],"replies":[{"embeddable":true,"href":"https:\/\/narcopowders.com\/fr\/wp-json\/wp\/v2\/comments?post=20562"}],"wp:featuredmedia":[{"embeddable":true,"href":"https:\/\/narcopowders.com\/fr\/wp-json\/wp\/v2\/media\/21300"}],"wp:attachment":[{"href":"https:\/\/narcopowders.com\/fr\/wp-json\/wp\/v2\/media?parent=20562"}],"wp:term":[{"taxonomy":"product_brand","embeddable":true,"href":"https:\/\/narcopowders.com\/fr\/wp-json\/wp\/v2\/product_brand?post=20562"},{"taxonomy":"product_cat","embeddable":true,"href":"https:\/\/narcopowders.com\/fr\/wp-json\/wp\/v2\/product_cat?post=20562"},{"taxonomy":"product_tag","embeddable":true,"href":"https:\/\/narcopowders.com\/fr\/wp-json\/wp\/v2\/product_tag?post=20562"}],"curies":[{"name":"wp","href":"https:\/\/api.w.org\/{rel}","templated":true}]}}