{"id":20593,"date":"2024-05-23T06:14:38","date_gmt":"2024-05-23T06:14:38","guid":{"rendered":"https:\/\/narcopowders.com\/?post_type=product&#038;p=20593"},"modified":"2024-05-24T06:16:20","modified_gmt":"2024-05-24T06:16:20","slug":"buy-3b-rpvp-online","status":"publish","type":"product","link":"https:\/\/narcopowders.com\/fr\/produit\/buy-3b-rpvp-online\/","title":{"rendered":"Acheter 3B-RPVP en ligne"},"content":{"rendered":"<p>Achetez 3B-RPVP, Greetings chez NarcoPowders, la source la plus fiable de 3BR-PvP et d'autres cannabino\u00efdes synth\u00e9tiques. Que vous viviez en Europe, aux Etats-Unis, au Canada, en Australie ou en Nouvelle-Z\u00e9lande, nous vous offrons la possibilit\u00e9 d'acheter facilement du 3BR-PvP en ligne. Nous nous distinguons des autres vendeurs par notre engagement envers la qualit\u00e9 et la satisfaction de nos clients, ce qui fait de nous votre premier choix pour tous vos besoins en 3BR-PvP. <a href=\"https:\/\/narcopowders.com\/fr\/produit\/acheter-2fdck-en-ligne\/\">.<\/a><\/p>\n<p>Chez NarcoPowders, nous comprenons combien il est important de fournir \u00e0 nos clients une boutique en ligne fiable et s\u00e9curis\u00e9e pour acheter 3BR PvP. C'est pourquoi nous disposons d'une technologie de cryptage moderne pour assurer la s\u00e9curit\u00e9 de vos informations de paiement et de vos donn\u00e9es personnelles \u00e0 tout moment. Gr\u00e2ce \u00e0 la facilit\u00e9 d'utilisation et de navigation de notre site, vous pouvez facilement parcourir notre large s\u00e9lection d'articles 3BR PvP.<\/p>\n<p>Vous pouvez acheter du 3br-pvp chez NarcoPowders avec la certitude d'obtenir le meilleur produit possible. Nous travaillons en \u00e9troite collaboration avec des producteurs renomm\u00e9s qui suivent des directives strictes en mati\u00e8re d'assurance qualit\u00e9. Des tests approfondis sont effectu\u00e9s sur chaque lot de 3br-PvP afin de garantir sa puissance et sa puret\u00e9. Parce que nous appr\u00e9cions la transparence, nous fournissons des informations compl\u00e8tes sur le produit, y compris les r\u00e9sultats de laboratoire, afin de vous aider \u00e0 prendre une d\u00e9cision avis\u00e9e avant d'acheter.<a href=\"https:\/\/en.wikipedia.org\/wiki\/Synthetic_cannabinoids#Synthetic_cannabinoid_products\">.<\/a><\/p>\n<p>En plus de fournir du 3BR PvP de premi\u00e8re qualit\u00e9, nous offrons \u00e9galement un support client de premier ordre. Nous sommes l\u00e0 pour r\u00e9pondre \u00e0 toutes les questions que vous pourriez avoir sur nos produits ou sur le processus d'achat. Notre \u00e9quipe est polie et instruite. Notre objectif est de fournir un service rapide et efficace et de s'assurer que votre transaction est compl\u00e9t\u00e9e et exp\u00e9di\u00e9e dans les meilleurs d\u00e9lais.<\/p>\n<p>La confiance joue un r\u00f4le crucial lors de l'achat de 3BR PvP en ligne. Vous pouvez travailler avec NarcoPowders en toute confiance car c'est un fournisseur r\u00e9put\u00e9 avec des ann\u00e9es d'exp\u00e9rience dans ce domaine. Nous avons acquis une solide r\u00e9putation gr\u00e2ce \u00e0 notre engagement en faveur de l'excellence, de la fiabilit\u00e9 et de la satisfaction des clients.<\/p>\n<p>Alors pourquoi attendre ? Profitez de notre processus d'achat en ligne facile et achetez du 3BR-PVP aupr\u00e8s du fournisseur le plus fiable de l'industrie. D\u00e9couvrez la diff\u00e9rence NarcoPowders aujourd'hui et apprenez pourquoi nous sommes le premier choix des clients partout dans le monde Acheter 3B-RPVP.<\/p>\n<h3>Qu'est-ce que le cristal 3BR-PVP ?<\/h3>\n<p>Tout d'abord, l'achat de 3BRPVP crystal en ligne sur Nembutal est s\u00fbr. Le 3BRPVP est class\u00e9 parmi les cathinones substitu\u00e9es. Les cathinones substitu\u00e9es sont tr\u00e8s nombreuses et diverses. Elles se caract\u00e9risent par un squelette de ph\u00e9n\u00e9thylamine avec une c\u00e9tone en position b\u00eata et un substituant alkyle en position alpha sur le carbone adjacent \u00e0 l'azote. Commander 3BR-PVP Crystal dans la boutique en ligne.<\/p>","protected":false},"excerpt":{"rendered":"<p>Buy 3B-RPVP, Greetings from NarcoPowders, the industry&#8217;s most trusted source for 3br-PvP and other synthetic cannabinoids. Whether you live in Europe, the US, Canada, Australia or New Zealand, we offer you easy ways to buy 3BR-PvP online. We set ourselves apart from other vendors with our commitment to quality and customer satisfaction, making us your [&hellip;]<\/p>","protected":false},"featured_media":21298,"comment_status":"open","ping_status":"closed","template":"","meta":{"_joinchat":[]},"product_brand":[],"product_cat":[1538],"product_tag":[],"class_list":{"0":"post-20593","1":"product","2":"type-product","3":"status-publish","4":"has-post-thumbnail","6":"product_cat-cannabinoids","8":"first","9":"instock","10":"shipping-taxable","11":"purchasable","12":"product-type-variable","13":"add-to-wishlist-after_add_to_cart"},"yoast_head":"<!-- This site is optimized with the Yoast SEO plugin v25.9 - https:\/\/yoast.com\/wordpress\/plugins\/seo\/ -->\n<title>Buy 3B-RPVP - Narco Powders<\/title>\n<meta name=\"description\" content=\"Buy 3B-RPVP, 3BR-PVP Crystals online in Europe.3BRPVP for sale | Top Quality 3BRPVP 99.5% High purity Buy 3BR-PVP (3BRPVP) Crystal online | Order 3BR-PVP.\" \/>\n<meta name=\"robots\" content=\"index, follow, max-snippet:-1, max-image-preview:large, max-video-preview:-1\" \/>\n<link rel=\"canonical\" href=\"https:\/\/narcopowders.com\/fr\/produit\/buy-3b-rpvp-online\/\" \/>\n<meta property=\"og:locale\" content=\"fr_FR\" \/>\n<meta property=\"og:type\" content=\"article\" \/>\n<meta property=\"og:title\" content=\"Buy 3B-RPVP - Narco Powders\" \/>\n<meta property=\"og:description\" content=\"Buy 3B-RPVP, 3BR-PVP Crystals online in Europe.3BRPVP for sale | Top Quality 3BRPVP 99.5% High purity Buy 3BR-PVP (3BRPVP) Crystal online | Order 3BR-PVP.\" \/>\n<meta property=\"og:url\" content=\"https:\/\/narcopowders.com\/fr\/produit\/buy-3b-rpvp-online\/\" \/>\n<meta property=\"og:site_name\" content=\"Narco Powders\" \/>\n<meta property=\"article:modified_time\" content=\"2024-05-24T06:16:20+00:00\" \/>\n<meta property=\"og:image\" content=\"https:\/\/narcopowders.com\/wp-content\/uploads\/2024\/05\/3Brpvp.gif\" \/>\n\t<meta property=\"og:image:width\" content=\"600\" \/>\n\t<meta property=\"og:image:height\" content=\"600\" \/>\n\t<meta property=\"og:image:type\" content=\"image\/gif\" \/>\n<meta name=\"twitter:card\" content=\"summary_large_image\" \/>\n<meta name=\"twitter:label1\" content=\"Dur\u00e9e de lecture estim\u00e9e\" \/>\n\t<meta name=\"twitter:data1\" content=\"2 minutes\" \/>\n<!-- \/ Yoast SEO plugin. -->","yoast_head_json":{"title":"Acheter 3B-RPVP - Narco Powders","description":"Acheter des cristaux de 3B-RPVP, 3BR-PVP en ligne en Europe.3BRPVP en vente | Top Quality 3BRPVP 99.5% High purity Acheter des cristaux de 3BR-PVP (3BRPVP) en ligne | Commander du 3BR-PVP.","robots":{"index":"index","follow":"follow","max-snippet":"max-snippet:-1","max-image-preview":"max-image-preview:large","max-video-preview":"max-video-preview:-1"},"canonical":"https:\/\/narcopowders.com\/fr\/produit\/buy-3b-rpvp-online\/","og_locale":"fr_FR","og_type":"article","og_title":"Buy 3B-RPVP - Narco Powders","og_description":"Buy 3B-RPVP, 3BR-PVP Crystals online in Europe.3BRPVP for sale | Top Quality 3BRPVP 99.5% High purity Buy 3BR-PVP (3BRPVP) Crystal online | Order 3BR-PVP.","og_url":"https:\/\/narcopowders.com\/fr\/produit\/buy-3b-rpvp-online\/","og_site_name":"Narco Powders","article_modified_time":"2024-05-24T06:16:20+00:00","og_image":[{"width":600,"height":600,"url":"https:\/\/narcopowders.com\/wp-content\/uploads\/2024\/05\/3Brpvp.gif","type":"image\/gif"}],"twitter_card":"summary_large_image","twitter_misc":{"Dur\u00e9e de lecture estim\u00e9e":"2 minutes"},"schema":{"@context":"https:\/\/schema.org","@graph":[{"@type":"WebPage","@id":"https:\/\/narcopowders.com\/product\/buy-3b-rpvp-online\/","url":"https:\/\/narcopowders.com\/product\/buy-3b-rpvp-online\/","name":"Acheter 3B-RPVP - Narco Powders","isPartOf":{"@id":"https:\/\/narcopowders.com\/#website"},"primaryImageOfPage":{"@id":"https:\/\/narcopowders.com\/product\/buy-3b-rpvp-online\/#primaryimage"},"image":{"@id":"https:\/\/narcopowders.com\/product\/buy-3b-rpvp-online\/#primaryimage"},"thumbnailUrl":"https:\/\/narcopowders.com\/wp-content\/uploads\/2024\/05\/3Brpvp.gif","datePublished":"2024-05-23T06:14:38+00:00","dateModified":"2024-05-24T06:16:20+00:00","description":"Acheter des cristaux de 3B-RPVP, 3BR-PVP en ligne en Europe.3BRPVP en vente | Top Quality 3BRPVP 99.5% High purity Acheter des cristaux de 3BR-PVP (3BRPVP) en ligne | Commander du 3BR-PVP.","breadcrumb":{"@id":"https:\/\/narcopowders.com\/product\/buy-3b-rpvp-online\/#breadcrumb"},"inLanguage":"fr-FR","potentialAction":[{"@type":"ReadAction","target":["https:\/\/narcopowders.com\/product\/buy-3b-rpvp-online\/"]}]},{"@type":"ImageObject","inLanguage":"fr-FR","@id":"https:\/\/narcopowders.com\/product\/buy-3b-rpvp-online\/#primaryimage","url":"https:\/\/narcopowders.com\/wp-content\/uploads\/2024\/05\/3Brpvp.gif","contentUrl":"https:\/\/narcopowders.com\/wp-content\/uploads\/2024\/05\/3Brpvp.gif","width":600,"height":600,"caption":"3Brpvp"},{"@type":"BreadcrumbList","@id":"https:\/\/narcopowders.com\/product\/buy-3b-rpvp-online\/#breadcrumb","itemListElement":[{"@type":"ListItem","position":1,"name":"Home","item":"https:\/\/narcopowders.com\/"},{"@type":"ListItem","position":2,"name":"Shop Page","item":"https:\/\/narcopowders.com\/shop\/"},{"@type":"ListItem","position":3,"name":"Buy 3B-RPVP Online"}]},{"@type":"WebSite","@id":"https:\/\/narcopowders.com\/#website","url":"https:\/\/narcopowders.com\/","name":"Poudres Narco","description":"Mon blog WordPress","potentialAction":[{"@type":"SearchAction","target":{"@type":"EntryPoint","urlTemplate":"https:\/\/narcopowders.com\/?s={search_term_string}"},"query-input":{"@type":"PropertyValueSpecification","valueRequired":true,"valueName":"search_term_string"}}],"inLanguage":"fr-FR"}]}},"_links":{"self":[{"href":"https:\/\/narcopowders.com\/fr\/wp-json\/wp\/v2\/product\/20593","targetHints":{"allow":["GET"]}}],"collection":[{"href":"https:\/\/narcopowders.com\/fr\/wp-json\/wp\/v2\/product"}],"about":[{"href":"https:\/\/narcopowders.com\/fr\/wp-json\/wp\/v2\/types\/product"}],"replies":[{"embeddable":true,"href":"https:\/\/narcopowders.com\/fr\/wp-json\/wp\/v2\/comments?post=20593"}],"wp:featuredmedia":[{"embeddable":true,"href":"https:\/\/narcopowders.com\/fr\/wp-json\/wp\/v2\/media\/21298"}],"wp:attachment":[{"href":"https:\/\/narcopowders.com\/fr\/wp-json\/wp\/v2\/media?parent=20593"}],"wp:term":[{"taxonomy":"product_brand","embeddable":true,"href":"https:\/\/narcopowders.com\/fr\/wp-json\/wp\/v2\/product_brand?post=20593"},{"taxonomy":"product_cat","embeddable":true,"href":"https:\/\/narcopowders.com\/fr\/wp-json\/wp\/v2\/product_cat?post=20593"},{"taxonomy":"product_tag","embeddable":true,"href":"https:\/\/narcopowders.com\/fr\/wp-json\/wp\/v2\/product_tag?post=20593"}],"curies":[{"name":"wp","href":"https:\/\/api.w.org\/{rel}","templated":true}]}}