{"id":20595,"date":"2024-05-23T06:14:38","date_gmt":"2024-05-23T06:14:38","guid":{"rendered":"https:\/\/narcopowders.com\/?post_type=product&#038;p=20595"},"modified":"2025-03-26T12:09:41","modified_gmt":"2025-03-26T12:09:41","slug":"buy-ebk-online","status":"publish","type":"product","link":"https:\/\/narcopowders.com\/fr\/produit\/acheter-ebk-en-ligne\/","title":{"rendered":"Acheter EBK en ligne"},"content":{"rendered":"<h2>Acheter EBK en ligne,<\/h2>\n<p><a href=\"https:\/\/narcopowders.com\/fr\/produit\/acheter-ebk-en-ligne\/\">Obtenez EBK Crystal en ligne<\/a>. <a href=\"https:\/\/narcopowders.com\/fr\/\">NarcoPowders.com<\/a> est un d\u00e9taillant en ligne bien connu de produits chimiques de recherche o\u00f9 toute personne \u00e2g\u00e9e de plus de 18 ans peut obtenir de l'EBK, qui est consid\u00e9r\u00e9 comme le dernier produit chimique stimulant. Il peut \u00eatre achet\u00e9 en remplacement de la N-\u00e9thylpentylone et se pr\u00e9sente sous la forme de gros cristaux. Il est \u00e9galement connu sous les noms d'Ephylone et de bk-EBDP .<\/p>\n<h3>O\u00f9 le produit chimique EBK est-il utilis\u00e9 ?<\/h3>\n<p>Depuis <a href=\"https:\/\/www.bing.com\/search?q=Buy%20EBK%20Online&amp;qs=n&amp;form=QBRE&amp;sp=-1&amp;lq=0&amp;pq=buy%20ebk%20online&amp;sc=12-14&amp;sk=&amp;cvid=BBEE1990BAEF473A91C90965DD288E7A&amp;ghsh=0&amp;ghacc=0&amp;ghpl=\">EBC crystal<\/a> \u00c9tant donn\u00e9 que le vaccin est l\u00e9gal dans la plupart des r\u00e9gions du pays, il ne devrait pas \u00eatre difficile de le commander en ligne. La vente est r\u00e9serv\u00e9e \u00e0 la recherche uniquement et ne sera utilis\u00e9e \u00e0 aucune autre fin. Son application ne se limite pas aux diagnostics in vivo, aux repas, aux m\u00e9dicaments, aux dispositifs m\u00e9dicaux, aux cosm\u00e9tiques ou aux produits pharmaceutiques. Avant de remplir le formulaire en ligne, <a href=\"https:\/\/duckduckgo.com\/?q=Buy+EBK+Online&amp;t=h_&amp;ia=web\">EBK<\/a> formulaire de commande de produits chimiques, assurez-vous qu'il y a une ventilation ad\u00e9quate dans votre quartier.<\/p>\n<p>Nous sommes depuis longtemps une source fiable et r\u00e9put\u00e9e de produits chimiques pour la recherche. Les avis de clients r\u00e9els laiss\u00e9s sur nos sites Web par de nouveaux clients et des clients fid\u00e8les incitent les clients potentiels \u00e0 passer une commande aupr\u00e8s de nous.<\/p>\n<p>Le fournisseur leader et le plus fiable de produits chimiques EBK \u00e0 un prix raisonnable est <a href=\"https:\/\/www.google.com\/search?q=Buy+EBK+Online&amp;sca_esv=ae1c882eac2a8cbb&amp;sxsrf=AHTn8zpjQYfyM8PU2BR4giICyNEfDZXYRg%3A1742987778688&amp;ei=AuLjZ9vKKfihseMPjMHM8A4&amp;ved=0ahUKEwjb05W7z6eMAxX4UGwGHYwgE-4Q4dUDCA8&amp;uact=5&amp;oq=Buy+EBK+Online&amp;gs_lp=Egxnd3Mtd2l6LXNlcnAiDkJ1eSBFQksgT25saW5lMgcQABiABBgNMggQABgIGA0YHjIKEAAYCBgKGA0YHjILEAAYgAQYhgMYigUyCxAAGIAEGIYDGIoFMggQABiABBiiBDIIEAAYgAQYogQyCBAAGIAEGKIEMggQABiABBiiBEjhCFDsA1jsA3ACeACQAQCYAakBoAGpAaoBAzAuMbgBA8gBAPgBAvgBAZgCAaACsQGYAwCIBgGSBwMwLjGgB-YGsgcDMC4xuAexAQ&amp;sclient=gws-wiz-serp\">NarcoPoudres<\/a>Nous proposons des cristaux EBK haut de gamme \u00e0 la vente et fournissons des produits chimiques eBK dans tous les pays, notamment aux \u00c9tats-Unis, en Europe, en Australie et au Canada. Gr\u00e2ce \u00e0 la qualit\u00e9 exceptionnelle de nos produits, nous sommes in\u00e9gal\u00e9s dans la production et la distribution de produits chimiques de recherche.<\/p>\n<p>Nous attachons une grande importance \u00e0 la protection de la vie priv\u00e9e de nos clients et ne faisons aucun compromis \u00e0 ce sujet. Nous utilisons les technologies de s\u00e9curit\u00e9 les plus r\u00e9centes pour chaque transaction. La satisfaction de nos clients est cruciale pour le succ\u00e8s de notre entreprise. EBK Chemicals est une entreprise qui effectue des \u00e9tudes et des analyses approfondies avant de mettre un produit sur le march\u00e9. La puret\u00e9 et la qualit\u00e9 du produit sont les facteurs les plus importants sur lesquels nous ne l\u00e9sinons pas.<\/p>\n<p>Pour toute question ou pr\u00e9occupation, veuillez utiliser notre service client. Nous vous garantissons un traitement rapide de votre demande. <a href=\"https:\/\/en.wikipedia.org\/wiki\/EBK\">Acheter EBK en ligne<\/a>.<\/p>\n<p>Notre marque est celle que les gens choisissent pour plusieurs raisons, notamment l'expertise de l'emballage, les services de livraison dans les d\u00e9lais et la disponibilit\u00e9 des produits dans toutes les quantit\u00e9s. Une fois votre paiement re\u00e7u, votre commande sera approuv\u00e9e.<\/p>","protected":false},"excerpt":{"rendered":"<p>Buy EBK Online, Get EBK Crystal Online. NarcoPowders.com is a well-known online retailer of research chemicals where anyone over the age of 18 can get EBK, which is considered the latest stimulant chemical. It can be purchased as a replacement for N-ethylpentylone and is in large crystal form. It is also known by the names [&hellip;]<\/p>","protected":false},"featured_media":21295,"comment_status":"open","ping_status":"closed","template":"","meta":{"_joinchat":[]},"product_brand":[],"product_cat":[1724,1538],"product_tag":[],"class_list":{"0":"post-20595","1":"product","2":"type-product","3":"status-publish","4":"has-post-thumbnail","6":"product_cat-research-chemicals","7":"product_cat-cannabinoids","9":"first","10":"instock","11":"shipping-taxable","12":"purchasable","13":"product-type-variable","14":"add-to-wishlist-after_add_to_cart"},"yoast_head":"<!-- This site is optimized with the Yoast SEO plugin v25.9 - https:\/\/yoast.com\/wordpress\/plugins\/seo\/ -->\n<title>Buy EBK Online - EBK for Sale - Order EBK | NarcoPowders<\/title>\n<meta name=\"description\" content=\"Looking for high-quality EBK for sale online from a leading chemical store? NarcoPowders is the best place to buy EBK online. Order EBK Now!\" \/>\n<meta name=\"robots\" content=\"index, follow, max-snippet:-1, max-image-preview:large, max-video-preview:-1\" \/>\n<link rel=\"canonical\" href=\"https:\/\/narcopowders.com\/fr\/produit\/acheter-ebk-en-ligne\/\" \/>\n<meta property=\"og:locale\" content=\"fr_FR\" \/>\n<meta property=\"og:type\" content=\"article\" \/>\n<meta property=\"og:title\" content=\"Buy EBK Online - EBK for Sale - Order EBK | NarcoPowders\" \/>\n<meta property=\"og:description\" content=\"Looking for high-quality EBK for sale online from a leading chemical store? NarcoPowders is the best place to buy EBK online. Order EBK Now!\" \/>\n<meta property=\"og:url\" content=\"https:\/\/narcopowders.com\/fr\/produit\/acheter-ebk-en-ligne\/\" \/>\n<meta property=\"og:site_name\" content=\"Narco Powders\" \/>\n<meta property=\"article:modified_time\" content=\"2025-03-26T12:09:41+00:00\" \/>\n<meta property=\"og:image\" content=\"https:\/\/narcopowders.com\/wp-content\/uploads\/2024\/05\/EB-BK.gif\" \/>\n\t<meta property=\"og:image:width\" content=\"600\" \/>\n\t<meta property=\"og:image:height\" content=\"600\" \/>\n\t<meta property=\"og:image:type\" content=\"image\/gif\" \/>\n<meta name=\"twitter:card\" content=\"summary_large_image\" \/>\n<meta name=\"twitter:label1\" content=\"Dur\u00e9e de lecture estim\u00e9e\" \/>\n\t<meta name=\"twitter:data1\" content=\"2 minutes\" \/>\n<!-- \/ Yoast SEO plugin. -->","yoast_head_json":{"title":"Acheter EBK en ligne - EBK \u00e0 vendre - Commander EBK | NarcoPowders","description":"Vous cherchez de l'EBK de haute qualit\u00e9 \u00e0 vendre en ligne dans un magasin de produits chimiques de premier plan ? NarcoPowders est le meilleur endroit pour acheter de l'EBK en ligne. Commander EBK maintenant !","robots":{"index":"index","follow":"follow","max-snippet":"max-snippet:-1","max-image-preview":"max-image-preview:large","max-video-preview":"max-video-preview:-1"},"canonical":"https:\/\/narcopowders.com\/fr\/produit\/acheter-ebk-en-ligne\/","og_locale":"fr_FR","og_type":"article","og_title":"Buy EBK Online - EBK for Sale - Order EBK | NarcoPowders","og_description":"Looking for high-quality EBK for sale online from a leading chemical store? NarcoPowders is the best place to buy EBK online. Order EBK Now!","og_url":"https:\/\/narcopowders.com\/fr\/produit\/acheter-ebk-en-ligne\/","og_site_name":"Narco Powders","article_modified_time":"2025-03-26T12:09:41+00:00","og_image":[{"width":600,"height":600,"url":"https:\/\/narcopowders.com\/wp-content\/uploads\/2024\/05\/EB-BK.gif","type":"image\/gif"}],"twitter_card":"summary_large_image","twitter_misc":{"Dur\u00e9e de lecture estim\u00e9e":"2 minutes"},"schema":{"@context":"https:\/\/schema.org","@graph":[{"@type":"WebPage","@id":"https:\/\/narcopowders.com\/product\/buy-ebk-online\/","url":"https:\/\/narcopowders.com\/product\/buy-ebk-online\/","name":"Acheter EBK en ligne - EBK \u00e0 vendre - Commander EBK | NarcoPowders","isPartOf":{"@id":"https:\/\/narcopowders.com\/#website"},"primaryImageOfPage":{"@id":"https:\/\/narcopowders.com\/product\/buy-ebk-online\/#primaryimage"},"image":{"@id":"https:\/\/narcopowders.com\/product\/buy-ebk-online\/#primaryimage"},"thumbnailUrl":"https:\/\/narcopowders.com\/wp-content\/uploads\/2024\/05\/EB-BK.gif","datePublished":"2024-05-23T06:14:38+00:00","dateModified":"2025-03-26T12:09:41+00:00","description":"Vous cherchez de l'EBK de haute qualit\u00e9 \u00e0 vendre en ligne dans un magasin de produits chimiques de premier plan ? NarcoPowders est le meilleur endroit pour acheter de l'EBK en ligne. Commander EBK maintenant !","breadcrumb":{"@id":"https:\/\/narcopowders.com\/product\/buy-ebk-online\/#breadcrumb"},"inLanguage":"fr-FR","potentialAction":[{"@type":"ReadAction","target":["https:\/\/narcopowders.com\/product\/buy-ebk-online\/"]}]},{"@type":"ImageObject","inLanguage":"fr-FR","@id":"https:\/\/narcopowders.com\/product\/buy-ebk-online\/#primaryimage","url":"https:\/\/narcopowders.com\/wp-content\/uploads\/2024\/05\/EB-BK.gif","contentUrl":"https:\/\/narcopowders.com\/wp-content\/uploads\/2024\/05\/EB-BK.gif","width":600,"height":600,"caption":"Buy EBK Online"},{"@type":"BreadcrumbList","@id":"https:\/\/narcopowders.com\/product\/buy-ebk-online\/#breadcrumb","itemListElement":[{"@type":"ListItem","position":1,"name":"Home","item":"https:\/\/narcopowders.com\/"},{"@type":"ListItem","position":2,"name":"Shop Page","item":"https:\/\/narcopowders.com\/shop\/"},{"@type":"ListItem","position":3,"name":"Buy EBK Online"}]},{"@type":"WebSite","@id":"https:\/\/narcopowders.com\/#website","url":"https:\/\/narcopowders.com\/","name":"Poudres Narco","description":"Mon blog WordPress","potentialAction":[{"@type":"SearchAction","target":{"@type":"EntryPoint","urlTemplate":"https:\/\/narcopowders.com\/?s={search_term_string}"},"query-input":{"@type":"PropertyValueSpecification","valueRequired":true,"valueName":"search_term_string"}}],"inLanguage":"fr-FR"}]}},"_links":{"self":[{"href":"https:\/\/narcopowders.com\/fr\/wp-json\/wp\/v2\/product\/20595","targetHints":{"allow":["GET"]}}],"collection":[{"href":"https:\/\/narcopowders.com\/fr\/wp-json\/wp\/v2\/product"}],"about":[{"href":"https:\/\/narcopowders.com\/fr\/wp-json\/wp\/v2\/types\/product"}],"replies":[{"embeddable":true,"href":"https:\/\/narcopowders.com\/fr\/wp-json\/wp\/v2\/comments?post=20595"}],"wp:featuredmedia":[{"embeddable":true,"href":"https:\/\/narcopowders.com\/fr\/wp-json\/wp\/v2\/media\/21295"}],"wp:attachment":[{"href":"https:\/\/narcopowders.com\/fr\/wp-json\/wp\/v2\/media?parent=20595"}],"wp:term":[{"taxonomy":"product_brand","embeddable":true,"href":"https:\/\/narcopowders.com\/fr\/wp-json\/wp\/v2\/product_brand?post=20595"},{"taxonomy":"product_cat","embeddable":true,"href":"https:\/\/narcopowders.com\/fr\/wp-json\/wp\/v2\/product_cat?post=20595"},{"taxonomy":"product_tag","embeddable":true,"href":"https:\/\/narcopowders.com\/fr\/wp-json\/wp\/v2\/product_tag?post=20595"}],"curies":[{"name":"wp","href":"https:\/\/api.w.org\/{rel}","templated":true}]}}