{"id":20596,"date":"2024-05-23T06:14:38","date_gmt":"2024-05-23T06:14:38","guid":{"rendered":"https:\/\/narcopowders.com\/?post_type=product&#038;p=20596"},"modified":"2025-05-06T07:02:40","modified_gmt":"2025-05-06T07:02:40","slug":"buy-a-pvp-online","status":"publish","type":"product","link":"https:\/\/narcopowders.com\/fr\/product\/buy-a-pvp-online\/","title":{"rendered":"Acheter A-PVP en ligne"},"content":{"rendered":"<h2><strong>Achat A-PVP | Achat PURE A-PVP Discr\u00e8tement en ligne de Narcopowders<\/strong><\/h2>\n<p><a href=\"https:\/\/www.bing.com\/search?q=Buy%20A-PVP%20Online&amp;qs=n&amp;form=QBRE&amp;sp=-1&amp;lq=0&amp;pq=buy%20a-pvp%20online&amp;sc=11-16&amp;sk=&amp;cvid=4E28154F139746CCBA2FB97A8E4FDC63&amp;ghsh=0&amp;ghacc=0&amp;ghpl=\">Acheter A-PVP en ligne<\/a> is a relatively new service and is being closely examined <a tabindex=\"-1\" href=\"https:\/\/en.wikipedia.org\/wiki\/Alpha-Pyrrolidinopentiophenone\" target=\"_blank\" rel=\"noopener\">en.wikipedia.org\/\u2026\/Alpha-Pyrrolidinopentiophenone<\/a>by the media, much like MDPV and \u201cbath salts\u201d were in the beginning of 2011.<\/p>\n<p><a href=\"https:\/\/www.bing.com\/search?q=Buy%20A-PVP%20Online&amp;qs=n&amp;form=QBRE&amp;sp=-1&amp;lq=0&amp;pq=buy%20a-pvp%20online&amp;sc=11-16&amp;sk=&amp;cvid=4E28154F139746CCBA2FB97A8E4FDC63&amp;ghsh=0&amp;ghacc=0&amp;ghpl=\">A-PVP<\/a>, Alpha-PVP, \u03b1-Pyrrolidinopentiophenone, or flakka is another name for <a href=\"https:\/\/www.google.de\/search?q=Buy+A-PVP+Online&amp;sca_esv=1a2a07081c7891bb&amp;rlz=1C1RXQR_enIN1098IN1098&amp;ei=WbfOZ77MHtbe1e8PosiFkQo&amp;ved=0ahUKEwj-3MXpn_-LAxVWb_UHHSJkIaIQ4dUDCBA&amp;uact=5&amp;oq=Buy+A-PVP+Online&amp;gs_lp=Egxnd3Mtd2l6LXNlcnAiEEJ1eSBBLVBWUCBPbmxpbmVIoQdQnANYnANwA3gAkAEAmAHaAaAB2gGqAQMyLTG4AQPIAQD4AQL4AQGYAgCgAgCYAwCIBgGSBwCgB0Q&amp;sclient=gws-wiz-serp\">Buy a-PVP Crystal Powder Online<\/a>Il appartient aux groupes de stimulants synth\u00e9tiques cathinone et pyroval\u00e9rone. Chimiquement parlant, il pr\u00e9sente des similitudes avec d'autres compos\u00e9s pyroval\u00e9rones, tels que le MDPV et les compos\u00e9s cathinone, pr\u00e9sents dans le khat d'Afrique de l'Est. Il se pr\u00e9sente g\u00e9n\u00e9ralement sous forme d'\u00e9normes \u00e9clats de cristal ou de poudre cristalline que les consommateurs peuvent ing\u00e9rer pour produire des effets similaires \u00e0 ceux de la coca\u00efne et de l'amph\u00e9tamine.<\/p>\n<p>Buy crystals for <a href=\"https:\/\/www.google.de\/search?q=Buy+A-PVP+Online&amp;sca_esv=1a2a07081c7891bb&amp;rlz=1C1RXQR_enIN1098IN1098&amp;ei=WbfOZ77MHtbe1e8PosiFkQo&amp;ved=0ahUKEwj-3MXpn_-LAxVWb_UHHSJkIaIQ4dUDCBA&amp;uact=5&amp;oq=Buy+A-PVP+Online&amp;gs_lp=Egxnd3Mtd2l6LXNlcnAiEEJ1eSBBLVBWUCBPbmxpbmVIoQdQnANYnANwA3gAkAEAmAHaAaAB2gGqAQMyLTG4AQPIAQD4AQL4AQGYAgCgAgCYAwCIBgGSBwCgB0Q&amp;sclient=gws-wiz-serp\">A-PVP online<\/a>. La poudre est un produit relativement nouveau qui fait l'objet d'un examen minutieux de la part des m\u00e9dias, tout comme le MDPV et les \"sels de bain\" au d\u00e9but de l'ann\u00e9e 2011. Elle est souvent produite en masse en Chine et vendue en ligne par des vendeurs comme produit chimique de recherche.<\/p>\n<h3><strong>impacts des cristaux d'alpha-PVP sur le plan physique<\/strong><\/h3>\n<p>Exp\u00e9riences tactiles inattendues Le corps entier est recouvert d'une sensation de picotement euphorique mod\u00e9r\u00e9e \u00e0 intense que l'on appelle le \"body high\" de l'\u03b1-PVP. \u00c0 des doses plus importantes, cette sensation peut devenir accablante. Cette sensation est constante tout au long de l'exp\u00e9rience, augmentant d'abord graduellement et atteignant un maximum avant de s'estomper. <a href=\"https:\/\/narcopowders.com\/fr\/\">Narco Powders.<\/a><\/p>\n<p>Excitation Regarding its impact on the physical energy levels of the user, <a href=\"https:\/\/duckduckgo.com\/?q=Buy+A-PVP+Online&amp;t=h_&amp;ia=web\">\u03b1-PVP<\/a> is thought to be incredibly energizing and stimulating. This promotes physical activity like dancing, climbing, and running.<\/p>\n<h3>Acheter a-PVP chez RC-CHEMS.ORG - Parce que la qualit\u00e9 compte !<\/h3>\n<p><strong><a href=\"https:\/\/duckduckgo.com\/?q=Buy+A-PVP+Online&amp;t=h_&amp;ia=web\">Achetez un PVP en ligne<\/a><\/strong> par des entreprises chimiques europ\u00e9ennes de premier plan, avec une puret\u00e9 minimale garantie de 98%+. Nous pouvons fournir un COA pour chaque lot produit de tous nos produits chimiques de recherche !<\/p>\n<h3>Substances actives dans l'a-PVP<\/h3>\n<p>Contient\u00a0<strong>un gramme d'a-PVP pure min 98%+.<\/strong>\u00a0par unit\u00e9 de commande.<\/p>\n<h3>Dosage de l'a-PVP<\/h3>\n<p>Il n'y a pas de dose recommand\u00e9e puisque\u00a0<strong>a-PVP<\/strong>\u00a0n'est pas destin\u00e9 \u00e0 la consommation humaine mais est vendu uniquement en tant que produit chimique de recherche \u00e0 des fins de recherche.<\/p>\n<h3>Effets de l'a-PVP :<\/h3>\n<p>Les effets cliniques de la plupart des nouvelles\u00a0<strong>drogues de synth\u00e8se<\/strong>\u00a0comme\u00a0<strong>a-PVP<\/strong>\u00a0peuvent \u00eatre d\u00e9crits comme hallucinog\u00e8nes, stimulants ou opio\u00efdes. Ils peuvent \u00e9galement avoir une combinaison de ces effets gr\u00e2ce \u00e0 des substitutions de cha\u00eenes lat\u00e9rales.<\/p>\n<h3>Effets secondaires de l'a-PVP<\/h3>\n<p>Comme d'autres drogues de synth\u00e8se, l'utilisation de\u00a0<a href=\"https:\/\/narcopowders.com\/fr\/produit\/acheter-un-pvp-en-ligne\/\"><strong>a-PVP<\/strong><\/a>\u00a0peut provoquer des effets secondaires importants ; la substance n'est pas test\u00e9e cliniquement et n'est en aucun cas autoris\u00e9e en tant que produit de consommation ! Par cons\u00e9quent, le a-PVP n'est PAS destin\u00e9 \u00e0 la consommation humaine, mais uniquement \u00e0 la recherche scientifique !<\/p>\n<h3>Comment conserver l'a-PVP<\/h3>\n<p>Conserver l'a-PVP \u00e0 une temp\u00e9rature inf\u00e9rieure \u00e0 30 degr\u00e9s Celsius. Conserver l'a-PVP dans son emballage d'origine, \u00e0 l'abri de la lumi\u00e8re directe du soleil et de l'humidit\u00e9.<\/p>","protected":false},"excerpt":{"rendered":"<p>Stimulant synth\u00e9tique de la classe des cathinones, l'\u03b1-pyrrolidinopentioph\u00e9none (\u00e9galement appel\u00e9e \u03b1-pyrrolidinovaleroph\u00e9none, \u03b1-PVP, O-2387, \u03b2-c\u00e9to-prolintane, prolintanone ou desm\u00e9thylpyroval\u00e9rone) a \u00e9t\u00e9 cr\u00e9\u00e9e dans les ann\u00e9es 1960 et commercialis\u00e9e en tant que drogue de synth\u00e8se. Il est fr\u00e9quemment utilis\u00e9 \u00e0 des fins r\u00e9cr\u00e9atives.<\/p>","protected":false},"featured_media":21293,"comment_status":"open","ping_status":"closed","template":"","meta":{"_joinchat":[]},"product_brand":[],"product_cat":[1724,1538],"product_tag":[],"class_list":{"0":"post-20596","1":"product","2":"type-product","3":"status-publish","4":"has-post-thumbnail","6":"product_cat-research-chemicals","7":"product_cat-cannabinoids","9":"first","10":"instock","11":"shipping-taxable","12":"purchasable","13":"product-type-variable","14":"add-to-wishlist-after_add_to_cart"},"yoast_head":"<!-- This site is optimized with the Yoast SEO plugin v27.5 - https:\/\/yoast.com\/product\/yoast-seo-wordpress\/ -->\n<title>Buy A-PVP Online - A-PVP Powder for Sale<\/title>\n<meta name=\"description\" content=\"You can buy a-pvp online at the best prices from our online store. We have cheap and high-quality a-pvp powder for sale and providing worldwide delivery. You can order from anytime, anywhere.\" \/>\n<meta name=\"robots\" content=\"index, follow, max-snippet:-1, max-image-preview:large, max-video-preview:-1\" \/>\n<link rel=\"canonical\" href=\"https:\/\/narcopowders.com\/fr\/produit\/acheter-un-pvp-en-ligne\/\" \/>\n<meta property=\"og:locale\" content=\"fr_FR\" \/>\n<meta property=\"og:type\" content=\"article\" \/>\n<meta property=\"og:title\" content=\"Buy A-PVP Online - A-PVP Powder for Sale\" \/>\n<meta property=\"og:description\" content=\"You can buy a-pvp online at the best prices from our online store. We have cheap and high-quality a-pvp powder for sale and providing worldwide delivery. You can order from anytime, anywhere.\" \/>\n<meta property=\"og:url\" content=\"https:\/\/narcopowders.com\/fr\/produit\/acheter-un-pvp-en-ligne\/\" \/>\n<meta property=\"og:site_name\" content=\"Narco Powders\" \/>\n<meta property=\"article:modified_time\" content=\"2025-05-06T07:02:40+00:00\" \/>\n<meta property=\"og:image\" content=\"https:\/\/narcopowders.com\/wp-content\/uploads\/2024\/05\/APVP.gif\" \/>\n\t<meta property=\"og:image:width\" content=\"600\" \/>\n\t<meta property=\"og:image:height\" content=\"600\" \/>\n\t<meta property=\"og:image:type\" content=\"image\/gif\" \/>\n<meta name=\"twitter:card\" content=\"summary_large_image\" \/>\n<meta name=\"twitter:label1\" content=\"Dur\u00e9e de lecture estim\u00e9e\" \/>\n\t<meta name=\"twitter:data1\" content=\"3 minutes\" \/>\n<!-- \/ Yoast SEO plugin. -->","yoast_head_json":{"title":"Acheter A-PVP en ligne - A-PVP en poudre \u00e0 vendre","description":"Vous pouvez acheter de l'a-pvp en ligne aux meilleurs prix dans notre magasin en ligne. Nous avons de la poudre d'a-pvp bon march\u00e9 et de haute qualit\u00e9 \u00e0 vendre et nous fournissons des livraisons dans le monde entier. Vous pouvez commander \u00e0 tout moment, n'importe o\u00f9.","robots":{"index":"index","follow":"follow","max-snippet":"max-snippet:-1","max-image-preview":"max-image-preview:large","max-video-preview":"max-video-preview:-1"},"canonical":"https:\/\/narcopowders.com\/fr\/produit\/acheter-un-pvp-en-ligne\/","og_locale":"fr_FR","og_type":"article","og_title":"Buy A-PVP Online - A-PVP Powder for Sale","og_description":"You can buy a-pvp online at the best prices from our online store. We have cheap and high-quality a-pvp powder for sale and providing worldwide delivery. You can order from anytime, anywhere.","og_url":"https:\/\/narcopowders.com\/fr\/produit\/acheter-un-pvp-en-ligne\/","og_site_name":"Narco Powders","article_modified_time":"2025-05-06T07:02:40+00:00","og_image":[{"width":600,"height":600,"url":"https:\/\/narcopowders.com\/wp-content\/uploads\/2024\/05\/APVP.gif","type":"image\/gif"}],"twitter_card":"summary_large_image","twitter_misc":{"Dur\u00e9e de lecture estim\u00e9e":"3 minutes"},"schema":{"@context":"https:\/\/schema.org","@graph":[{"@type":"WebPage","@id":"https:\/\/narcopowders.com\/product\/buy-a-pvp-online\/","url":"https:\/\/narcopowders.com\/product\/buy-a-pvp-online\/","name":"Acheter A-PVP en ligne - A-PVP en poudre \u00e0 vendre","isPartOf":{"@id":"https:\/\/narcopowders.com\/#website"},"primaryImageOfPage":{"@id":"https:\/\/narcopowders.com\/product\/buy-a-pvp-online\/#primaryimage"},"image":{"@id":"https:\/\/narcopowders.com\/product\/buy-a-pvp-online\/#primaryimage"},"thumbnailUrl":"https:\/\/narcopowders.com\/wp-content\/uploads\/2024\/05\/APVP.gif","datePublished":"2024-05-23T06:14:38+00:00","dateModified":"2025-05-06T07:02:40+00:00","description":"Vous pouvez acheter de l'a-pvp en ligne aux meilleurs prix dans notre magasin en ligne. Nous avons de la poudre d'a-pvp bon march\u00e9 et de haute qualit\u00e9 \u00e0 vendre et nous fournissons des livraisons dans le monde entier. Vous pouvez commander \u00e0 tout moment, n'importe o\u00f9.","breadcrumb":{"@id":"https:\/\/narcopowders.com\/product\/buy-a-pvp-online\/#breadcrumb"},"inLanguage":"fr-FR","potentialAction":[{"@type":"ReadAction","target":["https:\/\/narcopowders.com\/product\/buy-a-pvp-online\/"]}]},{"@type":"ImageObject","inLanguage":"fr-FR","@id":"https:\/\/narcopowders.com\/product\/buy-a-pvp-online\/#primaryimage","url":"https:\/\/narcopowders.com\/wp-content\/uploads\/2024\/05\/APVP.gif","contentUrl":"https:\/\/narcopowders.com\/wp-content\/uploads\/2024\/05\/APVP.gif","width":600,"height":600,"caption":"Buy A-PVP Online"},{"@type":"BreadcrumbList","@id":"https:\/\/narcopowders.com\/product\/buy-a-pvp-online\/#breadcrumb","itemListElement":[{"@type":"ListItem","position":1,"name":"Home","item":"https:\/\/narcopowders.com\/"},{"@type":"ListItem","position":2,"name":"Shop Page","item":"https:\/\/narcopowders.com\/shop\/"},{"@type":"ListItem","position":3,"name":"Buy A-PVP Online"}]},{"@type":"WebSite","@id":"https:\/\/narcopowders.com\/#website","url":"https:\/\/narcopowders.com\/","name":"Poudres Narco","description":"Mon blog WordPress","potentialAction":[{"@type":"SearchAction","target":{"@type":"EntryPoint","urlTemplate":"https:\/\/narcopowders.com\/?s={search_term_string}"},"query-input":{"@type":"PropertyValueSpecification","valueRequired":true,"valueName":"search_term_string"}}],"inLanguage":"fr-FR"}]}},"_links":{"self":[{"href":"https:\/\/narcopowders.com\/fr\/wp-json\/wp\/v2\/product\/20596","targetHints":{"allow":["GET"]}}],"collection":[{"href":"https:\/\/narcopowders.com\/fr\/wp-json\/wp\/v2\/product"}],"about":[{"href":"https:\/\/narcopowders.com\/fr\/wp-json\/wp\/v2\/types\/product"}],"replies":[{"embeddable":true,"href":"https:\/\/narcopowders.com\/fr\/wp-json\/wp\/v2\/comments?post=20596"}],"wp:featuredmedia":[{"embeddable":true,"href":"https:\/\/narcopowders.com\/fr\/wp-json\/wp\/v2\/media\/21293"}],"wp:attachment":[{"href":"https:\/\/narcopowders.com\/fr\/wp-json\/wp\/v2\/media?parent=20596"}],"wp:term":[{"taxonomy":"product_brand","embeddable":true,"href":"https:\/\/narcopowders.com\/fr\/wp-json\/wp\/v2\/product_brand?post=20596"},{"taxonomy":"product_cat","embeddable":true,"href":"https:\/\/narcopowders.com\/fr\/wp-json\/wp\/v2\/product_cat?post=20596"},{"taxonomy":"product_tag","embeddable":true,"href":"https:\/\/narcopowders.com\/fr\/wp-json\/wp\/v2\/product_tag?post=20596"}],"curies":[{"name":"wp","href":"https:\/\/api.w.org\/{rel}","templated":true}]}}